{"id":170383,"date":"2024-07-12T14:36:22","date_gmt":"2024-07-12T12:36:22","guid":{"rendered":"https:\/\/rendez-vous-store.com\/?post_type=product&#038;p=170383"},"modified":"2026-03-16T17:51:45","modified_gmt":"2026-03-16T16:51:45","slug":"salomon-women-shoes-x-alp-ltr-black-black-asphalt","status":"publish","type":"product","link":"https:\/\/rendez-vous-store.com\/fr\/shop\/special-offer-women-rendez-vous-store\/women-shoes-special-offer\/salomon-women-shoes-x-alp-ltr-black-black-asphalt\/","title":{"rendered":"Salomon - Chaussures Femme X-ALP LTR - Noir\/Noir\/Asphalte"},"content":{"rendered":"<h4>Salomon Chaussures Femme X-ALP LTR Noir\/Noir\/Asphalte<\/h4>\n<p>Couleur : Noir\/Noir\/Asphalte<\/p>\n<div><\/div>\n<div class=\"PropertyItem_wrapper_1GZ_b\">\n<p><span class=\"PropertyItem_label_39ZZn\"><strong>Sup\u00e9rieure<\/strong><\/span><\/p>\n<p class=\"\"><span class=\"PropertyItem_value_2D-vk\">Daim<\/span>: cuir coup\u00e9 \u00e0 l'arri\u00e8re, les fibres restant \u00e0 la surface, le daim est moins sujet aux d\u00e9gradations que le nubuck.<\/p>\n<p class=\"\"><span class=\"PropertyItem_value_2D-vk\">Mati\u00e8res synth\u00e9tiques<\/span>Les fibres synth\u00e9tiques : contrairement aux textiles, les fibres synth\u00e9tiques sont plus r\u00e9sistantes, plus durables et s\u00e8chent plus rapidement.<\/p>\n<\/div>\n<div class=\"PropertyItem_wrapper_1GZ_b\">\n<p><span class=\"PropertyItem_label_39ZZn\"><strong>Semelle<\/strong><\/span><\/p>\n<p class=\"\"><span class=\"PropertyItem_value_2D-vk\">Contagrip<\/span>: Salomon met un point d'honneur \u00e0 rendre ses chaussures de sport aussi fiables que possible, quel que soit le temps ou la surface. L'adaptabilit\u00e9 \u00e0 toutes les conditions est assur\u00e9e par la semelle Contagrip, qui repose sur un m\u00e9lange soigneusement \u00e9quilibr\u00e9 de densit\u00e9, de compos\u00e9s et de g\u00e9om\u00e9trie.<\/p>\n<\/div>\n<p>&nbsp;<\/p>\n<p><strong>Taille : UK<\/strong><\/p>\n<p>&nbsp;<\/p>\n<p>&nbsp;<\/p>\n<p>&nbsp;<\/p>\n<h4>La marque<\/h4>\n<p>Salomon, marque fran\u00e7aise fond\u00e9e en 1947 par Fran\u00e7ois Salomon et sa famille, est sp\u00e9cialis\u00e9e dans les \u00e9quipements et v\u00eatements de sports de plein air. Connue pour ses chaussures de haute performance, son mat\u00e9riel de ski, de snowboard et de randonn\u00e9e, elle est leader de l'industrie mondiale des sports de plein air.<\/p>\n<p>Les produits innovants et de haute qualit\u00e9 de la marque s'adressent aux amateurs d'activit\u00e9s de plein air de tous niveaux. Salomon propose une large gamme d'articles, du mat\u00e9riel de course \u00e0 pied et de randonn\u00e9e au mat\u00e9riel de ski et d'alpinisme.<\/p>\n<p>Les chaussures de trail running de Salomon sont des produits phares. Leur conception l\u00e9g\u00e8re, leur adh\u00e9rence sup\u00e9rieure et leur durabilit\u00e9 en font un choix de premier ordre pour les coureurs de trail et les athl\u00e8tes de plein air.<\/p>\n<p>Au-del\u00e0 des chaussures, Salomon cr\u00e9e une gamme compl\u00e8te de v\u00eatements et d'\u00e9quipements de plein air. La collection comprend des vestes, des pantalons, des sacs \u00e0 dos et des accessoires. Chaque article est fabriqu\u00e9 avec une attention particuli\u00e8re aux d\u00e9tails et test\u00e9 dans des conditions r\u00e9elles pour une performance maximale.<\/p>\n<p>L'engagement de la marque en faveur de l'innovation et de la qualit\u00e9 lui a valu une client\u00e8le fid\u00e8le. Les amateurs d'activit\u00e9s de plein air, les athl\u00e8tes et les professionnels font confiance \u00e0 Salomon pour conqu\u00e9rir les sentiers, les pentes et les montagnes. L'\u00e9quipement Salomon assure confiance et style dans toutes les aventures de plein air.<\/p>","protected":false},"excerpt":{"rendered":"<p>Salomon Women Shoes X-ALP LTR Black\/Black\/Asphalt Color: Black\/Black\/Asphalt Upper Suede:\u00a0leather cut from the back, while the fibers remain on the surface, suede is less prone to damage than nubuck. Synthetics:\u00a0unlike textile, synthetic fibers are stronger, more durable and quick-drying. Sole Contagrip\u00ae:\u00a0Salomon takes pride in making their sneakers as reliable as possible, no matter the weather&hellip; <a class=\"more-link\" href=\"https:\/\/rendez-vous-store.com\/fr\/shop\/special-offer-women-rendez-vous-store\/women-shoes-special-offer\/salomon-women-shoes-x-alp-ltr-black-black-asphalt\/\">Continuer la lecture <span class=\"screen-reader-text\">Salomon - Chaussures Femme X-ALP LTR - Noir\/Noir\/Asphalte<\/span><\/a><\/p>","protected":false},"featured_media":170931,"template":"","meta":{"_acf_changed":false},"product_brand":[],"product_cat":[1292,1313,1344,1335,1304,17,293],"product_tag":[704],"class_list":{"0":"post-170383","1":"product","2":"type-product","3":"status-publish","4":"has-post-thumbnail","6":"product_cat-1292","7":"product_cat-unisex-shoes-rendez-vous-store","8":"product_cat-women-shoes-special-offer","9":"product_cat-special-offer-women-rendez-vous-store","10":"product_cat-unisex-rendez-vous-store","11":"product_cat-women","12":"product_cat-women-shoes-heels-discover-our-selection-rendez-vous-store","13":"product_tag-salomon","14":"entry","16":"first","17":"outofstock","18":"taxable","19":"shipping-taxable","20":"product-type-variable","21":"has-default-attributes"},"acf":[],"yoast_head":"<!-- This site is optimized with the Yoast SEO plugin v24.9 - https:\/\/yoast.com\/wordpress\/plugins\/seo\/ -->\n<title>Salomon - Women Shoes X-ALP LTR - Black\/Black\/Asphalt - RENDEZ-VOUS STORE<\/title>\n<meta name=\"robots\" content=\"index, follow, max-snippet:-1, max-image-preview:large, max-video-preview:-1\" \/>\n<link rel=\"canonical\" href=\"https:\/\/rendez-vous-store.com\/fr\/shop\/special-offer-women-rendez-vous-store\/women-shoes-special-offer\/salomon-women-shoes-x-alp-ltr-black-black-asphalt\/\" \/>\n<meta property=\"og:locale\" content=\"fr_FR\" \/>\n<meta property=\"og:type\" content=\"article\" \/>\n<meta property=\"og:title\" content=\"Salomon - Women Shoes X-ALP LTR - Black\/Black\/Asphalt - RENDEZ-VOUS STORE\" \/>\n<meta property=\"og:description\" content=\"Salomon Women Shoes X-ALP LTR Black\/Black\/Asphalt Color: Black\/Black\/Asphalt Upper Suede:\u00a0leather cut from the back, while the fibers remain on the surface, suede is less prone to damage than nubuck. Synthetics:\u00a0unlike textile, synthetic fibers are stronger, more durable and quick-drying. Sole Contagrip\u00ae:\u00a0Salomon takes pride in making their sneakers as reliable as possible, no matter the weather&hellip; Continue reading Salomon &#8211; Women Shoes X-ALP LTR &#8211; Black\/Black\/Asphalt\" \/>\n<meta property=\"og:url\" content=\"https:\/\/rendez-vous-store.com\/fr\/shop\/special-offer-women-rendez-vous-store\/women-shoes-special-offer\/salomon-women-shoes-x-alp-ltr-black-black-asphalt\/\" \/>\n<meta property=\"og:site_name\" content=\"RENDEZ-VOUS STORE\" \/>\n<meta property=\"article:modified_time\" content=\"2026-03-16T16:51:45+00:00\" \/>\n<meta property=\"og:image\" content=\"https:\/\/rendez-vous-store.com\/wp-content\/uploads\/2024\/07\/vrrere.webp\" \/>\n\t<meta property=\"og:image:width\" content=\"1696\" \/>\n\t<meta property=\"og:image:height\" content=\"2560\" \/>\n\t<meta property=\"og:image:type\" content=\"image\/webp\" \/>\n<meta name=\"twitter:card\" content=\"summary_large_image\" \/>\n<meta name=\"twitter:label1\" content=\"Est. reading time\" \/>\n\t<meta name=\"twitter:data1\" content=\"2 minutes\" \/>\n<script type=\"application\/ld+json\" class=\"yoast-schema-graph\">{\"@context\":\"https:\/\/schema.org\",\"@graph\":[{\"@type\":\"WebPage\",\"@id\":\"https:\/\/rendez-vous-store.com\/shop\/special-offer-women-rendez-vous-store\/women-shoes-special-offer\/salomon-women-shoes-x-alp-ltr-black-black-asphalt\/\",\"url\":\"https:\/\/rendez-vous-store.com\/shop\/special-offer-women-rendez-vous-store\/women-shoes-special-offer\/salomon-women-shoes-x-alp-ltr-black-black-asphalt\/\",\"name\":\"Salomon - Women Shoes X-ALP LTR - Black\/Black\/Asphalt - RENDEZ-VOUS STORE\",\"isPartOf\":{\"@id\":\"https:\/\/rendez-vous-store.com\/#website\"},\"primaryImageOfPage\":{\"@id\":\"https:\/\/rendez-vous-store.com\/shop\/special-offer-women-rendez-vous-store\/women-shoes-special-offer\/salomon-women-shoes-x-alp-ltr-black-black-asphalt\/#primaryimage\"},\"image\":{\"@id\":\"https:\/\/rendez-vous-store.com\/shop\/special-offer-women-rendez-vous-store\/women-shoes-special-offer\/salomon-women-shoes-x-alp-ltr-black-black-asphalt\/#primaryimage\"},\"thumbnailUrl\":\"https:\/\/rendez-vous-store.com\/app\/uploads\/2024\/07\/vrrere.webp\",\"datePublished\":\"2024-07-12T12:36:22+00:00\",\"dateModified\":\"2026-03-16T16:51:45+00:00\",\"breadcrumb\":{\"@id\":\"https:\/\/rendez-vous-store.com\/shop\/special-offer-women-rendez-vous-store\/women-shoes-special-offer\/salomon-women-shoes-x-alp-ltr-black-black-asphalt\/#breadcrumb\"},\"inLanguage\":\"fr-FR\",\"potentialAction\":[{\"@type\":\"ReadAction\",\"target\":[\"https:\/\/rendez-vous-store.com\/shop\/special-offer-women-rendez-vous-store\/women-shoes-special-offer\/salomon-women-shoes-x-alp-ltr-black-black-asphalt\/\"]}]},{\"@type\":\"ImageObject\",\"inLanguage\":\"fr-FR\",\"@id\":\"https:\/\/rendez-vous-store.com\/shop\/special-offer-women-rendez-vous-store\/women-shoes-special-offer\/salomon-women-shoes-x-alp-ltr-black-black-asphalt\/#primaryimage\",\"url\":\"https:\/\/rendez-vous-store.com\/app\/uploads\/2024\/07\/vrrere.webp\",\"contentUrl\":\"https:\/\/rendez-vous-store.com\/app\/uploads\/2024\/07\/vrrere.webp\",\"width\":1696,\"height\":2560,\"caption\":\"Salomon - Women Shoes X-ALP LTR - Black\/Black\/Asphalt\"},{\"@type\":\"BreadcrumbList\",\"@id\":\"https:\/\/rendez-vous-store.com\/shop\/special-offer-women-rendez-vous-store\/women-shoes-special-offer\/salomon-women-shoes-x-alp-ltr-black-black-asphalt\/#breadcrumb\",\"itemListElement\":[{\"@type\":\"ListItem\",\"position\":1,\"name\":\"Home\",\"item\":\"https:\/\/rendez-vous-store.com\/\"},{\"@type\":\"ListItem\",\"position\":2,\"name\":\"Shop\",\"item\":\"https:\/\/www.rendez-vous-store.com\/shop\/\"},{\"@type\":\"ListItem\",\"position\":3,\"name\":\"Salomon &#8211; Women Shoes X-ALP LTR &#8211; Black\/Black\/Asphalt\"}]},{\"@type\":\"WebSite\",\"@id\":\"https:\/\/rendez-vous-store.com\/#website\",\"url\":\"https:\/\/rendez-vous-store.com\/\",\"name\":\"RENDEZ-VOUS STORE\",\"description\":\"Slow Fashion for Women and Men\",\"potentialAction\":[{\"@type\":\"SearchAction\",\"target\":{\"@type\":\"EntryPoint\",\"urlTemplate\":\"https:\/\/rendez-vous-store.com\/?s={search_term_string}\"},\"query-input\":{\"@type\":\"PropertyValueSpecification\",\"valueRequired\":true,\"valueName\":\"search_term_string\"}}],\"inLanguage\":\"fr-FR\"}]}<\/script>\n<!-- \/ Yoast SEO plugin. -->","yoast_head_json":{"title":"Salomon - Women Shoes X-ALP LTR - Black\/Black\/Asphalt - RENDEZ-VOUS STORE","robots":{"index":"index","follow":"follow","max-snippet":"max-snippet:-1","max-image-preview":"max-image-preview:large","max-video-preview":"max-video-preview:-1"},"canonical":"https:\/\/rendez-vous-store.com\/fr\/shop\/special-offer-women-rendez-vous-store\/women-shoes-special-offer\/salomon-women-shoes-x-alp-ltr-black-black-asphalt\/","og_locale":"fr_FR","og_type":"article","og_title":"Salomon - Women Shoes X-ALP LTR - Black\/Black\/Asphalt - RENDEZ-VOUS STORE","og_description":"Salomon Women Shoes X-ALP LTR Black\/Black\/Asphalt Color: Black\/Black\/Asphalt Upper Suede:\u00a0leather cut from the back, while the fibers remain on the surface, suede is less prone to damage than nubuck. Synthetics:\u00a0unlike textile, synthetic fibers are stronger, more durable and quick-drying. Sole Contagrip\u00ae:\u00a0Salomon takes pride in making their sneakers as reliable as possible, no matter the weather&hellip; Continue reading Salomon &#8211; Women Shoes X-ALP LTR &#8211; Black\/Black\/Asphalt","og_url":"https:\/\/rendez-vous-store.com\/fr\/shop\/special-offer-women-rendez-vous-store\/women-shoes-special-offer\/salomon-women-shoes-x-alp-ltr-black-black-asphalt\/","og_site_name":"RENDEZ-VOUS STORE","article_modified_time":"2026-03-16T16:51:45+00:00","og_image":[{"width":1696,"height":2560,"url":"https:\/\/rendez-vous-store.com\/wp-content\/uploads\/2024\/07\/vrrere.webp","type":"image\/webp"}],"twitter_card":"summary_large_image","twitter_misc":{"Est. reading time":"2 minutes"},"schema":{"@context":"https:\/\/schema.org","@graph":[{"@type":"WebPage","@id":"https:\/\/rendez-vous-store.com\/shop\/special-offer-women-rendez-vous-store\/women-shoes-special-offer\/salomon-women-shoes-x-alp-ltr-black-black-asphalt\/","url":"https:\/\/rendez-vous-store.com\/shop\/special-offer-women-rendez-vous-store\/women-shoes-special-offer\/salomon-women-shoes-x-alp-ltr-black-black-asphalt\/","name":"Salomon - Women Shoes X-ALP LTR - Black\/Black\/Asphalt - RENDEZ-VOUS STORE","isPartOf":{"@id":"https:\/\/rendez-vous-store.com\/#website"},"primaryImageOfPage":{"@id":"https:\/\/rendez-vous-store.com\/shop\/special-offer-women-rendez-vous-store\/women-shoes-special-offer\/salomon-women-shoes-x-alp-ltr-black-black-asphalt\/#primaryimage"},"image":{"@id":"https:\/\/rendez-vous-store.com\/shop\/special-offer-women-rendez-vous-store\/women-shoes-special-offer\/salomon-women-shoes-x-alp-ltr-black-black-asphalt\/#primaryimage"},"thumbnailUrl":"https:\/\/rendez-vous-store.com\/app\/uploads\/2024\/07\/vrrere.webp","datePublished":"2024-07-12T12:36:22+00:00","dateModified":"2026-03-16T16:51:45+00:00","breadcrumb":{"@id":"https:\/\/rendez-vous-store.com\/shop\/special-offer-women-rendez-vous-store\/women-shoes-special-offer\/salomon-women-shoes-x-alp-ltr-black-black-asphalt\/#breadcrumb"},"inLanguage":"fr-FR","potentialAction":[{"@type":"ReadAction","target":["https:\/\/rendez-vous-store.com\/shop\/special-offer-women-rendez-vous-store\/women-shoes-special-offer\/salomon-women-shoes-x-alp-ltr-black-black-asphalt\/"]}]},{"@type":"ImageObject","inLanguage":"fr-FR","@id":"https:\/\/rendez-vous-store.com\/shop\/special-offer-women-rendez-vous-store\/women-shoes-special-offer\/salomon-women-shoes-x-alp-ltr-black-black-asphalt\/#primaryimage","url":"https:\/\/rendez-vous-store.com\/app\/uploads\/2024\/07\/vrrere.webp","contentUrl":"https:\/\/rendez-vous-store.com\/app\/uploads\/2024\/07\/vrrere.webp","width":1696,"height":2560,"caption":"Salomon - Women Shoes X-ALP LTR - Black\/Black\/Asphalt"},{"@type":"BreadcrumbList","@id":"https:\/\/rendez-vous-store.com\/shop\/special-offer-women-rendez-vous-store\/women-shoes-special-offer\/salomon-women-shoes-x-alp-ltr-black-black-asphalt\/#breadcrumb","itemListElement":[{"@type":"ListItem","position":1,"name":"Home","item":"https:\/\/rendez-vous-store.com\/"},{"@type":"ListItem","position":2,"name":"Shop","item":"https:\/\/www.rendez-vous-store.com\/shop\/"},{"@type":"ListItem","position":3,"name":"Salomon &#8211; Women Shoes X-ALP LTR &#8211; Black\/Black\/Asphalt"}]},{"@type":"WebSite","@id":"https:\/\/rendez-vous-store.com\/#website","url":"https:\/\/rendez-vous-store.com\/","name":"RENDEZ-VOUS STORE","description":"Slow Fashion for Women and Men","potentialAction":[{"@type":"SearchAction","target":{"@type":"EntryPoint","urlTemplate":"https:\/\/rendez-vous-store.com\/?s={search_term_string}"},"query-input":{"@type":"PropertyValueSpecification","valueRequired":true,"valueName":"search_term_string"}}],"inLanguage":"fr-FR"}]}},"_links":{"self":[{"href":"https:\/\/rendez-vous-store.com\/fr\/wp-json\/wp\/v2\/product\/170383","targetHints":{"allow":["GET"]}}],"collection":[{"href":"https:\/\/rendez-vous-store.com\/fr\/wp-json\/wp\/v2\/product"}],"about":[{"href":"https:\/\/rendez-vous-store.com\/fr\/wp-json\/wp\/v2\/types\/product"}],"wp:featuredmedia":[{"embeddable":true,"href":"https:\/\/rendez-vous-store.com\/fr\/wp-json\/wp\/v2\/media\/170931"}],"wp:attachment":[{"href":"https:\/\/rendez-vous-store.com\/fr\/wp-json\/wp\/v2\/media?parent=170383"}],"wp:term":[{"taxonomy":"product_brand","embeddable":true,"href":"https:\/\/rendez-vous-store.com\/fr\/wp-json\/wp\/v2\/product_brand?post=170383"},{"taxonomy":"product_cat","embeddable":true,"href":"https:\/\/rendez-vous-store.com\/fr\/wp-json\/wp\/v2\/product_cat?post=170383"},{"taxonomy":"product_tag","embeddable":true,"href":"https:\/\/rendez-vous-store.com\/fr\/wp-json\/wp\/v2\/product_tag?post=170383"}],"curies":[{"name":"wp","href":"https:\/\/api.w.org\/{rel}","templated":true}]}}