{"id":168920,"date":"2024-06-18T14:29:24","date_gmt":"2024-06-18T12:29:24","guid":{"rendered":"https:\/\/rendez-vous-store.com\/?post_type=product&#038;p=168920"},"modified":"2026-03-16T17:47:40","modified_gmt":"2026-03-16T16:47:40","slug":"and-wander-light-stretch-shell-jacket-black-rendez-vous-store","status":"publish","type":"product","link":"https:\/\/rendez-vous-store.com\/fr\/shop\/special-offer-men-rendez-vous-store\/men-coat-and-jacket-special-offer\/and-wander-light-stretch-shell-jacket-black-rendez-vous-store\/","title":{"rendered":"And Wander - Light Stretch Shell Jacket - Noir"},"content":{"rendered":"<p><strong>And Wander Light Stretch Shell Jacket Noir<\/strong><\/p>\n<p>Couleur : Noir<\/p>\n<p>Capuche r\u00e9glable avec dentelle<\/p>\n<p>Excellente extensibilit\u00e9<\/p>\n<p>Mat\u00e9riau hydrofuge<\/p>\n<p>Fermeture \u00e0 glissi\u00e8re<\/p>\n<p>Deux grandes poches sur le c\u00f4t\u00e9<\/p>\n<p>Poignets r\u00e9glables<\/p>\n<p>Composition : 90% polyester - 10% polyur\u00e9thane<\/p>\n<p>Fabriqu\u00e9 en Chine<\/p>\n<p>&nbsp;<\/p>\n<p>&nbsp;<\/p>\n<h4>La marque<\/h4>\n<div class=\"flex-1 overflow-hidden\">\n<div class=\"react-scroll-to-bottom--css-kaydj-79elbk h-full\">\n<div class=\"react-scroll-to-bottom--css-kaydj-1n7m0yu\">\n<div class=\"flex flex-col text-sm pb-9\">\n<div class=\"w-full text-token-text-primary\" data-testid=\"conversation-turn-65\">\n<div class=\"px-4 py-2 justify-center text-base md:gap-6 m-auto\">\n<div class=\"flex flex-1 text-base mx-auto gap-3 md:px-5 lg:px-1 xl:px-5 md:max-w-3xl lg:max-w-[40rem] xl:max-w-[48rem] group final-completion\">\n<div class=\"relative flex w-full flex-col agent-turn\">\n<div class=\"flex-col gap-1 md:gap-3\">\n<div class=\"flex flex-grow flex-col max-w-full\">\n<div class=\"min-h-[20px] text-message flex flex-col items-start gap-3 whitespace-pre-wrap break-words [.text-message+&amp;]:mt-5 overflow-x-auto\" data-message-author-role=\"assistant\" data-message-id=\"9735cbd0-a264-4400-93ae-71861464a75e\">\n<div class=\"markdown prose w-full break-words dark:prose-invert light\">\n<p>And wander est une marque japonaise de v\u00eatements de plein air qui allie harmonieusement design innovant et fonctionnalit\u00e9 technique, et s'adresse aux amateurs de plein air qui appr\u00e9cient \u00e0 la fois la performance et le style. Fond\u00e9e par Keita Ikeuchi et Mihoko Mori, la marque a \u00e9t\u00e9 largement pl\u00e9biscit\u00e9e pour ses designs avant-gardistes et son engagement en faveur de la qualit\u00e9.<\/p>\n<p>Outre l'accent mis sur la performance, and wander s'engage \u00e9galement en faveur du d\u00e9veloppement durable et de la protection de l'environnement. La marque s'efforce de minimiser son impact sur la plan\u00e8te en utilisant des mat\u00e9riaux recycl\u00e9s, en r\u00e9duisant les d\u00e9chets et en soutenant des pratiques de fabrication \u00e9thiques.<\/p>\n<\/div>\n<\/div>\n<\/div>\n<\/div>\n<\/div>\n<\/div>\n<\/div>\n<\/div>\n<\/div>\n<\/div>\n<\/div>\n<\/div>","protected":false},"excerpt":{"rendered":"<p>And Wander Light Stretch Shell Jacket Black Color: Black Hooded adjustable with lace Excellent Stretchability Water Repellent Material Zip Closure Two Large Pockets on The Side Adjustable Cuffs Composition: 90% polyester &#8211; 10% polyurethane Made in China &nbsp; &nbsp; The Brand And wander is a Japanese outdoor apparel brand that seamlessly blends innovative design with&hellip; <a class=\"more-link\" href=\"https:\/\/rendez-vous-store.com\/fr\/shop\/special-offer-men-rendez-vous-store\/men-coat-and-jacket-special-offer\/and-wander-light-stretch-shell-jacket-black-rendez-vous-store\/\">Continue reading <span class=\"screen-reader-text\">And Wander - Light Stretch Shell Jacket - Noir<\/span><\/a><\/p>","protected":false},"featured_media":169031,"template":"","meta":{"_acf_changed":false},"product_brand":[],"product_cat":[1292,1353,1350,20,53],"product_tag":[1173],"class_list":{"0":"post-168920","1":"product","2":"type-product","3":"status-publish","4":"has-post-thumbnail","6":"product_cat-1292","7":"product_cat-men-coat-and-jacket-special-offer","8":"product_cat-special-offer-men-rendez-vous-store","9":"product_cat-men-selection-discover-our-selection-rendez-vous-store","10":"product_cat-jackets-coats-discover-our-selection","11":"product_tag-and-wander-designers-rendez-vous-store","12":"entry","14":"first","15":"outofstock","16":"taxable","17":"shipping-taxable","18":"product-type-variable"},"acf":[],"yoast_head":"<!-- This site is optimized with the Yoast SEO plugin v24.9 - https:\/\/yoast.com\/wordpress\/plugins\/seo\/ -->\n<title>And Wander Light Stretch Shell Jacket Black<\/title>\n<meta name=\"description\" content=\"This And Wander Light Stretch Shell Jacket Black is made with durable, light-weight materials with water-resistance and wind protection.\" \/>\n<meta name=\"robots\" content=\"index, follow, max-snippet:-1, max-image-preview:large, max-video-preview:-1\" \/>\n<link rel=\"canonical\" href=\"https:\/\/rendez-vous-store.com\/fr\/shop\/special-offer-men-rendez-vous-store\/men-coat-and-jacket-special-offer\/and-wander-light-stretch-shell-jacket-black-rendez-vous-store\/\" \/>\n<meta property=\"og:locale\" content=\"fr_FR\" \/>\n<meta property=\"og:type\" content=\"article\" \/>\n<meta property=\"og:title\" content=\"And Wander Light Stretch Shell Jacket Black\" \/>\n<meta property=\"og:description\" content=\"This And Wander Light Stretch Shell Jacket Black is made with durable, light-weight materials with water-resistance and wind protection.\" \/>\n<meta property=\"og:url\" content=\"https:\/\/rendez-vous-store.com\/fr\/shop\/special-offer-men-rendez-vous-store\/men-coat-and-jacket-special-offer\/and-wander-light-stretch-shell-jacket-black-rendez-vous-store\/\" \/>\n<meta property=\"og:site_name\" content=\"RENDEZ-VOUS STORE\" \/>\n<meta property=\"article:modified_time\" content=\"2026-03-16T16:47:40+00:00\" \/>\n<meta property=\"og:image\" content=\"https:\/\/rendez-vous-store.com\/wp-content\/uploads\/2024\/06\/rdv_andwander_23-scaled.webp\" \/>\n\t<meta property=\"og:image:width\" content=\"1696\" \/>\n\t<meta property=\"og:image:height\" content=\"2560\" \/>\n\t<meta property=\"og:image:type\" content=\"image\/webp\" \/>\n<meta name=\"twitter:card\" content=\"summary_large_image\" \/>\n<meta name=\"twitter:label1\" content=\"Est. reading time\" \/>\n\t<meta name=\"twitter:data1\" content=\"1 minute\" \/>\n<script type=\"application\/ld+json\" class=\"yoast-schema-graph\">{\"@context\":\"https:\/\/schema.org\",\"@graph\":[{\"@type\":\"WebPage\",\"@id\":\"https:\/\/rendez-vous-store.com\/shop\/special-offer-men-rendez-vous-store\/men-coat-and-jacket-special-offer\/and-wander-light-stretch-shell-jacket-black-rendez-vous-store\/\",\"url\":\"https:\/\/rendez-vous-store.com\/shop\/special-offer-men-rendez-vous-store\/men-coat-and-jacket-special-offer\/and-wander-light-stretch-shell-jacket-black-rendez-vous-store\/\",\"name\":\"And Wander Light Stretch Shell Jacket Black\",\"isPartOf\":{\"@id\":\"https:\/\/rendez-vous-store.com\/#website\"},\"primaryImageOfPage\":{\"@id\":\"https:\/\/rendez-vous-store.com\/shop\/special-offer-men-rendez-vous-store\/men-coat-and-jacket-special-offer\/and-wander-light-stretch-shell-jacket-black-rendez-vous-store\/#primaryimage\"},\"image\":{\"@id\":\"https:\/\/rendez-vous-store.com\/shop\/special-offer-men-rendez-vous-store\/men-coat-and-jacket-special-offer\/and-wander-light-stretch-shell-jacket-black-rendez-vous-store\/#primaryimage\"},\"thumbnailUrl\":\"https:\/\/rendez-vous-store.com\/app\/uploads\/2024\/06\/rdv_andwander_23-scaled.webp\",\"datePublished\":\"2024-06-18T12:29:24+00:00\",\"dateModified\":\"2026-03-16T16:47:40+00:00\",\"description\":\"This And Wander Light Stretch Shell Jacket Black is made with durable, light-weight materials with water-resistance and wind protection.\",\"breadcrumb\":{\"@id\":\"https:\/\/rendez-vous-store.com\/shop\/special-offer-men-rendez-vous-store\/men-coat-and-jacket-special-offer\/and-wander-light-stretch-shell-jacket-black-rendez-vous-store\/#breadcrumb\"},\"inLanguage\":\"fr-FR\",\"potentialAction\":[{\"@type\":\"ReadAction\",\"target\":[\"https:\/\/rendez-vous-store.com\/shop\/special-offer-men-rendez-vous-store\/men-coat-and-jacket-special-offer\/and-wander-light-stretch-shell-jacket-black-rendez-vous-store\/\"]}]},{\"@type\":\"ImageObject\",\"inLanguage\":\"fr-FR\",\"@id\":\"https:\/\/rendez-vous-store.com\/shop\/special-offer-men-rendez-vous-store\/men-coat-and-jacket-special-offer\/and-wander-light-stretch-shell-jacket-black-rendez-vous-store\/#primaryimage\",\"url\":\"https:\/\/rendez-vous-store.com\/app\/uploads\/2024\/06\/rdv_andwander_23-scaled.webp\",\"contentUrl\":\"https:\/\/rendez-vous-store.com\/app\/uploads\/2024\/06\/rdv_andwander_23-scaled.webp\",\"width\":1696,\"height\":2560,\"caption\":\"And Wander - Light Stretch Shell Jacket - Black\"},{\"@type\":\"BreadcrumbList\",\"@id\":\"https:\/\/rendez-vous-store.com\/shop\/special-offer-men-rendez-vous-store\/men-coat-and-jacket-special-offer\/and-wander-light-stretch-shell-jacket-black-rendez-vous-store\/#breadcrumb\",\"itemListElement\":[{\"@type\":\"ListItem\",\"position\":1,\"name\":\"Home\",\"item\":\"https:\/\/rendez-vous-store.com\/\"},{\"@type\":\"ListItem\",\"position\":2,\"name\":\"Shop\",\"item\":\"https:\/\/www.rendez-vous-store.com\/shop\/\"},{\"@type\":\"ListItem\",\"position\":3,\"name\":\"And Wander &#8211; Light Stretch Shell Jacket &#8211; Black\"}]},{\"@type\":\"WebSite\",\"@id\":\"https:\/\/rendez-vous-store.com\/#website\",\"url\":\"https:\/\/rendez-vous-store.com\/\",\"name\":\"RENDEZ-VOUS STORE\",\"description\":\"Slow Fashion for Women and Men\",\"potentialAction\":[{\"@type\":\"SearchAction\",\"target\":{\"@type\":\"EntryPoint\",\"urlTemplate\":\"https:\/\/rendez-vous-store.com\/?s={search_term_string}\"},\"query-input\":{\"@type\":\"PropertyValueSpecification\",\"valueRequired\":true,\"valueName\":\"search_term_string\"}}],\"inLanguage\":\"fr-FR\"}]}<\/script>\n<!-- \/ Yoast SEO plugin. -->","yoast_head_json":{"title":"And Wander Light Stretch Shell Jacket Black","description":"This And Wander Light Stretch Shell Jacket Black is made with durable, light-weight materials with water-resistance and wind protection.","robots":{"index":"index","follow":"follow","max-snippet":"max-snippet:-1","max-image-preview":"max-image-preview:large","max-video-preview":"max-video-preview:-1"},"canonical":"https:\/\/rendez-vous-store.com\/fr\/shop\/special-offer-men-rendez-vous-store\/men-coat-and-jacket-special-offer\/and-wander-light-stretch-shell-jacket-black-rendez-vous-store\/","og_locale":"fr_FR","og_type":"article","og_title":"And Wander Light Stretch Shell Jacket Black","og_description":"This And Wander Light Stretch Shell Jacket Black is made with durable, light-weight materials with water-resistance and wind protection.","og_url":"https:\/\/rendez-vous-store.com\/fr\/shop\/special-offer-men-rendez-vous-store\/men-coat-and-jacket-special-offer\/and-wander-light-stretch-shell-jacket-black-rendez-vous-store\/","og_site_name":"RENDEZ-VOUS STORE","article_modified_time":"2026-03-16T16:47:40+00:00","og_image":[{"width":1696,"height":2560,"url":"https:\/\/rendez-vous-store.com\/wp-content\/uploads\/2024\/06\/rdv_andwander_23-scaled.webp","type":"image\/webp"}],"twitter_card":"summary_large_image","twitter_misc":{"Est. reading time":"1 minute"},"schema":{"@context":"https:\/\/schema.org","@graph":[{"@type":"WebPage","@id":"https:\/\/rendez-vous-store.com\/shop\/special-offer-men-rendez-vous-store\/men-coat-and-jacket-special-offer\/and-wander-light-stretch-shell-jacket-black-rendez-vous-store\/","url":"https:\/\/rendez-vous-store.com\/shop\/special-offer-men-rendez-vous-store\/men-coat-and-jacket-special-offer\/and-wander-light-stretch-shell-jacket-black-rendez-vous-store\/","name":"And Wander Light Stretch Shell Jacket Black","isPartOf":{"@id":"https:\/\/rendez-vous-store.com\/#website"},"primaryImageOfPage":{"@id":"https:\/\/rendez-vous-store.com\/shop\/special-offer-men-rendez-vous-store\/men-coat-and-jacket-special-offer\/and-wander-light-stretch-shell-jacket-black-rendez-vous-store\/#primaryimage"},"image":{"@id":"https:\/\/rendez-vous-store.com\/shop\/special-offer-men-rendez-vous-store\/men-coat-and-jacket-special-offer\/and-wander-light-stretch-shell-jacket-black-rendez-vous-store\/#primaryimage"},"thumbnailUrl":"https:\/\/rendez-vous-store.com\/app\/uploads\/2024\/06\/rdv_andwander_23-scaled.webp","datePublished":"2024-06-18T12:29:24+00:00","dateModified":"2026-03-16T16:47:40+00:00","description":"This And Wander Light Stretch Shell Jacket Black is made with durable, light-weight materials with water-resistance and wind protection.","breadcrumb":{"@id":"https:\/\/rendez-vous-store.com\/shop\/special-offer-men-rendez-vous-store\/men-coat-and-jacket-special-offer\/and-wander-light-stretch-shell-jacket-black-rendez-vous-store\/#breadcrumb"},"inLanguage":"fr-FR","potentialAction":[{"@type":"ReadAction","target":["https:\/\/rendez-vous-store.com\/shop\/special-offer-men-rendez-vous-store\/men-coat-and-jacket-special-offer\/and-wander-light-stretch-shell-jacket-black-rendez-vous-store\/"]}]},{"@type":"ImageObject","inLanguage":"fr-FR","@id":"https:\/\/rendez-vous-store.com\/shop\/special-offer-men-rendez-vous-store\/men-coat-and-jacket-special-offer\/and-wander-light-stretch-shell-jacket-black-rendez-vous-store\/#primaryimage","url":"https:\/\/rendez-vous-store.com\/app\/uploads\/2024\/06\/rdv_andwander_23-scaled.webp","contentUrl":"https:\/\/rendez-vous-store.com\/app\/uploads\/2024\/06\/rdv_andwander_23-scaled.webp","width":1696,"height":2560,"caption":"And Wander - Light Stretch Shell Jacket - Black"},{"@type":"BreadcrumbList","@id":"https:\/\/rendez-vous-store.com\/shop\/special-offer-men-rendez-vous-store\/men-coat-and-jacket-special-offer\/and-wander-light-stretch-shell-jacket-black-rendez-vous-store\/#breadcrumb","itemListElement":[{"@type":"ListItem","position":1,"name":"Home","item":"https:\/\/rendez-vous-store.com\/"},{"@type":"ListItem","position":2,"name":"Shop","item":"https:\/\/www.rendez-vous-store.com\/shop\/"},{"@type":"ListItem","position":3,"name":"And Wander &#8211; Light Stretch Shell Jacket &#8211; Black"}]},{"@type":"WebSite","@id":"https:\/\/rendez-vous-store.com\/#website","url":"https:\/\/rendez-vous-store.com\/","name":"RENDEZ-VOUS STORE","description":"Slow Fashion for Women and Men","potentialAction":[{"@type":"SearchAction","target":{"@type":"EntryPoint","urlTemplate":"https:\/\/rendez-vous-store.com\/?s={search_term_string}"},"query-input":{"@type":"PropertyValueSpecification","valueRequired":true,"valueName":"search_term_string"}}],"inLanguage":"fr-FR"}]}},"_links":{"self":[{"href":"https:\/\/rendez-vous-store.com\/fr\/wp-json\/wp\/v2\/product\/168920","targetHints":{"allow":["GET"]}}],"collection":[{"href":"https:\/\/rendez-vous-store.com\/fr\/wp-json\/wp\/v2\/product"}],"about":[{"href":"https:\/\/rendez-vous-store.com\/fr\/wp-json\/wp\/v2\/types\/product"}],"wp:featuredmedia":[{"embeddable":true,"href":"https:\/\/rendez-vous-store.com\/fr\/wp-json\/wp\/v2\/media\/169031"}],"wp:attachment":[{"href":"https:\/\/rendez-vous-store.com\/fr\/wp-json\/wp\/v2\/media?parent=168920"}],"wp:term":[{"taxonomy":"product_brand","embeddable":true,"href":"https:\/\/rendez-vous-store.com\/fr\/wp-json\/wp\/v2\/product_brand?post=168920"},{"taxonomy":"product_cat","embeddable":true,"href":"https:\/\/rendez-vous-store.com\/fr\/wp-json\/wp\/v2\/product_cat?post=168920"},{"taxonomy":"product_tag","embeddable":true,"href":"https:\/\/rendez-vous-store.com\/fr\/wp-json\/wp\/v2\/product_tag?post=168920"}],"curies":[{"name":"wp","href":"https:\/\/api.w.org\/{rel}","templated":true}]}}