{"id":168807,"date":"2024-06-18T14:28:27","date_gmt":"2024-06-18T12:28:27","guid":{"rendered":"https:\/\/rendez-vous-store.com\/?post_type=product&#038;p=168807"},"modified":"2026-03-16T17:47:17","modified_gmt":"2026-03-16T16:47:17","slug":"and-wander-oversized-cargo-pants-khaki-rendez-vous-store","status":"publish","type":"product","link":"https:\/\/rendez-vous-store.com\/fr\/shop\/special-offer-men-rendez-vous-store\/men-trousers-special-offer-rendez-vous-store\/and-wander-oversized-cargo-pants-khaki-rendez-vous-store\/","title":{"rendered":"And Wander - Pantalon cargo surdimensionn\u00e9 - Kaki"},"content":{"rendered":"<p><strong>And Wander Pantalon cargo surdimensionn\u00e9 Kaki<\/strong><\/p>\n<p>Couleur : Kaki<\/p>\n<p>Taille r\u00e9glable avec sangle<\/p>\n<p>Deux poches lat\u00e9rales \u00e0 rabat avec fermeture par boutons<\/p>\n<p>D\u00e9perlante<\/p>\n<p>Coupe ample<\/p>\n<p>Composition : 67% polyester - 3% nylon,<\/p>\n<p>Fabriqu\u00e9 au Japon<\/p>\n<p>&nbsp;<\/p>\n<p>&nbsp;<\/p>\n<h4>La marque<\/h4>\n<div class=\"flex-1 overflow-hidden\">\n<div class=\"react-scroll-to-bottom--css-kaydj-79elbk h-full\">\n<div class=\"react-scroll-to-bottom--css-kaydj-1n7m0yu\">\n<div class=\"flex flex-col text-sm pb-9\">\n<div class=\"w-full text-token-text-primary\" data-testid=\"conversation-turn-65\">\n<div class=\"px-4 py-2 justify-center text-base md:gap-6 m-auto\">\n<div class=\"flex flex-1 text-base mx-auto gap-3 md:px-5 lg:px-1 xl:px-5 md:max-w-3xl lg:max-w-[40rem] xl:max-w-[48rem] group final-completion\">\n<div class=\"relative flex w-full flex-col agent-turn\">\n<div class=\"flex-col gap-1 md:gap-3\">\n<div class=\"flex flex-grow flex-col max-w-full\">\n<div class=\"min-h-[20px] text-message flex flex-col items-start gap-3 whitespace-pre-wrap break-words [.text-message+&amp;]:mt-5 overflow-x-auto\" data-message-author-role=\"assistant\" data-message-id=\"9735cbd0-a264-4400-93ae-71861464a75e\">\n<div class=\"markdown prose w-full break-words dark:prose-invert light\">\n<p>et wander est une marque japonaise de v\u00eatements de plein air qui allie harmonieusement design innovant et fonctionnalit\u00e9 technique, et qui s'adresse aux amateurs de plein air qui appr\u00e9cient \u00e0 la fois la performance et le style. Fond\u00e9e par Keita Ikeuchi et Mihoko Mori, la marque a \u00e9t\u00e9 largement pl\u00e9biscit\u00e9e pour ses designs avant-gardistes et son engagement en faveur de la qualit\u00e9.<\/p>\n<p>Outre l'accent mis sur la performance, and wander s'engage \u00e9galement en faveur du d\u00e9veloppement durable et de la protection de l'environnement. La marque s'efforce de minimiser son impact sur la plan\u00e8te en utilisant des mat\u00e9riaux recycl\u00e9s, en r\u00e9duisant les d\u00e9chets et en soutenant des pratiques de fabrication \u00e9thiques.<\/p>\n<\/div>\n<\/div>\n<\/div>\n<\/div>\n<\/div>\n<\/div>\n<\/div>\n<\/div>\n<\/div>\n<\/div>\n<\/div>\n<\/div>","protected":false},"excerpt":{"rendered":"<p>And Wander Oversized Cargo Pants Khaki Color: Khaki Adjustable Waist With Strap Two Side Flap Pockets With Button Closure Water-Repellent Loose Fit Composition: 67% polyester &#8211; 3% nylon, Made In Japan &nbsp; &nbsp; The Brand and wander is a Japanese outdoor apparel brand that seamlessly blends innovative design with technical functionality, catering to outdoor enthusiasts&hellip; <a class=\"more-link\" href=\"https:\/\/rendez-vous-store.com\/fr\/shop\/special-offer-men-rendez-vous-store\/men-trousers-special-offer-rendez-vous-store\/and-wander-oversized-cargo-pants-khaki-rendez-vous-store\/\">Continue reading <span class=\"screen-reader-text\">And Wander - Pantalon cargo surdimensionn\u00e9 - Kaki<\/span><\/a><\/p>","protected":false},"featured_media":169139,"template":"","meta":{"_acf_changed":false},"product_brand":[],"product_cat":[1292,1350,1359,1137,1154],"product_tag":[],"class_list":{"0":"post-168807","1":"product","2":"type-product","3":"status-publish","4":"has-post-thumbnail","6":"product_cat-1292","7":"product_cat-special-offer-men-rendez-vous-store","8":"product_cat-men-trousers-special-offer-rendez-vous-store","9":"product_cat-last-pieces-men","10":"product_cat-last-pieces-men-trousers-shorts-rendez-vous-store","11":"entry","13":"first","14":"outofstock","15":"taxable","16":"shipping-taxable","17":"product-type-variable"},"acf":[],"yoast_head":"<!-- This site is optimized with the Yoast SEO plugin v24.9 - https:\/\/yoast.com\/wordpress\/plugins\/seo\/ -->\n<title>And Wander Oversized Cargo Pants Khaki<\/title>\n<meta name=\"description\" content=\"This And Wander Oversized Cargo Pants Khaki is made with durable, light-weight materials with water-resistance and wind protection.\" \/>\n<meta name=\"robots\" content=\"index, follow, max-snippet:-1, max-image-preview:large, max-video-preview:-1\" \/>\n<link rel=\"canonical\" href=\"https:\/\/rendez-vous-store.com\/fr\/shop\/special-offer-men-rendez-vous-store\/men-trousers-special-offer-rendez-vous-store\/and-wander-oversized-cargo-pants-khaki-rendez-vous-store\/\" \/>\n<meta property=\"og:locale\" content=\"fr_FR\" \/>\n<meta property=\"og:type\" content=\"article\" \/>\n<meta property=\"og:title\" content=\"And Wander Oversized Cargo Pants Khaki\" \/>\n<meta property=\"og:description\" content=\"This And Wander Oversized Cargo Pants Khaki is made with durable, light-weight materials with water-resistance and wind protection.\" \/>\n<meta property=\"og:url\" content=\"https:\/\/rendez-vous-store.com\/fr\/shop\/special-offer-men-rendez-vous-store\/men-trousers-special-offer-rendez-vous-store\/and-wander-oversized-cargo-pants-khaki-rendez-vous-store\/\" \/>\n<meta property=\"og:site_name\" content=\"RENDEZ-VOUS STORE\" \/>\n<meta property=\"article:modified_time\" content=\"2026-03-16T16:47:17+00:00\" \/>\n<meta property=\"og:image\" content=\"https:\/\/rendez-vous-store.com\/app\/uploads\/2024\/06\/rdv_andwander_55-scaled.webp\" \/>\n\t<meta property=\"og:image:width\" content=\"1696\" \/>\n\t<meta property=\"og:image:height\" content=\"2560\" \/>\n\t<meta property=\"og:image:type\" content=\"image\/webp\" \/>\n<meta name=\"twitter:card\" content=\"summary_large_image\" \/>\n<meta name=\"twitter:label1\" content=\"Est. reading time\" \/>\n\t<meta name=\"twitter:data1\" content=\"1 minute\" \/>\n<script type=\"application\/ld+json\" class=\"yoast-schema-graph\">{\"@context\":\"https:\/\/schema.org\",\"@graph\":[{\"@type\":\"WebPage\",\"@id\":\"https:\/\/rendez-vous-store.com\/shop\/special-offer-men-rendez-vous-store\/men-trousers-special-offer-rendez-vous-store\/and-wander-oversized-cargo-pants-khaki-rendez-vous-store\/\",\"url\":\"https:\/\/rendez-vous-store.com\/shop\/special-offer-men-rendez-vous-store\/men-trousers-special-offer-rendez-vous-store\/and-wander-oversized-cargo-pants-khaki-rendez-vous-store\/\",\"name\":\"And Wander Oversized Cargo Pants Khaki\",\"isPartOf\":{\"@id\":\"https:\/\/rendez-vous-store.com\/#website\"},\"primaryImageOfPage\":{\"@id\":\"https:\/\/rendez-vous-store.com\/shop\/special-offer-men-rendez-vous-store\/men-trousers-special-offer-rendez-vous-store\/and-wander-oversized-cargo-pants-khaki-rendez-vous-store\/#primaryimage\"},\"image\":{\"@id\":\"https:\/\/rendez-vous-store.com\/shop\/special-offer-men-rendez-vous-store\/men-trousers-special-offer-rendez-vous-store\/and-wander-oversized-cargo-pants-khaki-rendez-vous-store\/#primaryimage\"},\"thumbnailUrl\":\"https:\/\/rendez-vous-store.com\/app\/uploads\/2024\/06\/rdv_andwander_55-scaled.webp\",\"datePublished\":\"2024-06-18T12:28:27+00:00\",\"dateModified\":\"2026-03-16T16:47:17+00:00\",\"description\":\"This And Wander Oversized Cargo Pants Khaki is made with durable, light-weight materials with water-resistance and wind protection.\",\"breadcrumb\":{\"@id\":\"https:\/\/rendez-vous-store.com\/shop\/special-offer-men-rendez-vous-store\/men-trousers-special-offer-rendez-vous-store\/and-wander-oversized-cargo-pants-khaki-rendez-vous-store\/#breadcrumb\"},\"inLanguage\":\"fr-FR\",\"potentialAction\":[{\"@type\":\"ReadAction\",\"target\":[\"https:\/\/rendez-vous-store.com\/shop\/special-offer-men-rendez-vous-store\/men-trousers-special-offer-rendez-vous-store\/and-wander-oversized-cargo-pants-khaki-rendez-vous-store\/\"]}]},{\"@type\":\"ImageObject\",\"inLanguage\":\"fr-FR\",\"@id\":\"https:\/\/rendez-vous-store.com\/shop\/special-offer-men-rendez-vous-store\/men-trousers-special-offer-rendez-vous-store\/and-wander-oversized-cargo-pants-khaki-rendez-vous-store\/#primaryimage\",\"url\":\"https:\/\/rendez-vous-store.com\/app\/uploads\/2024\/06\/rdv_andwander_55-scaled.webp\",\"contentUrl\":\"https:\/\/rendez-vous-store.com\/app\/uploads\/2024\/06\/rdv_andwander_55-scaled.webp\",\"width\":1696,\"height\":2560,\"caption\":\"And Wander - Oversized Cargo Pants - Khaki\"},{\"@type\":\"BreadcrumbList\",\"@id\":\"https:\/\/rendez-vous-store.com\/shop\/special-offer-men-rendez-vous-store\/men-trousers-special-offer-rendez-vous-store\/and-wander-oversized-cargo-pants-khaki-rendez-vous-store\/#breadcrumb\",\"itemListElement\":[{\"@type\":\"ListItem\",\"position\":1,\"name\":\"Home\",\"item\":\"https:\/\/rendez-vous-store.com\/\"},{\"@type\":\"ListItem\",\"position\":2,\"name\":\"Shop\",\"item\":\"https:\/\/www.rendez-vous-store.com\/shop\/\"},{\"@type\":\"ListItem\",\"position\":3,\"name\":\"And Wander &#8211; Oversized Cargo Pants &#8211; Khaki\"}]},{\"@type\":\"WebSite\",\"@id\":\"https:\/\/rendez-vous-store.com\/#website\",\"url\":\"https:\/\/rendez-vous-store.com\/\",\"name\":\"RENDEZ-VOUS STORE\",\"description\":\"Slow Fashion for Women and Men\",\"potentialAction\":[{\"@type\":\"SearchAction\",\"target\":{\"@type\":\"EntryPoint\",\"urlTemplate\":\"https:\/\/rendez-vous-store.com\/?s={search_term_string}\"},\"query-input\":{\"@type\":\"PropertyValueSpecification\",\"valueRequired\":true,\"valueName\":\"search_term_string\"}}],\"inLanguage\":\"fr-FR\"}]}<\/script>\n<!-- \/ Yoast SEO plugin. -->","yoast_head_json":{"title":"And Wander Oversized Cargo Pants Khaki","description":"This And Wander Oversized Cargo Pants Khaki is made with durable, light-weight materials with water-resistance and wind protection.","robots":{"index":"index","follow":"follow","max-snippet":"max-snippet:-1","max-image-preview":"max-image-preview:large","max-video-preview":"max-video-preview:-1"},"canonical":"https:\/\/rendez-vous-store.com\/fr\/shop\/special-offer-men-rendez-vous-store\/men-trousers-special-offer-rendez-vous-store\/and-wander-oversized-cargo-pants-khaki-rendez-vous-store\/","og_locale":"fr_FR","og_type":"article","og_title":"And Wander Oversized Cargo Pants Khaki","og_description":"This And Wander Oversized Cargo Pants Khaki is made with durable, light-weight materials with water-resistance and wind protection.","og_url":"https:\/\/rendez-vous-store.com\/fr\/shop\/special-offer-men-rendez-vous-store\/men-trousers-special-offer-rendez-vous-store\/and-wander-oversized-cargo-pants-khaki-rendez-vous-store\/","og_site_name":"RENDEZ-VOUS STORE","article_modified_time":"2026-03-16T16:47:17+00:00","og_image":[{"width":1696,"height":2560,"url":"https:\/\/rendez-vous-store.com\/app\/uploads\/2024\/06\/rdv_andwander_55-scaled.webp","type":"image\/webp"}],"twitter_card":"summary_large_image","twitter_misc":{"Est. reading time":"1 minute"},"schema":{"@context":"https:\/\/schema.org","@graph":[{"@type":"WebPage","@id":"https:\/\/rendez-vous-store.com\/shop\/special-offer-men-rendez-vous-store\/men-trousers-special-offer-rendez-vous-store\/and-wander-oversized-cargo-pants-khaki-rendez-vous-store\/","url":"https:\/\/rendez-vous-store.com\/shop\/special-offer-men-rendez-vous-store\/men-trousers-special-offer-rendez-vous-store\/and-wander-oversized-cargo-pants-khaki-rendez-vous-store\/","name":"And Wander Oversized Cargo Pants Khaki","isPartOf":{"@id":"https:\/\/rendez-vous-store.com\/#website"},"primaryImageOfPage":{"@id":"https:\/\/rendez-vous-store.com\/shop\/special-offer-men-rendez-vous-store\/men-trousers-special-offer-rendez-vous-store\/and-wander-oversized-cargo-pants-khaki-rendez-vous-store\/#primaryimage"},"image":{"@id":"https:\/\/rendez-vous-store.com\/shop\/special-offer-men-rendez-vous-store\/men-trousers-special-offer-rendez-vous-store\/and-wander-oversized-cargo-pants-khaki-rendez-vous-store\/#primaryimage"},"thumbnailUrl":"https:\/\/rendez-vous-store.com\/app\/uploads\/2024\/06\/rdv_andwander_55-scaled.webp","datePublished":"2024-06-18T12:28:27+00:00","dateModified":"2026-03-16T16:47:17+00:00","description":"This And Wander Oversized Cargo Pants Khaki is made with durable, light-weight materials with water-resistance and wind protection.","breadcrumb":{"@id":"https:\/\/rendez-vous-store.com\/shop\/special-offer-men-rendez-vous-store\/men-trousers-special-offer-rendez-vous-store\/and-wander-oversized-cargo-pants-khaki-rendez-vous-store\/#breadcrumb"},"inLanguage":"fr-FR","potentialAction":[{"@type":"ReadAction","target":["https:\/\/rendez-vous-store.com\/shop\/special-offer-men-rendez-vous-store\/men-trousers-special-offer-rendez-vous-store\/and-wander-oversized-cargo-pants-khaki-rendez-vous-store\/"]}]},{"@type":"ImageObject","inLanguage":"fr-FR","@id":"https:\/\/rendez-vous-store.com\/shop\/special-offer-men-rendez-vous-store\/men-trousers-special-offer-rendez-vous-store\/and-wander-oversized-cargo-pants-khaki-rendez-vous-store\/#primaryimage","url":"https:\/\/rendez-vous-store.com\/app\/uploads\/2024\/06\/rdv_andwander_55-scaled.webp","contentUrl":"https:\/\/rendez-vous-store.com\/app\/uploads\/2024\/06\/rdv_andwander_55-scaled.webp","width":1696,"height":2560,"caption":"And Wander - Oversized Cargo Pants - Khaki"},{"@type":"BreadcrumbList","@id":"https:\/\/rendez-vous-store.com\/shop\/special-offer-men-rendez-vous-store\/men-trousers-special-offer-rendez-vous-store\/and-wander-oversized-cargo-pants-khaki-rendez-vous-store\/#breadcrumb","itemListElement":[{"@type":"ListItem","position":1,"name":"Home","item":"https:\/\/rendez-vous-store.com\/"},{"@type":"ListItem","position":2,"name":"Shop","item":"https:\/\/www.rendez-vous-store.com\/shop\/"},{"@type":"ListItem","position":3,"name":"And Wander &#8211; Oversized Cargo Pants &#8211; Khaki"}]},{"@type":"WebSite","@id":"https:\/\/rendez-vous-store.com\/#website","url":"https:\/\/rendez-vous-store.com\/","name":"RENDEZ-VOUS STORE","description":"Slow Fashion for Women and Men","potentialAction":[{"@type":"SearchAction","target":{"@type":"EntryPoint","urlTemplate":"https:\/\/rendez-vous-store.com\/?s={search_term_string}"},"query-input":{"@type":"PropertyValueSpecification","valueRequired":true,"valueName":"search_term_string"}}],"inLanguage":"fr-FR"}]}},"_links":{"self":[{"href":"https:\/\/rendez-vous-store.com\/fr\/wp-json\/wp\/v2\/product\/168807","targetHints":{"allow":["GET"]}}],"collection":[{"href":"https:\/\/rendez-vous-store.com\/fr\/wp-json\/wp\/v2\/product"}],"about":[{"href":"https:\/\/rendez-vous-store.com\/fr\/wp-json\/wp\/v2\/types\/product"}],"wp:featuredmedia":[{"embeddable":true,"href":"https:\/\/rendez-vous-store.com\/fr\/wp-json\/wp\/v2\/media\/169139"}],"wp:attachment":[{"href":"https:\/\/rendez-vous-store.com\/fr\/wp-json\/wp\/v2\/media?parent=168807"}],"wp:term":[{"taxonomy":"product_brand","embeddable":true,"href":"https:\/\/rendez-vous-store.com\/fr\/wp-json\/wp\/v2\/product_brand?post=168807"},{"taxonomy":"product_cat","embeddable":true,"href":"https:\/\/rendez-vous-store.com\/fr\/wp-json\/wp\/v2\/product_cat?post=168807"},{"taxonomy":"product_tag","embeddable":true,"href":"https:\/\/rendez-vous-store.com\/fr\/wp-json\/wp\/v2\/product_tag?post=168807"}],"curies":[{"name":"wp","href":"https:\/\/api.w.org\/{rel}","templated":true}]}}