{"id":168523,"date":"2024-06-11T14:41:32","date_gmt":"2024-06-11T12:41:32","guid":{"rendered":"https:\/\/rendez-vous-store.com\/?post_type=product&#038;p=168523"},"modified":"2026-03-16T17:45:14","modified_gmt":"2026-03-16T16:45:14","slug":"aeta-shoulder-m-pg02-black-rendez-vous-store","status":"publish","type":"product","link":"https:\/\/rendez-vous-store.com\/fr\/shop\/women\/women-accessories-rendez-vous-store\/aeta-shoulder-m-pg02-black-rendez-vous-store\/","title":{"rendered":"Aeta - Epaule M PG02 - Noir"},"content":{"rendered":"<p><strong>Aeta Shoulder M PG02 Black<\/strong><\/p>\n<p>Couleur : Noir<\/p>\n<p>Sac \u00e0 dos<\/p>\n<p>Composition : 100% Cuir de vachette d'Italie<\/p>\n<p>Fabriqu\u00e9 au Bangladesh<\/p>\n<p><strong>La marque<\/strong><\/p>\n<p>Aeta est une marque japonaise minimaliste, dont le nom signifie \"rencontre\". La cr\u00e9atrice parcourt le monde en qu\u00eate d'inspiration et impr\u00e8gne chacune de ses cr\u00e9ations des id\u00e9es recueillies au cours de ses voyages.<\/p>\n<p>Caract\u00e9ris\u00e9 par une esth\u00e9tique intemporelle, des mat\u00e9riaux de premi\u00e8re qualit\u00e9 et une attention m\u00e9ticuleuse aux d\u00e9tails, Aeta incarne l'\u00e9l\u00e9gance discr\u00e8te.<\/p>","protected":false},"excerpt":{"rendered":"<p>Aeta Shoulder M PG02 Black Color: Black Bucket Bag Composition: 100% Cow Leather from Italy Made In Bangladesh The brand Aeta is a Japanese minimalist brand, its name signifying &#8216;meeting.&#8217; The designer travels the world, seeking inspiration and infusing each creation with ideas gathered from these journeys. Characterized by timeless aesthetics, premium materials, and meticulous&hellip; <a class=\"more-link\" href=\"https:\/\/rendez-vous-store.com\/fr\/shop\/women\/women-accessories-rendez-vous-store\/aeta-shoulder-m-pg02-black-rendez-vous-store\/\">Continue reading <span class=\"screen-reader-text\">Aeta - Epaule M PG02 - Noir<\/span><\/a><\/p>","protected":false},"featured_media":169065,"template":"","meta":{"_acf_changed":false},"product_brand":[],"product_cat":[17,387,417],"product_tag":[1064],"class_list":{"0":"post-168523","1":"product","2":"type-product","3":"status-publish","4":"has-post-thumbnail","6":"product_cat-women","7":"product_cat-women-accessories-rendez-vous-store","8":"product_cat-women-bags-rendez-vous-store","9":"product_tag-aeta-rendez-vous-store","10":"entry","12":"first","13":"outofstock","14":"taxable","15":"shipping-taxable","16":"product-type-variable"},"acf":[],"yoast_head":"<!-- This site is optimized with the Yoast SEO plugin v24.9 - https:\/\/yoast.com\/wordpress\/plugins\/seo\/ -->\n<title>Aeta - Shoulder M PG02 Black - Rendez-Vous Store<\/title>\n<meta name=\"description\" content=\"Aeta is on Rendez-Vous Store. This Aeta Shoulder M PG02 Black is part of unique designs, minimalism with a technical style of the Japanese brand.\" \/>\n<meta name=\"robots\" content=\"index, follow, max-snippet:-1, max-image-preview:large, max-video-preview:-1\" \/>\n<link rel=\"canonical\" href=\"https:\/\/rendez-vous-store.com\/fr\/shop\/women\/women-accessories-rendez-vous-store\/aeta-shoulder-m-pg02-black-rendez-vous-store\/\" \/>\n<meta property=\"og:locale\" content=\"fr_FR\" \/>\n<meta property=\"og:type\" content=\"article\" \/>\n<meta property=\"og:title\" content=\"Aeta - Shoulder M PG02 Black - Rendez-Vous Store\" \/>\n<meta property=\"og:description\" content=\"Aeta is on Rendez-Vous Store. This Aeta Shoulder M PG02 Black is part of unique designs, minimalism with a technical style of the Japanese brand.\" \/>\n<meta property=\"og:url\" content=\"https:\/\/rendez-vous-store.com\/fr\/shop\/women\/women-accessories-rendez-vous-store\/aeta-shoulder-m-pg02-black-rendez-vous-store\/\" \/>\n<meta property=\"og:site_name\" content=\"RENDEZ-VOUS STORE\" \/>\n<meta property=\"article:modified_time\" content=\"2026-03-16T16:45:14+00:00\" \/>\n<meta property=\"og:image\" content=\"https:\/\/rendez-vous-store.com\/wp-content\/uploads\/2024\/06\/a01-copie-scaled.webp\" \/>\n\t<meta property=\"og:image:width\" content=\"1688\" \/>\n\t<meta property=\"og:image:height\" content=\"2560\" \/>\n\t<meta property=\"og:image:type\" content=\"image\/webp\" \/>\n<meta name=\"twitter:card\" content=\"summary_large_image\" \/>\n<meta name=\"twitter:label1\" content=\"Est. reading time\" \/>\n\t<meta name=\"twitter:data1\" content=\"1 minute\" \/>\n<script type=\"application\/ld+json\" class=\"yoast-schema-graph\">{\"@context\":\"https:\/\/schema.org\",\"@graph\":[{\"@type\":\"WebPage\",\"@id\":\"https:\/\/rendez-vous-store.com\/shop\/women\/women-accessories-rendez-vous-store\/aeta-shoulder-m-pg02-black-rendez-vous-store\/\",\"url\":\"https:\/\/rendez-vous-store.com\/shop\/women\/women-accessories-rendez-vous-store\/aeta-shoulder-m-pg02-black-rendez-vous-store\/\",\"name\":\"Aeta - Shoulder M PG02 Black - Rendez-Vous Store\",\"isPartOf\":{\"@id\":\"https:\/\/rendez-vous-store.com\/#website\"},\"primaryImageOfPage\":{\"@id\":\"https:\/\/rendez-vous-store.com\/shop\/women\/women-accessories-rendez-vous-store\/aeta-shoulder-m-pg02-black-rendez-vous-store\/#primaryimage\"},\"image\":{\"@id\":\"https:\/\/rendez-vous-store.com\/shop\/women\/women-accessories-rendez-vous-store\/aeta-shoulder-m-pg02-black-rendez-vous-store\/#primaryimage\"},\"thumbnailUrl\":\"https:\/\/rendez-vous-store.com\/app\/uploads\/2024\/06\/a01-copie-scaled.webp\",\"datePublished\":\"2024-06-11T12:41:32+00:00\",\"dateModified\":\"2026-03-16T16:45:14+00:00\",\"description\":\"Aeta is on Rendez-Vous Store. This Aeta Shoulder M PG02 Black is part of unique designs, minimalism with a technical style of the Japanese brand.\",\"breadcrumb\":{\"@id\":\"https:\/\/rendez-vous-store.com\/shop\/women\/women-accessories-rendez-vous-store\/aeta-shoulder-m-pg02-black-rendez-vous-store\/#breadcrumb\"},\"inLanguage\":\"fr-FR\",\"potentialAction\":[{\"@type\":\"ReadAction\",\"target\":[\"https:\/\/rendez-vous-store.com\/shop\/women\/women-accessories-rendez-vous-store\/aeta-shoulder-m-pg02-black-rendez-vous-store\/\"]}]},{\"@type\":\"ImageObject\",\"inLanguage\":\"fr-FR\",\"@id\":\"https:\/\/rendez-vous-store.com\/shop\/women\/women-accessories-rendez-vous-store\/aeta-shoulder-m-pg02-black-rendez-vous-store\/#primaryimage\",\"url\":\"https:\/\/rendez-vous-store.com\/app\/uploads\/2024\/06\/a01-copie-scaled.webp\",\"contentUrl\":\"https:\/\/rendez-vous-store.com\/app\/uploads\/2024\/06\/a01-copie-scaled.webp\",\"width\":1688,\"height\":2560,\"caption\":\"Aeta - Shoulder M PG02 - Black\"},{\"@type\":\"BreadcrumbList\",\"@id\":\"https:\/\/rendez-vous-store.com\/shop\/women\/women-accessories-rendez-vous-store\/aeta-shoulder-m-pg02-black-rendez-vous-store\/#breadcrumb\",\"itemListElement\":[{\"@type\":\"ListItem\",\"position\":1,\"name\":\"Home\",\"item\":\"https:\/\/rendez-vous-store.com\/\"},{\"@type\":\"ListItem\",\"position\":2,\"name\":\"Shop\",\"item\":\"https:\/\/www.rendez-vous-store.com\/shop\/\"},{\"@type\":\"ListItem\",\"position\":3,\"name\":\"Aeta &#8211; Shoulder M PG02 &#8211; Black\"}]},{\"@type\":\"WebSite\",\"@id\":\"https:\/\/rendez-vous-store.com\/#website\",\"url\":\"https:\/\/rendez-vous-store.com\/\",\"name\":\"RENDEZ-VOUS STORE\",\"description\":\"Slow Fashion for Women and Men\",\"potentialAction\":[{\"@type\":\"SearchAction\",\"target\":{\"@type\":\"EntryPoint\",\"urlTemplate\":\"https:\/\/rendez-vous-store.com\/?s={search_term_string}\"},\"query-input\":{\"@type\":\"PropertyValueSpecification\",\"valueRequired\":true,\"valueName\":\"search_term_string\"}}],\"inLanguage\":\"fr-FR\"}]}<\/script>\n<!-- \/ Yoast SEO plugin. -->","yoast_head_json":{"title":"Aeta - Shoulder M PG02 Black - Rendez-Vous Store","description":"Aeta is on Rendez-Vous Store. This Aeta Shoulder M PG02 Black is part of unique designs, minimalism with a technical style of the Japanese brand.","robots":{"index":"index","follow":"follow","max-snippet":"max-snippet:-1","max-image-preview":"max-image-preview:large","max-video-preview":"max-video-preview:-1"},"canonical":"https:\/\/rendez-vous-store.com\/fr\/shop\/women\/women-accessories-rendez-vous-store\/aeta-shoulder-m-pg02-black-rendez-vous-store\/","og_locale":"fr_FR","og_type":"article","og_title":"Aeta - Shoulder M PG02 Black - Rendez-Vous Store","og_description":"Aeta is on Rendez-Vous Store. This Aeta Shoulder M PG02 Black is part of unique designs, minimalism with a technical style of the Japanese brand.","og_url":"https:\/\/rendez-vous-store.com\/fr\/shop\/women\/women-accessories-rendez-vous-store\/aeta-shoulder-m-pg02-black-rendez-vous-store\/","og_site_name":"RENDEZ-VOUS STORE","article_modified_time":"2026-03-16T16:45:14+00:00","og_image":[{"width":1688,"height":2560,"url":"https:\/\/rendez-vous-store.com\/wp-content\/uploads\/2024\/06\/a01-copie-scaled.webp","type":"image\/webp"}],"twitter_card":"summary_large_image","twitter_misc":{"Est. reading time":"1 minute"},"schema":{"@context":"https:\/\/schema.org","@graph":[{"@type":"WebPage","@id":"https:\/\/rendez-vous-store.com\/shop\/women\/women-accessories-rendez-vous-store\/aeta-shoulder-m-pg02-black-rendez-vous-store\/","url":"https:\/\/rendez-vous-store.com\/shop\/women\/women-accessories-rendez-vous-store\/aeta-shoulder-m-pg02-black-rendez-vous-store\/","name":"Aeta - Shoulder M PG02 Black - Rendez-Vous Store","isPartOf":{"@id":"https:\/\/rendez-vous-store.com\/#website"},"primaryImageOfPage":{"@id":"https:\/\/rendez-vous-store.com\/shop\/women\/women-accessories-rendez-vous-store\/aeta-shoulder-m-pg02-black-rendez-vous-store\/#primaryimage"},"image":{"@id":"https:\/\/rendez-vous-store.com\/shop\/women\/women-accessories-rendez-vous-store\/aeta-shoulder-m-pg02-black-rendez-vous-store\/#primaryimage"},"thumbnailUrl":"https:\/\/rendez-vous-store.com\/app\/uploads\/2024\/06\/a01-copie-scaled.webp","datePublished":"2024-06-11T12:41:32+00:00","dateModified":"2026-03-16T16:45:14+00:00","description":"Aeta is on Rendez-Vous Store. This Aeta Shoulder M PG02 Black is part of unique designs, minimalism with a technical style of the Japanese brand.","breadcrumb":{"@id":"https:\/\/rendez-vous-store.com\/shop\/women\/women-accessories-rendez-vous-store\/aeta-shoulder-m-pg02-black-rendez-vous-store\/#breadcrumb"},"inLanguage":"fr-FR","potentialAction":[{"@type":"ReadAction","target":["https:\/\/rendez-vous-store.com\/shop\/women\/women-accessories-rendez-vous-store\/aeta-shoulder-m-pg02-black-rendez-vous-store\/"]}]},{"@type":"ImageObject","inLanguage":"fr-FR","@id":"https:\/\/rendez-vous-store.com\/shop\/women\/women-accessories-rendez-vous-store\/aeta-shoulder-m-pg02-black-rendez-vous-store\/#primaryimage","url":"https:\/\/rendez-vous-store.com\/app\/uploads\/2024\/06\/a01-copie-scaled.webp","contentUrl":"https:\/\/rendez-vous-store.com\/app\/uploads\/2024\/06\/a01-copie-scaled.webp","width":1688,"height":2560,"caption":"Aeta - Shoulder M PG02 - Black"},{"@type":"BreadcrumbList","@id":"https:\/\/rendez-vous-store.com\/shop\/women\/women-accessories-rendez-vous-store\/aeta-shoulder-m-pg02-black-rendez-vous-store\/#breadcrumb","itemListElement":[{"@type":"ListItem","position":1,"name":"Home","item":"https:\/\/rendez-vous-store.com\/"},{"@type":"ListItem","position":2,"name":"Shop","item":"https:\/\/www.rendez-vous-store.com\/shop\/"},{"@type":"ListItem","position":3,"name":"Aeta &#8211; Shoulder M PG02 &#8211; Black"}]},{"@type":"WebSite","@id":"https:\/\/rendez-vous-store.com\/#website","url":"https:\/\/rendez-vous-store.com\/","name":"RENDEZ-VOUS STORE","description":"Slow Fashion for Women and Men","potentialAction":[{"@type":"SearchAction","target":{"@type":"EntryPoint","urlTemplate":"https:\/\/rendez-vous-store.com\/?s={search_term_string}"},"query-input":{"@type":"PropertyValueSpecification","valueRequired":true,"valueName":"search_term_string"}}],"inLanguage":"fr-FR"}]}},"_links":{"self":[{"href":"https:\/\/rendez-vous-store.com\/fr\/wp-json\/wp\/v2\/product\/168523","targetHints":{"allow":["GET"]}}],"collection":[{"href":"https:\/\/rendez-vous-store.com\/fr\/wp-json\/wp\/v2\/product"}],"about":[{"href":"https:\/\/rendez-vous-store.com\/fr\/wp-json\/wp\/v2\/types\/product"}],"wp:featuredmedia":[{"embeddable":true,"href":"https:\/\/rendez-vous-store.com\/fr\/wp-json\/wp\/v2\/media\/169065"}],"wp:attachment":[{"href":"https:\/\/rendez-vous-store.com\/fr\/wp-json\/wp\/v2\/media?parent=168523"}],"wp:term":[{"taxonomy":"product_brand","embeddable":true,"href":"https:\/\/rendez-vous-store.com\/fr\/wp-json\/wp\/v2\/product_brand?post=168523"},{"taxonomy":"product_cat","embeddable":true,"href":"https:\/\/rendez-vous-store.com\/fr\/wp-json\/wp\/v2\/product_cat?post=168523"},{"taxonomy":"product_tag","embeddable":true,"href":"https:\/\/rendez-vous-store.com\/fr\/wp-json\/wp\/v2\/product_tag?post=168523"}],"curies":[{"name":"wp","href":"https:\/\/api.w.org\/{rel}","templated":true}]}}