{"id":168512,"date":"2024-06-11T14:41:15","date_gmt":"2024-06-11T12:41:15","guid":{"rendered":"https:\/\/rendez-vous-store.com\/?post_type=product&#038;p=168512"},"modified":"2026-03-16T17:45:44","modified_gmt":"2026-03-16T16:45:44","slug":"aeta-shoulder-tote-l-ny17-black-rendez-vous-store","status":"publish","type":"product","link":"https:\/\/rendez-vous-store.com\/fr\/shop\/women\/women-accessories-rendez-vous-store\/aeta-shoulder-tote-l-ny17-black-rendez-vous-store\/","title":{"rendered":"Aeta \u2013 Sac Cabas L NY17 \u2013 Noir"},"content":{"rendered":"<p><strong>Aeta Sac Bandouli\u00e8re L NY17 Noir<\/strong><\/p>\n<p>Couleur : Noir<\/p>\n<p>Sac fourre-tout simple \u00e0 deux voies<\/p>\n<p>Composition : 100% Nylom<\/p>\n<p>Fabriqu\u00e9 au Japon<\/p>\n<p><strong>La marque<\/strong><\/p>\n<p>Aeta est une marque japonaise minimaliste, dont le nom signifie \"rencontre\". La cr\u00e9atrice parcourt le monde en qu\u00eate d'inspiration et impr\u00e8gne chacune de ses cr\u00e9ations des id\u00e9es recueillies au cours de ses voyages.<\/p>\n<p>Caract\u00e9ris\u00e9 par une esth\u00e9tique intemporelle, des mat\u00e9riaux de premi\u00e8re qualit\u00e9 et une attention m\u00e9ticuleuse aux d\u00e9tails, Aeta incarne l'\u00e9l\u00e9gance discr\u00e8te.<\/p>","protected":false},"excerpt":{"rendered":"<p>Aeta Shoulder Tote L NY17 Black Color: Black Simple 2-way Tote Bag Composition: 100% Nylom Made In Japan The brand Aeta is a Japanese minimalist brand, its name signifying &#8216;meeting.&#8217; The designer travels the world, seeking inspiration and infusing each creation with ideas gathered from these journeys. Characterized by timeless aesthetics, premium materials, and meticulous&hellip; <a class=\"more-link\" href=\"https:\/\/rendez-vous-store.com\/fr\/shop\/women\/women-accessories-rendez-vous-store\/aeta-shoulder-tote-l-ny17-black-rendez-vous-store\/\">Continuer la lecture <span class=\"screen-reader-text\">Aeta \u2013 Sac Cabas L NY17 \u2013 Noir<\/span><\/a><\/p>","protected":false},"featured_media":171790,"template":"","meta":{"_acf_changed":false},"product_brand":[],"product_cat":[17,387,417],"product_tag":[1064],"class_list":{"0":"post-168512","1":"product","2":"type-product","3":"status-publish","4":"has-post-thumbnail","6":"product_cat-women","7":"product_cat-women-accessories-rendez-vous-store","8":"product_cat-women-bags-rendez-vous-store","9":"product_tag-aeta-rendez-vous-store","10":"entry","12":"first","13":"outofstock","14":"taxable","15":"shipping-taxable","16":"product-type-variable"},"acf":[],"yoast_head":"<!-- This site is optimized with the Yoast SEO plugin v24.9 - https:\/\/yoast.com\/wordpress\/plugins\/seo\/ -->\n<title>Aeta - Shoulder Tote L NY17 Black - Rendez-Vous Store<\/title>\n<meta name=\"description\" content=\"Aeta is on Rendez-Vous Store. This Aeta Shoulder Tote L NY17 Black is part of unique designs, minimalism with a technical style of the Japanese brand.\" \/>\n<meta name=\"robots\" content=\"index, follow, max-snippet:-1, max-image-preview:large, max-video-preview:-1\" \/>\n<link rel=\"canonical\" href=\"https:\/\/rendez-vous-store.com\/fr\/shop\/women\/women-accessories-rendez-vous-store\/aeta-shoulder-tote-l-ny17-black-rendez-vous-store\/\" \/>\n<meta property=\"og:locale\" content=\"fr_FR\" \/>\n<meta property=\"og:type\" content=\"article\" \/>\n<meta property=\"og:title\" content=\"Aeta - Shoulder Tote L NY17 Black - Rendez-Vous Store\" \/>\n<meta property=\"og:description\" content=\"Aeta is on Rendez-Vous Store. This Aeta Shoulder Tote L NY17 Black is part of unique designs, minimalism with a technical style of the Japanese brand.\" \/>\n<meta property=\"og:url\" content=\"https:\/\/rendez-vous-store.com\/fr\/shop\/women\/women-accessories-rendez-vous-store\/aeta-shoulder-tote-l-ny17-black-rendez-vous-store\/\" \/>\n<meta property=\"og:site_name\" content=\"RENDEZ-VOUS STORE\" \/>\n<meta property=\"article:modified_time\" content=\"2026-03-16T16:45:44+00:00\" \/>\n<meta property=\"og:image\" content=\"https:\/\/rendez-vous-store.com\/wp-content\/uploads\/2024\/06\/aeta.webp\" \/>\n\t<meta property=\"og:image:width\" content=\"1696\" \/>\n\t<meta property=\"og:image:height\" content=\"2560\" \/>\n\t<meta property=\"og:image:type\" content=\"image\/webp\" \/>\n<meta name=\"twitter:card\" content=\"summary_large_image\" \/>\n<meta name=\"twitter:label1\" content=\"Est. reading time\" \/>\n\t<meta name=\"twitter:data1\" content=\"1 minute\" \/>\n<script type=\"application\/ld+json\" class=\"yoast-schema-graph\">{\"@context\":\"https:\/\/schema.org\",\"@graph\":[{\"@type\":\"WebPage\",\"@id\":\"https:\/\/rendez-vous-store.com\/shop\/women\/women-accessories-rendez-vous-store\/aeta-shoulder-tote-l-ny17-black-rendez-vous-store\/\",\"url\":\"https:\/\/rendez-vous-store.com\/shop\/women\/women-accessories-rendez-vous-store\/aeta-shoulder-tote-l-ny17-black-rendez-vous-store\/\",\"name\":\"Aeta - Shoulder Tote L NY17 Black - Rendez-Vous Store\",\"isPartOf\":{\"@id\":\"https:\/\/rendez-vous-store.com\/#website\"},\"primaryImageOfPage\":{\"@id\":\"https:\/\/rendez-vous-store.com\/shop\/women\/women-accessories-rendez-vous-store\/aeta-shoulder-tote-l-ny17-black-rendez-vous-store\/#primaryimage\"},\"image\":{\"@id\":\"https:\/\/rendez-vous-store.com\/shop\/women\/women-accessories-rendez-vous-store\/aeta-shoulder-tote-l-ny17-black-rendez-vous-store\/#primaryimage\"},\"thumbnailUrl\":\"https:\/\/rendez-vous-store.com\/app\/uploads\/2024\/06\/aeta.webp\",\"datePublished\":\"2024-06-11T12:41:15+00:00\",\"dateModified\":\"2026-03-16T16:45:44+00:00\",\"description\":\"Aeta is on Rendez-Vous Store. This Aeta Shoulder Tote L NY17 Black is part of unique designs, minimalism with a technical style of the Japanese brand.\",\"breadcrumb\":{\"@id\":\"https:\/\/rendez-vous-store.com\/shop\/women\/women-accessories-rendez-vous-store\/aeta-shoulder-tote-l-ny17-black-rendez-vous-store\/#breadcrumb\"},\"inLanguage\":\"fr-FR\",\"potentialAction\":[{\"@type\":\"ReadAction\",\"target\":[\"https:\/\/rendez-vous-store.com\/shop\/women\/women-accessories-rendez-vous-store\/aeta-shoulder-tote-l-ny17-black-rendez-vous-store\/\"]}]},{\"@type\":\"ImageObject\",\"inLanguage\":\"fr-FR\",\"@id\":\"https:\/\/rendez-vous-store.com\/shop\/women\/women-accessories-rendez-vous-store\/aeta-shoulder-tote-l-ny17-black-rendez-vous-store\/#primaryimage\",\"url\":\"https:\/\/rendez-vous-store.com\/app\/uploads\/2024\/06\/aeta.webp\",\"contentUrl\":\"https:\/\/rendez-vous-store.com\/app\/uploads\/2024\/06\/aeta.webp\",\"width\":1696,\"height\":2560,\"caption\":\"Aeta - Shoulder Tote L NY17 - Black\"},{\"@type\":\"BreadcrumbList\",\"@id\":\"https:\/\/rendez-vous-store.com\/shop\/women\/women-accessories-rendez-vous-store\/aeta-shoulder-tote-l-ny17-black-rendez-vous-store\/#breadcrumb\",\"itemListElement\":[{\"@type\":\"ListItem\",\"position\":1,\"name\":\"Home\",\"item\":\"https:\/\/rendez-vous-store.com\/\"},{\"@type\":\"ListItem\",\"position\":2,\"name\":\"Shop\",\"item\":\"https:\/\/www.rendez-vous-store.com\/shop\/\"},{\"@type\":\"ListItem\",\"position\":3,\"name\":\"Aeta &#8211; Shoulder Tote L NY17 &#8211; Black\"}]},{\"@type\":\"WebSite\",\"@id\":\"https:\/\/rendez-vous-store.com\/#website\",\"url\":\"https:\/\/rendez-vous-store.com\/\",\"name\":\"RENDEZ-VOUS STORE\",\"description\":\"Slow Fashion for Women and Men\",\"potentialAction\":[{\"@type\":\"SearchAction\",\"target\":{\"@type\":\"EntryPoint\",\"urlTemplate\":\"https:\/\/rendez-vous-store.com\/?s={search_term_string}\"},\"query-input\":{\"@type\":\"PropertyValueSpecification\",\"valueRequired\":true,\"valueName\":\"search_term_string\"}}],\"inLanguage\":\"fr-FR\"}]}<\/script>\n<!-- \/ Yoast SEO plugin. -->","yoast_head_json":{"title":"Aeta - Shoulder Tote L NY17 Black - Rendez-Vous Store","description":"Aeta is on Rendez-Vous Store. This Aeta Shoulder Tote L NY17 Black is part of unique designs, minimalism with a technical style of the Japanese brand.","robots":{"index":"index","follow":"follow","max-snippet":"max-snippet:-1","max-image-preview":"max-image-preview:large","max-video-preview":"max-video-preview:-1"},"canonical":"https:\/\/rendez-vous-store.com\/fr\/shop\/women\/women-accessories-rendez-vous-store\/aeta-shoulder-tote-l-ny17-black-rendez-vous-store\/","og_locale":"fr_FR","og_type":"article","og_title":"Aeta - Shoulder Tote L NY17 Black - Rendez-Vous Store","og_description":"Aeta is on Rendez-Vous Store. This Aeta Shoulder Tote L NY17 Black is part of unique designs, minimalism with a technical style of the Japanese brand.","og_url":"https:\/\/rendez-vous-store.com\/fr\/shop\/women\/women-accessories-rendez-vous-store\/aeta-shoulder-tote-l-ny17-black-rendez-vous-store\/","og_site_name":"RENDEZ-VOUS STORE","article_modified_time":"2026-03-16T16:45:44+00:00","og_image":[{"width":1696,"height":2560,"url":"https:\/\/rendez-vous-store.com\/wp-content\/uploads\/2024\/06\/aeta.webp","type":"image\/webp"}],"twitter_card":"summary_large_image","twitter_misc":{"Est. reading time":"1 minute"},"schema":{"@context":"https:\/\/schema.org","@graph":[{"@type":"WebPage","@id":"https:\/\/rendez-vous-store.com\/shop\/women\/women-accessories-rendez-vous-store\/aeta-shoulder-tote-l-ny17-black-rendez-vous-store\/","url":"https:\/\/rendez-vous-store.com\/shop\/women\/women-accessories-rendez-vous-store\/aeta-shoulder-tote-l-ny17-black-rendez-vous-store\/","name":"Aeta - Shoulder Tote L NY17 Black - Rendez-Vous Store","isPartOf":{"@id":"https:\/\/rendez-vous-store.com\/#website"},"primaryImageOfPage":{"@id":"https:\/\/rendez-vous-store.com\/shop\/women\/women-accessories-rendez-vous-store\/aeta-shoulder-tote-l-ny17-black-rendez-vous-store\/#primaryimage"},"image":{"@id":"https:\/\/rendez-vous-store.com\/shop\/women\/women-accessories-rendez-vous-store\/aeta-shoulder-tote-l-ny17-black-rendez-vous-store\/#primaryimage"},"thumbnailUrl":"https:\/\/rendez-vous-store.com\/app\/uploads\/2024\/06\/aeta.webp","datePublished":"2024-06-11T12:41:15+00:00","dateModified":"2026-03-16T16:45:44+00:00","description":"Aeta is on Rendez-Vous Store. This Aeta Shoulder Tote L NY17 Black is part of unique designs, minimalism with a technical style of the Japanese brand.","breadcrumb":{"@id":"https:\/\/rendez-vous-store.com\/shop\/women\/women-accessories-rendez-vous-store\/aeta-shoulder-tote-l-ny17-black-rendez-vous-store\/#breadcrumb"},"inLanguage":"fr-FR","potentialAction":[{"@type":"ReadAction","target":["https:\/\/rendez-vous-store.com\/shop\/women\/women-accessories-rendez-vous-store\/aeta-shoulder-tote-l-ny17-black-rendez-vous-store\/"]}]},{"@type":"ImageObject","inLanguage":"fr-FR","@id":"https:\/\/rendez-vous-store.com\/shop\/women\/women-accessories-rendez-vous-store\/aeta-shoulder-tote-l-ny17-black-rendez-vous-store\/#primaryimage","url":"https:\/\/rendez-vous-store.com\/app\/uploads\/2024\/06\/aeta.webp","contentUrl":"https:\/\/rendez-vous-store.com\/app\/uploads\/2024\/06\/aeta.webp","width":1696,"height":2560,"caption":"Aeta - Shoulder Tote L NY17 - Black"},{"@type":"BreadcrumbList","@id":"https:\/\/rendez-vous-store.com\/shop\/women\/women-accessories-rendez-vous-store\/aeta-shoulder-tote-l-ny17-black-rendez-vous-store\/#breadcrumb","itemListElement":[{"@type":"ListItem","position":1,"name":"Home","item":"https:\/\/rendez-vous-store.com\/"},{"@type":"ListItem","position":2,"name":"Shop","item":"https:\/\/www.rendez-vous-store.com\/shop\/"},{"@type":"ListItem","position":3,"name":"Aeta &#8211; Shoulder Tote L NY17 &#8211; Black"}]},{"@type":"WebSite","@id":"https:\/\/rendez-vous-store.com\/#website","url":"https:\/\/rendez-vous-store.com\/","name":"RENDEZ-VOUS STORE","description":"Slow Fashion for Women and Men","potentialAction":[{"@type":"SearchAction","target":{"@type":"EntryPoint","urlTemplate":"https:\/\/rendez-vous-store.com\/?s={search_term_string}"},"query-input":{"@type":"PropertyValueSpecification","valueRequired":true,"valueName":"search_term_string"}}],"inLanguage":"fr-FR"}]}},"_links":{"self":[{"href":"https:\/\/rendez-vous-store.com\/fr\/wp-json\/wp\/v2\/product\/168512","targetHints":{"allow":["GET"]}}],"collection":[{"href":"https:\/\/rendez-vous-store.com\/fr\/wp-json\/wp\/v2\/product"}],"about":[{"href":"https:\/\/rendez-vous-store.com\/fr\/wp-json\/wp\/v2\/types\/product"}],"wp:featuredmedia":[{"embeddable":true,"href":"https:\/\/rendez-vous-store.com\/fr\/wp-json\/wp\/v2\/media\/171790"}],"wp:attachment":[{"href":"https:\/\/rendez-vous-store.com\/fr\/wp-json\/wp\/v2\/media?parent=168512"}],"wp:term":[{"taxonomy":"product_brand","embeddable":true,"href":"https:\/\/rendez-vous-store.com\/fr\/wp-json\/wp\/v2\/product_brand?post=168512"},{"taxonomy":"product_cat","embeddable":true,"href":"https:\/\/rendez-vous-store.com\/fr\/wp-json\/wp\/v2\/product_cat?post=168512"},{"taxonomy":"product_tag","embeddable":true,"href":"https:\/\/rendez-vous-store.com\/fr\/wp-json\/wp\/v2\/product_tag?post=168512"}],"curies":[{"name":"wp","href":"https:\/\/api.w.org\/{rel}","templated":true}]}}