{"id":167943,"date":"2024-06-05T10:52:20","date_gmt":"2024-06-05T08:52:20","guid":{"rendered":"https:\/\/rendez-vous-store.com\/?post_type=product&#038;p=167943"},"modified":"2026-03-16T17:45:36","modified_gmt":"2026-03-16T16:45:36","slug":"cableami-organic-cotton-cordura-hat-with-drawcord-black-watch","status":"publish","type":"product","link":"https:\/\/rendez-vous-store.com\/fr\/shop\/special-offer-men-rendez-vous-store\/men-accessories-special-offer\/cableami-organic-cotton-cordura-hat-with-drawcord-black-watch\/","title":{"rendered":"C\u00e2bleami - Chapeau en coton biologique Cordura avec cordon de serrage - Black Watch"},"content":{"rendered":"<p><strong>C\u00e2bleami Organic Cotton Cordura Hat with Drawcord Black Watch (Chapeau en coton Cordura biologique avec cordon de serrage)<\/strong><\/p>\n<p>Couleur : Montre noire<\/p>\n<p>Ajustable avec cordon de serrage<\/p>\n<p>Composition : Shell : 60% Coton 40% Nylon<\/p>\n<p>Doublure : 100% Coton<\/p>\n<p>Fabriqu\u00e9 au Japon<\/p>\n<p>&nbsp;<\/p>\n<p>&nbsp;<\/p>\n<p><strong>La marque<\/strong><\/p>\n<p>C\u00e2bleami est une marque japonaise. Le nom provient du tricot traditionnel Aran \"en c\u00e2ble\". C\u00e2bleami a deux significations, d'abord \"ami\" en japonais qui signifie \"tricoter\", et en fran\u00e7ais qui signifie \"ami\".  Le nom refl\u00e8te la philosophie de C\u00e2bleami qui consiste \u00e0 cr\u00e9er des bonnets qui seront ch\u00e9ris comme s'ils \u00e9taient des amis.<\/p>\n<p>La marque aspire \u00e0 d\u00e9velopper ses propres mat\u00e9riaux \u00e0 partir de textiles de qualit\u00e9, puis \u00e0 cr\u00e9er des produits en les filtrant \u00e0 travers nos sens, en les adaptant \u00e0 un design unique. Elle propose une grande vari\u00e9t\u00e9 de styles, du traditionnel au d\u00e9contract\u00e9 en passant par l'ext\u00e9rieur, en appliquant la technologie moderne aux processus de fabrication traditionnels.<\/p>","protected":false},"excerpt":{"rendered":"<p>C\u00e2bleami Organic Cotton Cordura Hat with Drawcord Black Watch Color: Black Watch Adjustable With Drawcord Composition: Shell : 60% Cotton 40% Nylon Lining : 100% Cotton Made in Japan &nbsp; &nbsp; The brand C\u00e2bleami is a Japanese brand. The name comes from the traditional Aran &#8220;cable&#8221; knitting. C\u00e2bleami has two meanings, first &#8220;ami&#8221; in Japanese&hellip; <a class=\"more-link\" href=\"https:\/\/rendez-vous-store.com\/fr\/shop\/special-offer-men-rendez-vous-store\/men-accessories-special-offer\/cableami-organic-cotton-cordura-hat-with-drawcord-black-watch\/\">Continuer la lecture <span class=\"screen-reader-text\">C\u00e2bleami - Chapeau en coton biologique Cordura avec cordon de serrage - Black Watch<\/span><\/a><\/p>","protected":false},"featured_media":169290,"template":"","meta":{"_acf_changed":false},"product_brand":[],"product_cat":[1292,1351,1354,1350,20,70,299],"product_tag":[300],"class_list":{"0":"post-167943","1":"product","2":"type-product","3":"status-publish","4":"has-post-thumbnail","6":"product_cat-1292","7":"product_cat-men-accessories-special-offer","8":"product_cat-men-hat-and-scarf-special-offer","9":"product_cat-special-offer-men-rendez-vous-store","10":"product_cat-men-selection-discover-our-selection-rendez-vous-store","11":"product_cat-accessories-men-rendez-vous-store","12":"product_cat-hats-scarves-discover-our-selection-rendez-vous-store","13":"product_tag-cableami","14":"entry","16":"first","17":"outofstock","18":"taxable","19":"shipping-taxable","20":"product-type-variable"},"acf":[],"yoast_head":"<!-- This site is optimized with the Yoast SEO plugin v24.9 - https:\/\/yoast.com\/wordpress\/plugins\/seo\/ -->\n<title>C\u00e2bleami - Organic Cotton Cordura Hat with Drawcord Black Watch<\/title>\n<meta name=\"description\" content=\"C\u00e2bleami is on Rendez-Vous Store. This C\u00e2bleami Organic Cotton Cordura Hat with Drawcord Black Watch is crafted with meticulous attention to detail. Perfect for any season.\" \/>\n<meta name=\"robots\" content=\"index, follow, max-snippet:-1, max-image-preview:large, max-video-preview:-1\" \/>\n<link rel=\"canonical\" href=\"https:\/\/rendez-vous-store.com\/fr\/shop\/special-offer-men-rendez-vous-store\/men-accessories-special-offer\/cableami-organic-cotton-cordura-hat-with-drawcord-black-watch\/\" \/>\n<meta property=\"og:locale\" content=\"fr_FR\" \/>\n<meta property=\"og:type\" content=\"article\" \/>\n<meta property=\"og:title\" content=\"C\u00e2bleami - Organic Cotton Cordura Hat with Drawcord Black Watch\" \/>\n<meta property=\"og:description\" content=\"C\u00e2bleami is on Rendez-Vous Store. This C\u00e2bleami Organic Cotton Cordura Hat with Drawcord Black Watch is crafted with meticulous attention to detail. Perfect for any season.\" \/>\n<meta property=\"og:url\" content=\"https:\/\/rendez-vous-store.com\/fr\/shop\/special-offer-men-rendez-vous-store\/men-accessories-special-offer\/cableami-organic-cotton-cordura-hat-with-drawcord-black-watch\/\" \/>\n<meta property=\"og:site_name\" content=\"RENDEZ-VOUS STORE\" \/>\n<meta property=\"article:modified_time\" content=\"2026-03-16T16:45:36+00:00\" \/>\n<meta property=\"og:image\" content=\"https:\/\/rendez-vous-store.com\/wp-content\/uploads\/2024\/06\/rdv_cableami_09-scaled.webp\" \/>\n\t<meta property=\"og:image:width\" content=\"1696\" \/>\n\t<meta property=\"og:image:height\" content=\"2560\" \/>\n\t<meta property=\"og:image:type\" content=\"image\/webp\" \/>\n<meta name=\"twitter:card\" content=\"summary_large_image\" \/>\n<meta name=\"twitter:label1\" content=\"Est. reading time\" \/>\n\t<meta name=\"twitter:data1\" content=\"1 minute\" \/>\n<script type=\"application\/ld+json\" class=\"yoast-schema-graph\">{\"@context\":\"https:\/\/schema.org\",\"@graph\":[{\"@type\":\"WebPage\",\"@id\":\"https:\/\/rendez-vous-store.com\/shop\/special-offer-men-rendez-vous-store\/men-accessories-special-offer\/cableami-organic-cotton-cordura-hat-with-drawcord-black-watch\/\",\"url\":\"https:\/\/rendez-vous-store.com\/shop\/special-offer-men-rendez-vous-store\/men-accessories-special-offer\/cableami-organic-cotton-cordura-hat-with-drawcord-black-watch\/\",\"name\":\"C\u00e2bleami - Organic Cotton Cordura Hat with Drawcord Black Watch\",\"isPartOf\":{\"@id\":\"https:\/\/rendez-vous-store.com\/#website\"},\"primaryImageOfPage\":{\"@id\":\"https:\/\/rendez-vous-store.com\/shop\/special-offer-men-rendez-vous-store\/men-accessories-special-offer\/cableami-organic-cotton-cordura-hat-with-drawcord-black-watch\/#primaryimage\"},\"image\":{\"@id\":\"https:\/\/rendez-vous-store.com\/shop\/special-offer-men-rendez-vous-store\/men-accessories-special-offer\/cableami-organic-cotton-cordura-hat-with-drawcord-black-watch\/#primaryimage\"},\"thumbnailUrl\":\"https:\/\/rendez-vous-store.com\/app\/uploads\/2024\/06\/rdv_cableami_09-scaled.webp\",\"datePublished\":\"2024-06-05T08:52:20+00:00\",\"dateModified\":\"2026-03-16T16:45:36+00:00\",\"description\":\"C\u00e2bleami is on Rendez-Vous Store. This C\u00e2bleami Organic Cotton Cordura Hat with Drawcord Black Watch is crafted with meticulous attention to detail. Perfect for any season.\",\"breadcrumb\":{\"@id\":\"https:\/\/rendez-vous-store.com\/shop\/special-offer-men-rendez-vous-store\/men-accessories-special-offer\/cableami-organic-cotton-cordura-hat-with-drawcord-black-watch\/#breadcrumb\"},\"inLanguage\":\"fr-FR\",\"potentialAction\":[{\"@type\":\"ReadAction\",\"target\":[\"https:\/\/rendez-vous-store.com\/shop\/special-offer-men-rendez-vous-store\/men-accessories-special-offer\/cableami-organic-cotton-cordura-hat-with-drawcord-black-watch\/\"]}]},{\"@type\":\"ImageObject\",\"inLanguage\":\"fr-FR\",\"@id\":\"https:\/\/rendez-vous-store.com\/shop\/special-offer-men-rendez-vous-store\/men-accessories-special-offer\/cableami-organic-cotton-cordura-hat-with-drawcord-black-watch\/#primaryimage\",\"url\":\"https:\/\/rendez-vous-store.com\/app\/uploads\/2024\/06\/rdv_cableami_09-scaled.webp\",\"contentUrl\":\"https:\/\/rendez-vous-store.com\/app\/uploads\/2024\/06\/rdv_cableami_09-scaled.webp\",\"width\":1696,\"height\":2560,\"caption\":\"C\u00e2bleami - Organic Cotton Cordura Hat with Drawcord - Black Watch\"},{\"@type\":\"BreadcrumbList\",\"@id\":\"https:\/\/rendez-vous-store.com\/shop\/special-offer-men-rendez-vous-store\/men-accessories-special-offer\/cableami-organic-cotton-cordura-hat-with-drawcord-black-watch\/#breadcrumb\",\"itemListElement\":[{\"@type\":\"ListItem\",\"position\":1,\"name\":\"Home\",\"item\":\"https:\/\/rendez-vous-store.com\/\"},{\"@type\":\"ListItem\",\"position\":2,\"name\":\"Shop\",\"item\":\"https:\/\/www.rendez-vous-store.com\/shop\/\"},{\"@type\":\"ListItem\",\"position\":3,\"name\":\"C\u00e2bleami &#8211; Organic Cotton Cordura Hat with Drawcord &#8211; Black Watch\"}]},{\"@type\":\"WebSite\",\"@id\":\"https:\/\/rendez-vous-store.com\/#website\",\"url\":\"https:\/\/rendez-vous-store.com\/\",\"name\":\"RENDEZ-VOUS STORE\",\"description\":\"Slow Fashion for Women and Men\",\"potentialAction\":[{\"@type\":\"SearchAction\",\"target\":{\"@type\":\"EntryPoint\",\"urlTemplate\":\"https:\/\/rendez-vous-store.com\/?s={search_term_string}\"},\"query-input\":{\"@type\":\"PropertyValueSpecification\",\"valueRequired\":true,\"valueName\":\"search_term_string\"}}],\"inLanguage\":\"fr-FR\"}]}<\/script>\n<!-- \/ Yoast SEO plugin. -->","yoast_head_json":{"title":"C\u00e2bleami - Organic Cotton Cordura Hat with Drawcord Black Watch","description":"C\u00e2bleami is on Rendez-Vous Store. This C\u00e2bleami Organic Cotton Cordura Hat with Drawcord Black Watch is crafted with meticulous attention to detail. Perfect for any season.","robots":{"index":"index","follow":"follow","max-snippet":"max-snippet:-1","max-image-preview":"max-image-preview:large","max-video-preview":"max-video-preview:-1"},"canonical":"https:\/\/rendez-vous-store.com\/fr\/shop\/special-offer-men-rendez-vous-store\/men-accessories-special-offer\/cableami-organic-cotton-cordura-hat-with-drawcord-black-watch\/","og_locale":"fr_FR","og_type":"article","og_title":"C\u00e2bleami - Organic Cotton Cordura Hat with Drawcord Black Watch","og_description":"C\u00e2bleami is on Rendez-Vous Store. This C\u00e2bleami Organic Cotton Cordura Hat with Drawcord Black Watch is crafted with meticulous attention to detail. Perfect for any season.","og_url":"https:\/\/rendez-vous-store.com\/fr\/shop\/special-offer-men-rendez-vous-store\/men-accessories-special-offer\/cableami-organic-cotton-cordura-hat-with-drawcord-black-watch\/","og_site_name":"RENDEZ-VOUS STORE","article_modified_time":"2026-03-16T16:45:36+00:00","og_image":[{"width":1696,"height":2560,"url":"https:\/\/rendez-vous-store.com\/wp-content\/uploads\/2024\/06\/rdv_cableami_09-scaled.webp","type":"image\/webp"}],"twitter_card":"summary_large_image","twitter_misc":{"Est. reading time":"1 minute"},"schema":{"@context":"https:\/\/schema.org","@graph":[{"@type":"WebPage","@id":"https:\/\/rendez-vous-store.com\/shop\/special-offer-men-rendez-vous-store\/men-accessories-special-offer\/cableami-organic-cotton-cordura-hat-with-drawcord-black-watch\/","url":"https:\/\/rendez-vous-store.com\/shop\/special-offer-men-rendez-vous-store\/men-accessories-special-offer\/cableami-organic-cotton-cordura-hat-with-drawcord-black-watch\/","name":"C\u00e2bleami - Organic Cotton Cordura Hat with Drawcord Black Watch","isPartOf":{"@id":"https:\/\/rendez-vous-store.com\/#website"},"primaryImageOfPage":{"@id":"https:\/\/rendez-vous-store.com\/shop\/special-offer-men-rendez-vous-store\/men-accessories-special-offer\/cableami-organic-cotton-cordura-hat-with-drawcord-black-watch\/#primaryimage"},"image":{"@id":"https:\/\/rendez-vous-store.com\/shop\/special-offer-men-rendez-vous-store\/men-accessories-special-offer\/cableami-organic-cotton-cordura-hat-with-drawcord-black-watch\/#primaryimage"},"thumbnailUrl":"https:\/\/rendez-vous-store.com\/app\/uploads\/2024\/06\/rdv_cableami_09-scaled.webp","datePublished":"2024-06-05T08:52:20+00:00","dateModified":"2026-03-16T16:45:36+00:00","description":"C\u00e2bleami is on Rendez-Vous Store. This C\u00e2bleami Organic Cotton Cordura Hat with Drawcord Black Watch is crafted with meticulous attention to detail. Perfect for any season.","breadcrumb":{"@id":"https:\/\/rendez-vous-store.com\/shop\/special-offer-men-rendez-vous-store\/men-accessories-special-offer\/cableami-organic-cotton-cordura-hat-with-drawcord-black-watch\/#breadcrumb"},"inLanguage":"fr-FR","potentialAction":[{"@type":"ReadAction","target":["https:\/\/rendez-vous-store.com\/shop\/special-offer-men-rendez-vous-store\/men-accessories-special-offer\/cableami-organic-cotton-cordura-hat-with-drawcord-black-watch\/"]}]},{"@type":"ImageObject","inLanguage":"fr-FR","@id":"https:\/\/rendez-vous-store.com\/shop\/special-offer-men-rendez-vous-store\/men-accessories-special-offer\/cableami-organic-cotton-cordura-hat-with-drawcord-black-watch\/#primaryimage","url":"https:\/\/rendez-vous-store.com\/app\/uploads\/2024\/06\/rdv_cableami_09-scaled.webp","contentUrl":"https:\/\/rendez-vous-store.com\/app\/uploads\/2024\/06\/rdv_cableami_09-scaled.webp","width":1696,"height":2560,"caption":"C\u00e2bleami - Organic Cotton Cordura Hat with Drawcord - Black Watch"},{"@type":"BreadcrumbList","@id":"https:\/\/rendez-vous-store.com\/shop\/special-offer-men-rendez-vous-store\/men-accessories-special-offer\/cableami-organic-cotton-cordura-hat-with-drawcord-black-watch\/#breadcrumb","itemListElement":[{"@type":"ListItem","position":1,"name":"Home","item":"https:\/\/rendez-vous-store.com\/"},{"@type":"ListItem","position":2,"name":"Shop","item":"https:\/\/www.rendez-vous-store.com\/shop\/"},{"@type":"ListItem","position":3,"name":"C\u00e2bleami &#8211; Organic Cotton Cordura Hat with Drawcord &#8211; Black Watch"}]},{"@type":"WebSite","@id":"https:\/\/rendez-vous-store.com\/#website","url":"https:\/\/rendez-vous-store.com\/","name":"RENDEZ-VOUS STORE","description":"Slow Fashion for Women and Men","potentialAction":[{"@type":"SearchAction","target":{"@type":"EntryPoint","urlTemplate":"https:\/\/rendez-vous-store.com\/?s={search_term_string}"},"query-input":{"@type":"PropertyValueSpecification","valueRequired":true,"valueName":"search_term_string"}}],"inLanguage":"fr-FR"}]}},"_links":{"self":[{"href":"https:\/\/rendez-vous-store.com\/fr\/wp-json\/wp\/v2\/product\/167943","targetHints":{"allow":["GET"]}}],"collection":[{"href":"https:\/\/rendez-vous-store.com\/fr\/wp-json\/wp\/v2\/product"}],"about":[{"href":"https:\/\/rendez-vous-store.com\/fr\/wp-json\/wp\/v2\/types\/product"}],"wp:featuredmedia":[{"embeddable":true,"href":"https:\/\/rendez-vous-store.com\/fr\/wp-json\/wp\/v2\/media\/169290"}],"wp:attachment":[{"href":"https:\/\/rendez-vous-store.com\/fr\/wp-json\/wp\/v2\/media?parent=167943"}],"wp:term":[{"taxonomy":"product_brand","embeddable":true,"href":"https:\/\/rendez-vous-store.com\/fr\/wp-json\/wp\/v2\/product_brand?post=167943"},{"taxonomy":"product_cat","embeddable":true,"href":"https:\/\/rendez-vous-store.com\/fr\/wp-json\/wp\/v2\/product_cat?post=167943"},{"taxonomy":"product_tag","embeddable":true,"href":"https:\/\/rendez-vous-store.com\/fr\/wp-json\/wp\/v2\/product_tag?post=167943"}],"curies":[{"name":"wp","href":"https:\/\/api.w.org\/{rel}","templated":true}]}}