{"id":167266,"date":"2024-05-29T13:56:08","date_gmt":"2024-05-29T11:56:08","guid":{"rendered":"https:\/\/rendez-vous-store.com\/?post_type=product&#038;p=167266"},"modified":"2026-03-16T17:40:30","modified_gmt":"2026-03-16T16:40:30","slug":"toogood-the-papermaker-trouser-pewter-rendez-vous-store","status":"publish","type":"product","link":"https:\/\/rendez-vous-store.com\/fr\/shop\/last-pieces-women-rendez-vous-store\/last-pieces-women-trousers-skirt-rendez-vous-store\/toogood-the-papermaker-trouser-pewter-rendez-vous-store\/","title":{"rendered":"Toogood - The Papermaker Trouser - Pewter"},"content":{"rendered":"<p><strong>Toogood The Paper Maker Pantalon \u00e9tain<\/strong><\/p>\n<p>Couleur : \u00e9tain<\/p>\n<p>Taille \u00e9lastiqu\u00e9e<\/p>\n<p>Deux poches<\/p>\n<p>Jambe \u00e9troite et fusel\u00e9e<\/p>\n<p>Composition : 100% Lin<\/p>\n<p>Ma\u00e9va mesure 168 cm<\/p>\n<p>Taille du mod\u00e8le : S<\/p>\n<p>Fabriqu\u00e9 en Pologne<\/p>\n<p>&nbsp;<\/p>\n<p>&nbsp;<\/p>\n<p>&nbsp;<\/p>\n<p><strong>La marque\u00a0<\/strong><\/p>\n<p>Toogood est une marque de v\u00eatements qui incarne un style intemporel, un savoir-faire exceptionnel et un souci de qualit\u00e9. La marque s'enracine dans l'h\u00e9ritage et l'artisanat britanniques. Elle c\u00e9l\u00e8bre son esth\u00e9tique distinctive et son souci du d\u00e9tail.<\/p>\n<p>Les artisans fabriquent m\u00e9ticuleusement chaque v\u00eatement en mettant l'accent sur la fonctionnalit\u00e9, la durabilit\u00e9 et le design. Ils s\u00e9lectionnent des mat\u00e9riaux de haute qualit\u00e9 et veillent \u00e0 la pr\u00e9cision des coutures. Chaque aspect du processus de cr\u00e9ation refl\u00e8te l'engagement de la marque en faveur de l'excellence.<\/p>","protected":false},"excerpt":{"rendered":"<p>Toogood The Paper Maker Trouser Pewter Color: Pewter Elasticized waistband Two-pocket styling Slim tapered leg Composition: 100% Linen Ma\u00e9va is 168cm tall Model size: S Made in Poland &nbsp; &nbsp; &nbsp; The brand\u00a0 Toogood is a clothing brand that epitomizes timeless style, exceptional craftsmanship, and dedication to quality. The brand roots itself in British heritage&hellip; <a class=\"more-link\" href=\"https:\/\/rendez-vous-store.com\/fr\/shop\/last-pieces-women-rendez-vous-store\/last-pieces-women-trousers-skirt-rendez-vous-store\/toogood-the-papermaker-trouser-pewter-rendez-vous-store\/\">Continue reading <span class=\"screen-reader-text\">Toogood - The Papermaker Trouser - Pewter<\/span><\/a><\/p>","protected":false},"featured_media":167701,"template":"","meta":{"_acf_changed":false},"product_brand":[],"product_cat":[1232,1138,1144],"product_tag":[],"class_list":{"0":"post-167266","1":"product","2":"type-product","3":"status-publish","4":"has-post-thumbnail","6":"product_cat-sale-40","7":"product_cat-last-pieces-women-rendez-vous-store","8":"product_cat-last-pieces-women-trousers-skirt-rendez-vous-store","9":"entry","11":"first","12":"instock","13":"taxable","14":"shipping-taxable","15":"purchasable","16":"product-type-variable"},"acf":[],"yoast_head":"<!-- This site is optimized with the Yoast SEO plugin v24.9 - https:\/\/yoast.com\/wordpress\/plugins\/seo\/ -->\n<title>Toogood The Paper Maker Trouser Pewter<\/title>\n<meta name=\"description\" content=\"Toogood is on Rendez-vous Store. This Toogood The Paper Maker Trouser Pewter has androgynous shapes with utilitarian finishes.\" \/>\n<meta name=\"robots\" content=\"index, follow, max-snippet:-1, max-image-preview:large, max-video-preview:-1\" \/>\n<link rel=\"canonical\" href=\"https:\/\/rendez-vous-store.com\/fr\/shop\/last-pieces-women-rendez-vous-store\/last-pieces-women-trousers-skirt-rendez-vous-store\/toogood-the-papermaker-trouser-pewter-rendez-vous-store\/\" \/>\n<meta property=\"og:locale\" content=\"fr_FR\" \/>\n<meta property=\"og:type\" content=\"article\" \/>\n<meta property=\"og:title\" content=\"Toogood The Paper Maker Trouser Pewter\" \/>\n<meta property=\"og:description\" content=\"Toogood is on Rendez-vous Store. This Toogood The Paper Maker Trouser Pewter has androgynous shapes with utilitarian finishes.\" \/>\n<meta property=\"og:url\" content=\"https:\/\/rendez-vous-store.com\/fr\/shop\/last-pieces-women-rendez-vous-store\/last-pieces-women-trousers-skirt-rendez-vous-store\/toogood-the-papermaker-trouser-pewter-rendez-vous-store\/\" \/>\n<meta property=\"og:site_name\" content=\"RENDEZ-VOUS STORE\" \/>\n<meta property=\"article:modified_time\" content=\"2026-03-16T16:40:30+00:00\" \/>\n<meta property=\"og:image\" content=\"https:\/\/rendez-vous-store.com\/app\/uploads\/2024\/05\/sdfghgj.webp\" \/>\n\t<meta property=\"og:image:width\" content=\"1696\" \/>\n\t<meta property=\"og:image:height\" content=\"2560\" \/>\n\t<meta property=\"og:image:type\" content=\"image\/webp\" \/>\n<meta name=\"twitter:card\" content=\"summary_large_image\" \/>\n<meta name=\"twitter:label1\" content=\"Est. reading time\" \/>\n\t<meta name=\"twitter:data1\" content=\"1 minute\" \/>\n<script type=\"application\/ld+json\" class=\"yoast-schema-graph\">{\"@context\":\"https:\/\/schema.org\",\"@graph\":[{\"@type\":\"WebPage\",\"@id\":\"https:\/\/rendez-vous-store.com\/shop\/last-pieces-women-rendez-vous-store\/last-pieces-women-trousers-skirt-rendez-vous-store\/toogood-the-papermaker-trouser-pewter-rendez-vous-store\/\",\"url\":\"https:\/\/rendez-vous-store.com\/shop\/last-pieces-women-rendez-vous-store\/last-pieces-women-trousers-skirt-rendez-vous-store\/toogood-the-papermaker-trouser-pewter-rendez-vous-store\/\",\"name\":\"Toogood The Paper Maker Trouser Pewter\",\"isPartOf\":{\"@id\":\"https:\/\/rendez-vous-store.com\/#website\"},\"primaryImageOfPage\":{\"@id\":\"https:\/\/rendez-vous-store.com\/shop\/last-pieces-women-rendez-vous-store\/last-pieces-women-trousers-skirt-rendez-vous-store\/toogood-the-papermaker-trouser-pewter-rendez-vous-store\/#primaryimage\"},\"image\":{\"@id\":\"https:\/\/rendez-vous-store.com\/shop\/last-pieces-women-rendez-vous-store\/last-pieces-women-trousers-skirt-rendez-vous-store\/toogood-the-papermaker-trouser-pewter-rendez-vous-store\/#primaryimage\"},\"thumbnailUrl\":\"https:\/\/rendez-vous-store.com\/app\/uploads\/2024\/05\/sdfghgj.webp\",\"datePublished\":\"2024-05-29T11:56:08+00:00\",\"dateModified\":\"2026-03-16T16:40:30+00:00\",\"description\":\"Toogood is on Rendez-vous Store. This Toogood The Paper Maker Trouser Pewter has androgynous shapes with utilitarian finishes.\",\"breadcrumb\":{\"@id\":\"https:\/\/rendez-vous-store.com\/shop\/last-pieces-women-rendez-vous-store\/last-pieces-women-trousers-skirt-rendez-vous-store\/toogood-the-papermaker-trouser-pewter-rendez-vous-store\/#breadcrumb\"},\"inLanguage\":\"fr-FR\",\"potentialAction\":[{\"@type\":\"ReadAction\",\"target\":[\"https:\/\/rendez-vous-store.com\/shop\/last-pieces-women-rendez-vous-store\/last-pieces-women-trousers-skirt-rendez-vous-store\/toogood-the-papermaker-trouser-pewter-rendez-vous-store\/\"]}]},{\"@type\":\"ImageObject\",\"inLanguage\":\"fr-FR\",\"@id\":\"https:\/\/rendez-vous-store.com\/shop\/last-pieces-women-rendez-vous-store\/last-pieces-women-trousers-skirt-rendez-vous-store\/toogood-the-papermaker-trouser-pewter-rendez-vous-store\/#primaryimage\",\"url\":\"https:\/\/rendez-vous-store.com\/app\/uploads\/2024\/05\/sdfghgj.webp\",\"contentUrl\":\"https:\/\/rendez-vous-store.com\/app\/uploads\/2024\/05\/sdfghgj.webp\",\"width\":1696,\"height\":2560},{\"@type\":\"BreadcrumbList\",\"@id\":\"https:\/\/rendez-vous-store.com\/shop\/last-pieces-women-rendez-vous-store\/last-pieces-women-trousers-skirt-rendez-vous-store\/toogood-the-papermaker-trouser-pewter-rendez-vous-store\/#breadcrumb\",\"itemListElement\":[{\"@type\":\"ListItem\",\"position\":1,\"name\":\"Home\",\"item\":\"https:\/\/rendez-vous-store.com\/\"},{\"@type\":\"ListItem\",\"position\":2,\"name\":\"Shop\",\"item\":\"https:\/\/www.rendez-vous-store.com\/shop\/\"},{\"@type\":\"ListItem\",\"position\":3,\"name\":\"Toogood &#8211; The Papermaker Trouser &#8211; Pewter\"}]},{\"@type\":\"WebSite\",\"@id\":\"https:\/\/rendez-vous-store.com\/#website\",\"url\":\"https:\/\/rendez-vous-store.com\/\",\"name\":\"RENDEZ-VOUS STORE\",\"description\":\"Slow Fashion for Women and Men\",\"potentialAction\":[{\"@type\":\"SearchAction\",\"target\":{\"@type\":\"EntryPoint\",\"urlTemplate\":\"https:\/\/rendez-vous-store.com\/?s={search_term_string}\"},\"query-input\":{\"@type\":\"PropertyValueSpecification\",\"valueRequired\":true,\"valueName\":\"search_term_string\"}}],\"inLanguage\":\"fr-FR\"}]}<\/script>\n<!-- \/ Yoast SEO plugin. -->","yoast_head_json":{"title":"Toogood The Paper Maker Trouser Pewter","description":"Toogood is on Rendez-vous Store. This Toogood The Paper Maker Trouser Pewter has androgynous shapes with utilitarian finishes.","robots":{"index":"index","follow":"follow","max-snippet":"max-snippet:-1","max-image-preview":"max-image-preview:large","max-video-preview":"max-video-preview:-1"},"canonical":"https:\/\/rendez-vous-store.com\/fr\/shop\/last-pieces-women-rendez-vous-store\/last-pieces-women-trousers-skirt-rendez-vous-store\/toogood-the-papermaker-trouser-pewter-rendez-vous-store\/","og_locale":"fr_FR","og_type":"article","og_title":"Toogood The Paper Maker Trouser Pewter","og_description":"Toogood is on Rendez-vous Store. This Toogood The Paper Maker Trouser Pewter has androgynous shapes with utilitarian finishes.","og_url":"https:\/\/rendez-vous-store.com\/fr\/shop\/last-pieces-women-rendez-vous-store\/last-pieces-women-trousers-skirt-rendez-vous-store\/toogood-the-papermaker-trouser-pewter-rendez-vous-store\/","og_site_name":"RENDEZ-VOUS STORE","article_modified_time":"2026-03-16T16:40:30+00:00","og_image":[{"width":1696,"height":2560,"url":"https:\/\/rendez-vous-store.com\/app\/uploads\/2024\/05\/sdfghgj.webp","type":"image\/webp"}],"twitter_card":"summary_large_image","twitter_misc":{"Est. reading time":"1 minute"},"schema":{"@context":"https:\/\/schema.org","@graph":[{"@type":"WebPage","@id":"https:\/\/rendez-vous-store.com\/shop\/last-pieces-women-rendez-vous-store\/last-pieces-women-trousers-skirt-rendez-vous-store\/toogood-the-papermaker-trouser-pewter-rendez-vous-store\/","url":"https:\/\/rendez-vous-store.com\/shop\/last-pieces-women-rendez-vous-store\/last-pieces-women-trousers-skirt-rendez-vous-store\/toogood-the-papermaker-trouser-pewter-rendez-vous-store\/","name":"Toogood The Paper Maker Trouser Pewter","isPartOf":{"@id":"https:\/\/rendez-vous-store.com\/#website"},"primaryImageOfPage":{"@id":"https:\/\/rendez-vous-store.com\/shop\/last-pieces-women-rendez-vous-store\/last-pieces-women-trousers-skirt-rendez-vous-store\/toogood-the-papermaker-trouser-pewter-rendez-vous-store\/#primaryimage"},"image":{"@id":"https:\/\/rendez-vous-store.com\/shop\/last-pieces-women-rendez-vous-store\/last-pieces-women-trousers-skirt-rendez-vous-store\/toogood-the-papermaker-trouser-pewter-rendez-vous-store\/#primaryimage"},"thumbnailUrl":"https:\/\/rendez-vous-store.com\/app\/uploads\/2024\/05\/sdfghgj.webp","datePublished":"2024-05-29T11:56:08+00:00","dateModified":"2026-03-16T16:40:30+00:00","description":"Toogood is on Rendez-vous Store. This Toogood The Paper Maker Trouser Pewter has androgynous shapes with utilitarian finishes.","breadcrumb":{"@id":"https:\/\/rendez-vous-store.com\/shop\/last-pieces-women-rendez-vous-store\/last-pieces-women-trousers-skirt-rendez-vous-store\/toogood-the-papermaker-trouser-pewter-rendez-vous-store\/#breadcrumb"},"inLanguage":"fr-FR","potentialAction":[{"@type":"ReadAction","target":["https:\/\/rendez-vous-store.com\/shop\/last-pieces-women-rendez-vous-store\/last-pieces-women-trousers-skirt-rendez-vous-store\/toogood-the-papermaker-trouser-pewter-rendez-vous-store\/"]}]},{"@type":"ImageObject","inLanguage":"fr-FR","@id":"https:\/\/rendez-vous-store.com\/shop\/last-pieces-women-rendez-vous-store\/last-pieces-women-trousers-skirt-rendez-vous-store\/toogood-the-papermaker-trouser-pewter-rendez-vous-store\/#primaryimage","url":"https:\/\/rendez-vous-store.com\/app\/uploads\/2024\/05\/sdfghgj.webp","contentUrl":"https:\/\/rendez-vous-store.com\/app\/uploads\/2024\/05\/sdfghgj.webp","width":1696,"height":2560},{"@type":"BreadcrumbList","@id":"https:\/\/rendez-vous-store.com\/shop\/last-pieces-women-rendez-vous-store\/last-pieces-women-trousers-skirt-rendez-vous-store\/toogood-the-papermaker-trouser-pewter-rendez-vous-store\/#breadcrumb","itemListElement":[{"@type":"ListItem","position":1,"name":"Home","item":"https:\/\/rendez-vous-store.com\/"},{"@type":"ListItem","position":2,"name":"Shop","item":"https:\/\/www.rendez-vous-store.com\/shop\/"},{"@type":"ListItem","position":3,"name":"Toogood &#8211; The Papermaker Trouser &#8211; Pewter"}]},{"@type":"WebSite","@id":"https:\/\/rendez-vous-store.com\/#website","url":"https:\/\/rendez-vous-store.com\/","name":"RENDEZ-VOUS STORE","description":"Slow Fashion for Women and Men","potentialAction":[{"@type":"SearchAction","target":{"@type":"EntryPoint","urlTemplate":"https:\/\/rendez-vous-store.com\/?s={search_term_string}"},"query-input":{"@type":"PropertyValueSpecification","valueRequired":true,"valueName":"search_term_string"}}],"inLanguage":"fr-FR"}]}},"_links":{"self":[{"href":"https:\/\/rendez-vous-store.com\/fr\/wp-json\/wp\/v2\/product\/167266","targetHints":{"allow":["GET"]}}],"collection":[{"href":"https:\/\/rendez-vous-store.com\/fr\/wp-json\/wp\/v2\/product"}],"about":[{"href":"https:\/\/rendez-vous-store.com\/fr\/wp-json\/wp\/v2\/types\/product"}],"wp:featuredmedia":[{"embeddable":true,"href":"https:\/\/rendez-vous-store.com\/fr\/wp-json\/wp\/v2\/media\/167701"}],"wp:attachment":[{"href":"https:\/\/rendez-vous-store.com\/fr\/wp-json\/wp\/v2\/media?parent=167266"}],"wp:term":[{"taxonomy":"product_brand","embeddable":true,"href":"https:\/\/rendez-vous-store.com\/fr\/wp-json\/wp\/v2\/product_brand?post=167266"},{"taxonomy":"product_cat","embeddable":true,"href":"https:\/\/rendez-vous-store.com\/fr\/wp-json\/wp\/v2\/product_cat?post=167266"},{"taxonomy":"product_tag","embeddable":true,"href":"https:\/\/rendez-vous-store.com\/fr\/wp-json\/wp\/v2\/product_tag?post=167266"}],"curies":[{"name":"wp","href":"https:\/\/api.w.org\/{rel}","templated":true}]}}