{"id":167171,"date":"2024-05-29T13:38:02","date_gmt":"2024-05-29T11:38:02","guid":{"rendered":"https:\/\/rendez-vous-store.com\/?post_type=product&#038;p=167171"},"modified":"2026-03-16T17:40:51","modified_gmt":"2026-03-16T16:40:51","slug":"toogood-the-acrobat-jean-chalk-blue-rendez-vous-store","status":"publish","type":"product","link":"https:\/\/rendez-vous-store.com\/fr\/shop\/special-offer-men-rendez-vous-store\/men-trousers-special-offer-rendez-vous-store\/toogood-the-acrobat-jean-chalk-blue-rendez-vous-store\/","title":{"rendered":"Toogood - The Acrobat Jean - Chalk Blue"},"content":{"rendered":"<p><strong>Toogood The Acrobat Jean Chalk Blue<\/strong><\/p>\n<p>Couleur : Bleu craie<\/p>\n<p>Taille \u00e9lastique<\/p>\n<p>Conique<\/p>\n<p>Poches lat\u00e9rales<\/p>\n<p>2 poches arri\u00e8re plaqu\u00e9es<\/p>\n<p>Composition : 100% Coton<\/p>\n<p>Fabriqu\u00e9 au Portugal<\/p>\n<p>&nbsp;<\/p>\n<p>&nbsp;<\/p>\n<p>&nbsp;<\/p>\n<p>&nbsp;<\/p>\n<p><strong>La marque\u00a0<\/strong><\/p>\n<p>Toogood est une marque de v\u00eatements qui incarne un style intemporel, un savoir-faire exceptionnel et un souci de qualit\u00e9. La marque s'enracine dans l'h\u00e9ritage et l'artisanat britanniques. Elle c\u00e9l\u00e8bre son esth\u00e9tique distinctive et son souci du d\u00e9tail.<\/p>\n<p>Les artisans fabriquent m\u00e9ticuleusement chaque v\u00eatement en mettant l'accent sur la fonctionnalit\u00e9, la durabilit\u00e9 et le design. Ils s\u00e9lectionnent des mat\u00e9riaux de haute qualit\u00e9 et veillent \u00e0 la pr\u00e9cision des coutures. Chaque aspect du processus de cr\u00e9ation refl\u00e8te l'engagement de la marque en faveur de l'excellence.<\/p>\n<p>D\u00e9couvrez l'\u00e9l\u00e9gance discr\u00e8te et le savoir-faire impeccable des collections de v\u00eatements Toogood. Avec Toogood, vous investissez dans bien plus que des v\u00eatements - vous investissez dans un h\u00e9ritage de style, de qualit\u00e9 et de durabilit\u00e9.<\/p>","protected":false},"excerpt":{"rendered":"<p>Toogood The Acrobat Jean Chalk Blue Color: Chalk Blue Elastic waistband Tapered Side pockets 2 back patch pockets Composition: 100% Cotton Made in Portugal &nbsp; &nbsp; &nbsp; &nbsp; The brand\u00a0 Toogood is a clothing brand that epitomizes timeless style, exceptional craftsmanship, and dedication to quality. The brand roots itself in British heritage and craftsmanship. It&hellip; <a class=\"more-link\" href=\"https:\/\/rendez-vous-store.com\/fr\/shop\/special-offer-men-rendez-vous-store\/men-trousers-special-offer-rendez-vous-store\/toogood-the-acrobat-jean-chalk-blue-rendez-vous-store\/\">Continuer la lecture <span class=\"screen-reader-text\">Toogood - The Acrobat Jean - Chalk Blue<\/span><\/a><\/p>","protected":false},"featured_media":167661,"template":"","meta":{"_acf_changed":false},"product_brand":[],"product_cat":[1291,1350,1359,20,73],"product_tag":[1172],"class_list":{"0":"post-167171","1":"product","2":"type-product","3":"status-publish","4":"has-post-thumbnail","6":"product_cat-sale-30","7":"product_cat-special-offer-men-rendez-vous-store","8":"product_cat-men-trousers-special-offer-rendez-vous-store","9":"product_cat-men-selection-discover-our-selection-rendez-vous-store","10":"product_cat-trousers-shorts-rendez-vous-store","11":"product_tag-toogood-designers-rendez-vous-store","12":"entry","14":"first","15":"outofstock","16":"taxable","17":"shipping-taxable","18":"product-type-variable","19":"has-default-attributes"},"acf":[],"yoast_head":"<!-- This site is optimized with the Yoast SEO plugin v24.9 - https:\/\/yoast.com\/wordpress\/plugins\/seo\/ -->\n<title>Toogood The Acrobat Jean Chalk Blue<\/title>\n<meta name=\"description\" content=\"Toogood is on Rendez-vous Store. This Toogood The Acrobat Jean Chalk Blue has androgynous shapes with utilitarian finishes\" \/>\n<meta name=\"robots\" content=\"index, follow, max-snippet:-1, max-image-preview:large, max-video-preview:-1\" \/>\n<link rel=\"canonical\" href=\"https:\/\/rendez-vous-store.com\/fr\/shop\/special-offer-men-rendez-vous-store\/men-trousers-special-offer-rendez-vous-store\/toogood-the-acrobat-jean-chalk-blue-rendez-vous-store\/\" \/>\n<meta property=\"og:locale\" content=\"fr_FR\" \/>\n<meta property=\"og:type\" content=\"article\" \/>\n<meta property=\"og:title\" content=\"Toogood The Acrobat Jean Chalk Blue\" \/>\n<meta property=\"og:description\" content=\"Toogood is on Rendez-vous Store. This Toogood The Acrobat Jean Chalk Blue has androgynous shapes with utilitarian finishes\" \/>\n<meta property=\"og:url\" content=\"https:\/\/rendez-vous-store.com\/fr\/shop\/special-offer-men-rendez-vous-store\/men-trousers-special-offer-rendez-vous-store\/toogood-the-acrobat-jean-chalk-blue-rendez-vous-store\/\" \/>\n<meta property=\"og:site_name\" content=\"RENDEZ-VOUS STORE\" \/>\n<meta property=\"article:modified_time\" content=\"2026-03-16T16:40:51+00:00\" \/>\n<meta property=\"og:image\" content=\"https:\/\/rendez-vous-store.com\/wp-content\/uploads\/2024\/05\/rdv_10-scaled.webp\" \/>\n\t<meta property=\"og:image:width\" content=\"1696\" \/>\n\t<meta property=\"og:image:height\" content=\"2560\" \/>\n\t<meta property=\"og:image:type\" content=\"image\/webp\" \/>\n<meta name=\"twitter:card\" content=\"summary_large_image\" \/>\n<meta name=\"twitter:label1\" content=\"Est. reading time\" \/>\n\t<meta name=\"twitter:data1\" content=\"1 minute\" \/>\n<script type=\"application\/ld+json\" class=\"yoast-schema-graph\">{\"@context\":\"https:\/\/schema.org\",\"@graph\":[{\"@type\":\"WebPage\",\"@id\":\"https:\/\/rendez-vous-store.com\/shop\/special-offer-men-rendez-vous-store\/men-trousers-special-offer-rendez-vous-store\/toogood-the-acrobat-jean-chalk-blue-rendez-vous-store\/\",\"url\":\"https:\/\/rendez-vous-store.com\/shop\/special-offer-men-rendez-vous-store\/men-trousers-special-offer-rendez-vous-store\/toogood-the-acrobat-jean-chalk-blue-rendez-vous-store\/\",\"name\":\"Toogood The Acrobat Jean Chalk Blue\",\"isPartOf\":{\"@id\":\"https:\/\/rendez-vous-store.com\/#website\"},\"primaryImageOfPage\":{\"@id\":\"https:\/\/rendez-vous-store.com\/shop\/special-offer-men-rendez-vous-store\/men-trousers-special-offer-rendez-vous-store\/toogood-the-acrobat-jean-chalk-blue-rendez-vous-store\/#primaryimage\"},\"image\":{\"@id\":\"https:\/\/rendez-vous-store.com\/shop\/special-offer-men-rendez-vous-store\/men-trousers-special-offer-rendez-vous-store\/toogood-the-acrobat-jean-chalk-blue-rendez-vous-store\/#primaryimage\"},\"thumbnailUrl\":\"https:\/\/rendez-vous-store.com\/app\/uploads\/2024\/05\/rdv_10-scaled.webp\",\"datePublished\":\"2024-05-29T11:38:02+00:00\",\"dateModified\":\"2026-03-16T16:40:51+00:00\",\"description\":\"Toogood is on Rendez-vous Store. This Toogood The Acrobat Jean Chalk Blue has androgynous shapes with utilitarian finishes\",\"breadcrumb\":{\"@id\":\"https:\/\/rendez-vous-store.com\/shop\/special-offer-men-rendez-vous-store\/men-trousers-special-offer-rendez-vous-store\/toogood-the-acrobat-jean-chalk-blue-rendez-vous-store\/#breadcrumb\"},\"inLanguage\":\"fr-FR\",\"potentialAction\":[{\"@type\":\"ReadAction\",\"target\":[\"https:\/\/rendez-vous-store.com\/shop\/special-offer-men-rendez-vous-store\/men-trousers-special-offer-rendez-vous-store\/toogood-the-acrobat-jean-chalk-blue-rendez-vous-store\/\"]}]},{\"@type\":\"ImageObject\",\"inLanguage\":\"fr-FR\",\"@id\":\"https:\/\/rendez-vous-store.com\/shop\/special-offer-men-rendez-vous-store\/men-trousers-special-offer-rendez-vous-store\/toogood-the-acrobat-jean-chalk-blue-rendez-vous-store\/#primaryimage\",\"url\":\"https:\/\/rendez-vous-store.com\/app\/uploads\/2024\/05\/rdv_10-scaled.webp\",\"contentUrl\":\"https:\/\/rendez-vous-store.com\/app\/uploads\/2024\/05\/rdv_10-scaled.webp\",\"width\":1696,\"height\":2560,\"caption\":\"Toogood - The Acrobat Jean - Chalk Blue\"},{\"@type\":\"BreadcrumbList\",\"@id\":\"https:\/\/rendez-vous-store.com\/shop\/special-offer-men-rendez-vous-store\/men-trousers-special-offer-rendez-vous-store\/toogood-the-acrobat-jean-chalk-blue-rendez-vous-store\/#breadcrumb\",\"itemListElement\":[{\"@type\":\"ListItem\",\"position\":1,\"name\":\"Home\",\"item\":\"https:\/\/rendez-vous-store.com\/\"},{\"@type\":\"ListItem\",\"position\":2,\"name\":\"Shop\",\"item\":\"https:\/\/www.rendez-vous-store.com\/shop\/\"},{\"@type\":\"ListItem\",\"position\":3,\"name\":\"Toogood &#8211; The Acrobat Jean &#8211; Chalk Blue\"}]},{\"@type\":\"WebSite\",\"@id\":\"https:\/\/rendez-vous-store.com\/#website\",\"url\":\"https:\/\/rendez-vous-store.com\/\",\"name\":\"RENDEZ-VOUS STORE\",\"description\":\"Slow Fashion for Women and Men\",\"potentialAction\":[{\"@type\":\"SearchAction\",\"target\":{\"@type\":\"EntryPoint\",\"urlTemplate\":\"https:\/\/rendez-vous-store.com\/?s={search_term_string}\"},\"query-input\":{\"@type\":\"PropertyValueSpecification\",\"valueRequired\":true,\"valueName\":\"search_term_string\"}}],\"inLanguage\":\"fr-FR\"}]}<\/script>\n<!-- \/ Yoast SEO plugin. -->","yoast_head_json":{"title":"Toogood The Acrobat Jean Chalk Blue","description":"Toogood is on Rendez-vous Store. This Toogood The Acrobat Jean Chalk Blue has androgynous shapes with utilitarian finishes","robots":{"index":"index","follow":"follow","max-snippet":"max-snippet:-1","max-image-preview":"max-image-preview:large","max-video-preview":"max-video-preview:-1"},"canonical":"https:\/\/rendez-vous-store.com\/fr\/shop\/special-offer-men-rendez-vous-store\/men-trousers-special-offer-rendez-vous-store\/toogood-the-acrobat-jean-chalk-blue-rendez-vous-store\/","og_locale":"fr_FR","og_type":"article","og_title":"Toogood The Acrobat Jean Chalk Blue","og_description":"Toogood is on Rendez-vous Store. This Toogood The Acrobat Jean Chalk Blue has androgynous shapes with utilitarian finishes","og_url":"https:\/\/rendez-vous-store.com\/fr\/shop\/special-offer-men-rendez-vous-store\/men-trousers-special-offer-rendez-vous-store\/toogood-the-acrobat-jean-chalk-blue-rendez-vous-store\/","og_site_name":"RENDEZ-VOUS STORE","article_modified_time":"2026-03-16T16:40:51+00:00","og_image":[{"width":1696,"height":2560,"url":"https:\/\/rendez-vous-store.com\/wp-content\/uploads\/2024\/05\/rdv_10-scaled.webp","type":"image\/webp"}],"twitter_card":"summary_large_image","twitter_misc":{"Est. reading time":"1 minute"},"schema":{"@context":"https:\/\/schema.org","@graph":[{"@type":"WebPage","@id":"https:\/\/rendez-vous-store.com\/shop\/special-offer-men-rendez-vous-store\/men-trousers-special-offer-rendez-vous-store\/toogood-the-acrobat-jean-chalk-blue-rendez-vous-store\/","url":"https:\/\/rendez-vous-store.com\/shop\/special-offer-men-rendez-vous-store\/men-trousers-special-offer-rendez-vous-store\/toogood-the-acrobat-jean-chalk-blue-rendez-vous-store\/","name":"Toogood The Acrobat Jean Chalk Blue","isPartOf":{"@id":"https:\/\/rendez-vous-store.com\/#website"},"primaryImageOfPage":{"@id":"https:\/\/rendez-vous-store.com\/shop\/special-offer-men-rendez-vous-store\/men-trousers-special-offer-rendez-vous-store\/toogood-the-acrobat-jean-chalk-blue-rendez-vous-store\/#primaryimage"},"image":{"@id":"https:\/\/rendez-vous-store.com\/shop\/special-offer-men-rendez-vous-store\/men-trousers-special-offer-rendez-vous-store\/toogood-the-acrobat-jean-chalk-blue-rendez-vous-store\/#primaryimage"},"thumbnailUrl":"https:\/\/rendez-vous-store.com\/app\/uploads\/2024\/05\/rdv_10-scaled.webp","datePublished":"2024-05-29T11:38:02+00:00","dateModified":"2026-03-16T16:40:51+00:00","description":"Toogood is on Rendez-vous Store. This Toogood The Acrobat Jean Chalk Blue has androgynous shapes with utilitarian finishes","breadcrumb":{"@id":"https:\/\/rendez-vous-store.com\/shop\/special-offer-men-rendez-vous-store\/men-trousers-special-offer-rendez-vous-store\/toogood-the-acrobat-jean-chalk-blue-rendez-vous-store\/#breadcrumb"},"inLanguage":"fr-FR","potentialAction":[{"@type":"ReadAction","target":["https:\/\/rendez-vous-store.com\/shop\/special-offer-men-rendez-vous-store\/men-trousers-special-offer-rendez-vous-store\/toogood-the-acrobat-jean-chalk-blue-rendez-vous-store\/"]}]},{"@type":"ImageObject","inLanguage":"fr-FR","@id":"https:\/\/rendez-vous-store.com\/shop\/special-offer-men-rendez-vous-store\/men-trousers-special-offer-rendez-vous-store\/toogood-the-acrobat-jean-chalk-blue-rendez-vous-store\/#primaryimage","url":"https:\/\/rendez-vous-store.com\/app\/uploads\/2024\/05\/rdv_10-scaled.webp","contentUrl":"https:\/\/rendez-vous-store.com\/app\/uploads\/2024\/05\/rdv_10-scaled.webp","width":1696,"height":2560,"caption":"Toogood - The Acrobat Jean - Chalk Blue"},{"@type":"BreadcrumbList","@id":"https:\/\/rendez-vous-store.com\/shop\/special-offer-men-rendez-vous-store\/men-trousers-special-offer-rendez-vous-store\/toogood-the-acrobat-jean-chalk-blue-rendez-vous-store\/#breadcrumb","itemListElement":[{"@type":"ListItem","position":1,"name":"Home","item":"https:\/\/rendez-vous-store.com\/"},{"@type":"ListItem","position":2,"name":"Shop","item":"https:\/\/www.rendez-vous-store.com\/shop\/"},{"@type":"ListItem","position":3,"name":"Toogood &#8211; The Acrobat Jean &#8211; Chalk Blue"}]},{"@type":"WebSite","@id":"https:\/\/rendez-vous-store.com\/#website","url":"https:\/\/rendez-vous-store.com\/","name":"RENDEZ-VOUS STORE","description":"Slow Fashion for Women and Men","potentialAction":[{"@type":"SearchAction","target":{"@type":"EntryPoint","urlTemplate":"https:\/\/rendez-vous-store.com\/?s={search_term_string}"},"query-input":{"@type":"PropertyValueSpecification","valueRequired":true,"valueName":"search_term_string"}}],"inLanguage":"fr-FR"}]}},"_links":{"self":[{"href":"https:\/\/rendez-vous-store.com\/fr\/wp-json\/wp\/v2\/product\/167171","targetHints":{"allow":["GET"]}}],"collection":[{"href":"https:\/\/rendez-vous-store.com\/fr\/wp-json\/wp\/v2\/product"}],"about":[{"href":"https:\/\/rendez-vous-store.com\/fr\/wp-json\/wp\/v2\/types\/product"}],"wp:featuredmedia":[{"embeddable":true,"href":"https:\/\/rendez-vous-store.com\/fr\/wp-json\/wp\/v2\/media\/167661"}],"wp:attachment":[{"href":"https:\/\/rendez-vous-store.com\/fr\/wp-json\/wp\/v2\/media?parent=167171"}],"wp:term":[{"taxonomy":"product_brand","embeddable":true,"href":"https:\/\/rendez-vous-store.com\/fr\/wp-json\/wp\/v2\/product_brand?post=167171"},{"taxonomy":"product_cat","embeddable":true,"href":"https:\/\/rendez-vous-store.com\/fr\/wp-json\/wp\/v2\/product_cat?post=167171"},{"taxonomy":"product_tag","embeddable":true,"href":"https:\/\/rendez-vous-store.com\/fr\/wp-json\/wp\/v2\/product_tag?post=167171"}],"curies":[{"name":"wp","href":"https:\/\/api.w.org\/{rel}","templated":true}]}}