{"id":166868,"date":"2024-05-24T16:29:09","date_gmt":"2024-05-24T14:29:09","guid":{"rendered":"https:\/\/rendez-vous-store.com\/?post_type=product&#038;p=166868"},"modified":"2026-03-16T17:42:43","modified_gmt":"2026-03-16T16:42:43","slug":"aurora-women-middle-english-brown","status":"publish","type":"product","link":"https:\/\/rendez-vous-store.com\/fr\/shop\/women\/women-shoes-heels-discover-our-selection-rendez-vous-store\/aurora-women-middle-english-brown\/","title":{"rendered":"Aurora - Middle English pour femme - Marron"},"content":{"rendered":"<p><strong>Aurora Middle English pour femme Marron<\/strong><\/p>\n<p>Couleur : Marron<\/p>\n<p>La tige et la semelle sont coll\u00e9es l'une \u00e0 l'autre<\/p>\n<p>Bracelet r\u00e9glable et boucle en laiton massif<\/p>\n<p>Composition : Cuir<\/p>\n<p>Semelle ext\u00e9rieure : Caoutchouc<\/p>\n<p>Fabriqu\u00e9 aux \u00c9tats-Unis<\/p>\n<p>&nbsp;<\/p>\n<p>&nbsp;<\/p>\n<p>&nbsp;<\/p>\n<p>&nbsp;<\/p>\n<p>&nbsp;<\/p>\n<p><strong>La marque\u00a0<\/strong><\/p>\n<div class=\"flex-shrink-0 flex flex-col relative items-end\">\n<div class=\"pt-0\">\n<div class=\"gizmo-bot-avatar flex h-8 w-8 items-center justify-center overflow-hidden rounded-full\">\n<div>L'Aurora Shoe Company s'est appuy\u00e9e sur le savoir-faire artisanal. Un petit groupe d'artisans d\u00e9vou\u00e9s fabrique des chaussures dans leur ville rurale du nord de l'\u00c9tat de New York depuis le d\u00e9but des ann\u00e9es 1990. Leurs chaussures sont \u00e0 l'image de leur environnement : simples et belles, avec une forme organique. Ils utilisent des mat\u00e9riaux fabriqu\u00e9s aux \u00c9tats-Unis et assemblent chaque paire \u00e0 la main dans leurs locaux. En mettant l'accent sur le confort, la durabilit\u00e9 et la qualit\u00e9, ils cr\u00e9ent des chaussures qui refl\u00e8tent vos valeurs et votre style de vie.<\/div>\n<\/div>\n<\/div>\n<\/div>\n<div class=\"group\/conversation-turn relative flex w-full min-w-0 flex-col agent-turn\">\n<div class=\"flex-col gap-1 md:gap-3\">\n<div class=\"flex max-w-full flex-col flex-grow\">\n<div class=\"min-h-8 text-message flex w-full flex-col items-end gap-2 whitespace-normal break-words [.text-message+&amp;]:mt-5\" dir=\"auto\" data-message-author-role=\"assistant\" data-message-id=\"cd117b5f-c879-4e1e-bef1-d48e58b07b34\">\n<div class=\"flex w-full flex-col gap-1 empty:hidden first:pt-[3px]\">\n<div class=\"markdown prose w-full break-words dark:prose-invert light\">\n<p>L'Aurora Shoe Company adopte une production durable et \u00e9thique. Elle s'approvisionne localement en mat\u00e9riaux, fabrique tout sur place, r\u00e9duit son empreinte carbone et soutient sa communaut\u00e9 locale.<\/p>\n<\/div>\n<\/div>\n<\/div>\n<\/div>\n<\/div>\n<\/div>","protected":false},"excerpt":{"rendered":"<p>Aurora Women Middle English Brown Color: Brown Upper and sole are glued together Adjustable strap and solid brass buckle Composition: Leather Outersole: Rubber Made in USA &nbsp; &nbsp; &nbsp; &nbsp; &nbsp; The brand\u00a0 The Aurora Shoe Company built its foundation on handmade craftmanship. A small group of dedicated artisans has been making shoes in their&hellip; <a class=\"more-link\" href=\"https:\/\/rendez-vous-store.com\/fr\/shop\/women\/women-shoes-heels-discover-our-selection-rendez-vous-store\/aurora-women-middle-english-brown\/\">Continue reading <span class=\"screen-reader-text\">Aurora - Middle English pour femme - Marron<\/span><\/a><\/p>","protected":false},"featured_media":210102,"template":"","meta":{"_acf_changed":false},"product_brand":[],"product_cat":[17,293],"product_tag":[402],"class_list":{"0":"post-166868","1":"product","2":"type-product","3":"status-publish","4":"has-post-thumbnail","6":"product_cat-women","7":"product_cat-women-shoes-heels-discover-our-selection-rendez-vous-store","8":"product_tag-aurora-designers-rendez-vous-store","9":"entry","11":"first","12":"instock","13":"taxable","14":"shipping-taxable","15":"purchasable","16":"product-type-variable","17":"has-default-attributes"},"acf":[],"yoast_head":"<!-- This site is optimized with the Yoast SEO plugin v24.9 - https:\/\/yoast.com\/wordpress\/plugins\/seo\/ -->\n<title>Aurora Women Middle English Brown<\/title>\n<meta name=\"description\" content=\"Aurora is on Rendez-vous Store. This Aurora Women Middle English Brown will be your ally for all your outings thanks to its comfort and aesthetics.\" \/>\n<meta name=\"robots\" content=\"index, follow, max-snippet:-1, max-image-preview:large, max-video-preview:-1\" \/>\n<link rel=\"canonical\" href=\"https:\/\/rendez-vous-store.com\/fr\/shop\/women\/women-shoes-heels-discover-our-selection-rendez-vous-store\/aurora-women-middle-english-brown\/\" \/>\n<meta property=\"og:locale\" content=\"fr_FR\" \/>\n<meta property=\"og:type\" content=\"article\" \/>\n<meta property=\"og:title\" content=\"Aurora Women Middle English Brown\" \/>\n<meta property=\"og:description\" content=\"Aurora is on Rendez-vous Store. This Aurora Women Middle English Brown will be your ally for all your outings thanks to its comfort and aesthetics.\" \/>\n<meta property=\"og:url\" content=\"https:\/\/rendez-vous-store.com\/fr\/shop\/women\/women-shoes-heels-discover-our-selection-rendez-vous-store\/aurora-women-middle-english-brown\/\" \/>\n<meta property=\"og:site_name\" content=\"RENDEZ-VOUS STORE\" \/>\n<meta property=\"article:modified_time\" content=\"2026-03-16T16:42:43+00:00\" \/>\n<meta property=\"og:image\" content=\"https:\/\/rendez-vous-store.com\/app\/uploads\/2024\/05\/IMG_0047_2_11zon-scaled.webp\" \/>\n\t<meta property=\"og:image:width\" content=\"1707\" \/>\n\t<meta property=\"og:image:height\" content=\"2560\" \/>\n\t<meta property=\"og:image:type\" content=\"image\/webp\" \/>\n<meta name=\"twitter:card\" content=\"summary_large_image\" \/>\n<meta name=\"twitter:label1\" content=\"Est. reading time\" \/>\n\t<meta name=\"twitter:data1\" content=\"1 minute\" \/>\n<script type=\"application\/ld+json\" class=\"yoast-schema-graph\">{\"@context\":\"https:\/\/schema.org\",\"@graph\":[{\"@type\":\"WebPage\",\"@id\":\"https:\/\/rendez-vous-store.com\/shop\/women\/women-shoes-heels-discover-our-selection-rendez-vous-store\/aurora-women-middle-english-brown\/\",\"url\":\"https:\/\/rendez-vous-store.com\/shop\/women\/women-shoes-heels-discover-our-selection-rendez-vous-store\/aurora-women-middle-english-brown\/\",\"name\":\"Aurora Women Middle English Brown\",\"isPartOf\":{\"@id\":\"https:\/\/rendez-vous-store.com\/#website\"},\"primaryImageOfPage\":{\"@id\":\"https:\/\/rendez-vous-store.com\/shop\/women\/women-shoes-heels-discover-our-selection-rendez-vous-store\/aurora-women-middle-english-brown\/#primaryimage\"},\"image\":{\"@id\":\"https:\/\/rendez-vous-store.com\/shop\/women\/women-shoes-heels-discover-our-selection-rendez-vous-store\/aurora-women-middle-english-brown\/#primaryimage\"},\"thumbnailUrl\":\"https:\/\/rendez-vous-store.com\/app\/uploads\/2024\/05\/IMG_0047_2_11zon-scaled.webp\",\"datePublished\":\"2024-05-24T14:29:09+00:00\",\"dateModified\":\"2026-03-16T16:42:43+00:00\",\"description\":\"Aurora is on Rendez-vous Store. This Aurora Women Middle English Brown will be your ally for all your outings thanks to its comfort and aesthetics.\",\"breadcrumb\":{\"@id\":\"https:\/\/rendez-vous-store.com\/shop\/women\/women-shoes-heels-discover-our-selection-rendez-vous-store\/aurora-women-middle-english-brown\/#breadcrumb\"},\"inLanguage\":\"fr-FR\",\"potentialAction\":[{\"@type\":\"ReadAction\",\"target\":[\"https:\/\/rendez-vous-store.com\/shop\/women\/women-shoes-heels-discover-our-selection-rendez-vous-store\/aurora-women-middle-english-brown\/\"]}]},{\"@type\":\"ImageObject\",\"inLanguage\":\"fr-FR\",\"@id\":\"https:\/\/rendez-vous-store.com\/shop\/women\/women-shoes-heels-discover-our-selection-rendez-vous-store\/aurora-women-middle-english-brown\/#primaryimage\",\"url\":\"https:\/\/rendez-vous-store.com\/app\/uploads\/2024\/05\/IMG_0047_2_11zon-scaled.webp\",\"contentUrl\":\"https:\/\/rendez-vous-store.com\/app\/uploads\/2024\/05\/IMG_0047_2_11zon-scaled.webp\",\"width\":1707,\"height\":2560},{\"@type\":\"BreadcrumbList\",\"@id\":\"https:\/\/rendez-vous-store.com\/shop\/women\/women-shoes-heels-discover-our-selection-rendez-vous-store\/aurora-women-middle-english-brown\/#breadcrumb\",\"itemListElement\":[{\"@type\":\"ListItem\",\"position\":1,\"name\":\"Home\",\"item\":\"https:\/\/rendez-vous-store.com\/\"},{\"@type\":\"ListItem\",\"position\":2,\"name\":\"Shop\",\"item\":\"https:\/\/www.rendez-vous-store.com\/shop\/\"},{\"@type\":\"ListItem\",\"position\":3,\"name\":\"Aurora &#8211; Women Middle English &#8211; Brown\"}]},{\"@type\":\"WebSite\",\"@id\":\"https:\/\/rendez-vous-store.com\/#website\",\"url\":\"https:\/\/rendez-vous-store.com\/\",\"name\":\"RENDEZ-VOUS STORE\",\"description\":\"Slow Fashion for Women and Men\",\"potentialAction\":[{\"@type\":\"SearchAction\",\"target\":{\"@type\":\"EntryPoint\",\"urlTemplate\":\"https:\/\/rendez-vous-store.com\/?s={search_term_string}\"},\"query-input\":{\"@type\":\"PropertyValueSpecification\",\"valueRequired\":true,\"valueName\":\"search_term_string\"}}],\"inLanguage\":\"fr-FR\"}]}<\/script>\n<!-- \/ Yoast SEO plugin. -->","yoast_head_json":{"title":"Aurora Women Middle English Brown","description":"Aurora is on Rendez-vous Store. This Aurora Women Middle English Brown will be your ally for all your outings thanks to its comfort and aesthetics.","robots":{"index":"index","follow":"follow","max-snippet":"max-snippet:-1","max-image-preview":"max-image-preview:large","max-video-preview":"max-video-preview:-1"},"canonical":"https:\/\/rendez-vous-store.com\/fr\/shop\/women\/women-shoes-heels-discover-our-selection-rendez-vous-store\/aurora-women-middle-english-brown\/","og_locale":"fr_FR","og_type":"article","og_title":"Aurora Women Middle English Brown","og_description":"Aurora is on Rendez-vous Store. This Aurora Women Middle English Brown will be your ally for all your outings thanks to its comfort and aesthetics.","og_url":"https:\/\/rendez-vous-store.com\/fr\/shop\/women\/women-shoes-heels-discover-our-selection-rendez-vous-store\/aurora-women-middle-english-brown\/","og_site_name":"RENDEZ-VOUS STORE","article_modified_time":"2026-03-16T16:42:43+00:00","og_image":[{"width":1707,"height":2560,"url":"https:\/\/rendez-vous-store.com\/app\/uploads\/2024\/05\/IMG_0047_2_11zon-scaled.webp","type":"image\/webp"}],"twitter_card":"summary_large_image","twitter_misc":{"Est. reading time":"1 minute"},"schema":{"@context":"https:\/\/schema.org","@graph":[{"@type":"WebPage","@id":"https:\/\/rendez-vous-store.com\/shop\/women\/women-shoes-heels-discover-our-selection-rendez-vous-store\/aurora-women-middle-english-brown\/","url":"https:\/\/rendez-vous-store.com\/shop\/women\/women-shoes-heels-discover-our-selection-rendez-vous-store\/aurora-women-middle-english-brown\/","name":"Aurora Women Middle English Brown","isPartOf":{"@id":"https:\/\/rendez-vous-store.com\/#website"},"primaryImageOfPage":{"@id":"https:\/\/rendez-vous-store.com\/shop\/women\/women-shoes-heels-discover-our-selection-rendez-vous-store\/aurora-women-middle-english-brown\/#primaryimage"},"image":{"@id":"https:\/\/rendez-vous-store.com\/shop\/women\/women-shoes-heels-discover-our-selection-rendez-vous-store\/aurora-women-middle-english-brown\/#primaryimage"},"thumbnailUrl":"https:\/\/rendez-vous-store.com\/app\/uploads\/2024\/05\/IMG_0047_2_11zon-scaled.webp","datePublished":"2024-05-24T14:29:09+00:00","dateModified":"2026-03-16T16:42:43+00:00","description":"Aurora is on Rendez-vous Store. This Aurora Women Middle English Brown will be your ally for all your outings thanks to its comfort and aesthetics.","breadcrumb":{"@id":"https:\/\/rendez-vous-store.com\/shop\/women\/women-shoes-heels-discover-our-selection-rendez-vous-store\/aurora-women-middle-english-brown\/#breadcrumb"},"inLanguage":"fr-FR","potentialAction":[{"@type":"ReadAction","target":["https:\/\/rendez-vous-store.com\/shop\/women\/women-shoes-heels-discover-our-selection-rendez-vous-store\/aurora-women-middle-english-brown\/"]}]},{"@type":"ImageObject","inLanguage":"fr-FR","@id":"https:\/\/rendez-vous-store.com\/shop\/women\/women-shoes-heels-discover-our-selection-rendez-vous-store\/aurora-women-middle-english-brown\/#primaryimage","url":"https:\/\/rendez-vous-store.com\/app\/uploads\/2024\/05\/IMG_0047_2_11zon-scaled.webp","contentUrl":"https:\/\/rendez-vous-store.com\/app\/uploads\/2024\/05\/IMG_0047_2_11zon-scaled.webp","width":1707,"height":2560},{"@type":"BreadcrumbList","@id":"https:\/\/rendez-vous-store.com\/shop\/women\/women-shoes-heels-discover-our-selection-rendez-vous-store\/aurora-women-middle-english-brown\/#breadcrumb","itemListElement":[{"@type":"ListItem","position":1,"name":"Home","item":"https:\/\/rendez-vous-store.com\/"},{"@type":"ListItem","position":2,"name":"Shop","item":"https:\/\/www.rendez-vous-store.com\/shop\/"},{"@type":"ListItem","position":3,"name":"Aurora &#8211; Women Middle English &#8211; Brown"}]},{"@type":"WebSite","@id":"https:\/\/rendez-vous-store.com\/#website","url":"https:\/\/rendez-vous-store.com\/","name":"RENDEZ-VOUS STORE","description":"Slow Fashion for Women and Men","potentialAction":[{"@type":"SearchAction","target":{"@type":"EntryPoint","urlTemplate":"https:\/\/rendez-vous-store.com\/?s={search_term_string}"},"query-input":{"@type":"PropertyValueSpecification","valueRequired":true,"valueName":"search_term_string"}}],"inLanguage":"fr-FR"}]}},"_links":{"self":[{"href":"https:\/\/rendez-vous-store.com\/fr\/wp-json\/wp\/v2\/product\/166868","targetHints":{"allow":["GET"]}}],"collection":[{"href":"https:\/\/rendez-vous-store.com\/fr\/wp-json\/wp\/v2\/product"}],"about":[{"href":"https:\/\/rendez-vous-store.com\/fr\/wp-json\/wp\/v2\/types\/product"}],"wp:featuredmedia":[{"embeddable":true,"href":"https:\/\/rendez-vous-store.com\/fr\/wp-json\/wp\/v2\/media\/210102"}],"wp:attachment":[{"href":"https:\/\/rendez-vous-store.com\/fr\/wp-json\/wp\/v2\/media?parent=166868"}],"wp:term":[{"taxonomy":"product_brand","embeddable":true,"href":"https:\/\/rendez-vous-store.com\/fr\/wp-json\/wp\/v2\/product_brand?post=166868"},{"taxonomy":"product_cat","embeddable":true,"href":"https:\/\/rendez-vous-store.com\/fr\/wp-json\/wp\/v2\/product_cat?post=166868"},{"taxonomy":"product_tag","embeddable":true,"href":"https:\/\/rendez-vous-store.com\/fr\/wp-json\/wp\/v2\/product_tag?post=166868"}],"curies":[{"name":"wp","href":"https:\/\/api.w.org\/{rel}","templated":true}]}}