{"id":166641,"date":"2024-05-24T14:51:12","date_gmt":"2024-05-24T12:51:12","guid":{"rendered":"https:\/\/rendez-vous-store.com\/?post_type=product&#038;p=166641"},"modified":"2026-03-16T17:42:08","modified_gmt":"2026-03-16T16:42:08","slug":"hender-scheme-women-shoes-mj-s-web-black-natural-rendez-vous-store","status":"publish","type":"product","link":"https:\/\/rendez-vous-store.com\/fr\/shop\/special-offer-women-rendez-vous-store\/women-shoes-special-offer\/hender-scheme-women-shoes-mj-s-web-black-natural-rendez-vous-store\/","title":{"rendered":"Hender Scheme \u2013 Chaussures Femme MJ-S-WEB \u2013 Noir\/Naturel"},"content":{"rendered":"<p><strong>Hender Scheme \u2013 Chaussures Femme MJ-S-WEB \u2013 Noir\/Naturel<\/strong><\/p>\n<p>Couleur : Noir\/Naturel<\/p>\n<p>Composition : Dessus : 100% Cuir de vache - nylon<\/p>\n<p>Semelle : semelle Eva<\/p>\n<p>&nbsp;<\/p>\n<p>&nbsp;<\/p>\n<p>&nbsp;<\/p>\n<p><strong>La marque\u00a0<\/strong><\/p>\n<p>Le cr\u00e9ateur Ryo Kashiwazaki a fond\u00e9 Hender Scheme \u00e0 Tokyo. La marque est sp\u00e9cialis\u00e9e dans les chaussures et les accessoires en cuir haut de gamme fabriqu\u00e9s \u00e0 la main.<\/p>\n<p>Hender Scheme refl\u00e8te parfaitement le soin, la pr\u00e9cision et le respect que les artisans japonais portent \u00e0 leur travail. Les clients consid\u00e8rent ces produits comme des incontournables en raison de leur haute qualit\u00e9 et de leur design intemporel.<\/p>","protected":false},"excerpt":{"rendered":"<p>Hender Scheme &#8211; Women Shoes MJ-S-WEB &#8211; Black\/Natural Color: Black\/Natural Composition: Upper: 100% Cow leather &#8211; nylon Sole: Eva sole &nbsp; &nbsp; &nbsp; The brand\u00a0 Designer Ryo Kashiwazaki founded Hender Scheme in Tokyo. The brand specializes in handcrafted premium leather footwear and accessories. Hender Scheme perfectly reflects the care, precision, and respect that Japanese artisans&hellip; <a class=\"more-link\" href=\"https:\/\/rendez-vous-store.com\/fr\/shop\/special-offer-women-rendez-vous-store\/women-shoes-special-offer\/hender-scheme-women-shoes-mj-s-web-black-natural-rendez-vous-store\/\">Continuer la lecture <span class=\"screen-reader-text\">Hender Scheme \u2013 Chaussures Femme MJ-S-WEB \u2013 Noir\/Naturel<\/span><\/a><\/p>","protected":false},"featured_media":167085,"template":"","meta":{"_acf_changed":false},"product_brand":[],"product_cat":[1292,1344,1335,17,293],"product_tag":[624],"class_list":{"0":"post-166641","1":"product","2":"type-product","3":"status-publish","4":"has-post-thumbnail","6":"product_cat-1292","7":"product_cat-women-shoes-special-offer","8":"product_cat-special-offer-women-rendez-vous-store","9":"product_cat-women","10":"product_cat-women-shoes-heels-discover-our-selection-rendez-vous-store","11":"product_tag-hender-scheme","12":"entry","14":"first","15":"instock","16":"taxable","17":"shipping-taxable","18":"purchasable","19":"product-type-variable","20":"has-default-attributes"},"acf":[],"yoast_head":"<!-- This site is optimized with the Yoast SEO plugin v24.9 - https:\/\/yoast.com\/wordpress\/plugins\/seo\/ -->\n<title>Hender Scheme Women Shoes MJ-S-WEB Black\/Natural<\/title>\n<meta name=\"description\" content=\"Hender Scheme is on Rendez-Vous Store. This Hender Scheme Women Shoes MJ-S-WEB Black\/Natural blends traditional techniques with contemporary style.\" \/>\n<meta name=\"robots\" content=\"index, follow, max-snippet:-1, max-image-preview:large, max-video-preview:-1\" \/>\n<link rel=\"canonical\" href=\"https:\/\/rendez-vous-store.com\/fr\/shop\/special-offer-women-rendez-vous-store\/women-shoes-special-offer\/hender-scheme-women-shoes-mj-s-web-black-natural-rendez-vous-store\/\" \/>\n<meta property=\"og:locale\" content=\"fr_FR\" \/>\n<meta property=\"og:type\" content=\"article\" \/>\n<meta property=\"og:title\" content=\"Hender Scheme Women Shoes MJ-S-WEB Black\/Natural\" \/>\n<meta property=\"og:description\" content=\"Hender Scheme is on Rendez-Vous Store. This Hender Scheme Women Shoes MJ-S-WEB Black\/Natural blends traditional techniques with contemporary style.\" \/>\n<meta property=\"og:url\" content=\"https:\/\/rendez-vous-store.com\/fr\/shop\/special-offer-women-rendez-vous-store\/women-shoes-special-offer\/hender-scheme-women-shoes-mj-s-web-black-natural-rendez-vous-store\/\" \/>\n<meta property=\"og:site_name\" content=\"RENDEZ-VOUS STORE\" \/>\n<meta property=\"article:modified_time\" content=\"2026-03-16T16:42:08+00:00\" \/>\n<meta property=\"og:image\" content=\"https:\/\/rendez-vous-store.com\/app\/uploads\/2024\/05\/s-1.webp\" \/>\n\t<meta property=\"og:image:width\" content=\"1696\" \/>\n\t<meta property=\"og:image:height\" content=\"2560\" \/>\n\t<meta property=\"og:image:type\" content=\"image\/webp\" \/>\n<meta name=\"twitter:card\" content=\"summary_large_image\" \/>\n<meta name=\"twitter:label1\" content=\"Est. reading time\" \/>\n\t<meta name=\"twitter:data1\" content=\"1 minute\" \/>\n<script type=\"application\/ld+json\" class=\"yoast-schema-graph\">{\"@context\":\"https:\/\/schema.org\",\"@graph\":[{\"@type\":\"WebPage\",\"@id\":\"https:\/\/rendez-vous-store.com\/shop\/special-offer-women-rendez-vous-store\/women-shoes-special-offer\/hender-scheme-women-shoes-mj-s-web-black-natural-rendez-vous-store\/\",\"url\":\"https:\/\/rendez-vous-store.com\/shop\/special-offer-women-rendez-vous-store\/women-shoes-special-offer\/hender-scheme-women-shoes-mj-s-web-black-natural-rendez-vous-store\/\",\"name\":\"Hender Scheme Women Shoes MJ-S-WEB Black\/Natural\",\"isPartOf\":{\"@id\":\"https:\/\/rendez-vous-store.com\/#website\"},\"primaryImageOfPage\":{\"@id\":\"https:\/\/rendez-vous-store.com\/shop\/special-offer-women-rendez-vous-store\/women-shoes-special-offer\/hender-scheme-women-shoes-mj-s-web-black-natural-rendez-vous-store\/#primaryimage\"},\"image\":{\"@id\":\"https:\/\/rendez-vous-store.com\/shop\/special-offer-women-rendez-vous-store\/women-shoes-special-offer\/hender-scheme-women-shoes-mj-s-web-black-natural-rendez-vous-store\/#primaryimage\"},\"thumbnailUrl\":\"https:\/\/rendez-vous-store.com\/app\/uploads\/2024\/05\/s-1.webp\",\"datePublished\":\"2024-05-24T12:51:12+00:00\",\"dateModified\":\"2026-03-16T16:42:08+00:00\",\"description\":\"Hender Scheme is on Rendez-Vous Store. This Hender Scheme Women Shoes MJ-S-WEB Black\/Natural blends traditional techniques with contemporary style.\",\"breadcrumb\":{\"@id\":\"https:\/\/rendez-vous-store.com\/shop\/special-offer-women-rendez-vous-store\/women-shoes-special-offer\/hender-scheme-women-shoes-mj-s-web-black-natural-rendez-vous-store\/#breadcrumb\"},\"inLanguage\":\"fr-FR\",\"potentialAction\":[{\"@type\":\"ReadAction\",\"target\":[\"https:\/\/rendez-vous-store.com\/shop\/special-offer-women-rendez-vous-store\/women-shoes-special-offer\/hender-scheme-women-shoes-mj-s-web-black-natural-rendez-vous-store\/\"]}]},{\"@type\":\"ImageObject\",\"inLanguage\":\"fr-FR\",\"@id\":\"https:\/\/rendez-vous-store.com\/shop\/special-offer-women-rendez-vous-store\/women-shoes-special-offer\/hender-scheme-women-shoes-mj-s-web-black-natural-rendez-vous-store\/#primaryimage\",\"url\":\"https:\/\/rendez-vous-store.com\/app\/uploads\/2024\/05\/s-1.webp\",\"contentUrl\":\"https:\/\/rendez-vous-store.com\/app\/uploads\/2024\/05\/s-1.webp\",\"width\":1696,\"height\":2560,\"caption\":\"Hender Scheme - Women Shoes MJ-S-WEB - Black\/Natural\"},{\"@type\":\"BreadcrumbList\",\"@id\":\"https:\/\/rendez-vous-store.com\/shop\/special-offer-women-rendez-vous-store\/women-shoes-special-offer\/hender-scheme-women-shoes-mj-s-web-black-natural-rendez-vous-store\/#breadcrumb\",\"itemListElement\":[{\"@type\":\"ListItem\",\"position\":1,\"name\":\"Home\",\"item\":\"https:\/\/rendez-vous-store.com\/\"},{\"@type\":\"ListItem\",\"position\":2,\"name\":\"Shop\",\"item\":\"https:\/\/www.rendez-vous-store.com\/shop\/\"},{\"@type\":\"ListItem\",\"position\":3,\"name\":\"Hender Scheme &#8211; Women Shoes MJ-S-WEB &#8211; Black\/Natural\"}]},{\"@type\":\"WebSite\",\"@id\":\"https:\/\/rendez-vous-store.com\/#website\",\"url\":\"https:\/\/rendez-vous-store.com\/\",\"name\":\"RENDEZ-VOUS STORE\",\"description\":\"Slow Fashion for Women and Men\",\"potentialAction\":[{\"@type\":\"SearchAction\",\"target\":{\"@type\":\"EntryPoint\",\"urlTemplate\":\"https:\/\/rendez-vous-store.com\/?s={search_term_string}\"},\"query-input\":{\"@type\":\"PropertyValueSpecification\",\"valueRequired\":true,\"valueName\":\"search_term_string\"}}],\"inLanguage\":\"fr-FR\"}]}<\/script>\n<!-- \/ Yoast SEO plugin. -->","yoast_head_json":{"title":"Hender Scheme Women Shoes MJ-S-WEB Black\/Natural","description":"Hender Scheme is on Rendez-Vous Store. This Hender Scheme Women Shoes MJ-S-WEB Black\/Natural blends traditional techniques with contemporary style.","robots":{"index":"index","follow":"follow","max-snippet":"max-snippet:-1","max-image-preview":"max-image-preview:large","max-video-preview":"max-video-preview:-1"},"canonical":"https:\/\/rendez-vous-store.com\/fr\/shop\/special-offer-women-rendez-vous-store\/women-shoes-special-offer\/hender-scheme-women-shoes-mj-s-web-black-natural-rendez-vous-store\/","og_locale":"fr_FR","og_type":"article","og_title":"Hender Scheme Women Shoes MJ-S-WEB Black\/Natural","og_description":"Hender Scheme is on Rendez-Vous Store. This Hender Scheme Women Shoes MJ-S-WEB Black\/Natural blends traditional techniques with contemporary style.","og_url":"https:\/\/rendez-vous-store.com\/fr\/shop\/special-offer-women-rendez-vous-store\/women-shoes-special-offer\/hender-scheme-women-shoes-mj-s-web-black-natural-rendez-vous-store\/","og_site_name":"RENDEZ-VOUS STORE","article_modified_time":"2026-03-16T16:42:08+00:00","og_image":[{"width":1696,"height":2560,"url":"https:\/\/rendez-vous-store.com\/app\/uploads\/2024\/05\/s-1.webp","type":"image\/webp"}],"twitter_card":"summary_large_image","twitter_misc":{"Est. reading time":"1 minute"},"schema":{"@context":"https:\/\/schema.org","@graph":[{"@type":"WebPage","@id":"https:\/\/rendez-vous-store.com\/shop\/special-offer-women-rendez-vous-store\/women-shoes-special-offer\/hender-scheme-women-shoes-mj-s-web-black-natural-rendez-vous-store\/","url":"https:\/\/rendez-vous-store.com\/shop\/special-offer-women-rendez-vous-store\/women-shoes-special-offer\/hender-scheme-women-shoes-mj-s-web-black-natural-rendez-vous-store\/","name":"Hender Scheme Women Shoes MJ-S-WEB Black\/Natural","isPartOf":{"@id":"https:\/\/rendez-vous-store.com\/#website"},"primaryImageOfPage":{"@id":"https:\/\/rendez-vous-store.com\/shop\/special-offer-women-rendez-vous-store\/women-shoes-special-offer\/hender-scheme-women-shoes-mj-s-web-black-natural-rendez-vous-store\/#primaryimage"},"image":{"@id":"https:\/\/rendez-vous-store.com\/shop\/special-offer-women-rendez-vous-store\/women-shoes-special-offer\/hender-scheme-women-shoes-mj-s-web-black-natural-rendez-vous-store\/#primaryimage"},"thumbnailUrl":"https:\/\/rendez-vous-store.com\/app\/uploads\/2024\/05\/s-1.webp","datePublished":"2024-05-24T12:51:12+00:00","dateModified":"2026-03-16T16:42:08+00:00","description":"Hender Scheme is on Rendez-Vous Store. This Hender Scheme Women Shoes MJ-S-WEB Black\/Natural blends traditional techniques with contemporary style.","breadcrumb":{"@id":"https:\/\/rendez-vous-store.com\/shop\/special-offer-women-rendez-vous-store\/women-shoes-special-offer\/hender-scheme-women-shoes-mj-s-web-black-natural-rendez-vous-store\/#breadcrumb"},"inLanguage":"fr-FR","potentialAction":[{"@type":"ReadAction","target":["https:\/\/rendez-vous-store.com\/shop\/special-offer-women-rendez-vous-store\/women-shoes-special-offer\/hender-scheme-women-shoes-mj-s-web-black-natural-rendez-vous-store\/"]}]},{"@type":"ImageObject","inLanguage":"fr-FR","@id":"https:\/\/rendez-vous-store.com\/shop\/special-offer-women-rendez-vous-store\/women-shoes-special-offer\/hender-scheme-women-shoes-mj-s-web-black-natural-rendez-vous-store\/#primaryimage","url":"https:\/\/rendez-vous-store.com\/app\/uploads\/2024\/05\/s-1.webp","contentUrl":"https:\/\/rendez-vous-store.com\/app\/uploads\/2024\/05\/s-1.webp","width":1696,"height":2560,"caption":"Hender Scheme - Women Shoes MJ-S-WEB - Black\/Natural"},{"@type":"BreadcrumbList","@id":"https:\/\/rendez-vous-store.com\/shop\/special-offer-women-rendez-vous-store\/women-shoes-special-offer\/hender-scheme-women-shoes-mj-s-web-black-natural-rendez-vous-store\/#breadcrumb","itemListElement":[{"@type":"ListItem","position":1,"name":"Home","item":"https:\/\/rendez-vous-store.com\/"},{"@type":"ListItem","position":2,"name":"Shop","item":"https:\/\/www.rendez-vous-store.com\/shop\/"},{"@type":"ListItem","position":3,"name":"Hender Scheme &#8211; Women Shoes MJ-S-WEB &#8211; Black\/Natural"}]},{"@type":"WebSite","@id":"https:\/\/rendez-vous-store.com\/#website","url":"https:\/\/rendez-vous-store.com\/","name":"RENDEZ-VOUS STORE","description":"Slow Fashion for Women and Men","potentialAction":[{"@type":"SearchAction","target":{"@type":"EntryPoint","urlTemplate":"https:\/\/rendez-vous-store.com\/?s={search_term_string}"},"query-input":{"@type":"PropertyValueSpecification","valueRequired":true,"valueName":"search_term_string"}}],"inLanguage":"fr-FR"}]}},"_links":{"self":[{"href":"https:\/\/rendez-vous-store.com\/fr\/wp-json\/wp\/v2\/product\/166641","targetHints":{"allow":["GET"]}}],"collection":[{"href":"https:\/\/rendez-vous-store.com\/fr\/wp-json\/wp\/v2\/product"}],"about":[{"href":"https:\/\/rendez-vous-store.com\/fr\/wp-json\/wp\/v2\/types\/product"}],"wp:featuredmedia":[{"embeddable":true,"href":"https:\/\/rendez-vous-store.com\/fr\/wp-json\/wp\/v2\/media\/167085"}],"wp:attachment":[{"href":"https:\/\/rendez-vous-store.com\/fr\/wp-json\/wp\/v2\/media?parent=166641"}],"wp:term":[{"taxonomy":"product_brand","embeddable":true,"href":"https:\/\/rendez-vous-store.com\/fr\/wp-json\/wp\/v2\/product_brand?post=166641"},{"taxonomy":"product_cat","embeddable":true,"href":"https:\/\/rendez-vous-store.com\/fr\/wp-json\/wp\/v2\/product_cat?post=166641"},{"taxonomy":"product_tag","embeddable":true,"href":"https:\/\/rendez-vous-store.com\/fr\/wp-json\/wp\/v2\/product_tag?post=166641"}],"curies":[{"name":"wp","href":"https:\/\/api.w.org\/{rel}","templated":true}]}}