{"id":166451,"date":"2024-05-23T17:27:14","date_gmt":"2024-05-23T15:27:14","guid":{"rendered":"https:\/\/rendez-vous-store.com\/?post_type=product&#038;p=166451"},"modified":"2026-03-16T17:38:25","modified_gmt":"2026-03-16T16:38:25","slug":"martiniano-glove-flat-shoes-oxblood-rendez-vous-store","status":"publish","type":"product","link":"https:\/\/rendez-vous-store.com\/fr\/shop\/special-offer-women-rendez-vous-store\/women-shoes-special-offer\/martiniano-glove-flat-shoes-oxblood-rendez-vous-store\/","title":{"rendered":"Martiniano - Chaussures plates Glove - Oxblood"},"content":{"rendered":"<p><strong>Chaussures plates Martiniano Glove Oxblood<\/strong><\/p>\n<p>Coloris : sang de b\u0153uf<\/p>\n<p>Chaussures \u00e0 enfiler<\/p>\n<p>Empeigne griff\u00e9e<\/p>\n<p>Talon en cuir de 0,5 pouce<\/p>\n<p>Composition : 100% Tige en cuir de chevreau non doubl\u00e9e et semelle ext\u00e9rieure en cuir<\/p>\n<p>Fabriqu\u00e9 \u00e0 la main en Argentine<\/p>\n<p>Conforme \u00e0 la taille<\/p>\n<p>Taille : EU<\/p>\n<p>&nbsp;<\/p>\n<p><strong>La marque :\u00a0<\/strong><\/p>\n<p>Les chaussures plates Martiniano Glove Oxblood s'inspirent des mocassins argentins traditionnels et des chaussures de danse ajust\u00e9es. Utilisant des techniques ancestrales et des mat\u00e9riaux de qualit\u00e9, la forme de la chaussure est d\u00e9finie par la courbe naturelle de vos pieds.<\/p>\n<p>Martiniano est une ligne de chaussures argentines fabriqu\u00e9es \u00e0 la main et con\u00e7ues par Martiniano Lopez Crozet.<\/p>\n<p>Les artisans de Buenos Aires utilisent des techniques ancestrales et des mat\u00e9riaux de qualit\u00e9 pour couper, d\u00e9couper, piquer et coudre chaque chaussure \u00e0 la main.<\/p>\n<p>Les chaussures sont fabriqu\u00e9es en cuir 100%, y compris les talons et les semelles superpos\u00e9s.<\/p>\n<p>&nbsp;<\/p>","protected":false},"excerpt":{"rendered":"<p>Martiniano Glove Flat Shoes Oxblood Color: Oxblood Slip-on shoes Signature high vamp 0.5 inch stacked leather heel Composition: 100% Unlined kid leather upper and leather outer sole Handmade in Argentina Fit true to size Sizing: EU &nbsp; The Brand:\u00a0 Martiniano Glove Oxblood Flat Shoes are inspired by traditional Argentine moccasins and fitted dance shoes. Using&hellip; <a class=\"more-link\" href=\"https:\/\/rendez-vous-store.com\/fr\/shop\/special-offer-women-rendez-vous-store\/women-shoes-special-offer\/martiniano-glove-flat-shoes-oxblood-rendez-vous-store\/\">Continue reading <span class=\"screen-reader-text\">Martiniano - Chaussures plates Glove - Oxblood<\/span><\/a><\/p>","protected":false},"featured_media":167848,"template":"","meta":{"_acf_changed":false},"product_brand":[],"product_cat":[1292,1344,1335,17,293],"product_tag":[660],"class_list":{"0":"post-166451","1":"product","2":"type-product","3":"status-publish","4":"has-post-thumbnail","6":"product_cat-1292","7":"product_cat-women-shoes-special-offer","8":"product_cat-special-offer-women-rendez-vous-store","9":"product_cat-women","10":"product_cat-women-shoes-heels-discover-our-selection-rendez-vous-store","11":"product_tag-martiniano","12":"entry","14":"first","15":"outofstock","16":"taxable","17":"shipping-taxable","18":"product-type-variable","19":"has-default-attributes"},"acf":[],"yoast_head":"<!-- This site is optimized with the Yoast SEO plugin v24.9 - https:\/\/yoast.com\/wordpress\/plugins\/seo\/ -->\n<title>Martiniano - Glove Flat Shoes - Oxblood - Rendez-Vous Store<\/title>\n<meta name=\"description\" content=\"Martiniano Glove Flat Shoes Oxblood are inspired by traditional Argentine moccasins and fitted dance shoes.\" \/>\n<meta name=\"robots\" content=\"index, follow, max-snippet:-1, max-image-preview:large, max-video-preview:-1\" \/>\n<link rel=\"canonical\" href=\"https:\/\/rendez-vous-store.com\/fr\/shop\/special-offer-women-rendez-vous-store\/women-shoes-special-offer\/martiniano-glove-flat-shoes-oxblood-rendez-vous-store\/\" \/>\n<meta property=\"og:locale\" content=\"fr_FR\" \/>\n<meta property=\"og:type\" content=\"article\" \/>\n<meta property=\"og:title\" content=\"Martiniano - Glove Flat Shoes - Oxblood - Rendez-Vous Store\" \/>\n<meta property=\"og:description\" content=\"Martiniano Glove Flat Shoes Oxblood are inspired by traditional Argentine moccasins and fitted dance shoes.\" \/>\n<meta property=\"og:url\" content=\"https:\/\/rendez-vous-store.com\/fr\/shop\/special-offer-women-rendez-vous-store\/women-shoes-special-offer\/martiniano-glove-flat-shoes-oxblood-rendez-vous-store\/\" \/>\n<meta property=\"og:site_name\" content=\"RENDEZ-VOUS STORE\" \/>\n<meta property=\"article:modified_time\" content=\"2026-03-16T16:38:25+00:00\" \/>\n<meta property=\"og:image\" content=\"https:\/\/rendez-vous-store.com\/wp-content\/uploads\/2024\/05\/martininano.webp\" \/>\n\t<meta property=\"og:image:width\" content=\"1696\" \/>\n\t<meta property=\"og:image:height\" content=\"2560\" \/>\n\t<meta property=\"og:image:type\" content=\"image\/webp\" \/>\n<meta name=\"twitter:card\" content=\"summary_large_image\" \/>\n<meta name=\"twitter:label1\" content=\"Est. reading time\" \/>\n\t<meta name=\"twitter:data1\" content=\"1 minute\" \/>\n<script type=\"application\/ld+json\" class=\"yoast-schema-graph\">{\"@context\":\"https:\/\/schema.org\",\"@graph\":[{\"@type\":\"WebPage\",\"@id\":\"https:\/\/rendez-vous-store.com\/shop\/special-offer-women-rendez-vous-store\/women-shoes-special-offer\/martiniano-glove-flat-shoes-oxblood-rendez-vous-store\/\",\"url\":\"https:\/\/rendez-vous-store.com\/shop\/special-offer-women-rendez-vous-store\/women-shoes-special-offer\/martiniano-glove-flat-shoes-oxblood-rendez-vous-store\/\",\"name\":\"Martiniano - Glove Flat Shoes - Oxblood - Rendez-Vous Store\",\"isPartOf\":{\"@id\":\"https:\/\/rendez-vous-store.com\/#website\"},\"primaryImageOfPage\":{\"@id\":\"https:\/\/rendez-vous-store.com\/shop\/special-offer-women-rendez-vous-store\/women-shoes-special-offer\/martiniano-glove-flat-shoes-oxblood-rendez-vous-store\/#primaryimage\"},\"image\":{\"@id\":\"https:\/\/rendez-vous-store.com\/shop\/special-offer-women-rendez-vous-store\/women-shoes-special-offer\/martiniano-glove-flat-shoes-oxblood-rendez-vous-store\/#primaryimage\"},\"thumbnailUrl\":\"https:\/\/rendez-vous-store.com\/app\/uploads\/2024\/05\/martininano.webp\",\"datePublished\":\"2024-05-23T15:27:14+00:00\",\"dateModified\":\"2026-03-16T16:38:25+00:00\",\"description\":\"Martiniano Glove Flat Shoes Oxblood are inspired by traditional Argentine moccasins and fitted dance shoes.\",\"breadcrumb\":{\"@id\":\"https:\/\/rendez-vous-store.com\/shop\/special-offer-women-rendez-vous-store\/women-shoes-special-offer\/martiniano-glove-flat-shoes-oxblood-rendez-vous-store\/#breadcrumb\"},\"inLanguage\":\"fr-FR\",\"potentialAction\":[{\"@type\":\"ReadAction\",\"target\":[\"https:\/\/rendez-vous-store.com\/shop\/special-offer-women-rendez-vous-store\/women-shoes-special-offer\/martiniano-glove-flat-shoes-oxblood-rendez-vous-store\/\"]}]},{\"@type\":\"ImageObject\",\"inLanguage\":\"fr-FR\",\"@id\":\"https:\/\/rendez-vous-store.com\/shop\/special-offer-women-rendez-vous-store\/women-shoes-special-offer\/martiniano-glove-flat-shoes-oxblood-rendez-vous-store\/#primaryimage\",\"url\":\"https:\/\/rendez-vous-store.com\/app\/uploads\/2024\/05\/martininano.webp\",\"contentUrl\":\"https:\/\/rendez-vous-store.com\/app\/uploads\/2024\/05\/martininano.webp\",\"width\":1696,\"height\":2560,\"caption\":\"Martiniano - Glove Flat Shoes - Oxblood\"},{\"@type\":\"BreadcrumbList\",\"@id\":\"https:\/\/rendez-vous-store.com\/shop\/special-offer-women-rendez-vous-store\/women-shoes-special-offer\/martiniano-glove-flat-shoes-oxblood-rendez-vous-store\/#breadcrumb\",\"itemListElement\":[{\"@type\":\"ListItem\",\"position\":1,\"name\":\"Home\",\"item\":\"https:\/\/rendez-vous-store.com\/\"},{\"@type\":\"ListItem\",\"position\":2,\"name\":\"Shop\",\"item\":\"https:\/\/www.rendez-vous-store.com\/shop\/\"},{\"@type\":\"ListItem\",\"position\":3,\"name\":\"Martiniano &#8211; Glove Flat Shoes &#8211; Oxblood\"}]},{\"@type\":\"WebSite\",\"@id\":\"https:\/\/rendez-vous-store.com\/#website\",\"url\":\"https:\/\/rendez-vous-store.com\/\",\"name\":\"RENDEZ-VOUS STORE\",\"description\":\"Slow Fashion for Women and Men\",\"potentialAction\":[{\"@type\":\"SearchAction\",\"target\":{\"@type\":\"EntryPoint\",\"urlTemplate\":\"https:\/\/rendez-vous-store.com\/?s={search_term_string}\"},\"query-input\":{\"@type\":\"PropertyValueSpecification\",\"valueRequired\":true,\"valueName\":\"search_term_string\"}}],\"inLanguage\":\"fr-FR\"}]}<\/script>\n<!-- \/ Yoast SEO plugin. -->","yoast_head_json":{"title":"Martiniano - Glove Flat Shoes - Oxblood - Rendez-Vous Store","description":"Martiniano Glove Flat Shoes Oxblood are inspired by traditional Argentine moccasins and fitted dance shoes.","robots":{"index":"index","follow":"follow","max-snippet":"max-snippet:-1","max-image-preview":"max-image-preview:large","max-video-preview":"max-video-preview:-1"},"canonical":"https:\/\/rendez-vous-store.com\/fr\/shop\/special-offer-women-rendez-vous-store\/women-shoes-special-offer\/martiniano-glove-flat-shoes-oxblood-rendez-vous-store\/","og_locale":"fr_FR","og_type":"article","og_title":"Martiniano - Glove Flat Shoes - Oxblood - Rendez-Vous Store","og_description":"Martiniano Glove Flat Shoes Oxblood are inspired by traditional Argentine moccasins and fitted dance shoes.","og_url":"https:\/\/rendez-vous-store.com\/fr\/shop\/special-offer-women-rendez-vous-store\/women-shoes-special-offer\/martiniano-glove-flat-shoes-oxblood-rendez-vous-store\/","og_site_name":"RENDEZ-VOUS STORE","article_modified_time":"2026-03-16T16:38:25+00:00","og_image":[{"width":1696,"height":2560,"url":"https:\/\/rendez-vous-store.com\/wp-content\/uploads\/2024\/05\/martininano.webp","type":"image\/webp"}],"twitter_card":"summary_large_image","twitter_misc":{"Est. reading time":"1 minute"},"schema":{"@context":"https:\/\/schema.org","@graph":[{"@type":"WebPage","@id":"https:\/\/rendez-vous-store.com\/shop\/special-offer-women-rendez-vous-store\/women-shoes-special-offer\/martiniano-glove-flat-shoes-oxblood-rendez-vous-store\/","url":"https:\/\/rendez-vous-store.com\/shop\/special-offer-women-rendez-vous-store\/women-shoes-special-offer\/martiniano-glove-flat-shoes-oxblood-rendez-vous-store\/","name":"Martiniano - Glove Flat Shoes - Oxblood - Rendez-Vous Store","isPartOf":{"@id":"https:\/\/rendez-vous-store.com\/#website"},"primaryImageOfPage":{"@id":"https:\/\/rendez-vous-store.com\/shop\/special-offer-women-rendez-vous-store\/women-shoes-special-offer\/martiniano-glove-flat-shoes-oxblood-rendez-vous-store\/#primaryimage"},"image":{"@id":"https:\/\/rendez-vous-store.com\/shop\/special-offer-women-rendez-vous-store\/women-shoes-special-offer\/martiniano-glove-flat-shoes-oxblood-rendez-vous-store\/#primaryimage"},"thumbnailUrl":"https:\/\/rendez-vous-store.com\/app\/uploads\/2024\/05\/martininano.webp","datePublished":"2024-05-23T15:27:14+00:00","dateModified":"2026-03-16T16:38:25+00:00","description":"Martiniano Glove Flat Shoes Oxblood are inspired by traditional Argentine moccasins and fitted dance shoes.","breadcrumb":{"@id":"https:\/\/rendez-vous-store.com\/shop\/special-offer-women-rendez-vous-store\/women-shoes-special-offer\/martiniano-glove-flat-shoes-oxblood-rendez-vous-store\/#breadcrumb"},"inLanguage":"fr-FR","potentialAction":[{"@type":"ReadAction","target":["https:\/\/rendez-vous-store.com\/shop\/special-offer-women-rendez-vous-store\/women-shoes-special-offer\/martiniano-glove-flat-shoes-oxblood-rendez-vous-store\/"]}]},{"@type":"ImageObject","inLanguage":"fr-FR","@id":"https:\/\/rendez-vous-store.com\/shop\/special-offer-women-rendez-vous-store\/women-shoes-special-offer\/martiniano-glove-flat-shoes-oxblood-rendez-vous-store\/#primaryimage","url":"https:\/\/rendez-vous-store.com\/app\/uploads\/2024\/05\/martininano.webp","contentUrl":"https:\/\/rendez-vous-store.com\/app\/uploads\/2024\/05\/martininano.webp","width":1696,"height":2560,"caption":"Martiniano - Glove Flat Shoes - Oxblood"},{"@type":"BreadcrumbList","@id":"https:\/\/rendez-vous-store.com\/shop\/special-offer-women-rendez-vous-store\/women-shoes-special-offer\/martiniano-glove-flat-shoes-oxblood-rendez-vous-store\/#breadcrumb","itemListElement":[{"@type":"ListItem","position":1,"name":"Home","item":"https:\/\/rendez-vous-store.com\/"},{"@type":"ListItem","position":2,"name":"Shop","item":"https:\/\/www.rendez-vous-store.com\/shop\/"},{"@type":"ListItem","position":3,"name":"Martiniano &#8211; Glove Flat Shoes &#8211; Oxblood"}]},{"@type":"WebSite","@id":"https:\/\/rendez-vous-store.com\/#website","url":"https:\/\/rendez-vous-store.com\/","name":"RENDEZ-VOUS STORE","description":"Slow Fashion for Women and Men","potentialAction":[{"@type":"SearchAction","target":{"@type":"EntryPoint","urlTemplate":"https:\/\/rendez-vous-store.com\/?s={search_term_string}"},"query-input":{"@type":"PropertyValueSpecification","valueRequired":true,"valueName":"search_term_string"}}],"inLanguage":"fr-FR"}]}},"_links":{"self":[{"href":"https:\/\/rendez-vous-store.com\/fr\/wp-json\/wp\/v2\/product\/166451","targetHints":{"allow":["GET"]}}],"collection":[{"href":"https:\/\/rendez-vous-store.com\/fr\/wp-json\/wp\/v2\/product"}],"about":[{"href":"https:\/\/rendez-vous-store.com\/fr\/wp-json\/wp\/v2\/types\/product"}],"wp:featuredmedia":[{"embeddable":true,"href":"https:\/\/rendez-vous-store.com\/fr\/wp-json\/wp\/v2\/media\/167848"}],"wp:attachment":[{"href":"https:\/\/rendez-vous-store.com\/fr\/wp-json\/wp\/v2\/media?parent=166451"}],"wp:term":[{"taxonomy":"product_brand","embeddable":true,"href":"https:\/\/rendez-vous-store.com\/fr\/wp-json\/wp\/v2\/product_brand?post=166451"},{"taxonomy":"product_cat","embeddable":true,"href":"https:\/\/rendez-vous-store.com\/fr\/wp-json\/wp\/v2\/product_cat?post=166451"},{"taxonomy":"product_tag","embeddable":true,"href":"https:\/\/rendez-vous-store.com\/fr\/wp-json\/wp\/v2\/product_tag?post=166451"}],"curies":[{"name":"wp","href":"https:\/\/api.w.org\/{rel}","templated":true}]}}