{"id":166445,"date":"2024-05-23T17:27:11","date_gmt":"2024-05-23T15:27:11","guid":{"rendered":"https:\/\/rendez-vous-store.com\/?post_type=product&#038;p=166445"},"modified":"2026-03-16T17:37:36","modified_gmt":"2026-03-16T16:37:36","slug":"martiniano-mule-flat-shoes-silver-rendez-vous-store","status":"publish","type":"product","link":"https:\/\/rendez-vous-store.com\/fr\/shop\/special-offer-women-rendez-vous-store\/women-shoes-special-offer\/martiniano-mule-flat-shoes-silver-rendez-vous-store\/","title":{"rendered":"Martiniano - Mule Chaussures plates - Argent"},"content":{"rendered":"<p><strong>Martiniano Mule Chaussures plates Argent<\/strong><\/p>\n<p>Couleur : Argent<\/p>\n<p>Mules<\/p>\n<p>Empeigne griff\u00e9e<\/p>\n<p>Talon en cuir de 0,5 pouce<\/p>\n<p>Composition : 100% Tige en cuir de chevreau non doubl\u00e9e et semelle ext\u00e9rieure en cuir<\/p>\n<p>Fabriqu\u00e9 \u00e0 la main en Argentine<\/p>\n<p>Conforme \u00e0 la taille<\/p>\n<p>Taille : EU<\/p>\n<p>&nbsp;<\/p>\n<p><strong>La marque :\u00a0<\/strong><\/p>\n<p>Les chaussures plates Martiniano Mule Silver s'inspirent des mocassins argentins traditionnels et des chaussures de danse ajust\u00e9es. Utilisant des techniques ancestrales et des mat\u00e9riaux de qualit\u00e9, la forme de la chaussure est d\u00e9finie par la courbe naturelle de vos pieds.<\/p>\n<p>Martiniano est une ligne de chaussures argentines fabriqu\u00e9es \u00e0 la main et con\u00e7ues par Martiniano Lopez Crozet.<\/p>\n<p>Les artisans de Buenos Aires utilisent des techniques ancestrales et des mat\u00e9riaux de qualit\u00e9 pour couper, d\u00e9couper, piquer et coudre chaque chaussure \u00e0 la main.<\/p>\n<p>Les chaussures sont fabriqu\u00e9es en cuir 100%, y compris les talons et les semelles superpos\u00e9s.<\/p>\n<p>&nbsp;<\/p>","protected":false},"excerpt":{"rendered":"<p>Martiniano Mule Flat Shoes Silver Color: Silver Mule shoes Signature high vamp 0.5 inch stacked leather heel Composition: 100% Unlined kid leather upper and leather outer sole Handmade in Argentina Fit true to size Sizing: EU &nbsp; The Brand:\u00a0 Martiniano Mule Silver flat shoes are inspired by traditional Argentine moccasins and fitted dance shoes. Using&hellip; <a class=\"more-link\" href=\"https:\/\/rendez-vous-store.com\/fr\/shop\/special-offer-women-rendez-vous-store\/women-shoes-special-offer\/martiniano-mule-flat-shoes-silver-rendez-vous-store\/\">Continuer la lecture <span class=\"screen-reader-text\">Martiniano - Mule Chaussures plates - Argent<\/span><\/a><\/p>","protected":false},"featured_media":167042,"template":"","meta":{"_acf_changed":false},"product_brand":[],"product_cat":[1232,1344,1335,1138,1147],"product_tag":[],"class_list":{"0":"post-166445","1":"product","2":"type-product","3":"status-publish","4":"has-post-thumbnail","6":"product_cat-sale-40","7":"product_cat-women-shoes-special-offer","8":"product_cat-special-offer-women-rendez-vous-store","9":"product_cat-last-pieces-women-rendez-vous-store","10":"product_cat-last-pieces-women-shoes-heels-rendez-vous-store","11":"entry","13":"first","14":"instock","15":"taxable","16":"shipping-taxable","17":"purchasable","18":"product-type-variable","19":"has-default-attributes"},"acf":[],"yoast_head":"<!-- This site is optimized with the Yoast SEO plugin v24.9 - https:\/\/yoast.com\/wordpress\/plugins\/seo\/ -->\n<title>Martiniano - Mule Flat Shoes - Silver - Rendez-Vous Store<\/title>\n<meta name=\"description\" content=\"Martiniano Mule Flat Shoes Silver are inspired by traditional Argentine moccasins and fitted dance shoes.\" \/>\n<meta name=\"robots\" content=\"index, follow, max-snippet:-1, max-image-preview:large, max-video-preview:-1\" \/>\n<link rel=\"canonical\" href=\"https:\/\/rendez-vous-store.com\/fr\/shop\/special-offer-women-rendez-vous-store\/women-shoes-special-offer\/martiniano-mule-flat-shoes-silver-rendez-vous-store\/\" \/>\n<meta property=\"og:locale\" content=\"fr_FR\" \/>\n<meta property=\"og:type\" content=\"article\" \/>\n<meta property=\"og:title\" content=\"Martiniano - Mule Flat Shoes - Silver - Rendez-Vous Store\" \/>\n<meta property=\"og:description\" content=\"Martiniano Mule Flat Shoes Silver are inspired by traditional Argentine moccasins and fitted dance shoes.\" \/>\n<meta property=\"og:url\" content=\"https:\/\/rendez-vous-store.com\/fr\/shop\/special-offer-women-rendez-vous-store\/women-shoes-special-offer\/martiniano-mule-flat-shoes-silver-rendez-vous-store\/\" \/>\n<meta property=\"og:site_name\" content=\"RENDEZ-VOUS STORE\" \/>\n<meta property=\"article:modified_time\" content=\"2026-03-16T16:37:36+00:00\" \/>\n<meta property=\"og:image\" content=\"https:\/\/rendez-vous-store.com\/app\/uploads\/2024\/05\/msil.webp\" \/>\n\t<meta property=\"og:image:width\" content=\"1696\" \/>\n\t<meta property=\"og:image:height\" content=\"2560\" \/>\n\t<meta property=\"og:image:type\" content=\"image\/webp\" \/>\n<meta name=\"twitter:card\" content=\"summary_large_image\" \/>\n<meta name=\"twitter:label1\" content=\"Est. reading time\" \/>\n\t<meta name=\"twitter:data1\" content=\"1 minute\" \/>\n<script type=\"application\/ld+json\" class=\"yoast-schema-graph\">{\"@context\":\"https:\/\/schema.org\",\"@graph\":[{\"@type\":\"WebPage\",\"@id\":\"https:\/\/rendez-vous-store.com\/shop\/special-offer-women-rendez-vous-store\/women-shoes-special-offer\/martiniano-mule-flat-shoes-silver-rendez-vous-store\/\",\"url\":\"https:\/\/rendez-vous-store.com\/shop\/special-offer-women-rendez-vous-store\/women-shoes-special-offer\/martiniano-mule-flat-shoes-silver-rendez-vous-store\/\",\"name\":\"Martiniano - Mule Flat Shoes - Silver - Rendez-Vous Store\",\"isPartOf\":{\"@id\":\"https:\/\/rendez-vous-store.com\/#website\"},\"primaryImageOfPage\":{\"@id\":\"https:\/\/rendez-vous-store.com\/shop\/special-offer-women-rendez-vous-store\/women-shoes-special-offer\/martiniano-mule-flat-shoes-silver-rendez-vous-store\/#primaryimage\"},\"image\":{\"@id\":\"https:\/\/rendez-vous-store.com\/shop\/special-offer-women-rendez-vous-store\/women-shoes-special-offer\/martiniano-mule-flat-shoes-silver-rendez-vous-store\/#primaryimage\"},\"thumbnailUrl\":\"https:\/\/rendez-vous-store.com\/app\/uploads\/2024\/05\/msil.webp\",\"datePublished\":\"2024-05-23T15:27:11+00:00\",\"dateModified\":\"2026-03-16T16:37:36+00:00\",\"description\":\"Martiniano Mule Flat Shoes Silver are inspired by traditional Argentine moccasins and fitted dance shoes.\",\"breadcrumb\":{\"@id\":\"https:\/\/rendez-vous-store.com\/shop\/special-offer-women-rendez-vous-store\/women-shoes-special-offer\/martiniano-mule-flat-shoes-silver-rendez-vous-store\/#breadcrumb\"},\"inLanguage\":\"fr-FR\",\"potentialAction\":[{\"@type\":\"ReadAction\",\"target\":[\"https:\/\/rendez-vous-store.com\/shop\/special-offer-women-rendez-vous-store\/women-shoes-special-offer\/martiniano-mule-flat-shoes-silver-rendez-vous-store\/\"]}]},{\"@type\":\"ImageObject\",\"inLanguage\":\"fr-FR\",\"@id\":\"https:\/\/rendez-vous-store.com\/shop\/special-offer-women-rendez-vous-store\/women-shoes-special-offer\/martiniano-mule-flat-shoes-silver-rendez-vous-store\/#primaryimage\",\"url\":\"https:\/\/rendez-vous-store.com\/app\/uploads\/2024\/05\/msil.webp\",\"contentUrl\":\"https:\/\/rendez-vous-store.com\/app\/uploads\/2024\/05\/msil.webp\",\"width\":1696,\"height\":2560,\"caption\":\"Martiniano - Mule Flat Shoes - Silver\"},{\"@type\":\"BreadcrumbList\",\"@id\":\"https:\/\/rendez-vous-store.com\/shop\/special-offer-women-rendez-vous-store\/women-shoes-special-offer\/martiniano-mule-flat-shoes-silver-rendez-vous-store\/#breadcrumb\",\"itemListElement\":[{\"@type\":\"ListItem\",\"position\":1,\"name\":\"Home\",\"item\":\"https:\/\/rendez-vous-store.com\/\"},{\"@type\":\"ListItem\",\"position\":2,\"name\":\"Shop\",\"item\":\"https:\/\/www.rendez-vous-store.com\/shop\/\"},{\"@type\":\"ListItem\",\"position\":3,\"name\":\"Martiniano &#8211; Mule Flat Shoes &#8211; Silver\"}]},{\"@type\":\"WebSite\",\"@id\":\"https:\/\/rendez-vous-store.com\/#website\",\"url\":\"https:\/\/rendez-vous-store.com\/\",\"name\":\"RENDEZ-VOUS STORE\",\"description\":\"Slow Fashion for Women and Men\",\"potentialAction\":[{\"@type\":\"SearchAction\",\"target\":{\"@type\":\"EntryPoint\",\"urlTemplate\":\"https:\/\/rendez-vous-store.com\/?s={search_term_string}\"},\"query-input\":{\"@type\":\"PropertyValueSpecification\",\"valueRequired\":true,\"valueName\":\"search_term_string\"}}],\"inLanguage\":\"fr-FR\"}]}<\/script>\n<!-- \/ Yoast SEO plugin. -->","yoast_head_json":{"title":"Martiniano - Mule Flat Shoes - Silver - Rendez-Vous Store","description":"Martiniano Mule Flat Shoes Silver are inspired by traditional Argentine moccasins and fitted dance shoes.","robots":{"index":"index","follow":"follow","max-snippet":"max-snippet:-1","max-image-preview":"max-image-preview:large","max-video-preview":"max-video-preview:-1"},"canonical":"https:\/\/rendez-vous-store.com\/fr\/shop\/special-offer-women-rendez-vous-store\/women-shoes-special-offer\/martiniano-mule-flat-shoes-silver-rendez-vous-store\/","og_locale":"fr_FR","og_type":"article","og_title":"Martiniano - Mule Flat Shoes - Silver - Rendez-Vous Store","og_description":"Martiniano Mule Flat Shoes Silver are inspired by traditional Argentine moccasins and fitted dance shoes.","og_url":"https:\/\/rendez-vous-store.com\/fr\/shop\/special-offer-women-rendez-vous-store\/women-shoes-special-offer\/martiniano-mule-flat-shoes-silver-rendez-vous-store\/","og_site_name":"RENDEZ-VOUS STORE","article_modified_time":"2026-03-16T16:37:36+00:00","og_image":[{"width":1696,"height":2560,"url":"https:\/\/rendez-vous-store.com\/app\/uploads\/2024\/05\/msil.webp","type":"image\/webp"}],"twitter_card":"summary_large_image","twitter_misc":{"Est. reading time":"1 minute"},"schema":{"@context":"https:\/\/schema.org","@graph":[{"@type":"WebPage","@id":"https:\/\/rendez-vous-store.com\/shop\/special-offer-women-rendez-vous-store\/women-shoes-special-offer\/martiniano-mule-flat-shoes-silver-rendez-vous-store\/","url":"https:\/\/rendez-vous-store.com\/shop\/special-offer-women-rendez-vous-store\/women-shoes-special-offer\/martiniano-mule-flat-shoes-silver-rendez-vous-store\/","name":"Martiniano - Mule Flat Shoes - Silver - Rendez-Vous Store","isPartOf":{"@id":"https:\/\/rendez-vous-store.com\/#website"},"primaryImageOfPage":{"@id":"https:\/\/rendez-vous-store.com\/shop\/special-offer-women-rendez-vous-store\/women-shoes-special-offer\/martiniano-mule-flat-shoes-silver-rendez-vous-store\/#primaryimage"},"image":{"@id":"https:\/\/rendez-vous-store.com\/shop\/special-offer-women-rendez-vous-store\/women-shoes-special-offer\/martiniano-mule-flat-shoes-silver-rendez-vous-store\/#primaryimage"},"thumbnailUrl":"https:\/\/rendez-vous-store.com\/app\/uploads\/2024\/05\/msil.webp","datePublished":"2024-05-23T15:27:11+00:00","dateModified":"2026-03-16T16:37:36+00:00","description":"Martiniano Mule Flat Shoes Silver are inspired by traditional Argentine moccasins and fitted dance shoes.","breadcrumb":{"@id":"https:\/\/rendez-vous-store.com\/shop\/special-offer-women-rendez-vous-store\/women-shoes-special-offer\/martiniano-mule-flat-shoes-silver-rendez-vous-store\/#breadcrumb"},"inLanguage":"fr-FR","potentialAction":[{"@type":"ReadAction","target":["https:\/\/rendez-vous-store.com\/shop\/special-offer-women-rendez-vous-store\/women-shoes-special-offer\/martiniano-mule-flat-shoes-silver-rendez-vous-store\/"]}]},{"@type":"ImageObject","inLanguage":"fr-FR","@id":"https:\/\/rendez-vous-store.com\/shop\/special-offer-women-rendez-vous-store\/women-shoes-special-offer\/martiniano-mule-flat-shoes-silver-rendez-vous-store\/#primaryimage","url":"https:\/\/rendez-vous-store.com\/app\/uploads\/2024\/05\/msil.webp","contentUrl":"https:\/\/rendez-vous-store.com\/app\/uploads\/2024\/05\/msil.webp","width":1696,"height":2560,"caption":"Martiniano - Mule Flat Shoes - Silver"},{"@type":"BreadcrumbList","@id":"https:\/\/rendez-vous-store.com\/shop\/special-offer-women-rendez-vous-store\/women-shoes-special-offer\/martiniano-mule-flat-shoes-silver-rendez-vous-store\/#breadcrumb","itemListElement":[{"@type":"ListItem","position":1,"name":"Home","item":"https:\/\/rendez-vous-store.com\/"},{"@type":"ListItem","position":2,"name":"Shop","item":"https:\/\/www.rendez-vous-store.com\/shop\/"},{"@type":"ListItem","position":3,"name":"Martiniano &#8211; Mule Flat Shoes &#8211; Silver"}]},{"@type":"WebSite","@id":"https:\/\/rendez-vous-store.com\/#website","url":"https:\/\/rendez-vous-store.com\/","name":"RENDEZ-VOUS STORE","description":"Slow Fashion for Women and Men","potentialAction":[{"@type":"SearchAction","target":{"@type":"EntryPoint","urlTemplate":"https:\/\/rendez-vous-store.com\/?s={search_term_string}"},"query-input":{"@type":"PropertyValueSpecification","valueRequired":true,"valueName":"search_term_string"}}],"inLanguage":"fr-FR"}]}},"_links":{"self":[{"href":"https:\/\/rendez-vous-store.com\/fr\/wp-json\/wp\/v2\/product\/166445","targetHints":{"allow":["GET"]}}],"collection":[{"href":"https:\/\/rendez-vous-store.com\/fr\/wp-json\/wp\/v2\/product"}],"about":[{"href":"https:\/\/rendez-vous-store.com\/fr\/wp-json\/wp\/v2\/types\/product"}],"wp:featuredmedia":[{"embeddable":true,"href":"https:\/\/rendez-vous-store.com\/fr\/wp-json\/wp\/v2\/media\/167042"}],"wp:attachment":[{"href":"https:\/\/rendez-vous-store.com\/fr\/wp-json\/wp\/v2\/media?parent=166445"}],"wp:term":[{"taxonomy":"product_brand","embeddable":true,"href":"https:\/\/rendez-vous-store.com\/fr\/wp-json\/wp\/v2\/product_brand?post=166445"},{"taxonomy":"product_cat","embeddable":true,"href":"https:\/\/rendez-vous-store.com\/fr\/wp-json\/wp\/v2\/product_cat?post=166445"},{"taxonomy":"product_tag","embeddable":true,"href":"https:\/\/rendez-vous-store.com\/fr\/wp-json\/wp\/v2\/product_tag?post=166445"}],"curies":[{"name":"wp","href":"https:\/\/api.w.org\/{rel}","templated":true}]}}