{"id":166286,"date":"2024-05-23T14:36:33","date_gmt":"2024-05-23T12:36:33","guid":{"rendered":"https:\/\/rendez-vous-store.com\/?post_type=product&#038;p=166286"},"modified":"2026-03-16T17:37:19","modified_gmt":"2026-03-16T16:37:19","slug":"sillage-circular-short-pants-black-rendez-vous-store","status":"publish","type":"product","link":"https:\/\/rendez-vous-store.com\/fr\/shop\/men-selection-discover-our-selection-rendez-vous-store\/trousers-shorts-rendez-vous-store\/sillage-circular-short-pants-black-rendez-vous-store\/","title":{"rendered":"Sillage - Pantalon court circulaire - Noir"},"content":{"rendered":"<p>Sillage Pantalon court circulaire noir<\/p>\n<p>Couleur : Noir<\/p>\n<p>Taille ajustable avec cordon de serrage<\/p>\n<p>Braguette zipp\u00e9e<\/p>\n<p>Poches sur les coutures lat\u00e9rales<\/p>\n<p><span style=\"background-color: var(--global--color-background); color: var(--global--color-primary); font-family: var(--global--font-secondary); font-size: var(--global--font-size-base);\">Poches arri\u00e8re plaqu\u00e9es<\/span><\/p>\n<p>Jambes larges<\/p>\n<p>Composition : 60% Polyester - 22% Laine - 16% Rayon - 2% Polyur\u00e9thane<\/p>\n<p>Fabriqu\u00e9 au Japon<\/p>\n<p>&nbsp;<\/p>\n<p>&nbsp;<\/p>\n<p>&nbsp;<\/p>\n<p><strong>La marque\u00a0<\/strong><\/p>\n<p>La marque Sillage, fond\u00e9e par Nicolas Yuthanan Chalmeau et bas\u00e9e \u00e0 Tokyo, est l\u00e0 pour d\u00e9fier les silhouettes traditionnelles et d\u00e9velopper des classiques de la garde-robe reconnaissables et confortables qui seront le rafra\u00eechissement de vos essentiels. L'individualit\u00e9 de la marque est inspir\u00e9e par la musique, la diversit\u00e9 culturelle et le besoin de diff\u00e9rents types de corps. Sillage est convaincue qu'il n'y a pas de taille id\u00e9ale, elle est con\u00e7ue pour toutes les formes de corps et tous les sexes. Des volumes exag\u00e9r\u00e9s, un design caract\u00e9ristique et des palettes discr\u00e8tes.<\/p>","protected":false},"excerpt":{"rendered":"<p>Sillage Circular Short Pants Black Color: Black Adjustable waist with drawcord Zip fly Side seam pockets Back patch pockets Wide legs Composition: 60% Polyester &#8211; 22% Wool &#8211; 16% Rayon &#8211; 2% Polyurethane Made in Japan &nbsp; &nbsp; &nbsp; The Brand\u00a0 The Tokyo-based brand\u00a0Sillage\u00a0founded by Nicolas Yuthanan Chalmeau is here to challenge the traditional silhouettes&hellip; <a class=\"more-link\" href=\"https:\/\/rendez-vous-store.com\/fr\/shop\/men-selection-discover-our-selection-rendez-vous-store\/trousers-shorts-rendez-vous-store\/sillage-circular-short-pants-black-rendez-vous-store\/\">Continue reading <span class=\"screen-reader-text\">Sillage - Pantalon court circulaire - Noir<\/span><\/a><\/p>","protected":false},"featured_media":167306,"template":"","meta":{"_acf_changed":false},"product_brand":[],"product_cat":[20,73],"product_tag":[1011],"class_list":{"0":"post-166286","1":"product","2":"type-product","3":"status-publish","4":"has-post-thumbnail","6":"product_cat-men-selection-discover-our-selection-rendez-vous-store","7":"product_cat-trousers-shorts-rendez-vous-store","8":"product_tag-sillage-rendez-vous-store","9":"entry","11":"first","12":"outofstock","13":"taxable","14":"shipping-taxable","15":"product-type-variable"},"acf":[],"yoast_head":"<!-- This site is optimized with the Yoast SEO plugin v24.9 - https:\/\/yoast.com\/wordpress\/plugins\/seo\/ -->\n<title>Sillage - Circular Short Pants - Black - Rendez-Vous Store<\/title>\n<meta name=\"description\" content=\"This Sillage Circular Short Pants Black is developed for every shape of the body and all gender. Exaggerated volume, characteristics design, and understated palettes.\" \/>\n<meta name=\"robots\" content=\"index, follow, max-snippet:-1, max-image-preview:large, max-video-preview:-1\" \/>\n<link rel=\"canonical\" href=\"https:\/\/rendez-vous-store.com\/fr\/shop\/men-selection-discover-our-selection-rendez-vous-store\/trousers-shorts-rendez-vous-store\/sillage-circular-short-pants-black-rendez-vous-store\/\" \/>\n<meta property=\"og:locale\" content=\"fr_FR\" \/>\n<meta property=\"og:type\" content=\"article\" \/>\n<meta property=\"og:title\" content=\"Sillage - Circular Short Pants - Black - Rendez-Vous Store\" \/>\n<meta property=\"og:description\" content=\"This Sillage Circular Short Pants Black is developed for every shape of the body and all gender. Exaggerated volume, characteristics design, and understated palettes.\" \/>\n<meta property=\"og:url\" content=\"https:\/\/rendez-vous-store.com\/fr\/shop\/men-selection-discover-our-selection-rendez-vous-store\/trousers-shorts-rendez-vous-store\/sillage-circular-short-pants-black-rendez-vous-store\/\" \/>\n<meta property=\"og:site_name\" content=\"RENDEZ-VOUS STORE\" \/>\n<meta property=\"article:modified_time\" content=\"2026-03-16T16:37:19+00:00\" \/>\n<meta property=\"og:image\" content=\"https:\/\/rendez-vous-store.com\/wp-content\/uploads\/2024\/05\/rdv_sillage_81-scaled.webp\" \/>\n\t<meta property=\"og:image:width\" content=\"1696\" \/>\n\t<meta property=\"og:image:height\" content=\"2560\" \/>\n\t<meta property=\"og:image:type\" content=\"image\/webp\" \/>\n<meta name=\"twitter:card\" content=\"summary_large_image\" \/>\n<meta name=\"twitter:label1\" content=\"Est. reading time\" \/>\n\t<meta name=\"twitter:data1\" content=\"1 minute\" \/>\n<script type=\"application\/ld+json\" class=\"yoast-schema-graph\">{\"@context\":\"https:\/\/schema.org\",\"@graph\":[{\"@type\":\"WebPage\",\"@id\":\"https:\/\/rendez-vous-store.com\/shop\/men-selection-discover-our-selection-rendez-vous-store\/trousers-shorts-rendez-vous-store\/sillage-circular-short-pants-black-rendez-vous-store\/\",\"url\":\"https:\/\/rendez-vous-store.com\/shop\/men-selection-discover-our-selection-rendez-vous-store\/trousers-shorts-rendez-vous-store\/sillage-circular-short-pants-black-rendez-vous-store\/\",\"name\":\"Sillage - Circular Short Pants - Black - Rendez-Vous Store\",\"isPartOf\":{\"@id\":\"https:\/\/rendez-vous-store.com\/#website\"},\"primaryImageOfPage\":{\"@id\":\"https:\/\/rendez-vous-store.com\/shop\/men-selection-discover-our-selection-rendez-vous-store\/trousers-shorts-rendez-vous-store\/sillage-circular-short-pants-black-rendez-vous-store\/#primaryimage\"},\"image\":{\"@id\":\"https:\/\/rendez-vous-store.com\/shop\/men-selection-discover-our-selection-rendez-vous-store\/trousers-shorts-rendez-vous-store\/sillage-circular-short-pants-black-rendez-vous-store\/#primaryimage\"},\"thumbnailUrl\":\"https:\/\/rendez-vous-store.com\/app\/uploads\/2024\/05\/rdv_sillage_81-scaled.webp\",\"datePublished\":\"2024-05-23T12:36:33+00:00\",\"dateModified\":\"2026-03-16T16:37:19+00:00\",\"description\":\"This Sillage Circular Short Pants Black is developed for every shape of the body and all gender. Exaggerated volume, characteristics design, and understated palettes.\",\"breadcrumb\":{\"@id\":\"https:\/\/rendez-vous-store.com\/shop\/men-selection-discover-our-selection-rendez-vous-store\/trousers-shorts-rendez-vous-store\/sillage-circular-short-pants-black-rendez-vous-store\/#breadcrumb\"},\"inLanguage\":\"fr-FR\",\"potentialAction\":[{\"@type\":\"ReadAction\",\"target\":[\"https:\/\/rendez-vous-store.com\/shop\/men-selection-discover-our-selection-rendez-vous-store\/trousers-shorts-rendez-vous-store\/sillage-circular-short-pants-black-rendez-vous-store\/\"]}]},{\"@type\":\"ImageObject\",\"inLanguage\":\"fr-FR\",\"@id\":\"https:\/\/rendez-vous-store.com\/shop\/men-selection-discover-our-selection-rendez-vous-store\/trousers-shorts-rendez-vous-store\/sillage-circular-short-pants-black-rendez-vous-store\/#primaryimage\",\"url\":\"https:\/\/rendez-vous-store.com\/app\/uploads\/2024\/05\/rdv_sillage_81-scaled.webp\",\"contentUrl\":\"https:\/\/rendez-vous-store.com\/app\/uploads\/2024\/05\/rdv_sillage_81-scaled.webp\",\"width\":1696,\"height\":2560,\"caption\":\"Sillage - Circular Short Pants - Black\"},{\"@type\":\"BreadcrumbList\",\"@id\":\"https:\/\/rendez-vous-store.com\/shop\/men-selection-discover-our-selection-rendez-vous-store\/trousers-shorts-rendez-vous-store\/sillage-circular-short-pants-black-rendez-vous-store\/#breadcrumb\",\"itemListElement\":[{\"@type\":\"ListItem\",\"position\":1,\"name\":\"Home\",\"item\":\"https:\/\/rendez-vous-store.com\/\"},{\"@type\":\"ListItem\",\"position\":2,\"name\":\"Shop\",\"item\":\"https:\/\/www.rendez-vous-store.com\/shop\/\"},{\"@type\":\"ListItem\",\"position\":3,\"name\":\"Sillage &#8211; Circular Short Pants &#8211; Black\"}]},{\"@type\":\"WebSite\",\"@id\":\"https:\/\/rendez-vous-store.com\/#website\",\"url\":\"https:\/\/rendez-vous-store.com\/\",\"name\":\"RENDEZ-VOUS STORE\",\"description\":\"Slow Fashion for Women and Men\",\"potentialAction\":[{\"@type\":\"SearchAction\",\"target\":{\"@type\":\"EntryPoint\",\"urlTemplate\":\"https:\/\/rendez-vous-store.com\/?s={search_term_string}\"},\"query-input\":{\"@type\":\"PropertyValueSpecification\",\"valueRequired\":true,\"valueName\":\"search_term_string\"}}],\"inLanguage\":\"fr-FR\"}]}<\/script>\n<!-- \/ Yoast SEO plugin. -->","yoast_head_json":{"title":"Sillage - Circular Short Pants - Black - Rendez-Vous Store","description":"This Sillage Circular Short Pants Black is developed for every shape of the body and all gender. Exaggerated volume, characteristics design, and understated palettes.","robots":{"index":"index","follow":"follow","max-snippet":"max-snippet:-1","max-image-preview":"max-image-preview:large","max-video-preview":"max-video-preview:-1"},"canonical":"https:\/\/rendez-vous-store.com\/fr\/shop\/men-selection-discover-our-selection-rendez-vous-store\/trousers-shorts-rendez-vous-store\/sillage-circular-short-pants-black-rendez-vous-store\/","og_locale":"fr_FR","og_type":"article","og_title":"Sillage - Circular Short Pants - Black - Rendez-Vous Store","og_description":"This Sillage Circular Short Pants Black is developed for every shape of the body and all gender. Exaggerated volume, characteristics design, and understated palettes.","og_url":"https:\/\/rendez-vous-store.com\/fr\/shop\/men-selection-discover-our-selection-rendez-vous-store\/trousers-shorts-rendez-vous-store\/sillage-circular-short-pants-black-rendez-vous-store\/","og_site_name":"RENDEZ-VOUS STORE","article_modified_time":"2026-03-16T16:37:19+00:00","og_image":[{"width":1696,"height":2560,"url":"https:\/\/rendez-vous-store.com\/wp-content\/uploads\/2024\/05\/rdv_sillage_81-scaled.webp","type":"image\/webp"}],"twitter_card":"summary_large_image","twitter_misc":{"Est. reading time":"1 minute"},"schema":{"@context":"https:\/\/schema.org","@graph":[{"@type":"WebPage","@id":"https:\/\/rendez-vous-store.com\/shop\/men-selection-discover-our-selection-rendez-vous-store\/trousers-shorts-rendez-vous-store\/sillage-circular-short-pants-black-rendez-vous-store\/","url":"https:\/\/rendez-vous-store.com\/shop\/men-selection-discover-our-selection-rendez-vous-store\/trousers-shorts-rendez-vous-store\/sillage-circular-short-pants-black-rendez-vous-store\/","name":"Sillage - Circular Short Pants - Black - Rendez-Vous Store","isPartOf":{"@id":"https:\/\/rendez-vous-store.com\/#website"},"primaryImageOfPage":{"@id":"https:\/\/rendez-vous-store.com\/shop\/men-selection-discover-our-selection-rendez-vous-store\/trousers-shorts-rendez-vous-store\/sillage-circular-short-pants-black-rendez-vous-store\/#primaryimage"},"image":{"@id":"https:\/\/rendez-vous-store.com\/shop\/men-selection-discover-our-selection-rendez-vous-store\/trousers-shorts-rendez-vous-store\/sillage-circular-short-pants-black-rendez-vous-store\/#primaryimage"},"thumbnailUrl":"https:\/\/rendez-vous-store.com\/app\/uploads\/2024\/05\/rdv_sillage_81-scaled.webp","datePublished":"2024-05-23T12:36:33+00:00","dateModified":"2026-03-16T16:37:19+00:00","description":"This Sillage Circular Short Pants Black is developed for every shape of the body and all gender. Exaggerated volume, characteristics design, and understated palettes.","breadcrumb":{"@id":"https:\/\/rendez-vous-store.com\/shop\/men-selection-discover-our-selection-rendez-vous-store\/trousers-shorts-rendez-vous-store\/sillage-circular-short-pants-black-rendez-vous-store\/#breadcrumb"},"inLanguage":"fr-FR","potentialAction":[{"@type":"ReadAction","target":["https:\/\/rendez-vous-store.com\/shop\/men-selection-discover-our-selection-rendez-vous-store\/trousers-shorts-rendez-vous-store\/sillage-circular-short-pants-black-rendez-vous-store\/"]}]},{"@type":"ImageObject","inLanguage":"fr-FR","@id":"https:\/\/rendez-vous-store.com\/shop\/men-selection-discover-our-selection-rendez-vous-store\/trousers-shorts-rendez-vous-store\/sillage-circular-short-pants-black-rendez-vous-store\/#primaryimage","url":"https:\/\/rendez-vous-store.com\/app\/uploads\/2024\/05\/rdv_sillage_81-scaled.webp","contentUrl":"https:\/\/rendez-vous-store.com\/app\/uploads\/2024\/05\/rdv_sillage_81-scaled.webp","width":1696,"height":2560,"caption":"Sillage - Circular Short Pants - Black"},{"@type":"BreadcrumbList","@id":"https:\/\/rendez-vous-store.com\/shop\/men-selection-discover-our-selection-rendez-vous-store\/trousers-shorts-rendez-vous-store\/sillage-circular-short-pants-black-rendez-vous-store\/#breadcrumb","itemListElement":[{"@type":"ListItem","position":1,"name":"Home","item":"https:\/\/rendez-vous-store.com\/"},{"@type":"ListItem","position":2,"name":"Shop","item":"https:\/\/www.rendez-vous-store.com\/shop\/"},{"@type":"ListItem","position":3,"name":"Sillage &#8211; Circular Short Pants &#8211; Black"}]},{"@type":"WebSite","@id":"https:\/\/rendez-vous-store.com\/#website","url":"https:\/\/rendez-vous-store.com\/","name":"RENDEZ-VOUS STORE","description":"Slow Fashion for Women and Men","potentialAction":[{"@type":"SearchAction","target":{"@type":"EntryPoint","urlTemplate":"https:\/\/rendez-vous-store.com\/?s={search_term_string}"},"query-input":{"@type":"PropertyValueSpecification","valueRequired":true,"valueName":"search_term_string"}}],"inLanguage":"fr-FR"}]}},"_links":{"self":[{"href":"https:\/\/rendez-vous-store.com\/fr\/wp-json\/wp\/v2\/product\/166286","targetHints":{"allow":["GET"]}}],"collection":[{"href":"https:\/\/rendez-vous-store.com\/fr\/wp-json\/wp\/v2\/product"}],"about":[{"href":"https:\/\/rendez-vous-store.com\/fr\/wp-json\/wp\/v2\/types\/product"}],"wp:featuredmedia":[{"embeddable":true,"href":"https:\/\/rendez-vous-store.com\/fr\/wp-json\/wp\/v2\/media\/167306"}],"wp:attachment":[{"href":"https:\/\/rendez-vous-store.com\/fr\/wp-json\/wp\/v2\/media?parent=166286"}],"wp:term":[{"taxonomy":"product_brand","embeddable":true,"href":"https:\/\/rendez-vous-store.com\/fr\/wp-json\/wp\/v2\/product_brand?post=166286"},{"taxonomy":"product_cat","embeddable":true,"href":"https:\/\/rendez-vous-store.com\/fr\/wp-json\/wp\/v2\/product_cat?post=166286"},{"taxonomy":"product_tag","embeddable":true,"href":"https:\/\/rendez-vous-store.com\/fr\/wp-json\/wp\/v2\/product_tag?post=166286"}],"curies":[{"name":"wp","href":"https:\/\/api.w.org\/{rel}","templated":true}]}}