{"id":165359,"date":"2024-05-15T13:54:51","date_gmt":"2024-05-15T11:54:51","guid":{"rendered":"https:\/\/rendez-vous-store.com\/?post_type=product&#038;p=165359"},"modified":"2026-03-16T19:01:17","modified_gmt":"2026-03-16T18:01:17","slug":"keen-uneek-women-sandals-raw-umber-black-rendez-vous-store","status":"publish","type":"product","link":"https:\/\/rendez-vous-store.com\/fr\/shop\/women\/women-shoes-heels-discover-our-selection-rendez-vous-store\/keen-uneek-women-sandals-raw-umber-black-rendez-vous-store\/","title":{"rendered":"Keen &#8211; Uneek Women Sandals &#8211; Raw Umber\/Black"},"content":{"rendered":"<div class=\"style_content\">\n<p><strong>Keen Uneek Women Sandals Raw Umber\/Black<\/strong><\/p>\n<p>Color: Raw Umber\/Black<\/p>\n<p>Syst\u00e8me de la\u00e7age : La\u00e7age \u00e9lastique<\/p>\n<p>Composition : Tissu en plastique PET recycl\u00e9<\/p>\n<p>Semelle int\u00e9rieure anti-odeur en \u00e9co-cuir<\/p>\n<p>Semelle en caoutchouc 2,5 cm de hauteur<\/p>\n<p>Taille : US<\/p>\n<p>&nbsp;<\/p>\n<p>&nbsp;<\/p>\n<p><strong>La marque :\u00a0<\/strong><\/p>\n<p class=\"p1\">Fond\u00e9e \u00e0 Portland en 2003 et r\u00e9put\u00e9e pour son approche durable, la marque Keen r\u00e9volutionne le march\u00e9 de la sandale outdoor. La sandale Uneek fait partie des meilleures sandales d'exploration, avec sa construction innovante \u00e0 deux cordons qui vous offre libert\u00e9 de mouvement, s\u00e9curit\u00e9 et maintien. Compl\u00e9t\u00e9es par une semelle interm\u00e9diaire l\u00e9g\u00e8re et une semelle ext\u00e9rieure en caoutchouc adh\u00e9rent, ces sandales Keen UNEEK noires allient style et fonctionnalit\u00e9.<\/p>\n<\/div>","protected":false},"excerpt":{"rendered":"<p>Keen Uneek Women Sandals Raw Umber\/Black Color: Raw Umber\/Black Lacing system : Elastic lacing Composition: Fabric from recycled PET plastic Eco-leather anti-odor insole Rubber sole 2.5 cm height Sizing: US &nbsp; &nbsp; The Brand:\u00a0 Founded in Portland in 2003 and renowned for its sustainable approach, the Keen brand is revolutionizing the outdoor sandal market. The&hellip; <a class=\"more-link\" href=\"https:\/\/rendez-vous-store.com\/fr\/shop\/women\/women-shoes-heels-discover-our-selection-rendez-vous-store\/keen-uneek-women-sandals-raw-umber-black-rendez-vous-store\/\">Continuer la lecture <span class=\"screen-reader-text\">Keen &#8211; Uneek Women Sandals &#8211; Raw Umber\/Black<\/span><\/a><\/p>","protected":false},"featured_media":167137,"template":"","meta":{"_acf_changed":false},"product_brand":[],"product_cat":[17,293],"product_tag":[1258],"class_list":{"0":"post-165359","1":"product","2":"type-product","3":"status-publish","4":"has-post-thumbnail","6":"product_cat-women","7":"product_cat-women-shoes-heels-discover-our-selection-rendez-vous-store","8":"product_tag-keen","9":"entry","11":"first","12":"outofstock","13":"taxable","14":"shipping-taxable","15":"product-type-variable","16":"has-default-attributes"},"acf":[],"yoast_head":"<!-- This site is optimized with the Yoast SEO plugin v24.9 - https:\/\/yoast.com\/wordpress\/plugins\/seo\/ -->\n<title>Keen - Uneek Women Sandals Raw - Umber\/Black - Rendez-Vous Store<\/title>\n<meta name=\"description\" content=\"Keen Uneek Women Sandals Raw Umber\/Black is up there with the best explorer sandals, with its innovative two-string construction that gives you freedom of movement.\" \/>\n<meta name=\"robots\" content=\"index, follow, max-snippet:-1, max-image-preview:large, max-video-preview:-1\" \/>\n<link rel=\"canonical\" href=\"https:\/\/rendez-vous-store.com\/fr\/shop\/women\/women-shoes-heels-discover-our-selection-rendez-vous-store\/keen-uneek-women-sandals-raw-umber-black-rendez-vous-store\/\" \/>\n<meta property=\"og:locale\" content=\"fr_FR\" \/>\n<meta property=\"og:type\" content=\"article\" \/>\n<meta property=\"og:title\" content=\"Keen - Uneek Women Sandals Raw - Umber\/Black - Rendez-Vous Store\" \/>\n<meta property=\"og:description\" content=\"Keen Uneek Women Sandals Raw Umber\/Black is up there with the best explorer sandals, with its innovative two-string construction that gives you freedom of movement.\" \/>\n<meta property=\"og:url\" content=\"https:\/\/rendez-vous-store.com\/fr\/shop\/women\/women-shoes-heels-discover-our-selection-rendez-vous-store\/keen-uneek-women-sandals-raw-umber-black-rendez-vous-store\/\" \/>\n<meta property=\"og:site_name\" content=\"RENDEZ-VOUS STORE\" \/>\n<meta property=\"article:modified_time\" content=\"2026-03-16T18:01:17+00:00\" \/>\n<meta property=\"og:image\" content=\"https:\/\/rendez-vous-store.com\/wp-content\/uploads\/2024\/05\/k1.webp\" \/>\n\t<meta property=\"og:image:width\" content=\"1696\" \/>\n\t<meta property=\"og:image:height\" content=\"2560\" \/>\n\t<meta property=\"og:image:type\" content=\"image\/webp\" \/>\n<meta name=\"twitter:card\" content=\"summary_large_image\" \/>\n<meta name=\"twitter:label1\" content=\"Est. reading time\" \/>\n\t<meta name=\"twitter:data1\" content=\"1 minute\" \/>\n<script type=\"application\/ld+json\" class=\"yoast-schema-graph\">{\"@context\":\"https:\/\/schema.org\",\"@graph\":[{\"@type\":\"WebPage\",\"@id\":\"https:\/\/rendez-vous-store.com\/shop\/women\/women-shoes-heels-discover-our-selection-rendez-vous-store\/keen-uneek-women-sandals-raw-umber-black-rendez-vous-store\/\",\"url\":\"https:\/\/rendez-vous-store.com\/shop\/women\/women-shoes-heels-discover-our-selection-rendez-vous-store\/keen-uneek-women-sandals-raw-umber-black-rendez-vous-store\/\",\"name\":\"Keen - Uneek Women Sandals Raw - Umber\/Black - Rendez-Vous Store\",\"isPartOf\":{\"@id\":\"https:\/\/rendez-vous-store.com\/#website\"},\"primaryImageOfPage\":{\"@id\":\"https:\/\/rendez-vous-store.com\/shop\/women\/women-shoes-heels-discover-our-selection-rendez-vous-store\/keen-uneek-women-sandals-raw-umber-black-rendez-vous-store\/#primaryimage\"},\"image\":{\"@id\":\"https:\/\/rendez-vous-store.com\/shop\/women\/women-shoes-heels-discover-our-selection-rendez-vous-store\/keen-uneek-women-sandals-raw-umber-black-rendez-vous-store\/#primaryimage\"},\"thumbnailUrl\":\"https:\/\/rendez-vous-store.com\/app\/uploads\/2024\/05\/k1.webp\",\"datePublished\":\"2024-05-15T11:54:51+00:00\",\"dateModified\":\"2026-03-16T18:01:17+00:00\",\"description\":\"Keen Uneek Women Sandals Raw Umber\/Black is up there with the best explorer sandals, with its innovative two-string construction that gives you freedom of movement.\",\"breadcrumb\":{\"@id\":\"https:\/\/rendez-vous-store.com\/shop\/women\/women-shoes-heels-discover-our-selection-rendez-vous-store\/keen-uneek-women-sandals-raw-umber-black-rendez-vous-store\/#breadcrumb\"},\"inLanguage\":\"fr-FR\",\"potentialAction\":[{\"@type\":\"ReadAction\",\"target\":[\"https:\/\/rendez-vous-store.com\/shop\/women\/women-shoes-heels-discover-our-selection-rendez-vous-store\/keen-uneek-women-sandals-raw-umber-black-rendez-vous-store\/\"]}]},{\"@type\":\"ImageObject\",\"inLanguage\":\"fr-FR\",\"@id\":\"https:\/\/rendez-vous-store.com\/shop\/women\/women-shoes-heels-discover-our-selection-rendez-vous-store\/keen-uneek-women-sandals-raw-umber-black-rendez-vous-store\/#primaryimage\",\"url\":\"https:\/\/rendez-vous-store.com\/app\/uploads\/2024\/05\/k1.webp\",\"contentUrl\":\"https:\/\/rendez-vous-store.com\/app\/uploads\/2024\/05\/k1.webp\",\"width\":1696,\"height\":2560,\"caption\":\"Keen - Uneek Women Sandals - Raw Umber\/Black\"},{\"@type\":\"BreadcrumbList\",\"@id\":\"https:\/\/rendez-vous-store.com\/shop\/women\/women-shoes-heels-discover-our-selection-rendez-vous-store\/keen-uneek-women-sandals-raw-umber-black-rendez-vous-store\/#breadcrumb\",\"itemListElement\":[{\"@type\":\"ListItem\",\"position\":1,\"name\":\"Home\",\"item\":\"https:\/\/rendez-vous-store.com\/\"},{\"@type\":\"ListItem\",\"position\":2,\"name\":\"Shop\",\"item\":\"https:\/\/www.rendez-vous-store.com\/shop\/\"},{\"@type\":\"ListItem\",\"position\":3,\"name\":\"Keen &#8211; Uneek Women Sandals &#8211; Raw Umber\/Black\"}]},{\"@type\":\"WebSite\",\"@id\":\"https:\/\/rendez-vous-store.com\/#website\",\"url\":\"https:\/\/rendez-vous-store.com\/\",\"name\":\"RENDEZ-VOUS STORE\",\"description\":\"Slow Fashion for Women and Men\",\"potentialAction\":[{\"@type\":\"SearchAction\",\"target\":{\"@type\":\"EntryPoint\",\"urlTemplate\":\"https:\/\/rendez-vous-store.com\/?s={search_term_string}\"},\"query-input\":{\"@type\":\"PropertyValueSpecification\",\"valueRequired\":true,\"valueName\":\"search_term_string\"}}],\"inLanguage\":\"fr-FR\"}]}<\/script>\n<!-- \/ Yoast SEO plugin. -->","yoast_head_json":{"title":"Keen - Uneek Women Sandals Raw - Umber\/Black - Rendez-Vous Store","description":"Keen Uneek Women Sandals Raw Umber\/Black is up there with the best explorer sandals, with its innovative two-string construction that gives you freedom of movement.","robots":{"index":"index","follow":"follow","max-snippet":"max-snippet:-1","max-image-preview":"max-image-preview:large","max-video-preview":"max-video-preview:-1"},"canonical":"https:\/\/rendez-vous-store.com\/fr\/shop\/women\/women-shoes-heels-discover-our-selection-rendez-vous-store\/keen-uneek-women-sandals-raw-umber-black-rendez-vous-store\/","og_locale":"fr_FR","og_type":"article","og_title":"Keen - Uneek Women Sandals Raw - Umber\/Black - Rendez-Vous Store","og_description":"Keen Uneek Women Sandals Raw Umber\/Black is up there with the best explorer sandals, with its innovative two-string construction that gives you freedom of movement.","og_url":"https:\/\/rendez-vous-store.com\/fr\/shop\/women\/women-shoes-heels-discover-our-selection-rendez-vous-store\/keen-uneek-women-sandals-raw-umber-black-rendez-vous-store\/","og_site_name":"RENDEZ-VOUS STORE","article_modified_time":"2026-03-16T18:01:17+00:00","og_image":[{"width":1696,"height":2560,"url":"https:\/\/rendez-vous-store.com\/wp-content\/uploads\/2024\/05\/k1.webp","type":"image\/webp"}],"twitter_card":"summary_large_image","twitter_misc":{"Est. reading time":"1 minute"},"schema":{"@context":"https:\/\/schema.org","@graph":[{"@type":"WebPage","@id":"https:\/\/rendez-vous-store.com\/shop\/women\/women-shoes-heels-discover-our-selection-rendez-vous-store\/keen-uneek-women-sandals-raw-umber-black-rendez-vous-store\/","url":"https:\/\/rendez-vous-store.com\/shop\/women\/women-shoes-heels-discover-our-selection-rendez-vous-store\/keen-uneek-women-sandals-raw-umber-black-rendez-vous-store\/","name":"Keen - Uneek Women Sandals Raw - Umber\/Black - Rendez-Vous Store","isPartOf":{"@id":"https:\/\/rendez-vous-store.com\/#website"},"primaryImageOfPage":{"@id":"https:\/\/rendez-vous-store.com\/shop\/women\/women-shoes-heels-discover-our-selection-rendez-vous-store\/keen-uneek-women-sandals-raw-umber-black-rendez-vous-store\/#primaryimage"},"image":{"@id":"https:\/\/rendez-vous-store.com\/shop\/women\/women-shoes-heels-discover-our-selection-rendez-vous-store\/keen-uneek-women-sandals-raw-umber-black-rendez-vous-store\/#primaryimage"},"thumbnailUrl":"https:\/\/rendez-vous-store.com\/app\/uploads\/2024\/05\/k1.webp","datePublished":"2024-05-15T11:54:51+00:00","dateModified":"2026-03-16T18:01:17+00:00","description":"Keen Uneek Women Sandals Raw Umber\/Black is up there with the best explorer sandals, with its innovative two-string construction that gives you freedom of movement.","breadcrumb":{"@id":"https:\/\/rendez-vous-store.com\/shop\/women\/women-shoes-heels-discover-our-selection-rendez-vous-store\/keen-uneek-women-sandals-raw-umber-black-rendez-vous-store\/#breadcrumb"},"inLanguage":"fr-FR","potentialAction":[{"@type":"ReadAction","target":["https:\/\/rendez-vous-store.com\/shop\/women\/women-shoes-heels-discover-our-selection-rendez-vous-store\/keen-uneek-women-sandals-raw-umber-black-rendez-vous-store\/"]}]},{"@type":"ImageObject","inLanguage":"fr-FR","@id":"https:\/\/rendez-vous-store.com\/shop\/women\/women-shoes-heels-discover-our-selection-rendez-vous-store\/keen-uneek-women-sandals-raw-umber-black-rendez-vous-store\/#primaryimage","url":"https:\/\/rendez-vous-store.com\/app\/uploads\/2024\/05\/k1.webp","contentUrl":"https:\/\/rendez-vous-store.com\/app\/uploads\/2024\/05\/k1.webp","width":1696,"height":2560,"caption":"Keen - Uneek Women Sandals - Raw Umber\/Black"},{"@type":"BreadcrumbList","@id":"https:\/\/rendez-vous-store.com\/shop\/women\/women-shoes-heels-discover-our-selection-rendez-vous-store\/keen-uneek-women-sandals-raw-umber-black-rendez-vous-store\/#breadcrumb","itemListElement":[{"@type":"ListItem","position":1,"name":"Home","item":"https:\/\/rendez-vous-store.com\/"},{"@type":"ListItem","position":2,"name":"Shop","item":"https:\/\/www.rendez-vous-store.com\/shop\/"},{"@type":"ListItem","position":3,"name":"Keen &#8211; Uneek Women Sandals &#8211; Raw Umber\/Black"}]},{"@type":"WebSite","@id":"https:\/\/rendez-vous-store.com\/#website","url":"https:\/\/rendez-vous-store.com\/","name":"RENDEZ-VOUS STORE","description":"Slow Fashion for Women and Men","potentialAction":[{"@type":"SearchAction","target":{"@type":"EntryPoint","urlTemplate":"https:\/\/rendez-vous-store.com\/?s={search_term_string}"},"query-input":{"@type":"PropertyValueSpecification","valueRequired":true,"valueName":"search_term_string"}}],"inLanguage":"fr-FR"}]}},"_links":{"self":[{"href":"https:\/\/rendez-vous-store.com\/fr\/wp-json\/wp\/v2\/product\/165359","targetHints":{"allow":["GET"]}}],"collection":[{"href":"https:\/\/rendez-vous-store.com\/fr\/wp-json\/wp\/v2\/product"}],"about":[{"href":"https:\/\/rendez-vous-store.com\/fr\/wp-json\/wp\/v2\/types\/product"}],"wp:featuredmedia":[{"embeddable":true,"href":"https:\/\/rendez-vous-store.com\/fr\/wp-json\/wp\/v2\/media\/167137"}],"wp:attachment":[{"href":"https:\/\/rendez-vous-store.com\/fr\/wp-json\/wp\/v2\/media?parent=165359"}],"wp:term":[{"taxonomy":"product_brand","embeddable":true,"href":"https:\/\/rendez-vous-store.com\/fr\/wp-json\/wp\/v2\/product_brand?post=165359"},{"taxonomy":"product_cat","embeddable":true,"href":"https:\/\/rendez-vous-store.com\/fr\/wp-json\/wp\/v2\/product_cat?post=165359"},{"taxonomy":"product_tag","embeddable":true,"href":"https:\/\/rendez-vous-store.com\/fr\/wp-json\/wp\/v2\/product_tag?post=165359"}],"curies":[{"name":"wp","href":"https:\/\/api.w.org\/{rel}","templated":true}]}}