{"id":164858,"date":"2024-05-07T16:20:17","date_gmt":"2024-05-07T14:20:17","guid":{"rendered":"https:\/\/rendez-vous-store.com\/?post_type=product&#038;p=164858"},"modified":"2026-03-16T17:33:28","modified_gmt":"2026-03-16T16:33:28","slug":"asciari-ginger-dress-corn-rendez-vous-store","status":"publish","type":"product","link":"https:\/\/rendez-vous-store.com\/fr\/shop\/women\/women-dresses-rendez-vous-store\/asciari-ginger-dress-corn-rendez-vous-store\/","title":{"rendered":"Asciari &#8211; Ginger Dress AS032 &#8211; Corn"},"content":{"rendered":"<p><strong>Asciari Ginger Dress Corn<\/strong><\/p>\n<p>Col classique<\/p>\n<p>Fermeture \u00e0 bouton sur le devant<\/p>\n<p><span style=\"background-color: var(--global--color-background); color: var(--global--color-primary); font-family: var(--global--font-secondary); font-size: var(--global--font-size-base);\">Manches longues<\/span><\/p>\n<p>Jupe fronc\u00e9e<\/p>\n<p>Adjustable waist with back drawstring<\/p>\n<p><span style=\"background-color: var(--global--color-background); color: var(--global--color-primary); font-family: var(--global--font-secondary); font-size: var(--global--font-size-base);\">Couleur : Ma\u00efs<\/span><\/p>\n<p>Composition : 53% Coton - 45% Lin - 3% Soie<\/p>\n<p>Fabriqu\u00e9 en Italie<\/p>\n<p>Taille du mod\u00e8le : S<\/p>\n<p>Kheira est \u00e0 1m68<\/p>\n<p>&nbsp;<\/p>\n<p>&nbsp;<\/p>\n<p>&nbsp;<\/p>\n<p>&nbsp;<\/p>\n<h4>La marque<\/h4>\n<div class=\"w-full text-token-text-primary\" dir=\"auto\" data-testid=\"conversation-turn-205\">\n<div class=\"px-4 py-2 justify-center text-base md:gap-6 m-auto\">\n<div class=\"flex flex-1 text-base mx-auto gap-3 juice:gap-4 juice:md:gap-6 md:px-5 lg:px-1 xl:px-5 md:max-w-3xl lg:max-w-[40rem] xl:max-w-[48rem]\">\n<div class=\"relative flex w-full flex-col agent-turn\">\n<div class=\"flex-col gap-1 md:gap-3\">\n<div class=\"flex flex-grow flex-col max-w-full\">\n<div class=\"min-h-[20px] text-message flex flex-col items-start gap-3 whitespace-pre-wrap break-words [.text-message+&amp;]:mt-5 overflow-x-auto\" dir=\"auto\" data-message-author-role=\"assistant\" data-message-id=\"57052223-53ab-473c-a24d-a048941c544d\">\n<div class=\"markdown prose w-full break-words dark:prose-invert light\">\n<p>This Asciari Ginger Dress Corn is one of our most avant-garde and timeless pieces.<\/p>\n<\/div>\n<p>Asciari, fond\u00e9 par Pietro et Federica et leur m\u00e8re Marta, a pour objectif de cr\u00e9er un style distinct et intemporel bas\u00e9 sur des normes esth\u00e9tiques et culturelles pr\u00e9cises, o\u00f9 la beaut\u00e9 est entrelac\u00e9e avec les bonnes mani\u00e8res, l'\u00e9l\u00e9gance est un luxe discret, et l'extr\u00eame qualit\u00e9 est d\u00e9couverte avec une touche.<\/p>\n<p>La recherche et l'amour pour les formes essentielles, les tissus naturels, la confection et la fabrication se sont transform\u00e9s en un parcours culturel qui a finalement pris forme avec la cr\u00e9ation des premi\u00e8res collections, sous le nom de Jolie Kica. Une \u00e9volution naturelle conduit \u00e0 Asciari, qui affine la touche stylistique et combine la vocation originale de recherche de l'harmonie du pass\u00e9 avec une attitude avant-gardiste.<\/p>\n<\/div>\n<\/div>\n<\/div>\n<\/div>\n<\/div>\n<\/div>\n<\/div>","protected":false},"excerpt":{"rendered":"<p>Asciari Ginger Dress Corn Classic collar Front button closure Long sleeves Gathered skirt Adjustable waist with back drawstring Color: Corn Composition: 53% Cotton &#8211; 45% Linen &#8211; 3% Silk Made In Italy Model Size: S Kheira is 1m68 &nbsp; &nbsp; &nbsp; &nbsp; The Brand This Asciari Ginger Dress Corn is one of our most avant-garde&hellip; <a class=\"more-link\" href=\"https:\/\/rendez-vous-store.com\/fr\/shop\/women\/women-dresses-rendez-vous-store\/asciari-ginger-dress-corn-rendez-vous-store\/\">Continuer la lecture <span class=\"screen-reader-text\">Asciari &#8211; Ginger Dress AS032 &#8211; Corn<\/span><\/a><\/p>","protected":false},"featured_media":164959,"template":"","meta":{"_acf_changed":false},"product_brand":[],"product_cat":[1271,17,376],"product_tag":[397],"class_list":{"0":"post-164858","1":"product","2":"type-product","3":"status-publish","4":"has-post-thumbnail","6":"product_cat-1271","7":"product_cat-women","8":"product_cat-women-dresses-rendez-vous-store","9":"product_tag-asciari","10":"entry","12":"first","13":"outofstock","14":"taxable","15":"shipping-taxable","16":"product-type-variable"},"acf":[],"yoast_head":"<!-- This site is optimized with the Yoast SEO plugin v24.9 - https:\/\/yoast.com\/wordpress\/plugins\/seo\/ -->\n<title>Asciari - Ginger Dress Corn - Rendez-Vous Store<\/title>\n<meta name=\"description\" content=\"This Asciari Ginger Dress Corn is one of our most avant-garde and timeless pieces.\" \/>\n<meta name=\"robots\" content=\"index, follow, max-snippet:-1, max-image-preview:large, max-video-preview:-1\" \/>\n<link rel=\"canonical\" href=\"https:\/\/rendez-vous-store.com\/fr\/shop\/women\/women-dresses-rendez-vous-store\/asciari-ginger-dress-corn-rendez-vous-store\/\" \/>\n<meta property=\"og:locale\" content=\"fr_FR\" \/>\n<meta property=\"og:type\" content=\"article\" \/>\n<meta property=\"og:title\" content=\"Asciari - Ginger Dress Corn - Rendez-Vous Store\" \/>\n<meta property=\"og:description\" content=\"This Asciari Ginger Dress Corn is one of our most avant-garde and timeless pieces.\" \/>\n<meta property=\"og:url\" content=\"https:\/\/rendez-vous-store.com\/fr\/shop\/women\/women-dresses-rendez-vous-store\/asciari-ginger-dress-corn-rendez-vous-store\/\" \/>\n<meta property=\"og:site_name\" content=\"RENDEZ-VOUS STORE\" \/>\n<meta property=\"article:modified_time\" content=\"2026-03-16T16:33:28+00:00\" \/>\n<meta property=\"og:image\" content=\"https:\/\/rendez-vous-store.com\/wp-content\/uploads\/2024\/05\/a32.webp\" \/>\n\t<meta property=\"og:image:width\" content=\"1696\" \/>\n\t<meta property=\"og:image:height\" content=\"2560\" \/>\n\t<meta property=\"og:image:type\" content=\"image\/webp\" \/>\n<meta name=\"twitter:card\" content=\"summary_large_image\" \/>\n<meta name=\"twitter:label1\" content=\"Est. reading time\" \/>\n\t<meta name=\"twitter:data1\" content=\"1 minute\" \/>\n<script type=\"application\/ld+json\" class=\"yoast-schema-graph\">{\"@context\":\"https:\/\/schema.org\",\"@graph\":[{\"@type\":\"WebPage\",\"@id\":\"https:\/\/rendez-vous-store.com\/shop\/women\/women-dresses-rendez-vous-store\/asciari-ginger-dress-corn-rendez-vous-store\/\",\"url\":\"https:\/\/rendez-vous-store.com\/shop\/women\/women-dresses-rendez-vous-store\/asciari-ginger-dress-corn-rendez-vous-store\/\",\"name\":\"Asciari - Ginger Dress Corn - Rendez-Vous Store\",\"isPartOf\":{\"@id\":\"https:\/\/rendez-vous-store.com\/#website\"},\"primaryImageOfPage\":{\"@id\":\"https:\/\/rendez-vous-store.com\/shop\/women\/women-dresses-rendez-vous-store\/asciari-ginger-dress-corn-rendez-vous-store\/#primaryimage\"},\"image\":{\"@id\":\"https:\/\/rendez-vous-store.com\/shop\/women\/women-dresses-rendez-vous-store\/asciari-ginger-dress-corn-rendez-vous-store\/#primaryimage\"},\"thumbnailUrl\":\"https:\/\/rendez-vous-store.com\/app\/uploads\/2024\/05\/a32.webp\",\"datePublished\":\"2024-05-07T14:20:17+00:00\",\"dateModified\":\"2026-03-16T16:33:28+00:00\",\"description\":\"This Asciari Ginger Dress Corn is one of our most avant-garde and timeless pieces.\",\"breadcrumb\":{\"@id\":\"https:\/\/rendez-vous-store.com\/shop\/women\/women-dresses-rendez-vous-store\/asciari-ginger-dress-corn-rendez-vous-store\/#breadcrumb\"},\"inLanguage\":\"fr-FR\",\"potentialAction\":[{\"@type\":\"ReadAction\",\"target\":[\"https:\/\/rendez-vous-store.com\/shop\/women\/women-dresses-rendez-vous-store\/asciari-ginger-dress-corn-rendez-vous-store\/\"]}]},{\"@type\":\"ImageObject\",\"inLanguage\":\"fr-FR\",\"@id\":\"https:\/\/rendez-vous-store.com\/shop\/women\/women-dresses-rendez-vous-store\/asciari-ginger-dress-corn-rendez-vous-store\/#primaryimage\",\"url\":\"https:\/\/rendez-vous-store.com\/app\/uploads\/2024\/05\/a32.webp\",\"contentUrl\":\"https:\/\/rendez-vous-store.com\/app\/uploads\/2024\/05\/a32.webp\",\"width\":1696,\"height\":2560,\"caption\":\"Asciari - Ginger Dress AS032 - Corn\"},{\"@type\":\"BreadcrumbList\",\"@id\":\"https:\/\/rendez-vous-store.com\/shop\/women\/women-dresses-rendez-vous-store\/asciari-ginger-dress-corn-rendez-vous-store\/#breadcrumb\",\"itemListElement\":[{\"@type\":\"ListItem\",\"position\":1,\"name\":\"Home\",\"item\":\"https:\/\/rendez-vous-store.com\/\"},{\"@type\":\"ListItem\",\"position\":2,\"name\":\"Shop\",\"item\":\"https:\/\/www.rendez-vous-store.com\/shop\/\"},{\"@type\":\"ListItem\",\"position\":3,\"name\":\"Asciari &#8211; Ginger Dress AS032 &#8211; Corn\"}]},{\"@type\":\"WebSite\",\"@id\":\"https:\/\/rendez-vous-store.com\/#website\",\"url\":\"https:\/\/rendez-vous-store.com\/\",\"name\":\"RENDEZ-VOUS STORE\",\"description\":\"Slow Fashion for Women and Men\",\"potentialAction\":[{\"@type\":\"SearchAction\",\"target\":{\"@type\":\"EntryPoint\",\"urlTemplate\":\"https:\/\/rendez-vous-store.com\/?s={search_term_string}\"},\"query-input\":{\"@type\":\"PropertyValueSpecification\",\"valueRequired\":true,\"valueName\":\"search_term_string\"}}],\"inLanguage\":\"fr-FR\"}]}<\/script>\n<!-- \/ Yoast SEO plugin. -->","yoast_head_json":{"title":"Asciari - Ginger Dress Corn - Rendez-Vous Store","description":"This Asciari Ginger Dress Corn is one of our most avant-garde and timeless pieces.","robots":{"index":"index","follow":"follow","max-snippet":"max-snippet:-1","max-image-preview":"max-image-preview:large","max-video-preview":"max-video-preview:-1"},"canonical":"https:\/\/rendez-vous-store.com\/fr\/shop\/women\/women-dresses-rendez-vous-store\/asciari-ginger-dress-corn-rendez-vous-store\/","og_locale":"fr_FR","og_type":"article","og_title":"Asciari - Ginger Dress Corn - Rendez-Vous Store","og_description":"This Asciari Ginger Dress Corn is one of our most avant-garde and timeless pieces.","og_url":"https:\/\/rendez-vous-store.com\/fr\/shop\/women\/women-dresses-rendez-vous-store\/asciari-ginger-dress-corn-rendez-vous-store\/","og_site_name":"RENDEZ-VOUS STORE","article_modified_time":"2026-03-16T16:33:28+00:00","og_image":[{"width":1696,"height":2560,"url":"https:\/\/rendez-vous-store.com\/wp-content\/uploads\/2024\/05\/a32.webp","type":"image\/webp"}],"twitter_card":"summary_large_image","twitter_misc":{"Est. reading time":"1 minute"},"schema":{"@context":"https:\/\/schema.org","@graph":[{"@type":"WebPage","@id":"https:\/\/rendez-vous-store.com\/shop\/women\/women-dresses-rendez-vous-store\/asciari-ginger-dress-corn-rendez-vous-store\/","url":"https:\/\/rendez-vous-store.com\/shop\/women\/women-dresses-rendez-vous-store\/asciari-ginger-dress-corn-rendez-vous-store\/","name":"Asciari - Ginger Dress Corn - Rendez-Vous Store","isPartOf":{"@id":"https:\/\/rendez-vous-store.com\/#website"},"primaryImageOfPage":{"@id":"https:\/\/rendez-vous-store.com\/shop\/women\/women-dresses-rendez-vous-store\/asciari-ginger-dress-corn-rendez-vous-store\/#primaryimage"},"image":{"@id":"https:\/\/rendez-vous-store.com\/shop\/women\/women-dresses-rendez-vous-store\/asciari-ginger-dress-corn-rendez-vous-store\/#primaryimage"},"thumbnailUrl":"https:\/\/rendez-vous-store.com\/app\/uploads\/2024\/05\/a32.webp","datePublished":"2024-05-07T14:20:17+00:00","dateModified":"2026-03-16T16:33:28+00:00","description":"This Asciari Ginger Dress Corn is one of our most avant-garde and timeless pieces.","breadcrumb":{"@id":"https:\/\/rendez-vous-store.com\/shop\/women\/women-dresses-rendez-vous-store\/asciari-ginger-dress-corn-rendez-vous-store\/#breadcrumb"},"inLanguage":"fr-FR","potentialAction":[{"@type":"ReadAction","target":["https:\/\/rendez-vous-store.com\/shop\/women\/women-dresses-rendez-vous-store\/asciari-ginger-dress-corn-rendez-vous-store\/"]}]},{"@type":"ImageObject","inLanguage":"fr-FR","@id":"https:\/\/rendez-vous-store.com\/shop\/women\/women-dresses-rendez-vous-store\/asciari-ginger-dress-corn-rendez-vous-store\/#primaryimage","url":"https:\/\/rendez-vous-store.com\/app\/uploads\/2024\/05\/a32.webp","contentUrl":"https:\/\/rendez-vous-store.com\/app\/uploads\/2024\/05\/a32.webp","width":1696,"height":2560,"caption":"Asciari - Ginger Dress AS032 - Corn"},{"@type":"BreadcrumbList","@id":"https:\/\/rendez-vous-store.com\/shop\/women\/women-dresses-rendez-vous-store\/asciari-ginger-dress-corn-rendez-vous-store\/#breadcrumb","itemListElement":[{"@type":"ListItem","position":1,"name":"Home","item":"https:\/\/rendez-vous-store.com\/"},{"@type":"ListItem","position":2,"name":"Shop","item":"https:\/\/www.rendez-vous-store.com\/shop\/"},{"@type":"ListItem","position":3,"name":"Asciari &#8211; Ginger Dress AS032 &#8211; Corn"}]},{"@type":"WebSite","@id":"https:\/\/rendez-vous-store.com\/#website","url":"https:\/\/rendez-vous-store.com\/","name":"RENDEZ-VOUS STORE","description":"Slow Fashion for Women and Men","potentialAction":[{"@type":"SearchAction","target":{"@type":"EntryPoint","urlTemplate":"https:\/\/rendez-vous-store.com\/?s={search_term_string}"},"query-input":{"@type":"PropertyValueSpecification","valueRequired":true,"valueName":"search_term_string"}}],"inLanguage":"fr-FR"}]}},"_links":{"self":[{"href":"https:\/\/rendez-vous-store.com\/fr\/wp-json\/wp\/v2\/product\/164858","targetHints":{"allow":["GET"]}}],"collection":[{"href":"https:\/\/rendez-vous-store.com\/fr\/wp-json\/wp\/v2\/product"}],"about":[{"href":"https:\/\/rendez-vous-store.com\/fr\/wp-json\/wp\/v2\/types\/product"}],"wp:featuredmedia":[{"embeddable":true,"href":"https:\/\/rendez-vous-store.com\/fr\/wp-json\/wp\/v2\/media\/164959"}],"wp:attachment":[{"href":"https:\/\/rendez-vous-store.com\/fr\/wp-json\/wp\/v2\/media?parent=164858"}],"wp:term":[{"taxonomy":"product_brand","embeddable":true,"href":"https:\/\/rendez-vous-store.com\/fr\/wp-json\/wp\/v2\/product_brand?post=164858"},{"taxonomy":"product_cat","embeddable":true,"href":"https:\/\/rendez-vous-store.com\/fr\/wp-json\/wp\/v2\/product_cat?post=164858"},{"taxonomy":"product_tag","embeddable":true,"href":"https:\/\/rendez-vous-store.com\/fr\/wp-json\/wp\/v2\/product_tag?post=164858"}],"curies":[{"name":"wp","href":"https:\/\/api.w.org\/{rel}","templated":true}]}}