{"id":164799,"date":"2024-05-07T16:19:46","date_gmt":"2024-05-07T14:19:46","guid":{"rendered":"https:\/\/rendez-vous-store.com\/?post_type=product&#038;p=164799"},"modified":"2026-04-24T13:06:08","modified_gmt":"2026-04-24T11:06:08","slug":"asciari-hiera-shirt-dusty-blue-rendez-vous-store","status":"publish","type":"product","link":"https:\/\/rendez-vous-store.com\/fr\/shop\/women\/women-shirts-discover-our-selection-rendez-vous-store\/asciari-hiera-shirt-dusty-blue-rendez-vous-store\/","title":{"rendered":"Asciari - Hiera Shirt AS057 - Bleu poussi\u00e8re"},"content":{"rendered":"<p><strong>Asciari Hiera Shirt Dusty Blue<\/strong><\/p>\n<p>Col classique<\/p>\n<p>Patte de boutonnage invisible<\/p>\n<p>Manches courtes<\/p>\n<p>Couleur : bleu poussi\u00e9reux<\/p>\n<p>Composition : 100% Lin<\/p>\n<p>Fabriqu\u00e9 en Italie<\/p>\n<p>Taille du mod\u00e8le : S<\/p>\n<p>Kheira est \u00e0 1m68<\/p>\n<p>&nbsp;<\/p>\n<p>&nbsp;<\/p>\n<p>&nbsp;<\/p>\n<p>&nbsp;<\/p>\n<h4>La marque<\/h4>\n<div class=\"w-full text-token-text-primary\" dir=\"auto\" data-testid=\"conversation-turn-205\">\n<div class=\"px-4 py-2 justify-center text-base md:gap-6 m-auto\">\n<div class=\"flex flex-1 text-base mx-auto gap-3 juice:gap-4 juice:md:gap-6 md:px-5 lg:px-1 xl:px-5 md:max-w-3xl lg:max-w-[40rem] xl:max-w-[48rem]\">\n<div class=\"relative flex w-full flex-col agent-turn\">\n<div class=\"flex-col gap-1 md:gap-3\">\n<div class=\"flex flex-grow flex-col max-w-full\">\n<div class=\"min-h-[20px] text-message flex flex-col items-start gap-3 whitespace-pre-wrap break-words [.text-message+&amp;]:mt-5 overflow-x-auto\" dir=\"auto\" data-message-author-role=\"assistant\" data-message-id=\"57052223-53ab-473c-a24d-a048941c544d\">\n<div class=\"markdown prose w-full break-words dark:prose-invert light\">\n<p>Cette chemise Asciari Hiera Dusty Blue est l'une de nos pi\u00e8ces les plus avant-gardistes et les plus intemporelles.<\/p>\n<\/div>\n<p>Asciari, fond\u00e9 par Pietro et Federica et leur m\u00e8re Marta, a pour objectif de cr\u00e9er un style distinct et intemporel bas\u00e9 sur des normes esth\u00e9tiques et culturelles pr\u00e9cises, o\u00f9 la beaut\u00e9 est entrelac\u00e9e avec les bonnes mani\u00e8res, l'\u00e9l\u00e9gance est un luxe discret, et l'extr\u00eame qualit\u00e9 est d\u00e9couverte avec une touche.<\/p>\n<p>La recherche et l'amour pour les formes essentielles, les tissus naturels, la confection et la fabrication se sont transform\u00e9s en un parcours culturel qui a finalement pris forme avec la cr\u00e9ation des premi\u00e8res collections, sous le nom de Jolie Kica. Une \u00e9volution naturelle conduit \u00e0 Asciari, qui affine la touche stylistique et combine la vocation originale de recherche de l'harmonie du pass\u00e9 avec une attitude avant-gardiste.<\/p>\n<\/div>\n<\/div>\n<\/div>\n<\/div>\n<\/div>\n<\/div>\n<\/div>","protected":false},"excerpt":{"rendered":"<p>Asciari Hiera Shirt Dusty Blue Classic collar Invisible button placket Short sleeves Color: Dusty blue Composition: 100% Linen Made In Italy Model Size: S Kheira is 1m68 &nbsp; &nbsp; &nbsp; &nbsp; The Brand This Asciari Hiera Shirt Dusty Blue is one of our most avant-garde and timeless pieces. Asciari, founded by Pietro and Federica and&hellip; <a class=\"more-link\" href=\"https:\/\/rendez-vous-store.com\/fr\/shop\/women\/women-shirts-discover-our-selection-rendez-vous-store\/asciari-hiera-shirt-dusty-blue-rendez-vous-store\/\">Continuer la lecture <span class=\"screen-reader-text\">Asciari - Hiera Shirt AS057 - Bleu poussi\u00e8re<\/span><\/a><\/p>","protected":false},"featured_media":164946,"template":"","meta":{"_acf_changed":false},"product_brand":[],"product_cat":[1271,17,378],"product_tag":[397],"class_list":{"0":"post-164799","1":"product","2":"type-product","3":"status-publish","4":"has-post-thumbnail","6":"product_cat-1271","7":"product_cat-women","8":"product_cat-women-shirts-discover-our-selection-rendez-vous-store","9":"product_tag-asciari","10":"entry","12":"first","13":"outofstock","14":"taxable","15":"shipping-taxable","16":"product-type-variable"},"acf":[],"yoast_head":"<!-- This site is optimized with the Yoast SEO plugin v24.9 - https:\/\/yoast.com\/wordpress\/plugins\/seo\/ -->\n<title>Asciari - Hiera Shirt Dusty Blue - Rendez-Vous Store<\/title>\n<meta name=\"description\" content=\"This Asciari Hiera Shirt Dusty Blue is one of our most avant-garde and timeless pieces.\" \/>\n<meta name=\"robots\" content=\"index, follow, max-snippet:-1, max-image-preview:large, max-video-preview:-1\" \/>\n<link rel=\"canonical\" href=\"https:\/\/rendez-vous-store.com\/fr\/shop\/women\/women-shirts-discover-our-selection-rendez-vous-store\/asciari-hiera-shirt-dusty-blue-rendez-vous-store\/\" \/>\n<meta property=\"og:locale\" content=\"fr_FR\" \/>\n<meta property=\"og:type\" content=\"article\" \/>\n<meta property=\"og:title\" content=\"Asciari - Hiera Shirt Dusty Blue - Rendez-Vous Store\" \/>\n<meta property=\"og:description\" content=\"This Asciari Hiera Shirt Dusty Blue is one of our most avant-garde and timeless pieces.\" \/>\n<meta property=\"og:url\" content=\"https:\/\/rendez-vous-store.com\/fr\/shop\/women\/women-shirts-discover-our-selection-rendez-vous-store\/asciari-hiera-shirt-dusty-blue-rendez-vous-store\/\" \/>\n<meta property=\"og:site_name\" content=\"RENDEZ-VOUS STORE\" \/>\n<meta property=\"article:modified_time\" content=\"2026-04-24T11:06:08+00:00\" \/>\n<meta property=\"og:image\" content=\"https:\/\/rendez-vous-store.com\/wp-content\/uploads\/2024\/05\/a22.webp\" \/>\n\t<meta property=\"og:image:width\" content=\"1696\" \/>\n\t<meta property=\"og:image:height\" content=\"2560\" \/>\n\t<meta property=\"og:image:type\" content=\"image\/webp\" \/>\n<meta name=\"twitter:card\" content=\"summary_large_image\" \/>\n<meta name=\"twitter:label1\" content=\"Est. reading time\" \/>\n\t<meta name=\"twitter:data1\" content=\"1 minute\" \/>\n<script type=\"application\/ld+json\" class=\"yoast-schema-graph\">{\"@context\":\"https:\/\/schema.org\",\"@graph\":[{\"@type\":\"WebPage\",\"@id\":\"https:\/\/rendez-vous-store.com\/shop\/women\/women-shirts-discover-our-selection-rendez-vous-store\/asciari-hiera-shirt-dusty-blue-rendez-vous-store\/\",\"url\":\"https:\/\/rendez-vous-store.com\/shop\/women\/women-shirts-discover-our-selection-rendez-vous-store\/asciari-hiera-shirt-dusty-blue-rendez-vous-store\/\",\"name\":\"Asciari - Hiera Shirt Dusty Blue - Rendez-Vous Store\",\"isPartOf\":{\"@id\":\"https:\/\/rendez-vous-store.com\/#website\"},\"primaryImageOfPage\":{\"@id\":\"https:\/\/rendez-vous-store.com\/shop\/women\/women-shirts-discover-our-selection-rendez-vous-store\/asciari-hiera-shirt-dusty-blue-rendez-vous-store\/#primaryimage\"},\"image\":{\"@id\":\"https:\/\/rendez-vous-store.com\/shop\/women\/women-shirts-discover-our-selection-rendez-vous-store\/asciari-hiera-shirt-dusty-blue-rendez-vous-store\/#primaryimage\"},\"thumbnailUrl\":\"https:\/\/rendez-vous-store.com\/app\/uploads\/2024\/05\/a22.webp\",\"datePublished\":\"2024-05-07T14:19:46+00:00\",\"dateModified\":\"2026-04-24T11:06:08+00:00\",\"description\":\"This Asciari Hiera Shirt Dusty Blue is one of our most avant-garde and timeless pieces.\",\"breadcrumb\":{\"@id\":\"https:\/\/rendez-vous-store.com\/shop\/women\/women-shirts-discover-our-selection-rendez-vous-store\/asciari-hiera-shirt-dusty-blue-rendez-vous-store\/#breadcrumb\"},\"inLanguage\":\"fr-FR\",\"potentialAction\":[{\"@type\":\"ReadAction\",\"target\":[\"https:\/\/rendez-vous-store.com\/shop\/women\/women-shirts-discover-our-selection-rendez-vous-store\/asciari-hiera-shirt-dusty-blue-rendez-vous-store\/\"]}]},{\"@type\":\"ImageObject\",\"inLanguage\":\"fr-FR\",\"@id\":\"https:\/\/rendez-vous-store.com\/shop\/women\/women-shirts-discover-our-selection-rendez-vous-store\/asciari-hiera-shirt-dusty-blue-rendez-vous-store\/#primaryimage\",\"url\":\"https:\/\/rendez-vous-store.com\/app\/uploads\/2024\/05\/a22.webp\",\"contentUrl\":\"https:\/\/rendez-vous-store.com\/app\/uploads\/2024\/05\/a22.webp\",\"width\":1696,\"height\":2560,\"caption\":\"Asciari - Hiera Shirt AS057 - Dusty Blue\"},{\"@type\":\"BreadcrumbList\",\"@id\":\"https:\/\/rendez-vous-store.com\/shop\/women\/women-shirts-discover-our-selection-rendez-vous-store\/asciari-hiera-shirt-dusty-blue-rendez-vous-store\/#breadcrumb\",\"itemListElement\":[{\"@type\":\"ListItem\",\"position\":1,\"name\":\"Home\",\"item\":\"https:\/\/rendez-vous-store.com\/\"},{\"@type\":\"ListItem\",\"position\":2,\"name\":\"Shop\",\"item\":\"https:\/\/www.rendez-vous-store.com\/shop\/\"},{\"@type\":\"ListItem\",\"position\":3,\"name\":\"Asciari &#8211; Hiera Shirt AS057 &#8211; Dusty Blue\"}]},{\"@type\":\"WebSite\",\"@id\":\"https:\/\/rendez-vous-store.com\/#website\",\"url\":\"https:\/\/rendez-vous-store.com\/\",\"name\":\"RENDEZ-VOUS STORE\",\"description\":\"Slow Fashion for Women and Men\",\"potentialAction\":[{\"@type\":\"SearchAction\",\"target\":{\"@type\":\"EntryPoint\",\"urlTemplate\":\"https:\/\/rendez-vous-store.com\/?s={search_term_string}\"},\"query-input\":{\"@type\":\"PropertyValueSpecification\",\"valueRequired\":true,\"valueName\":\"search_term_string\"}}],\"inLanguage\":\"fr-FR\"}]}<\/script>\n<!-- \/ Yoast SEO plugin. -->","yoast_head_json":{"title":"Asciari - Hiera Shirt Dusty Blue - Rendez-Vous Store","description":"This Asciari Hiera Shirt Dusty Blue is one of our most avant-garde and timeless pieces.","robots":{"index":"index","follow":"follow","max-snippet":"max-snippet:-1","max-image-preview":"max-image-preview:large","max-video-preview":"max-video-preview:-1"},"canonical":"https:\/\/rendez-vous-store.com\/fr\/shop\/women\/women-shirts-discover-our-selection-rendez-vous-store\/asciari-hiera-shirt-dusty-blue-rendez-vous-store\/","og_locale":"fr_FR","og_type":"article","og_title":"Asciari - Hiera Shirt Dusty Blue - Rendez-Vous Store","og_description":"This Asciari Hiera Shirt Dusty Blue is one of our most avant-garde and timeless pieces.","og_url":"https:\/\/rendez-vous-store.com\/fr\/shop\/women\/women-shirts-discover-our-selection-rendez-vous-store\/asciari-hiera-shirt-dusty-blue-rendez-vous-store\/","og_site_name":"RENDEZ-VOUS STORE","article_modified_time":"2026-04-24T11:06:08+00:00","og_image":[{"width":1696,"height":2560,"url":"https:\/\/rendez-vous-store.com\/wp-content\/uploads\/2024\/05\/a22.webp","type":"image\/webp"}],"twitter_card":"summary_large_image","twitter_misc":{"Est. reading time":"1 minute"},"schema":{"@context":"https:\/\/schema.org","@graph":[{"@type":"WebPage","@id":"https:\/\/rendez-vous-store.com\/shop\/women\/women-shirts-discover-our-selection-rendez-vous-store\/asciari-hiera-shirt-dusty-blue-rendez-vous-store\/","url":"https:\/\/rendez-vous-store.com\/shop\/women\/women-shirts-discover-our-selection-rendez-vous-store\/asciari-hiera-shirt-dusty-blue-rendez-vous-store\/","name":"Asciari - Hiera Shirt Dusty Blue - Rendez-Vous Store","isPartOf":{"@id":"https:\/\/rendez-vous-store.com\/#website"},"primaryImageOfPage":{"@id":"https:\/\/rendez-vous-store.com\/shop\/women\/women-shirts-discover-our-selection-rendez-vous-store\/asciari-hiera-shirt-dusty-blue-rendez-vous-store\/#primaryimage"},"image":{"@id":"https:\/\/rendez-vous-store.com\/shop\/women\/women-shirts-discover-our-selection-rendez-vous-store\/asciari-hiera-shirt-dusty-blue-rendez-vous-store\/#primaryimage"},"thumbnailUrl":"https:\/\/rendez-vous-store.com\/app\/uploads\/2024\/05\/a22.webp","datePublished":"2024-05-07T14:19:46+00:00","dateModified":"2026-04-24T11:06:08+00:00","description":"This Asciari Hiera Shirt Dusty Blue is one of our most avant-garde and timeless pieces.","breadcrumb":{"@id":"https:\/\/rendez-vous-store.com\/shop\/women\/women-shirts-discover-our-selection-rendez-vous-store\/asciari-hiera-shirt-dusty-blue-rendez-vous-store\/#breadcrumb"},"inLanguage":"fr-FR","potentialAction":[{"@type":"ReadAction","target":["https:\/\/rendez-vous-store.com\/shop\/women\/women-shirts-discover-our-selection-rendez-vous-store\/asciari-hiera-shirt-dusty-blue-rendez-vous-store\/"]}]},{"@type":"ImageObject","inLanguage":"fr-FR","@id":"https:\/\/rendez-vous-store.com\/shop\/women\/women-shirts-discover-our-selection-rendez-vous-store\/asciari-hiera-shirt-dusty-blue-rendez-vous-store\/#primaryimage","url":"https:\/\/rendez-vous-store.com\/app\/uploads\/2024\/05\/a22.webp","contentUrl":"https:\/\/rendez-vous-store.com\/app\/uploads\/2024\/05\/a22.webp","width":1696,"height":2560,"caption":"Asciari - Hiera Shirt AS057 - Dusty Blue"},{"@type":"BreadcrumbList","@id":"https:\/\/rendez-vous-store.com\/shop\/women\/women-shirts-discover-our-selection-rendez-vous-store\/asciari-hiera-shirt-dusty-blue-rendez-vous-store\/#breadcrumb","itemListElement":[{"@type":"ListItem","position":1,"name":"Home","item":"https:\/\/rendez-vous-store.com\/"},{"@type":"ListItem","position":2,"name":"Shop","item":"https:\/\/www.rendez-vous-store.com\/shop\/"},{"@type":"ListItem","position":3,"name":"Asciari &#8211; Hiera Shirt AS057 &#8211; Dusty Blue"}]},{"@type":"WebSite","@id":"https:\/\/rendez-vous-store.com\/#website","url":"https:\/\/rendez-vous-store.com\/","name":"RENDEZ-VOUS STORE","description":"Slow Fashion for Women and Men","potentialAction":[{"@type":"SearchAction","target":{"@type":"EntryPoint","urlTemplate":"https:\/\/rendez-vous-store.com\/?s={search_term_string}"},"query-input":{"@type":"PropertyValueSpecification","valueRequired":true,"valueName":"search_term_string"}}],"inLanguage":"fr-FR"}]}},"_links":{"self":[{"href":"https:\/\/rendez-vous-store.com\/fr\/wp-json\/wp\/v2\/product\/164799","targetHints":{"allow":["GET"]}}],"collection":[{"href":"https:\/\/rendez-vous-store.com\/fr\/wp-json\/wp\/v2\/product"}],"about":[{"href":"https:\/\/rendez-vous-store.com\/fr\/wp-json\/wp\/v2\/types\/product"}],"wp:featuredmedia":[{"embeddable":true,"href":"https:\/\/rendez-vous-store.com\/fr\/wp-json\/wp\/v2\/media\/164946"}],"wp:attachment":[{"href":"https:\/\/rendez-vous-store.com\/fr\/wp-json\/wp\/v2\/media?parent=164799"}],"wp:term":[{"taxonomy":"product_brand","embeddable":true,"href":"https:\/\/rendez-vous-store.com\/fr\/wp-json\/wp\/v2\/product_brand?post=164799"},{"taxonomy":"product_cat","embeddable":true,"href":"https:\/\/rendez-vous-store.com\/fr\/wp-json\/wp\/v2\/product_cat?post=164799"},{"taxonomy":"product_tag","embeddable":true,"href":"https:\/\/rendez-vous-store.com\/fr\/wp-json\/wp\/v2\/product_tag?post=164799"}],"curies":[{"name":"wp","href":"https:\/\/api.w.org\/{rel}","templated":true}]}}