{"id":164272,"date":"2024-05-02T13:23:19","date_gmt":"2024-05-02T11:23:19","guid":{"rendered":"https:\/\/rendez-vous-store.com\/?post_type=product&#038;p=164272"},"modified":"2025-03-13T16:35:22","modified_gmt":"2025-03-13T15:35:22","slug":"yleve-t-shirt-cotton-sheer-jersey-black-rendez-vous-store","status":"publish","type":"product","link":"https:\/\/rendez-vous-store.com\/fr\/shop\/women\/top-discover-our-selection-rendez-vous-store\/yleve-t-shirt-cotton-sheer-jersey-black-rendez-vous-store\/","title":{"rendered":"Yl\u00e8ve - T-Shirt coton jersey transparent 66056 - Noir"},"content":{"rendered":"<p><strong>T-Shirt Yl\u00e8ve Jersey de coton transparent Noir<\/strong><\/p>\n<p>Col rond<\/p>\n<p>Manches courtes<\/p>\n<p>\u00c9paules tombantes<\/p>\n<p>Couleur : Noir<\/p>\n<p>Composition : 100% Coton<\/p>\n<p>Fabriqu\u00e9 au Japon<\/p>\n<p>Taille du mod\u00e8le : S<\/p>\n<p>Kheira est \u00e0 1m68<\/p>\n<p>&nbsp;<\/p>\n<p>&nbsp;<\/p>\n<p>&nbsp;<\/p>\n<p>&nbsp;<\/p>\n<h4>La marque<\/h4>\n<div class=\"w-full text-token-text-primary\" dir=\"auto\" data-testid=\"conversation-turn-205\">\n<div class=\"px-4 py-2 justify-center text-base md:gap-6 m-auto\">\n<div class=\"flex flex-1 text-base mx-auto gap-3 juice:gap-4 juice:md:gap-6 md:px-5 lg:px-1 xl:px-5 md:max-w-3xl lg:max-w-[40rem] xl:max-w-[48rem]\">\n<div class=\"relative flex w-full flex-col agent-turn\">\n<div class=\"flex-col gap-1 md:gap-3\">\n<div class=\"flex flex-grow flex-col max-w-full\">\n<div class=\"min-h-[20px] text-message flex flex-col items-start gap-3 whitespace-pre-wrap break-words [.text-message+&amp;]:mt-5 overflow-x-auto\" dir=\"auto\" data-message-author-role=\"assistant\" data-message-id=\"57052223-53ab-473c-a24d-a048941c544d\">\n<div class=\"markdown prose w-full break-words dark:prose-invert light\">\n<p>Ce T-Shirt Yl\u00e8ve en jersey de coton transparent noir allie simplicit\u00e9 et harmonie de style et de mati\u00e8re dans un design tr\u00e8s contemporain.<\/p>\n<\/div>\n<p>Yl\u00e8ve, une marque japonaise distingu\u00e9e, est un symbole d'excellence dans le domaine de la mode, mettant l'accent sur la qualit\u00e9 et la simplicit\u00e9. Avec un engagement in\u00e9branlable pour la perfection, Yl\u00e8ve soigne m\u00e9ticuleusement chaque d\u00e9tail, de la s\u00e9lection des mat\u00e9riaux au raffinement des silhouettes et des techniques de confection.<\/p>\n<p>S'inspirant de l'allure intemporelle de l'esth\u00e9tique militaire et professionnelle, les cr\u00e9ations d'Yl\u00e8ve exsudent un sentiment d'authenticit\u00e9 robuste tout en s'entrem\u00ealant harmonieusement avec les nuances du style contemporain. Chaque v\u00eatement est impr\u00e9gn\u00e9 d'un caract\u00e8re distinct, reflet du d\u00e9vouement de la marque \u00e0 l'artisanat et de sa profonde compr\u00e9hension de l'art sartorial.<\/p>\n<p>Derri\u00e8re chaque point de couture se cache une histoire, qui t\u00e9moigne du respect d'Yl\u00e8ve pour la tradition et l'innovation. De la construction pr\u00e9cise des coutures au jeu subtil des textures, chaque \u00e9l\u00e9ment est soigneusement s\u00e9lectionn\u00e9 pour \u00e9voquer un sentiment d'\u00e9l\u00e9gance et de sophistication sans effort.<\/p>\n<p>En outre, l'engagement in\u00e9branlable d'Yl\u00e8ve en faveur du d\u00e9veloppement durable et des pratiques \u00e9thiques souligne encore davantage sa position de pr\u00e9curseur dans l'industrie de la mode. En d\u00e9fendant des m\u00e9thodes de production responsables et en s'approvisionnant en mat\u00e9riaux avec int\u00e9grit\u00e9, la marque ne se contente pas d'illustrer son d\u00e9vouement \u00e0 la gestion de l'environnement, elle \u00e9tablit \u00e9galement une norme que d'autres peuvent suivre.<\/p>\n<p>Par essence, Yl\u00e8ve incarne la quintessence du luxe raffin\u00e9, o\u00f9 la qualit\u00e9 rencontre la simplicit\u00e9 dans une union harmonieuse de style et de substance. Avec chaque collection, la marque continue de red\u00e9finir la mode contemporaine, laissant une marque ind\u00e9l\u00e9bile sur le paysage sartorial mondial.<\/p>\n<\/div>\n<\/div>\n<\/div>\n<\/div>\n<\/div>\n<\/div>\n<\/div>","protected":false},"excerpt":{"rendered":"<p>Yl\u00e8ve T-Shirt Cotton Sheer Jersey Black Round neck Short sleeves Dropped shoulders Color: Black Composition: 100% Cotton Made In Japan Model Size: S Kheira is 1m68 &nbsp; &nbsp; &nbsp; &nbsp; The Brand This Yl\u00e8ve T-Shirt Cotton Sheer Jersey Black combines simplicity and harmony of style and material in a very contemporary design. Yl\u00e8ve, a distinguished&hellip; <a class=\"more-link\" href=\"https:\/\/rendez-vous-store.com\/fr\/shop\/women\/top-discover-our-selection-rendez-vous-store\/yleve-t-shirt-cotton-sheer-jersey-black-rendez-vous-store\/\">Continuer la lecture <span class=\"screen-reader-text\">Yl\u00e8ve - T-Shirt coton jersey transparent 66056 - Noir<\/span><\/a><\/p>","protected":false},"featured_media":0,"template":"","meta":{"_acf_changed":false},"product_brand":[],"product_cat":[17,384],"product_tag":[1207],"class_list":{"0":"post-164272","1":"product","2":"type-product","3":"status-publish","5":"product_cat-women","6":"product_cat-top-discover-our-selection-rendez-vous-store","7":"product_tag-yleve-japanese-brand-rendez-vous-store","8":"entry","10":"first","11":"outofstock","12":"taxable","13":"shipping-taxable","14":"product-type-variable"},"acf":[],"yoast_head":"<!-- This site is optimized with the Yoast SEO plugin v24.9 - https:\/\/yoast.com\/wordpress\/plugins\/seo\/ -->\n<title>Yl\u00e8ve - T-Shirt Cotton Sheer Jersey Black - Rendez-Vous Store<\/title>\n<meta name=\"description\" content=\"This Yl\u00e8ve T-Shirt Cotton Sheer Jersey Black combines simplicity and harmony of style and material in a very contemporary design.\" \/>\n<meta name=\"robots\" content=\"index, follow, max-snippet:-1, max-image-preview:large, max-video-preview:-1\" \/>\n<link rel=\"canonical\" href=\"https:\/\/rendez-vous-store.com\/fr\/shop\/women\/top-discover-our-selection-rendez-vous-store\/yleve-t-shirt-cotton-sheer-jersey-black-rendez-vous-store\/\" \/>\n<meta property=\"og:locale\" content=\"fr_FR\" \/>\n<meta property=\"og:type\" content=\"article\" \/>\n<meta property=\"og:title\" content=\"Yl\u00e8ve - T-Shirt Cotton Sheer Jersey Black - Rendez-Vous Store\" \/>\n<meta property=\"og:description\" content=\"This Yl\u00e8ve T-Shirt Cotton Sheer Jersey Black combines simplicity and harmony of style and material in a very contemporary design.\" \/>\n<meta property=\"og:url\" content=\"https:\/\/rendez-vous-store.com\/fr\/shop\/women\/top-discover-our-selection-rendez-vous-store\/yleve-t-shirt-cotton-sheer-jersey-black-rendez-vous-store\/\" \/>\n<meta property=\"og:site_name\" content=\"RENDEZ-VOUS STORE\" \/>\n<meta property=\"article:modified_time\" content=\"2025-03-13T15:35:22+00:00\" \/>\n<meta name=\"twitter:card\" content=\"summary_large_image\" \/>\n<meta name=\"twitter:label1\" content=\"Est. reading time\" \/>\n\t<meta name=\"twitter:data1\" content=\"2 minutes\" \/>\n<script type=\"application\/ld+json\" class=\"yoast-schema-graph\">{\"@context\":\"https:\/\/schema.org\",\"@graph\":[{\"@type\":\"WebPage\",\"@id\":\"https:\/\/rendez-vous-store.com\/shop\/women\/top-discover-our-selection-rendez-vous-store\/yleve-t-shirt-cotton-sheer-jersey-black-rendez-vous-store\/\",\"url\":\"https:\/\/rendez-vous-store.com\/shop\/women\/top-discover-our-selection-rendez-vous-store\/yleve-t-shirt-cotton-sheer-jersey-black-rendez-vous-store\/\",\"name\":\"Yl\u00e8ve - T-Shirt Cotton Sheer Jersey Black - Rendez-Vous Store\",\"isPartOf\":{\"@id\":\"https:\/\/rendez-vous-store.com\/#website\"},\"datePublished\":\"2024-05-02T11:23:19+00:00\",\"dateModified\":\"2025-03-13T15:35:22+00:00\",\"description\":\"This Yl\u00e8ve T-Shirt Cotton Sheer Jersey Black combines simplicity and harmony of style and material in a very contemporary design.\",\"breadcrumb\":{\"@id\":\"https:\/\/rendez-vous-store.com\/shop\/women\/top-discover-our-selection-rendez-vous-store\/yleve-t-shirt-cotton-sheer-jersey-black-rendez-vous-store\/#breadcrumb\"},\"inLanguage\":\"fr-FR\",\"potentialAction\":[{\"@type\":\"ReadAction\",\"target\":[\"https:\/\/rendez-vous-store.com\/shop\/women\/top-discover-our-selection-rendez-vous-store\/yleve-t-shirt-cotton-sheer-jersey-black-rendez-vous-store\/\"]}]},{\"@type\":\"BreadcrumbList\",\"@id\":\"https:\/\/rendez-vous-store.com\/shop\/women\/top-discover-our-selection-rendez-vous-store\/yleve-t-shirt-cotton-sheer-jersey-black-rendez-vous-store\/#breadcrumb\",\"itemListElement\":[{\"@type\":\"ListItem\",\"position\":1,\"name\":\"Home\",\"item\":\"https:\/\/rendez-vous-store.com\/\"},{\"@type\":\"ListItem\",\"position\":2,\"name\":\"Shop\",\"item\":\"https:\/\/www.rendez-vous-store.com\/shop\/\"},{\"@type\":\"ListItem\",\"position\":3,\"name\":\"Yl\u00e8ve &#8211; T-Shirt Cotton Sheer Jersey 66056 &#8211; Black\"}]},{\"@type\":\"WebSite\",\"@id\":\"https:\/\/rendez-vous-store.com\/#website\",\"url\":\"https:\/\/rendez-vous-store.com\/\",\"name\":\"RENDEZ-VOUS STORE\",\"description\":\"Slow Fashion for Women and Men\",\"potentialAction\":[{\"@type\":\"SearchAction\",\"target\":{\"@type\":\"EntryPoint\",\"urlTemplate\":\"https:\/\/rendez-vous-store.com\/?s={search_term_string}\"},\"query-input\":{\"@type\":\"PropertyValueSpecification\",\"valueRequired\":true,\"valueName\":\"search_term_string\"}}],\"inLanguage\":\"fr-FR\"}]}<\/script>\n<!-- \/ Yoast SEO plugin. -->","yoast_head_json":{"title":"Yl\u00e8ve - T-Shirt Cotton Sheer Jersey Black - Rendez-Vous Store","description":"This Yl\u00e8ve T-Shirt Cotton Sheer Jersey Black combines simplicity and harmony of style and material in a very contemporary design.","robots":{"index":"index","follow":"follow","max-snippet":"max-snippet:-1","max-image-preview":"max-image-preview:large","max-video-preview":"max-video-preview:-1"},"canonical":"https:\/\/rendez-vous-store.com\/fr\/shop\/women\/top-discover-our-selection-rendez-vous-store\/yleve-t-shirt-cotton-sheer-jersey-black-rendez-vous-store\/","og_locale":"fr_FR","og_type":"article","og_title":"Yl\u00e8ve - T-Shirt Cotton Sheer Jersey Black - Rendez-Vous Store","og_description":"This Yl\u00e8ve T-Shirt Cotton Sheer Jersey Black combines simplicity and harmony of style and material in a very contemporary design.","og_url":"https:\/\/rendez-vous-store.com\/fr\/shop\/women\/top-discover-our-selection-rendez-vous-store\/yleve-t-shirt-cotton-sheer-jersey-black-rendez-vous-store\/","og_site_name":"RENDEZ-VOUS STORE","article_modified_time":"2025-03-13T15:35:22+00:00","twitter_card":"summary_large_image","twitter_misc":{"Est. reading time":"2 minutes"},"schema":{"@context":"https:\/\/schema.org","@graph":[{"@type":"WebPage","@id":"https:\/\/rendez-vous-store.com\/shop\/women\/top-discover-our-selection-rendez-vous-store\/yleve-t-shirt-cotton-sheer-jersey-black-rendez-vous-store\/","url":"https:\/\/rendez-vous-store.com\/shop\/women\/top-discover-our-selection-rendez-vous-store\/yleve-t-shirt-cotton-sheer-jersey-black-rendez-vous-store\/","name":"Yl\u00e8ve - T-Shirt Cotton Sheer Jersey Black - Rendez-Vous Store","isPartOf":{"@id":"https:\/\/rendez-vous-store.com\/#website"},"datePublished":"2024-05-02T11:23:19+00:00","dateModified":"2025-03-13T15:35:22+00:00","description":"This Yl\u00e8ve T-Shirt Cotton Sheer Jersey Black combines simplicity and harmony of style and material in a very contemporary design.","breadcrumb":{"@id":"https:\/\/rendez-vous-store.com\/shop\/women\/top-discover-our-selection-rendez-vous-store\/yleve-t-shirt-cotton-sheer-jersey-black-rendez-vous-store\/#breadcrumb"},"inLanguage":"fr-FR","potentialAction":[{"@type":"ReadAction","target":["https:\/\/rendez-vous-store.com\/shop\/women\/top-discover-our-selection-rendez-vous-store\/yleve-t-shirt-cotton-sheer-jersey-black-rendez-vous-store\/"]}]},{"@type":"BreadcrumbList","@id":"https:\/\/rendez-vous-store.com\/shop\/women\/top-discover-our-selection-rendez-vous-store\/yleve-t-shirt-cotton-sheer-jersey-black-rendez-vous-store\/#breadcrumb","itemListElement":[{"@type":"ListItem","position":1,"name":"Home","item":"https:\/\/rendez-vous-store.com\/"},{"@type":"ListItem","position":2,"name":"Shop","item":"https:\/\/www.rendez-vous-store.com\/shop\/"},{"@type":"ListItem","position":3,"name":"Yl\u00e8ve &#8211; T-Shirt Cotton Sheer Jersey 66056 &#8211; Black"}]},{"@type":"WebSite","@id":"https:\/\/rendez-vous-store.com\/#website","url":"https:\/\/rendez-vous-store.com\/","name":"RENDEZ-VOUS STORE","description":"Slow Fashion for Women and Men","potentialAction":[{"@type":"SearchAction","target":{"@type":"EntryPoint","urlTemplate":"https:\/\/rendez-vous-store.com\/?s={search_term_string}"},"query-input":{"@type":"PropertyValueSpecification","valueRequired":true,"valueName":"search_term_string"}}],"inLanguage":"fr-FR"}]}},"_links":{"self":[{"href":"https:\/\/rendez-vous-store.com\/fr\/wp-json\/wp\/v2\/product\/164272","targetHints":{"allow":["GET"]}}],"collection":[{"href":"https:\/\/rendez-vous-store.com\/fr\/wp-json\/wp\/v2\/product"}],"about":[{"href":"https:\/\/rendez-vous-store.com\/fr\/wp-json\/wp\/v2\/types\/product"}],"wp:attachment":[{"href":"https:\/\/rendez-vous-store.com\/fr\/wp-json\/wp\/v2\/media?parent=164272"}],"wp:term":[{"taxonomy":"product_brand","embeddable":true,"href":"https:\/\/rendez-vous-store.com\/fr\/wp-json\/wp\/v2\/product_brand?post=164272"},{"taxonomy":"product_cat","embeddable":true,"href":"https:\/\/rendez-vous-store.com\/fr\/wp-json\/wp\/v2\/product_cat?post=164272"},{"taxonomy":"product_tag","embeddable":true,"href":"https:\/\/rendez-vous-store.com\/fr\/wp-json\/wp\/v2\/product_tag?post=164272"}],"curies":[{"name":"wp","href":"https:\/\/api.w.org\/{rel}","templated":true}]}}