{"id":162733,"date":"2024-04-12T16:30:09","date_gmt":"2024-04-12T14:30:09","guid":{"rendered":"https:\/\/rendez-vous-store.com\/?post_type=product&#038;p=162733"},"modified":"2026-03-16T17:31:25","modified_gmt":"2026-03-16T16:31:25","slug":"toujours-bishop-sleeve-ruffle-wide-shirt-indigo-blue-rendez-vous-store","status":"publish","type":"product","link":"https:\/\/rendez-vous-store.com\/fr\/shop\/women\/women-shirts-discover-our-selection-rendez-vous-store\/toujours-bishop-sleeve-ruffle-wide-shirt-indigo-blue-rendez-vous-store\/","title":{"rendered":"Toujours &#8211; Bishop Sleeve Ruffle Wide Shirt MM40QS01 &#8211; Indigo Blue"},"content":{"rendered":"<p>Toujours Bishop Sleeve Ruffle Wide Shirt Indigo Blue<\/p>\n<p>Couleur : Bleu indigo<\/p>\n<p>Chemise \u00e0 volants<\/p>\n<p>Patte de boutonnage sur le devant<\/p>\n<p>\u00c9paules tombantes<\/p>\n<p>Side split detail<\/p>\n<p>Coupe droite<\/p>\n<p>Coupe d\u00e9contract\u00e9e<\/p>\n<p>Composition : 100% Coton<\/p>\n<p>Fabriqu\u00e9 au Japon<\/p>\n<p>Style code: MM40QS01<\/p>\n<p>&nbsp;<\/p>\n<p>&nbsp;<\/p>\n<p>&nbsp;<\/p>\n<p>&nbsp;<\/p>\n<p><strong>Tableau des tailles : 1=S \/ 2=M\u00a0<\/strong><\/p>\n<p><strong>Ma\u00e9va mesure 168cm<\/strong><\/p>\n<p><strong>Taille du mod\u00e8le : S<\/strong><\/p>\n<p>&nbsp;<\/p>\n<p>&nbsp;<\/p>\n<p>&nbsp;<\/p>\n<p>&nbsp;<\/p>\n<p>&nbsp;<\/p>\n<h4>La marque<\/h4>\n<p>This Toujours Bishop Sleeve Ruffle Wide Shirt Indigo Blue perfectly represents the value of the brand by using the natural materials.<\/p>\n<div class=\"flex-1 overflow-hidden\">\n<div class=\"react-scroll-to-bottom--css-byiyp-79elbk h-full\">\n<div class=\"react-scroll-to-bottom--css-byiyp-1n7m0yu\">\n<div class=\"flex flex-col text-sm pb-9\">\n<div class=\"w-full text-token-text-primary\" dir=\"auto\" data-testid=\"conversation-turn-3\">\n<div class=\"px-4 py-2 justify-center text-base md:gap-6 m-auto\">\n<div class=\"flex flex-1 text-base mx-auto gap-3 juice:gap-4 juice:md:gap-6 md:px-5 lg:px-1 xl:px-5 md:max-w-3xl lg:max-w-[40rem] xl:max-w-[48rem]\">\n<div class=\"relative flex w-full flex-col agent-turn\">\n<div class=\"flex-col gap-1 md:gap-3\">\n<div class=\"flex flex-grow flex-col max-w-full\">\n<div class=\"min-h-[20px] text-message flex flex-col items-start gap-3 whitespace-pre-wrap break-words [.text-message+&amp;]:mt-5 overflow-x-auto\" dir=\"auto\" data-message-author-role=\"assistant\" data-message-id=\"e15d9e91-364d-4d9c-acb7-0c2757e9baea\">\n<div class=\"markdown prose w-full break-words dark:prose-invert light\">\n<p>TOUJOURS, marque d\u00e9riv\u00e9e du mot fran\u00e7ais signifiant \"quotidien\", incarne l'essence de la mode de tous les jours avec une touche d'\u00e9l\u00e9gance. Masayo SHIMENDO, un designer avec une riche formation en design graphique et une grande exp\u00e9rience dans la conception d'emballages et les relations publiques pour les journaux, dirige TOUJOURS.<\/p>\n<p>&nbsp;<\/p>\n<p>Avec un sens aigu du d\u00e9tail et une passion pour l'esth\u00e9tique, Masayo SHIMENDO insuffle \u00e0 TOUJOURS un style distinctif qui trouve un \u00e9cho aupr\u00e8s de ceux qui cherchent \u00e0 rehausser leur tenue de tous les jours. S'inspirant du monde naturel, la marque privil\u00e9gie l'utilisation de mati\u00e8res naturelles soigneusement s\u00e9lectionn\u00e9es. Chacune d'entre elles est choisie pour mettre en valeur la texture et l'expression du v\u00eatement.<\/p>\n<p>&nbsp;<\/p>\n<p>TOUJOURS se distingue par son engagement in\u00e9branlable en mati\u00e8re de style et de confort. Masayo SHIMENDO accorde une attention m\u00e9ticuleuse \u00e0 la conception et \u00e0 la fabrication de chaque pi\u00e8ce, en veillant \u00e0 ce qu'elle soit non seulement belle mais aussi agr\u00e9able \u00e0 porter.<\/p>\n<p>&nbsp;<\/p>\n<p>De la douceur du tissu \u00e0 la coupe sans couture, chaque aspect est soigneusement \u00e9tudi\u00e9 pour am\u00e9liorer l'exp\u00e9rience du porteur. De plus, TOUJOURS comprend l'importance des aspects intangibles des v\u00eatements - le sentiment de confiance et de joie que procure le port d'un v\u00eatement bien fabriqu\u00e9 et con\u00e7u avec soin. La marque cherche \u00e0 impr\u00e9gner chaque v\u00eatement d'un sentiment de joie et de positivit\u00e9. Enrichir la vie quotidienne du porteur avec une touche de style et de sophistication.<\/p>\n<p>&nbsp;<\/p>\n<p>Par essence, TOUJOURS est plus qu'une marque de v\u00eatements. C'est une c\u00e9l\u00e9bration de la vie quotidienne \u00e0 travers la mode. En mettant l'accent sur la qualit\u00e9, le confort et le style, TOUJOURS vous invite \u00e0 vivre chaque jour avec confiance et brio, en sachant que vous \u00eates v\u00eatue de v\u00eatements aussi beaux que fonctionnels.<\/p>\n<\/div>\n<\/div>\n<\/div>\n<\/div>\n<\/div>\n<\/div>\n<\/div>\n<\/div>\n<\/div>\n<\/div>\n<\/div>\n<\/div>\n<p>&nbsp;<\/p>","protected":false},"excerpt":{"rendered":"<p>Toujours Bishop Sleeve Ruffle Wide Shirt Indigo Blue Color: Indigo Blue Ruffle trim shirt Buttoned front placket Dropped shoulders Side split detail Straight cut Relaxed fit Composition: 100% Cotton Made in Japan Style code: MM40QS01 &nbsp; &nbsp; &nbsp; &nbsp; Size Chart: 1=S \/ 2=M\u00a0 Ma\u00e9va is 168cm Model Size: S &nbsp; &nbsp; &nbsp; &nbsp; &nbsp;&hellip; <a class=\"more-link\" href=\"https:\/\/rendez-vous-store.com\/fr\/shop\/women\/women-shirts-discover-our-selection-rendez-vous-store\/toujours-bishop-sleeve-ruffle-wide-shirt-indigo-blue-rendez-vous-store\/\">Continue reading <span class=\"screen-reader-text\">Toujours &#8211; Bishop Sleeve Ruffle Wide Shirt MM40QS01 &#8211; Indigo Blue<\/span><\/a><\/p>","protected":false},"featured_media":164087,"template":"","meta":{"_acf_changed":false},"product_brand":[],"product_cat":[17,378],"product_tag":[725],"class_list":{"0":"post-162733","1":"product","2":"type-product","3":"status-publish","4":"has-post-thumbnail","6":"product_cat-women","7":"product_cat-women-shirts-discover-our-selection-rendez-vous-store","8":"product_tag-toujours-japan-clothing-rendez-vous-store","9":"entry","11":"first","12":"outofstock","13":"taxable","14":"shipping-taxable","15":"product-type-variable"},"acf":[],"yoast_head":"<!-- This site is optimized with the Yoast SEO plugin v24.9 - https:\/\/yoast.com\/wordpress\/plugins\/seo\/ -->\n<title>Toujours - Bishop Sleeve Ruffle Wide Shirt Indigo Blue - Rendez-vous Store<\/title>\n<meta name=\"description\" content=\"Toujours is on Rendez-vous Store. This Toujours Bishop Sleeve Ruffle Wide Shirt Indigo Blue perfectly represents the value of the brand by using the natural materials.\" \/>\n<meta name=\"robots\" content=\"index, follow, max-snippet:-1, max-image-preview:large, max-video-preview:-1\" \/>\n<link rel=\"canonical\" href=\"https:\/\/rendez-vous-store.com\/fr\/shop\/women\/women-shirts-discover-our-selection-rendez-vous-store\/toujours-bishop-sleeve-ruffle-wide-shirt-indigo-blue-rendez-vous-store\/\" \/>\n<meta property=\"og:locale\" content=\"fr_FR\" \/>\n<meta property=\"og:type\" content=\"article\" \/>\n<meta property=\"og:title\" content=\"Toujours - Bishop Sleeve Ruffle Wide Shirt Indigo Blue - Rendez-vous Store\" \/>\n<meta property=\"og:description\" content=\"Toujours is on Rendez-vous Store. This Toujours Bishop Sleeve Ruffle Wide Shirt Indigo Blue perfectly represents the value of the brand by using the natural materials.\" \/>\n<meta property=\"og:url\" content=\"https:\/\/rendez-vous-store.com\/fr\/shop\/women\/women-shirts-discover-our-selection-rendez-vous-store\/toujours-bishop-sleeve-ruffle-wide-shirt-indigo-blue-rendez-vous-store\/\" \/>\n<meta property=\"og:site_name\" content=\"RENDEZ-VOUS STORE\" \/>\n<meta property=\"article:modified_time\" content=\"2026-03-16T16:31:25+00:00\" \/>\n<meta property=\"og:image\" content=\"https:\/\/rendez-vous-store.com\/wp-content\/uploads\/2024\/04\/t8-scaled.webp\" \/>\n\t<meta property=\"og:image:width\" content=\"1707\" \/>\n\t<meta property=\"og:image:height\" content=\"2560\" \/>\n\t<meta property=\"og:image:type\" content=\"image\/webp\" \/>\n<meta name=\"twitter:card\" content=\"summary_large_image\" \/>\n<meta name=\"twitter:label1\" content=\"Est. reading time\" \/>\n\t<meta name=\"twitter:data1\" content=\"2 minutes\" \/>\n<script type=\"application\/ld+json\" class=\"yoast-schema-graph\">{\"@context\":\"https:\/\/schema.org\",\"@graph\":[{\"@type\":\"WebPage\",\"@id\":\"https:\/\/rendez-vous-store.com\/shop\/women\/women-shirts-discover-our-selection-rendez-vous-store\/toujours-bishop-sleeve-ruffle-wide-shirt-indigo-blue-rendez-vous-store\/\",\"url\":\"https:\/\/rendez-vous-store.com\/shop\/women\/women-shirts-discover-our-selection-rendez-vous-store\/toujours-bishop-sleeve-ruffle-wide-shirt-indigo-blue-rendez-vous-store\/\",\"name\":\"Toujours - Bishop Sleeve Ruffle Wide Shirt Indigo Blue - Rendez-vous Store\",\"isPartOf\":{\"@id\":\"https:\/\/rendez-vous-store.com\/#website\"},\"primaryImageOfPage\":{\"@id\":\"https:\/\/rendez-vous-store.com\/shop\/women\/women-shirts-discover-our-selection-rendez-vous-store\/toujours-bishop-sleeve-ruffle-wide-shirt-indigo-blue-rendez-vous-store\/#primaryimage\"},\"image\":{\"@id\":\"https:\/\/rendez-vous-store.com\/shop\/women\/women-shirts-discover-our-selection-rendez-vous-store\/toujours-bishop-sleeve-ruffle-wide-shirt-indigo-blue-rendez-vous-store\/#primaryimage\"},\"thumbnailUrl\":\"https:\/\/rendez-vous-store.com\/app\/uploads\/2024\/04\/t8-scaled.webp\",\"datePublished\":\"2024-04-12T14:30:09+00:00\",\"dateModified\":\"2026-03-16T16:31:25+00:00\",\"description\":\"Toujours is on Rendez-vous Store. This Toujours Bishop Sleeve Ruffle Wide Shirt Indigo Blue perfectly represents the value of the brand by using the natural materials.\",\"breadcrumb\":{\"@id\":\"https:\/\/rendez-vous-store.com\/shop\/women\/women-shirts-discover-our-selection-rendez-vous-store\/toujours-bishop-sleeve-ruffle-wide-shirt-indigo-blue-rendez-vous-store\/#breadcrumb\"},\"inLanguage\":\"fr-FR\",\"potentialAction\":[{\"@type\":\"ReadAction\",\"target\":[\"https:\/\/rendez-vous-store.com\/shop\/women\/women-shirts-discover-our-selection-rendez-vous-store\/toujours-bishop-sleeve-ruffle-wide-shirt-indigo-blue-rendez-vous-store\/\"]}]},{\"@type\":\"ImageObject\",\"inLanguage\":\"fr-FR\",\"@id\":\"https:\/\/rendez-vous-store.com\/shop\/women\/women-shirts-discover-our-selection-rendez-vous-store\/toujours-bishop-sleeve-ruffle-wide-shirt-indigo-blue-rendez-vous-store\/#primaryimage\",\"url\":\"https:\/\/rendez-vous-store.com\/app\/uploads\/2024\/04\/t8-scaled.webp\",\"contentUrl\":\"https:\/\/rendez-vous-store.com\/app\/uploads\/2024\/04\/t8-scaled.webp\",\"width\":1707,\"height\":2560,\"caption\":\"Toujours - Bishop Sleeve Ruffle Wide Shirt MM40QS01 - Indigo Blue\"},{\"@type\":\"BreadcrumbList\",\"@id\":\"https:\/\/rendez-vous-store.com\/shop\/women\/women-shirts-discover-our-selection-rendez-vous-store\/toujours-bishop-sleeve-ruffle-wide-shirt-indigo-blue-rendez-vous-store\/#breadcrumb\",\"itemListElement\":[{\"@type\":\"ListItem\",\"position\":1,\"name\":\"Home\",\"item\":\"https:\/\/rendez-vous-store.com\/\"},{\"@type\":\"ListItem\",\"position\":2,\"name\":\"Shop\",\"item\":\"https:\/\/www.rendez-vous-store.com\/shop\/\"},{\"@type\":\"ListItem\",\"position\":3,\"name\":\"Toujours &#8211; Bishop Sleeve Ruffle Wide Shirt MM40QS01 &#8211; Indigo Blue\"}]},{\"@type\":\"WebSite\",\"@id\":\"https:\/\/rendez-vous-store.com\/#website\",\"url\":\"https:\/\/rendez-vous-store.com\/\",\"name\":\"RENDEZ-VOUS STORE\",\"description\":\"Slow Fashion for Women and Men\",\"potentialAction\":[{\"@type\":\"SearchAction\",\"target\":{\"@type\":\"EntryPoint\",\"urlTemplate\":\"https:\/\/rendez-vous-store.com\/?s={search_term_string}\"},\"query-input\":{\"@type\":\"PropertyValueSpecification\",\"valueRequired\":true,\"valueName\":\"search_term_string\"}}],\"inLanguage\":\"fr-FR\"}]}<\/script>\n<!-- \/ Yoast SEO plugin. -->","yoast_head_json":{"title":"Toujours - Bishop Sleeve Ruffle Wide Shirt Indigo Blue - Rendez-vous Store","description":"Toujours is on Rendez-vous Store. This Toujours Bishop Sleeve Ruffle Wide Shirt Indigo Blue perfectly represents the value of the brand by using the natural materials.","robots":{"index":"index","follow":"follow","max-snippet":"max-snippet:-1","max-image-preview":"max-image-preview:large","max-video-preview":"max-video-preview:-1"},"canonical":"https:\/\/rendez-vous-store.com\/fr\/shop\/women\/women-shirts-discover-our-selection-rendez-vous-store\/toujours-bishop-sleeve-ruffle-wide-shirt-indigo-blue-rendez-vous-store\/","og_locale":"fr_FR","og_type":"article","og_title":"Toujours - Bishop Sleeve Ruffle Wide Shirt Indigo Blue - Rendez-vous Store","og_description":"Toujours is on Rendez-vous Store. This Toujours Bishop Sleeve Ruffle Wide Shirt Indigo Blue perfectly represents the value of the brand by using the natural materials.","og_url":"https:\/\/rendez-vous-store.com\/fr\/shop\/women\/women-shirts-discover-our-selection-rendez-vous-store\/toujours-bishop-sleeve-ruffle-wide-shirt-indigo-blue-rendez-vous-store\/","og_site_name":"RENDEZ-VOUS STORE","article_modified_time":"2026-03-16T16:31:25+00:00","og_image":[{"width":1707,"height":2560,"url":"https:\/\/rendez-vous-store.com\/wp-content\/uploads\/2024\/04\/t8-scaled.webp","type":"image\/webp"}],"twitter_card":"summary_large_image","twitter_misc":{"Est. reading time":"2 minutes"},"schema":{"@context":"https:\/\/schema.org","@graph":[{"@type":"WebPage","@id":"https:\/\/rendez-vous-store.com\/shop\/women\/women-shirts-discover-our-selection-rendez-vous-store\/toujours-bishop-sleeve-ruffle-wide-shirt-indigo-blue-rendez-vous-store\/","url":"https:\/\/rendez-vous-store.com\/shop\/women\/women-shirts-discover-our-selection-rendez-vous-store\/toujours-bishop-sleeve-ruffle-wide-shirt-indigo-blue-rendez-vous-store\/","name":"Toujours - Bishop Sleeve Ruffle Wide Shirt Indigo Blue - Rendez-vous Store","isPartOf":{"@id":"https:\/\/rendez-vous-store.com\/#website"},"primaryImageOfPage":{"@id":"https:\/\/rendez-vous-store.com\/shop\/women\/women-shirts-discover-our-selection-rendez-vous-store\/toujours-bishop-sleeve-ruffle-wide-shirt-indigo-blue-rendez-vous-store\/#primaryimage"},"image":{"@id":"https:\/\/rendez-vous-store.com\/shop\/women\/women-shirts-discover-our-selection-rendez-vous-store\/toujours-bishop-sleeve-ruffle-wide-shirt-indigo-blue-rendez-vous-store\/#primaryimage"},"thumbnailUrl":"https:\/\/rendez-vous-store.com\/app\/uploads\/2024\/04\/t8-scaled.webp","datePublished":"2024-04-12T14:30:09+00:00","dateModified":"2026-03-16T16:31:25+00:00","description":"Toujours is on Rendez-vous Store. This Toujours Bishop Sleeve Ruffle Wide Shirt Indigo Blue perfectly represents the value of the brand by using the natural materials.","breadcrumb":{"@id":"https:\/\/rendez-vous-store.com\/shop\/women\/women-shirts-discover-our-selection-rendez-vous-store\/toujours-bishop-sleeve-ruffle-wide-shirt-indigo-blue-rendez-vous-store\/#breadcrumb"},"inLanguage":"fr-FR","potentialAction":[{"@type":"ReadAction","target":["https:\/\/rendez-vous-store.com\/shop\/women\/women-shirts-discover-our-selection-rendez-vous-store\/toujours-bishop-sleeve-ruffle-wide-shirt-indigo-blue-rendez-vous-store\/"]}]},{"@type":"ImageObject","inLanguage":"fr-FR","@id":"https:\/\/rendez-vous-store.com\/shop\/women\/women-shirts-discover-our-selection-rendez-vous-store\/toujours-bishop-sleeve-ruffle-wide-shirt-indigo-blue-rendez-vous-store\/#primaryimage","url":"https:\/\/rendez-vous-store.com\/app\/uploads\/2024\/04\/t8-scaled.webp","contentUrl":"https:\/\/rendez-vous-store.com\/app\/uploads\/2024\/04\/t8-scaled.webp","width":1707,"height":2560,"caption":"Toujours - Bishop Sleeve Ruffle Wide Shirt MM40QS01 - Indigo Blue"},{"@type":"BreadcrumbList","@id":"https:\/\/rendez-vous-store.com\/shop\/women\/women-shirts-discover-our-selection-rendez-vous-store\/toujours-bishop-sleeve-ruffle-wide-shirt-indigo-blue-rendez-vous-store\/#breadcrumb","itemListElement":[{"@type":"ListItem","position":1,"name":"Home","item":"https:\/\/rendez-vous-store.com\/"},{"@type":"ListItem","position":2,"name":"Shop","item":"https:\/\/www.rendez-vous-store.com\/shop\/"},{"@type":"ListItem","position":3,"name":"Toujours &#8211; Bishop Sleeve Ruffle Wide Shirt MM40QS01 &#8211; Indigo Blue"}]},{"@type":"WebSite","@id":"https:\/\/rendez-vous-store.com\/#website","url":"https:\/\/rendez-vous-store.com\/","name":"RENDEZ-VOUS STORE","description":"Slow Fashion for Women and Men","potentialAction":[{"@type":"SearchAction","target":{"@type":"EntryPoint","urlTemplate":"https:\/\/rendez-vous-store.com\/?s={search_term_string}"},"query-input":{"@type":"PropertyValueSpecification","valueRequired":true,"valueName":"search_term_string"}}],"inLanguage":"fr-FR"}]}},"_links":{"self":[{"href":"https:\/\/rendez-vous-store.com\/fr\/wp-json\/wp\/v2\/product\/162733","targetHints":{"allow":["GET"]}}],"collection":[{"href":"https:\/\/rendez-vous-store.com\/fr\/wp-json\/wp\/v2\/product"}],"about":[{"href":"https:\/\/rendez-vous-store.com\/fr\/wp-json\/wp\/v2\/types\/product"}],"wp:featuredmedia":[{"embeddable":true,"href":"https:\/\/rendez-vous-store.com\/fr\/wp-json\/wp\/v2\/media\/164087"}],"wp:attachment":[{"href":"https:\/\/rendez-vous-store.com\/fr\/wp-json\/wp\/v2\/media?parent=162733"}],"wp:term":[{"taxonomy":"product_brand","embeddable":true,"href":"https:\/\/rendez-vous-store.com\/fr\/wp-json\/wp\/v2\/product_brand?post=162733"},{"taxonomy":"product_cat","embeddable":true,"href":"https:\/\/rendez-vous-store.com\/fr\/wp-json\/wp\/v2\/product_cat?post=162733"},{"taxonomy":"product_tag","embeddable":true,"href":"https:\/\/rendez-vous-store.com\/fr\/wp-json\/wp\/v2\/product_tag?post=162733"}],"curies":[{"name":"wp","href":"https:\/\/api.w.org\/{rel}","templated":true}]}}