{"id":161979,"date":"2024-04-11T17:24:50","date_gmt":"2024-04-11T15:24:50","guid":{"rendered":"https:\/\/rendez-vous-store.com\/?post_type=product&#038;p=161979"},"modified":"2026-03-16T17:26:41","modified_gmt":"2026-03-16T16:26:41","slug":"album-di-famiglia-wide-short-trousers-tc-navy-rendez-vous-store","status":"publish","type":"product","link":"https:\/\/rendez-vous-store.com\/fr\/shop\/women\/trousers-skirts-discover-our-selection-rendez-vous-store\/album-di-famiglia-wide-short-trousers-tc-navy-rendez-vous-store\/","title":{"rendered":"Album Di Famiglia - Pantalon large et court TC - Marine"},"content":{"rendered":"<p>Album Di Famiglia Pantalon large et court Marine<\/p>\n<p>Couleur : bleu marine<\/p>\n<p>Taille \u00e9lastique avec cordon de serrage<\/p>\n<p>Poches lat\u00e9rales<\/p>\n<p>Grandes poches arri\u00e8re<\/p>\n<p>Coupe ceintr\u00e9e<\/p>\n<p>Composition : Coton 100%<\/p>\n<p>Fabriqu\u00e9 en Italie<\/p>\n<p>Lavage \u00e0 30\u00b0C<\/p>\n<p>&nbsp;<\/p>\n<p>&nbsp;<\/p>\n<p>&nbsp;<\/p>\n<p><strong>Kheira mesure 168cm\u00a0<\/strong><\/p>\n<p><strong>Taille du mod\u00e8le : S<\/strong><\/p>\n<p>&nbsp;<\/p>\n<p>&nbsp;<\/p>\n<p>&nbsp;<\/p>\n<h4>La marque<\/h4>\n<div class=\"flex-1 overflow-hidden\">\n<div class=\"react-scroll-to-bottom--css-udson-79elbk h-full\">\n<div class=\"react-scroll-to-bottom--css-udson-1n7m0yu\">\n<div class=\"flex flex-col text-sm pb-9\">\n<div class=\"w-full text-token-text-primary\" dir=\"auto\" data-testid=\"conversation-turn-151\">\n<div class=\"px-4 py-2 justify-center text-base md:gap-6 m-auto\">\n<div class=\"flex flex-1 text-base mx-auto gap-3 juice:gap-4 juice:md:gap-6 md:px-5 lg:px-1 xl:px-5 md:max-w-3xl lg:max-w-[40rem] xl:max-w-[48rem]\">\n<div class=\"relative flex w-full flex-col agent-turn\">\n<div class=\"flex-col gap-1 md:gap-3\">\n<div class=\"flex flex-grow flex-col max-w-full\">\n<div class=\"min-h-[20px] text-message flex flex-col items-start gap-3 whitespace-pre-wrap break-words [.text-message+&amp;]:mt-5 overflow-x-auto\" dir=\"auto\" data-message-author-role=\"assistant\" data-message-id=\"46c21f40-c3df-4cdf-8f3e-cd64252c2c4f\">\n<div class=\"markdown prose w-full break-words dark:prose-invert light\">\n<p>Cette chemise \u00e0 col court Album Di Famiglia TC Almond associe forme et texture.<\/p>\n<div class=\"flex-1 overflow-hidden\">\n<div class=\"react-scroll-to-bottom--css-udson-79elbk h-full\">\n<div class=\"react-scroll-to-bottom--css-udson-1n7m0yu\">\n<div class=\"flex flex-col text-sm pb-9\">\n<div class=\"w-full text-token-text-primary\" dir=\"auto\" data-testid=\"conversation-turn-163\">\n<div class=\"px-4 py-2 justify-center text-base md:gap-6 m-auto\">\n<div class=\"flex flex-1 text-base mx-auto gap-3 juice:gap-4 juice:md:gap-6 md:px-5 lg:px-1 xl:px-5 md:max-w-3xl lg:max-w-[40rem] xl:max-w-[48rem]\">\n<div class=\"relative flex w-full flex-col agent-turn\">\n<div class=\"flex-col gap-1 md:gap-3\">\n<div class=\"flex flex-grow flex-col max-w-full\">\n<div class=\"min-h-[20px] text-message flex flex-col items-start gap-3 whitespace-pre-wrap break-words [.text-message+&amp;]:mt-5 overflow-x-auto\" dir=\"auto\" data-message-author-role=\"assistant\" data-message-id=\"8a20065a-e026-4d1c-a49b-0db2dc57aae1\">\n<div class=\"markdown prose w-full break-words dark:prose-invert light\">\n<div class=\"flex-1 overflow-hidden\">\n<div class=\"react-scroll-to-bottom--css-udson-79elbk h-full\">\n<div class=\"react-scroll-to-bottom--css-udson-1n7m0yu\">\n<div class=\"flex flex-col text-sm pb-9\">\n<div class=\"w-full text-token-text-primary\" dir=\"auto\" data-testid=\"conversation-turn-169\">\n<div class=\"px-4 py-2 justify-center text-base md:gap-6 m-auto\">\n<div class=\"flex flex-1 text-base mx-auto gap-3 juice:gap-4 juice:md:gap-6 md:px-5 lg:px-1 xl:px-5 md:max-w-3xl lg:max-w-[40rem] xl:max-w-[48rem]\">\n<div class=\"relative flex w-full flex-col agent-turn\">\n<div class=\"flex-col gap-1 md:gap-3\">\n<div class=\"flex flex-grow flex-col max-w-full\">\n<div class=\"min-h-[20px] text-message flex flex-col items-start gap-3 whitespace-pre-wrap break-words [.text-message+&amp;]:mt-5 overflow-x-auto\" dir=\"auto\" data-message-author-role=\"assistant\" data-message-id=\"ced97803-3ca4-41e3-8243-cc9b2d4d5ac6\">\n<div class=\"markdown prose w-full break-words dark:prose-invert light\">\n<div class=\"flex-1 overflow-hidden\">\n<div class=\"react-scroll-to-bottom--css-udson-79elbk h-full\">\n<div class=\"react-scroll-to-bottom--css-udson-1n7m0yu\">\n<div class=\"flex flex-col text-sm pb-9\">\n<div class=\"w-full text-token-text-primary\" dir=\"auto\" data-testid=\"conversation-turn-175\">\n<div class=\"px-4 py-2 justify-center text-base md:gap-6 m-auto\">\n<div class=\"flex flex-1 text-base mx-auto gap-3 juice:gap-4 juice:md:gap-6 md:px-5 lg:px-1 xl:px-5 md:max-w-3xl lg:max-w-[40rem] xl:max-w-[48rem]\">\n<div class=\"relative flex w-full flex-col agent-turn\">\n<div class=\"flex-col gap-1 md:gap-3\">\n<div class=\"flex flex-grow flex-col max-w-full\">\n<div class=\"min-h-[20px] text-message flex flex-col items-start gap-3 whitespace-pre-wrap break-words [.text-message+&amp;]:mt-5 overflow-x-auto\" dir=\"auto\" data-message-author-role=\"assistant\" data-message-id=\"2ba1de14-ea72-4729-97c1-b914aeec948f\">\n<div class=\"markdown prose w-full break-words dark:prose-invert light\">\n<p>Fond\u00e9 par Monica Rusconi, Album di Famiglia incarne le luxe minimaliste et l'artisanat m\u00e9ticuleux dans l'industrie de la mode. Depuis sa cr\u00e9ation au d\u00e9but des ann\u00e9es 2000, cette marque italienne est rapidement devenue synonyme d'\u00e9l\u00e9gance discr\u00e8te et de qualit\u00e9 sup\u00e9rieure, capturant l'essence de la famille et de la vie quotidienne dans chaque collection.<\/p>\n<p>Des tricots douillets aux manteaux \u00e9l\u00e9gants, chaque pi\u00e8ce d'Album di Famiglia t\u00e9moigne d'un travail m\u00e9ticuleux visant \u00e0 allier confort, fonctionnalit\u00e9 et style. Des lignes \u00e9pur\u00e9es, des silhouettes fluides et une palette de couleurs neutres d\u00e9finissent l'esth\u00e9tique intemporelle de la marque, refl\u00e9tant sophistication et simplicit\u00e9.<\/p>\n<p>Album di Famiglia se distingue par le choix de mati\u00e8res de haute qualit\u00e9, telles que le coton doux, la laine luxueuse et le cachemire somptueux, qui procurent un confort in\u00e9gal\u00e9 \u00e0 chaque port. Chaque v\u00eatement est con\u00e7u pour \u00eatre durable et \u00e9l\u00e9gant, incarnant l'engagement de la marque en faveur de la qualit\u00e9 et du design durable.<\/p>\n<p>Avec un d\u00e9vouement in\u00e9branlable \u00e0 l'excellence, Album di Famiglia propose des v\u00eatements intemporels qui transcendent les tendances \u00e9ph\u00e9m\u00e8res de la mode. La marque invite chacun \u00e0 embrasser un style de vie o\u00f9 confort et \u00e9l\u00e9gance convergent harmonieusement, c\u00e9l\u00e9brant les moments du quotidien.<\/p>\n<p>Gr\u00e2ce \u00e0 des collections bien pens\u00e9es, Album di Famiglia \u00e9l\u00e8ve l'exp\u00e9rience vestimentaire. Des basiques d\u00e9contract\u00e9s aux pi\u00e8ces sophistiqu\u00e9es, chaque v\u00eatement permet aux individus d'exprimer leur style unique en toute confiance.<\/p>\n<p>Dans un monde domin\u00e9 par la fast fashion, Album di Famiglia offre une alternative rafra\u00eechissante - une garde-robe intemporelle et \u00e9l\u00e9gante qui c\u00e9l\u00e8bre chaque moment, petit ou grand, avec style.<\/p>\n<\/div>\n<\/div>\n<\/div>\n<\/div>\n<\/div>\n<\/div>\n<\/div>\n<\/div>\n<\/div>\n<\/div>\n<\/div>\n<\/div>\n<\/div>\n<\/div>\n<\/div>\n<\/div>\n<\/div>\n<\/div>\n<\/div>\n<\/div>\n<\/div>\n<\/div>\n<\/div>\n<\/div>\n<\/div>\n<\/div>\n<\/div>\n<\/div>\n<\/div>\n<\/div>\n<\/div>\n<\/div>\n<\/div>\n<\/div>\n<\/div>\n<\/div>\n<\/div>\n<\/div>\n<\/div>\n<\/div>\n<\/div>\n<\/div>\n<\/div>\n<\/div>\n<\/div>\n<\/div>\n<\/div>\n<\/div>","protected":false},"excerpt":{"rendered":"<p>Album Di Famiglia Wide &amp; Short Trousers Navy Color: Navy Elastic waist with drawstring Side pockets Large back pockets Cropped Composition: 100% cotton Made in Italy Wash at 30\u00b0C &nbsp; &nbsp; &nbsp; Kheira is 168cm\u00a0 Model size: S &nbsp; &nbsp; &nbsp; The Brand This Album Di Famiglia Short Collar Shirt TC Almond associate shape and&hellip; <a class=\"more-link\" href=\"https:\/\/rendez-vous-store.com\/fr\/shop\/women\/trousers-skirts-discover-our-selection-rendez-vous-store\/album-di-famiglia-wide-short-trousers-tc-navy-rendez-vous-store\/\">Continue reading <span class=\"screen-reader-text\">Album Di Famiglia - Pantalon large et court TC - Marine<\/span><\/a><\/p>","protected":false},"featured_media":162906,"template":"","meta":{"_acf_changed":false},"product_brand":[],"product_cat":[17,182],"product_tag":[276],"class_list":{"0":"post-161979","1":"product","2":"type-product","3":"status-publish","4":"has-post-thumbnail","6":"product_cat-women","7":"product_cat-trousers-skirts-discover-our-selection-rendez-vous-store","8":"product_tag-album-di-famiglia","9":"entry","11":"first","12":"outofstock","13":"taxable","14":"shipping-taxable","15":"product-type-variable"},"acf":[],"yoast_head":"<!-- This site is optimized with the Yoast SEO plugin v24.9 - https:\/\/yoast.com\/wordpress\/plugins\/seo\/ -->\n<title>Album Di Famiglia - Wide &amp; Short Trousers Navy - Rendez-vous Store<\/title>\n<meta name=\"description\" content=\"Album Di Famiglia is on Rendez-Vous Store. This Album Di Famiglia Wide &amp; Short Trousers Navy associate shape and texture.\" \/>\n<meta name=\"robots\" content=\"index, follow, max-snippet:-1, max-image-preview:large, max-video-preview:-1\" \/>\n<link rel=\"canonical\" href=\"https:\/\/rendez-vous-store.com\/fr\/shop\/women\/trousers-skirts-discover-our-selection-rendez-vous-store\/album-di-famiglia-wide-short-trousers-tc-navy-rendez-vous-store\/\" \/>\n<meta property=\"og:locale\" content=\"fr_FR\" \/>\n<meta property=\"og:type\" content=\"article\" \/>\n<meta property=\"og:title\" content=\"Album Di Famiglia - Wide &amp; Short Trousers Navy - Rendez-vous Store\" \/>\n<meta property=\"og:description\" content=\"Album Di Famiglia is on Rendez-Vous Store. This Album Di Famiglia Wide &amp; Short Trousers Navy associate shape and texture.\" \/>\n<meta property=\"og:url\" content=\"https:\/\/rendez-vous-store.com\/fr\/shop\/women\/trousers-skirts-discover-our-selection-rendez-vous-store\/album-di-famiglia-wide-short-trousers-tc-navy-rendez-vous-store\/\" \/>\n<meta property=\"og:site_name\" content=\"RENDEZ-VOUS STORE\" \/>\n<meta property=\"article:modified_time\" content=\"2026-03-16T16:26:41+00:00\" \/>\n<meta property=\"og:image\" content=\"https:\/\/rendez-vous-store.com\/wp-content\/uploads\/2024\/04\/pants2-1.webp\" \/>\n\t<meta property=\"og:image:width\" content=\"1696\" \/>\n\t<meta property=\"og:image:height\" content=\"2560\" \/>\n\t<meta property=\"og:image:type\" content=\"image\/webp\" \/>\n<meta name=\"twitter:card\" content=\"summary_large_image\" \/>\n<meta name=\"twitter:label1\" content=\"Est. reading time\" \/>\n\t<meta name=\"twitter:data1\" content=\"2 minutes\" \/>\n<script type=\"application\/ld+json\" class=\"yoast-schema-graph\">{\"@context\":\"https:\/\/schema.org\",\"@graph\":[{\"@type\":\"WebPage\",\"@id\":\"https:\/\/rendez-vous-store.com\/shop\/women\/trousers-skirts-discover-our-selection-rendez-vous-store\/album-di-famiglia-wide-short-trousers-tc-navy-rendez-vous-store\/\",\"url\":\"https:\/\/rendez-vous-store.com\/shop\/women\/trousers-skirts-discover-our-selection-rendez-vous-store\/album-di-famiglia-wide-short-trousers-tc-navy-rendez-vous-store\/\",\"name\":\"Album Di Famiglia - Wide & Short Trousers Navy - Rendez-vous Store\",\"isPartOf\":{\"@id\":\"https:\/\/rendez-vous-store.com\/#website\"},\"primaryImageOfPage\":{\"@id\":\"https:\/\/rendez-vous-store.com\/shop\/women\/trousers-skirts-discover-our-selection-rendez-vous-store\/album-di-famiglia-wide-short-trousers-tc-navy-rendez-vous-store\/#primaryimage\"},\"image\":{\"@id\":\"https:\/\/rendez-vous-store.com\/shop\/women\/trousers-skirts-discover-our-selection-rendez-vous-store\/album-di-famiglia-wide-short-trousers-tc-navy-rendez-vous-store\/#primaryimage\"},\"thumbnailUrl\":\"https:\/\/rendez-vous-store.com\/app\/uploads\/2024\/04\/pants2-1.webp\",\"datePublished\":\"2024-04-11T15:24:50+00:00\",\"dateModified\":\"2026-03-16T16:26:41+00:00\",\"description\":\"Album Di Famiglia is on Rendez-Vous Store. This Album Di Famiglia Wide & Short Trousers Navy associate shape and texture.\",\"breadcrumb\":{\"@id\":\"https:\/\/rendez-vous-store.com\/shop\/women\/trousers-skirts-discover-our-selection-rendez-vous-store\/album-di-famiglia-wide-short-trousers-tc-navy-rendez-vous-store\/#breadcrumb\"},\"inLanguage\":\"fr-FR\",\"potentialAction\":[{\"@type\":\"ReadAction\",\"target\":[\"https:\/\/rendez-vous-store.com\/shop\/women\/trousers-skirts-discover-our-selection-rendez-vous-store\/album-di-famiglia-wide-short-trousers-tc-navy-rendez-vous-store\/\"]}]},{\"@type\":\"ImageObject\",\"inLanguage\":\"fr-FR\",\"@id\":\"https:\/\/rendez-vous-store.com\/shop\/women\/trousers-skirts-discover-our-selection-rendez-vous-store\/album-di-famiglia-wide-short-trousers-tc-navy-rendez-vous-store\/#primaryimage\",\"url\":\"https:\/\/rendez-vous-store.com\/app\/uploads\/2024\/04\/pants2-1.webp\",\"contentUrl\":\"https:\/\/rendez-vous-store.com\/app\/uploads\/2024\/04\/pants2-1.webp\",\"width\":1696,\"height\":2560,\"caption\":\"Album Di Famiglia - Wide &amp; Short Trousers TC - Navy\"},{\"@type\":\"BreadcrumbList\",\"@id\":\"https:\/\/rendez-vous-store.com\/shop\/women\/trousers-skirts-discover-our-selection-rendez-vous-store\/album-di-famiglia-wide-short-trousers-tc-navy-rendez-vous-store\/#breadcrumb\",\"itemListElement\":[{\"@type\":\"ListItem\",\"position\":1,\"name\":\"Home\",\"item\":\"https:\/\/rendez-vous-store.com\/\"},{\"@type\":\"ListItem\",\"position\":2,\"name\":\"Shop\",\"item\":\"https:\/\/www.rendez-vous-store.com\/shop\/\"},{\"@type\":\"ListItem\",\"position\":3,\"name\":\"Album Di Famiglia &#8211; Wide &amp; Short Trousers TC &#8211; Navy\"}]},{\"@type\":\"WebSite\",\"@id\":\"https:\/\/rendez-vous-store.com\/#website\",\"url\":\"https:\/\/rendez-vous-store.com\/\",\"name\":\"RENDEZ-VOUS STORE\",\"description\":\"Slow Fashion for Women and Men\",\"potentialAction\":[{\"@type\":\"SearchAction\",\"target\":{\"@type\":\"EntryPoint\",\"urlTemplate\":\"https:\/\/rendez-vous-store.com\/?s={search_term_string}\"},\"query-input\":{\"@type\":\"PropertyValueSpecification\",\"valueRequired\":true,\"valueName\":\"search_term_string\"}}],\"inLanguage\":\"fr-FR\"}]}<\/script>\n<!-- \/ Yoast SEO plugin. -->","yoast_head_json":{"title":"Album Di Famiglia - Wide & Short Trousers Navy - Rendez-vous Store","description":"Album Di Famiglia is on Rendez-Vous Store. This Album Di Famiglia Wide & Short Trousers Navy associate shape and texture.","robots":{"index":"index","follow":"follow","max-snippet":"max-snippet:-1","max-image-preview":"max-image-preview:large","max-video-preview":"max-video-preview:-1"},"canonical":"https:\/\/rendez-vous-store.com\/fr\/shop\/women\/trousers-skirts-discover-our-selection-rendez-vous-store\/album-di-famiglia-wide-short-trousers-tc-navy-rendez-vous-store\/","og_locale":"fr_FR","og_type":"article","og_title":"Album Di Famiglia - Wide & Short Trousers Navy - Rendez-vous Store","og_description":"Album Di Famiglia is on Rendez-Vous Store. This Album Di Famiglia Wide & Short Trousers Navy associate shape and texture.","og_url":"https:\/\/rendez-vous-store.com\/fr\/shop\/women\/trousers-skirts-discover-our-selection-rendez-vous-store\/album-di-famiglia-wide-short-trousers-tc-navy-rendez-vous-store\/","og_site_name":"RENDEZ-VOUS STORE","article_modified_time":"2026-03-16T16:26:41+00:00","og_image":[{"width":1696,"height":2560,"url":"https:\/\/rendez-vous-store.com\/wp-content\/uploads\/2024\/04\/pants2-1.webp","type":"image\/webp"}],"twitter_card":"summary_large_image","twitter_misc":{"Est. reading time":"2 minutes"},"schema":{"@context":"https:\/\/schema.org","@graph":[{"@type":"WebPage","@id":"https:\/\/rendez-vous-store.com\/shop\/women\/trousers-skirts-discover-our-selection-rendez-vous-store\/album-di-famiglia-wide-short-trousers-tc-navy-rendez-vous-store\/","url":"https:\/\/rendez-vous-store.com\/shop\/women\/trousers-skirts-discover-our-selection-rendez-vous-store\/album-di-famiglia-wide-short-trousers-tc-navy-rendez-vous-store\/","name":"Album Di Famiglia - Wide & Short Trousers Navy - Rendez-vous Store","isPartOf":{"@id":"https:\/\/rendez-vous-store.com\/#website"},"primaryImageOfPage":{"@id":"https:\/\/rendez-vous-store.com\/shop\/women\/trousers-skirts-discover-our-selection-rendez-vous-store\/album-di-famiglia-wide-short-trousers-tc-navy-rendez-vous-store\/#primaryimage"},"image":{"@id":"https:\/\/rendez-vous-store.com\/shop\/women\/trousers-skirts-discover-our-selection-rendez-vous-store\/album-di-famiglia-wide-short-trousers-tc-navy-rendez-vous-store\/#primaryimage"},"thumbnailUrl":"https:\/\/rendez-vous-store.com\/app\/uploads\/2024\/04\/pants2-1.webp","datePublished":"2024-04-11T15:24:50+00:00","dateModified":"2026-03-16T16:26:41+00:00","description":"Album Di Famiglia is on Rendez-Vous Store. This Album Di Famiglia Wide & Short Trousers Navy associate shape and texture.","breadcrumb":{"@id":"https:\/\/rendez-vous-store.com\/shop\/women\/trousers-skirts-discover-our-selection-rendez-vous-store\/album-di-famiglia-wide-short-trousers-tc-navy-rendez-vous-store\/#breadcrumb"},"inLanguage":"fr-FR","potentialAction":[{"@type":"ReadAction","target":["https:\/\/rendez-vous-store.com\/shop\/women\/trousers-skirts-discover-our-selection-rendez-vous-store\/album-di-famiglia-wide-short-trousers-tc-navy-rendez-vous-store\/"]}]},{"@type":"ImageObject","inLanguage":"fr-FR","@id":"https:\/\/rendez-vous-store.com\/shop\/women\/trousers-skirts-discover-our-selection-rendez-vous-store\/album-di-famiglia-wide-short-trousers-tc-navy-rendez-vous-store\/#primaryimage","url":"https:\/\/rendez-vous-store.com\/app\/uploads\/2024\/04\/pants2-1.webp","contentUrl":"https:\/\/rendez-vous-store.com\/app\/uploads\/2024\/04\/pants2-1.webp","width":1696,"height":2560,"caption":"Album Di Famiglia - Wide &amp; Short Trousers TC - Navy"},{"@type":"BreadcrumbList","@id":"https:\/\/rendez-vous-store.com\/shop\/women\/trousers-skirts-discover-our-selection-rendez-vous-store\/album-di-famiglia-wide-short-trousers-tc-navy-rendez-vous-store\/#breadcrumb","itemListElement":[{"@type":"ListItem","position":1,"name":"Home","item":"https:\/\/rendez-vous-store.com\/"},{"@type":"ListItem","position":2,"name":"Shop","item":"https:\/\/www.rendez-vous-store.com\/shop\/"},{"@type":"ListItem","position":3,"name":"Album Di Famiglia &#8211; Wide &amp; Short Trousers TC &#8211; Navy"}]},{"@type":"WebSite","@id":"https:\/\/rendez-vous-store.com\/#website","url":"https:\/\/rendez-vous-store.com\/","name":"RENDEZ-VOUS STORE","description":"Slow Fashion for Women and Men","potentialAction":[{"@type":"SearchAction","target":{"@type":"EntryPoint","urlTemplate":"https:\/\/rendez-vous-store.com\/?s={search_term_string}"},"query-input":{"@type":"PropertyValueSpecification","valueRequired":true,"valueName":"search_term_string"}}],"inLanguage":"fr-FR"}]}},"_links":{"self":[{"href":"https:\/\/rendez-vous-store.com\/fr\/wp-json\/wp\/v2\/product\/161979","targetHints":{"allow":["GET"]}}],"collection":[{"href":"https:\/\/rendez-vous-store.com\/fr\/wp-json\/wp\/v2\/product"}],"about":[{"href":"https:\/\/rendez-vous-store.com\/fr\/wp-json\/wp\/v2\/types\/product"}],"wp:featuredmedia":[{"embeddable":true,"href":"https:\/\/rendez-vous-store.com\/fr\/wp-json\/wp\/v2\/media\/162906"}],"wp:attachment":[{"href":"https:\/\/rendez-vous-store.com\/fr\/wp-json\/wp\/v2\/media?parent=161979"}],"wp:term":[{"taxonomy":"product_brand","embeddable":true,"href":"https:\/\/rendez-vous-store.com\/fr\/wp-json\/wp\/v2\/product_brand?post=161979"},{"taxonomy":"product_cat","embeddable":true,"href":"https:\/\/rendez-vous-store.com\/fr\/wp-json\/wp\/v2\/product_cat?post=161979"},{"taxonomy":"product_tag","embeddable":true,"href":"https:\/\/rendez-vous-store.com\/fr\/wp-json\/wp\/v2\/product_tag?post=161979"}],"curies":[{"name":"wp","href":"https:\/\/api.w.org\/{rel}","templated":true}]}}