{"id":161533,"date":"2024-04-11T11:01:28","date_gmt":"2024-04-11T09:01:28","guid":{"rendered":"https:\/\/rendez-vous-store.com\/?post_type=product&#038;p=161533"},"modified":"2026-03-16T17:25:54","modified_gmt":"2026-03-16T16:25:54","slug":"rdv-o-globe-luc-shirt-natural-rendez-vous-store","status":"publish","type":"product","link":"https:\/\/rendez-vous-store.com\/fr\/shop\/last-pieces-men\/last-pieces-men-shirt-rendez-vous-store\/rdv-o-globe-luc-shirt-natural-rendez-vous-store\/","title":{"rendered":"RDV O Globe - Luc Shirt 241CH003 - Naturel"},"content":{"rendered":"<p>RDV O Globe Luc Shirt Natural<\/p>\n<p>Couleur : naturel<\/p>\n<p>Fermeture \u00e0 glissi\u00e8re<\/p>\n<p>Col classique<\/p>\n<p>Une poche de poitrine<\/p>\n<p>Fente lat\u00e9rale<\/p>\n<p>Composition : 57% Nylon - 43% Polyester<\/p>\n<p>Fabriqu\u00e9 au Japon<\/p>\n<p>Code du style : 241CH003<\/p>\n<p>&nbsp;<\/p>\n<p>&nbsp;<\/p>\n<p>&nbsp;<\/p>\n<p><strong>Massyl mesure 180cm\u00a0<\/strong><\/p>\n<p><strong>Taille du mod\u00e8le : L<\/strong><\/p>\n<p><strong>Taille : 1=S \/ 2=M \/ 3=L<\/strong><\/p>\n<p>&nbsp;<\/p>\n<p>&nbsp;<\/p>\n<p>&nbsp;<\/p>\n<h4>La marque<\/h4>\n<p>RDV O Globe est une marque de v\u00eatements japonaise fond\u00e9e par Shunsuke Maebuchi, ancien directeur et acheteur de la c\u00e9l\u00e8bre cha\u00eene japonaise \"SHIPS\". Fort de son exp\u00e9rience dans l'industrie de la mode, Maebuchi apporte une vision unique \u00e0 RDV O Globe, combinant le tailoring britannique de l'\u00e8re victorienne avec des influences de v\u00eatements de travail vintage et de v\u00eatements utilitaires pour cr\u00e9er une esth\u00e9tique distinctive et contemporaine.<\/p>\n<p>Les collections masculines de la marque refl\u00e8tent cette fusion de styles, en proposant des v\u00eatements qui allient sophistication classique et \u00e9l\u00e9ments de design modernes. Des pi\u00e8ces sur mesure aux d\u00e9tails complexes aux v\u00eatements d\u00e9contract\u00e9s inspir\u00e9s des v\u00eatements utilitaires, RDV O Globe pr\u00e9sente une gamme polyvalente de v\u00eatements qui r\u00e9pond \u00e0 des go\u00fbts et des styles de vie vari\u00e9s.<\/p>\n<p>En mettant l'accent sur l'artisanat et l'attention port\u00e9e aux d\u00e9tails, RDV O Globe s'efforce de cr\u00e9er des v\u00eatements de haute qualit\u00e9 qui r\u00e9sonnent avec l'\u00e9thique de la marque, \u00e0 savoir l'\u00e9l\u00e9gance intemporelle et le style directionnel. Chaque pi\u00e8ce est con\u00e7ue avec soin pour exsuder la confiance et l'individualit\u00e9, faisant de RDV O Globe une destination de choix pour ceux qui recherchent des v\u00eatements masculins de qualit\u00e9 avec une touche unique.<\/p>","protected":false},"excerpt":{"rendered":"<p>RDV O Globe Luc Shirt Natural Color: Natural Zip closure Classic collar One chest pocket Side split Composition: 57% Nylon &#8211; 43% Polyester Made in Japan Style code: 241CH003 &nbsp; &nbsp; &nbsp; Massyl is 180cm\u00a0 Model size: L Sizing: 1=S \/ 2=M \/ 3=L &nbsp; &nbsp; &nbsp; The Brand RDV O Globe is a Japanese&hellip; <a class=\"more-link\" href=\"https:\/\/rendez-vous-store.com\/fr\/shop\/last-pieces-men\/last-pieces-men-shirt-rendez-vous-store\/rdv-o-globe-luc-shirt-natural-rendez-vous-store\/\">Continuer la lecture <span class=\"screen-reader-text\">RDV O Globe - Luc Shirt 241CH003 - Naturel<\/span><\/a><\/p>","protected":false},"featured_media":161663,"template":"","meta":{"_acf_changed":false},"product_brand":[],"product_cat":[1137,1165,1152],"product_tag":[],"class_list":{"0":"post-161533","1":"product","2":"type-product","3":"status-publish","4":"has-post-thumbnail","6":"product_cat-last-pieces-men","7":"product_cat-40-last-pieces-men","8":"product_cat-last-pieces-men-shirt-rendez-vous-store","9":"entry","11":"first","12":"outofstock","13":"taxable","14":"shipping-taxable","15":"product-type-variable"},"acf":[],"yoast_head":"<!-- This site is optimized with the Yoast SEO plugin v24.9 - https:\/\/yoast.com\/wordpress\/plugins\/seo\/ -->\n<title>RDV O Globe - Luc Shirt Natural - Rendez-vous Store<\/title>\n<meta name=\"description\" content=\"Rdv O Globe is on Rendez-vous Store. This RDV O Globe Luc Shirt Natural creates a contemporary look that perfectly balances the classic.\" \/>\n<meta name=\"robots\" content=\"index, follow, max-snippet:-1, max-image-preview:large, max-video-preview:-1\" \/>\n<link rel=\"canonical\" href=\"https:\/\/rendez-vous-store.com\/fr\/shop\/last-pieces-men\/last-pieces-men-shirt-rendez-vous-store\/rdv-o-globe-luc-shirt-natural-rendez-vous-store\/\" \/>\n<meta property=\"og:locale\" content=\"fr_FR\" \/>\n<meta property=\"og:type\" content=\"article\" \/>\n<meta property=\"og:title\" content=\"RDV O Globe - Luc Shirt Natural - Rendez-vous Store\" \/>\n<meta property=\"og:description\" content=\"Rdv O Globe is on Rendez-vous Store. This RDV O Globe Luc Shirt Natural creates a contemporary look that perfectly balances the classic.\" \/>\n<meta property=\"og:url\" content=\"https:\/\/rendez-vous-store.com\/fr\/shop\/last-pieces-men\/last-pieces-men-shirt-rendez-vous-store\/rdv-o-globe-luc-shirt-natural-rendez-vous-store\/\" \/>\n<meta property=\"og:site_name\" content=\"RENDEZ-VOUS STORE\" \/>\n<meta property=\"article:modified_time\" content=\"2026-03-16T16:25:54+00:00\" \/>\n<meta property=\"og:image\" content=\"https:\/\/rendez-vous-store.com\/wp-content\/uploads\/2024\/04\/chemise-luc-1.webp\" \/>\n\t<meta property=\"og:image:width\" content=\"1696\" \/>\n\t<meta property=\"og:image:height\" content=\"2560\" \/>\n\t<meta property=\"og:image:type\" content=\"image\/webp\" \/>\n<meta name=\"twitter:card\" content=\"summary_large_image\" \/>\n<meta name=\"twitter:label1\" content=\"Est. reading time\" \/>\n\t<meta name=\"twitter:data1\" content=\"2 minutes\" \/>\n<script type=\"application\/ld+json\" class=\"yoast-schema-graph\">{\"@context\":\"https:\/\/schema.org\",\"@graph\":[{\"@type\":\"WebPage\",\"@id\":\"https:\/\/rendez-vous-store.com\/shop\/last-pieces-men\/last-pieces-men-shirt-rendez-vous-store\/rdv-o-globe-luc-shirt-natural-rendez-vous-store\/\",\"url\":\"https:\/\/rendez-vous-store.com\/shop\/last-pieces-men\/last-pieces-men-shirt-rendez-vous-store\/rdv-o-globe-luc-shirt-natural-rendez-vous-store\/\",\"name\":\"RDV O Globe - Luc Shirt Natural - Rendez-vous Store\",\"isPartOf\":{\"@id\":\"https:\/\/rendez-vous-store.com\/#website\"},\"primaryImageOfPage\":{\"@id\":\"https:\/\/rendez-vous-store.com\/shop\/last-pieces-men\/last-pieces-men-shirt-rendez-vous-store\/rdv-o-globe-luc-shirt-natural-rendez-vous-store\/#primaryimage\"},\"image\":{\"@id\":\"https:\/\/rendez-vous-store.com\/shop\/last-pieces-men\/last-pieces-men-shirt-rendez-vous-store\/rdv-o-globe-luc-shirt-natural-rendez-vous-store\/#primaryimage\"},\"thumbnailUrl\":\"https:\/\/rendez-vous-store.com\/app\/uploads\/2024\/04\/chemise-luc-1.webp\",\"datePublished\":\"2024-04-11T09:01:28+00:00\",\"dateModified\":\"2026-03-16T16:25:54+00:00\",\"description\":\"Rdv O Globe is on Rendez-vous Store. This RDV O Globe Luc Shirt Natural creates a contemporary look that perfectly balances the classic.\",\"breadcrumb\":{\"@id\":\"https:\/\/rendez-vous-store.com\/shop\/last-pieces-men\/last-pieces-men-shirt-rendez-vous-store\/rdv-o-globe-luc-shirt-natural-rendez-vous-store\/#breadcrumb\"},\"inLanguage\":\"fr-FR\",\"potentialAction\":[{\"@type\":\"ReadAction\",\"target\":[\"https:\/\/rendez-vous-store.com\/shop\/last-pieces-men\/last-pieces-men-shirt-rendez-vous-store\/rdv-o-globe-luc-shirt-natural-rendez-vous-store\/\"]}]},{\"@type\":\"ImageObject\",\"inLanguage\":\"fr-FR\",\"@id\":\"https:\/\/rendez-vous-store.com\/shop\/last-pieces-men\/last-pieces-men-shirt-rendez-vous-store\/rdv-o-globe-luc-shirt-natural-rendez-vous-store\/#primaryimage\",\"url\":\"https:\/\/rendez-vous-store.com\/app\/uploads\/2024\/04\/chemise-luc-1.webp\",\"contentUrl\":\"https:\/\/rendez-vous-store.com\/app\/uploads\/2024\/04\/chemise-luc-1.webp\",\"width\":1696,\"height\":2560,\"caption\":\"RDV O Globe - Luc Shirt 241CH003 - Natural\"},{\"@type\":\"BreadcrumbList\",\"@id\":\"https:\/\/rendez-vous-store.com\/shop\/last-pieces-men\/last-pieces-men-shirt-rendez-vous-store\/rdv-o-globe-luc-shirt-natural-rendez-vous-store\/#breadcrumb\",\"itemListElement\":[{\"@type\":\"ListItem\",\"position\":1,\"name\":\"Home\",\"item\":\"https:\/\/rendez-vous-store.com\/\"},{\"@type\":\"ListItem\",\"position\":2,\"name\":\"Shop\",\"item\":\"https:\/\/www.rendez-vous-store.com\/shop\/\"},{\"@type\":\"ListItem\",\"position\":3,\"name\":\"RDV O Globe &#8211; Luc Shirt 241CH003 &#8211; Natural\"}]},{\"@type\":\"WebSite\",\"@id\":\"https:\/\/rendez-vous-store.com\/#website\",\"url\":\"https:\/\/rendez-vous-store.com\/\",\"name\":\"RENDEZ-VOUS STORE\",\"description\":\"Slow Fashion for Women and Men\",\"potentialAction\":[{\"@type\":\"SearchAction\",\"target\":{\"@type\":\"EntryPoint\",\"urlTemplate\":\"https:\/\/rendez-vous-store.com\/?s={search_term_string}\"},\"query-input\":{\"@type\":\"PropertyValueSpecification\",\"valueRequired\":true,\"valueName\":\"search_term_string\"}}],\"inLanguage\":\"fr-FR\"}]}<\/script>\n<!-- \/ Yoast SEO plugin. -->","yoast_head_json":{"title":"RDV O Globe - Luc Shirt Natural - Rendez-vous Store","description":"Rdv O Globe is on Rendez-vous Store. This RDV O Globe Luc Shirt Natural creates a contemporary look that perfectly balances the classic.","robots":{"index":"index","follow":"follow","max-snippet":"max-snippet:-1","max-image-preview":"max-image-preview:large","max-video-preview":"max-video-preview:-1"},"canonical":"https:\/\/rendez-vous-store.com\/fr\/shop\/last-pieces-men\/last-pieces-men-shirt-rendez-vous-store\/rdv-o-globe-luc-shirt-natural-rendez-vous-store\/","og_locale":"fr_FR","og_type":"article","og_title":"RDV O Globe - Luc Shirt Natural - Rendez-vous Store","og_description":"Rdv O Globe is on Rendez-vous Store. This RDV O Globe Luc Shirt Natural creates a contemporary look that perfectly balances the classic.","og_url":"https:\/\/rendez-vous-store.com\/fr\/shop\/last-pieces-men\/last-pieces-men-shirt-rendez-vous-store\/rdv-o-globe-luc-shirt-natural-rendez-vous-store\/","og_site_name":"RENDEZ-VOUS STORE","article_modified_time":"2026-03-16T16:25:54+00:00","og_image":[{"width":1696,"height":2560,"url":"https:\/\/rendez-vous-store.com\/wp-content\/uploads\/2024\/04\/chemise-luc-1.webp","type":"image\/webp"}],"twitter_card":"summary_large_image","twitter_misc":{"Est. reading time":"2 minutes"},"schema":{"@context":"https:\/\/schema.org","@graph":[{"@type":"WebPage","@id":"https:\/\/rendez-vous-store.com\/shop\/last-pieces-men\/last-pieces-men-shirt-rendez-vous-store\/rdv-o-globe-luc-shirt-natural-rendez-vous-store\/","url":"https:\/\/rendez-vous-store.com\/shop\/last-pieces-men\/last-pieces-men-shirt-rendez-vous-store\/rdv-o-globe-luc-shirt-natural-rendez-vous-store\/","name":"RDV O Globe - Luc Shirt Natural - Rendez-vous Store","isPartOf":{"@id":"https:\/\/rendez-vous-store.com\/#website"},"primaryImageOfPage":{"@id":"https:\/\/rendez-vous-store.com\/shop\/last-pieces-men\/last-pieces-men-shirt-rendez-vous-store\/rdv-o-globe-luc-shirt-natural-rendez-vous-store\/#primaryimage"},"image":{"@id":"https:\/\/rendez-vous-store.com\/shop\/last-pieces-men\/last-pieces-men-shirt-rendez-vous-store\/rdv-o-globe-luc-shirt-natural-rendez-vous-store\/#primaryimage"},"thumbnailUrl":"https:\/\/rendez-vous-store.com\/app\/uploads\/2024\/04\/chemise-luc-1.webp","datePublished":"2024-04-11T09:01:28+00:00","dateModified":"2026-03-16T16:25:54+00:00","description":"Rdv O Globe is on Rendez-vous Store. This RDV O Globe Luc Shirt Natural creates a contemporary look that perfectly balances the classic.","breadcrumb":{"@id":"https:\/\/rendez-vous-store.com\/shop\/last-pieces-men\/last-pieces-men-shirt-rendez-vous-store\/rdv-o-globe-luc-shirt-natural-rendez-vous-store\/#breadcrumb"},"inLanguage":"fr-FR","potentialAction":[{"@type":"ReadAction","target":["https:\/\/rendez-vous-store.com\/shop\/last-pieces-men\/last-pieces-men-shirt-rendez-vous-store\/rdv-o-globe-luc-shirt-natural-rendez-vous-store\/"]}]},{"@type":"ImageObject","inLanguage":"fr-FR","@id":"https:\/\/rendez-vous-store.com\/shop\/last-pieces-men\/last-pieces-men-shirt-rendez-vous-store\/rdv-o-globe-luc-shirt-natural-rendez-vous-store\/#primaryimage","url":"https:\/\/rendez-vous-store.com\/app\/uploads\/2024\/04\/chemise-luc-1.webp","contentUrl":"https:\/\/rendez-vous-store.com\/app\/uploads\/2024\/04\/chemise-luc-1.webp","width":1696,"height":2560,"caption":"RDV O Globe - Luc Shirt 241CH003 - Natural"},{"@type":"BreadcrumbList","@id":"https:\/\/rendez-vous-store.com\/shop\/last-pieces-men\/last-pieces-men-shirt-rendez-vous-store\/rdv-o-globe-luc-shirt-natural-rendez-vous-store\/#breadcrumb","itemListElement":[{"@type":"ListItem","position":1,"name":"Home","item":"https:\/\/rendez-vous-store.com\/"},{"@type":"ListItem","position":2,"name":"Shop","item":"https:\/\/www.rendez-vous-store.com\/shop\/"},{"@type":"ListItem","position":3,"name":"RDV O Globe &#8211; Luc Shirt 241CH003 &#8211; Natural"}]},{"@type":"WebSite","@id":"https:\/\/rendez-vous-store.com\/#website","url":"https:\/\/rendez-vous-store.com\/","name":"RENDEZ-VOUS STORE","description":"Slow Fashion for Women and Men","potentialAction":[{"@type":"SearchAction","target":{"@type":"EntryPoint","urlTemplate":"https:\/\/rendez-vous-store.com\/?s={search_term_string}"},"query-input":{"@type":"PropertyValueSpecification","valueRequired":true,"valueName":"search_term_string"}}],"inLanguage":"fr-FR"}]}},"_links":{"self":[{"href":"https:\/\/rendez-vous-store.com\/fr\/wp-json\/wp\/v2\/product\/161533","targetHints":{"allow":["GET"]}}],"collection":[{"href":"https:\/\/rendez-vous-store.com\/fr\/wp-json\/wp\/v2\/product"}],"about":[{"href":"https:\/\/rendez-vous-store.com\/fr\/wp-json\/wp\/v2\/types\/product"}],"wp:featuredmedia":[{"embeddable":true,"href":"https:\/\/rendez-vous-store.com\/fr\/wp-json\/wp\/v2\/media\/161663"}],"wp:attachment":[{"href":"https:\/\/rendez-vous-store.com\/fr\/wp-json\/wp\/v2\/media?parent=161533"}],"wp:term":[{"taxonomy":"product_brand","embeddable":true,"href":"https:\/\/rendez-vous-store.com\/fr\/wp-json\/wp\/v2\/product_brand?post=161533"},{"taxonomy":"product_cat","embeddable":true,"href":"https:\/\/rendez-vous-store.com\/fr\/wp-json\/wp\/v2\/product_cat?post=161533"},{"taxonomy":"product_tag","embeddable":true,"href":"https:\/\/rendez-vous-store.com\/fr\/wp-json\/wp\/v2\/product_tag?post=161533"}],"curies":[{"name":"wp","href":"https:\/\/api.w.org\/{rel}","templated":true}]}}