{"id":161135,"date":"2024-04-09T15:12:09","date_gmt":"2024-04-09T13:12:09","guid":{"rendered":"https:\/\/rendez-vous-store.com\/?post_type=product&#038;p=161135"},"modified":"2026-04-24T14:25:24","modified_gmt":"2026-04-24T12:25:24","slug":"caron-callahan-chrissa-pant-ochre","status":"publish","type":"product","link":"https:\/\/rendez-vous-store.com\/fr\/shop\/special-offer-women-rendez-vous-store\/women-trousers-special-offer\/caron-callahan-chrissa-pant-ochre\/","title":{"rendered":"CARON CALLAHAN - Pantalon Chrissa - Ochre"},"content":{"rendered":"<p>CARON CALLAHAN Pantalon Chrissa Ochre<\/p>\n<p>Couleur : Ocre<\/p>\n<p>Taille haute<\/p>\n<p>Jambe d\u00e9contract\u00e9e et fusel\u00e9e<\/p>\n<p>L\u00e9g\u00e8rement raccourci<\/p>\n<p>Braguette boutonn\u00e9e<\/p>\n<p>Profondes poches plaqu\u00e9es sur le devant<\/p>\n<p>Composition : 70% Lin - 30% Coton<\/p>\n<p>Fabriqu\u00e9 \u00e0 New York<\/p>\n<p>Lavage \u00e0 froid, s\u00e9chage par culbutage \u00e0 basse temp\u00e9rature<\/p>\n<p>Mesures :<\/p>\n<p>XS : Taille : 33cm - Hanche : 55cm - Cuisse : 31cm - Entrejambe : 52,5cm - Longueur : 88,5cm<\/p>\n<p>S : Taille : 36cm - Hanche : 56cm - Cuisse : 32cm - Entrejambe : 52,5cm - Longueur : 89cm<\/p>","protected":false},"excerpt":{"rendered":"<p>CARON CALLAHAN Chrissa Pant Ochre Color: Ochre High-waisted Relaxed and tapered leg Slightly cropped Buttoned fly Deep front patch pockets Composition: 70% Linen &#8211; 30% Cotton Made in NYC Wash cold, tumble dry low Measurements: XS: Waist: 33cm &#8211; Hip: 55cm &#8211; Thigh: 31cm &#8211; Inseam: 52,5cm &#8211; Length: 88,5cm S: Waist: 36cm &#8211; Hip:&hellip; <a class=\"more-link\" href=\"https:\/\/rendez-vous-store.com\/fr\/shop\/special-offer-women-rendez-vous-store\/women-trousers-special-offer\/caron-callahan-chrissa-pant-ochre\/\">Continuer la lecture <span class=\"screen-reader-text\">CARON CALLAHAN - Pantalon Chrissa - Ochre<\/span><\/a><\/p>","protected":false},"featured_media":162048,"template":"","meta":{"_acf_changed":false},"product_brand":[],"product_cat":[1335,1341,1138,1164,1144],"product_tag":[],"class_list":{"0":"post-161135","1":"product","2":"type-product","3":"status-publish","4":"has-post-thumbnail","6":"product_cat-special-offer-women-rendez-vous-store","7":"product_cat-women-trousers-special-offer","8":"product_cat-last-pieces-women-rendez-vous-store","9":"product_cat-1164","10":"product_cat-last-pieces-women-trousers-skirt-rendez-vous-store","11":"entry","13":"first","14":"outofstock","15":"taxable","16":"shipping-taxable","17":"product-type-variable"},"acf":[],"yoast_head":"<!-- This site is optimized with the Yoast SEO plugin v24.9 - https:\/\/yoast.com\/wordpress\/plugins\/seo\/ -->\n<title>CARON CALLAHAN - Chrissa Pant - Ochre - RENDEZ-VOUS STORE<\/title>\n<meta name=\"robots\" content=\"index, follow, max-snippet:-1, max-image-preview:large, max-video-preview:-1\" \/>\n<link rel=\"canonical\" href=\"https:\/\/rendez-vous-store.com\/fr\/shop\/special-offer-women-rendez-vous-store\/women-trousers-special-offer\/caron-callahan-chrissa-pant-ochre\/\" \/>\n<meta property=\"og:locale\" content=\"fr_FR\" \/>\n<meta property=\"og:type\" content=\"article\" \/>\n<meta property=\"og:title\" content=\"CARON CALLAHAN - Chrissa Pant - Ochre - RENDEZ-VOUS STORE\" \/>\n<meta property=\"og:description\" content=\"CARON CALLAHAN Chrissa Pant Ochre Color: Ochre High-waisted Relaxed and tapered leg Slightly cropped Buttoned fly Deep front patch pockets Composition: 70% Linen &#8211; 30% Cotton Made in NYC Wash cold, tumble dry low Measurements: XS: Waist: 33cm &#8211; Hip: 55cm &#8211; Thigh: 31cm &#8211; Inseam: 52,5cm &#8211; Length: 88,5cm S: Waist: 36cm &#8211; Hip:&hellip; Continue reading CARON CALLAHAN &#8211; Chrissa Pant &#8211; Ochre\" \/>\n<meta property=\"og:url\" content=\"https:\/\/rendez-vous-store.com\/fr\/shop\/special-offer-women-rendez-vous-store\/women-trousers-special-offer\/caron-callahan-chrissa-pant-ochre\/\" \/>\n<meta property=\"og:site_name\" content=\"RENDEZ-VOUS STORE\" \/>\n<meta property=\"article:modified_time\" content=\"2026-04-24T12:25:24+00:00\" \/>\n<meta property=\"og:image\" content=\"https:\/\/rendez-vous-store.com\/app\/uploads\/2024\/04\/pants-1.webp\" \/>\n\t<meta property=\"og:image:width\" content=\"1696\" \/>\n\t<meta property=\"og:image:height\" content=\"2560\" \/>\n\t<meta property=\"og:image:type\" content=\"image\/webp\" \/>\n<meta name=\"twitter:card\" content=\"summary_large_image\" \/>\n<meta name=\"twitter:label1\" content=\"Est. reading time\" \/>\n\t<meta name=\"twitter:data1\" content=\"1 minute\" \/>\n<script type=\"application\/ld+json\" class=\"yoast-schema-graph\">{\"@context\":\"https:\/\/schema.org\",\"@graph\":[{\"@type\":\"WebPage\",\"@id\":\"https:\/\/rendez-vous-store.com\/shop\/special-offer-women-rendez-vous-store\/women-trousers-special-offer\/caron-callahan-chrissa-pant-ochre\/\",\"url\":\"https:\/\/rendez-vous-store.com\/shop\/special-offer-women-rendez-vous-store\/women-trousers-special-offer\/caron-callahan-chrissa-pant-ochre\/\",\"name\":\"CARON CALLAHAN - Chrissa Pant - Ochre - RENDEZ-VOUS STORE\",\"isPartOf\":{\"@id\":\"https:\/\/rendez-vous-store.com\/#website\"},\"primaryImageOfPage\":{\"@id\":\"https:\/\/rendez-vous-store.com\/shop\/special-offer-women-rendez-vous-store\/women-trousers-special-offer\/caron-callahan-chrissa-pant-ochre\/#primaryimage\"},\"image\":{\"@id\":\"https:\/\/rendez-vous-store.com\/shop\/special-offer-women-rendez-vous-store\/women-trousers-special-offer\/caron-callahan-chrissa-pant-ochre\/#primaryimage\"},\"thumbnailUrl\":\"https:\/\/rendez-vous-store.com\/app\/uploads\/2024\/04\/pants-1.webp\",\"datePublished\":\"2024-04-09T13:12:09+00:00\",\"dateModified\":\"2026-04-24T12:25:24+00:00\",\"breadcrumb\":{\"@id\":\"https:\/\/rendez-vous-store.com\/shop\/special-offer-women-rendez-vous-store\/women-trousers-special-offer\/caron-callahan-chrissa-pant-ochre\/#breadcrumb\"},\"inLanguage\":\"fr-FR\",\"potentialAction\":[{\"@type\":\"ReadAction\",\"target\":[\"https:\/\/rendez-vous-store.com\/shop\/special-offer-women-rendez-vous-store\/women-trousers-special-offer\/caron-callahan-chrissa-pant-ochre\/\"]}]},{\"@type\":\"ImageObject\",\"inLanguage\":\"fr-FR\",\"@id\":\"https:\/\/rendez-vous-store.com\/shop\/special-offer-women-rendez-vous-store\/women-trousers-special-offer\/caron-callahan-chrissa-pant-ochre\/#primaryimage\",\"url\":\"https:\/\/rendez-vous-store.com\/app\/uploads\/2024\/04\/pants-1.webp\",\"contentUrl\":\"https:\/\/rendez-vous-store.com\/app\/uploads\/2024\/04\/pants-1.webp\",\"width\":1696,\"height\":2560,\"caption\":\"CARON CALLAHAN - Chrissa Pant - Ochre Linen Suiting\"},{\"@type\":\"BreadcrumbList\",\"@id\":\"https:\/\/rendez-vous-store.com\/shop\/special-offer-women-rendez-vous-store\/women-trousers-special-offer\/caron-callahan-chrissa-pant-ochre\/#breadcrumb\",\"itemListElement\":[{\"@type\":\"ListItem\",\"position\":1,\"name\":\"Home\",\"item\":\"https:\/\/rendez-vous-store.com\/\"},{\"@type\":\"ListItem\",\"position\":2,\"name\":\"Shop\",\"item\":\"https:\/\/www.rendez-vous-store.com\/shop\/\"},{\"@type\":\"ListItem\",\"position\":3,\"name\":\"CARON CALLAHAN &#8211; Chrissa Pant &#8211; Ochre\"}]},{\"@type\":\"WebSite\",\"@id\":\"https:\/\/rendez-vous-store.com\/#website\",\"url\":\"https:\/\/rendez-vous-store.com\/\",\"name\":\"RENDEZ-VOUS STORE\",\"description\":\"Slow Fashion for Women and Men\",\"potentialAction\":[{\"@type\":\"SearchAction\",\"target\":{\"@type\":\"EntryPoint\",\"urlTemplate\":\"https:\/\/rendez-vous-store.com\/?s={search_term_string}\"},\"query-input\":{\"@type\":\"PropertyValueSpecification\",\"valueRequired\":true,\"valueName\":\"search_term_string\"}}],\"inLanguage\":\"fr-FR\"}]}<\/script>\n<!-- \/ Yoast SEO plugin. -->","yoast_head_json":{"title":"CARON CALLAHAN - Chrissa Pant - Ochre - RENDEZ-VOUS STORE","robots":{"index":"index","follow":"follow","max-snippet":"max-snippet:-1","max-image-preview":"max-image-preview:large","max-video-preview":"max-video-preview:-1"},"canonical":"https:\/\/rendez-vous-store.com\/fr\/shop\/special-offer-women-rendez-vous-store\/women-trousers-special-offer\/caron-callahan-chrissa-pant-ochre\/","og_locale":"fr_FR","og_type":"article","og_title":"CARON CALLAHAN - Chrissa Pant - Ochre - RENDEZ-VOUS STORE","og_description":"CARON CALLAHAN Chrissa Pant Ochre Color: Ochre High-waisted Relaxed and tapered leg Slightly cropped Buttoned fly Deep front patch pockets Composition: 70% Linen &#8211; 30% Cotton Made in NYC Wash cold, tumble dry low Measurements: XS: Waist: 33cm &#8211; Hip: 55cm &#8211; Thigh: 31cm &#8211; Inseam: 52,5cm &#8211; Length: 88,5cm S: Waist: 36cm &#8211; Hip:&hellip; Continue reading CARON CALLAHAN &#8211; Chrissa Pant &#8211; Ochre","og_url":"https:\/\/rendez-vous-store.com\/fr\/shop\/special-offer-women-rendez-vous-store\/women-trousers-special-offer\/caron-callahan-chrissa-pant-ochre\/","og_site_name":"RENDEZ-VOUS STORE","article_modified_time":"2026-04-24T12:25:24+00:00","og_image":[{"width":1696,"height":2560,"url":"https:\/\/rendez-vous-store.com\/app\/uploads\/2024\/04\/pants-1.webp","type":"image\/webp"}],"twitter_card":"summary_large_image","twitter_misc":{"Est. reading time":"1 minute"},"schema":{"@context":"https:\/\/schema.org","@graph":[{"@type":"WebPage","@id":"https:\/\/rendez-vous-store.com\/shop\/special-offer-women-rendez-vous-store\/women-trousers-special-offer\/caron-callahan-chrissa-pant-ochre\/","url":"https:\/\/rendez-vous-store.com\/shop\/special-offer-women-rendez-vous-store\/women-trousers-special-offer\/caron-callahan-chrissa-pant-ochre\/","name":"CARON CALLAHAN - Chrissa Pant - Ochre - RENDEZ-VOUS STORE","isPartOf":{"@id":"https:\/\/rendez-vous-store.com\/#website"},"primaryImageOfPage":{"@id":"https:\/\/rendez-vous-store.com\/shop\/special-offer-women-rendez-vous-store\/women-trousers-special-offer\/caron-callahan-chrissa-pant-ochre\/#primaryimage"},"image":{"@id":"https:\/\/rendez-vous-store.com\/shop\/special-offer-women-rendez-vous-store\/women-trousers-special-offer\/caron-callahan-chrissa-pant-ochre\/#primaryimage"},"thumbnailUrl":"https:\/\/rendez-vous-store.com\/app\/uploads\/2024\/04\/pants-1.webp","datePublished":"2024-04-09T13:12:09+00:00","dateModified":"2026-04-24T12:25:24+00:00","breadcrumb":{"@id":"https:\/\/rendez-vous-store.com\/shop\/special-offer-women-rendez-vous-store\/women-trousers-special-offer\/caron-callahan-chrissa-pant-ochre\/#breadcrumb"},"inLanguage":"fr-FR","potentialAction":[{"@type":"ReadAction","target":["https:\/\/rendez-vous-store.com\/shop\/special-offer-women-rendez-vous-store\/women-trousers-special-offer\/caron-callahan-chrissa-pant-ochre\/"]}]},{"@type":"ImageObject","inLanguage":"fr-FR","@id":"https:\/\/rendez-vous-store.com\/shop\/special-offer-women-rendez-vous-store\/women-trousers-special-offer\/caron-callahan-chrissa-pant-ochre\/#primaryimage","url":"https:\/\/rendez-vous-store.com\/app\/uploads\/2024\/04\/pants-1.webp","contentUrl":"https:\/\/rendez-vous-store.com\/app\/uploads\/2024\/04\/pants-1.webp","width":1696,"height":2560,"caption":"CARON CALLAHAN - Chrissa Pant - Ochre Linen Suiting"},{"@type":"BreadcrumbList","@id":"https:\/\/rendez-vous-store.com\/shop\/special-offer-women-rendez-vous-store\/women-trousers-special-offer\/caron-callahan-chrissa-pant-ochre\/#breadcrumb","itemListElement":[{"@type":"ListItem","position":1,"name":"Home","item":"https:\/\/rendez-vous-store.com\/"},{"@type":"ListItem","position":2,"name":"Shop","item":"https:\/\/www.rendez-vous-store.com\/shop\/"},{"@type":"ListItem","position":3,"name":"CARON CALLAHAN &#8211; Chrissa Pant &#8211; Ochre"}]},{"@type":"WebSite","@id":"https:\/\/rendez-vous-store.com\/#website","url":"https:\/\/rendez-vous-store.com\/","name":"RENDEZ-VOUS STORE","description":"Slow Fashion for Women and Men","potentialAction":[{"@type":"SearchAction","target":{"@type":"EntryPoint","urlTemplate":"https:\/\/rendez-vous-store.com\/?s={search_term_string}"},"query-input":{"@type":"PropertyValueSpecification","valueRequired":true,"valueName":"search_term_string"}}],"inLanguage":"fr-FR"}]}},"_links":{"self":[{"href":"https:\/\/rendez-vous-store.com\/fr\/wp-json\/wp\/v2\/product\/161135","targetHints":{"allow":["GET"]}}],"collection":[{"href":"https:\/\/rendez-vous-store.com\/fr\/wp-json\/wp\/v2\/product"}],"about":[{"href":"https:\/\/rendez-vous-store.com\/fr\/wp-json\/wp\/v2\/types\/product"}],"wp:featuredmedia":[{"embeddable":true,"href":"https:\/\/rendez-vous-store.com\/fr\/wp-json\/wp\/v2\/media\/162048"}],"wp:attachment":[{"href":"https:\/\/rendez-vous-store.com\/fr\/wp-json\/wp\/v2\/media?parent=161135"}],"wp:term":[{"taxonomy":"product_brand","embeddable":true,"href":"https:\/\/rendez-vous-store.com\/fr\/wp-json\/wp\/v2\/product_brand?post=161135"},{"taxonomy":"product_cat","embeddable":true,"href":"https:\/\/rendez-vous-store.com\/fr\/wp-json\/wp\/v2\/product_cat?post=161135"},{"taxonomy":"product_tag","embeddable":true,"href":"https:\/\/rendez-vous-store.com\/fr\/wp-json\/wp\/v2\/product_tag?post=161135"}],"curies":[{"name":"wp","href":"https:\/\/api.w.org\/{rel}","templated":true}]}}