{"id":161125,"date":"2024-04-09T15:12:06","date_gmt":"2024-04-09T13:12:06","guid":{"rendered":"https:\/\/rendez-vous-store.com\/?post_type=product&#038;p=161125"},"modified":"2026-03-16T17:27:16","modified_gmt":"2026-03-16T16:27:16","slug":"caron-callahan-olivia-short-pink-linen-stripe","status":"publish","type":"product","link":"https:\/\/rendez-vous-store.com\/fr\/shop\/last-pieces-women-rendez-vous-store\/last-pieces-women-trousers-skirt-rendez-vous-store\/caron-callahan-olivia-short-pink-linen-stripe\/","title":{"rendered":"CARON CALLAHAN - Short Olivia - Lin rose ray\u00e9"},"content":{"rendered":"<p>CARON CALLAHAN Short Olivia ray\u00e9 rose<\/p>\n<p>Couleur : Rayure rose<\/p>\n<p>Taille \u00e9lastique<\/p>\n<p>Fermeture \u00e0 boutons sur le devant<\/p>\n<p>Jambe droite<\/p>\n<p>Poche arri\u00e8re \u00e0 rabat unique<\/p>\n<p>Composition : 60% Lin - 38% Viscose - 1% Polyester - 1% Elasthanne<\/p>\n<p>Fabriqu\u00e9 \u00e0 New York<\/p>\n<p>Lavage \u00e0 la main \u00e0 froid, s\u00e9chage \u00e0 plat ou nettoyage \u00e0 sec pour \u00e9viter tout r\u00e9tr\u00e9cissement.<\/p>\n<p>Mesures :<\/p>\n<p>XS : Taille : 33cm - Hanche : 60cm - Cuisse : 32cm - Entrejambe : 8cm - Longueur : 47cm<\/p>\n<p>S : Taille : 34cm - Hanche : 63cm - Cuisse : 35cm - Entrejambe : 8cm - Longueur : 48cm<\/p>","protected":false},"excerpt":{"rendered":"<p>CARON CALLAHAN Olivia Short Pink Stripe Color: Pink Stripe Elastic waist Button front closure Straight leg Single back flap pocket Composition: 60% Linen &#8211; 38% Viscose &#8211; 1% Polyester &#8211; 1% Elastane Made in NYC Hand wash cold, lay flat to dry or dry clean to avoid shrinkage Measurements: XS: Waist: 33cm &#8211; Hip: 60cm&hellip; <a class=\"more-link\" href=\"https:\/\/rendez-vous-store.com\/fr\/shop\/last-pieces-women-rendez-vous-store\/last-pieces-women-trousers-skirt-rendez-vous-store\/caron-callahan-olivia-short-pink-linen-stripe\/\">Continue reading <span class=\"screen-reader-text\">CARON CALLAHAN - Short Olivia - Lin rose ray\u00e9<\/span><\/a><\/p>","protected":false},"featured_media":162106,"template":"","meta":{"_acf_changed":false},"product_brand":[],"product_cat":[1232,1138,1144],"product_tag":[],"class_list":{"0":"post-161125","1":"product","2":"type-product","3":"status-publish","4":"has-post-thumbnail","6":"product_cat-sale-40","7":"product_cat-last-pieces-women-rendez-vous-store","8":"product_cat-last-pieces-women-trousers-skirt-rendez-vous-store","9":"entry","11":"first","12":"outofstock","13":"taxable","14":"shipping-taxable","15":"product-type-variable"},"acf":[],"yoast_head":"<!-- This site is optimized with the Yoast SEO plugin v24.9 - https:\/\/yoast.com\/wordpress\/plugins\/seo\/ -->\n<title>CARON CALLAHAN - Olivia Short - Pink Linen Stripe - RENDEZ-VOUS STORE<\/title>\n<meta name=\"robots\" content=\"index, follow, max-snippet:-1, max-image-preview:large, max-video-preview:-1\" \/>\n<link rel=\"canonical\" href=\"https:\/\/rendez-vous-store.com\/fr\/shop\/last-pieces-women-rendez-vous-store\/last-pieces-women-trousers-skirt-rendez-vous-store\/caron-callahan-olivia-short-pink-linen-stripe\/\" \/>\n<meta property=\"og:locale\" content=\"fr_FR\" \/>\n<meta property=\"og:type\" content=\"article\" \/>\n<meta property=\"og:title\" content=\"CARON CALLAHAN - Olivia Short - Pink Linen Stripe - RENDEZ-VOUS STORE\" \/>\n<meta property=\"og:description\" content=\"CARON CALLAHAN Olivia Short Pink Stripe Color: Pink Stripe Elastic waist Button front closure Straight leg Single back flap pocket Composition: 60% Linen &#8211; 38% Viscose &#8211; 1% Polyester &#8211; 1% Elastane Made in NYC Hand wash cold, lay flat to dry or dry clean to avoid shrinkage Measurements: XS: Waist: 33cm &#8211; Hip: 60cm&hellip; Continue reading CARON CALLAHAN &#8211; Olivia Short &#8211; Pink Linen Stripe\" \/>\n<meta property=\"og:url\" content=\"https:\/\/rendez-vous-store.com\/fr\/shop\/last-pieces-women-rendez-vous-store\/last-pieces-women-trousers-skirt-rendez-vous-store\/caron-callahan-olivia-short-pink-linen-stripe\/\" \/>\n<meta property=\"og:site_name\" content=\"RENDEZ-VOUS STORE\" \/>\n<meta property=\"article:modified_time\" content=\"2026-03-16T16:27:16+00:00\" \/>\n<meta property=\"og:image\" content=\"https:\/\/rendez-vous-store.com\/wp-content\/uploads\/2024\/04\/short2.webp\" \/>\n\t<meta property=\"og:image:width\" content=\"1696\" \/>\n\t<meta property=\"og:image:height\" content=\"2560\" \/>\n\t<meta property=\"og:image:type\" content=\"image\/webp\" \/>\n<meta name=\"twitter:card\" content=\"summary_large_image\" \/>\n<meta name=\"twitter:label1\" content=\"Est. reading time\" \/>\n\t<meta name=\"twitter:data1\" content=\"1 minute\" \/>\n<script type=\"application\/ld+json\" class=\"yoast-schema-graph\">{\"@context\":\"https:\/\/schema.org\",\"@graph\":[{\"@type\":\"WebPage\",\"@id\":\"https:\/\/rendez-vous-store.com\/shop\/last-pieces-women-rendez-vous-store\/last-pieces-women-trousers-skirt-rendez-vous-store\/caron-callahan-olivia-short-pink-linen-stripe\/\",\"url\":\"https:\/\/rendez-vous-store.com\/shop\/last-pieces-women-rendez-vous-store\/last-pieces-women-trousers-skirt-rendez-vous-store\/caron-callahan-olivia-short-pink-linen-stripe\/\",\"name\":\"CARON CALLAHAN - Olivia Short - Pink Linen Stripe - RENDEZ-VOUS STORE\",\"isPartOf\":{\"@id\":\"https:\/\/rendez-vous-store.com\/#website\"},\"primaryImageOfPage\":{\"@id\":\"https:\/\/rendez-vous-store.com\/shop\/last-pieces-women-rendez-vous-store\/last-pieces-women-trousers-skirt-rendez-vous-store\/caron-callahan-olivia-short-pink-linen-stripe\/#primaryimage\"},\"image\":{\"@id\":\"https:\/\/rendez-vous-store.com\/shop\/last-pieces-women-rendez-vous-store\/last-pieces-women-trousers-skirt-rendez-vous-store\/caron-callahan-olivia-short-pink-linen-stripe\/#primaryimage\"},\"thumbnailUrl\":\"https:\/\/rendez-vous-store.com\/app\/uploads\/2024\/04\/short2.webp\",\"datePublished\":\"2024-04-09T13:12:06+00:00\",\"dateModified\":\"2026-03-16T16:27:16+00:00\",\"breadcrumb\":{\"@id\":\"https:\/\/rendez-vous-store.com\/shop\/last-pieces-women-rendez-vous-store\/last-pieces-women-trousers-skirt-rendez-vous-store\/caron-callahan-olivia-short-pink-linen-stripe\/#breadcrumb\"},\"inLanguage\":\"fr-FR\",\"potentialAction\":[{\"@type\":\"ReadAction\",\"target\":[\"https:\/\/rendez-vous-store.com\/shop\/last-pieces-women-rendez-vous-store\/last-pieces-women-trousers-skirt-rendez-vous-store\/caron-callahan-olivia-short-pink-linen-stripe\/\"]}]},{\"@type\":\"ImageObject\",\"inLanguage\":\"fr-FR\",\"@id\":\"https:\/\/rendez-vous-store.com\/shop\/last-pieces-women-rendez-vous-store\/last-pieces-women-trousers-skirt-rendez-vous-store\/caron-callahan-olivia-short-pink-linen-stripe\/#primaryimage\",\"url\":\"https:\/\/rendez-vous-store.com\/app\/uploads\/2024\/04\/short2.webp\",\"contentUrl\":\"https:\/\/rendez-vous-store.com\/app\/uploads\/2024\/04\/short2.webp\",\"width\":1696,\"height\":2560,\"caption\":\"CARON CALLAHAN - Olivia Short - Pink Linen Stripe\"},{\"@type\":\"BreadcrumbList\",\"@id\":\"https:\/\/rendez-vous-store.com\/shop\/last-pieces-women-rendez-vous-store\/last-pieces-women-trousers-skirt-rendez-vous-store\/caron-callahan-olivia-short-pink-linen-stripe\/#breadcrumb\",\"itemListElement\":[{\"@type\":\"ListItem\",\"position\":1,\"name\":\"Home\",\"item\":\"https:\/\/rendez-vous-store.com\/\"},{\"@type\":\"ListItem\",\"position\":2,\"name\":\"Shop\",\"item\":\"https:\/\/www.rendez-vous-store.com\/shop\/\"},{\"@type\":\"ListItem\",\"position\":3,\"name\":\"CARON CALLAHAN &#8211; Olivia Short &#8211; Pink Linen Stripe\"}]},{\"@type\":\"WebSite\",\"@id\":\"https:\/\/rendez-vous-store.com\/#website\",\"url\":\"https:\/\/rendez-vous-store.com\/\",\"name\":\"RENDEZ-VOUS STORE\",\"description\":\"Slow Fashion for Women and Men\",\"potentialAction\":[{\"@type\":\"SearchAction\",\"target\":{\"@type\":\"EntryPoint\",\"urlTemplate\":\"https:\/\/rendez-vous-store.com\/?s={search_term_string}\"},\"query-input\":{\"@type\":\"PropertyValueSpecification\",\"valueRequired\":true,\"valueName\":\"search_term_string\"}}],\"inLanguage\":\"fr-FR\"}]}<\/script>\n<!-- \/ Yoast SEO plugin. -->","yoast_head_json":{"title":"CARON CALLAHAN - Olivia Short - Pink Linen Stripe - RENDEZ-VOUS STORE","robots":{"index":"index","follow":"follow","max-snippet":"max-snippet:-1","max-image-preview":"max-image-preview:large","max-video-preview":"max-video-preview:-1"},"canonical":"https:\/\/rendez-vous-store.com\/fr\/shop\/last-pieces-women-rendez-vous-store\/last-pieces-women-trousers-skirt-rendez-vous-store\/caron-callahan-olivia-short-pink-linen-stripe\/","og_locale":"fr_FR","og_type":"article","og_title":"CARON CALLAHAN - Olivia Short - Pink Linen Stripe - RENDEZ-VOUS STORE","og_description":"CARON CALLAHAN Olivia Short Pink Stripe Color: Pink Stripe Elastic waist Button front closure Straight leg Single back flap pocket Composition: 60% Linen &#8211; 38% Viscose &#8211; 1% Polyester &#8211; 1% Elastane Made in NYC Hand wash cold, lay flat to dry or dry clean to avoid shrinkage Measurements: XS: Waist: 33cm &#8211; Hip: 60cm&hellip; Continue reading CARON CALLAHAN &#8211; Olivia Short &#8211; Pink Linen Stripe","og_url":"https:\/\/rendez-vous-store.com\/fr\/shop\/last-pieces-women-rendez-vous-store\/last-pieces-women-trousers-skirt-rendez-vous-store\/caron-callahan-olivia-short-pink-linen-stripe\/","og_site_name":"RENDEZ-VOUS STORE","article_modified_time":"2026-03-16T16:27:16+00:00","og_image":[{"width":1696,"height":2560,"url":"https:\/\/rendez-vous-store.com\/wp-content\/uploads\/2024\/04\/short2.webp","type":"image\/webp"}],"twitter_card":"summary_large_image","twitter_misc":{"Est. reading time":"1 minute"},"schema":{"@context":"https:\/\/schema.org","@graph":[{"@type":"WebPage","@id":"https:\/\/rendez-vous-store.com\/shop\/last-pieces-women-rendez-vous-store\/last-pieces-women-trousers-skirt-rendez-vous-store\/caron-callahan-olivia-short-pink-linen-stripe\/","url":"https:\/\/rendez-vous-store.com\/shop\/last-pieces-women-rendez-vous-store\/last-pieces-women-trousers-skirt-rendez-vous-store\/caron-callahan-olivia-short-pink-linen-stripe\/","name":"CARON CALLAHAN - Olivia Short - Pink Linen Stripe - RENDEZ-VOUS STORE","isPartOf":{"@id":"https:\/\/rendez-vous-store.com\/#website"},"primaryImageOfPage":{"@id":"https:\/\/rendez-vous-store.com\/shop\/last-pieces-women-rendez-vous-store\/last-pieces-women-trousers-skirt-rendez-vous-store\/caron-callahan-olivia-short-pink-linen-stripe\/#primaryimage"},"image":{"@id":"https:\/\/rendez-vous-store.com\/shop\/last-pieces-women-rendez-vous-store\/last-pieces-women-trousers-skirt-rendez-vous-store\/caron-callahan-olivia-short-pink-linen-stripe\/#primaryimage"},"thumbnailUrl":"https:\/\/rendez-vous-store.com\/app\/uploads\/2024\/04\/short2.webp","datePublished":"2024-04-09T13:12:06+00:00","dateModified":"2026-03-16T16:27:16+00:00","breadcrumb":{"@id":"https:\/\/rendez-vous-store.com\/shop\/last-pieces-women-rendez-vous-store\/last-pieces-women-trousers-skirt-rendez-vous-store\/caron-callahan-olivia-short-pink-linen-stripe\/#breadcrumb"},"inLanguage":"fr-FR","potentialAction":[{"@type":"ReadAction","target":["https:\/\/rendez-vous-store.com\/shop\/last-pieces-women-rendez-vous-store\/last-pieces-women-trousers-skirt-rendez-vous-store\/caron-callahan-olivia-short-pink-linen-stripe\/"]}]},{"@type":"ImageObject","inLanguage":"fr-FR","@id":"https:\/\/rendez-vous-store.com\/shop\/last-pieces-women-rendez-vous-store\/last-pieces-women-trousers-skirt-rendez-vous-store\/caron-callahan-olivia-short-pink-linen-stripe\/#primaryimage","url":"https:\/\/rendez-vous-store.com\/app\/uploads\/2024\/04\/short2.webp","contentUrl":"https:\/\/rendez-vous-store.com\/app\/uploads\/2024\/04\/short2.webp","width":1696,"height":2560,"caption":"CARON CALLAHAN - Olivia Short - Pink Linen Stripe"},{"@type":"BreadcrumbList","@id":"https:\/\/rendez-vous-store.com\/shop\/last-pieces-women-rendez-vous-store\/last-pieces-women-trousers-skirt-rendez-vous-store\/caron-callahan-olivia-short-pink-linen-stripe\/#breadcrumb","itemListElement":[{"@type":"ListItem","position":1,"name":"Home","item":"https:\/\/rendez-vous-store.com\/"},{"@type":"ListItem","position":2,"name":"Shop","item":"https:\/\/www.rendez-vous-store.com\/shop\/"},{"@type":"ListItem","position":3,"name":"CARON CALLAHAN &#8211; Olivia Short &#8211; Pink Linen Stripe"}]},{"@type":"WebSite","@id":"https:\/\/rendez-vous-store.com\/#website","url":"https:\/\/rendez-vous-store.com\/","name":"RENDEZ-VOUS STORE","description":"Slow Fashion for Women and Men","potentialAction":[{"@type":"SearchAction","target":{"@type":"EntryPoint","urlTemplate":"https:\/\/rendez-vous-store.com\/?s={search_term_string}"},"query-input":{"@type":"PropertyValueSpecification","valueRequired":true,"valueName":"search_term_string"}}],"inLanguage":"fr-FR"}]}},"_links":{"self":[{"href":"https:\/\/rendez-vous-store.com\/fr\/wp-json\/wp\/v2\/product\/161125","targetHints":{"allow":["GET"]}}],"collection":[{"href":"https:\/\/rendez-vous-store.com\/fr\/wp-json\/wp\/v2\/product"}],"about":[{"href":"https:\/\/rendez-vous-store.com\/fr\/wp-json\/wp\/v2\/types\/product"}],"wp:featuredmedia":[{"embeddable":true,"href":"https:\/\/rendez-vous-store.com\/fr\/wp-json\/wp\/v2\/media\/162106"}],"wp:attachment":[{"href":"https:\/\/rendez-vous-store.com\/fr\/wp-json\/wp\/v2\/media?parent=161125"}],"wp:term":[{"taxonomy":"product_brand","embeddable":true,"href":"https:\/\/rendez-vous-store.com\/fr\/wp-json\/wp\/v2\/product_brand?post=161125"},{"taxonomy":"product_cat","embeddable":true,"href":"https:\/\/rendez-vous-store.com\/fr\/wp-json\/wp\/v2\/product_cat?post=161125"},{"taxonomy":"product_tag","embeddable":true,"href":"https:\/\/rendez-vous-store.com\/fr\/wp-json\/wp\/v2\/product_tag?post=161125"}],"curies":[{"name":"wp","href":"https:\/\/api.w.org\/{rel}","templated":true}]}}