{"id":161121,"date":"2024-04-09T15:12:04","date_gmt":"2024-04-09T13:12:04","guid":{"rendered":"https:\/\/rendez-vous-store.com\/?post_type=product&#038;p=161121"},"modified":"2026-03-16T17:25:40","modified_gmt":"2026-03-16T16:25:40","slug":"caron-callahan-augie-jacket-saphire-satin-twill","status":"publish","type":"product","link":"https:\/\/rendez-vous-store.com\/fr\/shop\/women\/women-coats-jackets-rendez-vous-store\/caron-callahan-augie-jacket-saphire-satin-twill\/","title":{"rendered":"CARON CALLAHAN - Veste Augie - Serg\u00e9 satin saphir"},"content":{"rendered":"<p>CARON CALLAHAN Veste Augie Satin saphir<\/p>\n<p>Composition : Satin de saphir<\/p>\n<p>Veste \u00e0 boutons<\/p>\n<p>Surdimensionn\u00e9<\/p>\n<p>Epaule tombante<\/p>\n<p>Poignets boutonn\u00e9s<\/p>\n<p>Cordon de serrage ajustable au dos<\/p>\n<p>Deux poches \u00e0 rabat sur le devant<\/p>\n<p>Poches sur les coutures lat\u00e9rales<\/p>\n<p>Composition : 100% Coton<\/p>\n<p>Fabriqu\u00e9 \u00e0 New York<\/p>\n<p>Lavage en machine \u00e0 froid, s\u00e9chage par culbutage \u00e0 basse temp\u00e9rature<\/p>\n<p>Mesures :<\/p>\n<p>S : \u00c9paules : 50cm - Poitrine : 54cm - Manches : 50cm - Longueur : 62cm - Emmanchure : 30cm<\/p>","protected":false},"excerpt":{"rendered":"<p>CARON CALLAHAN Augie Jacket Saphire Satin Composition: Saphire Satin Button-front jacket Oversized Dropped shoulder Buttoned cuffs Adjustable drawstring detail at the back Two front flap pockets Side seam pockets Composition: 100% Cotton Made in NYC Machine wash cold, tumble dry low Measurements: S : Shoulders: 50cm &#8211; Chest: 54cm &#8211; Sleeves: 50cm &#8211; Length: 62cm&hellip; <a class=\"more-link\" href=\"https:\/\/rendez-vous-store.com\/fr\/shop\/women\/women-coats-jackets-rendez-vous-store\/caron-callahan-augie-jacket-saphire-satin-twill\/\">Continuer la lecture <span class=\"screen-reader-text\">CARON CALLAHAN - Veste Augie - Serg\u00e9 satin saphir<\/span><\/a><\/p>","protected":false},"featured_media":162108,"template":"","meta":{"_acf_changed":false},"product_brand":[],"product_cat":[1232,17,394],"product_tag":[421],"class_list":{"0":"post-161121","1":"product","2":"type-product","3":"status-publish","4":"has-post-thumbnail","6":"product_cat-sale-40","7":"product_cat-women","8":"product_cat-women-coats-jackets-rendez-vous-store","9":"product_tag-caron-callahan","10":"entry","12":"first","13":"outofstock","14":"taxable","15":"shipping-taxable","16":"product-type-variable"},"acf":[],"yoast_head":"<!-- This site is optimized with the Yoast SEO plugin v24.9 - https:\/\/yoast.com\/wordpress\/plugins\/seo\/ -->\n<title>CARON CALLAHAN - Augie Jacket - Saphire Satin Twill - RENDEZ-VOUS STORE<\/title>\n<meta name=\"robots\" content=\"index, follow, max-snippet:-1, max-image-preview:large, max-video-preview:-1\" \/>\n<link rel=\"canonical\" href=\"https:\/\/rendez-vous-store.com\/fr\/shop\/women\/women-coats-jackets-rendez-vous-store\/caron-callahan-augie-jacket-saphire-satin-twill\/\" \/>\n<meta property=\"og:locale\" content=\"fr_FR\" \/>\n<meta property=\"og:type\" content=\"article\" \/>\n<meta property=\"og:title\" content=\"CARON CALLAHAN - Augie Jacket - Saphire Satin Twill - RENDEZ-VOUS STORE\" \/>\n<meta property=\"og:description\" content=\"CARON CALLAHAN Augie Jacket Saphire Satin Composition: Saphire Satin Button-front jacket Oversized Dropped shoulder Buttoned cuffs Adjustable drawstring detail at the back Two front flap pockets Side seam pockets Composition: 100% Cotton Made in NYC Machine wash cold, tumble dry low Measurements: S : Shoulders: 50cm &#8211; Chest: 54cm &#8211; Sleeves: 50cm &#8211; Length: 62cm&hellip; Continue reading CARON CALLAHAN &#8211; Augie Jacket &#8211; Saphire Satin Twill\" \/>\n<meta property=\"og:url\" content=\"https:\/\/rendez-vous-store.com\/fr\/shop\/women\/women-coats-jackets-rendez-vous-store\/caron-callahan-augie-jacket-saphire-satin-twill\/\" \/>\n<meta property=\"og:site_name\" content=\"RENDEZ-VOUS STORE\" \/>\n<meta property=\"article:modified_time\" content=\"2026-03-16T16:25:40+00:00\" \/>\n<meta property=\"og:image\" content=\"https:\/\/rendez-vous-store.com\/wp-content\/uploads\/2024\/04\/veste3.webp\" \/>\n\t<meta property=\"og:image:width\" content=\"1696\" \/>\n\t<meta property=\"og:image:height\" content=\"2560\" \/>\n\t<meta property=\"og:image:type\" content=\"image\/webp\" \/>\n<meta name=\"twitter:card\" content=\"summary_large_image\" \/>\n<meta name=\"twitter:label1\" content=\"Est. reading time\" \/>\n\t<meta name=\"twitter:data1\" content=\"1 minute\" \/>\n<script type=\"application\/ld+json\" class=\"yoast-schema-graph\">{\"@context\":\"https:\/\/schema.org\",\"@graph\":[{\"@type\":\"WebPage\",\"@id\":\"https:\/\/rendez-vous-store.com\/shop\/women\/women-coats-jackets-rendez-vous-store\/caron-callahan-augie-jacket-saphire-satin-twill\/\",\"url\":\"https:\/\/rendez-vous-store.com\/shop\/women\/women-coats-jackets-rendez-vous-store\/caron-callahan-augie-jacket-saphire-satin-twill\/\",\"name\":\"CARON CALLAHAN - Augie Jacket - Saphire Satin Twill - RENDEZ-VOUS STORE\",\"isPartOf\":{\"@id\":\"https:\/\/rendez-vous-store.com\/#website\"},\"primaryImageOfPage\":{\"@id\":\"https:\/\/rendez-vous-store.com\/shop\/women\/women-coats-jackets-rendez-vous-store\/caron-callahan-augie-jacket-saphire-satin-twill\/#primaryimage\"},\"image\":{\"@id\":\"https:\/\/rendez-vous-store.com\/shop\/women\/women-coats-jackets-rendez-vous-store\/caron-callahan-augie-jacket-saphire-satin-twill\/#primaryimage\"},\"thumbnailUrl\":\"https:\/\/rendez-vous-store.com\/app\/uploads\/2024\/04\/veste3.webp\",\"datePublished\":\"2024-04-09T13:12:04+00:00\",\"dateModified\":\"2026-03-16T16:25:40+00:00\",\"breadcrumb\":{\"@id\":\"https:\/\/rendez-vous-store.com\/shop\/women\/women-coats-jackets-rendez-vous-store\/caron-callahan-augie-jacket-saphire-satin-twill\/#breadcrumb\"},\"inLanguage\":\"fr-FR\",\"potentialAction\":[{\"@type\":\"ReadAction\",\"target\":[\"https:\/\/rendez-vous-store.com\/shop\/women\/women-coats-jackets-rendez-vous-store\/caron-callahan-augie-jacket-saphire-satin-twill\/\"]}]},{\"@type\":\"ImageObject\",\"inLanguage\":\"fr-FR\",\"@id\":\"https:\/\/rendez-vous-store.com\/shop\/women\/women-coats-jackets-rendez-vous-store\/caron-callahan-augie-jacket-saphire-satin-twill\/#primaryimage\",\"url\":\"https:\/\/rendez-vous-store.com\/app\/uploads\/2024\/04\/veste3.webp\",\"contentUrl\":\"https:\/\/rendez-vous-store.com\/app\/uploads\/2024\/04\/veste3.webp\",\"width\":1696,\"height\":2560,\"caption\":\"CARON CALLAHAN - Augie Jacket - Saphire Satin Twill\"},{\"@type\":\"BreadcrumbList\",\"@id\":\"https:\/\/rendez-vous-store.com\/shop\/women\/women-coats-jackets-rendez-vous-store\/caron-callahan-augie-jacket-saphire-satin-twill\/#breadcrumb\",\"itemListElement\":[{\"@type\":\"ListItem\",\"position\":1,\"name\":\"Home\",\"item\":\"https:\/\/rendez-vous-store.com\/\"},{\"@type\":\"ListItem\",\"position\":2,\"name\":\"Shop\",\"item\":\"https:\/\/www.rendez-vous-store.com\/shop\/\"},{\"@type\":\"ListItem\",\"position\":3,\"name\":\"CARON CALLAHAN &#8211; Augie Jacket &#8211; Saphire Satin Twill\"}]},{\"@type\":\"WebSite\",\"@id\":\"https:\/\/rendez-vous-store.com\/#website\",\"url\":\"https:\/\/rendez-vous-store.com\/\",\"name\":\"RENDEZ-VOUS STORE\",\"description\":\"Slow Fashion for Women and Men\",\"potentialAction\":[{\"@type\":\"SearchAction\",\"target\":{\"@type\":\"EntryPoint\",\"urlTemplate\":\"https:\/\/rendez-vous-store.com\/?s={search_term_string}\"},\"query-input\":{\"@type\":\"PropertyValueSpecification\",\"valueRequired\":true,\"valueName\":\"search_term_string\"}}],\"inLanguage\":\"fr-FR\"}]}<\/script>\n<!-- \/ Yoast SEO plugin. -->","yoast_head_json":{"title":"CARON CALLAHAN - Augie Jacket - Saphire Satin Twill - RENDEZ-VOUS STORE","robots":{"index":"index","follow":"follow","max-snippet":"max-snippet:-1","max-image-preview":"max-image-preview:large","max-video-preview":"max-video-preview:-1"},"canonical":"https:\/\/rendez-vous-store.com\/fr\/shop\/women\/women-coats-jackets-rendez-vous-store\/caron-callahan-augie-jacket-saphire-satin-twill\/","og_locale":"fr_FR","og_type":"article","og_title":"CARON CALLAHAN - Augie Jacket - Saphire Satin Twill - RENDEZ-VOUS STORE","og_description":"CARON CALLAHAN Augie Jacket Saphire Satin Composition: Saphire Satin Button-front jacket Oversized Dropped shoulder Buttoned cuffs Adjustable drawstring detail at the back Two front flap pockets Side seam pockets Composition: 100% Cotton Made in NYC Machine wash cold, tumble dry low Measurements: S : Shoulders: 50cm &#8211; Chest: 54cm &#8211; Sleeves: 50cm &#8211; Length: 62cm&hellip; Continue reading CARON CALLAHAN &#8211; Augie Jacket &#8211; Saphire Satin Twill","og_url":"https:\/\/rendez-vous-store.com\/fr\/shop\/women\/women-coats-jackets-rendez-vous-store\/caron-callahan-augie-jacket-saphire-satin-twill\/","og_site_name":"RENDEZ-VOUS STORE","article_modified_time":"2026-03-16T16:25:40+00:00","og_image":[{"width":1696,"height":2560,"url":"https:\/\/rendez-vous-store.com\/wp-content\/uploads\/2024\/04\/veste3.webp","type":"image\/webp"}],"twitter_card":"summary_large_image","twitter_misc":{"Est. reading time":"1 minute"},"schema":{"@context":"https:\/\/schema.org","@graph":[{"@type":"WebPage","@id":"https:\/\/rendez-vous-store.com\/shop\/women\/women-coats-jackets-rendez-vous-store\/caron-callahan-augie-jacket-saphire-satin-twill\/","url":"https:\/\/rendez-vous-store.com\/shop\/women\/women-coats-jackets-rendez-vous-store\/caron-callahan-augie-jacket-saphire-satin-twill\/","name":"CARON CALLAHAN - Augie Jacket - Saphire Satin Twill - RENDEZ-VOUS STORE","isPartOf":{"@id":"https:\/\/rendez-vous-store.com\/#website"},"primaryImageOfPage":{"@id":"https:\/\/rendez-vous-store.com\/shop\/women\/women-coats-jackets-rendez-vous-store\/caron-callahan-augie-jacket-saphire-satin-twill\/#primaryimage"},"image":{"@id":"https:\/\/rendez-vous-store.com\/shop\/women\/women-coats-jackets-rendez-vous-store\/caron-callahan-augie-jacket-saphire-satin-twill\/#primaryimage"},"thumbnailUrl":"https:\/\/rendez-vous-store.com\/app\/uploads\/2024\/04\/veste3.webp","datePublished":"2024-04-09T13:12:04+00:00","dateModified":"2026-03-16T16:25:40+00:00","breadcrumb":{"@id":"https:\/\/rendez-vous-store.com\/shop\/women\/women-coats-jackets-rendez-vous-store\/caron-callahan-augie-jacket-saphire-satin-twill\/#breadcrumb"},"inLanguage":"fr-FR","potentialAction":[{"@type":"ReadAction","target":["https:\/\/rendez-vous-store.com\/shop\/women\/women-coats-jackets-rendez-vous-store\/caron-callahan-augie-jacket-saphire-satin-twill\/"]}]},{"@type":"ImageObject","inLanguage":"fr-FR","@id":"https:\/\/rendez-vous-store.com\/shop\/women\/women-coats-jackets-rendez-vous-store\/caron-callahan-augie-jacket-saphire-satin-twill\/#primaryimage","url":"https:\/\/rendez-vous-store.com\/app\/uploads\/2024\/04\/veste3.webp","contentUrl":"https:\/\/rendez-vous-store.com\/app\/uploads\/2024\/04\/veste3.webp","width":1696,"height":2560,"caption":"CARON CALLAHAN - Augie Jacket - Saphire Satin Twill"},{"@type":"BreadcrumbList","@id":"https:\/\/rendez-vous-store.com\/shop\/women\/women-coats-jackets-rendez-vous-store\/caron-callahan-augie-jacket-saphire-satin-twill\/#breadcrumb","itemListElement":[{"@type":"ListItem","position":1,"name":"Home","item":"https:\/\/rendez-vous-store.com\/"},{"@type":"ListItem","position":2,"name":"Shop","item":"https:\/\/www.rendez-vous-store.com\/shop\/"},{"@type":"ListItem","position":3,"name":"CARON CALLAHAN &#8211; Augie Jacket &#8211; Saphire Satin Twill"}]},{"@type":"WebSite","@id":"https:\/\/rendez-vous-store.com\/#website","url":"https:\/\/rendez-vous-store.com\/","name":"RENDEZ-VOUS STORE","description":"Slow Fashion for Women and Men","potentialAction":[{"@type":"SearchAction","target":{"@type":"EntryPoint","urlTemplate":"https:\/\/rendez-vous-store.com\/?s={search_term_string}"},"query-input":{"@type":"PropertyValueSpecification","valueRequired":true,"valueName":"search_term_string"}}],"inLanguage":"fr-FR"}]}},"_links":{"self":[{"href":"https:\/\/rendez-vous-store.com\/fr\/wp-json\/wp\/v2\/product\/161121","targetHints":{"allow":["GET"]}}],"collection":[{"href":"https:\/\/rendez-vous-store.com\/fr\/wp-json\/wp\/v2\/product"}],"about":[{"href":"https:\/\/rendez-vous-store.com\/fr\/wp-json\/wp\/v2\/types\/product"}],"wp:featuredmedia":[{"embeddable":true,"href":"https:\/\/rendez-vous-store.com\/fr\/wp-json\/wp\/v2\/media\/162108"}],"wp:attachment":[{"href":"https:\/\/rendez-vous-store.com\/fr\/wp-json\/wp\/v2\/media?parent=161121"}],"wp:term":[{"taxonomy":"product_brand","embeddable":true,"href":"https:\/\/rendez-vous-store.com\/fr\/wp-json\/wp\/v2\/product_brand?post=161121"},{"taxonomy":"product_cat","embeddable":true,"href":"https:\/\/rendez-vous-store.com\/fr\/wp-json\/wp\/v2\/product_cat?post=161121"},{"taxonomy":"product_tag","embeddable":true,"href":"https:\/\/rendez-vous-store.com\/fr\/wp-json\/wp\/v2\/product_tag?post=161121"}],"curies":[{"name":"wp","href":"https:\/\/api.w.org\/{rel}","templated":true}]}}