{"id":160653,"date":"2024-04-05T14:14:32","date_gmt":"2024-04-05T12:14:32","guid":{"rendered":"https:\/\/rendez-vous-store.com\/?post_type=product&#038;p=160653"},"modified":"2025-03-13T16:52:25","modified_gmt":"2025-03-13T15:52:25","slug":"homere-assiette-creuse-lemoni-yellow-brown","status":"publish","type":"product","link":"https:\/\/rendez-vous-store.com\/fr\/shop\/home-rendez-vous-store\/home-tableware\/homere-assiette-creuse-lemoni-yellow-brown\/","title":{"rendered":"HOMERE - Assiette Creuse Lemoni - Jaune\/Marron"},"content":{"rendered":"<p><strong>Sur commande<\/strong><\/p>\n<p><strong>D\u00e9lai de fabrication : 6\/8 semaines<\/strong><\/p>\n<p>&nbsp;<\/p>\n<p>&nbsp;<\/p>\n<p>&nbsp;<\/p>\n<h4>HOMERE Assiette Creuse Lemoni Jaune\/Marron<\/h4>\n<p>Couleur : jaune\/brun<\/p>\n<p>Composition : Fa\u00efence<\/p>\n<p>Dimensions : Diam\u00e8tre : 22 cm - Hauteur : 4 cm<\/p>\n<p>Chaque pi\u00e8ce a \u00e9t\u00e9 enti\u00e8rement fabriqu\u00e9e \u00e0 la main.<\/p>\n<p>Les variations de couleurs, de formes et de finitions contribuent au caract\u00e8re unique de chaque pi\u00e8ce.<\/p>\n<p>&nbsp;<\/p>\n<p>&nbsp;<\/p>\n<p>&nbsp;<\/p>\n<p>&nbsp;<\/p>\n<h4><strong>Conseils d'utilisation<\/strong><\/h4>\n<p>Pour les articles destin\u00e9s \u00e0 un usage alimentaire, nous vous recommandons, avant leur premi\u00e8re utilisation, de les laver \u00e0 l'eau ti\u00e8de savonneuse et de les s\u00e9cher \u00e0 l'aide d'un chiffon.<\/p>\n<p>Tous les articles HOMERE passent au lave-vaisselle, cependant, afin de pr\u00e9server leurs couleurs d'origine, nous vous conseillons de les laver \u00e0 la main et de ne pas les laisser tremper dans l'eau.<\/p>\n<p>&nbsp;<\/p>\n<p>&nbsp;<\/p>\n<p>&nbsp;<\/p>\n<p>&nbsp;<\/p>\n<h4>La marque<\/h4>\n<p>Homere est une marque fran\u00e7aise de c\u00e9ramique sp\u00e9cialis\u00e9e dans la fa\u00efence, dont les mati\u00e8res premi\u00e8res proviennent exclusivement de France ou d'Allemagne. Soucieuse de l'environnement, la marque r\u00e9utilise tous les d\u00e9chets de mat\u00e9riaux et r\u00e9cup\u00e8re l'eau, contribuant ainsi \u00e0 la pr\u00e9servation de l'environnement. Chaque pi\u00e8ce est unique et fabriqu\u00e9e \u00e0 la main, la peinture \u00e9tant enti\u00e8rement r\u00e9alis\u00e9e \u00e0 main lev\u00e9e. Inspir\u00e9e par ses souvenirs d'enfance en Gr\u00e8ce, o\u00f9 les assiettes d\u00e9pareill\u00e9es \u00e9taient monnaie courante, la cr\u00e9atrice Anastasia Canellias cherche \u00e0 rendre la vaisselle de tous les jours \u00e0 la fois attrayante et s\u00e9duisante. Son objectif est de cr\u00e9er une vaisselle qui apporte confort et joie dans la vie quotidienne, transformant les moments ordinaires en moments de bonheur.<\/p>","protected":false},"excerpt":{"rendered":"<p>Made to order Manufacturing time: 6\/8 weeks &nbsp; &nbsp; &nbsp; HOMERE Assiette Creuse Lemoni Yellow\/Brown Color: Yellow\/Brown Composition: Earthenware Dimensions: Diameter: 22 cm &#8211; Height: 4 cm Each piece was entirely handmade. Variations in colors, shapes and finishes contribute to the uniqueness of each piece. &nbsp; &nbsp; &nbsp; &nbsp; Usage tips For items intended for&hellip; <a class=\"more-link\" href=\"https:\/\/rendez-vous-store.com\/fr\/shop\/home-rendez-vous-store\/home-tableware\/homere-assiette-creuse-lemoni-yellow-brown\/\">Continuer la lecture <span class=\"screen-reader-text\">HOMERE - Assiette Creuse Lemoni - Jaune\/Marron<\/span><\/a><\/p>","protected":false},"featured_media":160702,"template":"","meta":{"_acf_changed":false},"product_brand":[],"product_cat":[1255,189],"product_tag":[1253],"class_list":{"0":"post-160653","1":"product","2":"type-product","3":"status-publish","4":"has-post-thumbnail","6":"product_cat-home-tableware","7":"product_cat-home-rendez-vous-store","8":"product_tag-homere","9":"entry","11":"first","12":"instock","13":"taxable","14":"shipping-taxable","15":"purchasable","16":"product-type-simple"},"acf":[],"yoast_head":"<!-- This site is optimized with the Yoast SEO plugin v24.9 - https:\/\/yoast.com\/wordpress\/plugins\/seo\/ -->\n<title>HOMERE - Assiette Creuse Lemoni - Yellow\/Brown - RENDEZ-VOUS STORE<\/title>\n<meta name=\"robots\" content=\"index, follow, max-snippet:-1, max-image-preview:large, max-video-preview:-1\" \/>\n<link rel=\"canonical\" href=\"https:\/\/rendez-vous-store.com\/fr\/shop\/home-rendez-vous-store\/home-tableware\/homere-assiette-creuse-lemoni-yellow-brown\/\" \/>\n<meta property=\"og:locale\" content=\"fr_FR\" \/>\n<meta property=\"og:type\" content=\"article\" \/>\n<meta property=\"og:title\" content=\"HOMERE - Assiette Creuse Lemoni - Yellow\/Brown - RENDEZ-VOUS STORE\" \/>\n<meta property=\"og:description\" content=\"Made to order Manufacturing time: 6\/8 weeks &nbsp; &nbsp; &nbsp; HOMERE Assiette Creuse Lemoni Yellow\/Brown Color: Yellow\/Brown Composition: Earthenware Dimensions: Diameter: 22 cm &#8211; Height: 4 cm Each piece was entirely handmade. Variations in colors, shapes and finishes contribute to the uniqueness of each piece. &nbsp; &nbsp; &nbsp; &nbsp; Usage tips For items intended for&hellip; Continue reading HOMERE &#8211; Assiette Creuse Lemoni &#8211; Yellow\/Brown\" \/>\n<meta property=\"og:url\" content=\"https:\/\/rendez-vous-store.com\/fr\/shop\/home-rendez-vous-store\/home-tableware\/homere-assiette-creuse-lemoni-yellow-brown\/\" \/>\n<meta property=\"og:site_name\" content=\"RENDEZ-VOUS STORE\" \/>\n<meta property=\"article:modified_time\" content=\"2025-03-13T15:52:25+00:00\" \/>\n<meta property=\"og:image\" content=\"https:\/\/rendez-vous-store.com\/wp-content\/uploads\/2024\/04\/rdv_homere_28-scaled.webp\" \/>\n\t<meta property=\"og:image:width\" content=\"1696\" \/>\n\t<meta property=\"og:image:height\" content=\"2560\" \/>\n\t<meta property=\"og:image:type\" content=\"image\/webp\" \/>\n<meta name=\"twitter:card\" content=\"summary_large_image\" \/>\n<meta name=\"twitter:label1\" content=\"Est. reading time\" \/>\n\t<meta name=\"twitter:data1\" content=\"2 minutes\" \/>\n<script type=\"application\/ld+json\" class=\"yoast-schema-graph\">{\"@context\":\"https:\/\/schema.org\",\"@graph\":[{\"@type\":\"WebPage\",\"@id\":\"https:\/\/rendez-vous-store.com\/shop\/home-rendez-vous-store\/home-tableware\/homere-assiette-creuse-lemoni-yellow-brown\/\",\"url\":\"https:\/\/rendez-vous-store.com\/shop\/home-rendez-vous-store\/home-tableware\/homere-assiette-creuse-lemoni-yellow-brown\/\",\"name\":\"HOMERE - Assiette Creuse Lemoni - Yellow\/Brown - RENDEZ-VOUS STORE\",\"isPartOf\":{\"@id\":\"https:\/\/rendez-vous-store.com\/#website\"},\"primaryImageOfPage\":{\"@id\":\"https:\/\/rendez-vous-store.com\/shop\/home-rendez-vous-store\/home-tableware\/homere-assiette-creuse-lemoni-yellow-brown\/#primaryimage\"},\"image\":{\"@id\":\"https:\/\/rendez-vous-store.com\/shop\/home-rendez-vous-store\/home-tableware\/homere-assiette-creuse-lemoni-yellow-brown\/#primaryimage\"},\"thumbnailUrl\":\"https:\/\/rendez-vous-store.com\/app\/uploads\/2024\/04\/rdv_homere_28-scaled.webp\",\"datePublished\":\"2024-04-05T12:14:32+00:00\",\"dateModified\":\"2025-03-13T15:52:25+00:00\",\"breadcrumb\":{\"@id\":\"https:\/\/rendez-vous-store.com\/shop\/home-rendez-vous-store\/home-tableware\/homere-assiette-creuse-lemoni-yellow-brown\/#breadcrumb\"},\"inLanguage\":\"fr-FR\",\"potentialAction\":[{\"@type\":\"ReadAction\",\"target\":[\"https:\/\/rendez-vous-store.com\/shop\/home-rendez-vous-store\/home-tableware\/homere-assiette-creuse-lemoni-yellow-brown\/\"]}]},{\"@type\":\"ImageObject\",\"inLanguage\":\"fr-FR\",\"@id\":\"https:\/\/rendez-vous-store.com\/shop\/home-rendez-vous-store\/home-tableware\/homere-assiette-creuse-lemoni-yellow-brown\/#primaryimage\",\"url\":\"https:\/\/rendez-vous-store.com\/app\/uploads\/2024\/04\/rdv_homere_28-scaled.webp\",\"contentUrl\":\"https:\/\/rendez-vous-store.com\/app\/uploads\/2024\/04\/rdv_homere_28-scaled.webp\",\"width\":1696,\"height\":2560,\"caption\":\"HOMERE - Assiette Creuse Lemoni - Yellow\/Brown\"},{\"@type\":\"BreadcrumbList\",\"@id\":\"https:\/\/rendez-vous-store.com\/shop\/home-rendez-vous-store\/home-tableware\/homere-assiette-creuse-lemoni-yellow-brown\/#breadcrumb\",\"itemListElement\":[{\"@type\":\"ListItem\",\"position\":1,\"name\":\"Home\",\"item\":\"https:\/\/rendez-vous-store.com\/\"},{\"@type\":\"ListItem\",\"position\":2,\"name\":\"Shop\",\"item\":\"https:\/\/www.rendez-vous-store.com\/shop\/\"},{\"@type\":\"ListItem\",\"position\":3,\"name\":\"HOMERE &#8211; Assiette Creuse Lemoni &#8211; Yellow\/Brown\"}]},{\"@type\":\"WebSite\",\"@id\":\"https:\/\/rendez-vous-store.com\/#website\",\"url\":\"https:\/\/rendez-vous-store.com\/\",\"name\":\"RENDEZ-VOUS STORE\",\"description\":\"Slow Fashion for Women and Men\",\"potentialAction\":[{\"@type\":\"SearchAction\",\"target\":{\"@type\":\"EntryPoint\",\"urlTemplate\":\"https:\/\/rendez-vous-store.com\/?s={search_term_string}\"},\"query-input\":{\"@type\":\"PropertyValueSpecification\",\"valueRequired\":true,\"valueName\":\"search_term_string\"}}],\"inLanguage\":\"fr-FR\"}]}<\/script>\n<!-- \/ Yoast SEO plugin. -->","yoast_head_json":{"title":"HOMERE - Assiette Creuse Lemoni - Yellow\/Brown - RENDEZ-VOUS STORE","robots":{"index":"index","follow":"follow","max-snippet":"max-snippet:-1","max-image-preview":"max-image-preview:large","max-video-preview":"max-video-preview:-1"},"canonical":"https:\/\/rendez-vous-store.com\/fr\/shop\/home-rendez-vous-store\/home-tableware\/homere-assiette-creuse-lemoni-yellow-brown\/","og_locale":"fr_FR","og_type":"article","og_title":"HOMERE - Assiette Creuse Lemoni - Yellow\/Brown - RENDEZ-VOUS STORE","og_description":"Made to order Manufacturing time: 6\/8 weeks &nbsp; &nbsp; &nbsp; HOMERE Assiette Creuse Lemoni Yellow\/Brown Color: Yellow\/Brown Composition: Earthenware Dimensions: Diameter: 22 cm &#8211; Height: 4 cm Each piece was entirely handmade. Variations in colors, shapes and finishes contribute to the uniqueness of each piece. &nbsp; &nbsp; &nbsp; &nbsp; Usage tips For items intended for&hellip; Continue reading HOMERE &#8211; Assiette Creuse Lemoni &#8211; Yellow\/Brown","og_url":"https:\/\/rendez-vous-store.com\/fr\/shop\/home-rendez-vous-store\/home-tableware\/homere-assiette-creuse-lemoni-yellow-brown\/","og_site_name":"RENDEZ-VOUS STORE","article_modified_time":"2025-03-13T15:52:25+00:00","og_image":[{"width":1696,"height":2560,"url":"https:\/\/rendez-vous-store.com\/wp-content\/uploads\/2024\/04\/rdv_homere_28-scaled.webp","type":"image\/webp"}],"twitter_card":"summary_large_image","twitter_misc":{"Est. reading time":"2 minutes"},"schema":{"@context":"https:\/\/schema.org","@graph":[{"@type":"WebPage","@id":"https:\/\/rendez-vous-store.com\/shop\/home-rendez-vous-store\/home-tableware\/homere-assiette-creuse-lemoni-yellow-brown\/","url":"https:\/\/rendez-vous-store.com\/shop\/home-rendez-vous-store\/home-tableware\/homere-assiette-creuse-lemoni-yellow-brown\/","name":"HOMERE - Assiette Creuse Lemoni - Yellow\/Brown - RENDEZ-VOUS STORE","isPartOf":{"@id":"https:\/\/rendez-vous-store.com\/#website"},"primaryImageOfPage":{"@id":"https:\/\/rendez-vous-store.com\/shop\/home-rendez-vous-store\/home-tableware\/homere-assiette-creuse-lemoni-yellow-brown\/#primaryimage"},"image":{"@id":"https:\/\/rendez-vous-store.com\/shop\/home-rendez-vous-store\/home-tableware\/homere-assiette-creuse-lemoni-yellow-brown\/#primaryimage"},"thumbnailUrl":"https:\/\/rendez-vous-store.com\/app\/uploads\/2024\/04\/rdv_homere_28-scaled.webp","datePublished":"2024-04-05T12:14:32+00:00","dateModified":"2025-03-13T15:52:25+00:00","breadcrumb":{"@id":"https:\/\/rendez-vous-store.com\/shop\/home-rendez-vous-store\/home-tableware\/homere-assiette-creuse-lemoni-yellow-brown\/#breadcrumb"},"inLanguage":"fr-FR","potentialAction":[{"@type":"ReadAction","target":["https:\/\/rendez-vous-store.com\/shop\/home-rendez-vous-store\/home-tableware\/homere-assiette-creuse-lemoni-yellow-brown\/"]}]},{"@type":"ImageObject","inLanguage":"fr-FR","@id":"https:\/\/rendez-vous-store.com\/shop\/home-rendez-vous-store\/home-tableware\/homere-assiette-creuse-lemoni-yellow-brown\/#primaryimage","url":"https:\/\/rendez-vous-store.com\/app\/uploads\/2024\/04\/rdv_homere_28-scaled.webp","contentUrl":"https:\/\/rendez-vous-store.com\/app\/uploads\/2024\/04\/rdv_homere_28-scaled.webp","width":1696,"height":2560,"caption":"HOMERE - Assiette Creuse Lemoni - Yellow\/Brown"},{"@type":"BreadcrumbList","@id":"https:\/\/rendez-vous-store.com\/shop\/home-rendez-vous-store\/home-tableware\/homere-assiette-creuse-lemoni-yellow-brown\/#breadcrumb","itemListElement":[{"@type":"ListItem","position":1,"name":"Home","item":"https:\/\/rendez-vous-store.com\/"},{"@type":"ListItem","position":2,"name":"Shop","item":"https:\/\/www.rendez-vous-store.com\/shop\/"},{"@type":"ListItem","position":3,"name":"HOMERE &#8211; Assiette Creuse Lemoni &#8211; Yellow\/Brown"}]},{"@type":"WebSite","@id":"https:\/\/rendez-vous-store.com\/#website","url":"https:\/\/rendez-vous-store.com\/","name":"RENDEZ-VOUS STORE","description":"Slow Fashion for Women and Men","potentialAction":[{"@type":"SearchAction","target":{"@type":"EntryPoint","urlTemplate":"https:\/\/rendez-vous-store.com\/?s={search_term_string}"},"query-input":{"@type":"PropertyValueSpecification","valueRequired":true,"valueName":"search_term_string"}}],"inLanguage":"fr-FR"}]}},"_links":{"self":[{"href":"https:\/\/rendez-vous-store.com\/fr\/wp-json\/wp\/v2\/product\/160653","targetHints":{"allow":["GET"]}}],"collection":[{"href":"https:\/\/rendez-vous-store.com\/fr\/wp-json\/wp\/v2\/product"}],"about":[{"href":"https:\/\/rendez-vous-store.com\/fr\/wp-json\/wp\/v2\/types\/product"}],"wp:featuredmedia":[{"embeddable":true,"href":"https:\/\/rendez-vous-store.com\/fr\/wp-json\/wp\/v2\/media\/160702"}],"wp:attachment":[{"href":"https:\/\/rendez-vous-store.com\/fr\/wp-json\/wp\/v2\/media?parent=160653"}],"wp:term":[{"taxonomy":"product_brand","embeddable":true,"href":"https:\/\/rendez-vous-store.com\/fr\/wp-json\/wp\/v2\/product_brand?post=160653"},{"taxonomy":"product_cat","embeddable":true,"href":"https:\/\/rendez-vous-store.com\/fr\/wp-json\/wp\/v2\/product_cat?post=160653"},{"taxonomy":"product_tag","embeddable":true,"href":"https:\/\/rendez-vous-store.com\/fr\/wp-json\/wp\/v2\/product_tag?post=160653"}],"curies":[{"name":"wp","href":"https:\/\/api.w.org\/{rel}","templated":true}]}}