{"id":159873,"date":"2024-03-26T15:51:23","date_gmt":"2024-03-26T14:51:23","guid":{"rendered":"https:\/\/rendez-vous-store.com\/?post_type=product&#038;p=159873"},"modified":"2026-04-24T14:19:04","modified_gmt":"2026-04-24T12:19:04","slug":"wright-doyle-man-single-pleat-trousers-indigo-rendez-vous-store","status":"publish","type":"product","link":"https:\/\/rendez-vous-store.com\/fr\/shop\/men-selection-discover-our-selection-rendez-vous-store\/trousers-shorts-rendez-vous-store\/wright-doyle-man-single-pleat-trousers-indigo-rendez-vous-store\/","title":{"rendered":"WRIGHT &amp; DOYLE &#8211; Man Single Pleat Trousers WD-066-IN &#8211; Indigo"},"content":{"rendered":"<p>WRIGHT &amp; DOYLE Man Single Pleat Trousers Indigo<\/p>\n<p>Couleur : Indigo<\/p>\n<p>Pantalon unisexe<\/p>\n<p>Plis profonds sur le devant<\/p>\n<p>Poches lat\u00e9rales<\/p>\n<p>Poches arri\u00e8re plaqu\u00e9es<\/p>\n<p>Composition : 100% Papier coton compact biologique<\/p>\n<p>Fabriqu\u00e9 en Angleterre<\/p>\n<p>Con\u00e7u pour \u00eatre port\u00e9 avec une chemise \u00e0 col de camp, une veste de bou\u00e9e ou un haut \u00e0 col droit.<\/p>\n<p>Style code: WD-066-IN<\/p>\n<p>&nbsp;<\/p>\n<p>&nbsp;<\/p>\n<h4>La marque<\/h4>\n<p>This WRIGHT &amp; DOYLE Man Single Pleat Trousers Indigo is part of the Spring\/summer collection.<\/p>\n<p>Wright + Doyle est une marque interdisciplinaire qui s'appuie sur les principes d'une relation visuelle forte entre les v\u00eatements de travail, les objets, les paysages et les jardins. Tir\u00e9e d'une carri\u00e8re de 18 ans dans la mode de luxe en tant que styliste et mod\u00e9liste, la coupe et la fabrication sont \u00e0 la base du processus de conception de Wright + Doyle.<\/p>\n<p>Apr\u00e8s avoir quitt\u00e9 Londres pour s'installer au fin fond du Dorset, ils ont transform\u00e9 une \u00e9table en maison pour eux et leurs gar\u00e7ons. Une petite exploitation qui, avec le temps, devient notre studio et l'espace pour propager et introduire les plantes de Matt, ainsi qu'un petit troupeau de moutons, des poulets et des terres qui, au fil des ans, nous fournissent une grande partie de ce dont nous avons besoin pour nous nourrir et vivre une vie \u00e9quilibr\u00e9e.<\/p>\n<p>Ils travaillent avec des artistes et des fabricants qui s'alignent sur notre pratique et l'enrichissent, et sont fiers d'entretenir des relations de longue date avec des usines italiennes, portugaises et galloises s\u00e9lectionn\u00e9es, qui cr\u00e9ent des tissus hautement r\u00e9fl\u00e9chis pour chaque collection.<\/p>","protected":false},"excerpt":{"rendered":"<p>WRIGHT &amp; DOYLE Man Single Pleat Trousers Indigo Color: Indigo Unisex trousers Deep front pleats Side pockets Back patch pockets Composition: 100% Organic Compact Paper Cotton Made in\u00a0England Designed to be worn with Camp Collar Shirt, Buoy Jacket and Straight Neck Top Style code: WD-066-IN &nbsp; &nbsp; The Brand This WRIGHT &amp; DOYLE Man Single&hellip; <a class=\"more-link\" href=\"https:\/\/rendez-vous-store.com\/fr\/shop\/men-selection-discover-our-selection-rendez-vous-store\/trousers-shorts-rendez-vous-store\/wright-doyle-man-single-pleat-trousers-indigo-rendez-vous-store\/\">Continuer la lecture <span class=\"screen-reader-text\">WRIGHT &amp; DOYLE &#8211; Man Single Pleat Trousers WD-066-IN &#8211; Indigo<\/span><\/a><\/p>","protected":false},"featured_media":160371,"template":"","meta":{"_acf_changed":false},"product_brand":[],"product_cat":[1232,20,73],"product_tag":[1163],"class_list":{"0":"post-159873","1":"product","2":"type-product","3":"status-publish","4":"has-post-thumbnail","6":"product_cat-sale-40","7":"product_cat-men-selection-discover-our-selection-rendez-vous-store","8":"product_cat-trousers-shorts-rendez-vous-store","9":"product_tag-wright-doyle-designers-rendez-vous-store","10":"entry","12":"first","13":"outofstock","14":"taxable","15":"shipping-taxable","16":"product-type-variable"},"acf":[],"yoast_head":"<!-- This site is optimized with the Yoast SEO plugin v24.9 - https:\/\/yoast.com\/wordpress\/plugins\/seo\/ -->\n<title>WRIGHT &amp; DOYLE - Man Single Pleat Trousers Indigo - Rendez-vous Store<\/title>\n<meta name=\"description\" content=\"WRIGHT &amp; DOYLE is on Rendez-vous Store. This WRIGHT &amp; DOYLE Man Single Pleat Trousers Indigo is part of the Spring\/summer collection.\" \/>\n<meta name=\"robots\" content=\"index, follow, max-snippet:-1, max-image-preview:large, max-video-preview:-1\" \/>\n<link rel=\"canonical\" href=\"https:\/\/rendez-vous-store.com\/fr\/shop\/summer-sale-2024\/summer-sale-2024-men\/summer-sale-trousers-men\/wright-doyle-man-single-pleat-trousers-indigo-rendez-vous-store\/\" \/>\n<meta property=\"og:locale\" content=\"fr_FR\" \/>\n<meta property=\"og:type\" content=\"article\" \/>\n<meta property=\"og:title\" content=\"WRIGHT &amp; DOYLE - Man Single Pleat Trousers Indigo - Rendez-vous Store\" \/>\n<meta property=\"og:description\" content=\"WRIGHT &amp; DOYLE is on Rendez-vous Store. This WRIGHT &amp; DOYLE Man Single Pleat Trousers Indigo is part of the Spring\/summer collection.\" \/>\n<meta property=\"og:url\" content=\"https:\/\/rendez-vous-store.com\/fr\/shop\/summer-sale-2024\/summer-sale-2024-men\/summer-sale-trousers-men\/wright-doyle-man-single-pleat-trousers-indigo-rendez-vous-store\/\" \/>\n<meta property=\"og:site_name\" content=\"RENDEZ-VOUS STORE\" \/>\n<meta property=\"article:modified_time\" content=\"2026-04-24T12:19:04+00:00\" \/>\n<meta property=\"og:image\" content=\"https:\/\/rendez-vous-store.com\/wp-content\/uploads\/2024\/03\/rdv_wright_39-scaled.webp\" \/>\n\t<meta property=\"og:image:width\" content=\"1696\" \/>\n\t<meta property=\"og:image:height\" content=\"2560\" \/>\n\t<meta property=\"og:image:type\" content=\"image\/webp\" \/>\n<meta name=\"twitter:card\" content=\"summary_large_image\" \/>\n<meta name=\"twitter:label1\" content=\"Est. reading time\" \/>\n\t<meta name=\"twitter:data1\" content=\"1 minute\" \/>\n<script type=\"application\/ld+json\" class=\"yoast-schema-graph\">{\"@context\":\"https:\/\/schema.org\",\"@graph\":[{\"@type\":\"WebPage\",\"@id\":\"https:\/\/rendez-vous-store.com\/shop\/summer-sale-2024\/summer-sale-2024-men\/summer-sale-trousers-men\/wright-doyle-man-single-pleat-trousers-indigo-rendez-vous-store\/\",\"url\":\"https:\/\/rendez-vous-store.com\/shop\/summer-sale-2024\/summer-sale-2024-men\/summer-sale-trousers-men\/wright-doyle-man-single-pleat-trousers-indigo-rendez-vous-store\/\",\"name\":\"WRIGHT & DOYLE - Man Single Pleat Trousers Indigo - Rendez-vous Store\",\"isPartOf\":{\"@id\":\"https:\/\/rendez-vous-store.com\/#website\"},\"primaryImageOfPage\":{\"@id\":\"https:\/\/rendez-vous-store.com\/shop\/summer-sale-2024\/summer-sale-2024-men\/summer-sale-trousers-men\/wright-doyle-man-single-pleat-trousers-indigo-rendez-vous-store\/#primaryimage\"},\"image\":{\"@id\":\"https:\/\/rendez-vous-store.com\/shop\/summer-sale-2024\/summer-sale-2024-men\/summer-sale-trousers-men\/wright-doyle-man-single-pleat-trousers-indigo-rendez-vous-store\/#primaryimage\"},\"thumbnailUrl\":\"https:\/\/rendez-vous-store.com\/app\/uploads\/2024\/03\/rdv_wright_39-scaled.webp\",\"datePublished\":\"2024-03-26T14:51:23+00:00\",\"dateModified\":\"2026-04-24T12:19:04+00:00\",\"description\":\"WRIGHT & DOYLE is on Rendez-vous Store. This WRIGHT & DOYLE Man Single Pleat Trousers Indigo is part of the Spring\/summer collection.\",\"breadcrumb\":{\"@id\":\"https:\/\/rendez-vous-store.com\/shop\/summer-sale-2024\/summer-sale-2024-men\/summer-sale-trousers-men\/wright-doyle-man-single-pleat-trousers-indigo-rendez-vous-store\/#breadcrumb\"},\"inLanguage\":\"fr-FR\",\"potentialAction\":[{\"@type\":\"ReadAction\",\"target\":[\"https:\/\/rendez-vous-store.com\/shop\/summer-sale-2024\/summer-sale-2024-men\/summer-sale-trousers-men\/wright-doyle-man-single-pleat-trousers-indigo-rendez-vous-store\/\"]}]},{\"@type\":\"ImageObject\",\"inLanguage\":\"fr-FR\",\"@id\":\"https:\/\/rendez-vous-store.com\/shop\/summer-sale-2024\/summer-sale-2024-men\/summer-sale-trousers-men\/wright-doyle-man-single-pleat-trousers-indigo-rendez-vous-store\/#primaryimage\",\"url\":\"https:\/\/rendez-vous-store.com\/app\/uploads\/2024\/03\/rdv_wright_39-scaled.webp\",\"contentUrl\":\"https:\/\/rendez-vous-store.com\/app\/uploads\/2024\/03\/rdv_wright_39-scaled.webp\",\"width\":1696,\"height\":2560,\"caption\":\"WRIGHT &amp; DOYLE - Man Single Pleat Trousers WD-066-IN - Indigo\"},{\"@type\":\"BreadcrumbList\",\"@id\":\"https:\/\/rendez-vous-store.com\/shop\/summer-sale-2024\/summer-sale-2024-men\/summer-sale-trousers-men\/wright-doyle-man-single-pleat-trousers-indigo-rendez-vous-store\/#breadcrumb\",\"itemListElement\":[{\"@type\":\"ListItem\",\"position\":1,\"name\":\"Home\",\"item\":\"https:\/\/rendez-vous-store.com\/\"},{\"@type\":\"ListItem\",\"position\":2,\"name\":\"Shop\",\"item\":\"https:\/\/www.rendez-vous-store.com\/shop\/\"},{\"@type\":\"ListItem\",\"position\":3,\"name\":\"WRIGHT &amp; DOYLE &#8211; Man Single Pleat Trousers WD-066-IN &#8211; Indigo\"}]},{\"@type\":\"WebSite\",\"@id\":\"https:\/\/rendez-vous-store.com\/#website\",\"url\":\"https:\/\/rendez-vous-store.com\/\",\"name\":\"RENDEZ-VOUS STORE\",\"description\":\"Slow Fashion for Women and Men\",\"potentialAction\":[{\"@type\":\"SearchAction\",\"target\":{\"@type\":\"EntryPoint\",\"urlTemplate\":\"https:\/\/rendez-vous-store.com\/?s={search_term_string}\"},\"query-input\":{\"@type\":\"PropertyValueSpecification\",\"valueRequired\":true,\"valueName\":\"search_term_string\"}}],\"inLanguage\":\"fr-FR\"}]}<\/script>\n<!-- \/ Yoast SEO plugin. -->","yoast_head_json":{"title":"WRIGHT & DOYLE - Man Single Pleat Trousers Indigo - Rendez-vous Store","description":"WRIGHT & DOYLE is on Rendez-vous Store. This WRIGHT & DOYLE Man Single Pleat Trousers Indigo is part of the Spring\/summer collection.","robots":{"index":"index","follow":"follow","max-snippet":"max-snippet:-1","max-image-preview":"max-image-preview:large","max-video-preview":"max-video-preview:-1"},"canonical":"https:\/\/rendez-vous-store.com\/fr\/shop\/summer-sale-2024\/summer-sale-2024-men\/summer-sale-trousers-men\/wright-doyle-man-single-pleat-trousers-indigo-rendez-vous-store\/","og_locale":"fr_FR","og_type":"article","og_title":"WRIGHT & DOYLE - Man Single Pleat Trousers Indigo - Rendez-vous Store","og_description":"WRIGHT & DOYLE is on Rendez-vous Store. This WRIGHT & DOYLE Man Single Pleat Trousers Indigo is part of the Spring\/summer collection.","og_url":"https:\/\/rendez-vous-store.com\/fr\/shop\/summer-sale-2024\/summer-sale-2024-men\/summer-sale-trousers-men\/wright-doyle-man-single-pleat-trousers-indigo-rendez-vous-store\/","og_site_name":"RENDEZ-VOUS STORE","article_modified_time":"2026-04-24T12:19:04+00:00","og_image":[{"width":1696,"height":2560,"url":"https:\/\/rendez-vous-store.com\/wp-content\/uploads\/2024\/03\/rdv_wright_39-scaled.webp","type":"image\/webp"}],"twitter_card":"summary_large_image","twitter_misc":{"Est. reading time":"1 minute"},"schema":{"@context":"https:\/\/schema.org","@graph":[{"@type":"WebPage","@id":"https:\/\/rendez-vous-store.com\/shop\/summer-sale-2024\/summer-sale-2024-men\/summer-sale-trousers-men\/wright-doyle-man-single-pleat-trousers-indigo-rendez-vous-store\/","url":"https:\/\/rendez-vous-store.com\/shop\/summer-sale-2024\/summer-sale-2024-men\/summer-sale-trousers-men\/wright-doyle-man-single-pleat-trousers-indigo-rendez-vous-store\/","name":"WRIGHT & DOYLE - Man Single Pleat Trousers Indigo - Rendez-vous Store","isPartOf":{"@id":"https:\/\/rendez-vous-store.com\/#website"},"primaryImageOfPage":{"@id":"https:\/\/rendez-vous-store.com\/shop\/summer-sale-2024\/summer-sale-2024-men\/summer-sale-trousers-men\/wright-doyle-man-single-pleat-trousers-indigo-rendez-vous-store\/#primaryimage"},"image":{"@id":"https:\/\/rendez-vous-store.com\/shop\/summer-sale-2024\/summer-sale-2024-men\/summer-sale-trousers-men\/wright-doyle-man-single-pleat-trousers-indigo-rendez-vous-store\/#primaryimage"},"thumbnailUrl":"https:\/\/rendez-vous-store.com\/app\/uploads\/2024\/03\/rdv_wright_39-scaled.webp","datePublished":"2024-03-26T14:51:23+00:00","dateModified":"2026-04-24T12:19:04+00:00","description":"WRIGHT & DOYLE is on Rendez-vous Store. This WRIGHT & DOYLE Man Single Pleat Trousers Indigo is part of the Spring\/summer collection.","breadcrumb":{"@id":"https:\/\/rendez-vous-store.com\/shop\/summer-sale-2024\/summer-sale-2024-men\/summer-sale-trousers-men\/wright-doyle-man-single-pleat-trousers-indigo-rendez-vous-store\/#breadcrumb"},"inLanguage":"fr-FR","potentialAction":[{"@type":"ReadAction","target":["https:\/\/rendez-vous-store.com\/shop\/summer-sale-2024\/summer-sale-2024-men\/summer-sale-trousers-men\/wright-doyle-man-single-pleat-trousers-indigo-rendez-vous-store\/"]}]},{"@type":"ImageObject","inLanguage":"fr-FR","@id":"https:\/\/rendez-vous-store.com\/shop\/summer-sale-2024\/summer-sale-2024-men\/summer-sale-trousers-men\/wright-doyle-man-single-pleat-trousers-indigo-rendez-vous-store\/#primaryimage","url":"https:\/\/rendez-vous-store.com\/app\/uploads\/2024\/03\/rdv_wright_39-scaled.webp","contentUrl":"https:\/\/rendez-vous-store.com\/app\/uploads\/2024\/03\/rdv_wright_39-scaled.webp","width":1696,"height":2560,"caption":"WRIGHT &amp; DOYLE - Man Single Pleat Trousers WD-066-IN - Indigo"},{"@type":"BreadcrumbList","@id":"https:\/\/rendez-vous-store.com\/shop\/summer-sale-2024\/summer-sale-2024-men\/summer-sale-trousers-men\/wright-doyle-man-single-pleat-trousers-indigo-rendez-vous-store\/#breadcrumb","itemListElement":[{"@type":"ListItem","position":1,"name":"Home","item":"https:\/\/rendez-vous-store.com\/"},{"@type":"ListItem","position":2,"name":"Shop","item":"https:\/\/www.rendez-vous-store.com\/shop\/"},{"@type":"ListItem","position":3,"name":"WRIGHT &amp; DOYLE &#8211; Man Single Pleat Trousers WD-066-IN &#8211; Indigo"}]},{"@type":"WebSite","@id":"https:\/\/rendez-vous-store.com\/#website","url":"https:\/\/rendez-vous-store.com\/","name":"RENDEZ-VOUS STORE","description":"Slow Fashion for Women and Men","potentialAction":[{"@type":"SearchAction","target":{"@type":"EntryPoint","urlTemplate":"https:\/\/rendez-vous-store.com\/?s={search_term_string}"},"query-input":{"@type":"PropertyValueSpecification","valueRequired":true,"valueName":"search_term_string"}}],"inLanguage":"fr-FR"}]}},"_links":{"self":[{"href":"https:\/\/rendez-vous-store.com\/fr\/wp-json\/wp\/v2\/product\/159873","targetHints":{"allow":["GET"]}}],"collection":[{"href":"https:\/\/rendez-vous-store.com\/fr\/wp-json\/wp\/v2\/product"}],"about":[{"href":"https:\/\/rendez-vous-store.com\/fr\/wp-json\/wp\/v2\/types\/product"}],"wp:featuredmedia":[{"embeddable":true,"href":"https:\/\/rendez-vous-store.com\/fr\/wp-json\/wp\/v2\/media\/160371"}],"wp:attachment":[{"href":"https:\/\/rendez-vous-store.com\/fr\/wp-json\/wp\/v2\/media?parent=159873"}],"wp:term":[{"taxonomy":"product_brand","embeddable":true,"href":"https:\/\/rendez-vous-store.com\/fr\/wp-json\/wp\/v2\/product_brand?post=159873"},{"taxonomy":"product_cat","embeddable":true,"href":"https:\/\/rendez-vous-store.com\/fr\/wp-json\/wp\/v2\/product_cat?post=159873"},{"taxonomy":"product_tag","embeddable":true,"href":"https:\/\/rendez-vous-store.com\/fr\/wp-json\/wp\/v2\/product_tag?post=159873"}],"curies":[{"name":"wp","href":"https:\/\/api.w.org\/{rel}","templated":true}]}}