{"id":159674,"date":"2024-03-26T11:39:08","date_gmt":"2024-03-26T10:39:08","guid":{"rendered":"https:\/\/rendez-vous-store.com\/?post_type=product&#038;p=159674"},"modified":"2026-04-24T14:17:33","modified_gmt":"2026-04-24T12:17:33","slug":"comme-des-garcons-shirt-mens-sneakers-x-asics-black","status":"publish","type":"product","link":"https:\/\/rendez-vous-store.com\/fr\/shop\/men-selection-discover-our-selection-rendez-vous-store\/shoes-men-rendez-vous-store\/comme-des-garcons-shirt-mens-sneakers-x-asics-black\/","title":{"rendered":"Chemise Comme Des Gar\u00e7ons - Baskets Hommes X Asics - Noir"},"content":{"rendered":"<h4>Comme Des Gar\u00e7ons Shirt Mens Sneakers X Asics Black<\/h4>\n<p>Couleur : Noir<\/p>\n<p>Tige synth\u00e9tique<\/p>\n<p>Fermeture \u00e0 lacets sur le devant<\/p>\n<p>D\u00e9tails du logo<\/p>\n<p>Semelle en caoutchouc<\/p>\n<p>Composition : 100% Polyamide<\/p>\n<p>Fabriqu\u00e9 au Vietnam<\/p>\n<p>&nbsp;<\/p>\n<p>&nbsp;<\/p>\n<p>&nbsp;<\/p>\n<p>&nbsp;<\/p>\n<p>&nbsp;<\/p>\n<h4>La marque<\/h4>\n<p>Ce Comme Des Gar\u00e7ons Shirt Mens Sneakers X Asics Black suit les lignes directrices de la marque japonaise.<\/p>\n<div class=\"flex flex-grow flex-col max-w-full\">\n<div class=\"min-h-[20px] text-message flex flex-col items-start gap-3 whitespace-pre-wrap break-words [.text-message+&amp;]:mt-5 overflow-x-auto\" data-message-author-role=\"assistant\" data-message-id=\"7c1f457c-a3af-4bec-9b4a-6382f1a019ff\">\n<div class=\"markdown prose w-full break-words dark:prose-invert light\">\n<p>Les collections de la marque pr\u00e9sentent souvent des graphismes audacieux, des combinaisons de tissus inattendues et des techniques de confection non conventionnelles, remettant en question les notions traditionnelles de mode et de style. Les chemises Comme des Gar\u00e7ons se caract\u00e9risent par leur caract\u00e8re ludique et cr\u00e9atif, et plaisent \u00e0 ceux qui ont une approche aventureuse et exp\u00e9rimentale de l'habillement.<\/p>\n<p>Malgr\u00e9 sa nature exp\u00e9rimentale, Comme des Gar\u00e7ons Shirt s'engage \u00e0 fournir un travail de qualit\u00e9 et \u00e0 pr\u00eater attention aux d\u00e9tails. Chaque v\u00eatement est m\u00e9ticuleusement fabriqu\u00e9 \u00e0 l'aide de mat\u00e9riaux de haute qualit\u00e9, garantissant \u00e0 la fois la durabilit\u00e9 et le confort du porteur.<\/p>\n<p>Comme des Gar\u00e7ons Shirt s'est attir\u00e9 les faveurs des amateurs de mode et des passionn\u00e9s d'avant-garde du monde entier. Avec ses cr\u00e9ations audacieuses et son approche novatrice de la mode, la marque continue de repousser les limites et de red\u00e9finir le concept de style contemporain.<\/p>\n<\/div>\n<\/div>\n<\/div>\n<div class=\"mt-1 flex justify-start gap-3 empty:hidden\">\n<div class=\"text-xs flex items-center justify-center gap-1 self-center visible\"><\/div>\n<\/div>","protected":false},"excerpt":{"rendered":"<p>Comme Des Gar\u00e7ons Shirt Mens Sneakers X Asics Black Color: Black Synthetic upper Front lace-up closure Logo details Rubber sole Composition: 100% Polyamide Made in Vietnam &nbsp; &nbsp; &nbsp; &nbsp; &nbsp; The Brand This Comme Des Gar\u00e7ons Shirt Mens Sneakers X Asics Black follows the guidelines of the Japanese brand. The label&#8217;s collections often feature&hellip; <a class=\"more-link\" href=\"https:\/\/rendez-vous-store.com\/fr\/shop\/men-selection-discover-our-selection-rendez-vous-store\/shoes-men-rendez-vous-store\/comme-des-garcons-shirt-mens-sneakers-x-asics-black\/\">Continuer la lecture <span class=\"screen-reader-text\">Chemise Comme Des Gar\u00e7ons - Baskets Hommes X Asics - Noir<\/span><\/a><\/p>","protected":false},"featured_media":163573,"template":"","meta":{"_acf_changed":false},"product_brand":[],"product_cat":[1232,20,181],"product_tag":[282],"class_list":{"0":"post-159674","1":"product","2":"type-product","3":"status-publish","4":"has-post-thumbnail","6":"product_cat-sale-40","7":"product_cat-men-selection-discover-our-selection-rendez-vous-store","8":"product_cat-shoes-men-rendez-vous-store","9":"product_tag-comme-des-garcons-shirt-rendez-vous-store","10":"entry","12":"first","13":"outofstock","14":"taxable","15":"shipping-taxable","16":"product-type-variable"},"acf":[],"yoast_head":"<!-- This site is optimized with the Yoast SEO plugin v24.9 - https:\/\/yoast.com\/wordpress\/plugins\/seo\/ -->\n<title>Comme Des Gar\u00e7ons Shirt - Mens Sneakers X Asics Black - Rendez-vous Store<\/title>\n<meta name=\"description\" content=\"Comme des Gar\u00e7ons Shirt is on Rendez-vous Store. This Comme Des Gar\u00e7ons Shirt Mens Sneakers X Asics Black follows the guidelines of the Japanese brand.\" \/>\n<meta name=\"robots\" content=\"index, follow, max-snippet:-1, max-image-preview:large, max-video-preview:-1\" \/>\n<link rel=\"canonical\" href=\"https:\/\/rendez-vous-store.com\/fr\/shop\/men-selection-discover-our-selection-rendez-vous-store\/shoes-men-rendez-vous-store\/comme-des-garcons-shirt-mens-sneakers-x-asics-black\/\" \/>\n<meta property=\"og:locale\" content=\"fr_FR\" \/>\n<meta property=\"og:type\" content=\"article\" \/>\n<meta property=\"og:title\" content=\"Comme Des Gar\u00e7ons Shirt - Mens Sneakers X Asics Black - Rendez-vous Store\" \/>\n<meta property=\"og:description\" content=\"Comme des Gar\u00e7ons Shirt is on Rendez-vous Store. This Comme Des Gar\u00e7ons Shirt Mens Sneakers X Asics Black follows the guidelines of the Japanese brand.\" \/>\n<meta property=\"og:url\" content=\"https:\/\/rendez-vous-store.com\/fr\/shop\/men-selection-discover-our-selection-rendez-vous-store\/shoes-men-rendez-vous-store\/comme-des-garcons-shirt-mens-sneakers-x-asics-black\/\" \/>\n<meta property=\"og:site_name\" content=\"RENDEZ-VOUS STORE\" \/>\n<meta property=\"article:modified_time\" content=\"2026-04-24T12:17:33+00:00\" \/>\n<meta property=\"og:image\" content=\"https:\/\/rendez-vous-store.com\/wp-content\/uploads\/2024\/03\/eee.webp\" \/>\n\t<meta property=\"og:image:width\" content=\"1696\" \/>\n\t<meta property=\"og:image:height\" content=\"2560\" \/>\n\t<meta property=\"og:image:type\" content=\"image\/webp\" \/>\n<meta name=\"twitter:card\" content=\"summary_large_image\" \/>\n<meta name=\"twitter:label1\" content=\"Est. reading time\" \/>\n\t<meta name=\"twitter:data1\" content=\"1 minute\" \/>\n<script type=\"application\/ld+json\" class=\"yoast-schema-graph\">{\"@context\":\"https:\/\/schema.org\",\"@graph\":[{\"@type\":\"WebPage\",\"@id\":\"https:\/\/rendez-vous-store.com\/shop\/men-selection-discover-our-selection-rendez-vous-store\/shoes-men-rendez-vous-store\/comme-des-garcons-shirt-mens-sneakers-x-asics-black\/\",\"url\":\"https:\/\/rendez-vous-store.com\/shop\/men-selection-discover-our-selection-rendez-vous-store\/shoes-men-rendez-vous-store\/comme-des-garcons-shirt-mens-sneakers-x-asics-black\/\",\"name\":\"Comme Des Gar\u00e7ons Shirt - Mens Sneakers X Asics Black - Rendez-vous Store\",\"isPartOf\":{\"@id\":\"https:\/\/rendez-vous-store.com\/#website\"},\"primaryImageOfPage\":{\"@id\":\"https:\/\/rendez-vous-store.com\/shop\/men-selection-discover-our-selection-rendez-vous-store\/shoes-men-rendez-vous-store\/comme-des-garcons-shirt-mens-sneakers-x-asics-black\/#primaryimage\"},\"image\":{\"@id\":\"https:\/\/rendez-vous-store.com\/shop\/men-selection-discover-our-selection-rendez-vous-store\/shoes-men-rendez-vous-store\/comme-des-garcons-shirt-mens-sneakers-x-asics-black\/#primaryimage\"},\"thumbnailUrl\":\"https:\/\/rendez-vous-store.com\/app\/uploads\/2024\/03\/eee.webp\",\"datePublished\":\"2024-03-26T10:39:08+00:00\",\"dateModified\":\"2026-04-24T12:17:33+00:00\",\"description\":\"Comme des Gar\u00e7ons Shirt is on Rendez-vous Store. This Comme Des Gar\u00e7ons Shirt Mens Sneakers X Asics Black follows the guidelines of the Japanese brand.\",\"breadcrumb\":{\"@id\":\"https:\/\/rendez-vous-store.com\/shop\/men-selection-discover-our-selection-rendez-vous-store\/shoes-men-rendez-vous-store\/comme-des-garcons-shirt-mens-sneakers-x-asics-black\/#breadcrumb\"},\"inLanguage\":\"fr-FR\",\"potentialAction\":[{\"@type\":\"ReadAction\",\"target\":[\"https:\/\/rendez-vous-store.com\/shop\/men-selection-discover-our-selection-rendez-vous-store\/shoes-men-rendez-vous-store\/comme-des-garcons-shirt-mens-sneakers-x-asics-black\/\"]}]},{\"@type\":\"ImageObject\",\"inLanguage\":\"fr-FR\",\"@id\":\"https:\/\/rendez-vous-store.com\/shop\/men-selection-discover-our-selection-rendez-vous-store\/shoes-men-rendez-vous-store\/comme-des-garcons-shirt-mens-sneakers-x-asics-black\/#primaryimage\",\"url\":\"https:\/\/rendez-vous-store.com\/app\/uploads\/2024\/03\/eee.webp\",\"contentUrl\":\"https:\/\/rendez-vous-store.com\/app\/uploads\/2024\/03\/eee.webp\",\"width\":1696,\"height\":2560,\"caption\":\"Comme Des Gar\u00e7ons Shirt - Mens Sneakers X Asics - Black\"},{\"@type\":\"BreadcrumbList\",\"@id\":\"https:\/\/rendez-vous-store.com\/shop\/men-selection-discover-our-selection-rendez-vous-store\/shoes-men-rendez-vous-store\/comme-des-garcons-shirt-mens-sneakers-x-asics-black\/#breadcrumb\",\"itemListElement\":[{\"@type\":\"ListItem\",\"position\":1,\"name\":\"Home\",\"item\":\"https:\/\/rendez-vous-store.com\/\"},{\"@type\":\"ListItem\",\"position\":2,\"name\":\"Shop\",\"item\":\"https:\/\/www.rendez-vous-store.com\/shop\/\"},{\"@type\":\"ListItem\",\"position\":3,\"name\":\"Comme Des Gar\u00e7ons Shirt &#8211; Mens Sneakers X Asics &#8211; Black\"}]},{\"@type\":\"WebSite\",\"@id\":\"https:\/\/rendez-vous-store.com\/#website\",\"url\":\"https:\/\/rendez-vous-store.com\/\",\"name\":\"RENDEZ-VOUS STORE\",\"description\":\"Slow Fashion for Women and Men\",\"potentialAction\":[{\"@type\":\"SearchAction\",\"target\":{\"@type\":\"EntryPoint\",\"urlTemplate\":\"https:\/\/rendez-vous-store.com\/?s={search_term_string}\"},\"query-input\":{\"@type\":\"PropertyValueSpecification\",\"valueRequired\":true,\"valueName\":\"search_term_string\"}}],\"inLanguage\":\"fr-FR\"}]}<\/script>\n<!-- \/ Yoast SEO plugin. -->","yoast_head_json":{"title":"Comme Des Gar\u00e7ons Shirt - Mens Sneakers X Asics Black - Rendez-vous Store","description":"Comme des Gar\u00e7ons Shirt is on Rendez-vous Store. This Comme Des Gar\u00e7ons Shirt Mens Sneakers X Asics Black follows the guidelines of the Japanese brand.","robots":{"index":"index","follow":"follow","max-snippet":"max-snippet:-1","max-image-preview":"max-image-preview:large","max-video-preview":"max-video-preview:-1"},"canonical":"https:\/\/rendez-vous-store.com\/fr\/shop\/men-selection-discover-our-selection-rendez-vous-store\/shoes-men-rendez-vous-store\/comme-des-garcons-shirt-mens-sneakers-x-asics-black\/","og_locale":"fr_FR","og_type":"article","og_title":"Comme Des Gar\u00e7ons Shirt - Mens Sneakers X Asics Black - Rendez-vous Store","og_description":"Comme des Gar\u00e7ons Shirt is on Rendez-vous Store. This Comme Des Gar\u00e7ons Shirt Mens Sneakers X Asics Black follows the guidelines of the Japanese brand.","og_url":"https:\/\/rendez-vous-store.com\/fr\/shop\/men-selection-discover-our-selection-rendez-vous-store\/shoes-men-rendez-vous-store\/comme-des-garcons-shirt-mens-sneakers-x-asics-black\/","og_site_name":"RENDEZ-VOUS STORE","article_modified_time":"2026-04-24T12:17:33+00:00","og_image":[{"width":1696,"height":2560,"url":"https:\/\/rendez-vous-store.com\/wp-content\/uploads\/2024\/03\/eee.webp","type":"image\/webp"}],"twitter_card":"summary_large_image","twitter_misc":{"Est. reading time":"1 minute"},"schema":{"@context":"https:\/\/schema.org","@graph":[{"@type":"WebPage","@id":"https:\/\/rendez-vous-store.com\/shop\/men-selection-discover-our-selection-rendez-vous-store\/shoes-men-rendez-vous-store\/comme-des-garcons-shirt-mens-sneakers-x-asics-black\/","url":"https:\/\/rendez-vous-store.com\/shop\/men-selection-discover-our-selection-rendez-vous-store\/shoes-men-rendez-vous-store\/comme-des-garcons-shirt-mens-sneakers-x-asics-black\/","name":"Comme Des Gar\u00e7ons Shirt - Mens Sneakers X Asics Black - Rendez-vous Store","isPartOf":{"@id":"https:\/\/rendez-vous-store.com\/#website"},"primaryImageOfPage":{"@id":"https:\/\/rendez-vous-store.com\/shop\/men-selection-discover-our-selection-rendez-vous-store\/shoes-men-rendez-vous-store\/comme-des-garcons-shirt-mens-sneakers-x-asics-black\/#primaryimage"},"image":{"@id":"https:\/\/rendez-vous-store.com\/shop\/men-selection-discover-our-selection-rendez-vous-store\/shoes-men-rendez-vous-store\/comme-des-garcons-shirt-mens-sneakers-x-asics-black\/#primaryimage"},"thumbnailUrl":"https:\/\/rendez-vous-store.com\/app\/uploads\/2024\/03\/eee.webp","datePublished":"2024-03-26T10:39:08+00:00","dateModified":"2026-04-24T12:17:33+00:00","description":"Comme des Gar\u00e7ons Shirt is on Rendez-vous Store. This Comme Des Gar\u00e7ons Shirt Mens Sneakers X Asics Black follows the guidelines of the Japanese brand.","breadcrumb":{"@id":"https:\/\/rendez-vous-store.com\/shop\/men-selection-discover-our-selection-rendez-vous-store\/shoes-men-rendez-vous-store\/comme-des-garcons-shirt-mens-sneakers-x-asics-black\/#breadcrumb"},"inLanguage":"fr-FR","potentialAction":[{"@type":"ReadAction","target":["https:\/\/rendez-vous-store.com\/shop\/men-selection-discover-our-selection-rendez-vous-store\/shoes-men-rendez-vous-store\/comme-des-garcons-shirt-mens-sneakers-x-asics-black\/"]}]},{"@type":"ImageObject","inLanguage":"fr-FR","@id":"https:\/\/rendez-vous-store.com\/shop\/men-selection-discover-our-selection-rendez-vous-store\/shoes-men-rendez-vous-store\/comme-des-garcons-shirt-mens-sneakers-x-asics-black\/#primaryimage","url":"https:\/\/rendez-vous-store.com\/app\/uploads\/2024\/03\/eee.webp","contentUrl":"https:\/\/rendez-vous-store.com\/app\/uploads\/2024\/03\/eee.webp","width":1696,"height":2560,"caption":"Comme Des Gar\u00e7ons Shirt - Mens Sneakers X Asics - Black"},{"@type":"BreadcrumbList","@id":"https:\/\/rendez-vous-store.com\/shop\/men-selection-discover-our-selection-rendez-vous-store\/shoes-men-rendez-vous-store\/comme-des-garcons-shirt-mens-sneakers-x-asics-black\/#breadcrumb","itemListElement":[{"@type":"ListItem","position":1,"name":"Home","item":"https:\/\/rendez-vous-store.com\/"},{"@type":"ListItem","position":2,"name":"Shop","item":"https:\/\/www.rendez-vous-store.com\/shop\/"},{"@type":"ListItem","position":3,"name":"Comme Des Gar\u00e7ons Shirt &#8211; Mens Sneakers X Asics &#8211; Black"}]},{"@type":"WebSite","@id":"https:\/\/rendez-vous-store.com\/#website","url":"https:\/\/rendez-vous-store.com\/","name":"RENDEZ-VOUS STORE","description":"Slow Fashion for Women and Men","potentialAction":[{"@type":"SearchAction","target":{"@type":"EntryPoint","urlTemplate":"https:\/\/rendez-vous-store.com\/?s={search_term_string}"},"query-input":{"@type":"PropertyValueSpecification","valueRequired":true,"valueName":"search_term_string"}}],"inLanguage":"fr-FR"}]}},"_links":{"self":[{"href":"https:\/\/rendez-vous-store.com\/fr\/wp-json\/wp\/v2\/product\/159674","targetHints":{"allow":["GET"]}}],"collection":[{"href":"https:\/\/rendez-vous-store.com\/fr\/wp-json\/wp\/v2\/product"}],"about":[{"href":"https:\/\/rendez-vous-store.com\/fr\/wp-json\/wp\/v2\/types\/product"}],"wp:featuredmedia":[{"embeddable":true,"href":"https:\/\/rendez-vous-store.com\/fr\/wp-json\/wp\/v2\/media\/163573"}],"wp:attachment":[{"href":"https:\/\/rendez-vous-store.com\/fr\/wp-json\/wp\/v2\/media?parent=159674"}],"wp:term":[{"taxonomy":"product_brand","embeddable":true,"href":"https:\/\/rendez-vous-store.com\/fr\/wp-json\/wp\/v2\/product_brand?post=159674"},{"taxonomy":"product_cat","embeddable":true,"href":"https:\/\/rendez-vous-store.com\/fr\/wp-json\/wp\/v2\/product_cat?post=159674"},{"taxonomy":"product_tag","embeddable":true,"href":"https:\/\/rendez-vous-store.com\/fr\/wp-json\/wp\/v2\/product_tag?post=159674"}],"curies":[{"name":"wp","href":"https:\/\/api.w.org\/{rel}","templated":true}]}}