{"id":158706,"date":"2024-03-21T11:32:20","date_gmt":"2024-03-21T10:32:20","guid":{"rendered":"https:\/\/rendez-vous-store.com\/?post_type=product&#038;p=158706"},"modified":"2026-03-16T17:13:11","modified_gmt":"2026-03-16T16:13:11","slug":"eleph-mumu-dress-yellow-rendez-vous-store","status":"publish","type":"product","link":"https:\/\/rendez-vous-store.com\/fr\/shop\/women\/women-dresses-rendez-vous-store\/eleph-mumu-dress-yellow-rendez-vous-store\/","title":{"rendered":"Eleph &#8211; Mumu Dress C5010427 &#8211; Yellow"},"content":{"rendered":"<p>Eleph Mumu Dress Yellow<\/p>\n<p>Couleur : jaune<\/p>\n<p>Col rond<\/p>\n<p>Manches courtes<\/p>\n<p>Taille pliss\u00e9e<\/p>\n<p>Composition : 100% Coton<\/p>\n<p>Fabriqu\u00e9 en Ukraine<\/p>\n<p>Style code: C5010427<\/p>\n<p>&nbsp;<\/p>\n<p>&nbsp;<\/p>\n<p><strong>Ma\u00e9va mesure 168cm\u00a0<\/strong><\/p>\n<p><strong>Taille du mod\u00e8le : S<\/strong><\/p>\n<p><strong>Mesures : <\/strong><\/p>\n<p><strong>Size XS: Shoulders: 37cm &#8211; Chest: 49cm &#8211; Sleeves: 24,5cm &#8211; Length: 129cm &#8211; Armhole: 27cm<\/strong><\/p>\n<p><strong>Size S: Shoulders: 38cm &#8211; Chest: 52cm &#8211; Sleeves: 25cm &#8211; Length: 130cm &#8211; Armhole: 27cm<\/strong><\/p>\n<p>&nbsp;<\/p>\n<p>&nbsp;<\/p>\n<p><strong>Port\u00e9 avec : <\/strong><\/p>\n<p>Chaussures : <a href=\"https:\/\/rendez-vous-store.com\/fr\/shop\/women-selection-discover-our-selection-rendez-vous-store\/women-shoes-heels-discover-our-selection-rendez-vous-store\/le-monde-beryl-luna-slipper-mesh-black-rendez-vous-store\/\">Le Monde B\u00e9ryl - Luna Slipper Mesh - Noir<\/a><\/p>\n<p>&nbsp;<\/p>\n<p>&nbsp;<\/p>\n<p>&nbsp;<\/p>\n<h4>La marque<\/h4>\n<p>This Eleph Mumu Dress Yellow is designed to be cherished and kept close.<\/p>\n<p>ELEPH se consacre \u00e0 la fabrication de produits intemporels, en mettant l'accent sur la durabilit\u00e9 et la long\u00e9vit\u00e9. Chaque collection est compos\u00e9e d'un m\u00e9lange de mat\u00e9riaux recycl\u00e9s et de fabrications durables pour r\u00e9sister aux \u00e9preuves du temps.<\/p>\n<p>Au-del\u00e0 de l'utilisation de mat\u00e9riaux recycl\u00e9s, ELEPH privil\u00e9gie les pratiques de production \u00e9thiques et les processus de fabrication respectueux de l'environnement. En s\u00e9lectionnant consciemment des mat\u00e9riaux et des m\u00e9thodes qui minimisent les d\u00e9chets et r\u00e9duisent l'impact sur l'environnement, la marque aligne ses produits sur des valeurs de gestion de l'environnement et de responsabilit\u00e9 sociale.<\/p>\n<p>Qu'il s'agisse de sacs, d'accessoires, de v\u00eatements ou d'articles pour la maison, chaque produit ELEPH fait l'objet d'un travail artisanal m\u00e9ticuleux et d'une attention particuli\u00e8re aux d\u00e9tails. Ses cr\u00e9ations transcendent la simple fonction et deviennent des objets ch\u00e9ris pour les ann\u00e9es \u00e0 venir. Avec des designs intemporels et une \u00e9thique durable, ELEPH encourage une approche plus consciente de la consommation, invitant les individus \u00e0 investir dans des produits qui sont \u00e0 la fois beaux et respectueux de l'environnement.<\/p>","protected":false},"excerpt":{"rendered":"<p>Eleph Mumu Dress Yellow Color: Yellow C-neck Short sleeves Pleated waist Composition: 100% Cotton Made in Ukraine Style code: C5010427 &nbsp; &nbsp; Ma\u00e9va is 168cm\u00a0 Model size: S Measurements: Size XS: Shoulders: 37cm &#8211; Chest: 49cm &#8211; Sleeves: 24,5cm &#8211; Length: 129cm &#8211; Armhole: 27cm Size S: Shoulders: 38cm &#8211; Chest: 52cm &#8211; Sleeves: 25cm&hellip; <a class=\"more-link\" href=\"https:\/\/rendez-vous-store.com\/fr\/shop\/women\/women-dresses-rendez-vous-store\/eleph-mumu-dress-yellow-rendez-vous-store\/\">Continue reading <span class=\"screen-reader-text\">Eleph &#8211; Mumu Dress C5010427 &#8211; Yellow<\/span><\/a><\/p>","protected":false},"featured_media":159355,"template":"","meta":{"_acf_changed":false},"product_brand":[],"product_cat":[17,376],"product_tag":[1251],"class_list":{"0":"post-158706","1":"product","2":"type-product","3":"status-publish","4":"has-post-thumbnail","6":"product_cat-women","7":"product_cat-women-dresses-rendez-vous-store","8":"product_tag-eleph-timeless-items-rendez-vous-store","9":"entry","11":"first","12":"outofstock","13":"taxable","14":"shipping-taxable","15":"product-type-variable"},"acf":[],"yoast_head":"<!-- This site is optimized with the Yoast SEO plugin v24.9 - https:\/\/yoast.com\/wordpress\/plugins\/seo\/ -->\n<title>Eleph - Mumu Dress Yellow - Rendez-vous Store<\/title>\n<meta name=\"description\" content=\"Eleph is on Rendez-vous Store. This Eleph Mumu Dress Yellow is designed to be cherished and kept close.\" \/>\n<meta name=\"robots\" content=\"index, follow, max-snippet:-1, max-image-preview:large, max-video-preview:-1\" \/>\n<link rel=\"canonical\" href=\"https:\/\/rendez-vous-store.com\/fr\/shop\/women\/women-dresses-rendez-vous-store\/eleph-mumu-dress-yellow-rendez-vous-store\/\" \/>\n<meta property=\"og:locale\" content=\"fr_FR\" \/>\n<meta property=\"og:type\" content=\"article\" \/>\n<meta property=\"og:title\" content=\"Eleph - Mumu Dress Yellow - Rendez-vous Store\" \/>\n<meta property=\"og:description\" content=\"Eleph is on Rendez-vous Store. This Eleph Mumu Dress Yellow is designed to be cherished and kept close.\" \/>\n<meta property=\"og:url\" content=\"https:\/\/rendez-vous-store.com\/fr\/shop\/women\/women-dresses-rendez-vous-store\/eleph-mumu-dress-yellow-rendez-vous-store\/\" \/>\n<meta property=\"og:site_name\" content=\"RENDEZ-VOUS STORE\" \/>\n<meta property=\"article:modified_time\" content=\"2026-03-16T16:13:11+00:00\" \/>\n<meta property=\"og:image\" content=\"https:\/\/rendez-vous-store.com\/wp-content\/uploads\/2024\/03\/robe-jaune.webp\" \/>\n\t<meta property=\"og:image:width\" content=\"1696\" \/>\n\t<meta property=\"og:image:height\" content=\"2560\" \/>\n\t<meta property=\"og:image:type\" content=\"image\/webp\" \/>\n<meta name=\"twitter:card\" content=\"summary_large_image\" \/>\n<meta name=\"twitter:label1\" content=\"Est. reading time\" \/>\n\t<meta name=\"twitter:data1\" content=\"1 minute\" \/>\n<script type=\"application\/ld+json\" class=\"yoast-schema-graph\">{\"@context\":\"https:\/\/schema.org\",\"@graph\":[{\"@type\":\"WebPage\",\"@id\":\"https:\/\/rendez-vous-store.com\/shop\/women\/women-dresses-rendez-vous-store\/eleph-mumu-dress-yellow-rendez-vous-store\/\",\"url\":\"https:\/\/rendez-vous-store.com\/shop\/women\/women-dresses-rendez-vous-store\/eleph-mumu-dress-yellow-rendez-vous-store\/\",\"name\":\"Eleph - Mumu Dress Yellow - Rendez-vous Store\",\"isPartOf\":{\"@id\":\"https:\/\/rendez-vous-store.com\/#website\"},\"primaryImageOfPage\":{\"@id\":\"https:\/\/rendez-vous-store.com\/shop\/women\/women-dresses-rendez-vous-store\/eleph-mumu-dress-yellow-rendez-vous-store\/#primaryimage\"},\"image\":{\"@id\":\"https:\/\/rendez-vous-store.com\/shop\/women\/women-dresses-rendez-vous-store\/eleph-mumu-dress-yellow-rendez-vous-store\/#primaryimage\"},\"thumbnailUrl\":\"https:\/\/rendez-vous-store.com\/app\/uploads\/2024\/03\/robe-jaune.webp\",\"datePublished\":\"2024-03-21T10:32:20+00:00\",\"dateModified\":\"2026-03-16T16:13:11+00:00\",\"description\":\"Eleph is on Rendez-vous Store. This Eleph Mumu Dress Yellow is designed to be cherished and kept close.\",\"breadcrumb\":{\"@id\":\"https:\/\/rendez-vous-store.com\/shop\/women\/women-dresses-rendez-vous-store\/eleph-mumu-dress-yellow-rendez-vous-store\/#breadcrumb\"},\"inLanguage\":\"fr-FR\",\"potentialAction\":[{\"@type\":\"ReadAction\",\"target\":[\"https:\/\/rendez-vous-store.com\/shop\/women\/women-dresses-rendez-vous-store\/eleph-mumu-dress-yellow-rendez-vous-store\/\"]}]},{\"@type\":\"ImageObject\",\"inLanguage\":\"fr-FR\",\"@id\":\"https:\/\/rendez-vous-store.com\/shop\/women\/women-dresses-rendez-vous-store\/eleph-mumu-dress-yellow-rendez-vous-store\/#primaryimage\",\"url\":\"https:\/\/rendez-vous-store.com\/app\/uploads\/2024\/03\/robe-jaune.webp\",\"contentUrl\":\"https:\/\/rendez-vous-store.com\/app\/uploads\/2024\/03\/robe-jaune.webp\",\"width\":1696,\"height\":2560,\"caption\":\"Eleph - Mumu Dress C5010427 - Yellow\"},{\"@type\":\"BreadcrumbList\",\"@id\":\"https:\/\/rendez-vous-store.com\/shop\/women\/women-dresses-rendez-vous-store\/eleph-mumu-dress-yellow-rendez-vous-store\/#breadcrumb\",\"itemListElement\":[{\"@type\":\"ListItem\",\"position\":1,\"name\":\"Home\",\"item\":\"https:\/\/rendez-vous-store.com\/\"},{\"@type\":\"ListItem\",\"position\":2,\"name\":\"Shop\",\"item\":\"https:\/\/www.rendez-vous-store.com\/shop\/\"},{\"@type\":\"ListItem\",\"position\":3,\"name\":\"Eleph &#8211; Mumu Dress C5010427 &#8211; Yellow\"}]},{\"@type\":\"WebSite\",\"@id\":\"https:\/\/rendez-vous-store.com\/#website\",\"url\":\"https:\/\/rendez-vous-store.com\/\",\"name\":\"RENDEZ-VOUS STORE\",\"description\":\"Slow Fashion for Women and Men\",\"potentialAction\":[{\"@type\":\"SearchAction\",\"target\":{\"@type\":\"EntryPoint\",\"urlTemplate\":\"https:\/\/rendez-vous-store.com\/?s={search_term_string}\"},\"query-input\":{\"@type\":\"PropertyValueSpecification\",\"valueRequired\":true,\"valueName\":\"search_term_string\"}}],\"inLanguage\":\"fr-FR\"}]}<\/script>\n<!-- \/ Yoast SEO plugin. -->","yoast_head_json":{"title":"Eleph - Mumu Dress Yellow - Rendez-vous Store","description":"Eleph is on Rendez-vous Store. This Eleph Mumu Dress Yellow is designed to be cherished and kept close.","robots":{"index":"index","follow":"follow","max-snippet":"max-snippet:-1","max-image-preview":"max-image-preview:large","max-video-preview":"max-video-preview:-1"},"canonical":"https:\/\/rendez-vous-store.com\/fr\/shop\/women\/women-dresses-rendez-vous-store\/eleph-mumu-dress-yellow-rendez-vous-store\/","og_locale":"fr_FR","og_type":"article","og_title":"Eleph - Mumu Dress Yellow - Rendez-vous Store","og_description":"Eleph is on Rendez-vous Store. This Eleph Mumu Dress Yellow is designed to be cherished and kept close.","og_url":"https:\/\/rendez-vous-store.com\/fr\/shop\/women\/women-dresses-rendez-vous-store\/eleph-mumu-dress-yellow-rendez-vous-store\/","og_site_name":"RENDEZ-VOUS STORE","article_modified_time":"2026-03-16T16:13:11+00:00","og_image":[{"width":1696,"height":2560,"url":"https:\/\/rendez-vous-store.com\/wp-content\/uploads\/2024\/03\/robe-jaune.webp","type":"image\/webp"}],"twitter_card":"summary_large_image","twitter_misc":{"Est. reading time":"1 minute"},"schema":{"@context":"https:\/\/schema.org","@graph":[{"@type":"WebPage","@id":"https:\/\/rendez-vous-store.com\/shop\/women\/women-dresses-rendez-vous-store\/eleph-mumu-dress-yellow-rendez-vous-store\/","url":"https:\/\/rendez-vous-store.com\/shop\/women\/women-dresses-rendez-vous-store\/eleph-mumu-dress-yellow-rendez-vous-store\/","name":"Eleph - Mumu Dress Yellow - Rendez-vous Store","isPartOf":{"@id":"https:\/\/rendez-vous-store.com\/#website"},"primaryImageOfPage":{"@id":"https:\/\/rendez-vous-store.com\/shop\/women\/women-dresses-rendez-vous-store\/eleph-mumu-dress-yellow-rendez-vous-store\/#primaryimage"},"image":{"@id":"https:\/\/rendez-vous-store.com\/shop\/women\/women-dresses-rendez-vous-store\/eleph-mumu-dress-yellow-rendez-vous-store\/#primaryimage"},"thumbnailUrl":"https:\/\/rendez-vous-store.com\/app\/uploads\/2024\/03\/robe-jaune.webp","datePublished":"2024-03-21T10:32:20+00:00","dateModified":"2026-03-16T16:13:11+00:00","description":"Eleph is on Rendez-vous Store. This Eleph Mumu Dress Yellow is designed to be cherished and kept close.","breadcrumb":{"@id":"https:\/\/rendez-vous-store.com\/shop\/women\/women-dresses-rendez-vous-store\/eleph-mumu-dress-yellow-rendez-vous-store\/#breadcrumb"},"inLanguage":"fr-FR","potentialAction":[{"@type":"ReadAction","target":["https:\/\/rendez-vous-store.com\/shop\/women\/women-dresses-rendez-vous-store\/eleph-mumu-dress-yellow-rendez-vous-store\/"]}]},{"@type":"ImageObject","inLanguage":"fr-FR","@id":"https:\/\/rendez-vous-store.com\/shop\/women\/women-dresses-rendez-vous-store\/eleph-mumu-dress-yellow-rendez-vous-store\/#primaryimage","url":"https:\/\/rendez-vous-store.com\/app\/uploads\/2024\/03\/robe-jaune.webp","contentUrl":"https:\/\/rendez-vous-store.com\/app\/uploads\/2024\/03\/robe-jaune.webp","width":1696,"height":2560,"caption":"Eleph - Mumu Dress C5010427 - Yellow"},{"@type":"BreadcrumbList","@id":"https:\/\/rendez-vous-store.com\/shop\/women\/women-dresses-rendez-vous-store\/eleph-mumu-dress-yellow-rendez-vous-store\/#breadcrumb","itemListElement":[{"@type":"ListItem","position":1,"name":"Home","item":"https:\/\/rendez-vous-store.com\/"},{"@type":"ListItem","position":2,"name":"Shop","item":"https:\/\/www.rendez-vous-store.com\/shop\/"},{"@type":"ListItem","position":3,"name":"Eleph &#8211; Mumu Dress C5010427 &#8211; Yellow"}]},{"@type":"WebSite","@id":"https:\/\/rendez-vous-store.com\/#website","url":"https:\/\/rendez-vous-store.com\/","name":"RENDEZ-VOUS STORE","description":"Slow Fashion for Women and Men","potentialAction":[{"@type":"SearchAction","target":{"@type":"EntryPoint","urlTemplate":"https:\/\/rendez-vous-store.com\/?s={search_term_string}"},"query-input":{"@type":"PropertyValueSpecification","valueRequired":true,"valueName":"search_term_string"}}],"inLanguage":"fr-FR"}]}},"_links":{"self":[{"href":"https:\/\/rendez-vous-store.com\/fr\/wp-json\/wp\/v2\/product\/158706","targetHints":{"allow":["GET"]}}],"collection":[{"href":"https:\/\/rendez-vous-store.com\/fr\/wp-json\/wp\/v2\/product"}],"about":[{"href":"https:\/\/rendez-vous-store.com\/fr\/wp-json\/wp\/v2\/types\/product"}],"wp:featuredmedia":[{"embeddable":true,"href":"https:\/\/rendez-vous-store.com\/fr\/wp-json\/wp\/v2\/media\/159355"}],"wp:attachment":[{"href":"https:\/\/rendez-vous-store.com\/fr\/wp-json\/wp\/v2\/media?parent=158706"}],"wp:term":[{"taxonomy":"product_brand","embeddable":true,"href":"https:\/\/rendez-vous-store.com\/fr\/wp-json\/wp\/v2\/product_brand?post=158706"},{"taxonomy":"product_cat","embeddable":true,"href":"https:\/\/rendez-vous-store.com\/fr\/wp-json\/wp\/v2\/product_cat?post=158706"},{"taxonomy":"product_tag","embeddable":true,"href":"https:\/\/rendez-vous-store.com\/fr\/wp-json\/wp\/v2\/product_tag?post=158706"}],"curies":[{"name":"wp","href":"https:\/\/api.w.org\/{rel}","templated":true}]}}