{"id":158398,"date":"2024-03-20T11:15:22","date_gmt":"2024-03-20T10:15:22","guid":{"rendered":"https:\/\/rendez-vous-store.com\/?post_type=product&#038;p=158398"},"modified":"2026-04-24T14:11:34","modified_gmt":"2026-04-24T12:11:34","slug":"lemaire-belted-carrot-pants-pa1085-lf1234-black","status":"publish","type":"product","link":"https:\/\/rendez-vous-store.com\/fr\/shop\/men-selection-discover-our-selection-rendez-vous-store\/trousers-shorts-rendez-vous-store\/lemaire-belted-carrot-pants-pa1085-lf1234-black\/","title":{"rendered":"Lemaire - Pantalon carotte ceintur\u00e9 PA1085 LF1234 - Noir"},"content":{"rendered":"<h4>Lemaire Pantalon carotte ceintur\u00e9 Noir<\/h4>\n<p>Couleur : Noir<\/p>\n<p>Ceinture<\/p>\n<p>Poches lat\u00e9rales<\/p>\n<p>Taille r\u00e9glable<\/p>\n<p>Une poche arri\u00e8re passepoil\u00e9e<\/p>\n<p>Coupe ample<\/p>\n<p>Conique<\/p>\n<p>Composition : 84% Coton - 16% PA<\/p>\n<p>Doublure : 100% Coton<\/p>\n<p>Fabriqu\u00e9 en Roumanie<\/p>\n<p>Code de style : PA1085 LF1234<\/p>\n<p>&nbsp;<\/p>\n<p>&nbsp;<\/p>\n<p>&nbsp;<\/p>\n<p><strong>La marque<\/strong><\/p>\n<p>Ce pantalon carotte ceintur\u00e9 Lemaire noir offre un style parisien intemporel, cosmopolite et sophistiqu\u00e9.<\/p>\n<p>Dirig\u00e9e par Christophe Lemaire et Sarah-Linh Tran, la marque LEMAIRE propose un style parisien intemporel, cosmopolite, sophistiqu\u00e9 et riche d'influences. Fabriqu\u00e9e dans des mati\u00e8res s\u00e9lectionn\u00e9es pour leur qualit\u00e9 et con\u00e7ue pour \u00eatre port\u00e9e au quotidien, la garde-robe est \u00e9minemment modulable : les silhouettes souples et la palette de couleurs douces permettent aux tenues LEMAIRE d'\u00eatre relook\u00e9es et rehauss\u00e9es au fil du temps.<\/p>\n<p>Chaque collection est con\u00e7ue et d\u00e9velopp\u00e9e dans le quartier historique du Marais \u00e0 Paris, \u00e0 proximit\u00e9 de la boutique phare de LEMAIRE.<\/p>\n<p>LEMAIRE utilise des mati\u00e8res tiss\u00e9es en Europe et au Japon, s\u00e9lectionn\u00e9es pour leur authenticit\u00e9, leur durabilit\u00e9 et leur originalit\u00e9. 90% de la garde-robe sont produits en Europe et les 10% restants en Turquie et au Maroc. Les sacs et la maroquinerie sont fabriqu\u00e9s en Espagne et en Italie, o\u00f9 un travail de collaboration avec les artisans a abouti \u00e0 des formes inventives obtenues gr\u00e2ce \u00e0 des approches nouvelles de techniques ancestrales.<\/p>","protected":false},"excerpt":{"rendered":"<p>Lemaire Belted Carrot Pants Black Color: Black Belted Side pockets Adjustable waist One back welt pocket Loose fit Tapered Composition: 84% Cotton &#8211; 16% PA Lining: 100% Cotton Made in Romania Style code: PA1085 LF1234 &nbsp; &nbsp; &nbsp; The Brand This Lemaire Belted Carrot Pants Black offers a timeless Parisian style that is cosmopolitan and&hellip; <a class=\"more-link\" href=\"https:\/\/rendez-vous-store.com\/fr\/shop\/men-selection-discover-our-selection-rendez-vous-store\/trousers-shorts-rendez-vous-store\/lemaire-belted-carrot-pants-pa1085-lf1234-black\/\">Continuer la lecture <span class=\"screen-reader-text\">Lemaire - Pantalon carotte ceintur\u00e9 PA1085 LF1234 - Noir<\/span><\/a><\/p>","protected":false},"featured_media":158868,"template":"","meta":{"_acf_changed":false},"product_brand":[],"product_cat":[20,73],"product_tag":[648],"class_list":{"0":"post-158398","1":"product","2":"type-product","3":"status-publish","4":"has-post-thumbnail","6":"product_cat-men-selection-discover-our-selection-rendez-vous-store","7":"product_cat-trousers-shorts-rendez-vous-store","8":"product_tag-lemaire","9":"entry","11":"first","12":"outofstock","13":"taxable","14":"shipping-taxable","15":"product-type-variable"},"acf":[],"yoast_head":"<!-- This site is optimized with the Yoast SEO plugin v24.9 - https:\/\/yoast.com\/wordpress\/plugins\/seo\/ -->\n<title>Lemaire - Belted Carrot Pants Black - Rendez-vous Store<\/title>\n<meta name=\"description\" content=\"Lemaire is on Rendez-vous Store. This Lemaire Belted Carrot Pants Black offers a timeless Parisian style that is cosmopolitan and sophisticated.\" \/>\n<meta name=\"robots\" content=\"index, follow, max-snippet:-1, max-image-preview:large, max-video-preview:-1\" \/>\n<link rel=\"canonical\" href=\"https:\/\/rendez-vous-store.com\/fr\/shop\/men-selection-discover-our-selection-rendez-vous-store\/trousers-shorts-rendez-vous-store\/lemaire-belted-carrot-pants-pa1085-lf1234-black\/\" \/>\n<meta property=\"og:locale\" content=\"fr_FR\" \/>\n<meta property=\"og:type\" content=\"article\" \/>\n<meta property=\"og:title\" content=\"Lemaire - Belted Carrot Pants Black - Rendez-vous Store\" \/>\n<meta property=\"og:description\" content=\"Lemaire is on Rendez-vous Store. This Lemaire Belted Carrot Pants Black offers a timeless Parisian style that is cosmopolitan and sophisticated.\" \/>\n<meta property=\"og:url\" content=\"https:\/\/rendez-vous-store.com\/fr\/shop\/men-selection-discover-our-selection-rendez-vous-store\/trousers-shorts-rendez-vous-store\/lemaire-belted-carrot-pants-pa1085-lf1234-black\/\" \/>\n<meta property=\"og:site_name\" content=\"RENDEZ-VOUS STORE\" \/>\n<meta property=\"article:modified_time\" content=\"2026-04-24T12:11:34+00:00\" \/>\n<meta property=\"og:image\" content=\"https:\/\/rendez-vous-store.com\/app\/uploads\/2024\/03\/rdv_lemaire_01-scaled.webp\" \/>\n\t<meta property=\"og:image:width\" content=\"1696\" \/>\n\t<meta property=\"og:image:height\" content=\"2560\" \/>\n\t<meta property=\"og:image:type\" content=\"image\/webp\" \/>\n<meta name=\"twitter:card\" content=\"summary_large_image\" \/>\n<meta name=\"twitter:label1\" content=\"Est. reading time\" \/>\n\t<meta name=\"twitter:data1\" content=\"2 minutes\" \/>\n<script type=\"application\/ld+json\" class=\"yoast-schema-graph\">{\"@context\":\"https:\/\/schema.org\",\"@graph\":[{\"@type\":\"WebPage\",\"@id\":\"https:\/\/rendez-vous-store.com\/shop\/men-selection-discover-our-selection-rendez-vous-store\/trousers-shorts-rendez-vous-store\/lemaire-belted-carrot-pants-pa1085-lf1234-black\/\",\"url\":\"https:\/\/rendez-vous-store.com\/shop\/men-selection-discover-our-selection-rendez-vous-store\/trousers-shorts-rendez-vous-store\/lemaire-belted-carrot-pants-pa1085-lf1234-black\/\",\"name\":\"Lemaire - Belted Carrot Pants Black - Rendez-vous Store\",\"isPartOf\":{\"@id\":\"https:\/\/rendez-vous-store.com\/#website\"},\"primaryImageOfPage\":{\"@id\":\"https:\/\/rendez-vous-store.com\/shop\/men-selection-discover-our-selection-rendez-vous-store\/trousers-shorts-rendez-vous-store\/lemaire-belted-carrot-pants-pa1085-lf1234-black\/#primaryimage\"},\"image\":{\"@id\":\"https:\/\/rendez-vous-store.com\/shop\/men-selection-discover-our-selection-rendez-vous-store\/trousers-shorts-rendez-vous-store\/lemaire-belted-carrot-pants-pa1085-lf1234-black\/#primaryimage\"},\"thumbnailUrl\":\"https:\/\/rendez-vous-store.com\/app\/uploads\/2024\/03\/rdv_lemaire_01-scaled.webp\",\"datePublished\":\"2024-03-20T10:15:22+00:00\",\"dateModified\":\"2026-04-24T12:11:34+00:00\",\"description\":\"Lemaire is on Rendez-vous Store. This Lemaire Belted Carrot Pants Black offers a timeless Parisian style that is cosmopolitan and sophisticated.\",\"breadcrumb\":{\"@id\":\"https:\/\/rendez-vous-store.com\/shop\/men-selection-discover-our-selection-rendez-vous-store\/trousers-shorts-rendez-vous-store\/lemaire-belted-carrot-pants-pa1085-lf1234-black\/#breadcrumb\"},\"inLanguage\":\"fr-FR\",\"potentialAction\":[{\"@type\":\"ReadAction\",\"target\":[\"https:\/\/rendez-vous-store.com\/shop\/men-selection-discover-our-selection-rendez-vous-store\/trousers-shorts-rendez-vous-store\/lemaire-belted-carrot-pants-pa1085-lf1234-black\/\"]}]},{\"@type\":\"ImageObject\",\"inLanguage\":\"fr-FR\",\"@id\":\"https:\/\/rendez-vous-store.com\/shop\/men-selection-discover-our-selection-rendez-vous-store\/trousers-shorts-rendez-vous-store\/lemaire-belted-carrot-pants-pa1085-lf1234-black\/#primaryimage\",\"url\":\"https:\/\/rendez-vous-store.com\/app\/uploads\/2024\/03\/rdv_lemaire_01-scaled.webp\",\"contentUrl\":\"https:\/\/rendez-vous-store.com\/app\/uploads\/2024\/03\/rdv_lemaire_01-scaled.webp\",\"width\":1696,\"height\":2560,\"caption\":\"Lemaire - Belted Carrot Pants PA1085 LF1234 - Black\"},{\"@type\":\"BreadcrumbList\",\"@id\":\"https:\/\/rendez-vous-store.com\/shop\/men-selection-discover-our-selection-rendez-vous-store\/trousers-shorts-rendez-vous-store\/lemaire-belted-carrot-pants-pa1085-lf1234-black\/#breadcrumb\",\"itemListElement\":[{\"@type\":\"ListItem\",\"position\":1,\"name\":\"Home\",\"item\":\"https:\/\/rendez-vous-store.com\/\"},{\"@type\":\"ListItem\",\"position\":2,\"name\":\"Shop\",\"item\":\"https:\/\/www.rendez-vous-store.com\/shop\/\"},{\"@type\":\"ListItem\",\"position\":3,\"name\":\"Lemaire &#8211; Belted Carrot Pants PA1085 LF1234 &#8211; Black\"}]},{\"@type\":\"WebSite\",\"@id\":\"https:\/\/rendez-vous-store.com\/#website\",\"url\":\"https:\/\/rendez-vous-store.com\/\",\"name\":\"RENDEZ-VOUS STORE\",\"description\":\"Slow Fashion for Women and Men\",\"potentialAction\":[{\"@type\":\"SearchAction\",\"target\":{\"@type\":\"EntryPoint\",\"urlTemplate\":\"https:\/\/rendez-vous-store.com\/?s={search_term_string}\"},\"query-input\":{\"@type\":\"PropertyValueSpecification\",\"valueRequired\":true,\"valueName\":\"search_term_string\"}}],\"inLanguage\":\"fr-FR\"}]}<\/script>\n<!-- \/ Yoast SEO plugin. -->","yoast_head_json":{"title":"Lemaire - Belted Carrot Pants Black - Rendez-vous Store","description":"Lemaire is on Rendez-vous Store. This Lemaire Belted Carrot Pants Black offers a timeless Parisian style that is cosmopolitan and sophisticated.","robots":{"index":"index","follow":"follow","max-snippet":"max-snippet:-1","max-image-preview":"max-image-preview:large","max-video-preview":"max-video-preview:-1"},"canonical":"https:\/\/rendez-vous-store.com\/fr\/shop\/men-selection-discover-our-selection-rendez-vous-store\/trousers-shorts-rendez-vous-store\/lemaire-belted-carrot-pants-pa1085-lf1234-black\/","og_locale":"fr_FR","og_type":"article","og_title":"Lemaire - Belted Carrot Pants Black - Rendez-vous Store","og_description":"Lemaire is on Rendez-vous Store. This Lemaire Belted Carrot Pants Black offers a timeless Parisian style that is cosmopolitan and sophisticated.","og_url":"https:\/\/rendez-vous-store.com\/fr\/shop\/men-selection-discover-our-selection-rendez-vous-store\/trousers-shorts-rendez-vous-store\/lemaire-belted-carrot-pants-pa1085-lf1234-black\/","og_site_name":"RENDEZ-VOUS STORE","article_modified_time":"2026-04-24T12:11:34+00:00","og_image":[{"width":1696,"height":2560,"url":"https:\/\/rendez-vous-store.com\/app\/uploads\/2024\/03\/rdv_lemaire_01-scaled.webp","type":"image\/webp"}],"twitter_card":"summary_large_image","twitter_misc":{"Est. reading time":"2 minutes"},"schema":{"@context":"https:\/\/schema.org","@graph":[{"@type":"WebPage","@id":"https:\/\/rendez-vous-store.com\/shop\/men-selection-discover-our-selection-rendez-vous-store\/trousers-shorts-rendez-vous-store\/lemaire-belted-carrot-pants-pa1085-lf1234-black\/","url":"https:\/\/rendez-vous-store.com\/shop\/men-selection-discover-our-selection-rendez-vous-store\/trousers-shorts-rendez-vous-store\/lemaire-belted-carrot-pants-pa1085-lf1234-black\/","name":"Lemaire - Belted Carrot Pants Black - Rendez-vous Store","isPartOf":{"@id":"https:\/\/rendez-vous-store.com\/#website"},"primaryImageOfPage":{"@id":"https:\/\/rendez-vous-store.com\/shop\/men-selection-discover-our-selection-rendez-vous-store\/trousers-shorts-rendez-vous-store\/lemaire-belted-carrot-pants-pa1085-lf1234-black\/#primaryimage"},"image":{"@id":"https:\/\/rendez-vous-store.com\/shop\/men-selection-discover-our-selection-rendez-vous-store\/trousers-shorts-rendez-vous-store\/lemaire-belted-carrot-pants-pa1085-lf1234-black\/#primaryimage"},"thumbnailUrl":"https:\/\/rendez-vous-store.com\/app\/uploads\/2024\/03\/rdv_lemaire_01-scaled.webp","datePublished":"2024-03-20T10:15:22+00:00","dateModified":"2026-04-24T12:11:34+00:00","description":"Lemaire is on Rendez-vous Store. This Lemaire Belted Carrot Pants Black offers a timeless Parisian style that is cosmopolitan and sophisticated.","breadcrumb":{"@id":"https:\/\/rendez-vous-store.com\/shop\/men-selection-discover-our-selection-rendez-vous-store\/trousers-shorts-rendez-vous-store\/lemaire-belted-carrot-pants-pa1085-lf1234-black\/#breadcrumb"},"inLanguage":"fr-FR","potentialAction":[{"@type":"ReadAction","target":["https:\/\/rendez-vous-store.com\/shop\/men-selection-discover-our-selection-rendez-vous-store\/trousers-shorts-rendez-vous-store\/lemaire-belted-carrot-pants-pa1085-lf1234-black\/"]}]},{"@type":"ImageObject","inLanguage":"fr-FR","@id":"https:\/\/rendez-vous-store.com\/shop\/men-selection-discover-our-selection-rendez-vous-store\/trousers-shorts-rendez-vous-store\/lemaire-belted-carrot-pants-pa1085-lf1234-black\/#primaryimage","url":"https:\/\/rendez-vous-store.com\/app\/uploads\/2024\/03\/rdv_lemaire_01-scaled.webp","contentUrl":"https:\/\/rendez-vous-store.com\/app\/uploads\/2024\/03\/rdv_lemaire_01-scaled.webp","width":1696,"height":2560,"caption":"Lemaire - Belted Carrot Pants PA1085 LF1234 - Black"},{"@type":"BreadcrumbList","@id":"https:\/\/rendez-vous-store.com\/shop\/men-selection-discover-our-selection-rendez-vous-store\/trousers-shorts-rendez-vous-store\/lemaire-belted-carrot-pants-pa1085-lf1234-black\/#breadcrumb","itemListElement":[{"@type":"ListItem","position":1,"name":"Home","item":"https:\/\/rendez-vous-store.com\/"},{"@type":"ListItem","position":2,"name":"Shop","item":"https:\/\/www.rendez-vous-store.com\/shop\/"},{"@type":"ListItem","position":3,"name":"Lemaire &#8211; Belted Carrot Pants PA1085 LF1234 &#8211; Black"}]},{"@type":"WebSite","@id":"https:\/\/rendez-vous-store.com\/#website","url":"https:\/\/rendez-vous-store.com\/","name":"RENDEZ-VOUS STORE","description":"Slow Fashion for Women and Men","potentialAction":[{"@type":"SearchAction","target":{"@type":"EntryPoint","urlTemplate":"https:\/\/rendez-vous-store.com\/?s={search_term_string}"},"query-input":{"@type":"PropertyValueSpecification","valueRequired":true,"valueName":"search_term_string"}}],"inLanguage":"fr-FR"}]}},"_links":{"self":[{"href":"https:\/\/rendez-vous-store.com\/fr\/wp-json\/wp\/v2\/product\/158398","targetHints":{"allow":["GET"]}}],"collection":[{"href":"https:\/\/rendez-vous-store.com\/fr\/wp-json\/wp\/v2\/product"}],"about":[{"href":"https:\/\/rendez-vous-store.com\/fr\/wp-json\/wp\/v2\/types\/product"}],"wp:featuredmedia":[{"embeddable":true,"href":"https:\/\/rendez-vous-store.com\/fr\/wp-json\/wp\/v2\/media\/158868"}],"wp:attachment":[{"href":"https:\/\/rendez-vous-store.com\/fr\/wp-json\/wp\/v2\/media?parent=158398"}],"wp:term":[{"taxonomy":"product_brand","embeddable":true,"href":"https:\/\/rendez-vous-store.com\/fr\/wp-json\/wp\/v2\/product_brand?post=158398"},{"taxonomy":"product_cat","embeddable":true,"href":"https:\/\/rendez-vous-store.com\/fr\/wp-json\/wp\/v2\/product_cat?post=158398"},{"taxonomy":"product_tag","embeddable":true,"href":"https:\/\/rendez-vous-store.com\/fr\/wp-json\/wp\/v2\/product_tag?post=158398"}],"curies":[{"name":"wp","href":"https:\/\/api.w.org\/{rel}","templated":true}]}}