{"id":158170,"date":"2024-03-19T12:05:37","date_gmt":"2024-03-19T11:05:37","guid":{"rendered":"https:\/\/rendez-vous-store.com\/?post_type=product&#038;p=158170"},"modified":"2026-03-16T17:13:21","modified_gmt":"2026-03-16T16:13:21","slug":"eleph-anouk-dress-popsicle-check-rendez-vous-store","status":"publish","type":"product","link":"https:\/\/rendez-vous-store.com\/fr\/shop\/women\/women-dresses-rendez-vous-store\/eleph-anouk-dress-popsicle-check-rendez-vous-store\/","title":{"rendered":"Eleph - Anouk Dress C5010421 - Popsicle Check"},"content":{"rendered":"<p>Eleph Anouk Dress Popsicle Check<\/p>\n<p>Couleur : Popsicle Check<\/p>\n<p>Col rond<\/p>\n<p>Sans manches<\/p>\n<p>Taille pliss\u00e9e<\/p>\n<p>Fermeture par bouton<\/p>\n<p>Taille ajustable avec cordon de serrage<\/p>\n<p>Composition : 98% Coton - 2% EA<\/p>\n<p>Fabriqu\u00e9 en Italie<\/p>\n<p>Code de style : C5010420<\/p>\n<p>&nbsp;<\/p>\n<p>&nbsp;<\/p>\n<p><strong>Ma\u00e9va mesure 168cm\u00a0<\/strong><\/p>\n<p><strong>Taille du mod\u00e8le : S<\/strong><\/p>\n<p><strong>Mesures : <\/strong><\/p>\n<p><strong>Taille XS : Epaules : 26cm - Poitrine : 45cm - Longueur : 123cm - Emmanchure : 23cm<\/strong><\/p>\n<p><strong>Taille S : Epaules : 28cm - Poitrine : 48cm - Longueur : 125cm - Emmanchure : 24cm<\/strong><\/p>\n<p>&nbsp;<\/p>\n<p>&nbsp;<\/p>\n<p>&nbsp;<\/p>\n<p>Port\u00e9 avec :<\/p>\n<p>Chaussures :\u00a0<a href=\"https:\/\/rendez-vous-store.com\/fr\/shop\/women-selection-discover-our-selection-rendez-vous-store\/women-shoes-heels-discover-our-selection-rendez-vous-store\/le-monde-beryl-luna-slipper-mesh-black-rendez-vous-store\/\">Le Monde B\u00e9ryl - Chausson Luna Maille - Noir<\/a><\/p>\n<p>&nbsp;<\/p>\n<h4><\/h4>\n<h4><\/h4>\n<h4>La marque<\/h4>\n<p>Cette robe Eleph Anouk \u00e0 carreaux est con\u00e7ue pour \u00eatre ch\u00e9rie et gard\u00e9e pr\u00e8s de soi.<\/p>\n<p>ELEPH se consacre \u00e0 la fabrication de produits intemporels, en mettant l'accent sur la durabilit\u00e9 et la long\u00e9vit\u00e9. Chaque collection est compos\u00e9e d'un m\u00e9lange de mat\u00e9riaux recycl\u00e9s et de fabrications durables pour r\u00e9sister aux \u00e9preuves du temps.<\/p>\n<p>&nbsp;<\/p>\n<p>Au-del\u00e0 de l'utilisation de mat\u00e9riaux recycl\u00e9s, ELEPH privil\u00e9gie les pratiques de production \u00e9thiques et les processus de fabrication respectueux de l'environnement. En s\u00e9lectionnant consciemment des mat\u00e9riaux et des m\u00e9thodes qui minimisent les d\u00e9chets et r\u00e9duisent l'impact sur l'environnement, la marque aligne ses produits sur des valeurs de gestion de l'environnement et de responsabilit\u00e9 sociale.<\/p>\n<p>Qu'il s'agisse de sacs, d'accessoires, de v\u00eatements ou d'articles pour la maison, chaque produit ELEPH fait l'objet d'un travail artisanal m\u00e9ticuleux et d'une attention particuli\u00e8re aux d\u00e9tails. Ses cr\u00e9ations transcendent la simple fonction et deviennent des objets ch\u00e9ris pour les ann\u00e9es \u00e0 venir. Avec des designs intemporels et une \u00e9thique durable, ELEPH encourage une approche plus consciente de la consommation, invitant les individus \u00e0 investir dans des produits qui sont \u00e0 la fois beaux et respectueux de l'environnement.<\/p>\n<p>&nbsp;<\/p>\n<p>Les v\u00eatements ELEPH se caract\u00e9risent par un style intemporel et une esth\u00e9tique minimaliste. La marque con\u00e7oit chaque pi\u00e8ce avec \u00e9l\u00e9gance et fonctionnalit\u00e9, en misant sur des lignes \u00e9pur\u00e9es et des silhouettes sophistiqu\u00e9es. En privil\u00e9giant des mati\u00e8res de haute qualit\u00e9 et des finitions impeccables, ELEPH propose des v\u00eatements qui d\u00e9passent les tendances \u00e9ph\u00e9m\u00e8res et permettent \u00e0 celles et ceux qui les portent d\u2019afficher une confiance durable. Avec son approche raffin\u00e9e et discr\u00e8te, ELEPH incarne l\u2019\u00e9l\u00e9gance d\u00e9contract\u00e9e et encourage chacun \u00e0 exprimer son style avec simplicit\u00e9 et assurance.<\/p>","protected":false},"excerpt":{"rendered":"<p>Eleph Anouk Dress Popsicle Check Color: Popsicle Check C-neck Sleeveless Pleated waist Button Closure Adjustable waist with drawcord Composition: 98% Cotton &#8211; 2% EA Made in Italy Style code: C5010420 &nbsp; &nbsp; Ma\u00e9va is 168cm\u00a0 Model size: S Measurements: Size XS: Shoulders: 26cm &#8211; Chest: 45cm &#8211; Length: 123cm &#8211; Armhole: 23cm Size S: Shoulders:&hellip; <a class=\"more-link\" href=\"https:\/\/rendez-vous-store.com\/fr\/shop\/women\/women-dresses-rendez-vous-store\/eleph-anouk-dress-popsicle-check-rendez-vous-store\/\">Continue reading <span class=\"screen-reader-text\">Eleph - Anouk Dress C5010421 - Popsicle Check<\/span><\/a><\/p>","protected":false},"featured_media":159360,"template":"","meta":{"_acf_changed":false},"product_brand":[],"product_cat":[1232,17,376],"product_tag":[1251],"class_list":{"0":"post-158170","1":"product","2":"type-product","3":"status-publish","4":"has-post-thumbnail","6":"product_cat-sale-40","7":"product_cat-women","8":"product_cat-women-dresses-rendez-vous-store","9":"product_tag-eleph-timeless-items-rendez-vous-store","10":"entry","12":"first","13":"outofstock","14":"taxable","15":"shipping-taxable","16":"product-type-variable"},"acf":[],"yoast_head":"<!-- This site is optimized with the Yoast SEO plugin v24.9 - https:\/\/yoast.com\/wordpress\/plugins\/seo\/ -->\n<title>Eleph - Anouk Dress Popsicle Check - Rendez-vous Store<\/title>\n<meta name=\"description\" content=\"Eleph is on Rendez-vous Store. This Eleph Anouk Dress Popsicle Check is designed to be cherished and kept close.\" \/>\n<meta name=\"robots\" content=\"index, follow, max-snippet:-1, max-image-preview:large, max-video-preview:-1\" \/>\n<link rel=\"canonical\" href=\"https:\/\/rendez-vous-store.com\/fr\/shop\/summer-sale-2024\/summer-sale-2024-women\/summer-sale-dress\/eleph-anouk-dress-popsicle-check-rendez-vous-store\/\" \/>\n<meta property=\"og:locale\" content=\"fr_FR\" \/>\n<meta property=\"og:type\" content=\"article\" \/>\n<meta property=\"og:title\" content=\"Eleph - Anouk Dress Popsicle Check - Rendez-vous Store\" \/>\n<meta property=\"og:description\" content=\"Eleph is on Rendez-vous Store. This Eleph Anouk Dress Popsicle Check is designed to be cherished and kept close.\" \/>\n<meta property=\"og:url\" content=\"https:\/\/rendez-vous-store.com\/fr\/shop\/summer-sale-2024\/summer-sale-2024-women\/summer-sale-dress\/eleph-anouk-dress-popsicle-check-rendez-vous-store\/\" \/>\n<meta property=\"og:site_name\" content=\"RENDEZ-VOUS STORE\" \/>\n<meta property=\"article:modified_time\" content=\"2026-03-16T16:13:21+00:00\" \/>\n<meta property=\"og:image\" content=\"https:\/\/rendez-vous-store.com\/wp-content\/uploads\/2024\/03\/robe-carreaux.webp\" \/>\n\t<meta property=\"og:image:width\" content=\"1696\" \/>\n\t<meta property=\"og:image:height\" content=\"2560\" \/>\n\t<meta property=\"og:image:type\" content=\"image\/webp\" \/>\n<meta name=\"twitter:card\" content=\"summary_large_image\" \/>\n<meta name=\"twitter:label1\" content=\"Est. reading time\" \/>\n\t<meta name=\"twitter:data1\" content=\"2 minutes\" \/>\n<script type=\"application\/ld+json\" class=\"yoast-schema-graph\">{\"@context\":\"https:\/\/schema.org\",\"@graph\":[{\"@type\":\"WebPage\",\"@id\":\"https:\/\/rendez-vous-store.com\/shop\/summer-sale-2024\/summer-sale-2024-women\/summer-sale-dress\/eleph-anouk-dress-popsicle-check-rendez-vous-store\/\",\"url\":\"https:\/\/rendez-vous-store.com\/shop\/summer-sale-2024\/summer-sale-2024-women\/summer-sale-dress\/eleph-anouk-dress-popsicle-check-rendez-vous-store\/\",\"name\":\"Eleph - Anouk Dress Popsicle Check - Rendez-vous Store\",\"isPartOf\":{\"@id\":\"https:\/\/rendez-vous-store.com\/#website\"},\"primaryImageOfPage\":{\"@id\":\"https:\/\/rendez-vous-store.com\/shop\/summer-sale-2024\/summer-sale-2024-women\/summer-sale-dress\/eleph-anouk-dress-popsicle-check-rendez-vous-store\/#primaryimage\"},\"image\":{\"@id\":\"https:\/\/rendez-vous-store.com\/shop\/summer-sale-2024\/summer-sale-2024-women\/summer-sale-dress\/eleph-anouk-dress-popsicle-check-rendez-vous-store\/#primaryimage\"},\"thumbnailUrl\":\"https:\/\/rendez-vous-store.com\/app\/uploads\/2024\/03\/robe-carreaux.webp\",\"datePublished\":\"2024-03-19T11:05:37+00:00\",\"dateModified\":\"2026-03-16T16:13:21+00:00\",\"description\":\"Eleph is on Rendez-vous Store. This Eleph Anouk Dress Popsicle Check is designed to be cherished and kept close.\",\"breadcrumb\":{\"@id\":\"https:\/\/rendez-vous-store.com\/shop\/summer-sale-2024\/summer-sale-2024-women\/summer-sale-dress\/eleph-anouk-dress-popsicle-check-rendez-vous-store\/#breadcrumb\"},\"inLanguage\":\"fr-FR\",\"potentialAction\":[{\"@type\":\"ReadAction\",\"target\":[\"https:\/\/rendez-vous-store.com\/shop\/summer-sale-2024\/summer-sale-2024-women\/summer-sale-dress\/eleph-anouk-dress-popsicle-check-rendez-vous-store\/\"]}]},{\"@type\":\"ImageObject\",\"inLanguage\":\"fr-FR\",\"@id\":\"https:\/\/rendez-vous-store.com\/shop\/summer-sale-2024\/summer-sale-2024-women\/summer-sale-dress\/eleph-anouk-dress-popsicle-check-rendez-vous-store\/#primaryimage\",\"url\":\"https:\/\/rendez-vous-store.com\/app\/uploads\/2024\/03\/robe-carreaux.webp\",\"contentUrl\":\"https:\/\/rendez-vous-store.com\/app\/uploads\/2024\/03\/robe-carreaux.webp\",\"width\":1696,\"height\":2560,\"caption\":\"Eleph - Anouk Dress C5010421 - Popsicle Check\"},{\"@type\":\"BreadcrumbList\",\"@id\":\"https:\/\/rendez-vous-store.com\/shop\/summer-sale-2024\/summer-sale-2024-women\/summer-sale-dress\/eleph-anouk-dress-popsicle-check-rendez-vous-store\/#breadcrumb\",\"itemListElement\":[{\"@type\":\"ListItem\",\"position\":1,\"name\":\"Home\",\"item\":\"https:\/\/rendez-vous-store.com\/\"},{\"@type\":\"ListItem\",\"position\":2,\"name\":\"Shop\",\"item\":\"https:\/\/www.rendez-vous-store.com\/shop\/\"},{\"@type\":\"ListItem\",\"position\":3,\"name\":\"Eleph &#8211; Anouk Dress C5010421 &#8211; Popsicle Check\"}]},{\"@type\":\"WebSite\",\"@id\":\"https:\/\/rendez-vous-store.com\/#website\",\"url\":\"https:\/\/rendez-vous-store.com\/\",\"name\":\"RENDEZ-VOUS STORE\",\"description\":\"Slow Fashion for Women and Men\",\"potentialAction\":[{\"@type\":\"SearchAction\",\"target\":{\"@type\":\"EntryPoint\",\"urlTemplate\":\"https:\/\/rendez-vous-store.com\/?s={search_term_string}\"},\"query-input\":{\"@type\":\"PropertyValueSpecification\",\"valueRequired\":true,\"valueName\":\"search_term_string\"}}],\"inLanguage\":\"fr-FR\"}]}<\/script>\n<!-- \/ Yoast SEO plugin. -->","yoast_head_json":{"title":"Eleph - Anouk Dress Popsicle Check - Rendez-vous Store","description":"Eleph is on Rendez-vous Store. This Eleph Anouk Dress Popsicle Check is designed to be cherished and kept close.","robots":{"index":"index","follow":"follow","max-snippet":"max-snippet:-1","max-image-preview":"max-image-preview:large","max-video-preview":"max-video-preview:-1"},"canonical":"https:\/\/rendez-vous-store.com\/fr\/shop\/summer-sale-2024\/summer-sale-2024-women\/summer-sale-dress\/eleph-anouk-dress-popsicle-check-rendez-vous-store\/","og_locale":"fr_FR","og_type":"article","og_title":"Eleph - Anouk Dress Popsicle Check - Rendez-vous Store","og_description":"Eleph is on Rendez-vous Store. This Eleph Anouk Dress Popsicle Check is designed to be cherished and kept close.","og_url":"https:\/\/rendez-vous-store.com\/fr\/shop\/summer-sale-2024\/summer-sale-2024-women\/summer-sale-dress\/eleph-anouk-dress-popsicle-check-rendez-vous-store\/","og_site_name":"RENDEZ-VOUS STORE","article_modified_time":"2026-03-16T16:13:21+00:00","og_image":[{"width":1696,"height":2560,"url":"https:\/\/rendez-vous-store.com\/wp-content\/uploads\/2024\/03\/robe-carreaux.webp","type":"image\/webp"}],"twitter_card":"summary_large_image","twitter_misc":{"Est. reading time":"2 minutes"},"schema":{"@context":"https:\/\/schema.org","@graph":[{"@type":"WebPage","@id":"https:\/\/rendez-vous-store.com\/shop\/summer-sale-2024\/summer-sale-2024-women\/summer-sale-dress\/eleph-anouk-dress-popsicle-check-rendez-vous-store\/","url":"https:\/\/rendez-vous-store.com\/shop\/summer-sale-2024\/summer-sale-2024-women\/summer-sale-dress\/eleph-anouk-dress-popsicle-check-rendez-vous-store\/","name":"Eleph - Anouk Dress Popsicle Check - Rendez-vous Store","isPartOf":{"@id":"https:\/\/rendez-vous-store.com\/#website"},"primaryImageOfPage":{"@id":"https:\/\/rendez-vous-store.com\/shop\/summer-sale-2024\/summer-sale-2024-women\/summer-sale-dress\/eleph-anouk-dress-popsicle-check-rendez-vous-store\/#primaryimage"},"image":{"@id":"https:\/\/rendez-vous-store.com\/shop\/summer-sale-2024\/summer-sale-2024-women\/summer-sale-dress\/eleph-anouk-dress-popsicle-check-rendez-vous-store\/#primaryimage"},"thumbnailUrl":"https:\/\/rendez-vous-store.com\/app\/uploads\/2024\/03\/robe-carreaux.webp","datePublished":"2024-03-19T11:05:37+00:00","dateModified":"2026-03-16T16:13:21+00:00","description":"Eleph is on Rendez-vous Store. This Eleph Anouk Dress Popsicle Check is designed to be cherished and kept close.","breadcrumb":{"@id":"https:\/\/rendez-vous-store.com\/shop\/summer-sale-2024\/summer-sale-2024-women\/summer-sale-dress\/eleph-anouk-dress-popsicle-check-rendez-vous-store\/#breadcrumb"},"inLanguage":"fr-FR","potentialAction":[{"@type":"ReadAction","target":["https:\/\/rendez-vous-store.com\/shop\/summer-sale-2024\/summer-sale-2024-women\/summer-sale-dress\/eleph-anouk-dress-popsicle-check-rendez-vous-store\/"]}]},{"@type":"ImageObject","inLanguage":"fr-FR","@id":"https:\/\/rendez-vous-store.com\/shop\/summer-sale-2024\/summer-sale-2024-women\/summer-sale-dress\/eleph-anouk-dress-popsicle-check-rendez-vous-store\/#primaryimage","url":"https:\/\/rendez-vous-store.com\/app\/uploads\/2024\/03\/robe-carreaux.webp","contentUrl":"https:\/\/rendez-vous-store.com\/app\/uploads\/2024\/03\/robe-carreaux.webp","width":1696,"height":2560,"caption":"Eleph - Anouk Dress C5010421 - Popsicle Check"},{"@type":"BreadcrumbList","@id":"https:\/\/rendez-vous-store.com\/shop\/summer-sale-2024\/summer-sale-2024-women\/summer-sale-dress\/eleph-anouk-dress-popsicle-check-rendez-vous-store\/#breadcrumb","itemListElement":[{"@type":"ListItem","position":1,"name":"Home","item":"https:\/\/rendez-vous-store.com\/"},{"@type":"ListItem","position":2,"name":"Shop","item":"https:\/\/www.rendez-vous-store.com\/shop\/"},{"@type":"ListItem","position":3,"name":"Eleph &#8211; Anouk Dress C5010421 &#8211; Popsicle Check"}]},{"@type":"WebSite","@id":"https:\/\/rendez-vous-store.com\/#website","url":"https:\/\/rendez-vous-store.com\/","name":"RENDEZ-VOUS STORE","description":"Slow Fashion for Women and Men","potentialAction":[{"@type":"SearchAction","target":{"@type":"EntryPoint","urlTemplate":"https:\/\/rendez-vous-store.com\/?s={search_term_string}"},"query-input":{"@type":"PropertyValueSpecification","valueRequired":true,"valueName":"search_term_string"}}],"inLanguage":"fr-FR"}]}},"_links":{"self":[{"href":"https:\/\/rendez-vous-store.com\/fr\/wp-json\/wp\/v2\/product\/158170","targetHints":{"allow":["GET"]}}],"collection":[{"href":"https:\/\/rendez-vous-store.com\/fr\/wp-json\/wp\/v2\/product"}],"about":[{"href":"https:\/\/rendez-vous-store.com\/fr\/wp-json\/wp\/v2\/types\/product"}],"wp:featuredmedia":[{"embeddable":true,"href":"https:\/\/rendez-vous-store.com\/fr\/wp-json\/wp\/v2\/media\/159360"}],"wp:attachment":[{"href":"https:\/\/rendez-vous-store.com\/fr\/wp-json\/wp\/v2\/media?parent=158170"}],"wp:term":[{"taxonomy":"product_brand","embeddable":true,"href":"https:\/\/rendez-vous-store.com\/fr\/wp-json\/wp\/v2\/product_brand?post=158170"},{"taxonomy":"product_cat","embeddable":true,"href":"https:\/\/rendez-vous-store.com\/fr\/wp-json\/wp\/v2\/product_cat?post=158170"},{"taxonomy":"product_tag","embeddable":true,"href":"https:\/\/rendez-vous-store.com\/fr\/wp-json\/wp\/v2\/product_tag?post=158170"}],"curies":[{"name":"wp","href":"https:\/\/api.w.org\/{rel}","templated":true}]}}