{"id":157671,"date":"2024-03-15T12:17:37","date_gmt":"2024-03-15T11:17:37","guid":{"rendered":"https:\/\/rendez-vous-store.com\/?post_type=product&#038;p=157671"},"modified":"2026-03-16T17:12:09","modified_gmt":"2026-03-16T16:12:09","slug":"sofie-dhoore-ducie-long-dress-2-pockets-woven-pastis-rendez-vous-store","status":"publish","type":"product","link":"https:\/\/rendez-vous-store.com\/fr\/shop\/women\/women-dresses-rendez-vous-store\/sofie-dhoore-ducie-long-dress-2-pockets-woven-pastis-rendez-vous-store\/","title":{"rendered":"Sofie D'Hoore - DUCIE Robe longue 2 poches - Pastis tiss\u00e9"},"content":{"rendered":"<h4>Sofie D'Hoore DUCIE Robe longue 2 poches Pastis tiss\u00e9<\/h4>\n<p>Couleur : Pastis tiss\u00e9<\/p>\n<p>Manches courtes<\/p>\n<p>Col rond<\/p>\n<p>2 poches lat\u00e9rales<\/p>\n<p>Composition : 58% Lin - 42% Coton<\/p>\n<p>Fabriqu\u00e9 en Bulgarie<\/p>\n<p>&nbsp;<\/p>\n<p>&nbsp;<\/p>\n<p><strong>Tableau des tailles : 34=XS \/ 36=S \/ 38=M<\/strong><\/p>\n<p>&nbsp;<\/p>\n<p>&nbsp;<\/p>\n<p>&nbsp;<\/p>\n<h4>La marque<\/h4>\n<p>Cette robe Sofie D'Hoore DUCIE Long Dress 2 Pockets Woven Pastis manifeste la recherche constante de raffinement de la marque.<\/p>\n<p>Sofie D'Hoore est une cr\u00e9atrice de mode belge c\u00e9l\u00e8bre pour son approche minimaliste et sophistiqu\u00e9e de la mode f\u00e9minine. Avec une carri\u00e8re qui s'\u00e9tend sur plus de trois d\u00e9cennies, elle s'est impos\u00e9e comme une figure de proue de l'industrie de la mode, s'attirant les louanges pour ses cr\u00e9ations intemporelles et son savoir-faire impeccable.<\/p>\n<p>Au c\u0153ur de la marque Sofie D'Hoore se trouve un engagement en faveur de la qualit\u00e9, du confort et d'une \u00e9l\u00e9gance discr\u00e8te. Chaque v\u00eatement est m\u00e9ticuleusement confectionn\u00e9 \u00e0 l'aide des mat\u00e9riaux les plus fins et de techniques expertes, ce qui permet de cr\u00e9er des v\u00eatements non seulement magnifiques, mais aussi luxueux \u00e0 porter.<\/p>\n<p>Les cr\u00e9ations se caract\u00e9risent par des lignes \u00e9pur\u00e9es, des silhouettes d\u00e9contract\u00e9es et des d\u00e9tails subtils, cr\u00e9ant des v\u00eatements qui allient sans effort polyvalence et modernit\u00e9. Des manteaux et pantalons impeccablement taill\u00e9s aux robes et ensembles chic sans effort, chaque pi\u00e8ce d\u00e9gage une impression de luxe discret et de simplicit\u00e9 raffin\u00e9e.<\/p>\n<p>Outre l'importance qu'elle accorde au design et \u00e0 la qualit\u00e9, Sofie D'Hoore s'engage en faveur du d\u00e9veloppement durable et de pratiques de production \u00e9thiques. La marque privil\u00e9gie les mat\u00e9riaux et les m\u00e9thodes de fabrication respectueux de l'environnement, en veillant \u00e0 ce que son impact sur la plan\u00e8te soit le plus faible possible.<\/p>\n<p>Avec son attrait intemporel et son attachement \u00e0 la qualit\u00e9 de l'artisanat, Sofie D'Hoore invite les femmes \u00e0 embrasser leur individualit\u00e9 et \u00e0 s'exprimer avec confiance et gr\u00e2ce. Que ce soit pour le travail ou les loisirs, Sofie D'Hoore propose des v\u00eatements qui incarnent la sophistication, le confort et le style sans effort.<\/p>","protected":false},"excerpt":{"rendered":"<p>Sofie D&#8217;Hoore DUCIE Long Dress 2 Pockets Woven Pastis Color: Woven Pastis Short sleeves Round neck 2 side pockets Composition: 58% Linen &#8211; 42% Cotton Made in Bulgaria &nbsp; &nbsp; Size Chart: 34=XS \/ 36=S \/ 38=M &nbsp; &nbsp; &nbsp; The Brand This Sofie D&#8217;Hoore DUCIE Long Dress 2 Pockets Woven Pastis manifests the constant&hellip; <a class=\"more-link\" href=\"https:\/\/rendez-vous-store.com\/fr\/shop\/women\/women-dresses-rendez-vous-store\/sofie-dhoore-ducie-long-dress-2-pockets-woven-pastis-rendez-vous-store\/\">Continuer la lecture <span class=\"screen-reader-text\">Sofie D'Hoore - DUCIE Robe longue 2 poches - Pastis tiss\u00e9<\/span><\/a><\/p>","protected":false},"featured_media":159661,"template":"","meta":{"_acf_changed":false},"product_brand":[],"product_cat":[1232,17,376],"product_tag":[711],"class_list":{"0":"post-157671","1":"product","2":"type-product","3":"status-publish","4":"has-post-thumbnail","6":"product_cat-sale-40","7":"product_cat-women","8":"product_cat-women-dresses-rendez-vous-store","9":"product_tag-sofie-dhoore-womenswear-rendez-vous-store","10":"entry","12":"first","13":"outofstock","14":"taxable","15":"shipping-taxable","16":"product-type-variable"},"acf":[],"yoast_head":"<!-- This site is optimized with the Yoast SEO plugin v24.9 - https:\/\/yoast.com\/wordpress\/plugins\/seo\/ -->\n<title>Sofie D&#039;Hoore - DUCIE Long Dress 2 Pockets Woven Pastis - Rendez-vous Store<\/title>\n<meta name=\"description\" content=\"Sofie D&#039;hoore is on Rendez-vous Store. This Sofie D&#039;hoore DUCIE Long Dress 2 Pockets Woven Pastis manifests the constant search for refinement the brand.\" \/>\n<meta name=\"robots\" content=\"index, follow, max-snippet:-1, max-image-preview:large, max-video-preview:-1\" \/>\n<link rel=\"canonical\" href=\"https:\/\/rendez-vous-store.com\/fr\/shop\/summer-sale-2024\/summer-sale-2024-women\/summer-sale-dress\/sofie-dhoore-ducie-long-dress-2-pockets-woven-pastis-rendez-vous-store\/\" \/>\n<meta property=\"og:locale\" content=\"fr_FR\" \/>\n<meta property=\"og:type\" content=\"article\" \/>\n<meta property=\"og:title\" content=\"Sofie D&#039;Hoore - DUCIE Long Dress 2 Pockets Woven Pastis - Rendez-vous Store\" \/>\n<meta property=\"og:description\" content=\"Sofie D&#039;hoore is on Rendez-vous Store. This Sofie D&#039;hoore DUCIE Long Dress 2 Pockets Woven Pastis manifests the constant search for refinement the brand.\" \/>\n<meta property=\"og:url\" content=\"https:\/\/rendez-vous-store.com\/fr\/shop\/summer-sale-2024\/summer-sale-2024-women\/summer-sale-dress\/sofie-dhoore-ducie-long-dress-2-pockets-woven-pastis-rendez-vous-store\/\" \/>\n<meta property=\"og:site_name\" content=\"RENDEZ-VOUS STORE\" \/>\n<meta property=\"article:modified_time\" content=\"2026-03-16T16:12:09+00:00\" \/>\n<meta property=\"og:image\" content=\"https:\/\/rendez-vous-store.com\/wp-content\/uploads\/2024\/03\/S12-scaled.webp\" \/>\n\t<meta property=\"og:image:width\" content=\"1725\" \/>\n\t<meta property=\"og:image:height\" content=\"2560\" \/>\n\t<meta property=\"og:image:type\" content=\"image\/webp\" \/>\n<meta name=\"twitter:card\" content=\"summary_large_image\" \/>\n<meta name=\"twitter:label1\" content=\"Est. reading time\" \/>\n\t<meta name=\"twitter:data1\" content=\"2 minutes\" \/>\n<script type=\"application\/ld+json\" class=\"yoast-schema-graph\">{\"@context\":\"https:\/\/schema.org\",\"@graph\":[{\"@type\":\"WebPage\",\"@id\":\"https:\/\/rendez-vous-store.com\/shop\/summer-sale-2024\/summer-sale-2024-women\/summer-sale-dress\/sofie-dhoore-ducie-long-dress-2-pockets-woven-pastis-rendez-vous-store\/\",\"url\":\"https:\/\/rendez-vous-store.com\/shop\/summer-sale-2024\/summer-sale-2024-women\/summer-sale-dress\/sofie-dhoore-ducie-long-dress-2-pockets-woven-pastis-rendez-vous-store\/\",\"name\":\"Sofie D'Hoore - DUCIE Long Dress 2 Pockets Woven Pastis - Rendez-vous Store\",\"isPartOf\":{\"@id\":\"https:\/\/rendez-vous-store.com\/#website\"},\"primaryImageOfPage\":{\"@id\":\"https:\/\/rendez-vous-store.com\/shop\/summer-sale-2024\/summer-sale-2024-women\/summer-sale-dress\/sofie-dhoore-ducie-long-dress-2-pockets-woven-pastis-rendez-vous-store\/#primaryimage\"},\"image\":{\"@id\":\"https:\/\/rendez-vous-store.com\/shop\/summer-sale-2024\/summer-sale-2024-women\/summer-sale-dress\/sofie-dhoore-ducie-long-dress-2-pockets-woven-pastis-rendez-vous-store\/#primaryimage\"},\"thumbnailUrl\":\"https:\/\/rendez-vous-store.com\/app\/uploads\/2024\/03\/S12-scaled.webp\",\"datePublished\":\"2024-03-15T11:17:37+00:00\",\"dateModified\":\"2026-03-16T16:12:09+00:00\",\"description\":\"Sofie D'hoore is on Rendez-vous Store. This Sofie D'hoore DUCIE Long Dress 2 Pockets Woven Pastis manifests the constant search for refinement the brand.\",\"breadcrumb\":{\"@id\":\"https:\/\/rendez-vous-store.com\/shop\/summer-sale-2024\/summer-sale-2024-women\/summer-sale-dress\/sofie-dhoore-ducie-long-dress-2-pockets-woven-pastis-rendez-vous-store\/#breadcrumb\"},\"inLanguage\":\"fr-FR\",\"potentialAction\":[{\"@type\":\"ReadAction\",\"target\":[\"https:\/\/rendez-vous-store.com\/shop\/summer-sale-2024\/summer-sale-2024-women\/summer-sale-dress\/sofie-dhoore-ducie-long-dress-2-pockets-woven-pastis-rendez-vous-store\/\"]}]},{\"@type\":\"ImageObject\",\"inLanguage\":\"fr-FR\",\"@id\":\"https:\/\/rendez-vous-store.com\/shop\/summer-sale-2024\/summer-sale-2024-women\/summer-sale-dress\/sofie-dhoore-ducie-long-dress-2-pockets-woven-pastis-rendez-vous-store\/#primaryimage\",\"url\":\"https:\/\/rendez-vous-store.com\/app\/uploads\/2024\/03\/S12-scaled.webp\",\"contentUrl\":\"https:\/\/rendez-vous-store.com\/app\/uploads\/2024\/03\/S12-scaled.webp\",\"width\":1725,\"height\":2560,\"caption\":\"Sofie D'Hoore - DUCIE Long Dress 2 Pockets - Woven Pastis\"},{\"@type\":\"BreadcrumbList\",\"@id\":\"https:\/\/rendez-vous-store.com\/shop\/summer-sale-2024\/summer-sale-2024-women\/summer-sale-dress\/sofie-dhoore-ducie-long-dress-2-pockets-woven-pastis-rendez-vous-store\/#breadcrumb\",\"itemListElement\":[{\"@type\":\"ListItem\",\"position\":1,\"name\":\"Home\",\"item\":\"https:\/\/rendez-vous-store.com\/\"},{\"@type\":\"ListItem\",\"position\":2,\"name\":\"Shop\",\"item\":\"https:\/\/www.rendez-vous-store.com\/shop\/\"},{\"@type\":\"ListItem\",\"position\":3,\"name\":\"Sofie D&#8217;Hoore &#8211; DUCIE Long Dress 2 Pockets &#8211; Woven Pastis\"}]},{\"@type\":\"WebSite\",\"@id\":\"https:\/\/rendez-vous-store.com\/#website\",\"url\":\"https:\/\/rendez-vous-store.com\/\",\"name\":\"RENDEZ-VOUS STORE\",\"description\":\"Slow Fashion for Women and Men\",\"potentialAction\":[{\"@type\":\"SearchAction\",\"target\":{\"@type\":\"EntryPoint\",\"urlTemplate\":\"https:\/\/rendez-vous-store.com\/?s={search_term_string}\"},\"query-input\":{\"@type\":\"PropertyValueSpecification\",\"valueRequired\":true,\"valueName\":\"search_term_string\"}}],\"inLanguage\":\"fr-FR\"}]}<\/script>\n<!-- \/ Yoast SEO plugin. -->","yoast_head_json":{"title":"Sofie D'Hoore - DUCIE Long Dress 2 Pockets Woven Pastis - Rendez-vous Store","description":"Sofie D'hoore is on Rendez-vous Store. This Sofie D'hoore DUCIE Long Dress 2 Pockets Woven Pastis manifests the constant search for refinement the brand.","robots":{"index":"index","follow":"follow","max-snippet":"max-snippet:-1","max-image-preview":"max-image-preview:large","max-video-preview":"max-video-preview:-1"},"canonical":"https:\/\/rendez-vous-store.com\/fr\/shop\/summer-sale-2024\/summer-sale-2024-women\/summer-sale-dress\/sofie-dhoore-ducie-long-dress-2-pockets-woven-pastis-rendez-vous-store\/","og_locale":"fr_FR","og_type":"article","og_title":"Sofie D'Hoore - DUCIE Long Dress 2 Pockets Woven Pastis - Rendez-vous Store","og_description":"Sofie D'hoore is on Rendez-vous Store. This Sofie D'hoore DUCIE Long Dress 2 Pockets Woven Pastis manifests the constant search for refinement the brand.","og_url":"https:\/\/rendez-vous-store.com\/fr\/shop\/summer-sale-2024\/summer-sale-2024-women\/summer-sale-dress\/sofie-dhoore-ducie-long-dress-2-pockets-woven-pastis-rendez-vous-store\/","og_site_name":"RENDEZ-VOUS STORE","article_modified_time":"2026-03-16T16:12:09+00:00","og_image":[{"width":1725,"height":2560,"url":"https:\/\/rendez-vous-store.com\/wp-content\/uploads\/2024\/03\/S12-scaled.webp","type":"image\/webp"}],"twitter_card":"summary_large_image","twitter_misc":{"Est. reading time":"2 minutes"},"schema":{"@context":"https:\/\/schema.org","@graph":[{"@type":"WebPage","@id":"https:\/\/rendez-vous-store.com\/shop\/summer-sale-2024\/summer-sale-2024-women\/summer-sale-dress\/sofie-dhoore-ducie-long-dress-2-pockets-woven-pastis-rendez-vous-store\/","url":"https:\/\/rendez-vous-store.com\/shop\/summer-sale-2024\/summer-sale-2024-women\/summer-sale-dress\/sofie-dhoore-ducie-long-dress-2-pockets-woven-pastis-rendez-vous-store\/","name":"Sofie D'Hoore - DUCIE Long Dress 2 Pockets Woven Pastis - Rendez-vous Store","isPartOf":{"@id":"https:\/\/rendez-vous-store.com\/#website"},"primaryImageOfPage":{"@id":"https:\/\/rendez-vous-store.com\/shop\/summer-sale-2024\/summer-sale-2024-women\/summer-sale-dress\/sofie-dhoore-ducie-long-dress-2-pockets-woven-pastis-rendez-vous-store\/#primaryimage"},"image":{"@id":"https:\/\/rendez-vous-store.com\/shop\/summer-sale-2024\/summer-sale-2024-women\/summer-sale-dress\/sofie-dhoore-ducie-long-dress-2-pockets-woven-pastis-rendez-vous-store\/#primaryimage"},"thumbnailUrl":"https:\/\/rendez-vous-store.com\/app\/uploads\/2024\/03\/S12-scaled.webp","datePublished":"2024-03-15T11:17:37+00:00","dateModified":"2026-03-16T16:12:09+00:00","description":"Sofie D'hoore is on Rendez-vous Store. This Sofie D'hoore DUCIE Long Dress 2 Pockets Woven Pastis manifests the constant search for refinement the brand.","breadcrumb":{"@id":"https:\/\/rendez-vous-store.com\/shop\/summer-sale-2024\/summer-sale-2024-women\/summer-sale-dress\/sofie-dhoore-ducie-long-dress-2-pockets-woven-pastis-rendez-vous-store\/#breadcrumb"},"inLanguage":"fr-FR","potentialAction":[{"@type":"ReadAction","target":["https:\/\/rendez-vous-store.com\/shop\/summer-sale-2024\/summer-sale-2024-women\/summer-sale-dress\/sofie-dhoore-ducie-long-dress-2-pockets-woven-pastis-rendez-vous-store\/"]}]},{"@type":"ImageObject","inLanguage":"fr-FR","@id":"https:\/\/rendez-vous-store.com\/shop\/summer-sale-2024\/summer-sale-2024-women\/summer-sale-dress\/sofie-dhoore-ducie-long-dress-2-pockets-woven-pastis-rendez-vous-store\/#primaryimage","url":"https:\/\/rendez-vous-store.com\/app\/uploads\/2024\/03\/S12-scaled.webp","contentUrl":"https:\/\/rendez-vous-store.com\/app\/uploads\/2024\/03\/S12-scaled.webp","width":1725,"height":2560,"caption":"Sofie D'Hoore - DUCIE Long Dress 2 Pockets - Woven Pastis"},{"@type":"BreadcrumbList","@id":"https:\/\/rendez-vous-store.com\/shop\/summer-sale-2024\/summer-sale-2024-women\/summer-sale-dress\/sofie-dhoore-ducie-long-dress-2-pockets-woven-pastis-rendez-vous-store\/#breadcrumb","itemListElement":[{"@type":"ListItem","position":1,"name":"Home","item":"https:\/\/rendez-vous-store.com\/"},{"@type":"ListItem","position":2,"name":"Shop","item":"https:\/\/www.rendez-vous-store.com\/shop\/"},{"@type":"ListItem","position":3,"name":"Sofie D&#8217;Hoore &#8211; DUCIE Long Dress 2 Pockets &#8211; Woven Pastis"}]},{"@type":"WebSite","@id":"https:\/\/rendez-vous-store.com\/#website","url":"https:\/\/rendez-vous-store.com\/","name":"RENDEZ-VOUS STORE","description":"Slow Fashion for Women and Men","potentialAction":[{"@type":"SearchAction","target":{"@type":"EntryPoint","urlTemplate":"https:\/\/rendez-vous-store.com\/?s={search_term_string}"},"query-input":{"@type":"PropertyValueSpecification","valueRequired":true,"valueName":"search_term_string"}}],"inLanguage":"fr-FR"}]}},"_links":{"self":[{"href":"https:\/\/rendez-vous-store.com\/fr\/wp-json\/wp\/v2\/product\/157671","targetHints":{"allow":["GET"]}}],"collection":[{"href":"https:\/\/rendez-vous-store.com\/fr\/wp-json\/wp\/v2\/product"}],"about":[{"href":"https:\/\/rendez-vous-store.com\/fr\/wp-json\/wp\/v2\/types\/product"}],"wp:featuredmedia":[{"embeddable":true,"href":"https:\/\/rendez-vous-store.com\/fr\/wp-json\/wp\/v2\/media\/159661"}],"wp:attachment":[{"href":"https:\/\/rendez-vous-store.com\/fr\/wp-json\/wp\/v2\/media?parent=157671"}],"wp:term":[{"taxonomy":"product_brand","embeddable":true,"href":"https:\/\/rendez-vous-store.com\/fr\/wp-json\/wp\/v2\/product_brand?post=157671"},{"taxonomy":"product_cat","embeddable":true,"href":"https:\/\/rendez-vous-store.com\/fr\/wp-json\/wp\/v2\/product_cat?post=157671"},{"taxonomy":"product_tag","embeddable":true,"href":"https:\/\/rendez-vous-store.com\/fr\/wp-json\/wp\/v2\/product_tag?post=157671"}],"curies":[{"name":"wp","href":"https:\/\/api.w.org\/{rel}","templated":true}]}}