{"id":157532,"date":"2024-03-15T11:27:33","date_gmt":"2024-03-15T10:27:33","guid":{"rendered":"https:\/\/rendez-vous-store.com\/?post_type=product&#038;p=157532"},"modified":"2026-03-16T17:12:32","modified_gmt":"2026-03-16T16:12:32","slug":"litkovska-university-denim-jacket-blue-rendez-vous-store","status":"publish","type":"product","link":"https:\/\/rendez-vous-store.com\/fr\/shop\/women\/women-coats-jackets-rendez-vous-store\/litkovska-university-denim-jacket-blue-rendez-vous-store\/","title":{"rendered":"Litkovska - University Denim Jacket J07SS24 - Bleu"},"content":{"rendered":"<p><strong>Litkovska University Denim Jacket Blue<\/strong><\/p>\n<p>Couleur : Bleu<\/p>\n<p>Col rond<\/p>\n<p>Fermeture par bouton<\/p>\n<p>Poches lat\u00e9rales et fente<\/p>\n<p>Composition : 100% Coton<\/p>\n<p>Doublure : 100% Tencel<\/p>\n<p>Fabriqu\u00e9 en Ukraine<\/p>\n<p>Code de style : J07SS24<\/p>\n<p>Mesures :<\/p>\n<p>Taille M : Epaules : 56cm - Poitrine : 55cm - Manches : 56cm - Longueur : 58cm - Emmanchure : 29cm<\/p>\n<p>&nbsp;<\/p>\n<p>&nbsp;<\/p>\n<p>&nbsp;<\/p>\n<h4>La marque<\/h4>\n<p>Cette veste en jean bleu de l'universit\u00e9 Litkovska provient de tailleurs de quatri\u00e8me g\u00e9n\u00e9ration qui maintiennent les traditions.<\/p>\n<p>Litkovska est une marque de mode ukrainienne fond\u00e9e par la cr\u00e9atrice Maria Litkovska. Sp\u00e9cialis\u00e9es dans les tricots luxueux et les mod\u00e8les contemporains, les collections de Litkovska pr\u00e9sentent souvent des pi\u00e8ces \u00e9l\u00e9gantes et novatrices, fabriqu\u00e9es avec le souci du d\u00e9tail et de la qualit\u00e9 de l'artisanat.<\/p>\n<p>La marque est connue pour son m\u00e9lange unique d'esth\u00e9tique moderne et d'artisanat ukrainien traditionnel, ce qui donne des v\u00eatements qui refl\u00e8tent \u00e0 la fois l'h\u00e9ritage et l'innovation. Les cr\u00e9ations de Litkovska int\u00e8grent souvent des motifs complexes, des textures et des embellissements inspir\u00e9s de la culture ukrainienne, cr\u00e9ant ainsi un look distinctif et sophistiqu\u00e9.<\/p>\n<p>En mettant l'accent sur la durabilit\u00e9 et les pratiques de production \u00e9thiques, Litkovska privil\u00e9gie l'utilisation de mat\u00e9riaux de haute qualit\u00e9 provenant d'Ukraine. Chaque v\u00eatement est soigneusement confectionn\u00e9 pour assurer \u00e0 la fois durabilit\u00e9 et confort, offrant ainsi aux porteurs des pi\u00e8ces intemporelles qu'ils pourront ch\u00e9rir pendant des ann\u00e9es.<\/p>\n<p>L'engagement de Litkovska en faveur de la qualit\u00e9, de l'artisanat et de l'h\u00e9ritage culturel a permis \u00e0 la marque d'acqu\u00e9rir une client\u00e8le fid\u00e8le tant en Ukraine qu'\u00e0 l'\u00e9tranger, ce qui en fait un nom notable sur la sc\u00e8ne de la mode ukrainienne.<\/p>","protected":false},"excerpt":{"rendered":"<p>Litkovska University Denim Jacket Blue Color: Blue C-neck Button closure Side pockets and split Composition: 100% Cotton Lining: 100% Tencel Made in Ukraine Style code: J07SS24 Measurements: Size M : Shoulders: 56cm &#8211; Chest: 55cm &#8211; Sleeves: 56cm &#8211; Length: 58cm &#8211; Armhole: 29cm &nbsp; &nbsp; &nbsp; The Brand This Litkovska University Denim Jacket Blue&hellip; <a class=\"more-link\" href=\"https:\/\/rendez-vous-store.com\/fr\/shop\/women\/women-coats-jackets-rendez-vous-store\/litkovska-university-denim-jacket-blue-rendez-vous-store\/\">Continuer la lecture <span class=\"screen-reader-text\">Litkovska - University Denim Jacket J07SS24 - Bleu<\/span><\/a><\/p>","protected":false},"featured_media":160488,"template":"","meta":{"_acf_changed":false},"product_brand":[],"product_cat":[1232,17,394],"product_tag":[1171],"class_list":{"0":"post-157532","1":"product","2":"type-product","3":"status-publish","4":"has-post-thumbnail","6":"product_cat-sale-40","7":"product_cat-women","8":"product_cat-women-coats-jackets-rendez-vous-store","9":"product_tag-litkovska","10":"entry","12":"first","13":"outofstock","14":"taxable","15":"shipping-taxable","16":"product-type-variable"},"acf":[],"yoast_head":"<!-- This site is optimized with the Yoast SEO plugin v24.9 - https:\/\/yoast.com\/wordpress\/plugins\/seo\/ -->\n<title>Litkovska - University Denim Jacket Blue - Rendez-vous Store<\/title>\n<meta name=\"description\" content=\"Litkovska is on Rendez-vous Store. This Litkovska University Denim Jacket Blue coming from tailors in fourth generations maintaining traditions.\" \/>\n<meta name=\"robots\" content=\"index, follow, max-snippet:-1, max-image-preview:large, max-video-preview:-1\" \/>\n<link rel=\"canonical\" href=\"https:\/\/rendez-vous-store.com\/fr\/shop\/summer-sale-2024\/summer-sale-2024-women\/summer-sale-coat-jacket\/litkovska-university-denim-jacket-blue-rendez-vous-store\/\" \/>\n<meta property=\"og:locale\" content=\"fr_FR\" \/>\n<meta property=\"og:type\" content=\"article\" \/>\n<meta property=\"og:title\" content=\"Litkovska - University Denim Jacket Blue - Rendez-vous Store\" \/>\n<meta property=\"og:description\" content=\"Litkovska is on Rendez-vous Store. This Litkovska University Denim Jacket Blue coming from tailors in fourth generations maintaining traditions.\" \/>\n<meta property=\"og:url\" content=\"https:\/\/rendez-vous-store.com\/fr\/shop\/summer-sale-2024\/summer-sale-2024-women\/summer-sale-coat-jacket\/litkovska-university-denim-jacket-blue-rendez-vous-store\/\" \/>\n<meta property=\"og:site_name\" content=\"RENDEZ-VOUS STORE\" \/>\n<meta property=\"article:modified_time\" content=\"2026-03-16T16:12:32+00:00\" \/>\n<meta property=\"og:image\" content=\"https:\/\/rendez-vous-store.com\/wp-content\/uploads\/2024\/03\/jean-4.webp\" \/>\n\t<meta property=\"og:image:width\" content=\"1696\" \/>\n\t<meta property=\"og:image:height\" content=\"2560\" \/>\n\t<meta property=\"og:image:type\" content=\"image\/webp\" \/>\n<meta name=\"twitter:card\" content=\"summary_large_image\" \/>\n<meta name=\"twitter:label1\" content=\"Est. reading time\" \/>\n\t<meta name=\"twitter:data1\" content=\"2 minutes\" \/>\n<script type=\"application\/ld+json\" class=\"yoast-schema-graph\">{\"@context\":\"https:\/\/schema.org\",\"@graph\":[{\"@type\":\"WebPage\",\"@id\":\"https:\/\/rendez-vous-store.com\/shop\/summer-sale-2024\/summer-sale-2024-women\/summer-sale-coat-jacket\/litkovska-university-denim-jacket-blue-rendez-vous-store\/\",\"url\":\"https:\/\/rendez-vous-store.com\/shop\/summer-sale-2024\/summer-sale-2024-women\/summer-sale-coat-jacket\/litkovska-university-denim-jacket-blue-rendez-vous-store\/\",\"name\":\"Litkovska - University Denim Jacket Blue - Rendez-vous Store\",\"isPartOf\":{\"@id\":\"https:\/\/rendez-vous-store.com\/#website\"},\"primaryImageOfPage\":{\"@id\":\"https:\/\/rendez-vous-store.com\/shop\/summer-sale-2024\/summer-sale-2024-women\/summer-sale-coat-jacket\/litkovska-university-denim-jacket-blue-rendez-vous-store\/#primaryimage\"},\"image\":{\"@id\":\"https:\/\/rendez-vous-store.com\/shop\/summer-sale-2024\/summer-sale-2024-women\/summer-sale-coat-jacket\/litkovska-university-denim-jacket-blue-rendez-vous-store\/#primaryimage\"},\"thumbnailUrl\":\"https:\/\/rendez-vous-store.com\/app\/uploads\/2024\/03\/jean-4.webp\",\"datePublished\":\"2024-03-15T10:27:33+00:00\",\"dateModified\":\"2026-03-16T16:12:32+00:00\",\"description\":\"Litkovska is on Rendez-vous Store. This Litkovska University Denim Jacket Blue coming from tailors in fourth generations maintaining traditions.\",\"breadcrumb\":{\"@id\":\"https:\/\/rendez-vous-store.com\/shop\/summer-sale-2024\/summer-sale-2024-women\/summer-sale-coat-jacket\/litkovska-university-denim-jacket-blue-rendez-vous-store\/#breadcrumb\"},\"inLanguage\":\"fr-FR\",\"potentialAction\":[{\"@type\":\"ReadAction\",\"target\":[\"https:\/\/rendez-vous-store.com\/shop\/summer-sale-2024\/summer-sale-2024-women\/summer-sale-coat-jacket\/litkovska-university-denim-jacket-blue-rendez-vous-store\/\"]}]},{\"@type\":\"ImageObject\",\"inLanguage\":\"fr-FR\",\"@id\":\"https:\/\/rendez-vous-store.com\/shop\/summer-sale-2024\/summer-sale-2024-women\/summer-sale-coat-jacket\/litkovska-university-denim-jacket-blue-rendez-vous-store\/#primaryimage\",\"url\":\"https:\/\/rendez-vous-store.com\/app\/uploads\/2024\/03\/jean-4.webp\",\"contentUrl\":\"https:\/\/rendez-vous-store.com\/app\/uploads\/2024\/03\/jean-4.webp\",\"width\":1696,\"height\":2560,\"caption\":\"Litkovska - University Denim Jacket J07SS24 - Blue\"},{\"@type\":\"BreadcrumbList\",\"@id\":\"https:\/\/rendez-vous-store.com\/shop\/summer-sale-2024\/summer-sale-2024-women\/summer-sale-coat-jacket\/litkovska-university-denim-jacket-blue-rendez-vous-store\/#breadcrumb\",\"itemListElement\":[{\"@type\":\"ListItem\",\"position\":1,\"name\":\"Home\",\"item\":\"https:\/\/rendez-vous-store.com\/\"},{\"@type\":\"ListItem\",\"position\":2,\"name\":\"Shop\",\"item\":\"https:\/\/www.rendez-vous-store.com\/shop\/\"},{\"@type\":\"ListItem\",\"position\":3,\"name\":\"Litkovska &#8211; University Denim Jacket J07SS24 &#8211; Blue\"}]},{\"@type\":\"WebSite\",\"@id\":\"https:\/\/rendez-vous-store.com\/#website\",\"url\":\"https:\/\/rendez-vous-store.com\/\",\"name\":\"RENDEZ-VOUS STORE\",\"description\":\"Slow Fashion for Women and Men\",\"potentialAction\":[{\"@type\":\"SearchAction\",\"target\":{\"@type\":\"EntryPoint\",\"urlTemplate\":\"https:\/\/rendez-vous-store.com\/?s={search_term_string}\"},\"query-input\":{\"@type\":\"PropertyValueSpecification\",\"valueRequired\":true,\"valueName\":\"search_term_string\"}}],\"inLanguage\":\"fr-FR\"}]}<\/script>\n<!-- \/ Yoast SEO plugin. -->","yoast_head_json":{"title":"Litkovska - University Denim Jacket Blue - Rendez-vous Store","description":"Litkovska is on Rendez-vous Store. This Litkovska University Denim Jacket Blue coming from tailors in fourth generations maintaining traditions.","robots":{"index":"index","follow":"follow","max-snippet":"max-snippet:-1","max-image-preview":"max-image-preview:large","max-video-preview":"max-video-preview:-1"},"canonical":"https:\/\/rendez-vous-store.com\/fr\/shop\/summer-sale-2024\/summer-sale-2024-women\/summer-sale-coat-jacket\/litkovska-university-denim-jacket-blue-rendez-vous-store\/","og_locale":"fr_FR","og_type":"article","og_title":"Litkovska - University Denim Jacket Blue - Rendez-vous Store","og_description":"Litkovska is on Rendez-vous Store. This Litkovska University Denim Jacket Blue coming from tailors in fourth generations maintaining traditions.","og_url":"https:\/\/rendez-vous-store.com\/fr\/shop\/summer-sale-2024\/summer-sale-2024-women\/summer-sale-coat-jacket\/litkovska-university-denim-jacket-blue-rendez-vous-store\/","og_site_name":"RENDEZ-VOUS STORE","article_modified_time":"2026-03-16T16:12:32+00:00","og_image":[{"width":1696,"height":2560,"url":"https:\/\/rendez-vous-store.com\/wp-content\/uploads\/2024\/03\/jean-4.webp","type":"image\/webp"}],"twitter_card":"summary_large_image","twitter_misc":{"Est. reading time":"2 minutes"},"schema":{"@context":"https:\/\/schema.org","@graph":[{"@type":"WebPage","@id":"https:\/\/rendez-vous-store.com\/shop\/summer-sale-2024\/summer-sale-2024-women\/summer-sale-coat-jacket\/litkovska-university-denim-jacket-blue-rendez-vous-store\/","url":"https:\/\/rendez-vous-store.com\/shop\/summer-sale-2024\/summer-sale-2024-women\/summer-sale-coat-jacket\/litkovska-university-denim-jacket-blue-rendez-vous-store\/","name":"Litkovska - University Denim Jacket Blue - Rendez-vous Store","isPartOf":{"@id":"https:\/\/rendez-vous-store.com\/#website"},"primaryImageOfPage":{"@id":"https:\/\/rendez-vous-store.com\/shop\/summer-sale-2024\/summer-sale-2024-women\/summer-sale-coat-jacket\/litkovska-university-denim-jacket-blue-rendez-vous-store\/#primaryimage"},"image":{"@id":"https:\/\/rendez-vous-store.com\/shop\/summer-sale-2024\/summer-sale-2024-women\/summer-sale-coat-jacket\/litkovska-university-denim-jacket-blue-rendez-vous-store\/#primaryimage"},"thumbnailUrl":"https:\/\/rendez-vous-store.com\/app\/uploads\/2024\/03\/jean-4.webp","datePublished":"2024-03-15T10:27:33+00:00","dateModified":"2026-03-16T16:12:32+00:00","description":"Litkovska is on Rendez-vous Store. This Litkovska University Denim Jacket Blue coming from tailors in fourth generations maintaining traditions.","breadcrumb":{"@id":"https:\/\/rendez-vous-store.com\/shop\/summer-sale-2024\/summer-sale-2024-women\/summer-sale-coat-jacket\/litkovska-university-denim-jacket-blue-rendez-vous-store\/#breadcrumb"},"inLanguage":"fr-FR","potentialAction":[{"@type":"ReadAction","target":["https:\/\/rendez-vous-store.com\/shop\/summer-sale-2024\/summer-sale-2024-women\/summer-sale-coat-jacket\/litkovska-university-denim-jacket-blue-rendez-vous-store\/"]}]},{"@type":"ImageObject","inLanguage":"fr-FR","@id":"https:\/\/rendez-vous-store.com\/shop\/summer-sale-2024\/summer-sale-2024-women\/summer-sale-coat-jacket\/litkovska-university-denim-jacket-blue-rendez-vous-store\/#primaryimage","url":"https:\/\/rendez-vous-store.com\/app\/uploads\/2024\/03\/jean-4.webp","contentUrl":"https:\/\/rendez-vous-store.com\/app\/uploads\/2024\/03\/jean-4.webp","width":1696,"height":2560,"caption":"Litkovska - University Denim Jacket J07SS24 - Blue"},{"@type":"BreadcrumbList","@id":"https:\/\/rendez-vous-store.com\/shop\/summer-sale-2024\/summer-sale-2024-women\/summer-sale-coat-jacket\/litkovska-university-denim-jacket-blue-rendez-vous-store\/#breadcrumb","itemListElement":[{"@type":"ListItem","position":1,"name":"Home","item":"https:\/\/rendez-vous-store.com\/"},{"@type":"ListItem","position":2,"name":"Shop","item":"https:\/\/www.rendez-vous-store.com\/shop\/"},{"@type":"ListItem","position":3,"name":"Litkovska &#8211; University Denim Jacket J07SS24 &#8211; Blue"}]},{"@type":"WebSite","@id":"https:\/\/rendez-vous-store.com\/#website","url":"https:\/\/rendez-vous-store.com\/","name":"RENDEZ-VOUS STORE","description":"Slow Fashion for Women and Men","potentialAction":[{"@type":"SearchAction","target":{"@type":"EntryPoint","urlTemplate":"https:\/\/rendez-vous-store.com\/?s={search_term_string}"},"query-input":{"@type":"PropertyValueSpecification","valueRequired":true,"valueName":"search_term_string"}}],"inLanguage":"fr-FR"}]}},"_links":{"self":[{"href":"https:\/\/rendez-vous-store.com\/fr\/wp-json\/wp\/v2\/product\/157532","targetHints":{"allow":["GET"]}}],"collection":[{"href":"https:\/\/rendez-vous-store.com\/fr\/wp-json\/wp\/v2\/product"}],"about":[{"href":"https:\/\/rendez-vous-store.com\/fr\/wp-json\/wp\/v2\/types\/product"}],"wp:featuredmedia":[{"embeddable":true,"href":"https:\/\/rendez-vous-store.com\/fr\/wp-json\/wp\/v2\/media\/160488"}],"wp:attachment":[{"href":"https:\/\/rendez-vous-store.com\/fr\/wp-json\/wp\/v2\/media?parent=157532"}],"wp:term":[{"taxonomy":"product_brand","embeddable":true,"href":"https:\/\/rendez-vous-store.com\/fr\/wp-json\/wp\/v2\/product_brand?post=157532"},{"taxonomy":"product_cat","embeddable":true,"href":"https:\/\/rendez-vous-store.com\/fr\/wp-json\/wp\/v2\/product_cat?post=157532"},{"taxonomy":"product_tag","embeddable":true,"href":"https:\/\/rendez-vous-store.com\/fr\/wp-json\/wp\/v2\/product_tag?post=157532"}],"curies":[{"name":"wp","href":"https:\/\/api.w.org\/{rel}","templated":true}]}}