{"id":157254,"date":"2024-03-14T09:49:43","date_gmt":"2024-03-14T08:49:43","guid":{"rendered":"https:\/\/rendez-vous-store.com\/?post_type=product&#038;p=157254"},"modified":"2026-03-16T17:11:28","modified_gmt":"2026-03-16T16:11:28","slug":"le-monde-beryl-luna-slipper-leather-black","status":"publish","type":"product","link":"https:\/\/rendez-vous-store.com\/fr\/shop\/special-offer-women-rendez-vous-store\/women-shoes-special-offer\/le-monde-beryl-luna-slipper-leather-black\/","title":{"rendered":"Le Monde B\u00e9ryl - Pantoufle Luna en cuir - Noir"},"content":{"rendered":"<h4>Le Monde B\u00e9ryl Luna Chausson Cuir Noir<\/h4>\n<p>Couleur : Noir<\/p>\n<p>Talon de 8 mm<\/p>\n<p>Composition : 100% Peau d'agneau<\/p>\n<p>Semelle int\u00e9rieure en cuir de veau matelass\u00e9<\/p>\n<p>Fabriqu\u00e9 en Italie<\/p>\n<p>&nbsp;<\/p>\n<p><strong>Ce mod\u00e8le taille un peu grand, nous recommandons de prendre une taille en dessous.<\/strong><\/p>\n<p>&nbsp;<\/p>\n<h4>La marque<\/h4>\n<p>Le Monde B\u00e9ryl Luna Slipper Leather Black incarne l'\u00e9l\u00e9gance et le raffinement du style italien.<\/p>\n<div class=\"flex-1 overflow-hidden\">\n<div class=\"react-scroll-to-bottom--css-levmh-79elbk h-full\">\n<div class=\"react-scroll-to-bottom--css-levmh-1n7m0yu\">\n<div class=\"flex flex-col text-sm pb-9\">\n<div class=\"w-full text-token-text-primary\" data-testid=\"conversation-turn-55\">\n<div class=\"px-4 py-2 justify-center text-base md:gap-6 m-auto\">\n<div class=\"flex flex-1 text-base mx-auto gap-3 md:px-5 lg:px-1 xl:px-5 md:max-w-3xl lg:max-w-[40rem] xl:max-w-[48rem] group final-completion\">\n<div class=\"relative flex w-full flex-col agent-turn\">\n<div class=\"flex-col gap-1 md:gap-3\">\n<div class=\"flex flex-grow flex-col max-w-full\">\n<div class=\"min-h-[20px] text-message flex flex-col items-start gap-3 whitespace-pre-wrap break-words [.text-message+&amp;]:mt-5 overflow-x-auto\" data-message-author-role=\"assistant\" data-message-id=\"ee864a49-8439-416d-b894-04f9be6ab904\">\n<div class=\"markdown prose w-full break-words dark:prose-invert light\">\n<p>Katya Shiffrin et Lily Atherton Hanbury ont fond\u00e9 Le Monde B\u00e9ryl en 2016. Inspir\u00e9 par l'int\u00e9grit\u00e9 du design et la puret\u00e9 des chaussons traditionnels des gondoliers v\u00e9nitiens, de la chaussure de ballerine et de la botte d'\u00e9quitation, Le Monde B\u00e9ryl produit ses chaussures de mani\u00e8re durable et les finit \u00e0 la main en Italie, en utilisant des techniques traditionnelles.<\/p>\n<p>Ils con\u00e7oivent leurs chaussures de mani\u00e8re \u00e0 ce qu'elles soient fonctionnelles, fonctionnelles et esth\u00e9tiques.<\/p>\n<p>Chaque collection, nouveau produit ou collaboration du Monde B\u00e9ryl est empreint de classicisme et invite le porteur \u00e0 y apporter sa propre cr\u00e9ativit\u00e9.<\/p>\n<\/div>\n<\/div>\n<\/div>\n<\/div>\n<\/div>\n<\/div>\n<\/div>\n<\/div>\n<\/div>\n<\/div>\n<\/div>\n<\/div>","protected":false},"excerpt":{"rendered":"<p>Le Monde B\u00e9ryl Luna Slipper Leather Black Color: Black 8mm heel Composition: 100% Lambskin Cushioned calf leather insole Made in Italy &nbsp; This style fits larger, we recommend going one size down &nbsp; The Brand This Le Monde B\u00e9ryl Luna Slipper Leather Black embodies the elegance and refinement of Italian style. Katya Shiffrin and Lily&hellip; <a class=\"more-link\" href=\"https:\/\/rendez-vous-store.com\/fr\/shop\/special-offer-women-rendez-vous-store\/women-shoes-special-offer\/le-monde-beryl-luna-slipper-leather-black\/\">Continuer la lecture <span class=\"screen-reader-text\">Le Monde B\u00e9ryl - Pantoufle Luna en cuir - Noir<\/span><\/a><\/p>","protected":false},"featured_media":157842,"template":"","meta":{"_acf_changed":false},"product_brand":[],"product_cat":[1292,1344,1335,17,293],"product_tag":[1250],"class_list":{"0":"post-157254","1":"product","2":"type-product","3":"status-publish","4":"has-post-thumbnail","6":"product_cat-1292","7":"product_cat-women-shoes-special-offer","8":"product_cat-special-offer-women-rendez-vous-store","9":"product_cat-women","10":"product_cat-women-shoes-heels-discover-our-selection-rendez-vous-store","11":"product_tag-le-monde-beryl-rendez-vous-store","12":"entry","14":"first","15":"outofstock","16":"taxable","17":"shipping-taxable","18":"product-type-variable","19":"has-default-attributes"},"acf":[],"yoast_head":"<!-- This site is optimized with the Yoast SEO plugin v24.9 - https:\/\/yoast.com\/wordpress\/plugins\/seo\/ -->\n<title>Le Monde B\u00e9ryl - Luna Slipper Leather Black<\/title>\n<meta name=\"description\" content=\"Le Monde B\u00e9ryl is on Rendez-vous Store. This Le Monde B\u00e9ryl Luna Slipper Leather Black embodies the elegance and refinement of Italian style.\" \/>\n<meta name=\"robots\" content=\"index, follow, max-snippet:-1, max-image-preview:large, max-video-preview:-1\" \/>\n<link rel=\"canonical\" href=\"https:\/\/rendez-vous-store.com\/fr\/shop\/special-offer-women-rendez-vous-store\/women-shoes-special-offer\/le-monde-beryl-luna-slipper-leather-black\/\" \/>\n<meta property=\"og:locale\" content=\"fr_FR\" \/>\n<meta property=\"og:type\" content=\"article\" \/>\n<meta property=\"og:title\" content=\"Le Monde B\u00e9ryl - Luna Slipper Leather Black\" \/>\n<meta property=\"og:description\" content=\"Le Monde B\u00e9ryl is on Rendez-vous Store. This Le Monde B\u00e9ryl Luna Slipper Leather Black embodies the elegance and refinement of Italian style.\" \/>\n<meta property=\"og:url\" content=\"https:\/\/rendez-vous-store.com\/fr\/shop\/special-offer-women-rendez-vous-store\/women-shoes-special-offer\/le-monde-beryl-luna-slipper-leather-black\/\" \/>\n<meta property=\"og:site_name\" content=\"RENDEZ-VOUS STORE\" \/>\n<meta property=\"article:modified_time\" content=\"2026-03-16T16:11:28+00:00\" \/>\n<meta property=\"og:image\" content=\"https:\/\/rendez-vous-store.com\/app\/uploads\/2024\/03\/noires3.webp\" \/>\n\t<meta property=\"og:image:width\" content=\"1696\" \/>\n\t<meta property=\"og:image:height\" content=\"2560\" \/>\n\t<meta property=\"og:image:type\" content=\"image\/webp\" \/>\n<meta name=\"twitter:card\" content=\"summary_large_image\" \/>\n<meta name=\"twitter:label1\" content=\"Est. reading time\" \/>\n\t<meta name=\"twitter:data1\" content=\"1 minute\" \/>\n<script type=\"application\/ld+json\" class=\"yoast-schema-graph\">{\"@context\":\"https:\/\/schema.org\",\"@graph\":[{\"@type\":\"WebPage\",\"@id\":\"https:\/\/rendez-vous-store.com\/shop\/special-offer-women-rendez-vous-store\/women-shoes-special-offer\/le-monde-beryl-luna-slipper-leather-black\/\",\"url\":\"https:\/\/rendez-vous-store.com\/shop\/special-offer-women-rendez-vous-store\/women-shoes-special-offer\/le-monde-beryl-luna-slipper-leather-black\/\",\"name\":\"Le Monde B\u00e9ryl - Luna Slipper Leather Black\",\"isPartOf\":{\"@id\":\"https:\/\/rendez-vous-store.com\/#website\"},\"primaryImageOfPage\":{\"@id\":\"https:\/\/rendez-vous-store.com\/shop\/special-offer-women-rendez-vous-store\/women-shoes-special-offer\/le-monde-beryl-luna-slipper-leather-black\/#primaryimage\"},\"image\":{\"@id\":\"https:\/\/rendez-vous-store.com\/shop\/special-offer-women-rendez-vous-store\/women-shoes-special-offer\/le-monde-beryl-luna-slipper-leather-black\/#primaryimage\"},\"thumbnailUrl\":\"https:\/\/rendez-vous-store.com\/app\/uploads\/2024\/03\/noires3.webp\",\"datePublished\":\"2024-03-14T08:49:43+00:00\",\"dateModified\":\"2026-03-16T16:11:28+00:00\",\"description\":\"Le Monde B\u00e9ryl is on Rendez-vous Store. This Le Monde B\u00e9ryl Luna Slipper Leather Black embodies the elegance and refinement of Italian style.\",\"breadcrumb\":{\"@id\":\"https:\/\/rendez-vous-store.com\/shop\/special-offer-women-rendez-vous-store\/women-shoes-special-offer\/le-monde-beryl-luna-slipper-leather-black\/#breadcrumb\"},\"inLanguage\":\"fr-FR\",\"potentialAction\":[{\"@type\":\"ReadAction\",\"target\":[\"https:\/\/rendez-vous-store.com\/shop\/special-offer-women-rendez-vous-store\/women-shoes-special-offer\/le-monde-beryl-luna-slipper-leather-black\/\"]}]},{\"@type\":\"ImageObject\",\"inLanguage\":\"fr-FR\",\"@id\":\"https:\/\/rendez-vous-store.com\/shop\/special-offer-women-rendez-vous-store\/women-shoes-special-offer\/le-monde-beryl-luna-slipper-leather-black\/#primaryimage\",\"url\":\"https:\/\/rendez-vous-store.com\/app\/uploads\/2024\/03\/noires3.webp\",\"contentUrl\":\"https:\/\/rendez-vous-store.com\/app\/uploads\/2024\/03\/noires3.webp\",\"width\":1696,\"height\":2560,\"caption\":\"Le Monde B\u00e9ryl - Luna Slipper Leather - Black\"},{\"@type\":\"BreadcrumbList\",\"@id\":\"https:\/\/rendez-vous-store.com\/shop\/special-offer-women-rendez-vous-store\/women-shoes-special-offer\/le-monde-beryl-luna-slipper-leather-black\/#breadcrumb\",\"itemListElement\":[{\"@type\":\"ListItem\",\"position\":1,\"name\":\"Home\",\"item\":\"https:\/\/rendez-vous-store.com\/\"},{\"@type\":\"ListItem\",\"position\":2,\"name\":\"Shop\",\"item\":\"https:\/\/www.rendez-vous-store.com\/shop\/\"},{\"@type\":\"ListItem\",\"position\":3,\"name\":\"Le Monde B\u00e9ryl &#8211; Luna Slipper Leather &#8211; Black\"}]},{\"@type\":\"WebSite\",\"@id\":\"https:\/\/rendez-vous-store.com\/#website\",\"url\":\"https:\/\/rendez-vous-store.com\/\",\"name\":\"RENDEZ-VOUS STORE\",\"description\":\"Slow Fashion for Women and Men\",\"potentialAction\":[{\"@type\":\"SearchAction\",\"target\":{\"@type\":\"EntryPoint\",\"urlTemplate\":\"https:\/\/rendez-vous-store.com\/?s={search_term_string}\"},\"query-input\":{\"@type\":\"PropertyValueSpecification\",\"valueRequired\":true,\"valueName\":\"search_term_string\"}}],\"inLanguage\":\"fr-FR\"}]}<\/script>\n<!-- \/ Yoast SEO plugin. -->","yoast_head_json":{"title":"Le Monde B\u00e9ryl - Luna Slipper Leather Black","description":"Le Monde B\u00e9ryl is on Rendez-vous Store. This Le Monde B\u00e9ryl Luna Slipper Leather Black embodies the elegance and refinement of Italian style.","robots":{"index":"index","follow":"follow","max-snippet":"max-snippet:-1","max-image-preview":"max-image-preview:large","max-video-preview":"max-video-preview:-1"},"canonical":"https:\/\/rendez-vous-store.com\/fr\/shop\/special-offer-women-rendez-vous-store\/women-shoes-special-offer\/le-monde-beryl-luna-slipper-leather-black\/","og_locale":"fr_FR","og_type":"article","og_title":"Le Monde B\u00e9ryl - Luna Slipper Leather Black","og_description":"Le Monde B\u00e9ryl is on Rendez-vous Store. This Le Monde B\u00e9ryl Luna Slipper Leather Black embodies the elegance and refinement of Italian style.","og_url":"https:\/\/rendez-vous-store.com\/fr\/shop\/special-offer-women-rendez-vous-store\/women-shoes-special-offer\/le-monde-beryl-luna-slipper-leather-black\/","og_site_name":"RENDEZ-VOUS STORE","article_modified_time":"2026-03-16T16:11:28+00:00","og_image":[{"width":1696,"height":2560,"url":"https:\/\/rendez-vous-store.com\/app\/uploads\/2024\/03\/noires3.webp","type":"image\/webp"}],"twitter_card":"summary_large_image","twitter_misc":{"Est. reading time":"1 minute"},"schema":{"@context":"https:\/\/schema.org","@graph":[{"@type":"WebPage","@id":"https:\/\/rendez-vous-store.com\/shop\/special-offer-women-rendez-vous-store\/women-shoes-special-offer\/le-monde-beryl-luna-slipper-leather-black\/","url":"https:\/\/rendez-vous-store.com\/shop\/special-offer-women-rendez-vous-store\/women-shoes-special-offer\/le-monde-beryl-luna-slipper-leather-black\/","name":"Le Monde B\u00e9ryl - Luna Slipper Leather Black","isPartOf":{"@id":"https:\/\/rendez-vous-store.com\/#website"},"primaryImageOfPage":{"@id":"https:\/\/rendez-vous-store.com\/shop\/special-offer-women-rendez-vous-store\/women-shoes-special-offer\/le-monde-beryl-luna-slipper-leather-black\/#primaryimage"},"image":{"@id":"https:\/\/rendez-vous-store.com\/shop\/special-offer-women-rendez-vous-store\/women-shoes-special-offer\/le-monde-beryl-luna-slipper-leather-black\/#primaryimage"},"thumbnailUrl":"https:\/\/rendez-vous-store.com\/app\/uploads\/2024\/03\/noires3.webp","datePublished":"2024-03-14T08:49:43+00:00","dateModified":"2026-03-16T16:11:28+00:00","description":"Le Monde B\u00e9ryl is on Rendez-vous Store. This Le Monde B\u00e9ryl Luna Slipper Leather Black embodies the elegance and refinement of Italian style.","breadcrumb":{"@id":"https:\/\/rendez-vous-store.com\/shop\/special-offer-women-rendez-vous-store\/women-shoes-special-offer\/le-monde-beryl-luna-slipper-leather-black\/#breadcrumb"},"inLanguage":"fr-FR","potentialAction":[{"@type":"ReadAction","target":["https:\/\/rendez-vous-store.com\/shop\/special-offer-women-rendez-vous-store\/women-shoes-special-offer\/le-monde-beryl-luna-slipper-leather-black\/"]}]},{"@type":"ImageObject","inLanguage":"fr-FR","@id":"https:\/\/rendez-vous-store.com\/shop\/special-offer-women-rendez-vous-store\/women-shoes-special-offer\/le-monde-beryl-luna-slipper-leather-black\/#primaryimage","url":"https:\/\/rendez-vous-store.com\/app\/uploads\/2024\/03\/noires3.webp","contentUrl":"https:\/\/rendez-vous-store.com\/app\/uploads\/2024\/03\/noires3.webp","width":1696,"height":2560,"caption":"Le Monde B\u00e9ryl - Luna Slipper Leather - Black"},{"@type":"BreadcrumbList","@id":"https:\/\/rendez-vous-store.com\/shop\/special-offer-women-rendez-vous-store\/women-shoes-special-offer\/le-monde-beryl-luna-slipper-leather-black\/#breadcrumb","itemListElement":[{"@type":"ListItem","position":1,"name":"Home","item":"https:\/\/rendez-vous-store.com\/"},{"@type":"ListItem","position":2,"name":"Shop","item":"https:\/\/www.rendez-vous-store.com\/shop\/"},{"@type":"ListItem","position":3,"name":"Le Monde B\u00e9ryl &#8211; Luna Slipper Leather &#8211; Black"}]},{"@type":"WebSite","@id":"https:\/\/rendez-vous-store.com\/#website","url":"https:\/\/rendez-vous-store.com\/","name":"RENDEZ-VOUS STORE","description":"Slow Fashion for Women and Men","potentialAction":[{"@type":"SearchAction","target":{"@type":"EntryPoint","urlTemplate":"https:\/\/rendez-vous-store.com\/?s={search_term_string}"},"query-input":{"@type":"PropertyValueSpecification","valueRequired":true,"valueName":"search_term_string"}}],"inLanguage":"fr-FR"}]}},"_links":{"self":[{"href":"https:\/\/rendez-vous-store.com\/fr\/wp-json\/wp\/v2\/product\/157254","targetHints":{"allow":["GET"]}}],"collection":[{"href":"https:\/\/rendez-vous-store.com\/fr\/wp-json\/wp\/v2\/product"}],"about":[{"href":"https:\/\/rendez-vous-store.com\/fr\/wp-json\/wp\/v2\/types\/product"}],"wp:featuredmedia":[{"embeddable":true,"href":"https:\/\/rendez-vous-store.com\/fr\/wp-json\/wp\/v2\/media\/157842"}],"wp:attachment":[{"href":"https:\/\/rendez-vous-store.com\/fr\/wp-json\/wp\/v2\/media?parent=157254"}],"wp:term":[{"taxonomy":"product_brand","embeddable":true,"href":"https:\/\/rendez-vous-store.com\/fr\/wp-json\/wp\/v2\/product_brand?post=157254"},{"taxonomy":"product_cat","embeddable":true,"href":"https:\/\/rendez-vous-store.com\/fr\/wp-json\/wp\/v2\/product_cat?post=157254"},{"taxonomy":"product_tag","embeddable":true,"href":"https:\/\/rendez-vous-store.com\/fr\/wp-json\/wp\/v2\/product_tag?post=157254"}],"curies":[{"name":"wp","href":"https:\/\/api.w.org\/{rel}","templated":true}]}}