{"id":157210,"date":"2024-03-13T15:48:11","date_gmt":"2024-03-13T14:48:11","guid":{"rendered":"https:\/\/rendez-vous-store.com\/?post_type=product&#038;p=157210"},"modified":"2026-04-24T14:09:41","modified_gmt":"2026-04-24T12:09:41","slug":"cawley-argentina-dress-maxi-rust-rendez-vous-store","status":"publish","type":"product","link":"https:\/\/rendez-vous-store.com\/fr\/shop\/women\/women-dresses-rendez-vous-store\/cawley-argentina-dress-maxi-rust-rendez-vous-store\/","title":{"rendered":"Cawley - Argentina Dress Maxi - Rouille"},"content":{"rendered":"<h4>Cawley Argentina Dress Maxi Rust<\/h4>\n<p>Couleur : rouille<\/p>\n<p>Fermeture \u00e9clair et poches sur les coutures lat\u00e9rales<\/p>\n<p>Dos \u00e0 bretelles crois\u00e9es<\/p>\n<p>Composition : 30% soie 70% coton (tissu japonais)<\/p>\n<p>Fabriqu\u00e9 au Royaume-Uni (Londres)<\/p>\n<p>&nbsp;<\/p>\n<h4>La marque<\/h4>\n<p>Cawley est une marque de mode londonienne fond\u00e9e par Hannah Cawley en 2017. La marque cr\u00e9e des v\u00eatements de tous les jours fonctionnels et durables en utilisant des tissus naturels : principalement du coton, du lin, de la laine, provenant d'Angleterre, d'Irlande, du Portugal, d'Inde et du Japon. Les v\u00eatements c\u00e9l\u00e8brent la qualit\u00e9 de l'artisanat et de la fabrication britannique. Cawley m\u00e9lange les coupes modernes et le tailoring avec des v\u00eatements de travail utilitaires pour cr\u00e9er de belles pi\u00e8ces intemporelles.<\/p>","protected":false},"excerpt":{"rendered":"<p>Cawley Argentina Dress Maxi Rust Color: Rust Side seam zip and pockets Cross strap back Composition: 30% Silk 70% Cotton (Japanese Fabric) Made in UK (London) &nbsp; The Brand Cawley is a London based fashion brand founded by Hannah Cawley in 2017. The brand creates functional and lasting everyday wear using natural fabrics : mostly&hellip; <a class=\"more-link\" href=\"https:\/\/rendez-vous-store.com\/fr\/shop\/women\/women-dresses-rendez-vous-store\/cawley-argentina-dress-maxi-rust-rendez-vous-store\/\">Continuer la lecture <span class=\"screen-reader-text\">Cawley - Argentina Dress Maxi - Rouille<\/span><\/a><\/p>","protected":false},"featured_media":158102,"template":"","meta":{"_acf_changed":false},"product_brand":[],"product_cat":[1232,17,376],"product_tag":[1063],"class_list":{"0":"post-157210","1":"product","2":"type-product","3":"status-publish","4":"has-post-thumbnail","6":"product_cat-sale-40","7":"product_cat-women","8":"product_cat-women-dresses-rendez-vous-store","9":"product_tag-cawley","10":"entry","12":"first","13":"outofstock","14":"taxable","15":"shipping-taxable","16":"product-type-variable"},"acf":[],"yoast_head":"<!-- This site is optimized with the Yoast SEO plugin v24.9 - https:\/\/yoast.com\/wordpress\/plugins\/seo\/ -->\n<title>Cawley - Argentina Dress Maxi Rust - Rendez-Vous-Store<\/title>\n<meta name=\"description\" content=\"Cawley is on Rendez-vous Store. This Cawley Argentina Dress Maxi Rust embodies the quality of craftmanship and the signature Cawley timeless pieces.\" \/>\n<meta name=\"robots\" content=\"index, follow, max-snippet:-1, max-image-preview:large, max-video-preview:-1\" \/>\n<link rel=\"canonical\" href=\"https:\/\/rendez-vous-store.com\/fr\/shop\/women\/women-dresses-rendez-vous-store\/cawley-argentina-dress-maxi-rust-rendez-vous-store\/\" \/>\n<meta property=\"og:locale\" content=\"fr_FR\" \/>\n<meta property=\"og:type\" content=\"article\" \/>\n<meta property=\"og:title\" content=\"Cawley - Argentina Dress Maxi Rust - Rendez-Vous-Store\" \/>\n<meta property=\"og:description\" content=\"Cawley is on Rendez-vous Store. This Cawley Argentina Dress Maxi Rust embodies the quality of craftmanship and the signature Cawley timeless pieces.\" \/>\n<meta property=\"og:url\" content=\"https:\/\/rendez-vous-store.com\/fr\/shop\/women\/women-dresses-rendez-vous-store\/cawley-argentina-dress-maxi-rust-rendez-vous-store\/\" \/>\n<meta property=\"og:site_name\" content=\"RENDEZ-VOUS STORE\" \/>\n<meta property=\"article:modified_time\" content=\"2026-04-24T12:09:41+00:00\" \/>\n<meta property=\"og:image\" content=\"https:\/\/rendez-vous-store.com\/wp-content\/uploads\/2024\/03\/c010-scaled.webp\" \/>\n\t<meta property=\"og:image:width\" content=\"1711\" \/>\n\t<meta property=\"og:image:height\" content=\"2560\" \/>\n\t<meta property=\"og:image:type\" content=\"image\/webp\" \/>\n<meta name=\"twitter:card\" content=\"summary_large_image\" \/>\n<meta name=\"twitter:label1\" content=\"Est. reading time\" \/>\n\t<meta name=\"twitter:data1\" content=\"1 minute\" \/>\n<script type=\"application\/ld+json\" class=\"yoast-schema-graph\">{\"@context\":\"https:\/\/schema.org\",\"@graph\":[{\"@type\":\"WebPage\",\"@id\":\"https:\/\/rendez-vous-store.com\/shop\/women\/women-dresses-rendez-vous-store\/cawley-argentina-dress-maxi-rust-rendez-vous-store\/\",\"url\":\"https:\/\/rendez-vous-store.com\/shop\/women\/women-dresses-rendez-vous-store\/cawley-argentina-dress-maxi-rust-rendez-vous-store\/\",\"name\":\"Cawley - Argentina Dress Maxi Rust - Rendez-Vous-Store\",\"isPartOf\":{\"@id\":\"https:\/\/rendez-vous-store.com\/#website\"},\"primaryImageOfPage\":{\"@id\":\"https:\/\/rendez-vous-store.com\/shop\/women\/women-dresses-rendez-vous-store\/cawley-argentina-dress-maxi-rust-rendez-vous-store\/#primaryimage\"},\"image\":{\"@id\":\"https:\/\/rendez-vous-store.com\/shop\/women\/women-dresses-rendez-vous-store\/cawley-argentina-dress-maxi-rust-rendez-vous-store\/#primaryimage\"},\"thumbnailUrl\":\"https:\/\/rendez-vous-store.com\/app\/uploads\/2024\/03\/c010-scaled.webp\",\"datePublished\":\"2024-03-13T14:48:11+00:00\",\"dateModified\":\"2026-04-24T12:09:41+00:00\",\"description\":\"Cawley is on Rendez-vous Store. This Cawley Argentina Dress Maxi Rust embodies the quality of craftmanship and the signature Cawley timeless pieces.\",\"breadcrumb\":{\"@id\":\"https:\/\/rendez-vous-store.com\/shop\/women\/women-dresses-rendez-vous-store\/cawley-argentina-dress-maxi-rust-rendez-vous-store\/#breadcrumb\"},\"inLanguage\":\"fr-FR\",\"potentialAction\":[{\"@type\":\"ReadAction\",\"target\":[\"https:\/\/rendez-vous-store.com\/shop\/women\/women-dresses-rendez-vous-store\/cawley-argentina-dress-maxi-rust-rendez-vous-store\/\"]}]},{\"@type\":\"ImageObject\",\"inLanguage\":\"fr-FR\",\"@id\":\"https:\/\/rendez-vous-store.com\/shop\/women\/women-dresses-rendez-vous-store\/cawley-argentina-dress-maxi-rust-rendez-vous-store\/#primaryimage\",\"url\":\"https:\/\/rendez-vous-store.com\/app\/uploads\/2024\/03\/c010-scaled.webp\",\"contentUrl\":\"https:\/\/rendez-vous-store.com\/app\/uploads\/2024\/03\/c010-scaled.webp\",\"width\":1711,\"height\":2560,\"caption\":\"Cawley - Argentina Dress Maxi - Rust\"},{\"@type\":\"BreadcrumbList\",\"@id\":\"https:\/\/rendez-vous-store.com\/shop\/women\/women-dresses-rendez-vous-store\/cawley-argentina-dress-maxi-rust-rendez-vous-store\/#breadcrumb\",\"itemListElement\":[{\"@type\":\"ListItem\",\"position\":1,\"name\":\"Home\",\"item\":\"https:\/\/rendez-vous-store.com\/\"},{\"@type\":\"ListItem\",\"position\":2,\"name\":\"Shop\",\"item\":\"https:\/\/www.rendez-vous-store.com\/shop\/\"},{\"@type\":\"ListItem\",\"position\":3,\"name\":\"Cawley &#8211; Argentina Dress Maxi &#8211; Rust\"}]},{\"@type\":\"WebSite\",\"@id\":\"https:\/\/rendez-vous-store.com\/#website\",\"url\":\"https:\/\/rendez-vous-store.com\/\",\"name\":\"RENDEZ-VOUS STORE\",\"description\":\"Slow Fashion for Women and Men\",\"potentialAction\":[{\"@type\":\"SearchAction\",\"target\":{\"@type\":\"EntryPoint\",\"urlTemplate\":\"https:\/\/rendez-vous-store.com\/?s={search_term_string}\"},\"query-input\":{\"@type\":\"PropertyValueSpecification\",\"valueRequired\":true,\"valueName\":\"search_term_string\"}}],\"inLanguage\":\"fr-FR\"}]}<\/script>\n<!-- \/ Yoast SEO plugin. -->","yoast_head_json":{"title":"Cawley - Argentina Dress Maxi Rust - Rendez-Vous-Store","description":"Cawley is on Rendez-vous Store. This Cawley Argentina Dress Maxi Rust embodies the quality of craftmanship and the signature Cawley timeless pieces.","robots":{"index":"index","follow":"follow","max-snippet":"max-snippet:-1","max-image-preview":"max-image-preview:large","max-video-preview":"max-video-preview:-1"},"canonical":"https:\/\/rendez-vous-store.com\/fr\/shop\/women\/women-dresses-rendez-vous-store\/cawley-argentina-dress-maxi-rust-rendez-vous-store\/","og_locale":"fr_FR","og_type":"article","og_title":"Cawley - Argentina Dress Maxi Rust - Rendez-Vous-Store","og_description":"Cawley is on Rendez-vous Store. This Cawley Argentina Dress Maxi Rust embodies the quality of craftmanship and the signature Cawley timeless pieces.","og_url":"https:\/\/rendez-vous-store.com\/fr\/shop\/women\/women-dresses-rendez-vous-store\/cawley-argentina-dress-maxi-rust-rendez-vous-store\/","og_site_name":"RENDEZ-VOUS STORE","article_modified_time":"2026-04-24T12:09:41+00:00","og_image":[{"width":1711,"height":2560,"url":"https:\/\/rendez-vous-store.com\/wp-content\/uploads\/2024\/03\/c010-scaled.webp","type":"image\/webp"}],"twitter_card":"summary_large_image","twitter_misc":{"Est. reading time":"1 minute"},"schema":{"@context":"https:\/\/schema.org","@graph":[{"@type":"WebPage","@id":"https:\/\/rendez-vous-store.com\/shop\/women\/women-dresses-rendez-vous-store\/cawley-argentina-dress-maxi-rust-rendez-vous-store\/","url":"https:\/\/rendez-vous-store.com\/shop\/women\/women-dresses-rendez-vous-store\/cawley-argentina-dress-maxi-rust-rendez-vous-store\/","name":"Cawley - Argentina Dress Maxi Rust - Rendez-Vous-Store","isPartOf":{"@id":"https:\/\/rendez-vous-store.com\/#website"},"primaryImageOfPage":{"@id":"https:\/\/rendez-vous-store.com\/shop\/women\/women-dresses-rendez-vous-store\/cawley-argentina-dress-maxi-rust-rendez-vous-store\/#primaryimage"},"image":{"@id":"https:\/\/rendez-vous-store.com\/shop\/women\/women-dresses-rendez-vous-store\/cawley-argentina-dress-maxi-rust-rendez-vous-store\/#primaryimage"},"thumbnailUrl":"https:\/\/rendez-vous-store.com\/app\/uploads\/2024\/03\/c010-scaled.webp","datePublished":"2024-03-13T14:48:11+00:00","dateModified":"2026-04-24T12:09:41+00:00","description":"Cawley is on Rendez-vous Store. This Cawley Argentina Dress Maxi Rust embodies the quality of craftmanship and the signature Cawley timeless pieces.","breadcrumb":{"@id":"https:\/\/rendez-vous-store.com\/shop\/women\/women-dresses-rendez-vous-store\/cawley-argentina-dress-maxi-rust-rendez-vous-store\/#breadcrumb"},"inLanguage":"fr-FR","potentialAction":[{"@type":"ReadAction","target":["https:\/\/rendez-vous-store.com\/shop\/women\/women-dresses-rendez-vous-store\/cawley-argentina-dress-maxi-rust-rendez-vous-store\/"]}]},{"@type":"ImageObject","inLanguage":"fr-FR","@id":"https:\/\/rendez-vous-store.com\/shop\/women\/women-dresses-rendez-vous-store\/cawley-argentina-dress-maxi-rust-rendez-vous-store\/#primaryimage","url":"https:\/\/rendez-vous-store.com\/app\/uploads\/2024\/03\/c010-scaled.webp","contentUrl":"https:\/\/rendez-vous-store.com\/app\/uploads\/2024\/03\/c010-scaled.webp","width":1711,"height":2560,"caption":"Cawley - Argentina Dress Maxi - Rust"},{"@type":"BreadcrumbList","@id":"https:\/\/rendez-vous-store.com\/shop\/women\/women-dresses-rendez-vous-store\/cawley-argentina-dress-maxi-rust-rendez-vous-store\/#breadcrumb","itemListElement":[{"@type":"ListItem","position":1,"name":"Home","item":"https:\/\/rendez-vous-store.com\/"},{"@type":"ListItem","position":2,"name":"Shop","item":"https:\/\/www.rendez-vous-store.com\/shop\/"},{"@type":"ListItem","position":3,"name":"Cawley &#8211; Argentina Dress Maxi &#8211; Rust"}]},{"@type":"WebSite","@id":"https:\/\/rendez-vous-store.com\/#website","url":"https:\/\/rendez-vous-store.com\/","name":"RENDEZ-VOUS STORE","description":"Slow Fashion for Women and Men","potentialAction":[{"@type":"SearchAction","target":{"@type":"EntryPoint","urlTemplate":"https:\/\/rendez-vous-store.com\/?s={search_term_string}"},"query-input":{"@type":"PropertyValueSpecification","valueRequired":true,"valueName":"search_term_string"}}],"inLanguage":"fr-FR"}]}},"_links":{"self":[{"href":"https:\/\/rendez-vous-store.com\/fr\/wp-json\/wp\/v2\/product\/157210","targetHints":{"allow":["GET"]}}],"collection":[{"href":"https:\/\/rendez-vous-store.com\/fr\/wp-json\/wp\/v2\/product"}],"about":[{"href":"https:\/\/rendez-vous-store.com\/fr\/wp-json\/wp\/v2\/types\/product"}],"wp:featuredmedia":[{"embeddable":true,"href":"https:\/\/rendez-vous-store.com\/fr\/wp-json\/wp\/v2\/media\/158102"}],"wp:attachment":[{"href":"https:\/\/rendez-vous-store.com\/fr\/wp-json\/wp\/v2\/media?parent=157210"}],"wp:term":[{"taxonomy":"product_brand","embeddable":true,"href":"https:\/\/rendez-vous-store.com\/fr\/wp-json\/wp\/v2\/product_brand?post=157210"},{"taxonomy":"product_cat","embeddable":true,"href":"https:\/\/rendez-vous-store.com\/fr\/wp-json\/wp\/v2\/product_cat?post=157210"},{"taxonomy":"product_tag","embeddable":true,"href":"https:\/\/rendez-vous-store.com\/fr\/wp-json\/wp\/v2\/product_tag?post=157210"}],"curies":[{"name":"wp","href":"https:\/\/api.w.org\/{rel}","templated":true}]}}