{"id":156702,"date":"2024-03-13T12:26:18","date_gmt":"2024-03-13T11:26:18","guid":{"rendered":"https:\/\/rendez-vous-store.com\/?post_type=product&#038;p=156702"},"modified":"2026-04-24T14:06:50","modified_gmt":"2026-04-24T12:06:50","slug":"marsell-woman-sfoglia-sabot-black-rendez-vous-store","status":"publish","type":"product","link":"https:\/\/rendez-vous-store.com\/fr\/shop\/last-pieces-women-rendez-vous-store\/last-pieces-women-shoes-heels-rendez-vous-store\/marsell-woman-sfoglia-sabot-black-rendez-vous-store\/","title":{"rendered":"Mars\u00e8ll - Femme Sfoglia Sabot MW8221 - Noir"},"content":{"rendered":"<h4>Mars\u00e8ll Femme Sfoglia Sabot Noir<\/h4>\n<p>Couleur : Noir<\/p>\n<div class=\"s-row\">\n<div class=\"s-column\">\n<p id=\"pdpProductDescriptionContainerText\" class=\"s-text\" data-test=\"pdpProductDescriptionContainerText\">Construction du Sacchetto<\/p>\n<p class=\"s-text\" data-test=\"pdpProductDescriptionContainerText\">Bout pointu<\/p>\n<p class=\"s-text\" data-test=\"pdpProductDescriptionContainerText\">Logo emboss\u00e9 sur la semelle en cuir<\/p>\n<p class=\"s-text\" data-test=\"pdpProductDescriptionContainerText\">Semelle en cuir teint\u00e9e \u00e0 la main avec injection de caoutchouc<\/p>\n<p class=\"s-text\" data-test=\"pdpProductDescriptionContainerText\"><span style=\"background-color: var(--global--color-background); color: var(--global--color-primary); font-family: var(--global--font-secondary); font-size: var(--global--font-size-base);\">Composition : Dessus : cuir de veau \/ Semelle : cuir, caoutchouc.<\/span><\/p>\n<\/div>\n<\/div>\n<div class=\"s-row\">\n<div class=\"s-column\">\n<p class=\"s-text\">Fabriqu\u00e9 en Italie<\/p>\n<p>Code de style : MW8221<\/p>\n<\/div>\n<\/div>\n<p>&nbsp;<\/p>\n<p>&nbsp;<\/p>\n<p><strong>Mars\u00e8ll taille grand, nous vous conseillons donc de prendre une demi-taille en dessous de votre taille habituelle.<\/strong><\/p>\n<p><strong>N'h\u00e9sitez pas \u00e0 nous contacter pour plus d'informations\/mesures<\/strong><\/p>\n<p>&nbsp;<\/p>\n<p>&nbsp;<\/p>\n<h4 data-test=\"pdpProductDescriptionContainerText\">La marque<\/h4>\n<p>Ce Mars\u00e8ll Femme Sfoglia Sabot Noir repr\u00e9sente l'expression d'une nouvelle culture artisanale.<\/p>\n<p>Mars\u00e8ll est une marque de luxe italienne r\u00e9put\u00e9e pour son savoir-faire exquis, ses designs avant-gardistes et son \u00e9l\u00e9gance intemporelle. Fond\u00e9e en 2001 par les fr\u00e8res et s\u0153urs Marco et Elisa Cima, la marque s'est rapidement impos\u00e9e dans le monde de la mode, s'attirant les faveurs du monde entier pour son esth\u00e9tique distinctive et son souci in\u00e9gal\u00e9 du d\u00e9tail.<\/p>\n<p>Au c\u0153ur de la philosophie de Mars\u00e8ll se trouve un profond respect de la tradition et de l'artisanat, associ\u00e9 \u00e0 une approche audacieuse et innovante du design. Chaque pi\u00e8ce est m\u00e9ticuleusement fabriqu\u00e9e \u00e0 la main en Italie par des artisans qualifi\u00e9s, selon des techniques traditionnelles transmises de g\u00e9n\u00e9ration en g\u00e9n\u00e9ration, ce qui donne des chaussures et des articles en cuir d'une qualit\u00e9 et d'une beaut\u00e9 exceptionnelles.<\/p>","protected":false},"excerpt":{"rendered":"<p>Mars\u00e8ll Woman Sfoglia Sabot Black Color: Black Sacchetto construction Pointed toe Logo embossed at leather footbed Hand-dyed leather sole with rubber injection Composition: Upper: calfskin \/ Sole: leather, rubber. Made in Italy Style code: MW8221 &nbsp; &nbsp; Mars\u00e8ll runs large, so we advise you to take half a size smaller than your usual size. Don&#8217;t&hellip; <a class=\"more-link\" href=\"https:\/\/rendez-vous-store.com\/fr\/shop\/last-pieces-women-rendez-vous-store\/last-pieces-women-shoes-heels-rendez-vous-store\/marsell-woman-sfoglia-sabot-black-rendez-vous-store\/\">Continuer la lecture <span class=\"screen-reader-text\">Mars\u00e8ll - Femme Sfoglia Sabot MW8221 - Noir<\/span><\/a><\/p>","protected":false},"featured_media":157929,"template":"","meta":{"_acf_changed":false},"product_brand":[],"product_cat":[1138,1167,1147],"product_tag":[],"class_list":{"0":"post-156702","1":"product","2":"type-product","3":"status-publish","4":"has-post-thumbnail","6":"product_cat-last-pieces-women-rendez-vous-store","7":"product_cat-40-last-pieces-women","8":"product_cat-last-pieces-women-shoes-heels-rendez-vous-store","9":"entry","11":"first","12":"outofstock","13":"taxable","14":"shipping-taxable","15":"product-type-variable","16":"has-default-attributes"},"acf":[],"yoast_head":"<!-- This site is optimized with the Yoast SEO plugin v24.9 - https:\/\/yoast.com\/wordpress\/plugins\/seo\/ -->\n<title>Mars\u00e8ll Woman Sfoglia Sabot Black<\/title>\n<meta name=\"description\" content=\"Mars\u00e8ll is on Rendez-vous Store. This Mars\u00e8ll Woman Sfoglia Sabot Black represents the expression of a new craft culture.\" \/>\n<meta name=\"robots\" content=\"index, follow, max-snippet:-1, max-image-preview:large, max-video-preview:-1\" \/>\n<link rel=\"canonical\" href=\"https:\/\/rendez-vous-store.com\/fr\/shop\/last-pieces-women-rendez-vous-store\/last-pieces-women-shoes-heels-rendez-vous-store\/marsell-woman-sfoglia-sabot-black-rendez-vous-store\/\" \/>\n<meta property=\"og:locale\" content=\"fr_FR\" \/>\n<meta property=\"og:type\" content=\"article\" \/>\n<meta property=\"og:title\" content=\"Mars\u00e8ll Woman Sfoglia Sabot Black\" \/>\n<meta property=\"og:description\" content=\"Mars\u00e8ll is on Rendez-vous Store. This Mars\u00e8ll Woman Sfoglia Sabot Black represents the expression of a new craft culture.\" \/>\n<meta property=\"og:url\" content=\"https:\/\/rendez-vous-store.com\/fr\/shop\/last-pieces-women-rendez-vous-store\/last-pieces-women-shoes-heels-rendez-vous-store\/marsell-woman-sfoglia-sabot-black-rendez-vous-store\/\" \/>\n<meta property=\"og:site_name\" content=\"RENDEZ-VOUS STORE\" \/>\n<meta property=\"article:modified_time\" content=\"2026-04-24T12:06:50+00:00\" \/>\n<meta property=\"og:image\" content=\"https:\/\/rendez-vous-store.com\/wp-content\/uploads\/2024\/03\/3-1.webp\" \/>\n\t<meta property=\"og:image:width\" content=\"1696\" \/>\n\t<meta property=\"og:image:height\" content=\"2560\" \/>\n\t<meta property=\"og:image:type\" content=\"image\/webp\" \/>\n<meta name=\"twitter:card\" content=\"summary_large_image\" \/>\n<meta name=\"twitter:label1\" content=\"Est. reading time\" \/>\n\t<meta name=\"twitter:data1\" content=\"1 minute\" \/>\n<script type=\"application\/ld+json\" class=\"yoast-schema-graph\">{\"@context\":\"https:\/\/schema.org\",\"@graph\":[{\"@type\":\"WebPage\",\"@id\":\"https:\/\/rendez-vous-store.com\/shop\/last-pieces-women-rendez-vous-store\/last-pieces-women-shoes-heels-rendez-vous-store\/marsell-woman-sfoglia-sabot-black-rendez-vous-store\/\",\"url\":\"https:\/\/rendez-vous-store.com\/shop\/last-pieces-women-rendez-vous-store\/last-pieces-women-shoes-heels-rendez-vous-store\/marsell-woman-sfoglia-sabot-black-rendez-vous-store\/\",\"name\":\"Mars\u00e8ll Woman Sfoglia Sabot Black\",\"isPartOf\":{\"@id\":\"https:\/\/rendez-vous-store.com\/#website\"},\"primaryImageOfPage\":{\"@id\":\"https:\/\/rendez-vous-store.com\/shop\/last-pieces-women-rendez-vous-store\/last-pieces-women-shoes-heels-rendez-vous-store\/marsell-woman-sfoglia-sabot-black-rendez-vous-store\/#primaryimage\"},\"image\":{\"@id\":\"https:\/\/rendez-vous-store.com\/shop\/last-pieces-women-rendez-vous-store\/last-pieces-women-shoes-heels-rendez-vous-store\/marsell-woman-sfoglia-sabot-black-rendez-vous-store\/#primaryimage\"},\"thumbnailUrl\":\"https:\/\/rendez-vous-store.com\/app\/uploads\/2024\/03\/3-1.webp\",\"datePublished\":\"2024-03-13T11:26:18+00:00\",\"dateModified\":\"2026-04-24T12:06:50+00:00\",\"description\":\"Mars\u00e8ll is on Rendez-vous Store. This Mars\u00e8ll Woman Sfoglia Sabot Black represents the expression of a new craft culture.\",\"breadcrumb\":{\"@id\":\"https:\/\/rendez-vous-store.com\/shop\/last-pieces-women-rendez-vous-store\/last-pieces-women-shoes-heels-rendez-vous-store\/marsell-woman-sfoglia-sabot-black-rendez-vous-store\/#breadcrumb\"},\"inLanguage\":\"fr-FR\",\"potentialAction\":[{\"@type\":\"ReadAction\",\"target\":[\"https:\/\/rendez-vous-store.com\/shop\/last-pieces-women-rendez-vous-store\/last-pieces-women-shoes-heels-rendez-vous-store\/marsell-woman-sfoglia-sabot-black-rendez-vous-store\/\"]}]},{\"@type\":\"ImageObject\",\"inLanguage\":\"fr-FR\",\"@id\":\"https:\/\/rendez-vous-store.com\/shop\/last-pieces-women-rendez-vous-store\/last-pieces-women-shoes-heels-rendez-vous-store\/marsell-woman-sfoglia-sabot-black-rendez-vous-store\/#primaryimage\",\"url\":\"https:\/\/rendez-vous-store.com\/app\/uploads\/2024\/03\/3-1.webp\",\"contentUrl\":\"https:\/\/rendez-vous-store.com\/app\/uploads\/2024\/03\/3-1.webp\",\"width\":1696,\"height\":2560,\"caption\":\"Mars\u00e8ll - Woman Sfoglia Sabot MW8221 - Black\"},{\"@type\":\"BreadcrumbList\",\"@id\":\"https:\/\/rendez-vous-store.com\/shop\/last-pieces-women-rendez-vous-store\/last-pieces-women-shoes-heels-rendez-vous-store\/marsell-woman-sfoglia-sabot-black-rendez-vous-store\/#breadcrumb\",\"itemListElement\":[{\"@type\":\"ListItem\",\"position\":1,\"name\":\"Home\",\"item\":\"https:\/\/rendez-vous-store.com\/\"},{\"@type\":\"ListItem\",\"position\":2,\"name\":\"Shop\",\"item\":\"https:\/\/www.rendez-vous-store.com\/shop\/\"},{\"@type\":\"ListItem\",\"position\":3,\"name\":\"Mars\u00e8ll &#8211; Woman Sfoglia Sabot MW8221 &#8211; Black\"}]},{\"@type\":\"WebSite\",\"@id\":\"https:\/\/rendez-vous-store.com\/#website\",\"url\":\"https:\/\/rendez-vous-store.com\/\",\"name\":\"RENDEZ-VOUS STORE\",\"description\":\"Slow Fashion for Women and Men\",\"potentialAction\":[{\"@type\":\"SearchAction\",\"target\":{\"@type\":\"EntryPoint\",\"urlTemplate\":\"https:\/\/rendez-vous-store.com\/?s={search_term_string}\"},\"query-input\":{\"@type\":\"PropertyValueSpecification\",\"valueRequired\":true,\"valueName\":\"search_term_string\"}}],\"inLanguage\":\"fr-FR\"}]}<\/script>\n<!-- \/ Yoast SEO plugin. -->","yoast_head_json":{"title":"Mars\u00e8ll Woman Sfoglia Sabot Black","description":"Mars\u00e8ll is on Rendez-vous Store. This Mars\u00e8ll Woman Sfoglia Sabot Black represents the expression of a new craft culture.","robots":{"index":"index","follow":"follow","max-snippet":"max-snippet:-1","max-image-preview":"max-image-preview:large","max-video-preview":"max-video-preview:-1"},"canonical":"https:\/\/rendez-vous-store.com\/fr\/shop\/last-pieces-women-rendez-vous-store\/last-pieces-women-shoes-heels-rendez-vous-store\/marsell-woman-sfoglia-sabot-black-rendez-vous-store\/","og_locale":"fr_FR","og_type":"article","og_title":"Mars\u00e8ll Woman Sfoglia Sabot Black","og_description":"Mars\u00e8ll is on Rendez-vous Store. This Mars\u00e8ll Woman Sfoglia Sabot Black represents the expression of a new craft culture.","og_url":"https:\/\/rendez-vous-store.com\/fr\/shop\/last-pieces-women-rendez-vous-store\/last-pieces-women-shoes-heels-rendez-vous-store\/marsell-woman-sfoglia-sabot-black-rendez-vous-store\/","og_site_name":"RENDEZ-VOUS STORE","article_modified_time":"2026-04-24T12:06:50+00:00","og_image":[{"width":1696,"height":2560,"url":"https:\/\/rendez-vous-store.com\/wp-content\/uploads\/2024\/03\/3-1.webp","type":"image\/webp"}],"twitter_card":"summary_large_image","twitter_misc":{"Est. reading time":"1 minute"},"schema":{"@context":"https:\/\/schema.org","@graph":[{"@type":"WebPage","@id":"https:\/\/rendez-vous-store.com\/shop\/last-pieces-women-rendez-vous-store\/last-pieces-women-shoes-heels-rendez-vous-store\/marsell-woman-sfoglia-sabot-black-rendez-vous-store\/","url":"https:\/\/rendez-vous-store.com\/shop\/last-pieces-women-rendez-vous-store\/last-pieces-women-shoes-heels-rendez-vous-store\/marsell-woman-sfoglia-sabot-black-rendez-vous-store\/","name":"Mars\u00e8ll Woman Sfoglia Sabot Black","isPartOf":{"@id":"https:\/\/rendez-vous-store.com\/#website"},"primaryImageOfPage":{"@id":"https:\/\/rendez-vous-store.com\/shop\/last-pieces-women-rendez-vous-store\/last-pieces-women-shoes-heels-rendez-vous-store\/marsell-woman-sfoglia-sabot-black-rendez-vous-store\/#primaryimage"},"image":{"@id":"https:\/\/rendez-vous-store.com\/shop\/last-pieces-women-rendez-vous-store\/last-pieces-women-shoes-heels-rendez-vous-store\/marsell-woman-sfoglia-sabot-black-rendez-vous-store\/#primaryimage"},"thumbnailUrl":"https:\/\/rendez-vous-store.com\/app\/uploads\/2024\/03\/3-1.webp","datePublished":"2024-03-13T11:26:18+00:00","dateModified":"2026-04-24T12:06:50+00:00","description":"Mars\u00e8ll is on Rendez-vous Store. This Mars\u00e8ll Woman Sfoglia Sabot Black represents the expression of a new craft culture.","breadcrumb":{"@id":"https:\/\/rendez-vous-store.com\/shop\/last-pieces-women-rendez-vous-store\/last-pieces-women-shoes-heels-rendez-vous-store\/marsell-woman-sfoglia-sabot-black-rendez-vous-store\/#breadcrumb"},"inLanguage":"fr-FR","potentialAction":[{"@type":"ReadAction","target":["https:\/\/rendez-vous-store.com\/shop\/last-pieces-women-rendez-vous-store\/last-pieces-women-shoes-heels-rendez-vous-store\/marsell-woman-sfoglia-sabot-black-rendez-vous-store\/"]}]},{"@type":"ImageObject","inLanguage":"fr-FR","@id":"https:\/\/rendez-vous-store.com\/shop\/last-pieces-women-rendez-vous-store\/last-pieces-women-shoes-heels-rendez-vous-store\/marsell-woman-sfoglia-sabot-black-rendez-vous-store\/#primaryimage","url":"https:\/\/rendez-vous-store.com\/app\/uploads\/2024\/03\/3-1.webp","contentUrl":"https:\/\/rendez-vous-store.com\/app\/uploads\/2024\/03\/3-1.webp","width":1696,"height":2560,"caption":"Mars\u00e8ll - Woman Sfoglia Sabot MW8221 - Black"},{"@type":"BreadcrumbList","@id":"https:\/\/rendez-vous-store.com\/shop\/last-pieces-women-rendez-vous-store\/last-pieces-women-shoes-heels-rendez-vous-store\/marsell-woman-sfoglia-sabot-black-rendez-vous-store\/#breadcrumb","itemListElement":[{"@type":"ListItem","position":1,"name":"Home","item":"https:\/\/rendez-vous-store.com\/"},{"@type":"ListItem","position":2,"name":"Shop","item":"https:\/\/www.rendez-vous-store.com\/shop\/"},{"@type":"ListItem","position":3,"name":"Mars\u00e8ll &#8211; Woman Sfoglia Sabot MW8221 &#8211; Black"}]},{"@type":"WebSite","@id":"https:\/\/rendez-vous-store.com\/#website","url":"https:\/\/rendez-vous-store.com\/","name":"RENDEZ-VOUS STORE","description":"Slow Fashion for Women and Men","potentialAction":[{"@type":"SearchAction","target":{"@type":"EntryPoint","urlTemplate":"https:\/\/rendez-vous-store.com\/?s={search_term_string}"},"query-input":{"@type":"PropertyValueSpecification","valueRequired":true,"valueName":"search_term_string"}}],"inLanguage":"fr-FR"}]}},"_links":{"self":[{"href":"https:\/\/rendez-vous-store.com\/fr\/wp-json\/wp\/v2\/product\/156702","targetHints":{"allow":["GET"]}}],"collection":[{"href":"https:\/\/rendez-vous-store.com\/fr\/wp-json\/wp\/v2\/product"}],"about":[{"href":"https:\/\/rendez-vous-store.com\/fr\/wp-json\/wp\/v2\/types\/product"}],"wp:featuredmedia":[{"embeddable":true,"href":"https:\/\/rendez-vous-store.com\/fr\/wp-json\/wp\/v2\/media\/157929"}],"wp:attachment":[{"href":"https:\/\/rendez-vous-store.com\/fr\/wp-json\/wp\/v2\/media?parent=156702"}],"wp:term":[{"taxonomy":"product_brand","embeddable":true,"href":"https:\/\/rendez-vous-store.com\/fr\/wp-json\/wp\/v2\/product_brand?post=156702"},{"taxonomy":"product_cat","embeddable":true,"href":"https:\/\/rendez-vous-store.com\/fr\/wp-json\/wp\/v2\/product_cat?post=156702"},{"taxonomy":"product_tag","embeddable":true,"href":"https:\/\/rendez-vous-store.com\/fr\/wp-json\/wp\/v2\/product_tag?post=156702"}],"curies":[{"name":"wp","href":"https:\/\/api.w.org\/{rel}","templated":true}]}}