{"id":155437,"date":"2024-03-01T14:30:41","date_gmt":"2024-03-01T13:30:41","guid":{"rendered":"https:\/\/rendez-vous-store.com\/?post_type=product&#038;p=155437"},"modified":"2026-03-16T17:03:21","modified_gmt":"2026-03-16T16:03:21","slug":"tanaka-the-jean-trousers-indigo-blue","status":"publish","type":"product","link":"https:\/\/rendez-vous-store.com\/fr\/shop\/special-offer-women-rendez-vous-store\/women-trousers-special-offer\/tanaka-the-jean-trousers-indigo-blue\/","title":{"rendered":"Tanaka - The Jean Trousers - Bleu indigo"},"content":{"rendered":"<p><strong>Tanaka The Jean Trousers Indigo Blue<\/strong><\/p>\n<p>Couleur : Bleu indigo<\/p>\n<p>Fermeture par bouton<\/p>\n<p>Pliss\u00e9<\/p>\n<p>Boucles de ceinture<\/p>\n<p>Deux poches lat\u00e9rales<\/p>\n<p>Deux poches plaqu\u00e9es au dos<\/p>\n<p>Composition : 100% Coton<\/p>\n<p>Fabriqu\u00e9 au Japon<\/p>\n<p>&nbsp;<\/p>\n<p>&nbsp;<\/p>\n<p>&nbsp;<\/p>\n<p>&nbsp;<\/p>\n<p><strong>Tableau des tailles : 25=XXS \/ 26=XS \/ 27=S \/ 28=M \/ 29=L<\/strong><\/p>\n<p>&nbsp;<\/p>\n<p>&nbsp;<\/p>\n<p>&nbsp;<\/p>\n<p>&nbsp;<\/p>\n<p><strong>La marque<\/strong><\/p>\n<p>Tanaka est une marque de denim qui incarne l'artisanat intemporel, l'innovation et le d\u00e9vouement \u00e0 la qualit\u00e9. La marque est profond\u00e9ment enracin\u00e9e dans la culture du denim. Elle est synonyme d'authenticit\u00e9, de style et de durabilit\u00e9.<\/p>\n<p>Les artisans cr\u00e9ent chaque paire de jeans avec une attention m\u00e9ticuleuse aux d\u00e9tails. Ils s\u00e9lectionnent avec soin des tissus denim de qualit\u00e9 sup\u00e9rieure pour chaque point de couture. Le r\u00e9sultat est une collection de jeans qui ont fi\u00e8re allure et qui sont confortables. Ces jeans r\u00e9sistent \u00e0 l'\u00e9preuve du temps. La marque s'inspire de l'esth\u00e9tique classique du denim tout en adoptant les tendances contemporaines.<\/p>","protected":false},"excerpt":{"rendered":"<p>Tanaka The Jean Trousers Indigo Blue Color: Indigo Blue Button Closure Pleated Belt Loops Two Side Pockets Two Back Patch Pockets Composition: 100% Cotton Made In Japan &nbsp; &nbsp; &nbsp; &nbsp; Size Chart: 25=XXS \/ 26=XS \/ 27=S \/ 28=M \/ 29=L &nbsp; &nbsp; &nbsp; &nbsp; The brand Tanaka is a denim brand that embodies&hellip; <a class=\"more-link\" href=\"https:\/\/rendez-vous-store.com\/fr\/shop\/special-offer-women-rendez-vous-store\/women-trousers-special-offer\/tanaka-the-jean-trousers-indigo-blue\/\">Continuer la lecture <span class=\"screen-reader-text\">Tanaka - The Jean Trousers - Bleu indigo<\/span><\/a><\/p>","protected":false},"featured_media":160476,"template":"","meta":{"_acf_changed":false},"product_brand":[],"product_cat":[1292,1335,1341,17,182],"product_tag":[722],"class_list":{"0":"post-155437","1":"product","2":"type-product","3":"status-publish","4":"has-post-thumbnail","6":"product_cat-1292","7":"product_cat-special-offer-women-rendez-vous-store","8":"product_cat-women-trousers-special-offer","9":"product_cat-women","10":"product_cat-trousers-skirts-discover-our-selection-rendez-vous-store","11":"product_tag-tanaka-premium-denim-fabrics-rendez-vous-store","12":"entry","14":"first","15":"outofstock","16":"taxable","17":"shipping-taxable","18":"product-type-variable"},"acf":[],"yoast_head":"<!-- This site is optimized with the Yoast SEO plugin v24.9 - https:\/\/yoast.com\/wordpress\/plugins\/seo\/ -->\n<title>Tanaka - The Jean Trousers Indigo Blue - Rendez-Vous Store<\/title>\n<meta name=\"description\" content=\"Tanaka is on Rendez-vous Store. This Tanaka Jean Trousers Indigo Blue is paying great respect to the classics. Discover now.\" \/>\n<meta name=\"robots\" content=\"index, follow, max-snippet:-1, max-image-preview:large, max-video-preview:-1\" \/>\n<link rel=\"canonical\" href=\"https:\/\/rendez-vous-store.com\/fr\/shop\/special-offer-women-rendez-vous-store\/women-trousers-special-offer\/tanaka-the-jean-trousers-indigo-blue\/\" \/>\n<meta property=\"og:locale\" content=\"fr_FR\" \/>\n<meta property=\"og:type\" content=\"article\" \/>\n<meta property=\"og:title\" content=\"Tanaka - The Jean Trousers Indigo Blue - Rendez-Vous Store\" \/>\n<meta property=\"og:description\" content=\"Tanaka is on Rendez-vous Store. This Tanaka Jean Trousers Indigo Blue is paying great respect to the classics. Discover now.\" \/>\n<meta property=\"og:url\" content=\"https:\/\/rendez-vous-store.com\/fr\/shop\/special-offer-women-rendez-vous-store\/women-trousers-special-offer\/tanaka-the-jean-trousers-indigo-blue\/\" \/>\n<meta property=\"og:site_name\" content=\"RENDEZ-VOUS STORE\" \/>\n<meta property=\"article:modified_time\" content=\"2026-03-16T16:03:21+00:00\" \/>\n<meta property=\"og:image\" content=\"https:\/\/rendez-vous-store.com\/wp-content\/uploads\/2024\/03\/jean2-2.webp\" \/>\n\t<meta property=\"og:image:width\" content=\"1696\" \/>\n\t<meta property=\"og:image:height\" content=\"2560\" \/>\n\t<meta property=\"og:image:type\" content=\"image\/webp\" \/>\n<meta name=\"twitter:card\" content=\"summary_large_image\" \/>\n<meta name=\"twitter:label1\" content=\"Est. reading time\" \/>\n\t<meta name=\"twitter:data1\" content=\"1 minute\" \/>\n<script type=\"application\/ld+json\" class=\"yoast-schema-graph\">{\"@context\":\"https:\/\/schema.org\",\"@graph\":[{\"@type\":\"WebPage\",\"@id\":\"https:\/\/rendez-vous-store.com\/shop\/special-offer-women-rendez-vous-store\/women-trousers-special-offer\/tanaka-the-jean-trousers-indigo-blue\/\",\"url\":\"https:\/\/rendez-vous-store.com\/shop\/special-offer-women-rendez-vous-store\/women-trousers-special-offer\/tanaka-the-jean-trousers-indigo-blue\/\",\"name\":\"Tanaka - The Jean Trousers Indigo Blue - Rendez-Vous Store\",\"isPartOf\":{\"@id\":\"https:\/\/rendez-vous-store.com\/#website\"},\"primaryImageOfPage\":{\"@id\":\"https:\/\/rendez-vous-store.com\/shop\/special-offer-women-rendez-vous-store\/women-trousers-special-offer\/tanaka-the-jean-trousers-indigo-blue\/#primaryimage\"},\"image\":{\"@id\":\"https:\/\/rendez-vous-store.com\/shop\/special-offer-women-rendez-vous-store\/women-trousers-special-offer\/tanaka-the-jean-trousers-indigo-blue\/#primaryimage\"},\"thumbnailUrl\":\"https:\/\/rendez-vous-store.com\/app\/uploads\/2024\/03\/jean2-2.webp\",\"datePublished\":\"2024-03-01T13:30:41+00:00\",\"dateModified\":\"2026-03-16T16:03:21+00:00\",\"description\":\"Tanaka is on Rendez-vous Store. This Tanaka Jean Trousers Indigo Blue is paying great respect to the classics. Discover now.\",\"breadcrumb\":{\"@id\":\"https:\/\/rendez-vous-store.com\/shop\/special-offer-women-rendez-vous-store\/women-trousers-special-offer\/tanaka-the-jean-trousers-indigo-blue\/#breadcrumb\"},\"inLanguage\":\"fr-FR\",\"potentialAction\":[{\"@type\":\"ReadAction\",\"target\":[\"https:\/\/rendez-vous-store.com\/shop\/special-offer-women-rendez-vous-store\/women-trousers-special-offer\/tanaka-the-jean-trousers-indigo-blue\/\"]}]},{\"@type\":\"ImageObject\",\"inLanguage\":\"fr-FR\",\"@id\":\"https:\/\/rendez-vous-store.com\/shop\/special-offer-women-rendez-vous-store\/women-trousers-special-offer\/tanaka-the-jean-trousers-indigo-blue\/#primaryimage\",\"url\":\"https:\/\/rendez-vous-store.com\/app\/uploads\/2024\/03\/jean2-2.webp\",\"contentUrl\":\"https:\/\/rendez-vous-store.com\/app\/uploads\/2024\/03\/jean2-2.webp\",\"width\":1696,\"height\":2560,\"caption\":\"Tanaka - The Jean Trousers - Indigo Blue\"},{\"@type\":\"BreadcrumbList\",\"@id\":\"https:\/\/rendez-vous-store.com\/shop\/special-offer-women-rendez-vous-store\/women-trousers-special-offer\/tanaka-the-jean-trousers-indigo-blue\/#breadcrumb\",\"itemListElement\":[{\"@type\":\"ListItem\",\"position\":1,\"name\":\"Home\",\"item\":\"https:\/\/rendez-vous-store.com\/\"},{\"@type\":\"ListItem\",\"position\":2,\"name\":\"Shop\",\"item\":\"https:\/\/www.rendez-vous-store.com\/shop\/\"},{\"@type\":\"ListItem\",\"position\":3,\"name\":\"Tanaka &#8211; The Jean Trousers &#8211; Indigo Blue\"}]},{\"@type\":\"WebSite\",\"@id\":\"https:\/\/rendez-vous-store.com\/#website\",\"url\":\"https:\/\/rendez-vous-store.com\/\",\"name\":\"RENDEZ-VOUS STORE\",\"description\":\"Slow Fashion for Women and Men\",\"potentialAction\":[{\"@type\":\"SearchAction\",\"target\":{\"@type\":\"EntryPoint\",\"urlTemplate\":\"https:\/\/rendez-vous-store.com\/?s={search_term_string}\"},\"query-input\":{\"@type\":\"PropertyValueSpecification\",\"valueRequired\":true,\"valueName\":\"search_term_string\"}}],\"inLanguage\":\"fr-FR\"}]}<\/script>\n<!-- \/ Yoast SEO plugin. -->","yoast_head_json":{"title":"Tanaka - The Jean Trousers Indigo Blue - Rendez-Vous Store","description":"Tanaka is on Rendez-vous Store. This Tanaka Jean Trousers Indigo Blue is paying great respect to the classics. Discover now.","robots":{"index":"index","follow":"follow","max-snippet":"max-snippet:-1","max-image-preview":"max-image-preview:large","max-video-preview":"max-video-preview:-1"},"canonical":"https:\/\/rendez-vous-store.com\/fr\/shop\/special-offer-women-rendez-vous-store\/women-trousers-special-offer\/tanaka-the-jean-trousers-indigo-blue\/","og_locale":"fr_FR","og_type":"article","og_title":"Tanaka - The Jean Trousers Indigo Blue - Rendez-Vous Store","og_description":"Tanaka is on Rendez-vous Store. This Tanaka Jean Trousers Indigo Blue is paying great respect to the classics. Discover now.","og_url":"https:\/\/rendez-vous-store.com\/fr\/shop\/special-offer-women-rendez-vous-store\/women-trousers-special-offer\/tanaka-the-jean-trousers-indigo-blue\/","og_site_name":"RENDEZ-VOUS STORE","article_modified_time":"2026-03-16T16:03:21+00:00","og_image":[{"width":1696,"height":2560,"url":"https:\/\/rendez-vous-store.com\/wp-content\/uploads\/2024\/03\/jean2-2.webp","type":"image\/webp"}],"twitter_card":"summary_large_image","twitter_misc":{"Est. reading time":"1 minute"},"schema":{"@context":"https:\/\/schema.org","@graph":[{"@type":"WebPage","@id":"https:\/\/rendez-vous-store.com\/shop\/special-offer-women-rendez-vous-store\/women-trousers-special-offer\/tanaka-the-jean-trousers-indigo-blue\/","url":"https:\/\/rendez-vous-store.com\/shop\/special-offer-women-rendez-vous-store\/women-trousers-special-offer\/tanaka-the-jean-trousers-indigo-blue\/","name":"Tanaka - The Jean Trousers Indigo Blue - Rendez-Vous Store","isPartOf":{"@id":"https:\/\/rendez-vous-store.com\/#website"},"primaryImageOfPage":{"@id":"https:\/\/rendez-vous-store.com\/shop\/special-offer-women-rendez-vous-store\/women-trousers-special-offer\/tanaka-the-jean-trousers-indigo-blue\/#primaryimage"},"image":{"@id":"https:\/\/rendez-vous-store.com\/shop\/special-offer-women-rendez-vous-store\/women-trousers-special-offer\/tanaka-the-jean-trousers-indigo-blue\/#primaryimage"},"thumbnailUrl":"https:\/\/rendez-vous-store.com\/app\/uploads\/2024\/03\/jean2-2.webp","datePublished":"2024-03-01T13:30:41+00:00","dateModified":"2026-03-16T16:03:21+00:00","description":"Tanaka is on Rendez-vous Store. This Tanaka Jean Trousers Indigo Blue is paying great respect to the classics. Discover now.","breadcrumb":{"@id":"https:\/\/rendez-vous-store.com\/shop\/special-offer-women-rendez-vous-store\/women-trousers-special-offer\/tanaka-the-jean-trousers-indigo-blue\/#breadcrumb"},"inLanguage":"fr-FR","potentialAction":[{"@type":"ReadAction","target":["https:\/\/rendez-vous-store.com\/shop\/special-offer-women-rendez-vous-store\/women-trousers-special-offer\/tanaka-the-jean-trousers-indigo-blue\/"]}]},{"@type":"ImageObject","inLanguage":"fr-FR","@id":"https:\/\/rendez-vous-store.com\/shop\/special-offer-women-rendez-vous-store\/women-trousers-special-offer\/tanaka-the-jean-trousers-indigo-blue\/#primaryimage","url":"https:\/\/rendez-vous-store.com\/app\/uploads\/2024\/03\/jean2-2.webp","contentUrl":"https:\/\/rendez-vous-store.com\/app\/uploads\/2024\/03\/jean2-2.webp","width":1696,"height":2560,"caption":"Tanaka - The Jean Trousers - Indigo Blue"},{"@type":"BreadcrumbList","@id":"https:\/\/rendez-vous-store.com\/shop\/special-offer-women-rendez-vous-store\/women-trousers-special-offer\/tanaka-the-jean-trousers-indigo-blue\/#breadcrumb","itemListElement":[{"@type":"ListItem","position":1,"name":"Home","item":"https:\/\/rendez-vous-store.com\/"},{"@type":"ListItem","position":2,"name":"Shop","item":"https:\/\/www.rendez-vous-store.com\/shop\/"},{"@type":"ListItem","position":3,"name":"Tanaka &#8211; The Jean Trousers &#8211; Indigo Blue"}]},{"@type":"WebSite","@id":"https:\/\/rendez-vous-store.com\/#website","url":"https:\/\/rendez-vous-store.com\/","name":"RENDEZ-VOUS STORE","description":"Slow Fashion for Women and Men","potentialAction":[{"@type":"SearchAction","target":{"@type":"EntryPoint","urlTemplate":"https:\/\/rendez-vous-store.com\/?s={search_term_string}"},"query-input":{"@type":"PropertyValueSpecification","valueRequired":true,"valueName":"search_term_string"}}],"inLanguage":"fr-FR"}]}},"_links":{"self":[{"href":"https:\/\/rendez-vous-store.com\/fr\/wp-json\/wp\/v2\/product\/155437","targetHints":{"allow":["GET"]}}],"collection":[{"href":"https:\/\/rendez-vous-store.com\/fr\/wp-json\/wp\/v2\/product"}],"about":[{"href":"https:\/\/rendez-vous-store.com\/fr\/wp-json\/wp\/v2\/types\/product"}],"wp:featuredmedia":[{"embeddable":true,"href":"https:\/\/rendez-vous-store.com\/fr\/wp-json\/wp\/v2\/media\/160476"}],"wp:attachment":[{"href":"https:\/\/rendez-vous-store.com\/fr\/wp-json\/wp\/v2\/media?parent=155437"}],"wp:term":[{"taxonomy":"product_brand","embeddable":true,"href":"https:\/\/rendez-vous-store.com\/fr\/wp-json\/wp\/v2\/product_brand?post=155437"},{"taxonomy":"product_cat","embeddable":true,"href":"https:\/\/rendez-vous-store.com\/fr\/wp-json\/wp\/v2\/product_cat?post=155437"},{"taxonomy":"product_tag","embeddable":true,"href":"https:\/\/rendez-vous-store.com\/fr\/wp-json\/wp\/v2\/product_tag?post=155437"}],"curies":[{"name":"wp","href":"https:\/\/api.w.org\/{rel}","templated":true}]}}