{"id":153498,"date":"2024-02-21T15:53:55","date_gmt":"2024-02-21T14:53:55","guid":{"rendered":"https:\/\/rendez-vous-store.com\/?post_type=product&#038;p=153498"},"modified":"2026-03-16T16:57:18","modified_gmt":"2026-03-16T15:57:18","slug":"abel-cobalt-amber-50ml-rendez-vous-store","status":"publish","type":"product","link":"https:\/\/rendez-vous-store.com\/fr\/shop\/fragrance\/abel-cobalt-amber-50ml-rendez-vous-store\/","title":{"rendered":"Abel - Cobalt Amber - 50ml"},"content":{"rendered":"<p>Abel Parfum unisexe<\/p>\n<p><strong>Abel Cobalt Amber 50ml<\/strong><\/p>\n<p><strong>Note : En raison de la r\u00e9glementation, l'exp\u00e9dition des parfums n'est possible qu'aux adresses de l'Union europ\u00e9enne. Veuillez ne pas commander si votre adresse de livraison se trouve en dehors de l'Union europ\u00e9enne.<\/strong><\/p>\n<p>&nbsp;<\/p>\n<div class=\"product__smell-note max-w-200\">\n<p class=\"h4 pb-20\">Notes de t\u00eate : poivre rose, cardamome, baies de geni\u00e8vre<\/p>\n<\/div>\n<div class=\"product__smell-note max-w-200\">\n<p class=\"h4 pb-20\">Notes de c\u0153ur : cacao, tonka, baume du P\u00e9rou<\/p>\n<\/div>\n<div class=\"product__smell-note max-w-200\">\n<p class=\"h4 pb-20\">Notes de fond : ambre<\/p>\n<p>&nbsp;<\/p>\n<\/div>\n<p>100% Naturel<\/p>\n<p>Recyclable<\/p>\n<p>Sources \u00e9thiques<\/p>\n<p>V\u00e9g\u00e9talien<\/p>\n<p>&nbsp;<\/p>\n<p>Comparaisons d'odeurs :<\/p>\n<p>Jo Malone Ambre fonc\u00e9 &amp; Lys au gingembre<br \/>\nGuerlain Mon Guerlain<br \/>\nMaison Francis Kurkdjian Baccarat Rouge 540<\/p>\n<p>&nbsp;<\/p>\n<p><strong>Ingr\u00e9dients :<\/strong><\/p>\n<p>extrait de poivre rose - \u00eele de la R\u00e9union huile de baies de geni\u00e8vre - Balkans huile de bergamote - Italie v\u00e9tiverol - *note v\u00e9g\u00e9tale de v\u00e9tiver maltol - *note v\u00e9g\u00e9tale de caramel absolu de f\u00e8ve tonka - Venezuela huile de baume du P\u00e9rou - El Salvador absolu de ciste labdanum - Espagne huile de bois de santal - Inde huile de bois de c\u00e8dre - U. S. A. huile de patchouli - Indon\u00e9sie ambroxan - *note v\u00e9g\u00e9tale d'ambre gris ambrettolide - *note v\u00e9g\u00e9tale de musc vanillineS.A. huile de patchouli - Indon\u00e9sie ambroxan - *note d'ambre gris d'origine v\u00e9g\u00e9tale ambrettolide - *note de musc d'origine v\u00e9g\u00e9tale vanilline - *note de vanille d'origine v\u00e9g\u00e9tale base : alcool de grain (non d\u00e9natur\u00e9) - Italie *organique. INCI (allerg\u00e8nes potentiels) : limonene, coumarin, linalool, benzyl benzoate, benzyl alcohol, cinnamal, benzyl cinnamate, citral, isoeugenol, cinnamic alcohol, citronellol, eugenol.<\/p>\n<p>&nbsp;<\/p>\n<p>&nbsp;<\/p>\n<p>&nbsp;<\/p>\n<p>&nbsp;<\/p>\n<p>&nbsp;<\/p>\n<p><strong>La marque :<\/strong><\/p>\n<p>Abel est une marque de parfums de niche renomm\u00e9e, c\u00e9l\u00e8bre pour son engagement \u00e0 cr\u00e9er des parfums naturels et durables. En mettant l'accent sur des ingr\u00e9dients de haute qualit\u00e9 provenant du monde entier, Abel propose une gamme de senteurs uniques appr\u00e9ci\u00e9es par les aficionados de parfums artisanaux et non conventionnels. D\u00e9couvrez l'essence du luxe et de l'authenticit\u00e9 avec Abel.<\/p>","protected":false},"excerpt":{"rendered":"<p>Abel Unisex Fragrance Abel Cobalt Amber 50ml Note : Due to regulations, shipment of fragrances is only possible to European Union addresses. Please do not order if your shipping address is outside the European Union. &nbsp; Top notes : pink pepper, cardamom, juniper berry Heart notes : cacao, tonka, peru balsam Base notes : amber&hellip; <a class=\"more-link\" href=\"https:\/\/rendez-vous-store.com\/fr\/shop\/fragrance\/abel-cobalt-amber-50ml-rendez-vous-store\/\">Continue reading <span class=\"screen-reader-text\">Abel - Cobalt Amber - 50ml<\/span><\/a><\/p>","protected":false},"featured_media":155982,"template":"","meta":{"_acf_changed":false},"product_brand":[],"product_cat":[69],"product_tag":[1245],"class_list":{"0":"post-153498","1":"product","2":"type-product","3":"status-publish","4":"has-post-thumbnail","6":"product_cat-fragrance","7":"product_tag-abel-fragrance","8":"entry","10":"first","11":"outofstock","12":"taxable","13":"shipping-taxable","14":"product-type-variable"},"acf":[],"yoast_head":"<!-- This site is optimized with the Yoast SEO plugin v24.9 - https:\/\/yoast.com\/wordpress\/plugins\/seo\/ -->\n<title>Abel Cobalt Amber 50ml<\/title>\n<meta name=\"description\" content=\"Abel is on Rendez-vous Store. This Abel Cobalt Amber offers a range of unique scents beloved by aficionados of artisanal and unconventional fragrances.\" \/>\n<meta name=\"robots\" content=\"index, follow, max-snippet:-1, max-image-preview:large, max-video-preview:-1\" \/>\n<link rel=\"canonical\" href=\"https:\/\/rendez-vous-store.com\/fr\/shop\/fragrance\/abel-cobalt-amber-50ml-rendez-vous-store\/\" \/>\n<meta property=\"og:locale\" content=\"fr_FR\" \/>\n<meta property=\"og:type\" content=\"article\" \/>\n<meta property=\"og:title\" content=\"Abel Cobalt Amber 50ml\" \/>\n<meta property=\"og:description\" content=\"Abel is on Rendez-vous Store. This Abel Cobalt Amber offers a range of unique scents beloved by aficionados of artisanal and unconventional fragrances.\" \/>\n<meta property=\"og:url\" content=\"https:\/\/rendez-vous-store.com\/fr\/shop\/fragrance\/abel-cobalt-amber-50ml-rendez-vous-store\/\" \/>\n<meta property=\"og:site_name\" content=\"RENDEZ-VOUS STORE\" \/>\n<meta property=\"article:modified_time\" content=\"2026-03-16T15:57:18+00:00\" \/>\n<meta property=\"og:image\" content=\"https:\/\/rendez-vous-store.com\/wp-content\/uploads\/2024\/02\/rdv_107-scaled.webp\" \/>\n\t<meta property=\"og:image:width\" content=\"1696\" \/>\n\t<meta property=\"og:image:height\" content=\"2560\" \/>\n\t<meta property=\"og:image:type\" content=\"image\/webp\" \/>\n<meta name=\"twitter:card\" content=\"summary_large_image\" \/>\n<meta name=\"twitter:label1\" content=\"Est. reading time\" \/>\n\t<meta name=\"twitter:data1\" content=\"2 minutes\" \/>\n<script type=\"application\/ld+json\" class=\"yoast-schema-graph\">{\"@context\":\"https:\/\/schema.org\",\"@graph\":[{\"@type\":\"WebPage\",\"@id\":\"https:\/\/rendez-vous-store.com\/shop\/fragrance\/abel-cobalt-amber-50ml-rendez-vous-store\/\",\"url\":\"https:\/\/rendez-vous-store.com\/shop\/fragrance\/abel-cobalt-amber-50ml-rendez-vous-store\/\",\"name\":\"Abel Cobalt Amber 50ml\",\"isPartOf\":{\"@id\":\"https:\/\/rendez-vous-store.com\/#website\"},\"primaryImageOfPage\":{\"@id\":\"https:\/\/rendez-vous-store.com\/shop\/fragrance\/abel-cobalt-amber-50ml-rendez-vous-store\/#primaryimage\"},\"image\":{\"@id\":\"https:\/\/rendez-vous-store.com\/shop\/fragrance\/abel-cobalt-amber-50ml-rendez-vous-store\/#primaryimage\"},\"thumbnailUrl\":\"https:\/\/rendez-vous-store.com\/app\/uploads\/2024\/02\/rdv_107-scaled.webp\",\"datePublished\":\"2024-02-21T14:53:55+00:00\",\"dateModified\":\"2026-03-16T15:57:18+00:00\",\"description\":\"Abel is on Rendez-vous Store. This Abel Cobalt Amber offers a range of unique scents beloved by aficionados of artisanal and unconventional fragrances.\",\"breadcrumb\":{\"@id\":\"https:\/\/rendez-vous-store.com\/shop\/fragrance\/abel-cobalt-amber-50ml-rendez-vous-store\/#breadcrumb\"},\"inLanguage\":\"fr-FR\",\"potentialAction\":[{\"@type\":\"ReadAction\",\"target\":[\"https:\/\/rendez-vous-store.com\/shop\/fragrance\/abel-cobalt-amber-50ml-rendez-vous-store\/\"]}]},{\"@type\":\"ImageObject\",\"inLanguage\":\"fr-FR\",\"@id\":\"https:\/\/rendez-vous-store.com\/shop\/fragrance\/abel-cobalt-amber-50ml-rendez-vous-store\/#primaryimage\",\"url\":\"https:\/\/rendez-vous-store.com\/app\/uploads\/2024\/02\/rdv_107-scaled.webp\",\"contentUrl\":\"https:\/\/rendez-vous-store.com\/app\/uploads\/2024\/02\/rdv_107-scaled.webp\",\"width\":1696,\"height\":2560,\"caption\":\"Abel - Cobalt Amber - 50ml\"},{\"@type\":\"BreadcrumbList\",\"@id\":\"https:\/\/rendez-vous-store.com\/shop\/fragrance\/abel-cobalt-amber-50ml-rendez-vous-store\/#breadcrumb\",\"itemListElement\":[{\"@type\":\"ListItem\",\"position\":1,\"name\":\"Home\",\"item\":\"https:\/\/rendez-vous-store.com\/\"},{\"@type\":\"ListItem\",\"position\":2,\"name\":\"Shop\",\"item\":\"https:\/\/www.rendez-vous-store.com\/shop\/\"},{\"@type\":\"ListItem\",\"position\":3,\"name\":\"Abel &#8211; Cobalt Amber &#8211; 50ml\"}]},{\"@type\":\"WebSite\",\"@id\":\"https:\/\/rendez-vous-store.com\/#website\",\"url\":\"https:\/\/rendez-vous-store.com\/\",\"name\":\"RENDEZ-VOUS STORE\",\"description\":\"Slow Fashion for Women and Men\",\"potentialAction\":[{\"@type\":\"SearchAction\",\"target\":{\"@type\":\"EntryPoint\",\"urlTemplate\":\"https:\/\/rendez-vous-store.com\/?s={search_term_string}\"},\"query-input\":{\"@type\":\"PropertyValueSpecification\",\"valueRequired\":true,\"valueName\":\"search_term_string\"}}],\"inLanguage\":\"fr-FR\"}]}<\/script>\n<!-- \/ Yoast SEO plugin. -->","yoast_head_json":{"title":"Abel Cobalt Amber 50ml","description":"Abel is on Rendez-vous Store. This Abel Cobalt Amber offers a range of unique scents beloved by aficionados of artisanal and unconventional fragrances.","robots":{"index":"index","follow":"follow","max-snippet":"max-snippet:-1","max-image-preview":"max-image-preview:large","max-video-preview":"max-video-preview:-1"},"canonical":"https:\/\/rendez-vous-store.com\/fr\/shop\/fragrance\/abel-cobalt-amber-50ml-rendez-vous-store\/","og_locale":"fr_FR","og_type":"article","og_title":"Abel Cobalt Amber 50ml","og_description":"Abel is on Rendez-vous Store. This Abel Cobalt Amber offers a range of unique scents beloved by aficionados of artisanal and unconventional fragrances.","og_url":"https:\/\/rendez-vous-store.com\/fr\/shop\/fragrance\/abel-cobalt-amber-50ml-rendez-vous-store\/","og_site_name":"RENDEZ-VOUS STORE","article_modified_time":"2026-03-16T15:57:18+00:00","og_image":[{"width":1696,"height":2560,"url":"https:\/\/rendez-vous-store.com\/wp-content\/uploads\/2024\/02\/rdv_107-scaled.webp","type":"image\/webp"}],"twitter_card":"summary_large_image","twitter_misc":{"Est. reading time":"2 minutes"},"schema":{"@context":"https:\/\/schema.org","@graph":[{"@type":"WebPage","@id":"https:\/\/rendez-vous-store.com\/shop\/fragrance\/abel-cobalt-amber-50ml-rendez-vous-store\/","url":"https:\/\/rendez-vous-store.com\/shop\/fragrance\/abel-cobalt-amber-50ml-rendez-vous-store\/","name":"Abel Cobalt Amber 50ml","isPartOf":{"@id":"https:\/\/rendez-vous-store.com\/#website"},"primaryImageOfPage":{"@id":"https:\/\/rendez-vous-store.com\/shop\/fragrance\/abel-cobalt-amber-50ml-rendez-vous-store\/#primaryimage"},"image":{"@id":"https:\/\/rendez-vous-store.com\/shop\/fragrance\/abel-cobalt-amber-50ml-rendez-vous-store\/#primaryimage"},"thumbnailUrl":"https:\/\/rendez-vous-store.com\/app\/uploads\/2024\/02\/rdv_107-scaled.webp","datePublished":"2024-02-21T14:53:55+00:00","dateModified":"2026-03-16T15:57:18+00:00","description":"Abel is on Rendez-vous Store. This Abel Cobalt Amber offers a range of unique scents beloved by aficionados of artisanal and unconventional fragrances.","breadcrumb":{"@id":"https:\/\/rendez-vous-store.com\/shop\/fragrance\/abel-cobalt-amber-50ml-rendez-vous-store\/#breadcrumb"},"inLanguage":"fr-FR","potentialAction":[{"@type":"ReadAction","target":["https:\/\/rendez-vous-store.com\/shop\/fragrance\/abel-cobalt-amber-50ml-rendez-vous-store\/"]}]},{"@type":"ImageObject","inLanguage":"fr-FR","@id":"https:\/\/rendez-vous-store.com\/shop\/fragrance\/abel-cobalt-amber-50ml-rendez-vous-store\/#primaryimage","url":"https:\/\/rendez-vous-store.com\/app\/uploads\/2024\/02\/rdv_107-scaled.webp","contentUrl":"https:\/\/rendez-vous-store.com\/app\/uploads\/2024\/02\/rdv_107-scaled.webp","width":1696,"height":2560,"caption":"Abel - Cobalt Amber - 50ml"},{"@type":"BreadcrumbList","@id":"https:\/\/rendez-vous-store.com\/shop\/fragrance\/abel-cobalt-amber-50ml-rendez-vous-store\/#breadcrumb","itemListElement":[{"@type":"ListItem","position":1,"name":"Home","item":"https:\/\/rendez-vous-store.com\/"},{"@type":"ListItem","position":2,"name":"Shop","item":"https:\/\/www.rendez-vous-store.com\/shop\/"},{"@type":"ListItem","position":3,"name":"Abel &#8211; Cobalt Amber &#8211; 50ml"}]},{"@type":"WebSite","@id":"https:\/\/rendez-vous-store.com\/#website","url":"https:\/\/rendez-vous-store.com\/","name":"RENDEZ-VOUS STORE","description":"Slow Fashion for Women and Men","potentialAction":[{"@type":"SearchAction","target":{"@type":"EntryPoint","urlTemplate":"https:\/\/rendez-vous-store.com\/?s={search_term_string}"},"query-input":{"@type":"PropertyValueSpecification","valueRequired":true,"valueName":"search_term_string"}}],"inLanguage":"fr-FR"}]}},"_links":{"self":[{"href":"https:\/\/rendez-vous-store.com\/fr\/wp-json\/wp\/v2\/product\/153498","targetHints":{"allow":["GET"]}}],"collection":[{"href":"https:\/\/rendez-vous-store.com\/fr\/wp-json\/wp\/v2\/product"}],"about":[{"href":"https:\/\/rendez-vous-store.com\/fr\/wp-json\/wp\/v2\/types\/product"}],"wp:featuredmedia":[{"embeddable":true,"href":"https:\/\/rendez-vous-store.com\/fr\/wp-json\/wp\/v2\/media\/155982"}],"wp:attachment":[{"href":"https:\/\/rendez-vous-store.com\/fr\/wp-json\/wp\/v2\/media?parent=153498"}],"wp:term":[{"taxonomy":"product_brand","embeddable":true,"href":"https:\/\/rendez-vous-store.com\/fr\/wp-json\/wp\/v2\/product_brand?post=153498"},{"taxonomy":"product_cat","embeddable":true,"href":"https:\/\/rendez-vous-store.com\/fr\/wp-json\/wp\/v2\/product_cat?post=153498"},{"taxonomy":"product_tag","embeddable":true,"href":"https:\/\/rendez-vous-store.com\/fr\/wp-json\/wp\/v2\/product_tag?post=153498"}],"curies":[{"name":"wp","href":"https:\/\/api.w.org\/{rel}","templated":true}]}}