{"id":153373,"date":"2024-02-21T10:27:08","date_gmt":"2024-02-21T09:27:08","guid":{"rendered":"https:\/\/rendez-vous-store.com\/?post_type=product&#038;p=153373"},"modified":"2025-03-13T16:54:44","modified_gmt":"2025-03-13T15:54:44","slug":"lemaire-large-soft-croissant-roasted-pecan-2-rendez-vous-store","status":"publish","type":"product","link":"https:\/\/rendez-vous-store.com\/fr\/shop\/women\/women-bags-rendez-vous-store\/lemaire-large-soft-croissant-roasted-pecan-2-rendez-vous-store\/","title":{"rendered":"Lemaire &#8211; Large Soft Croissant &#8211; Roasted Pecan"},"content":{"rendered":"<p>Lemaire Large Soft Croissant Roasted Pecan<\/p>\n<p>Color: Roasted Pecan<\/p>\n<p>Tirette de fermeture \u00e0 glissi\u00e8re en m\u00e9tal<\/p>\n<p>Interior Zip Patch Pocket<\/p>\n<p>Lateral Zipped Pocket<\/p>\n<p>Finitions des n\u0153uds lat\u00e9raux<\/p>\n<p>Composition: \u00a0100% Cow<\/p>\n<p>Doublure : 100% Coton<\/p>\n<p>Fabriqu\u00e9 en Tunisie<\/p>","protected":false},"excerpt":{"rendered":"<p>Lemaire Large Soft Croissant Roasted Pecan Color: Roasted Pecan Metal Looped Zip Puller Interior Zip Patch Pocket Lateral Zipped Pocket Side Knot Finishings Composition: \u00a0100% Cow Lining: 100% Cotton Made in Tunisia<\/p>","protected":false},"featured_media":156010,"template":"","meta":{"_acf_changed":false},"product_brand":[],"product_cat":[17,417],"product_tag":[648],"class_list":{"0":"post-153373","1":"product","2":"type-product","3":"status-publish","4":"has-post-thumbnail","6":"product_cat-women","7":"product_cat-women-bags-rendez-vous-store","8":"product_tag-lemaire","9":"entry","11":"first","12":"outofstock","13":"taxable","14":"shipping-taxable","15":"product-type-variable"},"acf":[],"yoast_head":"<!-- This site is optimized with the Yoast SEO plugin v24.9 - https:\/\/yoast.com\/wordpress\/plugins\/seo\/ -->\n<title>Lemaire - Large Soft Croissant Roasted Pecan - Rendez-Vous Store<\/title>\n<meta name=\"description\" content=\"Lemaire is on Rendez-vous Store. This Lemaire Large Soft Croissant Roasted Pecan offers a timeless Parisian style that is cosmopolitan and sophisticated.\" \/>\n<meta name=\"robots\" content=\"index, follow, max-snippet:-1, max-image-preview:large, max-video-preview:-1\" \/>\n<link rel=\"canonical\" href=\"https:\/\/rendez-vous-store.com\/fr\/shop\/women\/women-bags-rendez-vous-store\/lemaire-large-soft-croissant-roasted-pecan-2-rendez-vous-store\/\" \/>\n<meta property=\"og:locale\" content=\"fr_FR\" \/>\n<meta property=\"og:type\" content=\"article\" \/>\n<meta property=\"og:title\" content=\"Lemaire - Large Soft Croissant Roasted Pecan - Rendez-Vous Store\" \/>\n<meta property=\"og:description\" content=\"Lemaire is on Rendez-vous Store. This Lemaire Large Soft Croissant Roasted Pecan offers a timeless Parisian style that is cosmopolitan and sophisticated.\" \/>\n<meta property=\"og:url\" content=\"https:\/\/rendez-vous-store.com\/fr\/shop\/women\/women-bags-rendez-vous-store\/lemaire-large-soft-croissant-roasted-pecan-2-rendez-vous-store\/\" \/>\n<meta property=\"og:site_name\" content=\"RENDEZ-VOUS STORE\" \/>\n<meta property=\"article:modified_time\" content=\"2025-03-13T15:54:44+00:00\" \/>\n<meta property=\"og:image\" content=\"https:\/\/rendez-vous-store.com\/wp-content\/uploads\/2024\/02\/l2-1.webp\" \/>\n\t<meta property=\"og:image:width\" content=\"1696\" \/>\n\t<meta property=\"og:image:height\" content=\"2560\" \/>\n\t<meta property=\"og:image:type\" content=\"image\/webp\" \/>\n<meta name=\"twitter:card\" content=\"summary_large_image\" \/>\n<meta name=\"twitter:label1\" content=\"Est. reading time\" \/>\n\t<meta name=\"twitter:data1\" content=\"1 minute\" \/>\n<script type=\"application\/ld+json\" class=\"yoast-schema-graph\">{\"@context\":\"https:\/\/schema.org\",\"@graph\":[{\"@type\":\"WebPage\",\"@id\":\"https:\/\/rendez-vous-store.com\/shop\/women\/women-bags-rendez-vous-store\/lemaire-large-soft-croissant-roasted-pecan-2-rendez-vous-store\/\",\"url\":\"https:\/\/rendez-vous-store.com\/shop\/women\/women-bags-rendez-vous-store\/lemaire-large-soft-croissant-roasted-pecan-2-rendez-vous-store\/\",\"name\":\"Lemaire - Large Soft Croissant Roasted Pecan - Rendez-Vous Store\",\"isPartOf\":{\"@id\":\"https:\/\/rendez-vous-store.com\/#website\"},\"primaryImageOfPage\":{\"@id\":\"https:\/\/rendez-vous-store.com\/shop\/women\/women-bags-rendez-vous-store\/lemaire-large-soft-croissant-roasted-pecan-2-rendez-vous-store\/#primaryimage\"},\"image\":{\"@id\":\"https:\/\/rendez-vous-store.com\/shop\/women\/women-bags-rendez-vous-store\/lemaire-large-soft-croissant-roasted-pecan-2-rendez-vous-store\/#primaryimage\"},\"thumbnailUrl\":\"https:\/\/rendez-vous-store.com\/app\/uploads\/2024\/02\/l2-1.webp\",\"datePublished\":\"2024-02-21T09:27:08+00:00\",\"dateModified\":\"2025-03-13T15:54:44+00:00\",\"description\":\"Lemaire is on Rendez-vous Store. This Lemaire Large Soft Croissant Roasted Pecan offers a timeless Parisian style that is cosmopolitan and sophisticated.\",\"breadcrumb\":{\"@id\":\"https:\/\/rendez-vous-store.com\/shop\/women\/women-bags-rendez-vous-store\/lemaire-large-soft-croissant-roasted-pecan-2-rendez-vous-store\/#breadcrumb\"},\"inLanguage\":\"fr-FR\",\"potentialAction\":[{\"@type\":\"ReadAction\",\"target\":[\"https:\/\/rendez-vous-store.com\/shop\/women\/women-bags-rendez-vous-store\/lemaire-large-soft-croissant-roasted-pecan-2-rendez-vous-store\/\"]}]},{\"@type\":\"ImageObject\",\"inLanguage\":\"fr-FR\",\"@id\":\"https:\/\/rendez-vous-store.com\/shop\/women\/women-bags-rendez-vous-store\/lemaire-large-soft-croissant-roasted-pecan-2-rendez-vous-store\/#primaryimage\",\"url\":\"https:\/\/rendez-vous-store.com\/app\/uploads\/2024\/02\/l2-1.webp\",\"contentUrl\":\"https:\/\/rendez-vous-store.com\/app\/uploads\/2024\/02\/l2-1.webp\",\"width\":1696,\"height\":2560,\"caption\":\"Lemaire - Large Soft Croissant - Roasted Pecan\"},{\"@type\":\"BreadcrumbList\",\"@id\":\"https:\/\/rendez-vous-store.com\/shop\/women\/women-bags-rendez-vous-store\/lemaire-large-soft-croissant-roasted-pecan-2-rendez-vous-store\/#breadcrumb\",\"itemListElement\":[{\"@type\":\"ListItem\",\"position\":1,\"name\":\"Home\",\"item\":\"https:\/\/rendez-vous-store.com\/\"},{\"@type\":\"ListItem\",\"position\":2,\"name\":\"Shop\",\"item\":\"https:\/\/www.rendez-vous-store.com\/shop\/\"},{\"@type\":\"ListItem\",\"position\":3,\"name\":\"Lemaire &#8211; Large Soft Croissant &#8211; Roasted Pecan\"}]},{\"@type\":\"WebSite\",\"@id\":\"https:\/\/rendez-vous-store.com\/#website\",\"url\":\"https:\/\/rendez-vous-store.com\/\",\"name\":\"RENDEZ-VOUS STORE\",\"description\":\"Slow Fashion for Women and Men\",\"potentialAction\":[{\"@type\":\"SearchAction\",\"target\":{\"@type\":\"EntryPoint\",\"urlTemplate\":\"https:\/\/rendez-vous-store.com\/?s={search_term_string}\"},\"query-input\":{\"@type\":\"PropertyValueSpecification\",\"valueRequired\":true,\"valueName\":\"search_term_string\"}}],\"inLanguage\":\"fr-FR\"}]}<\/script>\n<!-- \/ Yoast SEO plugin. -->","yoast_head_json":{"title":"Lemaire - Large Soft Croissant Roasted Pecan - Rendez-Vous Store","description":"Lemaire is on Rendez-vous Store. This Lemaire Large Soft Croissant Roasted Pecan offers a timeless Parisian style that is cosmopolitan and sophisticated.","robots":{"index":"index","follow":"follow","max-snippet":"max-snippet:-1","max-image-preview":"max-image-preview:large","max-video-preview":"max-video-preview:-1"},"canonical":"https:\/\/rendez-vous-store.com\/fr\/shop\/women\/women-bags-rendez-vous-store\/lemaire-large-soft-croissant-roasted-pecan-2-rendez-vous-store\/","og_locale":"fr_FR","og_type":"article","og_title":"Lemaire - Large Soft Croissant Roasted Pecan - Rendez-Vous Store","og_description":"Lemaire is on Rendez-vous Store. This Lemaire Large Soft Croissant Roasted Pecan offers a timeless Parisian style that is cosmopolitan and sophisticated.","og_url":"https:\/\/rendez-vous-store.com\/fr\/shop\/women\/women-bags-rendez-vous-store\/lemaire-large-soft-croissant-roasted-pecan-2-rendez-vous-store\/","og_site_name":"RENDEZ-VOUS STORE","article_modified_time":"2025-03-13T15:54:44+00:00","og_image":[{"width":1696,"height":2560,"url":"https:\/\/rendez-vous-store.com\/wp-content\/uploads\/2024\/02\/l2-1.webp","type":"image\/webp"}],"twitter_card":"summary_large_image","twitter_misc":{"Est. reading time":"1 minute"},"schema":{"@context":"https:\/\/schema.org","@graph":[{"@type":"WebPage","@id":"https:\/\/rendez-vous-store.com\/shop\/women\/women-bags-rendez-vous-store\/lemaire-large-soft-croissant-roasted-pecan-2-rendez-vous-store\/","url":"https:\/\/rendez-vous-store.com\/shop\/women\/women-bags-rendez-vous-store\/lemaire-large-soft-croissant-roasted-pecan-2-rendez-vous-store\/","name":"Lemaire - Large Soft Croissant Roasted Pecan - Rendez-Vous Store","isPartOf":{"@id":"https:\/\/rendez-vous-store.com\/#website"},"primaryImageOfPage":{"@id":"https:\/\/rendez-vous-store.com\/shop\/women\/women-bags-rendez-vous-store\/lemaire-large-soft-croissant-roasted-pecan-2-rendez-vous-store\/#primaryimage"},"image":{"@id":"https:\/\/rendez-vous-store.com\/shop\/women\/women-bags-rendez-vous-store\/lemaire-large-soft-croissant-roasted-pecan-2-rendez-vous-store\/#primaryimage"},"thumbnailUrl":"https:\/\/rendez-vous-store.com\/app\/uploads\/2024\/02\/l2-1.webp","datePublished":"2024-02-21T09:27:08+00:00","dateModified":"2025-03-13T15:54:44+00:00","description":"Lemaire is on Rendez-vous Store. This Lemaire Large Soft Croissant Roasted Pecan offers a timeless Parisian style that is cosmopolitan and sophisticated.","breadcrumb":{"@id":"https:\/\/rendez-vous-store.com\/shop\/women\/women-bags-rendez-vous-store\/lemaire-large-soft-croissant-roasted-pecan-2-rendez-vous-store\/#breadcrumb"},"inLanguage":"fr-FR","potentialAction":[{"@type":"ReadAction","target":["https:\/\/rendez-vous-store.com\/shop\/women\/women-bags-rendez-vous-store\/lemaire-large-soft-croissant-roasted-pecan-2-rendez-vous-store\/"]}]},{"@type":"ImageObject","inLanguage":"fr-FR","@id":"https:\/\/rendez-vous-store.com\/shop\/women\/women-bags-rendez-vous-store\/lemaire-large-soft-croissant-roasted-pecan-2-rendez-vous-store\/#primaryimage","url":"https:\/\/rendez-vous-store.com\/app\/uploads\/2024\/02\/l2-1.webp","contentUrl":"https:\/\/rendez-vous-store.com\/app\/uploads\/2024\/02\/l2-1.webp","width":1696,"height":2560,"caption":"Lemaire - Large Soft Croissant - Roasted Pecan"},{"@type":"BreadcrumbList","@id":"https:\/\/rendez-vous-store.com\/shop\/women\/women-bags-rendez-vous-store\/lemaire-large-soft-croissant-roasted-pecan-2-rendez-vous-store\/#breadcrumb","itemListElement":[{"@type":"ListItem","position":1,"name":"Home","item":"https:\/\/rendez-vous-store.com\/"},{"@type":"ListItem","position":2,"name":"Shop","item":"https:\/\/www.rendez-vous-store.com\/shop\/"},{"@type":"ListItem","position":3,"name":"Lemaire &#8211; Large Soft Croissant &#8211; Roasted Pecan"}]},{"@type":"WebSite","@id":"https:\/\/rendez-vous-store.com\/#website","url":"https:\/\/rendez-vous-store.com\/","name":"RENDEZ-VOUS STORE","description":"Slow Fashion for Women and Men","potentialAction":[{"@type":"SearchAction","target":{"@type":"EntryPoint","urlTemplate":"https:\/\/rendez-vous-store.com\/?s={search_term_string}"},"query-input":{"@type":"PropertyValueSpecification","valueRequired":true,"valueName":"search_term_string"}}],"inLanguage":"fr-FR"}]}},"_links":{"self":[{"href":"https:\/\/rendez-vous-store.com\/fr\/wp-json\/wp\/v2\/product\/153373","targetHints":{"allow":["GET"]}}],"collection":[{"href":"https:\/\/rendez-vous-store.com\/fr\/wp-json\/wp\/v2\/product"}],"about":[{"href":"https:\/\/rendez-vous-store.com\/fr\/wp-json\/wp\/v2\/types\/product"}],"wp:featuredmedia":[{"embeddable":true,"href":"https:\/\/rendez-vous-store.com\/fr\/wp-json\/wp\/v2\/media\/156010"}],"wp:attachment":[{"href":"https:\/\/rendez-vous-store.com\/fr\/wp-json\/wp\/v2\/media?parent=153373"}],"wp:term":[{"taxonomy":"product_brand","embeddable":true,"href":"https:\/\/rendez-vous-store.com\/fr\/wp-json\/wp\/v2\/product_brand?post=153373"},{"taxonomy":"product_cat","embeddable":true,"href":"https:\/\/rendez-vous-store.com\/fr\/wp-json\/wp\/v2\/product_cat?post=153373"},{"taxonomy":"product_tag","embeddable":true,"href":"https:\/\/rendez-vous-store.com\/fr\/wp-json\/wp\/v2\/product_tag?post=153373"}],"curies":[{"name":"wp","href":"https:\/\/api.w.org\/{rel}","templated":true}]}}