{"id":153158,"date":"2024-02-20T14:59:47","date_gmt":"2024-02-20T13:59:47","guid":{"rendered":"https:\/\/rendez-vous-store.com\/?post_type=product&#038;p=153158"},"modified":"2026-04-24T13:52:21","modified_gmt":"2026-04-24T11:52:21","slug":"apuntob-dress-p1833-ts769-black-rendez-vous-store","status":"publish","type":"product","link":"https:\/\/rendez-vous-store.com\/fr\/shop\/women\/women-dresses-rendez-vous-store\/apuntob-dress-p1833-ts769-black-rendez-vous-store\/","title":{"rendered":"ApuntoB \u2013 Robe P1833\/TS769 \u2013 Noir"},"content":{"rendered":"<p><strong>ApuntoB Robe P1833\/TS769 Noir<\/strong><\/p>\n<p>Couleur : Noir<\/p>\n<p>Col classique<\/p>\n<p>Fermeture par bouton<\/p>\n<p>Demi-manches<\/p>\n<p>Pliss\u00e9<\/p>\n<p>Taille ajustable avec cordon de serrage<\/p>\n<p>Composition : 100% Coton<\/p>\n<p><span style=\"background-color: var(--global--color-background); color: var(--global--color-primary); font-family: var(--global--font-secondary); font-size: var(--global--font-size-base);\">Fabriqu\u00e9 en Italie<\/span><\/p>\n<p>&nbsp;<\/p>\n<p><strong>Mesures :<\/strong><\/p>\n<p>Taille XS : \u00c9paules : 66 cm \u2013 Poitrine : 50 cm \u2013 Longueur : 132 cm<\/p>\n<p>Taille S : \u00c9paules : 67 cm \u2013 Poitrine : 53 cm \u2013 Longueur : 133 cm<\/p>\n<p>Taille M : \u00c9paules : 69 cm \u2013 Poitrine : 53 cm \u2013 Longueur : 133 cm<\/p>\n<p>&nbsp;<\/p>\n<p>&nbsp;<\/p>\n<p>&nbsp;<\/p>\n<p>&nbsp;<\/p>\n<h4>La marque<\/h4>\n<p>L'essence de l'\u00e9l\u00e9gance italienne se retrouve chez ApuntoB, une marque r\u00e9put\u00e9e pour ses cr\u00e9ations intemporelles. Fond\u00e9e sur le principe que les v\u00eatements sont le reflet du style de vie et de l'identit\u00e9 de chacun, ApuntoB confectionne m\u00e9ticuleusement chaque pi\u00e8ce pour qu'elle incarne la simplicit\u00e9 et la sophistication.<\/p>\n<p>Au c\u0153ur de la philosophie d'ApuntoB se trouve un engagement ancr\u00e9 en faveur de la qualit\u00e9 et de l'artisanat. La qu\u00eate de perfection transpara\u00eet dans l\u2019exploration continue des mati\u00e8res et des silhouettes, ainsi que dans le soin minutieux accord\u00e9 \u00e0 chaque d\u00e9tail. \u00c0 chaque point de couture, ApuntoB s'efforce de cr\u00e9er des v\u00eatements qui transcendent les tendances \u00e9ph\u00e9m\u00e8res, offrant un style durable et une grande polyvalence.<\/p>","protected":false},"excerpt":{"rendered":"<p>ApuntoB Dress P1833\/TS769 Black Color: Black Classic Collar Button closure Half sleeves Pleated Adjustable Waist With Drawcord Composition: 100% Cotton Made in Italy &nbsp; Measurements : Size XS: Shoulders: 66cm &#8211; Chest: 50cm\u00a0 &#8211; Length: 132cm Size S: Shoulders: 67cm &#8211; Chest: 53cm\u00a0 &#8211; Length: 133cm Size M : Shoulders: 69cm &#8211; Chest: 53cm\u00a0 &#8211;&hellip; <a class=\"more-link\" href=\"https:\/\/rendez-vous-store.com\/fr\/shop\/women\/women-dresses-rendez-vous-store\/apuntob-dress-p1833-ts769-black-rendez-vous-store\/\">Continuer la lecture <span class=\"screen-reader-text\">ApuntoB \u2013 Robe P1833\/TS769 \u2013 Noir<\/span><\/a><\/p>","protected":false},"featured_media":154842,"template":"","meta":{"_acf_changed":false},"product_brand":[],"product_cat":[17,376,15],"product_tag":[],"class_list":{"0":"post-153158","1":"product","2":"type-product","3":"status-publish","4":"has-post-thumbnail","6":"product_cat-women","7":"product_cat-women-dresses-rendez-vous-store","8":"product_cat-non-classe","9":"entry","11":"first","12":"outofstock","13":"taxable","14":"shipping-taxable","15":"product-type-variable"},"acf":[],"yoast_head":"<!-- This site is optimized with the Yoast SEO plugin v24.9 - https:\/\/yoast.com\/wordpress\/plugins\/seo\/ -->\n<title>ApuntoB Dress P1833\/TS769 Black<\/title>\n<meta name=\"description\" content=\"This ApuntoB Dress P1833\/TS769 Black is characterized by the endless research for beautiful shapes, fabrics and cuts by the brand.\" \/>\n<meta name=\"robots\" content=\"index, follow, max-snippet:-1, max-image-preview:large, max-video-preview:-1\" \/>\n<link rel=\"canonical\" href=\"https:\/\/rendez-vous-store.com\/fr\/shop\/women\/women-dresses-rendez-vous-store\/apuntob-dress-p1833-ts769-black-rendez-vous-store\/\" \/>\n<meta property=\"og:locale\" content=\"fr_FR\" \/>\n<meta property=\"og:type\" content=\"article\" \/>\n<meta property=\"og:title\" content=\"ApuntoB Dress P1833\/TS769 Black\" \/>\n<meta property=\"og:description\" content=\"This ApuntoB Dress P1833\/TS769 Black is characterized by the endless research for beautiful shapes, fabrics and cuts by the brand.\" \/>\n<meta property=\"og:url\" content=\"https:\/\/rendez-vous-store.com\/fr\/shop\/women\/women-dresses-rendez-vous-store\/apuntob-dress-p1833-ts769-black-rendez-vous-store\/\" \/>\n<meta property=\"og:site_name\" content=\"RENDEZ-VOUS STORE\" \/>\n<meta property=\"article:modified_time\" content=\"2026-04-24T11:52:21+00:00\" \/>\n<meta property=\"og:image\" content=\"https:\/\/rendez-vous-store.com\/wp-content\/uploads\/2024\/02\/A2.webp\" \/>\n\t<meta property=\"og:image:width\" content=\"1696\" \/>\n\t<meta property=\"og:image:height\" content=\"2560\" \/>\n\t<meta property=\"og:image:type\" content=\"image\/webp\" \/>\n<meta name=\"twitter:card\" content=\"summary_large_image\" \/>\n<meta name=\"twitter:label1\" content=\"Est. reading time\" \/>\n\t<meta name=\"twitter:data1\" content=\"1 minute\" \/>\n<script type=\"application\/ld+json\" class=\"yoast-schema-graph\">{\"@context\":\"https:\/\/schema.org\",\"@graph\":[{\"@type\":\"WebPage\",\"@id\":\"https:\/\/rendez-vous-store.com\/shop\/women\/women-dresses-rendez-vous-store\/apuntob-dress-p1833-ts769-black-rendez-vous-store\/\",\"url\":\"https:\/\/rendez-vous-store.com\/shop\/women\/women-dresses-rendez-vous-store\/apuntob-dress-p1833-ts769-black-rendez-vous-store\/\",\"name\":\"ApuntoB Dress P1833\/TS769 Black\",\"isPartOf\":{\"@id\":\"https:\/\/rendez-vous-store.com\/#website\"},\"primaryImageOfPage\":{\"@id\":\"https:\/\/rendez-vous-store.com\/shop\/women\/women-dresses-rendez-vous-store\/apuntob-dress-p1833-ts769-black-rendez-vous-store\/#primaryimage\"},\"image\":{\"@id\":\"https:\/\/rendez-vous-store.com\/shop\/women\/women-dresses-rendez-vous-store\/apuntob-dress-p1833-ts769-black-rendez-vous-store\/#primaryimage\"},\"thumbnailUrl\":\"https:\/\/rendez-vous-store.com\/app\/uploads\/2024\/02\/A2.webp\",\"datePublished\":\"2024-02-20T13:59:47+00:00\",\"dateModified\":\"2026-04-24T11:52:21+00:00\",\"description\":\"This ApuntoB Dress P1833\/TS769 Black is characterized by the endless research for beautiful shapes, fabrics and cuts by the brand.\",\"breadcrumb\":{\"@id\":\"https:\/\/rendez-vous-store.com\/shop\/women\/women-dresses-rendez-vous-store\/apuntob-dress-p1833-ts769-black-rendez-vous-store\/#breadcrumb\"},\"inLanguage\":\"fr-FR\",\"potentialAction\":[{\"@type\":\"ReadAction\",\"target\":[\"https:\/\/rendez-vous-store.com\/shop\/women\/women-dresses-rendez-vous-store\/apuntob-dress-p1833-ts769-black-rendez-vous-store\/\"]}]},{\"@type\":\"ImageObject\",\"inLanguage\":\"fr-FR\",\"@id\":\"https:\/\/rendez-vous-store.com\/shop\/women\/women-dresses-rendez-vous-store\/apuntob-dress-p1833-ts769-black-rendez-vous-store\/#primaryimage\",\"url\":\"https:\/\/rendez-vous-store.com\/app\/uploads\/2024\/02\/A2.webp\",\"contentUrl\":\"https:\/\/rendez-vous-store.com\/app\/uploads\/2024\/02\/A2.webp\",\"width\":1696,\"height\":2560,\"caption\":\"ApuntoB - Dress P1833\/TS769 - Black\"},{\"@type\":\"BreadcrumbList\",\"@id\":\"https:\/\/rendez-vous-store.com\/shop\/women\/women-dresses-rendez-vous-store\/apuntob-dress-p1833-ts769-black-rendez-vous-store\/#breadcrumb\",\"itemListElement\":[{\"@type\":\"ListItem\",\"position\":1,\"name\":\"Home\",\"item\":\"https:\/\/rendez-vous-store.com\/\"},{\"@type\":\"ListItem\",\"position\":2,\"name\":\"Shop\",\"item\":\"https:\/\/www.rendez-vous-store.com\/shop\/\"},{\"@type\":\"ListItem\",\"position\":3,\"name\":\"ApuntoB &#8211; Dress P1833\/TS769 &#8211; Black\"}]},{\"@type\":\"WebSite\",\"@id\":\"https:\/\/rendez-vous-store.com\/#website\",\"url\":\"https:\/\/rendez-vous-store.com\/\",\"name\":\"RENDEZ-VOUS STORE\",\"description\":\"Slow Fashion for Women and Men\",\"potentialAction\":[{\"@type\":\"SearchAction\",\"target\":{\"@type\":\"EntryPoint\",\"urlTemplate\":\"https:\/\/rendez-vous-store.com\/?s={search_term_string}\"},\"query-input\":{\"@type\":\"PropertyValueSpecification\",\"valueRequired\":true,\"valueName\":\"search_term_string\"}}],\"inLanguage\":\"fr-FR\"}]}<\/script>\n<!-- \/ Yoast SEO plugin. -->","yoast_head_json":{"title":"ApuntoB Dress P1833\/TS769 Black","description":"This ApuntoB Dress P1833\/TS769 Black is characterized by the endless research for beautiful shapes, fabrics and cuts by the brand.","robots":{"index":"index","follow":"follow","max-snippet":"max-snippet:-1","max-image-preview":"max-image-preview:large","max-video-preview":"max-video-preview:-1"},"canonical":"https:\/\/rendez-vous-store.com\/fr\/shop\/women\/women-dresses-rendez-vous-store\/apuntob-dress-p1833-ts769-black-rendez-vous-store\/","og_locale":"fr_FR","og_type":"article","og_title":"ApuntoB Dress P1833\/TS769 Black","og_description":"This ApuntoB Dress P1833\/TS769 Black is characterized by the endless research for beautiful shapes, fabrics and cuts by the brand.","og_url":"https:\/\/rendez-vous-store.com\/fr\/shop\/women\/women-dresses-rendez-vous-store\/apuntob-dress-p1833-ts769-black-rendez-vous-store\/","og_site_name":"RENDEZ-VOUS STORE","article_modified_time":"2026-04-24T11:52:21+00:00","og_image":[{"width":1696,"height":2560,"url":"https:\/\/rendez-vous-store.com\/wp-content\/uploads\/2024\/02\/A2.webp","type":"image\/webp"}],"twitter_card":"summary_large_image","twitter_misc":{"Est. reading time":"1 minute"},"schema":{"@context":"https:\/\/schema.org","@graph":[{"@type":"WebPage","@id":"https:\/\/rendez-vous-store.com\/shop\/women\/women-dresses-rendez-vous-store\/apuntob-dress-p1833-ts769-black-rendez-vous-store\/","url":"https:\/\/rendez-vous-store.com\/shop\/women\/women-dresses-rendez-vous-store\/apuntob-dress-p1833-ts769-black-rendez-vous-store\/","name":"ApuntoB Dress P1833\/TS769 Black","isPartOf":{"@id":"https:\/\/rendez-vous-store.com\/#website"},"primaryImageOfPage":{"@id":"https:\/\/rendez-vous-store.com\/shop\/women\/women-dresses-rendez-vous-store\/apuntob-dress-p1833-ts769-black-rendez-vous-store\/#primaryimage"},"image":{"@id":"https:\/\/rendez-vous-store.com\/shop\/women\/women-dresses-rendez-vous-store\/apuntob-dress-p1833-ts769-black-rendez-vous-store\/#primaryimage"},"thumbnailUrl":"https:\/\/rendez-vous-store.com\/app\/uploads\/2024\/02\/A2.webp","datePublished":"2024-02-20T13:59:47+00:00","dateModified":"2026-04-24T11:52:21+00:00","description":"This ApuntoB Dress P1833\/TS769 Black is characterized by the endless research for beautiful shapes, fabrics and cuts by the brand.","breadcrumb":{"@id":"https:\/\/rendez-vous-store.com\/shop\/women\/women-dresses-rendez-vous-store\/apuntob-dress-p1833-ts769-black-rendez-vous-store\/#breadcrumb"},"inLanguage":"fr-FR","potentialAction":[{"@type":"ReadAction","target":["https:\/\/rendez-vous-store.com\/shop\/women\/women-dresses-rendez-vous-store\/apuntob-dress-p1833-ts769-black-rendez-vous-store\/"]}]},{"@type":"ImageObject","inLanguage":"fr-FR","@id":"https:\/\/rendez-vous-store.com\/shop\/women\/women-dresses-rendez-vous-store\/apuntob-dress-p1833-ts769-black-rendez-vous-store\/#primaryimage","url":"https:\/\/rendez-vous-store.com\/app\/uploads\/2024\/02\/A2.webp","contentUrl":"https:\/\/rendez-vous-store.com\/app\/uploads\/2024\/02\/A2.webp","width":1696,"height":2560,"caption":"ApuntoB - Dress P1833\/TS769 - Black"},{"@type":"BreadcrumbList","@id":"https:\/\/rendez-vous-store.com\/shop\/women\/women-dresses-rendez-vous-store\/apuntob-dress-p1833-ts769-black-rendez-vous-store\/#breadcrumb","itemListElement":[{"@type":"ListItem","position":1,"name":"Home","item":"https:\/\/rendez-vous-store.com\/"},{"@type":"ListItem","position":2,"name":"Shop","item":"https:\/\/www.rendez-vous-store.com\/shop\/"},{"@type":"ListItem","position":3,"name":"ApuntoB &#8211; Dress P1833\/TS769 &#8211; Black"}]},{"@type":"WebSite","@id":"https:\/\/rendez-vous-store.com\/#website","url":"https:\/\/rendez-vous-store.com\/","name":"RENDEZ-VOUS STORE","description":"Slow Fashion for Women and Men","potentialAction":[{"@type":"SearchAction","target":{"@type":"EntryPoint","urlTemplate":"https:\/\/rendez-vous-store.com\/?s={search_term_string}"},"query-input":{"@type":"PropertyValueSpecification","valueRequired":true,"valueName":"search_term_string"}}],"inLanguage":"fr-FR"}]}},"_links":{"self":[{"href":"https:\/\/rendez-vous-store.com\/fr\/wp-json\/wp\/v2\/product\/153158","targetHints":{"allow":["GET"]}}],"collection":[{"href":"https:\/\/rendez-vous-store.com\/fr\/wp-json\/wp\/v2\/product"}],"about":[{"href":"https:\/\/rendez-vous-store.com\/fr\/wp-json\/wp\/v2\/types\/product"}],"wp:featuredmedia":[{"embeddable":true,"href":"https:\/\/rendez-vous-store.com\/fr\/wp-json\/wp\/v2\/media\/154842"}],"wp:attachment":[{"href":"https:\/\/rendez-vous-store.com\/fr\/wp-json\/wp\/v2\/media?parent=153158"}],"wp:term":[{"taxonomy":"product_brand","embeddable":true,"href":"https:\/\/rendez-vous-store.com\/fr\/wp-json\/wp\/v2\/product_brand?post=153158"},{"taxonomy":"product_cat","embeddable":true,"href":"https:\/\/rendez-vous-store.com\/fr\/wp-json\/wp\/v2\/product_cat?post=153158"},{"taxonomy":"product_tag","embeddable":true,"href":"https:\/\/rendez-vous-store.com\/fr\/wp-json\/wp\/v2\/product_tag?post=153158"}],"curies":[{"name":"wp","href":"https:\/\/api.w.org\/{rel}","templated":true}]}}