{"id":153094,"date":"2024-02-20T14:59:20","date_gmt":"2024-02-20T13:59:20","guid":{"rendered":"https:\/\/rendez-vous-store.com\/?post_type=product&#038;p=153094"},"modified":"2026-03-16T16:53:32","modified_gmt":"2026-03-16T15:53:32","slug":"apuntob-jacket-p1835-ts776-strawberry-rendez-vous-store","status":"publish","type":"product","link":"https:\/\/rendez-vous-store.com\/fr\/shop\/last-pieces-women-rendez-vous-store\/last-pieces-coat-jacket-rendez-vous-store\/apuntob-jacket-p1835-ts776-strawberry-rendez-vous-store\/","title":{"rendered":"ApuntoB - Veste P1835\/TS776 - Fraise"},"content":{"rendered":"<p><strong>ApuntoB Veste P1835\/TS776 Fraise<\/strong><\/p>\n<p>Couleur : Fraise<\/p>\n<p>Col classique<\/p>\n<p>Fermeture par bouton<\/p>\n<p>Coupe classique<\/p>\n<p>Poches plaqu\u00e9es sur le devant<\/p>\n<p>Composition : 90% Coton - 10% M\u00e9tal<\/p>\n<p>Doublure : 100% Coton<\/p>\n<p>Fabriqu\u00e9 en Italie<\/p>\n<p>Kheira mesure 168 cm<\/p>\n<p>Taille du mod\u00e8le : S<\/p>\n<p>&nbsp;<\/p>\n<p><strong>Mesures :<\/strong><\/p>\n<p>XS : \u00c9paules : 45cm - Poitrine : 57cm - Manches : 44cm - Entrejambe : 59cm - Longueur : 53-66cm<\/p>\n<p>M : Epaules : 45cm - Poitrine : 57cm - Manches : 44cm - Entrejambe : 59cm - Longueur : 53-66cm<\/p>\n<p>&nbsp;<\/p>\n<p>&nbsp;<\/p>\n<p>&nbsp;<\/p>\n<p>&nbsp;<\/p>\n<h4>La marque<\/h4>\n<p>L'essence de l'\u00e9l\u00e9gance italienne se retrouve chez ApuntoB, une marque r\u00e9put\u00e9e pour ses cr\u00e9ations intemporelles. Fond\u00e9e sur le principe que les v\u00eatements sont le reflet du style de vie et de l'identit\u00e9 de chacun, ApuntoB confectionne m\u00e9ticuleusement chaque pi\u00e8ce pour qu'elle incarne la simplicit\u00e9 et la sophistication.<\/p>\n<p>Au c\u0153ur de la philosophie d'ApuntoB se trouve un engagement ancr\u00e9 en faveur de la qualit\u00e9 et de l'artisanat. La qu\u00eate de perfection transpara\u00eet dans l\u2019exploration continue des mati\u00e8res et des silhouettes, ainsi que dans le soin minutieux accord\u00e9 \u00e0 chaque d\u00e9tail. \u00c0 chaque point de couture, ApuntoB s'efforce de cr\u00e9er des v\u00eatements qui transcendent les tendances \u00e9ph\u00e9m\u00e8res, offrant un style durable et une grande polyvalence.<\/p>","protected":false},"excerpt":{"rendered":"<p>ApuntoB Jacket P1835\/TS776 Strawberry Color: Strawberry Classic Collar Button Closure Classic fit Front Patch Pockets Composition: 90% Cotton &#8211; 10% Metal Lining: 100% Cotton Made in Italy Kheira is 168cm tall Model size: S &nbsp; Measurements: XS: Shoulders: 45cm &#8211; Chest: 57cm -Sleeves: 44cm &#8211; Inseam: 59cm &#8211; Length: 53-66cm M:\u00a0 Shoulders: 45cm &#8211; Chest:&hellip; <a class=\"more-link\" href=\"https:\/\/rendez-vous-store.com\/fr\/shop\/last-pieces-women-rendez-vous-store\/last-pieces-coat-jacket-rendez-vous-store\/apuntob-jacket-p1835-ts776-strawberry-rendez-vous-store\/\">Continue reading <span class=\"screen-reader-text\">ApuntoB - Veste P1835\/TS776 - Fraise<\/span><\/a><\/p>","protected":false},"featured_media":154046,"template":"","meta":{"_acf_changed":false},"product_brand":[],"product_cat":[1271,1138,1139],"product_tag":[],"class_list":{"0":"post-153094","1":"product","2":"type-product","3":"status-publish","4":"has-post-thumbnail","6":"product_cat-1271","7":"product_cat-last-pieces-women-rendez-vous-store","8":"product_cat-last-pieces-coat-jacket-rendez-vous-store","9":"entry","11":"first","12":"outofstock","13":"taxable","14":"shipping-taxable","15":"product-type-variable"},"acf":[],"yoast_head":"<!-- This site is optimized with the Yoast SEO plugin v24.9 - https:\/\/yoast.com\/wordpress\/plugins\/seo\/ -->\n<title>ApuntoB - Jacket P1835\/TS776 Strawberry<\/title>\n<meta name=\"description\" content=\"This Apuntob Jacket P1825\/TS776 Strawberry is characterized by the endless research for beautiful shapes, fabrics and cuts by the brand.\" \/>\n<meta name=\"robots\" content=\"index, follow, max-snippet:-1, max-image-preview:large, max-video-preview:-1\" \/>\n<link rel=\"canonical\" href=\"https:\/\/rendez-vous-store.com\/fr\/shop\/last-pieces-women-rendez-vous-store\/last-pieces-coat-jacket-rendez-vous-store\/apuntob-jacket-p1835-ts776-strawberry-rendez-vous-store\/\" \/>\n<meta property=\"og:locale\" content=\"fr_FR\" \/>\n<meta property=\"og:type\" content=\"article\" \/>\n<meta property=\"og:title\" content=\"ApuntoB - Jacket P1835\/TS776 Strawberry\" \/>\n<meta property=\"og:description\" content=\"This Apuntob Jacket P1825\/TS776 Strawberry is characterized by the endless research for beautiful shapes, fabrics and cuts by the brand.\" \/>\n<meta property=\"og:url\" content=\"https:\/\/rendez-vous-store.com\/fr\/shop\/last-pieces-women-rendez-vous-store\/last-pieces-coat-jacket-rendez-vous-store\/apuntob-jacket-p1835-ts776-strawberry-rendez-vous-store\/\" \/>\n<meta property=\"og:site_name\" content=\"RENDEZ-VOUS STORE\" \/>\n<meta property=\"article:modified_time\" content=\"2026-03-16T15:53:32+00:00\" \/>\n<meta property=\"og:image\" content=\"https:\/\/rendez-vous-store.com\/wp-content\/uploads\/2024\/02\/IMG_0381-scaled.webp\" \/>\n\t<meta property=\"og:image:width\" content=\"1707\" \/>\n\t<meta property=\"og:image:height\" content=\"2560\" \/>\n\t<meta property=\"og:image:type\" content=\"image\/webp\" \/>\n<meta name=\"twitter:card\" content=\"summary_large_image\" \/>\n<meta name=\"twitter:label1\" content=\"Est. reading time\" \/>\n\t<meta name=\"twitter:data1\" content=\"1 minute\" \/>\n<script type=\"application\/ld+json\" class=\"yoast-schema-graph\">{\"@context\":\"https:\/\/schema.org\",\"@graph\":[{\"@type\":\"WebPage\",\"@id\":\"https:\/\/rendez-vous-store.com\/shop\/last-pieces-women-rendez-vous-store\/last-pieces-coat-jacket-rendez-vous-store\/apuntob-jacket-p1835-ts776-strawberry-rendez-vous-store\/\",\"url\":\"https:\/\/rendez-vous-store.com\/shop\/last-pieces-women-rendez-vous-store\/last-pieces-coat-jacket-rendez-vous-store\/apuntob-jacket-p1835-ts776-strawberry-rendez-vous-store\/\",\"name\":\"ApuntoB - Jacket P1835\/TS776 Strawberry\",\"isPartOf\":{\"@id\":\"https:\/\/rendez-vous-store.com\/#website\"},\"primaryImageOfPage\":{\"@id\":\"https:\/\/rendez-vous-store.com\/shop\/last-pieces-women-rendez-vous-store\/last-pieces-coat-jacket-rendez-vous-store\/apuntob-jacket-p1835-ts776-strawberry-rendez-vous-store\/#primaryimage\"},\"image\":{\"@id\":\"https:\/\/rendez-vous-store.com\/shop\/last-pieces-women-rendez-vous-store\/last-pieces-coat-jacket-rendez-vous-store\/apuntob-jacket-p1835-ts776-strawberry-rendez-vous-store\/#primaryimage\"},\"thumbnailUrl\":\"https:\/\/rendez-vous-store.com\/app\/uploads\/2024\/02\/IMG_0381-scaled.webp\",\"datePublished\":\"2024-02-20T13:59:20+00:00\",\"dateModified\":\"2026-03-16T15:53:32+00:00\",\"description\":\"This Apuntob Jacket P1825\/TS776 Strawberry is characterized by the endless research for beautiful shapes, fabrics and cuts by the brand.\",\"breadcrumb\":{\"@id\":\"https:\/\/rendez-vous-store.com\/shop\/last-pieces-women-rendez-vous-store\/last-pieces-coat-jacket-rendez-vous-store\/apuntob-jacket-p1835-ts776-strawberry-rendez-vous-store\/#breadcrumb\"},\"inLanguage\":\"fr-FR\",\"potentialAction\":[{\"@type\":\"ReadAction\",\"target\":[\"https:\/\/rendez-vous-store.com\/shop\/last-pieces-women-rendez-vous-store\/last-pieces-coat-jacket-rendez-vous-store\/apuntob-jacket-p1835-ts776-strawberry-rendez-vous-store\/\"]}]},{\"@type\":\"ImageObject\",\"inLanguage\":\"fr-FR\",\"@id\":\"https:\/\/rendez-vous-store.com\/shop\/last-pieces-women-rendez-vous-store\/last-pieces-coat-jacket-rendez-vous-store\/apuntob-jacket-p1835-ts776-strawberry-rendez-vous-store\/#primaryimage\",\"url\":\"https:\/\/rendez-vous-store.com\/app\/uploads\/2024\/02\/IMG_0381-scaled.webp\",\"contentUrl\":\"https:\/\/rendez-vous-store.com\/app\/uploads\/2024\/02\/IMG_0381-scaled.webp\",\"width\":1707,\"height\":2560},{\"@type\":\"BreadcrumbList\",\"@id\":\"https:\/\/rendez-vous-store.com\/shop\/last-pieces-women-rendez-vous-store\/last-pieces-coat-jacket-rendez-vous-store\/apuntob-jacket-p1835-ts776-strawberry-rendez-vous-store\/#breadcrumb\",\"itemListElement\":[{\"@type\":\"ListItem\",\"position\":1,\"name\":\"Home\",\"item\":\"https:\/\/rendez-vous-store.com\/\"},{\"@type\":\"ListItem\",\"position\":2,\"name\":\"Shop\",\"item\":\"https:\/\/www.rendez-vous-store.com\/shop\/\"},{\"@type\":\"ListItem\",\"position\":3,\"name\":\"ApuntoB &#8211; Jacket P1835\/TS776 &#8211; Strawberry\"}]},{\"@type\":\"WebSite\",\"@id\":\"https:\/\/rendez-vous-store.com\/#website\",\"url\":\"https:\/\/rendez-vous-store.com\/\",\"name\":\"RENDEZ-VOUS STORE\",\"description\":\"Slow Fashion for Women and Men\",\"potentialAction\":[{\"@type\":\"SearchAction\",\"target\":{\"@type\":\"EntryPoint\",\"urlTemplate\":\"https:\/\/rendez-vous-store.com\/?s={search_term_string}\"},\"query-input\":{\"@type\":\"PropertyValueSpecification\",\"valueRequired\":true,\"valueName\":\"search_term_string\"}}],\"inLanguage\":\"fr-FR\"}]}<\/script>\n<!-- \/ Yoast SEO plugin. -->","yoast_head_json":{"title":"ApuntoB - Jacket P1835\/TS776 Strawberry","description":"This Apuntob Jacket P1825\/TS776 Strawberry is characterized by the endless research for beautiful shapes, fabrics and cuts by the brand.","robots":{"index":"index","follow":"follow","max-snippet":"max-snippet:-1","max-image-preview":"max-image-preview:large","max-video-preview":"max-video-preview:-1"},"canonical":"https:\/\/rendez-vous-store.com\/fr\/shop\/last-pieces-women-rendez-vous-store\/last-pieces-coat-jacket-rendez-vous-store\/apuntob-jacket-p1835-ts776-strawberry-rendez-vous-store\/","og_locale":"fr_FR","og_type":"article","og_title":"ApuntoB - Jacket P1835\/TS776 Strawberry","og_description":"This Apuntob Jacket P1825\/TS776 Strawberry is characterized by the endless research for beautiful shapes, fabrics and cuts by the brand.","og_url":"https:\/\/rendez-vous-store.com\/fr\/shop\/last-pieces-women-rendez-vous-store\/last-pieces-coat-jacket-rendez-vous-store\/apuntob-jacket-p1835-ts776-strawberry-rendez-vous-store\/","og_site_name":"RENDEZ-VOUS STORE","article_modified_time":"2026-03-16T15:53:32+00:00","og_image":[{"width":1707,"height":2560,"url":"https:\/\/rendez-vous-store.com\/wp-content\/uploads\/2024\/02\/IMG_0381-scaled.webp","type":"image\/webp"}],"twitter_card":"summary_large_image","twitter_misc":{"Est. reading time":"1 minute"},"schema":{"@context":"https:\/\/schema.org","@graph":[{"@type":"WebPage","@id":"https:\/\/rendez-vous-store.com\/shop\/last-pieces-women-rendez-vous-store\/last-pieces-coat-jacket-rendez-vous-store\/apuntob-jacket-p1835-ts776-strawberry-rendez-vous-store\/","url":"https:\/\/rendez-vous-store.com\/shop\/last-pieces-women-rendez-vous-store\/last-pieces-coat-jacket-rendez-vous-store\/apuntob-jacket-p1835-ts776-strawberry-rendez-vous-store\/","name":"ApuntoB - Jacket P1835\/TS776 Strawberry","isPartOf":{"@id":"https:\/\/rendez-vous-store.com\/#website"},"primaryImageOfPage":{"@id":"https:\/\/rendez-vous-store.com\/shop\/last-pieces-women-rendez-vous-store\/last-pieces-coat-jacket-rendez-vous-store\/apuntob-jacket-p1835-ts776-strawberry-rendez-vous-store\/#primaryimage"},"image":{"@id":"https:\/\/rendez-vous-store.com\/shop\/last-pieces-women-rendez-vous-store\/last-pieces-coat-jacket-rendez-vous-store\/apuntob-jacket-p1835-ts776-strawberry-rendez-vous-store\/#primaryimage"},"thumbnailUrl":"https:\/\/rendez-vous-store.com\/app\/uploads\/2024\/02\/IMG_0381-scaled.webp","datePublished":"2024-02-20T13:59:20+00:00","dateModified":"2026-03-16T15:53:32+00:00","description":"This Apuntob Jacket P1825\/TS776 Strawberry is characterized by the endless research for beautiful shapes, fabrics and cuts by the brand.","breadcrumb":{"@id":"https:\/\/rendez-vous-store.com\/shop\/last-pieces-women-rendez-vous-store\/last-pieces-coat-jacket-rendez-vous-store\/apuntob-jacket-p1835-ts776-strawberry-rendez-vous-store\/#breadcrumb"},"inLanguage":"fr-FR","potentialAction":[{"@type":"ReadAction","target":["https:\/\/rendez-vous-store.com\/shop\/last-pieces-women-rendez-vous-store\/last-pieces-coat-jacket-rendez-vous-store\/apuntob-jacket-p1835-ts776-strawberry-rendez-vous-store\/"]}]},{"@type":"ImageObject","inLanguage":"fr-FR","@id":"https:\/\/rendez-vous-store.com\/shop\/last-pieces-women-rendez-vous-store\/last-pieces-coat-jacket-rendez-vous-store\/apuntob-jacket-p1835-ts776-strawberry-rendez-vous-store\/#primaryimage","url":"https:\/\/rendez-vous-store.com\/app\/uploads\/2024\/02\/IMG_0381-scaled.webp","contentUrl":"https:\/\/rendez-vous-store.com\/app\/uploads\/2024\/02\/IMG_0381-scaled.webp","width":1707,"height":2560},{"@type":"BreadcrumbList","@id":"https:\/\/rendez-vous-store.com\/shop\/last-pieces-women-rendez-vous-store\/last-pieces-coat-jacket-rendez-vous-store\/apuntob-jacket-p1835-ts776-strawberry-rendez-vous-store\/#breadcrumb","itemListElement":[{"@type":"ListItem","position":1,"name":"Home","item":"https:\/\/rendez-vous-store.com\/"},{"@type":"ListItem","position":2,"name":"Shop","item":"https:\/\/www.rendez-vous-store.com\/shop\/"},{"@type":"ListItem","position":3,"name":"ApuntoB &#8211; Jacket P1835\/TS776 &#8211; Strawberry"}]},{"@type":"WebSite","@id":"https:\/\/rendez-vous-store.com\/#website","url":"https:\/\/rendez-vous-store.com\/","name":"RENDEZ-VOUS STORE","description":"Slow Fashion for Women and Men","potentialAction":[{"@type":"SearchAction","target":{"@type":"EntryPoint","urlTemplate":"https:\/\/rendez-vous-store.com\/?s={search_term_string}"},"query-input":{"@type":"PropertyValueSpecification","valueRequired":true,"valueName":"search_term_string"}}],"inLanguage":"fr-FR"}]}},"_links":{"self":[{"href":"https:\/\/rendez-vous-store.com\/fr\/wp-json\/wp\/v2\/product\/153094","targetHints":{"allow":["GET"]}}],"collection":[{"href":"https:\/\/rendez-vous-store.com\/fr\/wp-json\/wp\/v2\/product"}],"about":[{"href":"https:\/\/rendez-vous-store.com\/fr\/wp-json\/wp\/v2\/types\/product"}],"wp:featuredmedia":[{"embeddable":true,"href":"https:\/\/rendez-vous-store.com\/fr\/wp-json\/wp\/v2\/media\/154046"}],"wp:attachment":[{"href":"https:\/\/rendez-vous-store.com\/fr\/wp-json\/wp\/v2\/media?parent=153094"}],"wp:term":[{"taxonomy":"product_brand","embeddable":true,"href":"https:\/\/rendez-vous-store.com\/fr\/wp-json\/wp\/v2\/product_brand?post=153094"},{"taxonomy":"product_cat","embeddable":true,"href":"https:\/\/rendez-vous-store.com\/fr\/wp-json\/wp\/v2\/product_cat?post=153094"},{"taxonomy":"product_tag","embeddable":true,"href":"https:\/\/rendez-vous-store.com\/fr\/wp-json\/wp\/v2\/product_tag?post=153094"}],"curies":[{"name":"wp","href":"https:\/\/api.w.org\/{rel}","templated":true}]}}