{"id":152081,"date":"2024-02-16T14:10:42","date_gmt":"2024-02-16T13:10:42","guid":{"rendered":"https:\/\/rendez-vous-store.com\/?post_type=product&#038;p=152081"},"modified":"2026-03-16T16:49:06","modified_gmt":"2026-03-16T15:49:06","slug":"toogood-the-carpenter-jacket-canvas-porcelain-rendez-vous-store","status":"publish","type":"product","link":"https:\/\/rendez-vous-store.com\/fr\/shop\/last-pieces-women-rendez-vous-store\/last-pieces-coat-jacket-rendez-vous-store\/toogood-the-carpenter-jacket-canvas-porcelain-rendez-vous-store\/","title":{"rendered":"Toogood - The Carpenter Jacket - Canvas Porcelain"},"content":{"rendered":"<p><strong>Toogood The Carpenter Jacket Canvas Porcelain<\/strong><\/p>\n<p>Couleur : Porcelaine<\/p>\n<p>Col large<\/p>\n<p>Fermeture par bouton<\/p>\n<p>Poches plaqu\u00e9es<\/p>\n<p>Poignets en tonneau \u00e0 un seul bouton<\/p>\n<p>Coutures lat\u00e9rales ventil\u00e9es<\/p>\n<p>Boucle de fermeture \u00e0 l'empi\u00e8cement arri\u00e8re<\/p>\n<p>Pochette plaqu\u00e9e \u00e0 l'int\u00e9rieur<\/p>\n<p>Ferrures en m\u00e9tal argent\u00e9 grav\u00e9es d'un logo<\/p>\n<p>Non doubl\u00e9<\/p>\n<p>Coutures contrast\u00e9es en blanc<\/p>\n<p>Composition : 100% Coton<\/p>\n<p>Fabriqu\u00e9 au Portugal<\/p>\n<p>&nbsp;<\/p>\n<p><strong>Taille : XS= 34 \/ S=36 \/ M=38<\/strong><\/p>\n<p>&nbsp;<\/p>\n<p>&nbsp;<\/p>\n<p>&nbsp;<\/p>\n<p>&nbsp;<\/p>\n<p>&nbsp;<\/p>\n<p><strong>La marque\u00a0<\/strong><\/p>\n<p>Toogood est une marque de v\u00eatements qui incarne un style intemporel, un savoir-faire exceptionnel et un souci de qualit\u00e9. La marque s'enracine dans l'h\u00e9ritage et l'artisanat britanniques. Elle c\u00e9l\u00e8bre son esth\u00e9tique distinctive et son souci du d\u00e9tail.<\/p>\n<p>Les artisans fabriquent m\u00e9ticuleusement chaque v\u00eatement en mettant l'accent sur la fonctionnalit\u00e9, la durabilit\u00e9 et le design. Ils s\u00e9lectionnent des mat\u00e9riaux de haute qualit\u00e9 et veillent \u00e0 la pr\u00e9cision des coutures. Chaque aspect du processus de cr\u00e9ation refl\u00e8te l'engagement de la marque en faveur de l'excellence.<\/p>","protected":false},"excerpt":{"rendered":"<p>Toogood The Carpenter Jacket Canvas Porcelain Color: Porcelain Spread collar Button closure Patch pockets Single-button barrel cuffs Vented side seams Locker loop at back yoke Patch pocket at interior Logo-engraved silver-tone hardware Unlined Contrast stitching in white Composition: 100% Cotton Made in Portugal &nbsp; Sizing: XS= 34 \/ S=36 \/ M=38 &nbsp; &nbsp; &nbsp; &nbsp;&hellip; <a class=\"more-link\" href=\"https:\/\/rendez-vous-store.com\/fr\/shop\/last-pieces-women-rendez-vous-store\/last-pieces-coat-jacket-rendez-vous-store\/toogood-the-carpenter-jacket-canvas-porcelain-rendez-vous-store\/\">Continuer la lecture <span class=\"screen-reader-text\">Toogood - The Carpenter Jacket - Canvas Porcelain<\/span><\/a><\/p>","protected":false},"featured_media":153480,"template":"","meta":{"_acf_changed":false},"product_brand":[],"product_cat":[1292,1138,1139],"product_tag":[],"class_list":{"0":"post-152081","1":"product","2":"type-product","3":"status-publish","4":"has-post-thumbnail","6":"product_cat-1292","7":"product_cat-last-pieces-women-rendez-vous-store","8":"product_cat-last-pieces-coat-jacket-rendez-vous-store","9":"entry","11":"first","12":"outofstock","13":"taxable","14":"shipping-taxable","15":"product-type-variable"},"acf":[],"yoast_head":"<!-- This site is optimized with the Yoast SEO plugin v24.9 - https:\/\/yoast.com\/wordpress\/plugins\/seo\/ -->\n<title>Toogood The Carpenter Jacket Canvas Porcelain<\/title>\n<meta name=\"description\" content=\"Toogood is on Rendez-vous Store. This Toogood The Carpenter Jacket Canvas Porcelain has androgynous shapes with utilitarian finishes.\" \/>\n<meta name=\"robots\" content=\"index, follow, max-snippet:-1, max-image-preview:large, max-video-preview:-1\" \/>\n<link rel=\"canonical\" href=\"https:\/\/rendez-vous-store.com\/fr\/shop\/last-pieces-women-rendez-vous-store\/last-pieces-coat-jacket-rendez-vous-store\/toogood-the-carpenter-jacket-canvas-porcelain-rendez-vous-store\/\" \/>\n<meta property=\"og:locale\" content=\"fr_FR\" \/>\n<meta property=\"og:type\" content=\"article\" \/>\n<meta property=\"og:title\" content=\"Toogood The Carpenter Jacket Canvas Porcelain\" \/>\n<meta property=\"og:description\" content=\"Toogood is on Rendez-vous Store. This Toogood The Carpenter Jacket Canvas Porcelain has androgynous shapes with utilitarian finishes.\" \/>\n<meta property=\"og:url\" content=\"https:\/\/rendez-vous-store.com\/fr\/shop\/last-pieces-women-rendez-vous-store\/last-pieces-coat-jacket-rendez-vous-store\/toogood-the-carpenter-jacket-canvas-porcelain-rendez-vous-store\/\" \/>\n<meta property=\"og:site_name\" content=\"RENDEZ-VOUS STORE\" \/>\n<meta property=\"article:modified_time\" content=\"2026-03-16T15:49:06+00:00\" \/>\n<meta property=\"og:image\" content=\"https:\/\/rendez-vous-store.com\/wp-content\/uploads\/2024\/02\/3-3.webp\" \/>\n\t<meta property=\"og:image:width\" content=\"1696\" \/>\n\t<meta property=\"og:image:height\" content=\"2560\" \/>\n\t<meta property=\"og:image:type\" content=\"image\/webp\" \/>\n<meta name=\"twitter:card\" content=\"summary_large_image\" \/>\n<meta name=\"twitter:label1\" content=\"Est. reading time\" \/>\n\t<meta name=\"twitter:data1\" content=\"1 minute\" \/>\n<script type=\"application\/ld+json\" class=\"yoast-schema-graph\">{\"@context\":\"https:\/\/schema.org\",\"@graph\":[{\"@type\":\"WebPage\",\"@id\":\"https:\/\/rendez-vous-store.com\/shop\/last-pieces-women-rendez-vous-store\/last-pieces-coat-jacket-rendez-vous-store\/toogood-the-carpenter-jacket-canvas-porcelain-rendez-vous-store\/\",\"url\":\"https:\/\/rendez-vous-store.com\/shop\/last-pieces-women-rendez-vous-store\/last-pieces-coat-jacket-rendez-vous-store\/toogood-the-carpenter-jacket-canvas-porcelain-rendez-vous-store\/\",\"name\":\"Toogood The Carpenter Jacket Canvas Porcelain\",\"isPartOf\":{\"@id\":\"https:\/\/rendez-vous-store.com\/#website\"},\"primaryImageOfPage\":{\"@id\":\"https:\/\/rendez-vous-store.com\/shop\/last-pieces-women-rendez-vous-store\/last-pieces-coat-jacket-rendez-vous-store\/toogood-the-carpenter-jacket-canvas-porcelain-rendez-vous-store\/#primaryimage\"},\"image\":{\"@id\":\"https:\/\/rendez-vous-store.com\/shop\/last-pieces-women-rendez-vous-store\/last-pieces-coat-jacket-rendez-vous-store\/toogood-the-carpenter-jacket-canvas-porcelain-rendez-vous-store\/#primaryimage\"},\"thumbnailUrl\":\"https:\/\/rendez-vous-store.com\/app\/uploads\/2024\/02\/3-3.webp\",\"datePublished\":\"2024-02-16T13:10:42+00:00\",\"dateModified\":\"2026-03-16T15:49:06+00:00\",\"description\":\"Toogood is on Rendez-vous Store. This Toogood The Carpenter Jacket Canvas Porcelain has androgynous shapes with utilitarian finishes.\",\"breadcrumb\":{\"@id\":\"https:\/\/rendez-vous-store.com\/shop\/last-pieces-women-rendez-vous-store\/last-pieces-coat-jacket-rendez-vous-store\/toogood-the-carpenter-jacket-canvas-porcelain-rendez-vous-store\/#breadcrumb\"},\"inLanguage\":\"fr-FR\",\"potentialAction\":[{\"@type\":\"ReadAction\",\"target\":[\"https:\/\/rendez-vous-store.com\/shop\/last-pieces-women-rendez-vous-store\/last-pieces-coat-jacket-rendez-vous-store\/toogood-the-carpenter-jacket-canvas-porcelain-rendez-vous-store\/\"]}]},{\"@type\":\"ImageObject\",\"inLanguage\":\"fr-FR\",\"@id\":\"https:\/\/rendez-vous-store.com\/shop\/last-pieces-women-rendez-vous-store\/last-pieces-coat-jacket-rendez-vous-store\/toogood-the-carpenter-jacket-canvas-porcelain-rendez-vous-store\/#primaryimage\",\"url\":\"https:\/\/rendez-vous-store.com\/app\/uploads\/2024\/02\/3-3.webp\",\"contentUrl\":\"https:\/\/rendez-vous-store.com\/app\/uploads\/2024\/02\/3-3.webp\",\"width\":1696,\"height\":2560,\"caption\":\"Toogood - The Carpenter Jacket - Canvas Porcelain\"},{\"@type\":\"BreadcrumbList\",\"@id\":\"https:\/\/rendez-vous-store.com\/shop\/last-pieces-women-rendez-vous-store\/last-pieces-coat-jacket-rendez-vous-store\/toogood-the-carpenter-jacket-canvas-porcelain-rendez-vous-store\/#breadcrumb\",\"itemListElement\":[{\"@type\":\"ListItem\",\"position\":1,\"name\":\"Home\",\"item\":\"https:\/\/rendez-vous-store.com\/\"},{\"@type\":\"ListItem\",\"position\":2,\"name\":\"Shop\",\"item\":\"https:\/\/www.rendez-vous-store.com\/shop\/\"},{\"@type\":\"ListItem\",\"position\":3,\"name\":\"Toogood &#8211; The Carpenter Jacket &#8211; Canvas Porcelain\"}]},{\"@type\":\"WebSite\",\"@id\":\"https:\/\/rendez-vous-store.com\/#website\",\"url\":\"https:\/\/rendez-vous-store.com\/\",\"name\":\"RENDEZ-VOUS STORE\",\"description\":\"Slow Fashion for Women and Men\",\"potentialAction\":[{\"@type\":\"SearchAction\",\"target\":{\"@type\":\"EntryPoint\",\"urlTemplate\":\"https:\/\/rendez-vous-store.com\/?s={search_term_string}\"},\"query-input\":{\"@type\":\"PropertyValueSpecification\",\"valueRequired\":true,\"valueName\":\"search_term_string\"}}],\"inLanguage\":\"fr-FR\"}]}<\/script>\n<!-- \/ Yoast SEO plugin. -->","yoast_head_json":{"title":"Toogood The Carpenter Jacket Canvas Porcelain","description":"Toogood is on Rendez-vous Store. This Toogood The Carpenter Jacket Canvas Porcelain has androgynous shapes with utilitarian finishes.","robots":{"index":"index","follow":"follow","max-snippet":"max-snippet:-1","max-image-preview":"max-image-preview:large","max-video-preview":"max-video-preview:-1"},"canonical":"https:\/\/rendez-vous-store.com\/fr\/shop\/last-pieces-women-rendez-vous-store\/last-pieces-coat-jacket-rendez-vous-store\/toogood-the-carpenter-jacket-canvas-porcelain-rendez-vous-store\/","og_locale":"fr_FR","og_type":"article","og_title":"Toogood The Carpenter Jacket Canvas Porcelain","og_description":"Toogood is on Rendez-vous Store. This Toogood The Carpenter Jacket Canvas Porcelain has androgynous shapes with utilitarian finishes.","og_url":"https:\/\/rendez-vous-store.com\/fr\/shop\/last-pieces-women-rendez-vous-store\/last-pieces-coat-jacket-rendez-vous-store\/toogood-the-carpenter-jacket-canvas-porcelain-rendez-vous-store\/","og_site_name":"RENDEZ-VOUS STORE","article_modified_time":"2026-03-16T15:49:06+00:00","og_image":[{"width":1696,"height":2560,"url":"https:\/\/rendez-vous-store.com\/wp-content\/uploads\/2024\/02\/3-3.webp","type":"image\/webp"}],"twitter_card":"summary_large_image","twitter_misc":{"Est. reading time":"1 minute"},"schema":{"@context":"https:\/\/schema.org","@graph":[{"@type":"WebPage","@id":"https:\/\/rendez-vous-store.com\/shop\/last-pieces-women-rendez-vous-store\/last-pieces-coat-jacket-rendez-vous-store\/toogood-the-carpenter-jacket-canvas-porcelain-rendez-vous-store\/","url":"https:\/\/rendez-vous-store.com\/shop\/last-pieces-women-rendez-vous-store\/last-pieces-coat-jacket-rendez-vous-store\/toogood-the-carpenter-jacket-canvas-porcelain-rendez-vous-store\/","name":"Toogood The Carpenter Jacket Canvas Porcelain","isPartOf":{"@id":"https:\/\/rendez-vous-store.com\/#website"},"primaryImageOfPage":{"@id":"https:\/\/rendez-vous-store.com\/shop\/last-pieces-women-rendez-vous-store\/last-pieces-coat-jacket-rendez-vous-store\/toogood-the-carpenter-jacket-canvas-porcelain-rendez-vous-store\/#primaryimage"},"image":{"@id":"https:\/\/rendez-vous-store.com\/shop\/last-pieces-women-rendez-vous-store\/last-pieces-coat-jacket-rendez-vous-store\/toogood-the-carpenter-jacket-canvas-porcelain-rendez-vous-store\/#primaryimage"},"thumbnailUrl":"https:\/\/rendez-vous-store.com\/app\/uploads\/2024\/02\/3-3.webp","datePublished":"2024-02-16T13:10:42+00:00","dateModified":"2026-03-16T15:49:06+00:00","description":"Toogood is on Rendez-vous Store. This Toogood The Carpenter Jacket Canvas Porcelain has androgynous shapes with utilitarian finishes.","breadcrumb":{"@id":"https:\/\/rendez-vous-store.com\/shop\/last-pieces-women-rendez-vous-store\/last-pieces-coat-jacket-rendez-vous-store\/toogood-the-carpenter-jacket-canvas-porcelain-rendez-vous-store\/#breadcrumb"},"inLanguage":"fr-FR","potentialAction":[{"@type":"ReadAction","target":["https:\/\/rendez-vous-store.com\/shop\/last-pieces-women-rendez-vous-store\/last-pieces-coat-jacket-rendez-vous-store\/toogood-the-carpenter-jacket-canvas-porcelain-rendez-vous-store\/"]}]},{"@type":"ImageObject","inLanguage":"fr-FR","@id":"https:\/\/rendez-vous-store.com\/shop\/last-pieces-women-rendez-vous-store\/last-pieces-coat-jacket-rendez-vous-store\/toogood-the-carpenter-jacket-canvas-porcelain-rendez-vous-store\/#primaryimage","url":"https:\/\/rendez-vous-store.com\/app\/uploads\/2024\/02\/3-3.webp","contentUrl":"https:\/\/rendez-vous-store.com\/app\/uploads\/2024\/02\/3-3.webp","width":1696,"height":2560,"caption":"Toogood - The Carpenter Jacket - Canvas Porcelain"},{"@type":"BreadcrumbList","@id":"https:\/\/rendez-vous-store.com\/shop\/last-pieces-women-rendez-vous-store\/last-pieces-coat-jacket-rendez-vous-store\/toogood-the-carpenter-jacket-canvas-porcelain-rendez-vous-store\/#breadcrumb","itemListElement":[{"@type":"ListItem","position":1,"name":"Home","item":"https:\/\/rendez-vous-store.com\/"},{"@type":"ListItem","position":2,"name":"Shop","item":"https:\/\/www.rendez-vous-store.com\/shop\/"},{"@type":"ListItem","position":3,"name":"Toogood &#8211; The Carpenter Jacket &#8211; Canvas Porcelain"}]},{"@type":"WebSite","@id":"https:\/\/rendez-vous-store.com\/#website","url":"https:\/\/rendez-vous-store.com\/","name":"RENDEZ-VOUS STORE","description":"Slow Fashion for Women and Men","potentialAction":[{"@type":"SearchAction","target":{"@type":"EntryPoint","urlTemplate":"https:\/\/rendez-vous-store.com\/?s={search_term_string}"},"query-input":{"@type":"PropertyValueSpecification","valueRequired":true,"valueName":"search_term_string"}}],"inLanguage":"fr-FR"}]}},"_links":{"self":[{"href":"https:\/\/rendez-vous-store.com\/fr\/wp-json\/wp\/v2\/product\/152081","targetHints":{"allow":["GET"]}}],"collection":[{"href":"https:\/\/rendez-vous-store.com\/fr\/wp-json\/wp\/v2\/product"}],"about":[{"href":"https:\/\/rendez-vous-store.com\/fr\/wp-json\/wp\/v2\/types\/product"}],"wp:featuredmedia":[{"embeddable":true,"href":"https:\/\/rendez-vous-store.com\/fr\/wp-json\/wp\/v2\/media\/153480"}],"wp:attachment":[{"href":"https:\/\/rendez-vous-store.com\/fr\/wp-json\/wp\/v2\/media?parent=152081"}],"wp:term":[{"taxonomy":"product_brand","embeddable":true,"href":"https:\/\/rendez-vous-store.com\/fr\/wp-json\/wp\/v2\/product_brand?post=152081"},{"taxonomy":"product_cat","embeddable":true,"href":"https:\/\/rendez-vous-store.com\/fr\/wp-json\/wp\/v2\/product_cat?post=152081"},{"taxonomy":"product_tag","embeddable":true,"href":"https:\/\/rendez-vous-store.com\/fr\/wp-json\/wp\/v2\/product_tag?post=152081"}],"curies":[{"name":"wp","href":"https:\/\/api.w.org\/{rel}","templated":true}]}}