{"id":150606,"date":"2024-02-08T16:00:19","date_gmt":"2024-02-08T15:00:19","guid":{"rendered":"https:\/\/rendez-vous-store.com\/?post_type=product&#038;p=150606"},"modified":"2026-03-16T14:24:59","modified_gmt":"2026-03-16T13:24:59","slug":"comme-des-garcons-shirt-mens-shirt-woven-stripe-rendez-vous-store","status":"publish","type":"product","link":"https:\/\/rendez-vous-store.com\/fr\/shop\/men-selection-discover-our-selection-rendez-vous-store\/shirts-rendez-vous-store\/comme-des-garcons-shirt-mens-shirt-woven-stripe-rendez-vous-store\/","title":{"rendered":"Comme Des Gar\u00e7ons Shirt - Chemise Hommes Woven FZ-B220-PER - Stripe 5"},"content":{"rendered":"<p>Comme Des Gar\u00e7ons Shirt Men Shirt Woven Stripe<\/p>\n<p>Couleur : Bleu\/Blanc avec des rayures<\/p>\n<p>Col classique<\/p>\n<p>Ourlet incurv\u00e9<\/p>\n<p>Fermeture par bouton<\/p>\n<p>Poignets boutonn\u00e9s<\/p>\n<p>Composition : 100% Coton<\/p>\n<p>Fabriqu\u00e9 en France<\/p>\n<p>Code de style : FZ-B220-PER<\/p>","protected":false},"excerpt":{"rendered":"<p>Comme Des Gar\u00e7ons Shirt Men Shirt Woven Stripe Color: Blue\/White with stripes Classic collar Curved hem Button closure Buttoned cuffs Composition: 100% Cotton Made in France Style Code: FZ-B220-PER<\/p>","protected":false},"featured_media":153461,"template":"","meta":{"_acf_changed":false},"product_brand":[],"product_cat":[1232,20,74],"product_tag":[282],"class_list":{"0":"post-150606","1":"product","2":"type-product","3":"status-publish","4":"has-post-thumbnail","6":"product_cat-sale-40","7":"product_cat-men-selection-discover-our-selection-rendez-vous-store","8":"product_cat-shirts-rendez-vous-store","9":"product_tag-comme-des-garcons-shirt-rendez-vous-store","10":"entry","12":"first","13":"outofstock","14":"taxable","15":"shipping-taxable","16":"product-type-variable"},"acf":[],"yoast_head":"<!-- This site is optimized with the Yoast SEO plugin v24.9 - https:\/\/yoast.com\/wordpress\/plugins\/seo\/ -->\n<title>Comme Des Gar\u00e7ons Shirt - Men Shirt Woven Stripe - Rendez-vous Store<\/title>\n<meta name=\"description\" content=\"Comme des Gar\u00e7ons Shirt is on Rendez-vous Store. This Comme des Gar\u00e7ons Shirt Men Shirt Woven Stripe follows the guidelines of the Japanese brand.\" \/>\n<meta name=\"robots\" content=\"index, follow, max-snippet:-1, max-image-preview:large, max-video-preview:-1\" \/>\n<link rel=\"canonical\" href=\"https:\/\/rendez-vous-store.com\/fr\/shop\/men-selection-discover-our-selection-rendez-vous-store\/shirts-rendez-vous-store\/comme-des-garcons-shirt-mens-shirt-woven-stripe-rendez-vous-store\/\" \/>\n<meta property=\"og:locale\" content=\"fr_FR\" \/>\n<meta property=\"og:type\" content=\"article\" \/>\n<meta property=\"og:title\" content=\"Comme Des Gar\u00e7ons Shirt - Men Shirt Woven Stripe - Rendez-vous Store\" \/>\n<meta property=\"og:description\" content=\"Comme des Gar\u00e7ons Shirt is on Rendez-vous Store. This Comme des Gar\u00e7ons Shirt Men Shirt Woven Stripe follows the guidelines of the Japanese brand.\" \/>\n<meta property=\"og:url\" content=\"https:\/\/rendez-vous-store.com\/fr\/shop\/men-selection-discover-our-selection-rendez-vous-store\/shirts-rendez-vous-store\/comme-des-garcons-shirt-mens-shirt-woven-stripe-rendez-vous-store\/\" \/>\n<meta property=\"og:site_name\" content=\"RENDEZ-VOUS STORE\" \/>\n<meta property=\"article:modified_time\" content=\"2026-03-16T13:24:59+00:00\" \/>\n<meta property=\"og:image\" content=\"https:\/\/rendez-vous-store.com\/wp-content\/uploads\/2024\/02\/10-2.webp\" \/>\n\t<meta property=\"og:image:width\" content=\"1696\" \/>\n\t<meta property=\"og:image:height\" content=\"2560\" \/>\n\t<meta property=\"og:image:type\" content=\"image\/webp\" \/>\n<meta name=\"twitter:card\" content=\"summary_large_image\" \/>\n<meta name=\"twitter:label1\" content=\"Est. reading time\" \/>\n\t<meta name=\"twitter:data1\" content=\"1 minute\" \/>\n<script type=\"application\/ld+json\" class=\"yoast-schema-graph\">{\"@context\":\"https:\/\/schema.org\",\"@graph\":[{\"@type\":\"WebPage\",\"@id\":\"https:\/\/rendez-vous-store.com\/shop\/men-selection-discover-our-selection-rendez-vous-store\/shirts-rendez-vous-store\/comme-des-garcons-shirt-mens-shirt-woven-stripe-rendez-vous-store\/\",\"url\":\"https:\/\/rendez-vous-store.com\/shop\/men-selection-discover-our-selection-rendez-vous-store\/shirts-rendez-vous-store\/comme-des-garcons-shirt-mens-shirt-woven-stripe-rendez-vous-store\/\",\"name\":\"Comme Des Gar\u00e7ons Shirt - Men Shirt Woven Stripe - Rendez-vous Store\",\"isPartOf\":{\"@id\":\"https:\/\/rendez-vous-store.com\/#website\"},\"primaryImageOfPage\":{\"@id\":\"https:\/\/rendez-vous-store.com\/shop\/men-selection-discover-our-selection-rendez-vous-store\/shirts-rendez-vous-store\/comme-des-garcons-shirt-mens-shirt-woven-stripe-rendez-vous-store\/#primaryimage\"},\"image\":{\"@id\":\"https:\/\/rendez-vous-store.com\/shop\/men-selection-discover-our-selection-rendez-vous-store\/shirts-rendez-vous-store\/comme-des-garcons-shirt-mens-shirt-woven-stripe-rendez-vous-store\/#primaryimage\"},\"thumbnailUrl\":\"https:\/\/rendez-vous-store.com\/app\/uploads\/2024\/02\/10-2.webp\",\"datePublished\":\"2024-02-08T15:00:19+00:00\",\"dateModified\":\"2026-03-16T13:24:59+00:00\",\"description\":\"Comme des Gar\u00e7ons Shirt is on Rendez-vous Store. This Comme des Gar\u00e7ons Shirt Men Shirt Woven Stripe follows the guidelines of the Japanese brand.\",\"breadcrumb\":{\"@id\":\"https:\/\/rendez-vous-store.com\/shop\/men-selection-discover-our-selection-rendez-vous-store\/shirts-rendez-vous-store\/comme-des-garcons-shirt-mens-shirt-woven-stripe-rendez-vous-store\/#breadcrumb\"},\"inLanguage\":\"fr-FR\",\"potentialAction\":[{\"@type\":\"ReadAction\",\"target\":[\"https:\/\/rendez-vous-store.com\/shop\/men-selection-discover-our-selection-rendez-vous-store\/shirts-rendez-vous-store\/comme-des-garcons-shirt-mens-shirt-woven-stripe-rendez-vous-store\/\"]}]},{\"@type\":\"ImageObject\",\"inLanguage\":\"fr-FR\",\"@id\":\"https:\/\/rendez-vous-store.com\/shop\/men-selection-discover-our-selection-rendez-vous-store\/shirts-rendez-vous-store\/comme-des-garcons-shirt-mens-shirt-woven-stripe-rendez-vous-store\/#primaryimage\",\"url\":\"https:\/\/rendez-vous-store.com\/app\/uploads\/2024\/02\/10-2.webp\",\"contentUrl\":\"https:\/\/rendez-vous-store.com\/app\/uploads\/2024\/02\/10-2.webp\",\"width\":1696,\"height\":2560},{\"@type\":\"BreadcrumbList\",\"@id\":\"https:\/\/rendez-vous-store.com\/shop\/men-selection-discover-our-selection-rendez-vous-store\/shirts-rendez-vous-store\/comme-des-garcons-shirt-mens-shirt-woven-stripe-rendez-vous-store\/#breadcrumb\",\"itemListElement\":[{\"@type\":\"ListItem\",\"position\":1,\"name\":\"Home\",\"item\":\"https:\/\/rendez-vous-store.com\/\"},{\"@type\":\"ListItem\",\"position\":2,\"name\":\"Shop\",\"item\":\"https:\/\/www.rendez-vous-store.com\/shop\/\"},{\"@type\":\"ListItem\",\"position\":3,\"name\":\"Comme Des Gar\u00e7ons Shirt &#8211; Mens Shirt Woven FZ-B220-PER &#8211; Stripe 5\"}]},{\"@type\":\"WebSite\",\"@id\":\"https:\/\/rendez-vous-store.com\/#website\",\"url\":\"https:\/\/rendez-vous-store.com\/\",\"name\":\"RENDEZ-VOUS STORE\",\"description\":\"Slow Fashion for Women and Men\",\"potentialAction\":[{\"@type\":\"SearchAction\",\"target\":{\"@type\":\"EntryPoint\",\"urlTemplate\":\"https:\/\/rendez-vous-store.com\/?s={search_term_string}\"},\"query-input\":{\"@type\":\"PropertyValueSpecification\",\"valueRequired\":true,\"valueName\":\"search_term_string\"}}],\"inLanguage\":\"fr-FR\"}]}<\/script>\n<!-- \/ Yoast SEO plugin. -->","yoast_head_json":{"title":"Comme Des Gar\u00e7ons Shirt - Men Shirt Woven Stripe - Rendez-vous Store","description":"Comme des Gar\u00e7ons Shirt is on Rendez-vous Store. This Comme des Gar\u00e7ons Shirt Men Shirt Woven Stripe follows the guidelines of the Japanese brand.","robots":{"index":"index","follow":"follow","max-snippet":"max-snippet:-1","max-image-preview":"max-image-preview:large","max-video-preview":"max-video-preview:-1"},"canonical":"https:\/\/rendez-vous-store.com\/fr\/shop\/men-selection-discover-our-selection-rendez-vous-store\/shirts-rendez-vous-store\/comme-des-garcons-shirt-mens-shirt-woven-stripe-rendez-vous-store\/","og_locale":"fr_FR","og_type":"article","og_title":"Comme Des Gar\u00e7ons Shirt - Men Shirt Woven Stripe - Rendez-vous Store","og_description":"Comme des Gar\u00e7ons Shirt is on Rendez-vous Store. This Comme des Gar\u00e7ons Shirt Men Shirt Woven Stripe follows the guidelines of the Japanese brand.","og_url":"https:\/\/rendez-vous-store.com\/fr\/shop\/men-selection-discover-our-selection-rendez-vous-store\/shirts-rendez-vous-store\/comme-des-garcons-shirt-mens-shirt-woven-stripe-rendez-vous-store\/","og_site_name":"RENDEZ-VOUS STORE","article_modified_time":"2026-03-16T13:24:59+00:00","og_image":[{"width":1696,"height":2560,"url":"https:\/\/rendez-vous-store.com\/wp-content\/uploads\/2024\/02\/10-2.webp","type":"image\/webp"}],"twitter_card":"summary_large_image","twitter_misc":{"Est. reading time":"1 minute"},"schema":{"@context":"https:\/\/schema.org","@graph":[{"@type":"WebPage","@id":"https:\/\/rendez-vous-store.com\/shop\/men-selection-discover-our-selection-rendez-vous-store\/shirts-rendez-vous-store\/comme-des-garcons-shirt-mens-shirt-woven-stripe-rendez-vous-store\/","url":"https:\/\/rendez-vous-store.com\/shop\/men-selection-discover-our-selection-rendez-vous-store\/shirts-rendez-vous-store\/comme-des-garcons-shirt-mens-shirt-woven-stripe-rendez-vous-store\/","name":"Comme Des Gar\u00e7ons Shirt - Men Shirt Woven Stripe - Rendez-vous Store","isPartOf":{"@id":"https:\/\/rendez-vous-store.com\/#website"},"primaryImageOfPage":{"@id":"https:\/\/rendez-vous-store.com\/shop\/men-selection-discover-our-selection-rendez-vous-store\/shirts-rendez-vous-store\/comme-des-garcons-shirt-mens-shirt-woven-stripe-rendez-vous-store\/#primaryimage"},"image":{"@id":"https:\/\/rendez-vous-store.com\/shop\/men-selection-discover-our-selection-rendez-vous-store\/shirts-rendez-vous-store\/comme-des-garcons-shirt-mens-shirt-woven-stripe-rendez-vous-store\/#primaryimage"},"thumbnailUrl":"https:\/\/rendez-vous-store.com\/app\/uploads\/2024\/02\/10-2.webp","datePublished":"2024-02-08T15:00:19+00:00","dateModified":"2026-03-16T13:24:59+00:00","description":"Comme des Gar\u00e7ons Shirt is on Rendez-vous Store. This Comme des Gar\u00e7ons Shirt Men Shirt Woven Stripe follows the guidelines of the Japanese brand.","breadcrumb":{"@id":"https:\/\/rendez-vous-store.com\/shop\/men-selection-discover-our-selection-rendez-vous-store\/shirts-rendez-vous-store\/comme-des-garcons-shirt-mens-shirt-woven-stripe-rendez-vous-store\/#breadcrumb"},"inLanguage":"fr-FR","potentialAction":[{"@type":"ReadAction","target":["https:\/\/rendez-vous-store.com\/shop\/men-selection-discover-our-selection-rendez-vous-store\/shirts-rendez-vous-store\/comme-des-garcons-shirt-mens-shirt-woven-stripe-rendez-vous-store\/"]}]},{"@type":"ImageObject","inLanguage":"fr-FR","@id":"https:\/\/rendez-vous-store.com\/shop\/men-selection-discover-our-selection-rendez-vous-store\/shirts-rendez-vous-store\/comme-des-garcons-shirt-mens-shirt-woven-stripe-rendez-vous-store\/#primaryimage","url":"https:\/\/rendez-vous-store.com\/app\/uploads\/2024\/02\/10-2.webp","contentUrl":"https:\/\/rendez-vous-store.com\/app\/uploads\/2024\/02\/10-2.webp","width":1696,"height":2560},{"@type":"BreadcrumbList","@id":"https:\/\/rendez-vous-store.com\/shop\/men-selection-discover-our-selection-rendez-vous-store\/shirts-rendez-vous-store\/comme-des-garcons-shirt-mens-shirt-woven-stripe-rendez-vous-store\/#breadcrumb","itemListElement":[{"@type":"ListItem","position":1,"name":"Home","item":"https:\/\/rendez-vous-store.com\/"},{"@type":"ListItem","position":2,"name":"Shop","item":"https:\/\/www.rendez-vous-store.com\/shop\/"},{"@type":"ListItem","position":3,"name":"Comme Des Gar\u00e7ons Shirt &#8211; Mens Shirt Woven FZ-B220-PER &#8211; Stripe 5"}]},{"@type":"WebSite","@id":"https:\/\/rendez-vous-store.com\/#website","url":"https:\/\/rendez-vous-store.com\/","name":"RENDEZ-VOUS STORE","description":"Slow Fashion for Women and Men","potentialAction":[{"@type":"SearchAction","target":{"@type":"EntryPoint","urlTemplate":"https:\/\/rendez-vous-store.com\/?s={search_term_string}"},"query-input":{"@type":"PropertyValueSpecification","valueRequired":true,"valueName":"search_term_string"}}],"inLanguage":"fr-FR"}]}},"_links":{"self":[{"href":"https:\/\/rendez-vous-store.com\/fr\/wp-json\/wp\/v2\/product\/150606","targetHints":{"allow":["GET"]}}],"collection":[{"href":"https:\/\/rendez-vous-store.com\/fr\/wp-json\/wp\/v2\/product"}],"about":[{"href":"https:\/\/rendez-vous-store.com\/fr\/wp-json\/wp\/v2\/types\/product"}],"wp:featuredmedia":[{"embeddable":true,"href":"https:\/\/rendez-vous-store.com\/fr\/wp-json\/wp\/v2\/media\/153461"}],"wp:attachment":[{"href":"https:\/\/rendez-vous-store.com\/fr\/wp-json\/wp\/v2\/media?parent=150606"}],"wp:term":[{"taxonomy":"product_brand","embeddable":true,"href":"https:\/\/rendez-vous-store.com\/fr\/wp-json\/wp\/v2\/product_brand?post=150606"},{"taxonomy":"product_cat","embeddable":true,"href":"https:\/\/rendez-vous-store.com\/fr\/wp-json\/wp\/v2\/product_cat?post=150606"},{"taxonomy":"product_tag","embeddable":true,"href":"https:\/\/rendez-vous-store.com\/fr\/wp-json\/wp\/v2\/product_tag?post=150606"}],"curies":[{"name":"wp","href":"https:\/\/api.w.org\/{rel}","templated":true}]}}