{"id":149370,"date":"2024-01-24T10:59:31","date_gmt":"2024-01-24T09:59:31","guid":{"rendered":"https:\/\/rendez-vous-store.com\/?post_type=product&#038;p=149370"},"modified":"2026-03-16T16:46:40","modified_gmt":"2026-03-16T15:46:40","slug":"bergfabel-farmer-pants-almond-rendez-vous-store","status":"publish","type":"product","link":"https:\/\/rendez-vous-store.com\/fr\/shop\/special-offer-women-rendez-vous-store\/women-trousers-special-offer\/bergfabel-farmer-pants-almond-rendez-vous-store\/","title":{"rendered":"Bergfabel &#8211; Farmer Pants BFWP152\/323 &#8211; Almond"},"content":{"rendered":"<p>Bergfabel Farmer Pants Almond<\/p>\n<p>Couleur : Amande<\/p>\n<p>Pantalon \u00e0 pince<\/p>\n<p>Fermeture \u00e0 boutons et \u00e0 glissi\u00e8re<\/p>\n<p>Passant de ceinture<\/p>\n<p>Deux poches lat\u00e9rales<\/p>\n<p>Composition : 72% Coton - 28% Lin<\/p>\n<p>Doublure : 100% Coton<\/p>\n<p>Fabriqu\u00e9 en Italie<\/p>\n<p>Kheira mesure 168cm<\/p>\n<p>Mod\u00e8le taille S<\/p>\n<p>Guide des tailles :<\/p>\n<p>XS = 36(FR) = 40 (IT)<\/p>\n<p>S = 38(FR) = 42 (IT)<\/p>\n<p>M = 40(FR) = 44 (IT)<\/p>\n<p>Mesures :<\/p>\n<p>Size XS : Waist: 37cm &#8211; Hip: 54cm &#8211; Thigh: 30cm &#8211; Inseam: 71cm &#8211; Length: 100cm<\/p>\n<p>Size S : Waist: 40cm &#8211; Hip: 55cm &#8211; Thigh: 31cm &#8211; Inseam: 72cm &#8211; Length: 102cm<\/p>\n<p>Size M : Waist: 42cm &#8211; Hip:56cm &#8211; Thigh: 31cm &#8211; Inseam: 73cm &#8211; Length: 103cm<\/p>","protected":false},"excerpt":{"rendered":"<p>Bergfabel Farmer Pants Almond Color: Almond Clip-on trousers Button Closure With Zipfly Belt Loop Two side Pockets Composition: 72% Cotton &#8211; 28% Linen Lining: 100% Cotton Made In Italy Kheira is 168cm Model size S Size guide : XS = 36(FR) = 40 (IT) S = 38(FR) = 42 (IT) M = 40(FR) = 44&hellip; <a class=\"more-link\" href=\"https:\/\/rendez-vous-store.com\/fr\/shop\/special-offer-women-rendez-vous-store\/women-trousers-special-offer\/bergfabel-farmer-pants-almond-rendez-vous-store\/\">Continuer la lecture <span class=\"screen-reader-text\">Bergfabel &#8211; Farmer Pants BFWP152\/323 &#8211; Almond<\/span><\/a><\/p>","protected":false},"featured_media":151142,"template":"","meta":{"_acf_changed":false},"product_brand":[],"product_cat":[1232,1335,1341],"product_tag":[1056],"class_list":{"0":"post-149370","1":"product","2":"type-product","3":"status-publish","4":"has-post-thumbnail","6":"product_cat-sale-40","7":"product_cat-special-offer-women-rendez-vous-store","8":"product_cat-women-trousers-special-offer","9":"product_tag-bergfabel-rendez-vous-store","10":"entry","12":"first","13":"instock","14":"taxable","15":"shipping-taxable","16":"purchasable","17":"product-type-variable"},"acf":[],"yoast_head":"<!-- This site is optimized with the Yoast SEO plugin v24.9 - https:\/\/yoast.com\/wordpress\/plugins\/seo\/ -->\n<title>Bergfabel - Farmer Pants Almond - Rendez-Vous Store<\/title>\n<meta name=\"description\" content=\"Bergfabel is on Rendez-Vous store. This Bergfabel Farmer Pants Almond explores the link between modernity and heritage, even in the smallest detail.\" \/>\n<meta name=\"robots\" content=\"index, follow, max-snippet:-1, max-image-preview:large, max-video-preview:-1\" \/>\n<link rel=\"canonical\" href=\"https:\/\/rendez-vous-store.com\/fr\/shop\/special-offer-women-rendez-vous-store\/women-trousers-special-offer\/bergfabel-farmer-pants-almond-rendez-vous-store\/\" \/>\n<meta property=\"og:locale\" content=\"fr_FR\" \/>\n<meta property=\"og:type\" content=\"article\" \/>\n<meta property=\"og:title\" content=\"Bergfabel - Farmer Pants Almond - Rendez-Vous Store\" \/>\n<meta property=\"og:description\" content=\"Bergfabel is on Rendez-Vous store. This Bergfabel Farmer Pants Almond explores the link between modernity and heritage, even in the smallest detail.\" \/>\n<meta property=\"og:url\" content=\"https:\/\/rendez-vous-store.com\/fr\/shop\/special-offer-women-rendez-vous-store\/women-trousers-special-offer\/bergfabel-farmer-pants-almond-rendez-vous-store\/\" \/>\n<meta property=\"og:site_name\" content=\"RENDEZ-VOUS STORE\" \/>\n<meta property=\"article:modified_time\" content=\"2026-03-16T15:46:40+00:00\" \/>\n<meta property=\"og:image\" content=\"https:\/\/rendez-vous-store.com\/app\/uploads\/2024\/01\/pant-cream.webp\" \/>\n\t<meta property=\"og:image:width\" content=\"1696\" \/>\n\t<meta property=\"og:image:height\" content=\"2560\" \/>\n\t<meta property=\"og:image:type\" content=\"image\/webp\" \/>\n<meta name=\"twitter:card\" content=\"summary_large_image\" \/>\n<meta name=\"twitter:label1\" content=\"Est. reading time\" \/>\n\t<meta name=\"twitter:data1\" content=\"1 minute\" \/>\n<script type=\"application\/ld+json\" class=\"yoast-schema-graph\">{\"@context\":\"https:\/\/schema.org\",\"@graph\":[{\"@type\":\"WebPage\",\"@id\":\"https:\/\/rendez-vous-store.com\/shop\/special-offer-women-rendez-vous-store\/women-trousers-special-offer\/bergfabel-farmer-pants-almond-rendez-vous-store\/\",\"url\":\"https:\/\/rendez-vous-store.com\/shop\/special-offer-women-rendez-vous-store\/women-trousers-special-offer\/bergfabel-farmer-pants-almond-rendez-vous-store\/\",\"name\":\"Bergfabel - Farmer Pants Almond - Rendez-Vous Store\",\"isPartOf\":{\"@id\":\"https:\/\/rendez-vous-store.com\/#website\"},\"primaryImageOfPage\":{\"@id\":\"https:\/\/rendez-vous-store.com\/shop\/special-offer-women-rendez-vous-store\/women-trousers-special-offer\/bergfabel-farmer-pants-almond-rendez-vous-store\/#primaryimage\"},\"image\":{\"@id\":\"https:\/\/rendez-vous-store.com\/shop\/special-offer-women-rendez-vous-store\/women-trousers-special-offer\/bergfabel-farmer-pants-almond-rendez-vous-store\/#primaryimage\"},\"thumbnailUrl\":\"https:\/\/rendez-vous-store.com\/app\/uploads\/2024\/01\/pant-cream.webp\",\"datePublished\":\"2024-01-24T09:59:31+00:00\",\"dateModified\":\"2026-03-16T15:46:40+00:00\",\"description\":\"Bergfabel is on Rendez-Vous store. This Bergfabel Farmer Pants Almond explores the link between modernity and heritage, even in the smallest detail.\",\"breadcrumb\":{\"@id\":\"https:\/\/rendez-vous-store.com\/shop\/special-offer-women-rendez-vous-store\/women-trousers-special-offer\/bergfabel-farmer-pants-almond-rendez-vous-store\/#breadcrumb\"},\"inLanguage\":\"fr-FR\",\"potentialAction\":[{\"@type\":\"ReadAction\",\"target\":[\"https:\/\/rendez-vous-store.com\/shop\/special-offer-women-rendez-vous-store\/women-trousers-special-offer\/bergfabel-farmer-pants-almond-rendez-vous-store\/\"]}]},{\"@type\":\"ImageObject\",\"inLanguage\":\"fr-FR\",\"@id\":\"https:\/\/rendez-vous-store.com\/shop\/special-offer-women-rendez-vous-store\/women-trousers-special-offer\/bergfabel-farmer-pants-almond-rendez-vous-store\/#primaryimage\",\"url\":\"https:\/\/rendez-vous-store.com\/app\/uploads\/2024\/01\/pant-cream.webp\",\"contentUrl\":\"https:\/\/rendez-vous-store.com\/app\/uploads\/2024\/01\/pant-cream.webp\",\"width\":1696,\"height\":2560},{\"@type\":\"BreadcrumbList\",\"@id\":\"https:\/\/rendez-vous-store.com\/shop\/special-offer-women-rendez-vous-store\/women-trousers-special-offer\/bergfabel-farmer-pants-almond-rendez-vous-store\/#breadcrumb\",\"itemListElement\":[{\"@type\":\"ListItem\",\"position\":1,\"name\":\"Home\",\"item\":\"https:\/\/rendez-vous-store.com\/\"},{\"@type\":\"ListItem\",\"position\":2,\"name\":\"Shop\",\"item\":\"https:\/\/www.rendez-vous-store.com\/shop\/\"},{\"@type\":\"ListItem\",\"position\":3,\"name\":\"Bergfabel &#8211; Farmer Pants BFWP152\/323 &#8211; Almond\"}]},{\"@type\":\"WebSite\",\"@id\":\"https:\/\/rendez-vous-store.com\/#website\",\"url\":\"https:\/\/rendez-vous-store.com\/\",\"name\":\"RENDEZ-VOUS STORE\",\"description\":\"Slow Fashion for Women and Men\",\"potentialAction\":[{\"@type\":\"SearchAction\",\"target\":{\"@type\":\"EntryPoint\",\"urlTemplate\":\"https:\/\/rendez-vous-store.com\/?s={search_term_string}\"},\"query-input\":{\"@type\":\"PropertyValueSpecification\",\"valueRequired\":true,\"valueName\":\"search_term_string\"}}],\"inLanguage\":\"fr-FR\"}]}<\/script>\n<!-- \/ Yoast SEO plugin. -->","yoast_head_json":{"title":"Bergfabel - Farmer Pants Almond - Rendez-Vous Store","description":"Bergfabel is on Rendez-Vous store. This Bergfabel Farmer Pants Almond explores the link between modernity and heritage, even in the smallest detail.","robots":{"index":"index","follow":"follow","max-snippet":"max-snippet:-1","max-image-preview":"max-image-preview:large","max-video-preview":"max-video-preview:-1"},"canonical":"https:\/\/rendez-vous-store.com\/fr\/shop\/special-offer-women-rendez-vous-store\/women-trousers-special-offer\/bergfabel-farmer-pants-almond-rendez-vous-store\/","og_locale":"fr_FR","og_type":"article","og_title":"Bergfabel - Farmer Pants Almond - Rendez-Vous Store","og_description":"Bergfabel is on Rendez-Vous store. This Bergfabel Farmer Pants Almond explores the link between modernity and heritage, even in the smallest detail.","og_url":"https:\/\/rendez-vous-store.com\/fr\/shop\/special-offer-women-rendez-vous-store\/women-trousers-special-offer\/bergfabel-farmer-pants-almond-rendez-vous-store\/","og_site_name":"RENDEZ-VOUS STORE","article_modified_time":"2026-03-16T15:46:40+00:00","og_image":[{"width":1696,"height":2560,"url":"https:\/\/rendez-vous-store.com\/app\/uploads\/2024\/01\/pant-cream.webp","type":"image\/webp"}],"twitter_card":"summary_large_image","twitter_misc":{"Est. reading time":"1 minute"},"schema":{"@context":"https:\/\/schema.org","@graph":[{"@type":"WebPage","@id":"https:\/\/rendez-vous-store.com\/shop\/special-offer-women-rendez-vous-store\/women-trousers-special-offer\/bergfabel-farmer-pants-almond-rendez-vous-store\/","url":"https:\/\/rendez-vous-store.com\/shop\/special-offer-women-rendez-vous-store\/women-trousers-special-offer\/bergfabel-farmer-pants-almond-rendez-vous-store\/","name":"Bergfabel - Farmer Pants Almond - Rendez-Vous Store","isPartOf":{"@id":"https:\/\/rendez-vous-store.com\/#website"},"primaryImageOfPage":{"@id":"https:\/\/rendez-vous-store.com\/shop\/special-offer-women-rendez-vous-store\/women-trousers-special-offer\/bergfabel-farmer-pants-almond-rendez-vous-store\/#primaryimage"},"image":{"@id":"https:\/\/rendez-vous-store.com\/shop\/special-offer-women-rendez-vous-store\/women-trousers-special-offer\/bergfabel-farmer-pants-almond-rendez-vous-store\/#primaryimage"},"thumbnailUrl":"https:\/\/rendez-vous-store.com\/app\/uploads\/2024\/01\/pant-cream.webp","datePublished":"2024-01-24T09:59:31+00:00","dateModified":"2026-03-16T15:46:40+00:00","description":"Bergfabel is on Rendez-Vous store. This Bergfabel Farmer Pants Almond explores the link between modernity and heritage, even in the smallest detail.","breadcrumb":{"@id":"https:\/\/rendez-vous-store.com\/shop\/special-offer-women-rendez-vous-store\/women-trousers-special-offer\/bergfabel-farmer-pants-almond-rendez-vous-store\/#breadcrumb"},"inLanguage":"fr-FR","potentialAction":[{"@type":"ReadAction","target":["https:\/\/rendez-vous-store.com\/shop\/special-offer-women-rendez-vous-store\/women-trousers-special-offer\/bergfabel-farmer-pants-almond-rendez-vous-store\/"]}]},{"@type":"ImageObject","inLanguage":"fr-FR","@id":"https:\/\/rendez-vous-store.com\/shop\/special-offer-women-rendez-vous-store\/women-trousers-special-offer\/bergfabel-farmer-pants-almond-rendez-vous-store\/#primaryimage","url":"https:\/\/rendez-vous-store.com\/app\/uploads\/2024\/01\/pant-cream.webp","contentUrl":"https:\/\/rendez-vous-store.com\/app\/uploads\/2024\/01\/pant-cream.webp","width":1696,"height":2560},{"@type":"BreadcrumbList","@id":"https:\/\/rendez-vous-store.com\/shop\/special-offer-women-rendez-vous-store\/women-trousers-special-offer\/bergfabel-farmer-pants-almond-rendez-vous-store\/#breadcrumb","itemListElement":[{"@type":"ListItem","position":1,"name":"Home","item":"https:\/\/rendez-vous-store.com\/"},{"@type":"ListItem","position":2,"name":"Shop","item":"https:\/\/www.rendez-vous-store.com\/shop\/"},{"@type":"ListItem","position":3,"name":"Bergfabel &#8211; Farmer Pants BFWP152\/323 &#8211; Almond"}]},{"@type":"WebSite","@id":"https:\/\/rendez-vous-store.com\/#website","url":"https:\/\/rendez-vous-store.com\/","name":"RENDEZ-VOUS STORE","description":"Slow Fashion for Women and Men","potentialAction":[{"@type":"SearchAction","target":{"@type":"EntryPoint","urlTemplate":"https:\/\/rendez-vous-store.com\/?s={search_term_string}"},"query-input":{"@type":"PropertyValueSpecification","valueRequired":true,"valueName":"search_term_string"}}],"inLanguage":"fr-FR"}]}},"_links":{"self":[{"href":"https:\/\/rendez-vous-store.com\/fr\/wp-json\/wp\/v2\/product\/149370","targetHints":{"allow":["GET"]}}],"collection":[{"href":"https:\/\/rendez-vous-store.com\/fr\/wp-json\/wp\/v2\/product"}],"about":[{"href":"https:\/\/rendez-vous-store.com\/fr\/wp-json\/wp\/v2\/types\/product"}],"wp:featuredmedia":[{"embeddable":true,"href":"https:\/\/rendez-vous-store.com\/fr\/wp-json\/wp\/v2\/media\/151142"}],"wp:attachment":[{"href":"https:\/\/rendez-vous-store.com\/fr\/wp-json\/wp\/v2\/media?parent=149370"}],"wp:term":[{"taxonomy":"product_brand","embeddable":true,"href":"https:\/\/rendez-vous-store.com\/fr\/wp-json\/wp\/v2\/product_brand?post=149370"},{"taxonomy":"product_cat","embeddable":true,"href":"https:\/\/rendez-vous-store.com\/fr\/wp-json\/wp\/v2\/product_cat?post=149370"},{"taxonomy":"product_tag","embeddable":true,"href":"https:\/\/rendez-vous-store.com\/fr\/wp-json\/wp\/v2\/product_tag?post=149370"}],"curies":[{"name":"wp","href":"https:\/\/api.w.org\/{rel}","templated":true}]}}