{"id":149340,"date":"2024-01-24T10:57:01","date_gmt":"2024-01-24T09:57:01","guid":{"rendered":"https:\/\/rendez-vous-store.com\/?post_type=product&#038;p=149340"},"modified":"2026-04-24T13:44:10","modified_gmt":"2026-04-24T11:44:10","slug":"bergfabel-farmer-dress-stripe-rendez-vous-store","status":"publish","type":"product","link":"https:\/\/rendez-vous-store.com\/fr\/shop\/special-offer-women-rendez-vous-store\/women-dress-special-offer-rendez-vous-store\/bergfabel-farmer-dress-stripe-rendez-vous-store\/","title":{"rendered":"Bergfabel - Robe de fermier BFWSK38\/K53 - Rayures"},"content":{"rendered":"<p><strong>Bergfabel Farmer Dress Stripe<\/strong><\/p>\n<p>Couleur : Blanc et rayures bleues<\/p>\n<p>Robe midi surdimensionn\u00e9e<\/p>\n<p>Collier \u00e0 bandes<\/p>\n<p>Poignets boutonn\u00e9s<\/p>\n<p>Fermeture partielle dissimul\u00e9e par un bouton<\/p>\n<p>Poches sur les coutures lat\u00e9rales<\/p>\n<p>Jupe fronc\u00e9e<\/p>\n<p>Composition : 100% Coton<\/p>\n<p>Fabriqu\u00e9 en Italie<\/p>\n<p>Kheira mesure 168cm<\/p>\n<p>Mod\u00e8le taille S<\/p>\n<p>Guide des tailles :<\/p>\n<p>XS = 36(FR) = 40 (IT)<\/p>\n<p>S = 38(FR) = 42 (IT)<\/p>\n<p>M = 40(FR) = 44 (IT)<\/p>\n<p>Mesures :<\/p>\n<p>Taille XS : \u00c9paules : 34cm - Poitrine : 47cm - Manches : 31cm - Longueur : 126cm<\/p>\n<p>Taille S : \u00c9paules : 35cm - Poitrine : 48cm - Manches : 31cm - Longueur : 126cm<\/p>\n<p>&nbsp;<\/p>\n<p>&nbsp;<\/p>\n<p>&nbsp;<\/p>\n<p>&nbsp;<\/p>\n<h4>La marque<\/h4>\n<p>Klaus Plank a fond\u00e9 Bergfabel en 2014, en s'inspirant de la vie rurale alpine. La marque incorpore des \u00e9l\u00e9ments de v\u00eatements autrichiens traditionnels et d'art populaire dans ses collections, cr\u00e9ant ainsi un style distinctif.<\/p>\n<p>L'esth\u00e9tique de Bergfabel m\u00eale des influences minimalistes et romantiques, avec des silhouettes simples, des tissus naturels et un savoir-faire m\u00e9ticuleux. En Autriche, des artisans qualifi\u00e9s fabriquent chaque v\u00eatement en utilisant des techniques traditionnelles, telles que la broderie cousue \u00e0 la main et la dentelle complexe.<\/p>\n<p>En combinant tradition, artisanat et durabilit\u00e9, Bergfabel encourage une approche plus lente et plus consciente de la mode. Elle c\u00e9l\u00e8bre la beaut\u00e9 de la simplicit\u00e9 et la richesse de la culture alpine.<\/p>","protected":false},"excerpt":{"rendered":"<p>Bergfabel Farmer Dress Stripe Color: Stripe Oversized midi dress Banded collar Buttoned cuffs Concealed partial button closure Side seam pockets Gathered skirt Composition: 100% Cotton Made In Italy Kheira is 168cm Model size S Size guide : XS = 36(FR) = 40 (IT) S = 38(FR) = 42 (IT) M = 40(FR) = 44 (IT)&hellip; <a class=\"more-link\" href=\"https:\/\/rendez-vous-store.com\/fr\/shop\/special-offer-women-rendez-vous-store\/women-dress-special-offer-rendez-vous-store\/bergfabel-farmer-dress-stripe-rendez-vous-store\/\">Continuer la lecture <span class=\"screen-reader-text\">Bergfabel - Robe de fermier BFWSK38\/K53 - Rayures<\/span><\/a><\/p>","protected":false},"featured_media":151200,"template":"","meta":{"_acf_changed":false},"product_brand":[],"product_cat":[1291,1337,1335,1138,1164,1140],"product_tag":[],"class_list":{"0":"post-149340","1":"product","2":"type-product","3":"status-publish","4":"has-post-thumbnail","6":"product_cat-sale-30","7":"product_cat-women-dress-special-offer-rendez-vous-store","8":"product_cat-special-offer-women-rendez-vous-store","9":"product_cat-last-pieces-women-rendez-vous-store","10":"product_cat-1164","11":"product_cat-last-pieces-women-dress-rendez-vous-store","12":"entry","14":"first","15":"outofstock","16":"taxable","17":"shipping-taxable","18":"product-type-variable"},"acf":[],"yoast_head":"<!-- This site is optimized with the Yoast SEO plugin v24.9 - https:\/\/yoast.com\/wordpress\/plugins\/seo\/ -->\n<title>Bergfabel - Farmer Dress Stripe - Rendez-Vous Store<\/title>\n<meta name=\"description\" content=\"Bergfabel is on Rendez-Vous store. This Bergfabel Farmer Dress Stripe explores the link between modernity and heritage, even in the smallest detail.\" \/>\n<meta name=\"robots\" content=\"index, follow, max-snippet:-1, max-image-preview:large, max-video-preview:-1\" \/>\n<link rel=\"canonical\" href=\"https:\/\/rendez-vous-store.com\/fr\/shop\/special-offer-women-rendez-vous-store\/women-dress-special-offer-rendez-vous-store\/bergfabel-farmer-dress-stripe-rendez-vous-store\/\" \/>\n<meta property=\"og:locale\" content=\"fr_FR\" \/>\n<meta property=\"og:type\" content=\"article\" \/>\n<meta property=\"og:title\" content=\"Bergfabel - Farmer Dress Stripe - Rendez-Vous Store\" \/>\n<meta property=\"og:description\" content=\"Bergfabel is on Rendez-Vous store. This Bergfabel Farmer Dress Stripe explores the link between modernity and heritage, even in the smallest detail.\" \/>\n<meta property=\"og:url\" content=\"https:\/\/rendez-vous-store.com\/fr\/shop\/special-offer-women-rendez-vous-store\/women-dress-special-offer-rendez-vous-store\/bergfabel-farmer-dress-stripe-rendez-vous-store\/\" \/>\n<meta property=\"og:site_name\" content=\"RENDEZ-VOUS STORE\" \/>\n<meta property=\"article:modified_time\" content=\"2026-04-24T11:44:10+00:00\" \/>\n<meta property=\"og:image\" content=\"https:\/\/rendez-vous-store.com\/app\/uploads\/2024\/01\/robestripe1.webp\" \/>\n\t<meta property=\"og:image:width\" content=\"1696\" \/>\n\t<meta property=\"og:image:height\" content=\"2560\" \/>\n\t<meta property=\"og:image:type\" content=\"image\/webp\" \/>\n<meta name=\"twitter:card\" content=\"summary_large_image\" \/>\n<meta name=\"twitter:label1\" content=\"Est. reading time\" \/>\n\t<meta name=\"twitter:data1\" content=\"1 minute\" \/>\n<script type=\"application\/ld+json\" class=\"yoast-schema-graph\">{\"@context\":\"https:\/\/schema.org\",\"@graph\":[{\"@type\":\"WebPage\",\"@id\":\"https:\/\/rendez-vous-store.com\/shop\/special-offer-women-rendez-vous-store\/women-dress-special-offer-rendez-vous-store\/bergfabel-farmer-dress-stripe-rendez-vous-store\/\",\"url\":\"https:\/\/rendez-vous-store.com\/shop\/special-offer-women-rendez-vous-store\/women-dress-special-offer-rendez-vous-store\/bergfabel-farmer-dress-stripe-rendez-vous-store\/\",\"name\":\"Bergfabel - Farmer Dress Stripe - Rendez-Vous Store\",\"isPartOf\":{\"@id\":\"https:\/\/rendez-vous-store.com\/#website\"},\"primaryImageOfPage\":{\"@id\":\"https:\/\/rendez-vous-store.com\/shop\/special-offer-women-rendez-vous-store\/women-dress-special-offer-rendez-vous-store\/bergfabel-farmer-dress-stripe-rendez-vous-store\/#primaryimage\"},\"image\":{\"@id\":\"https:\/\/rendez-vous-store.com\/shop\/special-offer-women-rendez-vous-store\/women-dress-special-offer-rendez-vous-store\/bergfabel-farmer-dress-stripe-rendez-vous-store\/#primaryimage\"},\"thumbnailUrl\":\"https:\/\/rendez-vous-store.com\/app\/uploads\/2024\/01\/robestripe1.webp\",\"datePublished\":\"2024-01-24T09:57:01+00:00\",\"dateModified\":\"2026-04-24T11:44:10+00:00\",\"description\":\"Bergfabel is on Rendez-Vous store. This Bergfabel Farmer Dress Stripe explores the link between modernity and heritage, even in the smallest detail.\",\"breadcrumb\":{\"@id\":\"https:\/\/rendez-vous-store.com\/shop\/special-offer-women-rendez-vous-store\/women-dress-special-offer-rendez-vous-store\/bergfabel-farmer-dress-stripe-rendez-vous-store\/#breadcrumb\"},\"inLanguage\":\"fr-FR\",\"potentialAction\":[{\"@type\":\"ReadAction\",\"target\":[\"https:\/\/rendez-vous-store.com\/shop\/special-offer-women-rendez-vous-store\/women-dress-special-offer-rendez-vous-store\/bergfabel-farmer-dress-stripe-rendez-vous-store\/\"]}]},{\"@type\":\"ImageObject\",\"inLanguage\":\"fr-FR\",\"@id\":\"https:\/\/rendez-vous-store.com\/shop\/special-offer-women-rendez-vous-store\/women-dress-special-offer-rendez-vous-store\/bergfabel-farmer-dress-stripe-rendez-vous-store\/#primaryimage\",\"url\":\"https:\/\/rendez-vous-store.com\/app\/uploads\/2024\/01\/robestripe1.webp\",\"contentUrl\":\"https:\/\/rendez-vous-store.com\/app\/uploads\/2024\/01\/robestripe1.webp\",\"width\":1696,\"height\":2560},{\"@type\":\"BreadcrumbList\",\"@id\":\"https:\/\/rendez-vous-store.com\/shop\/special-offer-women-rendez-vous-store\/women-dress-special-offer-rendez-vous-store\/bergfabel-farmer-dress-stripe-rendez-vous-store\/#breadcrumb\",\"itemListElement\":[{\"@type\":\"ListItem\",\"position\":1,\"name\":\"Home\",\"item\":\"https:\/\/rendez-vous-store.com\/\"},{\"@type\":\"ListItem\",\"position\":2,\"name\":\"Shop\",\"item\":\"https:\/\/www.rendez-vous-store.com\/shop\/\"},{\"@type\":\"ListItem\",\"position\":3,\"name\":\"Bergfabel &#8211; Farmer Dress BFWSK38\/K53 &#8211; Stripe\"}]},{\"@type\":\"WebSite\",\"@id\":\"https:\/\/rendez-vous-store.com\/#website\",\"url\":\"https:\/\/rendez-vous-store.com\/\",\"name\":\"RENDEZ-VOUS STORE\",\"description\":\"Slow Fashion for Women and Men\",\"potentialAction\":[{\"@type\":\"SearchAction\",\"target\":{\"@type\":\"EntryPoint\",\"urlTemplate\":\"https:\/\/rendez-vous-store.com\/?s={search_term_string}\"},\"query-input\":{\"@type\":\"PropertyValueSpecification\",\"valueRequired\":true,\"valueName\":\"search_term_string\"}}],\"inLanguage\":\"fr-FR\"}]}<\/script>\n<!-- \/ Yoast SEO plugin. -->","yoast_head_json":{"title":"Bergfabel - Farmer Dress Stripe - Rendez-Vous Store","description":"Bergfabel is on Rendez-Vous store. This Bergfabel Farmer Dress Stripe explores the link between modernity and heritage, even in the smallest detail.","robots":{"index":"index","follow":"follow","max-snippet":"max-snippet:-1","max-image-preview":"max-image-preview:large","max-video-preview":"max-video-preview:-1"},"canonical":"https:\/\/rendez-vous-store.com\/fr\/shop\/special-offer-women-rendez-vous-store\/women-dress-special-offer-rendez-vous-store\/bergfabel-farmer-dress-stripe-rendez-vous-store\/","og_locale":"fr_FR","og_type":"article","og_title":"Bergfabel - Farmer Dress Stripe - Rendez-Vous Store","og_description":"Bergfabel is on Rendez-Vous store. This Bergfabel Farmer Dress Stripe explores the link between modernity and heritage, even in the smallest detail.","og_url":"https:\/\/rendez-vous-store.com\/fr\/shop\/special-offer-women-rendez-vous-store\/women-dress-special-offer-rendez-vous-store\/bergfabel-farmer-dress-stripe-rendez-vous-store\/","og_site_name":"RENDEZ-VOUS STORE","article_modified_time":"2026-04-24T11:44:10+00:00","og_image":[{"width":1696,"height":2560,"url":"https:\/\/rendez-vous-store.com\/app\/uploads\/2024\/01\/robestripe1.webp","type":"image\/webp"}],"twitter_card":"summary_large_image","twitter_misc":{"Est. reading time":"1 minute"},"schema":{"@context":"https:\/\/schema.org","@graph":[{"@type":"WebPage","@id":"https:\/\/rendez-vous-store.com\/shop\/special-offer-women-rendez-vous-store\/women-dress-special-offer-rendez-vous-store\/bergfabel-farmer-dress-stripe-rendez-vous-store\/","url":"https:\/\/rendez-vous-store.com\/shop\/special-offer-women-rendez-vous-store\/women-dress-special-offer-rendez-vous-store\/bergfabel-farmer-dress-stripe-rendez-vous-store\/","name":"Bergfabel - Farmer Dress Stripe - Rendez-Vous Store","isPartOf":{"@id":"https:\/\/rendez-vous-store.com\/#website"},"primaryImageOfPage":{"@id":"https:\/\/rendez-vous-store.com\/shop\/special-offer-women-rendez-vous-store\/women-dress-special-offer-rendez-vous-store\/bergfabel-farmer-dress-stripe-rendez-vous-store\/#primaryimage"},"image":{"@id":"https:\/\/rendez-vous-store.com\/shop\/special-offer-women-rendez-vous-store\/women-dress-special-offer-rendez-vous-store\/bergfabel-farmer-dress-stripe-rendez-vous-store\/#primaryimage"},"thumbnailUrl":"https:\/\/rendez-vous-store.com\/app\/uploads\/2024\/01\/robestripe1.webp","datePublished":"2024-01-24T09:57:01+00:00","dateModified":"2026-04-24T11:44:10+00:00","description":"Bergfabel is on Rendez-Vous store. This Bergfabel Farmer Dress Stripe explores the link between modernity and heritage, even in the smallest detail.","breadcrumb":{"@id":"https:\/\/rendez-vous-store.com\/shop\/special-offer-women-rendez-vous-store\/women-dress-special-offer-rendez-vous-store\/bergfabel-farmer-dress-stripe-rendez-vous-store\/#breadcrumb"},"inLanguage":"fr-FR","potentialAction":[{"@type":"ReadAction","target":["https:\/\/rendez-vous-store.com\/shop\/special-offer-women-rendez-vous-store\/women-dress-special-offer-rendez-vous-store\/bergfabel-farmer-dress-stripe-rendez-vous-store\/"]}]},{"@type":"ImageObject","inLanguage":"fr-FR","@id":"https:\/\/rendez-vous-store.com\/shop\/special-offer-women-rendez-vous-store\/women-dress-special-offer-rendez-vous-store\/bergfabel-farmer-dress-stripe-rendez-vous-store\/#primaryimage","url":"https:\/\/rendez-vous-store.com\/app\/uploads\/2024\/01\/robestripe1.webp","contentUrl":"https:\/\/rendez-vous-store.com\/app\/uploads\/2024\/01\/robestripe1.webp","width":1696,"height":2560},{"@type":"BreadcrumbList","@id":"https:\/\/rendez-vous-store.com\/shop\/special-offer-women-rendez-vous-store\/women-dress-special-offer-rendez-vous-store\/bergfabel-farmer-dress-stripe-rendez-vous-store\/#breadcrumb","itemListElement":[{"@type":"ListItem","position":1,"name":"Home","item":"https:\/\/rendez-vous-store.com\/"},{"@type":"ListItem","position":2,"name":"Shop","item":"https:\/\/www.rendez-vous-store.com\/shop\/"},{"@type":"ListItem","position":3,"name":"Bergfabel &#8211; Farmer Dress BFWSK38\/K53 &#8211; Stripe"}]},{"@type":"WebSite","@id":"https:\/\/rendez-vous-store.com\/#website","url":"https:\/\/rendez-vous-store.com\/","name":"RENDEZ-VOUS STORE","description":"Slow Fashion for Women and Men","potentialAction":[{"@type":"SearchAction","target":{"@type":"EntryPoint","urlTemplate":"https:\/\/rendez-vous-store.com\/?s={search_term_string}"},"query-input":{"@type":"PropertyValueSpecification","valueRequired":true,"valueName":"search_term_string"}}],"inLanguage":"fr-FR"}]}},"_links":{"self":[{"href":"https:\/\/rendez-vous-store.com\/fr\/wp-json\/wp\/v2\/product\/149340","targetHints":{"allow":["GET"]}}],"collection":[{"href":"https:\/\/rendez-vous-store.com\/fr\/wp-json\/wp\/v2\/product"}],"about":[{"href":"https:\/\/rendez-vous-store.com\/fr\/wp-json\/wp\/v2\/types\/product"}],"wp:featuredmedia":[{"embeddable":true,"href":"https:\/\/rendez-vous-store.com\/fr\/wp-json\/wp\/v2\/media\/151200"}],"wp:attachment":[{"href":"https:\/\/rendez-vous-store.com\/fr\/wp-json\/wp\/v2\/media?parent=149340"}],"wp:term":[{"taxonomy":"product_brand","embeddable":true,"href":"https:\/\/rendez-vous-store.com\/fr\/wp-json\/wp\/v2\/product_brand?post=149340"},{"taxonomy":"product_cat","embeddable":true,"href":"https:\/\/rendez-vous-store.com\/fr\/wp-json\/wp\/v2\/product_cat?post=149340"},{"taxonomy":"product_tag","embeddable":true,"href":"https:\/\/rendez-vous-store.com\/fr\/wp-json\/wp\/v2\/product_tag?post=149340"}],"curies":[{"name":"wp","href":"https:\/\/api.w.org\/{rel}","templated":true}]}}