{"id":149278,"date":"2024-01-24T10:29:11","date_gmt":"2024-01-24T09:29:11","guid":{"rendered":"https:\/\/rendez-vous-store.com\/?post_type=product&#038;p=149278"},"modified":"2026-03-16T16:45:37","modified_gmt":"2026-03-16T15:45:37","slug":"bergfabel-easy-pants-carbon-rendez-vous-store","status":"publish","type":"product","link":"https:\/\/rendez-vous-store.com\/fr\/shop\/last-pieces-men\/last-pieces-men-trousers-shorts-rendez-vous-store\/bergfabel-easy-pants-carbon-rendez-vous-store\/","title":{"rendered":"Bergfabel - Pantalon Easy BFMP45\/320 - Carbone"},"content":{"rendered":"<p><strong>Bergfabel Easy Pants Carbon<\/strong><\/p>\n<p>Couleur : Carbone<\/p>\n<p>Taille \u00e9lastique<\/p>\n<p>Deux poches lat\u00e9rales<\/p>\n<p>Composition : 55% Lin - 45% Coton<\/p>\n<p>Doublure : 100% Coton<\/p>\n<p>Fabriqu\u00e9 en Italie<\/p>\n<p>Massyl mesure 180cm<\/p>\n<p>Mod\u00e8le taille L<\/p>\n<p>Guide des tailles :<\/p>\n<p>M = 46(FR) = 50 (IT)<\/p>\n<p>L = 48(FR) = 52 (IT)<\/p>\n<p>&nbsp;<\/p>\n<p>&nbsp;<\/p>\n<p>&nbsp;<\/p>\n<h4>La marque<\/h4>\n<p>Klaus Plank a fond\u00e9 Bergfabel en 2014, en s'inspirant de la vie rurale alpine. La marque incorpore des \u00e9l\u00e9ments de v\u00eatements autrichiens traditionnels et d'art populaire dans ses collections, cr\u00e9ant ainsi un style distinctif.<\/p>\n<p>L'esth\u00e9tique de Bergfabel m\u00eale des influences minimalistes et romantiques, avec des silhouettes simples, des tissus naturels et un savoir-faire m\u00e9ticuleux. En Autriche, des artisans qualifi\u00e9s fabriquent chaque v\u00eatement en utilisant des techniques traditionnelles, telles que la broderie cousue \u00e0 la main et la dentelle complexe.<\/p>\n<p>En combinant tradition, artisanat et durabilit\u00e9, Bergfabel encourage une approche plus lente et plus consciente de la mode. Elle c\u00e9l\u00e8bre la beaut\u00e9 de la simplicit\u00e9 et la richesse de la culture alpine.<\/p>","protected":false},"excerpt":{"rendered":"<p>Bergfabel Easy Pants Carbon Color: Carbon Elastic Waist Two side Pockets Composition: 55% Linen &#8211; 45% Cotton Lining: 100% Cotton Made In Italy Massyl is 180cm Model size L Size guide : M = 46(FR) = 50 (IT) L = 48(FR) = 52 (IT) &nbsp; &nbsp; &nbsp; The Brand Klaus Plank founded Bergfabel in 2014,&hellip; <a class=\"more-link\" href=\"https:\/\/rendez-vous-store.com\/fr\/shop\/last-pieces-men\/last-pieces-men-trousers-shorts-rendez-vous-store\/bergfabel-easy-pants-carbon-rendez-vous-store\/\">Continue reading <span class=\"screen-reader-text\">Bergfabel - Pantalon Easy BFMP45\/320 - Carbone<\/span><\/a><\/p>","protected":false},"featured_media":151932,"template":"","meta":{"_acf_changed":false},"product_brand":[],"product_cat":[1137,1165,1154],"product_tag":[],"class_list":{"0":"post-149278","1":"product","2":"type-product","3":"status-publish","4":"has-post-thumbnail","6":"product_cat-last-pieces-men","7":"product_cat-40-last-pieces-men","8":"product_cat-last-pieces-men-trousers-shorts-rendez-vous-store","9":"entry","11":"first","12":"outofstock","13":"taxable","14":"shipping-taxable","15":"product-type-variable"},"acf":[],"yoast_head":"<!-- This site is optimized with the Yoast SEO plugin v24.9 - https:\/\/yoast.com\/wordpress\/plugins\/seo\/ -->\n<title>Bergfabel - Easy Pants Carbon - Rendez-Vous Store<\/title>\n<meta name=\"description\" content=\"Bergfabel is on Rendez-Vous store. This Bergfabel Easy Pants Carbon explores the link between modernity and heritage, even in the smallest detail.\" \/>\n<meta name=\"robots\" content=\"index, follow, max-snippet:-1, max-image-preview:large, max-video-preview:-1\" \/>\n<link rel=\"canonical\" href=\"https:\/\/rendez-vous-store.com\/fr\/shop\/last-pieces-men\/last-pieces-men-trousers-shorts-rendez-vous-store\/bergfabel-easy-pants-carbon-rendez-vous-store\/\" \/>\n<meta property=\"og:locale\" content=\"fr_FR\" \/>\n<meta property=\"og:type\" content=\"article\" \/>\n<meta property=\"og:title\" content=\"Bergfabel - Easy Pants Carbon - Rendez-Vous Store\" \/>\n<meta property=\"og:description\" content=\"Bergfabel is on Rendez-Vous store. This Bergfabel Easy Pants Carbon explores the link between modernity and heritage, even in the smallest detail.\" \/>\n<meta property=\"og:url\" content=\"https:\/\/rendez-vous-store.com\/fr\/shop\/last-pieces-men\/last-pieces-men-trousers-shorts-rendez-vous-store\/bergfabel-easy-pants-carbon-rendez-vous-store\/\" \/>\n<meta property=\"og:site_name\" content=\"RENDEZ-VOUS STORE\" \/>\n<meta property=\"article:modified_time\" content=\"2026-03-16T15:45:37+00:00\" \/>\n<meta property=\"og:image\" content=\"https:\/\/rendez-vous-store.com\/wp-content\/uploads\/2024\/01\/rdv_men_63-scaled.webp\" \/>\n\t<meta property=\"og:image:width\" content=\"1696\" \/>\n\t<meta property=\"og:image:height\" content=\"2560\" \/>\n\t<meta property=\"og:image:type\" content=\"image\/webp\" \/>\n<meta name=\"twitter:card\" content=\"summary_large_image\" \/>\n<meta name=\"twitter:label1\" content=\"Est. reading time\" \/>\n\t<meta name=\"twitter:data1\" content=\"1 minute\" \/>\n<script type=\"application\/ld+json\" class=\"yoast-schema-graph\">{\"@context\":\"https:\/\/schema.org\",\"@graph\":[{\"@type\":\"WebPage\",\"@id\":\"https:\/\/rendez-vous-store.com\/shop\/last-pieces-men\/last-pieces-men-trousers-shorts-rendez-vous-store\/bergfabel-easy-pants-carbon-rendez-vous-store\/\",\"url\":\"https:\/\/rendez-vous-store.com\/shop\/last-pieces-men\/last-pieces-men-trousers-shorts-rendez-vous-store\/bergfabel-easy-pants-carbon-rendez-vous-store\/\",\"name\":\"Bergfabel - Easy Pants Carbon - Rendez-Vous Store\",\"isPartOf\":{\"@id\":\"https:\/\/rendez-vous-store.com\/#website\"},\"primaryImageOfPage\":{\"@id\":\"https:\/\/rendez-vous-store.com\/shop\/last-pieces-men\/last-pieces-men-trousers-shorts-rendez-vous-store\/bergfabel-easy-pants-carbon-rendez-vous-store\/#primaryimage\"},\"image\":{\"@id\":\"https:\/\/rendez-vous-store.com\/shop\/last-pieces-men\/last-pieces-men-trousers-shorts-rendez-vous-store\/bergfabel-easy-pants-carbon-rendez-vous-store\/#primaryimage\"},\"thumbnailUrl\":\"https:\/\/rendez-vous-store.com\/app\/uploads\/2024\/01\/rdv_men_63-scaled.webp\",\"datePublished\":\"2024-01-24T09:29:11+00:00\",\"dateModified\":\"2026-03-16T15:45:37+00:00\",\"description\":\"Bergfabel is on Rendez-Vous store. This Bergfabel Easy Pants Carbon explores the link between modernity and heritage, even in the smallest detail.\",\"breadcrumb\":{\"@id\":\"https:\/\/rendez-vous-store.com\/shop\/last-pieces-men\/last-pieces-men-trousers-shorts-rendez-vous-store\/bergfabel-easy-pants-carbon-rendez-vous-store\/#breadcrumb\"},\"inLanguage\":\"fr-FR\",\"potentialAction\":[{\"@type\":\"ReadAction\",\"target\":[\"https:\/\/rendez-vous-store.com\/shop\/last-pieces-men\/last-pieces-men-trousers-shorts-rendez-vous-store\/bergfabel-easy-pants-carbon-rendez-vous-store\/\"]}]},{\"@type\":\"ImageObject\",\"inLanguage\":\"fr-FR\",\"@id\":\"https:\/\/rendez-vous-store.com\/shop\/last-pieces-men\/last-pieces-men-trousers-shorts-rendez-vous-store\/bergfabel-easy-pants-carbon-rendez-vous-store\/#primaryimage\",\"url\":\"https:\/\/rendez-vous-store.com\/app\/uploads\/2024\/01\/rdv_men_63-scaled.webp\",\"contentUrl\":\"https:\/\/rendez-vous-store.com\/app\/uploads\/2024\/01\/rdv_men_63-scaled.webp\",\"width\":1696,\"height\":2560,\"caption\":\"Bergfabel - Easy Pants BFMP45\/320 - Carbon\"},{\"@type\":\"BreadcrumbList\",\"@id\":\"https:\/\/rendez-vous-store.com\/shop\/last-pieces-men\/last-pieces-men-trousers-shorts-rendez-vous-store\/bergfabel-easy-pants-carbon-rendez-vous-store\/#breadcrumb\",\"itemListElement\":[{\"@type\":\"ListItem\",\"position\":1,\"name\":\"Home\",\"item\":\"https:\/\/rendez-vous-store.com\/\"},{\"@type\":\"ListItem\",\"position\":2,\"name\":\"Shop\",\"item\":\"https:\/\/www.rendez-vous-store.com\/shop\/\"},{\"@type\":\"ListItem\",\"position\":3,\"name\":\"Bergfabel &#8211; Easy Pants BFMP45\/320 &#8211; Carbon\"}]},{\"@type\":\"WebSite\",\"@id\":\"https:\/\/rendez-vous-store.com\/#website\",\"url\":\"https:\/\/rendez-vous-store.com\/\",\"name\":\"RENDEZ-VOUS STORE\",\"description\":\"Slow Fashion for Women and Men\",\"potentialAction\":[{\"@type\":\"SearchAction\",\"target\":{\"@type\":\"EntryPoint\",\"urlTemplate\":\"https:\/\/rendez-vous-store.com\/?s={search_term_string}\"},\"query-input\":{\"@type\":\"PropertyValueSpecification\",\"valueRequired\":true,\"valueName\":\"search_term_string\"}}],\"inLanguage\":\"fr-FR\"}]}<\/script>\n<!-- \/ Yoast SEO plugin. -->","yoast_head_json":{"title":"Bergfabel - Easy Pants Carbon - Rendez-Vous Store","description":"Bergfabel is on Rendez-Vous store. This Bergfabel Easy Pants Carbon explores the link between modernity and heritage, even in the smallest detail.","robots":{"index":"index","follow":"follow","max-snippet":"max-snippet:-1","max-image-preview":"max-image-preview:large","max-video-preview":"max-video-preview:-1"},"canonical":"https:\/\/rendez-vous-store.com\/fr\/shop\/last-pieces-men\/last-pieces-men-trousers-shorts-rendez-vous-store\/bergfabel-easy-pants-carbon-rendez-vous-store\/","og_locale":"fr_FR","og_type":"article","og_title":"Bergfabel - Easy Pants Carbon - Rendez-Vous Store","og_description":"Bergfabel is on Rendez-Vous store. This Bergfabel Easy Pants Carbon explores the link between modernity and heritage, even in the smallest detail.","og_url":"https:\/\/rendez-vous-store.com\/fr\/shop\/last-pieces-men\/last-pieces-men-trousers-shorts-rendez-vous-store\/bergfabel-easy-pants-carbon-rendez-vous-store\/","og_site_name":"RENDEZ-VOUS STORE","article_modified_time":"2026-03-16T15:45:37+00:00","og_image":[{"width":1696,"height":2560,"url":"https:\/\/rendez-vous-store.com\/wp-content\/uploads\/2024\/01\/rdv_men_63-scaled.webp","type":"image\/webp"}],"twitter_card":"summary_large_image","twitter_misc":{"Est. reading time":"1 minute"},"schema":{"@context":"https:\/\/schema.org","@graph":[{"@type":"WebPage","@id":"https:\/\/rendez-vous-store.com\/shop\/last-pieces-men\/last-pieces-men-trousers-shorts-rendez-vous-store\/bergfabel-easy-pants-carbon-rendez-vous-store\/","url":"https:\/\/rendez-vous-store.com\/shop\/last-pieces-men\/last-pieces-men-trousers-shorts-rendez-vous-store\/bergfabel-easy-pants-carbon-rendez-vous-store\/","name":"Bergfabel - Easy Pants Carbon - Rendez-Vous Store","isPartOf":{"@id":"https:\/\/rendez-vous-store.com\/#website"},"primaryImageOfPage":{"@id":"https:\/\/rendez-vous-store.com\/shop\/last-pieces-men\/last-pieces-men-trousers-shorts-rendez-vous-store\/bergfabel-easy-pants-carbon-rendez-vous-store\/#primaryimage"},"image":{"@id":"https:\/\/rendez-vous-store.com\/shop\/last-pieces-men\/last-pieces-men-trousers-shorts-rendez-vous-store\/bergfabel-easy-pants-carbon-rendez-vous-store\/#primaryimage"},"thumbnailUrl":"https:\/\/rendez-vous-store.com\/app\/uploads\/2024\/01\/rdv_men_63-scaled.webp","datePublished":"2024-01-24T09:29:11+00:00","dateModified":"2026-03-16T15:45:37+00:00","description":"Bergfabel is on Rendez-Vous store. This Bergfabel Easy Pants Carbon explores the link between modernity and heritage, even in the smallest detail.","breadcrumb":{"@id":"https:\/\/rendez-vous-store.com\/shop\/last-pieces-men\/last-pieces-men-trousers-shorts-rendez-vous-store\/bergfabel-easy-pants-carbon-rendez-vous-store\/#breadcrumb"},"inLanguage":"fr-FR","potentialAction":[{"@type":"ReadAction","target":["https:\/\/rendez-vous-store.com\/shop\/last-pieces-men\/last-pieces-men-trousers-shorts-rendez-vous-store\/bergfabel-easy-pants-carbon-rendez-vous-store\/"]}]},{"@type":"ImageObject","inLanguage":"fr-FR","@id":"https:\/\/rendez-vous-store.com\/shop\/last-pieces-men\/last-pieces-men-trousers-shorts-rendez-vous-store\/bergfabel-easy-pants-carbon-rendez-vous-store\/#primaryimage","url":"https:\/\/rendez-vous-store.com\/app\/uploads\/2024\/01\/rdv_men_63-scaled.webp","contentUrl":"https:\/\/rendez-vous-store.com\/app\/uploads\/2024\/01\/rdv_men_63-scaled.webp","width":1696,"height":2560,"caption":"Bergfabel - Easy Pants BFMP45\/320 - Carbon"},{"@type":"BreadcrumbList","@id":"https:\/\/rendez-vous-store.com\/shop\/last-pieces-men\/last-pieces-men-trousers-shorts-rendez-vous-store\/bergfabel-easy-pants-carbon-rendez-vous-store\/#breadcrumb","itemListElement":[{"@type":"ListItem","position":1,"name":"Home","item":"https:\/\/rendez-vous-store.com\/"},{"@type":"ListItem","position":2,"name":"Shop","item":"https:\/\/www.rendez-vous-store.com\/shop\/"},{"@type":"ListItem","position":3,"name":"Bergfabel &#8211; Easy Pants BFMP45\/320 &#8211; Carbon"}]},{"@type":"WebSite","@id":"https:\/\/rendez-vous-store.com\/#website","url":"https:\/\/rendez-vous-store.com\/","name":"RENDEZ-VOUS STORE","description":"Slow Fashion for Women and Men","potentialAction":[{"@type":"SearchAction","target":{"@type":"EntryPoint","urlTemplate":"https:\/\/rendez-vous-store.com\/?s={search_term_string}"},"query-input":{"@type":"PropertyValueSpecification","valueRequired":true,"valueName":"search_term_string"}}],"inLanguage":"fr-FR"}]}},"_links":{"self":[{"href":"https:\/\/rendez-vous-store.com\/fr\/wp-json\/wp\/v2\/product\/149278","targetHints":{"allow":["GET"]}}],"collection":[{"href":"https:\/\/rendez-vous-store.com\/fr\/wp-json\/wp\/v2\/product"}],"about":[{"href":"https:\/\/rendez-vous-store.com\/fr\/wp-json\/wp\/v2\/types\/product"}],"wp:featuredmedia":[{"embeddable":true,"href":"https:\/\/rendez-vous-store.com\/fr\/wp-json\/wp\/v2\/media\/151932"}],"wp:attachment":[{"href":"https:\/\/rendez-vous-store.com\/fr\/wp-json\/wp\/v2\/media?parent=149278"}],"wp:term":[{"taxonomy":"product_brand","embeddable":true,"href":"https:\/\/rendez-vous-store.com\/fr\/wp-json\/wp\/v2\/product_brand?post=149278"},{"taxonomy":"product_cat","embeddable":true,"href":"https:\/\/rendez-vous-store.com\/fr\/wp-json\/wp\/v2\/product_cat?post=149278"},{"taxonomy":"product_tag","embeddable":true,"href":"https:\/\/rendez-vous-store.com\/fr\/wp-json\/wp\/v2\/product_tag?post=149278"}],"curies":[{"name":"wp","href":"https:\/\/api.w.org\/{rel}","templated":true}]}}