{"id":147833,"date":"2024-01-10T10:44:05","date_gmt":"2024-01-10T09:44:05","guid":{"rendered":"https:\/\/rendez-vous-store.com\/?post_type=product&#038;p=147833"},"modified":"2026-03-16T16:41:43","modified_gmt":"2026-03-16T15:41:43","slug":"apuntob-coat-p1827-ts764-denim-rendez-vous-store","status":"publish","type":"product","link":"https:\/\/rendez-vous-store.com\/fr\/shop\/last-pieces-women-rendez-vous-store\/last-pieces-coat-jacket-rendez-vous-store\/apuntob-coat-p1827-ts764-denim-rendez-vous-store\/","title":{"rendered":"ApuntoB - Manteau P1827\/TS764 - Denim"},"content":{"rendered":"<p><strong>Manteau Apuntob P1827\/TS764 Denim<\/strong><\/p>\n<p>Couleur : Denim<\/p>\n<p>\u00c9paules tombantes<\/p>\n<p>Capuche<\/p>\n<p>Fermeture par bouton<\/p>\n<p>Coupe ample<\/p>\n<p>Poches lat\u00e9rales<\/p>\n<p>Composition : 72<span style=\"background-color: var(--global--color-background); color: var(--global--color-primary); font-family: var(--global--font-secondary); font-size: var(--global--font-size-base);\">% Coton - 20% Lin - 8% M\u00e9tal<\/span><\/p>\n<p>Fabriqu\u00e9 en Italie<\/p>\n<p>Ma\u00e9va mesure 168 cm<\/p>\n<p>Taille du mod\u00e8le : S<\/p>\n<p><strong>Mesures<\/strong><\/p>\n<p>Taille S : Epaules 82cm - Poitrine 80cm - Cou jusqu'au poignet 71cm - Longueur 101cm<\/p>\n<p>&nbsp;<\/p>\n<p>&nbsp;<\/p>\n<h4>La marque<\/h4>\n<p>L'essence de l'\u00e9l\u00e9gance italienne se retrouve chez ApuntoB, une marque r\u00e9put\u00e9e pour ses cr\u00e9ations intemporelles. Fond\u00e9e sur le principe que les v\u00eatements sont le reflet du style de vie et de l'identit\u00e9 de chacun, ApuntoB confectionne m\u00e9ticuleusement chaque pi\u00e8ce pour qu'elle incarne la simplicit\u00e9 et la sophistication.<\/p>\n<p>Au c\u0153ur de la philosophie d'ApuntoB se trouve un engagement ancr\u00e9 en faveur de la qualit\u00e9 et de l'artisanat. La qu\u00eate de perfection transpara\u00eet dans l\u2019exploration continue des mati\u00e8res et des silhouettes, ainsi que dans le soin minutieux accord\u00e9 \u00e0 chaque d\u00e9tail. \u00c0 chaque point de couture, ApuntoB s'efforce de cr\u00e9er des v\u00eatements qui transcendent les tendances \u00e9ph\u00e9m\u00e8res, offrant un style durable et une grande polyvalence.<\/p>","protected":false},"excerpt":{"rendered":"<p>Apuntob Coat P1827\/TS764 Denim Color: Denim Dropped Shoulders Hooded Button Closure Loose Fit Side Pockets Composition: 72% Cotton &#8211; 20% Linen &#8211; 8% Metal Made in Italy Ma\u00e9va is 168cm tall Model size: S Measurements Size S: Shoulders 82cm &#8211; Chest 80cm &#8211; Neck to cuff 71cm &#8211; Length 101cm &nbsp; &nbsp; The Brand Embrace&hellip; <a class=\"more-link\" href=\"https:\/\/rendez-vous-store.com\/fr\/shop\/last-pieces-women-rendez-vous-store\/last-pieces-coat-jacket-rendez-vous-store\/apuntob-coat-p1827-ts764-denim-rendez-vous-store\/\">Continue reading <span class=\"screen-reader-text\">ApuntoB - Manteau P1827\/TS764 - Denim<\/span><\/a><\/p>","protected":false},"featured_media":148470,"template":"","meta":{"_acf_changed":false},"product_brand":[],"product_cat":[1271,1138,1139],"product_tag":[],"class_list":{"0":"post-147833","1":"product","2":"type-product","3":"status-publish","4":"has-post-thumbnail","6":"product_cat-1271","7":"product_cat-last-pieces-women-rendez-vous-store","8":"product_cat-last-pieces-coat-jacket-rendez-vous-store","9":"entry","11":"first","12":"outofstock","13":"taxable","14":"shipping-taxable","15":"product-type-variable"},"acf":[],"yoast_head":"<!-- This site is optimized with the Yoast SEO plugin v24.9 - https:\/\/yoast.com\/wordpress\/plugins\/seo\/ -->\n<title>Apuntob Coat P1827\/TS764 Denim<\/title>\n<meta name=\"description\" content=\"This ApuntoB Coat P1827\/TS764 Denim is characterized by the endless research for beautiful shapes, fabrics and cuts by the brand.\" \/>\n<meta name=\"robots\" content=\"index, follow, max-snippet:-1, max-image-preview:large, max-video-preview:-1\" \/>\n<link rel=\"canonical\" href=\"https:\/\/rendez-vous-store.com\/fr\/shop\/last-pieces-women-rendez-vous-store\/last-pieces-coat-jacket-rendez-vous-store\/apuntob-coat-p1827-ts764-denim-rendez-vous-store\/\" \/>\n<meta property=\"og:locale\" content=\"fr_FR\" \/>\n<meta property=\"og:type\" content=\"article\" \/>\n<meta property=\"og:title\" content=\"Apuntob Coat P1827\/TS764 Denim\" \/>\n<meta property=\"og:description\" content=\"This ApuntoB Coat P1827\/TS764 Denim is characterized by the endless research for beautiful shapes, fabrics and cuts by the brand.\" \/>\n<meta property=\"og:url\" content=\"https:\/\/rendez-vous-store.com\/fr\/shop\/last-pieces-women-rendez-vous-store\/last-pieces-coat-jacket-rendez-vous-store\/apuntob-coat-p1827-ts764-denim-rendez-vous-store\/\" \/>\n<meta property=\"og:site_name\" content=\"RENDEZ-VOUS STORE\" \/>\n<meta property=\"article:modified_time\" content=\"2026-03-16T15:41:43+00:00\" \/>\n<meta property=\"og:image\" content=\"https:\/\/rendez-vous-store.com\/wp-content\/uploads\/2024\/01\/IMG_6089-copie-scaled.jpg\" \/>\n\t<meta property=\"og:image:width\" content=\"1707\" \/>\n\t<meta property=\"og:image:height\" content=\"2560\" \/>\n\t<meta property=\"og:image:type\" content=\"image\/jpeg\" \/>\n<meta name=\"twitter:card\" content=\"summary_large_image\" \/>\n<meta name=\"twitter:label1\" content=\"Est. reading time\" \/>\n\t<meta name=\"twitter:data1\" content=\"1 minute\" \/>\n<script type=\"application\/ld+json\" class=\"yoast-schema-graph\">{\"@context\":\"https:\/\/schema.org\",\"@graph\":[{\"@type\":\"WebPage\",\"@id\":\"https:\/\/rendez-vous-store.com\/shop\/last-pieces-women-rendez-vous-store\/last-pieces-coat-jacket-rendez-vous-store\/apuntob-coat-p1827-ts764-denim-rendez-vous-store\/\",\"url\":\"https:\/\/rendez-vous-store.com\/shop\/last-pieces-women-rendez-vous-store\/last-pieces-coat-jacket-rendez-vous-store\/apuntob-coat-p1827-ts764-denim-rendez-vous-store\/\",\"name\":\"Apuntob Coat P1827\/TS764 Denim\",\"isPartOf\":{\"@id\":\"https:\/\/rendez-vous-store.com\/#website\"},\"primaryImageOfPage\":{\"@id\":\"https:\/\/rendez-vous-store.com\/shop\/last-pieces-women-rendez-vous-store\/last-pieces-coat-jacket-rendez-vous-store\/apuntob-coat-p1827-ts764-denim-rendez-vous-store\/#primaryimage\"},\"image\":{\"@id\":\"https:\/\/rendez-vous-store.com\/shop\/last-pieces-women-rendez-vous-store\/last-pieces-coat-jacket-rendez-vous-store\/apuntob-coat-p1827-ts764-denim-rendez-vous-store\/#primaryimage\"},\"thumbnailUrl\":\"https:\/\/rendez-vous-store.com\/app\/uploads\/2024\/01\/IMG_6089-copie-scaled.jpg\",\"datePublished\":\"2024-01-10T09:44:05+00:00\",\"dateModified\":\"2026-03-16T15:41:43+00:00\",\"description\":\"This ApuntoB Coat P1827\/TS764 Denim is characterized by the endless research for beautiful shapes, fabrics and cuts by the brand.\",\"breadcrumb\":{\"@id\":\"https:\/\/rendez-vous-store.com\/shop\/last-pieces-women-rendez-vous-store\/last-pieces-coat-jacket-rendez-vous-store\/apuntob-coat-p1827-ts764-denim-rendez-vous-store\/#breadcrumb\"},\"inLanguage\":\"fr-FR\",\"potentialAction\":[{\"@type\":\"ReadAction\",\"target\":[\"https:\/\/rendez-vous-store.com\/shop\/last-pieces-women-rendez-vous-store\/last-pieces-coat-jacket-rendez-vous-store\/apuntob-coat-p1827-ts764-denim-rendez-vous-store\/\"]}]},{\"@type\":\"ImageObject\",\"inLanguage\":\"fr-FR\",\"@id\":\"https:\/\/rendez-vous-store.com\/shop\/last-pieces-women-rendez-vous-store\/last-pieces-coat-jacket-rendez-vous-store\/apuntob-coat-p1827-ts764-denim-rendez-vous-store\/#primaryimage\",\"url\":\"https:\/\/rendez-vous-store.com\/app\/uploads\/2024\/01\/IMG_6089-copie-scaled.jpg\",\"contentUrl\":\"https:\/\/rendez-vous-store.com\/app\/uploads\/2024\/01\/IMG_6089-copie-scaled.jpg\",\"width\":1707,\"height\":2560},{\"@type\":\"BreadcrumbList\",\"@id\":\"https:\/\/rendez-vous-store.com\/shop\/last-pieces-women-rendez-vous-store\/last-pieces-coat-jacket-rendez-vous-store\/apuntob-coat-p1827-ts764-denim-rendez-vous-store\/#breadcrumb\",\"itemListElement\":[{\"@type\":\"ListItem\",\"position\":1,\"name\":\"Home\",\"item\":\"https:\/\/rendez-vous-store.com\/\"},{\"@type\":\"ListItem\",\"position\":2,\"name\":\"Shop\",\"item\":\"https:\/\/www.rendez-vous-store.com\/shop\/\"},{\"@type\":\"ListItem\",\"position\":3,\"name\":\"ApuntoB &#8211; Coat P1827\/TS764 &#8211; Denim\"}]},{\"@type\":\"WebSite\",\"@id\":\"https:\/\/rendez-vous-store.com\/#website\",\"url\":\"https:\/\/rendez-vous-store.com\/\",\"name\":\"RENDEZ-VOUS STORE\",\"description\":\"Slow Fashion for Women and Men\",\"potentialAction\":[{\"@type\":\"SearchAction\",\"target\":{\"@type\":\"EntryPoint\",\"urlTemplate\":\"https:\/\/rendez-vous-store.com\/?s={search_term_string}\"},\"query-input\":{\"@type\":\"PropertyValueSpecification\",\"valueRequired\":true,\"valueName\":\"search_term_string\"}}],\"inLanguage\":\"fr-FR\"}]}<\/script>\n<!-- \/ Yoast SEO plugin. -->","yoast_head_json":{"title":"Apuntob Coat P1827\/TS764 Denim","description":"This ApuntoB Coat P1827\/TS764 Denim is characterized by the endless research for beautiful shapes, fabrics and cuts by the brand.","robots":{"index":"index","follow":"follow","max-snippet":"max-snippet:-1","max-image-preview":"max-image-preview:large","max-video-preview":"max-video-preview:-1"},"canonical":"https:\/\/rendez-vous-store.com\/fr\/shop\/last-pieces-women-rendez-vous-store\/last-pieces-coat-jacket-rendez-vous-store\/apuntob-coat-p1827-ts764-denim-rendez-vous-store\/","og_locale":"fr_FR","og_type":"article","og_title":"Apuntob Coat P1827\/TS764 Denim","og_description":"This ApuntoB Coat P1827\/TS764 Denim is characterized by the endless research for beautiful shapes, fabrics and cuts by the brand.","og_url":"https:\/\/rendez-vous-store.com\/fr\/shop\/last-pieces-women-rendez-vous-store\/last-pieces-coat-jacket-rendez-vous-store\/apuntob-coat-p1827-ts764-denim-rendez-vous-store\/","og_site_name":"RENDEZ-VOUS STORE","article_modified_time":"2026-03-16T15:41:43+00:00","og_image":[{"width":1707,"height":2560,"url":"https:\/\/rendez-vous-store.com\/wp-content\/uploads\/2024\/01\/IMG_6089-copie-scaled.jpg","type":"image\/jpeg"}],"twitter_card":"summary_large_image","twitter_misc":{"Est. reading time":"1 minute"},"schema":{"@context":"https:\/\/schema.org","@graph":[{"@type":"WebPage","@id":"https:\/\/rendez-vous-store.com\/shop\/last-pieces-women-rendez-vous-store\/last-pieces-coat-jacket-rendez-vous-store\/apuntob-coat-p1827-ts764-denim-rendez-vous-store\/","url":"https:\/\/rendez-vous-store.com\/shop\/last-pieces-women-rendez-vous-store\/last-pieces-coat-jacket-rendez-vous-store\/apuntob-coat-p1827-ts764-denim-rendez-vous-store\/","name":"Apuntob Coat P1827\/TS764 Denim","isPartOf":{"@id":"https:\/\/rendez-vous-store.com\/#website"},"primaryImageOfPage":{"@id":"https:\/\/rendez-vous-store.com\/shop\/last-pieces-women-rendez-vous-store\/last-pieces-coat-jacket-rendez-vous-store\/apuntob-coat-p1827-ts764-denim-rendez-vous-store\/#primaryimage"},"image":{"@id":"https:\/\/rendez-vous-store.com\/shop\/last-pieces-women-rendez-vous-store\/last-pieces-coat-jacket-rendez-vous-store\/apuntob-coat-p1827-ts764-denim-rendez-vous-store\/#primaryimage"},"thumbnailUrl":"https:\/\/rendez-vous-store.com\/app\/uploads\/2024\/01\/IMG_6089-copie-scaled.jpg","datePublished":"2024-01-10T09:44:05+00:00","dateModified":"2026-03-16T15:41:43+00:00","description":"This ApuntoB Coat P1827\/TS764 Denim is characterized by the endless research for beautiful shapes, fabrics and cuts by the brand.","breadcrumb":{"@id":"https:\/\/rendez-vous-store.com\/shop\/last-pieces-women-rendez-vous-store\/last-pieces-coat-jacket-rendez-vous-store\/apuntob-coat-p1827-ts764-denim-rendez-vous-store\/#breadcrumb"},"inLanguage":"fr-FR","potentialAction":[{"@type":"ReadAction","target":["https:\/\/rendez-vous-store.com\/shop\/last-pieces-women-rendez-vous-store\/last-pieces-coat-jacket-rendez-vous-store\/apuntob-coat-p1827-ts764-denim-rendez-vous-store\/"]}]},{"@type":"ImageObject","inLanguage":"fr-FR","@id":"https:\/\/rendez-vous-store.com\/shop\/last-pieces-women-rendez-vous-store\/last-pieces-coat-jacket-rendez-vous-store\/apuntob-coat-p1827-ts764-denim-rendez-vous-store\/#primaryimage","url":"https:\/\/rendez-vous-store.com\/app\/uploads\/2024\/01\/IMG_6089-copie-scaled.jpg","contentUrl":"https:\/\/rendez-vous-store.com\/app\/uploads\/2024\/01\/IMG_6089-copie-scaled.jpg","width":1707,"height":2560},{"@type":"BreadcrumbList","@id":"https:\/\/rendez-vous-store.com\/shop\/last-pieces-women-rendez-vous-store\/last-pieces-coat-jacket-rendez-vous-store\/apuntob-coat-p1827-ts764-denim-rendez-vous-store\/#breadcrumb","itemListElement":[{"@type":"ListItem","position":1,"name":"Home","item":"https:\/\/rendez-vous-store.com\/"},{"@type":"ListItem","position":2,"name":"Shop","item":"https:\/\/www.rendez-vous-store.com\/shop\/"},{"@type":"ListItem","position":3,"name":"ApuntoB &#8211; Coat P1827\/TS764 &#8211; Denim"}]},{"@type":"WebSite","@id":"https:\/\/rendez-vous-store.com\/#website","url":"https:\/\/rendez-vous-store.com\/","name":"RENDEZ-VOUS STORE","description":"Slow Fashion for Women and Men","potentialAction":[{"@type":"SearchAction","target":{"@type":"EntryPoint","urlTemplate":"https:\/\/rendez-vous-store.com\/?s={search_term_string}"},"query-input":{"@type":"PropertyValueSpecification","valueRequired":true,"valueName":"search_term_string"}}],"inLanguage":"fr-FR"}]}},"_links":{"self":[{"href":"https:\/\/rendez-vous-store.com\/fr\/wp-json\/wp\/v2\/product\/147833","targetHints":{"allow":["GET"]}}],"collection":[{"href":"https:\/\/rendez-vous-store.com\/fr\/wp-json\/wp\/v2\/product"}],"about":[{"href":"https:\/\/rendez-vous-store.com\/fr\/wp-json\/wp\/v2\/types\/product"}],"wp:featuredmedia":[{"embeddable":true,"href":"https:\/\/rendez-vous-store.com\/fr\/wp-json\/wp\/v2\/media\/148470"}],"wp:attachment":[{"href":"https:\/\/rendez-vous-store.com\/fr\/wp-json\/wp\/v2\/media?parent=147833"}],"wp:term":[{"taxonomy":"product_brand","embeddable":true,"href":"https:\/\/rendez-vous-store.com\/fr\/wp-json\/wp\/v2\/product_brand?post=147833"},{"taxonomy":"product_cat","embeddable":true,"href":"https:\/\/rendez-vous-store.com\/fr\/wp-json\/wp\/v2\/product_cat?post=147833"},{"taxonomy":"product_tag","embeddable":true,"href":"https:\/\/rendez-vous-store.com\/fr\/wp-json\/wp\/v2\/product_tag?post=147833"}],"curies":[{"name":"wp","href":"https:\/\/api.w.org\/{rel}","templated":true}]}}