{"id":146489,"date":"2023-12-22T13:02:30","date_gmt":"2023-12-22T12:02:30","guid":{"rendered":"https:\/\/rendez-vous-store.com\/?post_type=product&#038;p=146489"},"modified":"2026-03-16T16:34:36","modified_gmt":"2026-03-16T15:34:36","slug":"konrad-lily-312-blossoms-rendez-vous-store","status":"publish","type":"product","link":"https:\/\/rendez-vous-store.com\/fr\/shop\/special-offer-women-rendez-vous-store\/women-coat-jacket-special-offer-rendez-vous-store\/konrad-lily-312-blossoms-rendez-vous-store\/","title":{"rendered":"Konrad - Lys - 312 fleurs"},"content":{"rendered":"<p><strong>Konrad Lily 312 Blossoms<\/strong><\/p>\n<p>Couleur : 312 Blossoms<\/p>\n<p>\u00c9paules tombantes<\/p>\n<p>Manches longues<\/p>\n<p>Coupe d\u00e9contract\u00e9e<\/p>\n<p>R\u00e9versible<\/p>\n<p>Taille ajustable avec cordon de serrage<\/p>\n<p>Composition : Rembourrage : 51% Cachemire recycl\u00e9 - 45% Polyester recycl\u00e9 - 4% Laine recycl\u00e9e<\/p>\n<p>Tissu ext\u00e9rieur : 100% Polyamide recycl\u00e9<\/p>\n<p>Doublure : 100% Polyamide recycl\u00e9<\/p>\n<p>Fabriqu\u00e9 en Allemagne<\/p>\n<p dir=\"ltr\">Ma\u00e9va mesure 168 cm<\/p>\n<p dir=\"ltr\">Taille du mod\u00e8le : S<\/p>\n<p dir=\"ltr\">\n<p><strong>La marque<\/strong><\/p>\n<div>\n<div>\n<p>KONRAD a \u00e9t\u00e9 cr\u00e9\u00e9 par Konrad Huber. Cette marque munichoise associe des imprim\u00e9s audacieux et color\u00e9s \u00e0 des mod\u00e8les intemporels.<\/p>\n<p>La marque donne la priorit\u00e9 aux mat\u00e9riaux durables et \u00e0 l'artisanat de haute qualit\u00e9. Elle est aliment\u00e9e par la passion, l'imagination, l'\u00e9thique et le soutien de personnes importantes. Ces personnes poussent le designer \u00e0 prendre des risques et \u00e0 explorer de nouvelles directions. Leurs contributions constantes inspirent \u00e0 la fois sa vie quotidienne et son processus de cr\u00e9ation. Il consid\u00e8re ses cr\u00e9ations comme un voyage permanent, \u00e9voluant par chapitres plut\u00f4t que par collections, o\u00f9 chaque nouvelle id\u00e9e vient enrichir son univers personnel.<\/p>\n<p>La marque allie tradition, innovation et fantaisie et peut \u00eatre port\u00e9e tout au long de l'ann\u00e9e et ne conna\u00eet pas les saisons.<\/p>\n<\/div>\n<\/div>","protected":false},"excerpt":{"rendered":"<p>Konrad Lily 312 Blossoms Color: 312 Blossoms Dropped Shoulders Long Sleeves Relaxed Fit Reversible Adjustable Waist With Drawcord Composition: Padding: 51% Recycled Cashmere &#8211; 45% Recycled Polyester &#8211; 4% Recycled Wool Shell Fabric: 100% Recycled Polyamid Linning: 100% Recycled Polyamid Made In Germany Ma\u00e9va is 168cm tall Model Size: S The Brand KONRAD was created&hellip; <a class=\"more-link\" href=\"https:\/\/rendez-vous-store.com\/fr\/shop\/special-offer-women-rendez-vous-store\/women-coat-jacket-special-offer-rendez-vous-store\/konrad-lily-312-blossoms-rendez-vous-store\/\">Continuer la lecture <span class=\"screen-reader-text\">Konrad - Lys - 312 fleurs<\/span><\/a><\/p>","protected":false},"featured_media":146654,"template":"","meta":{"_acf_changed":false},"product_brand":[],"product_cat":[1292,1336,1335,1138,1139],"product_tag":[],"class_list":{"0":"post-146489","1":"product","2":"type-product","3":"status-publish","4":"has-post-thumbnail","6":"product_cat-1292","7":"product_cat-women-coat-jacket-special-offer-rendez-vous-store","8":"product_cat-special-offer-women-rendez-vous-store","9":"product_cat-last-pieces-women-rendez-vous-store","10":"product_cat-last-pieces-coat-jacket-rendez-vous-store","11":"entry","13":"first","14":"outofstock","15":"taxable","16":"shipping-taxable","17":"product-type-variable","18":"has-default-attributes"},"acf":[],"yoast_head":"<!-- This site is optimized with the Yoast SEO plugin v24.9 - https:\/\/yoast.com\/wordpress\/plugins\/seo\/ -->\n<title>Konrad - Lily 312 Blossoms - Rendez-Vous Store<\/title>\n<meta name=\"description\" content=\"Konrad is on Rendez-Vous Store. This Konrad Lily 312 Blossoms represents contemporary fashion pieces that seamlessly blend sophistication and comfort.\" \/>\n<meta name=\"robots\" content=\"index, follow, max-snippet:-1, max-image-preview:large, max-video-preview:-1\" \/>\n<link rel=\"canonical\" href=\"https:\/\/rendez-vous-store.com\/fr\/shop\/special-offer-women-rendez-vous-store\/women-coat-jacket-special-offer-rendez-vous-store\/konrad-lily-312-blossoms-rendez-vous-store\/\" \/>\n<meta property=\"og:locale\" content=\"fr_FR\" \/>\n<meta property=\"og:type\" content=\"article\" \/>\n<meta property=\"og:title\" content=\"Konrad - Lily 312 Blossoms - Rendez-Vous Store\" \/>\n<meta property=\"og:description\" content=\"Konrad is on Rendez-Vous Store. This Konrad Lily 312 Blossoms represents contemporary fashion pieces that seamlessly blend sophistication and comfort.\" \/>\n<meta property=\"og:url\" content=\"https:\/\/rendez-vous-store.com\/fr\/shop\/special-offer-women-rendez-vous-store\/women-coat-jacket-special-offer-rendez-vous-store\/konrad-lily-312-blossoms-rendez-vous-store\/\" \/>\n<meta property=\"og:site_name\" content=\"RENDEZ-VOUS STORE\" \/>\n<meta property=\"article:modified_time\" content=\"2026-03-16T15:34:36+00:00\" \/>\n<meta property=\"og:image\" content=\"https:\/\/rendez-vous-store.com\/wp-content\/uploads\/2023\/12\/IMG_4844-min-scaled.webp\" \/>\n\t<meta property=\"og:image:width\" content=\"1707\" \/>\n\t<meta property=\"og:image:height\" content=\"2560\" \/>\n\t<meta property=\"og:image:type\" content=\"image\/webp\" \/>\n<meta name=\"twitter:card\" content=\"summary_large_image\" \/>\n<meta name=\"twitter:label1\" content=\"Est. reading time\" \/>\n\t<meta name=\"twitter:data1\" content=\"1 minute\" \/>\n<script type=\"application\/ld+json\" class=\"yoast-schema-graph\">{\"@context\":\"https:\/\/schema.org\",\"@graph\":[{\"@type\":\"WebPage\",\"@id\":\"https:\/\/rendez-vous-store.com\/shop\/special-offer-women-rendez-vous-store\/women-coat-jacket-special-offer-rendez-vous-store\/konrad-lily-312-blossoms-rendez-vous-store\/\",\"url\":\"https:\/\/rendez-vous-store.com\/shop\/special-offer-women-rendez-vous-store\/women-coat-jacket-special-offer-rendez-vous-store\/konrad-lily-312-blossoms-rendez-vous-store\/\",\"name\":\"Konrad - Lily 312 Blossoms - Rendez-Vous Store\",\"isPartOf\":{\"@id\":\"https:\/\/rendez-vous-store.com\/#website\"},\"primaryImageOfPage\":{\"@id\":\"https:\/\/rendez-vous-store.com\/shop\/special-offer-women-rendez-vous-store\/women-coat-jacket-special-offer-rendez-vous-store\/konrad-lily-312-blossoms-rendez-vous-store\/#primaryimage\"},\"image\":{\"@id\":\"https:\/\/rendez-vous-store.com\/shop\/special-offer-women-rendez-vous-store\/women-coat-jacket-special-offer-rendez-vous-store\/konrad-lily-312-blossoms-rendez-vous-store\/#primaryimage\"},\"thumbnailUrl\":\"https:\/\/rendez-vous-store.com\/app\/uploads\/2023\/12\/IMG_4844-min-scaled.webp\",\"datePublished\":\"2023-12-22T12:02:30+00:00\",\"dateModified\":\"2026-03-16T15:34:36+00:00\",\"description\":\"Konrad is on Rendez-Vous Store. This Konrad Lily 312 Blossoms represents contemporary fashion pieces that seamlessly blend sophistication and comfort.\",\"breadcrumb\":{\"@id\":\"https:\/\/rendez-vous-store.com\/shop\/special-offer-women-rendez-vous-store\/women-coat-jacket-special-offer-rendez-vous-store\/konrad-lily-312-blossoms-rendez-vous-store\/#breadcrumb\"},\"inLanguage\":\"fr-FR\",\"potentialAction\":[{\"@type\":\"ReadAction\",\"target\":[\"https:\/\/rendez-vous-store.com\/shop\/special-offer-women-rendez-vous-store\/women-coat-jacket-special-offer-rendez-vous-store\/konrad-lily-312-blossoms-rendez-vous-store\/\"]}]},{\"@type\":\"ImageObject\",\"inLanguage\":\"fr-FR\",\"@id\":\"https:\/\/rendez-vous-store.com\/shop\/special-offer-women-rendez-vous-store\/women-coat-jacket-special-offer-rendez-vous-store\/konrad-lily-312-blossoms-rendez-vous-store\/#primaryimage\",\"url\":\"https:\/\/rendez-vous-store.com\/app\/uploads\/2023\/12\/IMG_4844-min-scaled.webp\",\"contentUrl\":\"https:\/\/rendez-vous-store.com\/app\/uploads\/2023\/12\/IMG_4844-min-scaled.webp\",\"width\":1707,\"height\":2560},{\"@type\":\"BreadcrumbList\",\"@id\":\"https:\/\/rendez-vous-store.com\/shop\/special-offer-women-rendez-vous-store\/women-coat-jacket-special-offer-rendez-vous-store\/konrad-lily-312-blossoms-rendez-vous-store\/#breadcrumb\",\"itemListElement\":[{\"@type\":\"ListItem\",\"position\":1,\"name\":\"Home\",\"item\":\"https:\/\/rendez-vous-store.com\/\"},{\"@type\":\"ListItem\",\"position\":2,\"name\":\"Shop\",\"item\":\"https:\/\/www.rendez-vous-store.com\/shop\/\"},{\"@type\":\"ListItem\",\"position\":3,\"name\":\"Konrad &#8211; Lily &#8211; 312 Blossoms\"}]},{\"@type\":\"WebSite\",\"@id\":\"https:\/\/rendez-vous-store.com\/#website\",\"url\":\"https:\/\/rendez-vous-store.com\/\",\"name\":\"RENDEZ-VOUS STORE\",\"description\":\"Slow Fashion for Women and Men\",\"potentialAction\":[{\"@type\":\"SearchAction\",\"target\":{\"@type\":\"EntryPoint\",\"urlTemplate\":\"https:\/\/rendez-vous-store.com\/?s={search_term_string}\"},\"query-input\":{\"@type\":\"PropertyValueSpecification\",\"valueRequired\":true,\"valueName\":\"search_term_string\"}}],\"inLanguage\":\"fr-FR\"}]}<\/script>\n<!-- \/ Yoast SEO plugin. -->","yoast_head_json":{"title":"Konrad - Lily 312 Blossoms - Rendez-Vous Store","description":"Konrad is on Rendez-Vous Store. This Konrad Lily 312 Blossoms represents contemporary fashion pieces that seamlessly blend sophistication and comfort.","robots":{"index":"index","follow":"follow","max-snippet":"max-snippet:-1","max-image-preview":"max-image-preview:large","max-video-preview":"max-video-preview:-1"},"canonical":"https:\/\/rendez-vous-store.com\/fr\/shop\/special-offer-women-rendez-vous-store\/women-coat-jacket-special-offer-rendez-vous-store\/konrad-lily-312-blossoms-rendez-vous-store\/","og_locale":"fr_FR","og_type":"article","og_title":"Konrad - Lily 312 Blossoms - Rendez-Vous Store","og_description":"Konrad is on Rendez-Vous Store. This Konrad Lily 312 Blossoms represents contemporary fashion pieces that seamlessly blend sophistication and comfort.","og_url":"https:\/\/rendez-vous-store.com\/fr\/shop\/special-offer-women-rendez-vous-store\/women-coat-jacket-special-offer-rendez-vous-store\/konrad-lily-312-blossoms-rendez-vous-store\/","og_site_name":"RENDEZ-VOUS STORE","article_modified_time":"2026-03-16T15:34:36+00:00","og_image":[{"width":1707,"height":2560,"url":"https:\/\/rendez-vous-store.com\/wp-content\/uploads\/2023\/12\/IMG_4844-min-scaled.webp","type":"image\/webp"}],"twitter_card":"summary_large_image","twitter_misc":{"Est. reading time":"1 minute"},"schema":{"@context":"https:\/\/schema.org","@graph":[{"@type":"WebPage","@id":"https:\/\/rendez-vous-store.com\/shop\/special-offer-women-rendez-vous-store\/women-coat-jacket-special-offer-rendez-vous-store\/konrad-lily-312-blossoms-rendez-vous-store\/","url":"https:\/\/rendez-vous-store.com\/shop\/special-offer-women-rendez-vous-store\/women-coat-jacket-special-offer-rendez-vous-store\/konrad-lily-312-blossoms-rendez-vous-store\/","name":"Konrad - Lily 312 Blossoms - Rendez-Vous Store","isPartOf":{"@id":"https:\/\/rendez-vous-store.com\/#website"},"primaryImageOfPage":{"@id":"https:\/\/rendez-vous-store.com\/shop\/special-offer-women-rendez-vous-store\/women-coat-jacket-special-offer-rendez-vous-store\/konrad-lily-312-blossoms-rendez-vous-store\/#primaryimage"},"image":{"@id":"https:\/\/rendez-vous-store.com\/shop\/special-offer-women-rendez-vous-store\/women-coat-jacket-special-offer-rendez-vous-store\/konrad-lily-312-blossoms-rendez-vous-store\/#primaryimage"},"thumbnailUrl":"https:\/\/rendez-vous-store.com\/app\/uploads\/2023\/12\/IMG_4844-min-scaled.webp","datePublished":"2023-12-22T12:02:30+00:00","dateModified":"2026-03-16T15:34:36+00:00","description":"Konrad is on Rendez-Vous Store. This Konrad Lily 312 Blossoms represents contemporary fashion pieces that seamlessly blend sophistication and comfort.","breadcrumb":{"@id":"https:\/\/rendez-vous-store.com\/shop\/special-offer-women-rendez-vous-store\/women-coat-jacket-special-offer-rendez-vous-store\/konrad-lily-312-blossoms-rendez-vous-store\/#breadcrumb"},"inLanguage":"fr-FR","potentialAction":[{"@type":"ReadAction","target":["https:\/\/rendez-vous-store.com\/shop\/special-offer-women-rendez-vous-store\/women-coat-jacket-special-offer-rendez-vous-store\/konrad-lily-312-blossoms-rendez-vous-store\/"]}]},{"@type":"ImageObject","inLanguage":"fr-FR","@id":"https:\/\/rendez-vous-store.com\/shop\/special-offer-women-rendez-vous-store\/women-coat-jacket-special-offer-rendez-vous-store\/konrad-lily-312-blossoms-rendez-vous-store\/#primaryimage","url":"https:\/\/rendez-vous-store.com\/app\/uploads\/2023\/12\/IMG_4844-min-scaled.webp","contentUrl":"https:\/\/rendez-vous-store.com\/app\/uploads\/2023\/12\/IMG_4844-min-scaled.webp","width":1707,"height":2560},{"@type":"BreadcrumbList","@id":"https:\/\/rendez-vous-store.com\/shop\/special-offer-women-rendez-vous-store\/women-coat-jacket-special-offer-rendez-vous-store\/konrad-lily-312-blossoms-rendez-vous-store\/#breadcrumb","itemListElement":[{"@type":"ListItem","position":1,"name":"Home","item":"https:\/\/rendez-vous-store.com\/"},{"@type":"ListItem","position":2,"name":"Shop","item":"https:\/\/www.rendez-vous-store.com\/shop\/"},{"@type":"ListItem","position":3,"name":"Konrad &#8211; Lily &#8211; 312 Blossoms"}]},{"@type":"WebSite","@id":"https:\/\/rendez-vous-store.com\/#website","url":"https:\/\/rendez-vous-store.com\/","name":"RENDEZ-VOUS STORE","description":"Slow Fashion for Women and Men","potentialAction":[{"@type":"SearchAction","target":{"@type":"EntryPoint","urlTemplate":"https:\/\/rendez-vous-store.com\/?s={search_term_string}"},"query-input":{"@type":"PropertyValueSpecification","valueRequired":true,"valueName":"search_term_string"}}],"inLanguage":"fr-FR"}]}},"_links":{"self":[{"href":"https:\/\/rendez-vous-store.com\/fr\/wp-json\/wp\/v2\/product\/146489","targetHints":{"allow":["GET"]}}],"collection":[{"href":"https:\/\/rendez-vous-store.com\/fr\/wp-json\/wp\/v2\/product"}],"about":[{"href":"https:\/\/rendez-vous-store.com\/fr\/wp-json\/wp\/v2\/types\/product"}],"wp:featuredmedia":[{"embeddable":true,"href":"https:\/\/rendez-vous-store.com\/fr\/wp-json\/wp\/v2\/media\/146654"}],"wp:attachment":[{"href":"https:\/\/rendez-vous-store.com\/fr\/wp-json\/wp\/v2\/media?parent=146489"}],"wp:term":[{"taxonomy":"product_brand","embeddable":true,"href":"https:\/\/rendez-vous-store.com\/fr\/wp-json\/wp\/v2\/product_brand?post=146489"},{"taxonomy":"product_cat","embeddable":true,"href":"https:\/\/rendez-vous-store.com\/fr\/wp-json\/wp\/v2\/product_cat?post=146489"},{"taxonomy":"product_tag","embeddable":true,"href":"https:\/\/rendez-vous-store.com\/fr\/wp-json\/wp\/v2\/product_tag?post=146489"}],"curies":[{"name":"wp","href":"https:\/\/api.w.org\/{rel}","templated":true}]}}