{"id":146271,"date":"2023-12-20T11:30:31","date_gmt":"2023-12-20T10:30:31","guid":{"rendered":"https:\/\/rendez-vous-store.com\/?post_type=product&#038;p=146271"},"modified":"2026-03-16T14:28:56","modified_gmt":"2026-03-16T13:28:56","slug":"batoner-men-cashmere-fox-crew-neck-black-rendez-vous-store","status":"publish","type":"product","link":"https:\/\/rendez-vous-store.com\/fr\/shop\/men-selection-discover-our-selection-rendez-vous-store\/knitwears-discover-our-selection-rendez-vous-store\/batoner-men-cashmere-fox-crew-neck-black-rendez-vous-store\/","title":{"rendered":"Batoner &#8211; Men Cashmere Fox Crew Neck 23AW-09 &#8211; Black"},"content":{"rendered":"<p><strong>Batoner Men Cashmere Fox Crew Neck Black<\/strong><\/p>\n<p>Couleur : Noir<\/p>\n<p>Col ras du cou<\/p>\n<p>Bords c\u00f4tel\u00e9s<\/p>\n<p>Composition : 100% Cachemire<\/p>\n<p>Fluffy texture<\/p>\n<p>Coupe d\u00e9contract\u00e9e<\/p>\n<p>&nbsp;<\/p>\n<p><strong>La marque<\/strong><\/p>\n<p>En 2013, la marque de tricots Batoner a vu le jour dans la ville de Sagae. OKUYAMA MERIYASU, une entreprise renomm\u00e9e de la ville de Sagae, connue pour \u00eatre un centre de production de tricots, a fond\u00e9 la marque.<\/p>\n<p>Batoner produisait autrefois des tricots pour diverses marques et fabricants de v\u00eatements. Aujourd'hui, l'entreprise prend en charge l'ensemble du processus, de l'approvisionnement en mati\u00e8res premi\u00e8res \u00e0 la fabrication des produits finis, en maintenant une qualit\u00e9 exceptionnelle et en les distribuant dans le monde entier. Batoner s'engage \u00e0 cr\u00e9er des mod\u00e8les intemporels et des pi\u00e8ces de haute qualit\u00e9 que les g\u00e9n\u00e9rations futures pourront ch\u00e9rir.<\/p>","protected":false},"excerpt":{"rendered":"<p>Batoner Men Cashmere Fox Crew Neck Black Color: Black Crew Neck Ribbed Edges Composition: 100% Cashmere Fluffy texture Relaxed fit &nbsp; The brand In 2013, the knitwear brand Batoner emerged in Sagae City. OKUYAMA MERIYASU, a renowned company in Sagae City, known as a hub for knitwear production, founded the brand. Batoner once produced knitwear&hellip; <a class=\"more-link\" href=\"https:\/\/rendez-vous-store.com\/fr\/shop\/men-selection-discover-our-selection-rendez-vous-store\/knitwears-discover-our-selection-rendez-vous-store\/batoner-men-cashmere-fox-crew-neck-black-rendez-vous-store\/\">Continue reading <span class=\"screen-reader-text\">Batoner &#8211; Men Cashmere Fox Crew Neck 23AW-09 &#8211; Black<\/span><\/a><\/p>","protected":false},"featured_media":146686,"template":"","meta":{"_acf_changed":false},"product_brand":[],"product_cat":[291,20],"product_tag":[297],"class_list":{"0":"post-146271","1":"product","2":"type-product","3":"status-publish","4":"has-post-thumbnail","6":"product_cat-knitwears-discover-our-selection-rendez-vous-store","7":"product_cat-men-selection-discover-our-selection-rendez-vous-store","8":"product_tag-batoner","9":"entry","11":"first","12":"outofstock","13":"taxable","14":"shipping-taxable","15":"product-type-variable"},"acf":[],"yoast_head":"<!-- This site is optimized with the Yoast SEO plugin v24.9 - https:\/\/yoast.com\/wordpress\/plugins\/seo\/ -->\n<title>Batoner Men Cashmere Fox Crew Neck Black<\/title>\n<meta name=\"description\" content=\"Batoner is on Rendez-Vous Store. This Batoner Cashmere Fox Crew Neck Black is a fusion of raw and natural materials, ensuring longevity and timelessness.\" \/>\n<meta name=\"robots\" content=\"index, follow, max-snippet:-1, max-image-preview:large, max-video-preview:-1\" \/>\n<link rel=\"canonical\" href=\"https:\/\/rendez-vous-store.com\/fr\/shop\/men-selection-discover-our-selection-rendez-vous-store\/knitwears-discover-our-selection-rendez-vous-store\/batoner-men-cashmere-fox-crew-neck-black-rendez-vous-store\/\" \/>\n<meta property=\"og:locale\" content=\"fr_FR\" \/>\n<meta property=\"og:type\" content=\"article\" \/>\n<meta property=\"og:title\" content=\"Batoner Men Cashmere Fox Crew Neck Black\" \/>\n<meta property=\"og:description\" content=\"Batoner is on Rendez-Vous Store. This Batoner Cashmere Fox Crew Neck Black is a fusion of raw and natural materials, ensuring longevity and timelessness.\" \/>\n<meta property=\"og:url\" content=\"https:\/\/rendez-vous-store.com\/fr\/shop\/men-selection-discover-our-selection-rendez-vous-store\/knitwears-discover-our-selection-rendez-vous-store\/batoner-men-cashmere-fox-crew-neck-black-rendez-vous-store\/\" \/>\n<meta property=\"og:site_name\" content=\"RENDEZ-VOUS STORE\" \/>\n<meta property=\"article:modified_time\" content=\"2026-03-16T13:28:56+00:00\" \/>\n<meta property=\"og:image\" content=\"https:\/\/rendez-vous-store.com\/wp-content\/uploads\/2023\/12\/rdv_batoner_01-scaled.webp\" \/>\n\t<meta property=\"og:image:width\" content=\"1696\" \/>\n\t<meta property=\"og:image:height\" content=\"2560\" \/>\n\t<meta property=\"og:image:type\" content=\"image\/webp\" \/>\n<meta name=\"twitter:card\" content=\"summary_large_image\" \/>\n<meta name=\"twitter:label1\" content=\"Est. reading time\" \/>\n\t<meta name=\"twitter:data1\" content=\"1 minute\" \/>\n<script type=\"application\/ld+json\" class=\"yoast-schema-graph\">{\"@context\":\"https:\/\/schema.org\",\"@graph\":[{\"@type\":\"WebPage\",\"@id\":\"https:\/\/rendez-vous-store.com\/shop\/men-selection-discover-our-selection-rendez-vous-store\/knitwears-discover-our-selection-rendez-vous-store\/batoner-men-cashmere-fox-crew-neck-black-rendez-vous-store\/\",\"url\":\"https:\/\/rendez-vous-store.com\/shop\/men-selection-discover-our-selection-rendez-vous-store\/knitwears-discover-our-selection-rendez-vous-store\/batoner-men-cashmere-fox-crew-neck-black-rendez-vous-store\/\",\"name\":\"Batoner Men Cashmere Fox Crew Neck Black\",\"isPartOf\":{\"@id\":\"https:\/\/rendez-vous-store.com\/#website\"},\"primaryImageOfPage\":{\"@id\":\"https:\/\/rendez-vous-store.com\/shop\/men-selection-discover-our-selection-rendez-vous-store\/knitwears-discover-our-selection-rendez-vous-store\/batoner-men-cashmere-fox-crew-neck-black-rendez-vous-store\/#primaryimage\"},\"image\":{\"@id\":\"https:\/\/rendez-vous-store.com\/shop\/men-selection-discover-our-selection-rendez-vous-store\/knitwears-discover-our-selection-rendez-vous-store\/batoner-men-cashmere-fox-crew-neck-black-rendez-vous-store\/#primaryimage\"},\"thumbnailUrl\":\"https:\/\/rendez-vous-store.com\/app\/uploads\/2023\/12\/rdv_batoner_01-scaled.webp\",\"datePublished\":\"2023-12-20T10:30:31+00:00\",\"dateModified\":\"2026-03-16T13:28:56+00:00\",\"description\":\"Batoner is on Rendez-Vous Store. This Batoner Cashmere Fox Crew Neck Black is a fusion of raw and natural materials, ensuring longevity and timelessness.\",\"breadcrumb\":{\"@id\":\"https:\/\/rendez-vous-store.com\/shop\/men-selection-discover-our-selection-rendez-vous-store\/knitwears-discover-our-selection-rendez-vous-store\/batoner-men-cashmere-fox-crew-neck-black-rendez-vous-store\/#breadcrumb\"},\"inLanguage\":\"fr-FR\",\"potentialAction\":[{\"@type\":\"ReadAction\",\"target\":[\"https:\/\/rendez-vous-store.com\/shop\/men-selection-discover-our-selection-rendez-vous-store\/knitwears-discover-our-selection-rendez-vous-store\/batoner-men-cashmere-fox-crew-neck-black-rendez-vous-store\/\"]}]},{\"@type\":\"ImageObject\",\"inLanguage\":\"fr-FR\",\"@id\":\"https:\/\/rendez-vous-store.com\/shop\/men-selection-discover-our-selection-rendez-vous-store\/knitwears-discover-our-selection-rendez-vous-store\/batoner-men-cashmere-fox-crew-neck-black-rendez-vous-store\/#primaryimage\",\"url\":\"https:\/\/rendez-vous-store.com\/app\/uploads\/2023\/12\/rdv_batoner_01-scaled.webp\",\"contentUrl\":\"https:\/\/rendez-vous-store.com\/app\/uploads\/2023\/12\/rdv_batoner_01-scaled.webp\",\"width\":1696,\"height\":2560,\"caption\":\"Batoner - Men Cashmere Fox Crew Neck 23AW-09 - Black\"},{\"@type\":\"BreadcrumbList\",\"@id\":\"https:\/\/rendez-vous-store.com\/shop\/men-selection-discover-our-selection-rendez-vous-store\/knitwears-discover-our-selection-rendez-vous-store\/batoner-men-cashmere-fox-crew-neck-black-rendez-vous-store\/#breadcrumb\",\"itemListElement\":[{\"@type\":\"ListItem\",\"position\":1,\"name\":\"Home\",\"item\":\"https:\/\/rendez-vous-store.com\/\"},{\"@type\":\"ListItem\",\"position\":2,\"name\":\"Shop\",\"item\":\"https:\/\/www.rendez-vous-store.com\/shop\/\"},{\"@type\":\"ListItem\",\"position\":3,\"name\":\"Batoner &#8211; Men Cashmere Fox Crew Neck 23AW-09 &#8211; Black\"}]},{\"@type\":\"WebSite\",\"@id\":\"https:\/\/rendez-vous-store.com\/#website\",\"url\":\"https:\/\/rendez-vous-store.com\/\",\"name\":\"RENDEZ-VOUS STORE\",\"description\":\"Slow Fashion for Women and Men\",\"potentialAction\":[{\"@type\":\"SearchAction\",\"target\":{\"@type\":\"EntryPoint\",\"urlTemplate\":\"https:\/\/rendez-vous-store.com\/?s={search_term_string}\"},\"query-input\":{\"@type\":\"PropertyValueSpecification\",\"valueRequired\":true,\"valueName\":\"search_term_string\"}}],\"inLanguage\":\"fr-FR\"}]}<\/script>\n<!-- \/ Yoast SEO plugin. -->","yoast_head_json":{"title":"Batoner Men Cashmere Fox Crew Neck Black","description":"Batoner is on Rendez-Vous Store. This Batoner Cashmere Fox Crew Neck Black is a fusion of raw and natural materials, ensuring longevity and timelessness.","robots":{"index":"index","follow":"follow","max-snippet":"max-snippet:-1","max-image-preview":"max-image-preview:large","max-video-preview":"max-video-preview:-1"},"canonical":"https:\/\/rendez-vous-store.com\/fr\/shop\/men-selection-discover-our-selection-rendez-vous-store\/knitwears-discover-our-selection-rendez-vous-store\/batoner-men-cashmere-fox-crew-neck-black-rendez-vous-store\/","og_locale":"fr_FR","og_type":"article","og_title":"Batoner Men Cashmere Fox Crew Neck Black","og_description":"Batoner is on Rendez-Vous Store. This Batoner Cashmere Fox Crew Neck Black is a fusion of raw and natural materials, ensuring longevity and timelessness.","og_url":"https:\/\/rendez-vous-store.com\/fr\/shop\/men-selection-discover-our-selection-rendez-vous-store\/knitwears-discover-our-selection-rendez-vous-store\/batoner-men-cashmere-fox-crew-neck-black-rendez-vous-store\/","og_site_name":"RENDEZ-VOUS STORE","article_modified_time":"2026-03-16T13:28:56+00:00","og_image":[{"width":1696,"height":2560,"url":"https:\/\/rendez-vous-store.com\/wp-content\/uploads\/2023\/12\/rdv_batoner_01-scaled.webp","type":"image\/webp"}],"twitter_card":"summary_large_image","twitter_misc":{"Est. reading time":"1 minute"},"schema":{"@context":"https:\/\/schema.org","@graph":[{"@type":"WebPage","@id":"https:\/\/rendez-vous-store.com\/shop\/men-selection-discover-our-selection-rendez-vous-store\/knitwears-discover-our-selection-rendez-vous-store\/batoner-men-cashmere-fox-crew-neck-black-rendez-vous-store\/","url":"https:\/\/rendez-vous-store.com\/shop\/men-selection-discover-our-selection-rendez-vous-store\/knitwears-discover-our-selection-rendez-vous-store\/batoner-men-cashmere-fox-crew-neck-black-rendez-vous-store\/","name":"Batoner Men Cashmere Fox Crew Neck Black","isPartOf":{"@id":"https:\/\/rendez-vous-store.com\/#website"},"primaryImageOfPage":{"@id":"https:\/\/rendez-vous-store.com\/shop\/men-selection-discover-our-selection-rendez-vous-store\/knitwears-discover-our-selection-rendez-vous-store\/batoner-men-cashmere-fox-crew-neck-black-rendez-vous-store\/#primaryimage"},"image":{"@id":"https:\/\/rendez-vous-store.com\/shop\/men-selection-discover-our-selection-rendez-vous-store\/knitwears-discover-our-selection-rendez-vous-store\/batoner-men-cashmere-fox-crew-neck-black-rendez-vous-store\/#primaryimage"},"thumbnailUrl":"https:\/\/rendez-vous-store.com\/app\/uploads\/2023\/12\/rdv_batoner_01-scaled.webp","datePublished":"2023-12-20T10:30:31+00:00","dateModified":"2026-03-16T13:28:56+00:00","description":"Batoner is on Rendez-Vous Store. This Batoner Cashmere Fox Crew Neck Black is a fusion of raw and natural materials, ensuring longevity and timelessness.","breadcrumb":{"@id":"https:\/\/rendez-vous-store.com\/shop\/men-selection-discover-our-selection-rendez-vous-store\/knitwears-discover-our-selection-rendez-vous-store\/batoner-men-cashmere-fox-crew-neck-black-rendez-vous-store\/#breadcrumb"},"inLanguage":"fr-FR","potentialAction":[{"@type":"ReadAction","target":["https:\/\/rendez-vous-store.com\/shop\/men-selection-discover-our-selection-rendez-vous-store\/knitwears-discover-our-selection-rendez-vous-store\/batoner-men-cashmere-fox-crew-neck-black-rendez-vous-store\/"]}]},{"@type":"ImageObject","inLanguage":"fr-FR","@id":"https:\/\/rendez-vous-store.com\/shop\/men-selection-discover-our-selection-rendez-vous-store\/knitwears-discover-our-selection-rendez-vous-store\/batoner-men-cashmere-fox-crew-neck-black-rendez-vous-store\/#primaryimage","url":"https:\/\/rendez-vous-store.com\/app\/uploads\/2023\/12\/rdv_batoner_01-scaled.webp","contentUrl":"https:\/\/rendez-vous-store.com\/app\/uploads\/2023\/12\/rdv_batoner_01-scaled.webp","width":1696,"height":2560,"caption":"Batoner - Men Cashmere Fox Crew Neck 23AW-09 - Black"},{"@type":"BreadcrumbList","@id":"https:\/\/rendez-vous-store.com\/shop\/men-selection-discover-our-selection-rendez-vous-store\/knitwears-discover-our-selection-rendez-vous-store\/batoner-men-cashmere-fox-crew-neck-black-rendez-vous-store\/#breadcrumb","itemListElement":[{"@type":"ListItem","position":1,"name":"Home","item":"https:\/\/rendez-vous-store.com\/"},{"@type":"ListItem","position":2,"name":"Shop","item":"https:\/\/www.rendez-vous-store.com\/shop\/"},{"@type":"ListItem","position":3,"name":"Batoner &#8211; Men Cashmere Fox Crew Neck 23AW-09 &#8211; Black"}]},{"@type":"WebSite","@id":"https:\/\/rendez-vous-store.com\/#website","url":"https:\/\/rendez-vous-store.com\/","name":"RENDEZ-VOUS STORE","description":"Slow Fashion for Women and Men","potentialAction":[{"@type":"SearchAction","target":{"@type":"EntryPoint","urlTemplate":"https:\/\/rendez-vous-store.com\/?s={search_term_string}"},"query-input":{"@type":"PropertyValueSpecification","valueRequired":true,"valueName":"search_term_string"}}],"inLanguage":"fr-FR"}]}},"_links":{"self":[{"href":"https:\/\/rendez-vous-store.com\/fr\/wp-json\/wp\/v2\/product\/146271","targetHints":{"allow":["GET"]}}],"collection":[{"href":"https:\/\/rendez-vous-store.com\/fr\/wp-json\/wp\/v2\/product"}],"about":[{"href":"https:\/\/rendez-vous-store.com\/fr\/wp-json\/wp\/v2\/types\/product"}],"wp:featuredmedia":[{"embeddable":true,"href":"https:\/\/rendez-vous-store.com\/fr\/wp-json\/wp\/v2\/media\/146686"}],"wp:attachment":[{"href":"https:\/\/rendez-vous-store.com\/fr\/wp-json\/wp\/v2\/media?parent=146271"}],"wp:term":[{"taxonomy":"product_brand","embeddable":true,"href":"https:\/\/rendez-vous-store.com\/fr\/wp-json\/wp\/v2\/product_brand?post=146271"},{"taxonomy":"product_cat","embeddable":true,"href":"https:\/\/rendez-vous-store.com\/fr\/wp-json\/wp\/v2\/product_cat?post=146271"},{"taxonomy":"product_tag","embeddable":true,"href":"https:\/\/rendez-vous-store.com\/fr\/wp-json\/wp\/v2\/product_tag?post=146271"}],"curies":[{"name":"wp","href":"https:\/\/api.w.org\/{rel}","templated":true}]}}