{"id":145511,"date":"2023-12-15T09:48:05","date_gmt":"2023-12-15T08:48:05","guid":{"rendered":"https:\/\/rendez-vous-store.com\/?post_type=product&#038;p=145511"},"modified":"2026-03-16T16:33:33","modified_gmt":"2026-03-16T15:33:33","slug":"veritecoeur-pants-vc-2524u-navy-rendez-vous-store","status":"publish","type":"product","link":"https:\/\/rendez-vous-store.com\/fr\/shop\/women\/trousers-skirts-discover-our-selection-rendez-vous-store\/veritecoeur-pants-vc-2524u-navy-rendez-vous-store\/","title":{"rendered":"V\u00e9rit\u00e9coeur - Pantalon VC-2524U - Marine"},"content":{"rendered":"<p><strong>Pantalon V\u00e9rit\u00e9coeur VC-2524U Navy<\/strong><\/p>\n<p>Couleur : bleu marine<\/p>\n<p>Taille \u00e9lastiqu\u00e9e<\/p>\n<p>Deux poches lat\u00e9rales<\/p>\n<p>Deux poches fendues \u00e0 l'arri\u00e8re<\/p>\n<p>7\/8 Longueur<\/p>\n<p>Composition : 100% Laine<\/p>\n<p dir=\"ltr\">Fabriqu\u00e9 au Japon<\/p>\n<p dir=\"ltr\">Ma\u00e9va mesure 168 cm<\/p>\n<p dir=\"ltr\">Taille du mod\u00e8le : 1<\/p>\n<p dir=\"ltr\">\n<p dir=\"ltr\">\n<p dir=\"ltr\">\n<p><strong>La marque\u00a0<\/strong><\/p>\n<p>V\u00e9rit\u00e9coeur incarne l'essence de l'authenticit\u00e9 et de la sinc\u00e9rit\u00e9 dans la mode. Le nom se traduit par \"c\u0153ur de v\u00e9rit\u00e9\" en anglais et r\u00e9sume les valeurs fondamentales et la mission de la marque. Une \u00e9quipe d\u00e9vou\u00e9e int\u00e8gre l'honn\u00eatet\u00e9 et l'int\u00e9grit\u00e9 dans chaque aspect du processus de cr\u00e9ation.<\/p>\n<p>Un collectif de designers et de cr\u00e9atifs passionn\u00e9s par la mode \u00e9thique a fond\u00e9 V\u00e9rit\u00e9coeur. Plus qu'une simple mode, la marque est un mouvement. Avec un engagement de transparence et de responsabilit\u00e9 sociale, V\u00e9rit\u00e9coeur vise \u00e0 red\u00e9finir les normes et les pratiques de l'industrie de la mode.<\/p>","protected":false},"excerpt":{"rendered":"<p>V\u00e9rit\u00e9coeur Pants VC-2524U Navy Color: Navy Elasticised Waist Two Side Pockets Two Slit Pockets To The Rear 7\/8 Lenght Composition: 100% Wool Made in Japan Ma\u00e9va is 168cm tall Model Size: 1 The brand\u00a0 V\u00e9rit\u00e9coeur embodies the essence of authenticity and sincerity in fashion. The name translates to \u201ctruth heart\u201d in English and encapsulates the&hellip; <a class=\"more-link\" href=\"https:\/\/rendez-vous-store.com\/fr\/shop\/women\/trousers-skirts-discover-our-selection-rendez-vous-store\/veritecoeur-pants-vc-2524u-navy-rendez-vous-store\/\">Continue reading <span class=\"screen-reader-text\">V\u00e9rit\u00e9coeur - Pantalon VC-2524U - Marine<\/span><\/a><\/p>","protected":false},"featured_media":146354,"template":"","meta":{"_acf_changed":false},"product_brand":[],"product_cat":[1232,17,182],"product_tag":[868],"class_list":{"0":"post-145511","1":"product","2":"type-product","3":"status-publish","4":"has-post-thumbnail","6":"product_cat-sale-40","7":"product_cat-women","8":"product_cat-trousers-skirts-discover-our-selection-rendez-vous-store","9":"product_tag-veritecoeur-designers-rendez-vous-store","10":"entry","12":"first","13":"outofstock","14":"taxable","15":"shipping-taxable","16":"product-type-variable"},"acf":[],"yoast_head":"<!-- This site is optimized with the Yoast SEO plugin v24.9 - https:\/\/yoast.com\/wordpress\/plugins\/seo\/ -->\n<title>V\u00e9rit\u00e9coeur - Pants VC-2524U Navy<\/title>\n<meta name=\"description\" content=\"V\u00e9rit\u00e9coeur is on Rendez-vous Store. This V\u00e9rit\u00e9coeur Pants VC-2524U Navy is characterized by beautiful cut and character fabric.\" \/>\n<meta name=\"robots\" content=\"index, follow, max-snippet:-1, max-image-preview:large, max-video-preview:-1\" \/>\n<link rel=\"canonical\" href=\"https:\/\/rendez-vous-store.com\/fr\/shop\/summer-sale-2024\/summer-sale-2024-women\/summer-sale-trousers\/veritecoeur-pants-vc-2524u-navy-rendez-vous-store\/\" \/>\n<meta property=\"og:locale\" content=\"fr_FR\" \/>\n<meta property=\"og:type\" content=\"article\" \/>\n<meta property=\"og:title\" content=\"V\u00e9rit\u00e9coeur - Pants VC-2524U Navy\" \/>\n<meta property=\"og:description\" content=\"V\u00e9rit\u00e9coeur is on Rendez-vous Store. This V\u00e9rit\u00e9coeur Pants VC-2524U Navy is characterized by beautiful cut and character fabric.\" \/>\n<meta property=\"og:url\" content=\"https:\/\/rendez-vous-store.com\/fr\/shop\/summer-sale-2024\/summer-sale-2024-women\/summer-sale-trousers\/veritecoeur-pants-vc-2524u-navy-rendez-vous-store\/\" \/>\n<meta property=\"og:site_name\" content=\"RENDEZ-VOUS STORE\" \/>\n<meta property=\"article:modified_time\" content=\"2026-03-16T15:33:33+00:00\" \/>\n<meta property=\"og:image\" content=\"https:\/\/rendez-vous-store.com\/wp-content\/uploads\/2023\/12\/rdv_veritecoeur_35-1-scaled.webp\" \/>\n\t<meta property=\"og:image:width\" content=\"1696\" \/>\n\t<meta property=\"og:image:height\" content=\"2560\" \/>\n\t<meta property=\"og:image:type\" content=\"image\/webp\" \/>\n<meta name=\"twitter:card\" content=\"summary_large_image\" \/>\n<meta name=\"twitter:label1\" content=\"Est. reading time\" \/>\n\t<meta name=\"twitter:data1\" content=\"1 minute\" \/>\n<script type=\"application\/ld+json\" class=\"yoast-schema-graph\">{\"@context\":\"https:\/\/schema.org\",\"@graph\":[{\"@type\":\"WebPage\",\"@id\":\"https:\/\/rendez-vous-store.com\/shop\/summer-sale-2024\/summer-sale-2024-women\/summer-sale-trousers\/veritecoeur-pants-vc-2524u-navy-rendez-vous-store\/\",\"url\":\"https:\/\/rendez-vous-store.com\/shop\/summer-sale-2024\/summer-sale-2024-women\/summer-sale-trousers\/veritecoeur-pants-vc-2524u-navy-rendez-vous-store\/\",\"name\":\"V\u00e9rit\u00e9coeur - Pants VC-2524U Navy\",\"isPartOf\":{\"@id\":\"https:\/\/rendez-vous-store.com\/#website\"},\"primaryImageOfPage\":{\"@id\":\"https:\/\/rendez-vous-store.com\/shop\/summer-sale-2024\/summer-sale-2024-women\/summer-sale-trousers\/veritecoeur-pants-vc-2524u-navy-rendez-vous-store\/#primaryimage\"},\"image\":{\"@id\":\"https:\/\/rendez-vous-store.com\/shop\/summer-sale-2024\/summer-sale-2024-women\/summer-sale-trousers\/veritecoeur-pants-vc-2524u-navy-rendez-vous-store\/#primaryimage\"},\"thumbnailUrl\":\"https:\/\/rendez-vous-store.com\/app\/uploads\/2023\/12\/rdv_veritecoeur_35-1-scaled.webp\",\"datePublished\":\"2023-12-15T08:48:05+00:00\",\"dateModified\":\"2026-03-16T15:33:33+00:00\",\"description\":\"V\u00e9rit\u00e9coeur is on Rendez-vous Store. This V\u00e9rit\u00e9coeur Pants VC-2524U Navy is characterized by beautiful cut and character fabric.\",\"breadcrumb\":{\"@id\":\"https:\/\/rendez-vous-store.com\/shop\/summer-sale-2024\/summer-sale-2024-women\/summer-sale-trousers\/veritecoeur-pants-vc-2524u-navy-rendez-vous-store\/#breadcrumb\"},\"inLanguage\":\"fr-FR\",\"potentialAction\":[{\"@type\":\"ReadAction\",\"target\":[\"https:\/\/rendez-vous-store.com\/shop\/summer-sale-2024\/summer-sale-2024-women\/summer-sale-trousers\/veritecoeur-pants-vc-2524u-navy-rendez-vous-store\/\"]}]},{\"@type\":\"ImageObject\",\"inLanguage\":\"fr-FR\",\"@id\":\"https:\/\/rendez-vous-store.com\/shop\/summer-sale-2024\/summer-sale-2024-women\/summer-sale-trousers\/veritecoeur-pants-vc-2524u-navy-rendez-vous-store\/#primaryimage\",\"url\":\"https:\/\/rendez-vous-store.com\/app\/uploads\/2023\/12\/rdv_veritecoeur_35-1-scaled.webp\",\"contentUrl\":\"https:\/\/rendez-vous-store.com\/app\/uploads\/2023\/12\/rdv_veritecoeur_35-1-scaled.webp\",\"width\":1696,\"height\":2560,\"caption\":\"V\u00e9rit\u00e9coeur - Pants VC-2524U - Navy\"},{\"@type\":\"BreadcrumbList\",\"@id\":\"https:\/\/rendez-vous-store.com\/shop\/summer-sale-2024\/summer-sale-2024-women\/summer-sale-trousers\/veritecoeur-pants-vc-2524u-navy-rendez-vous-store\/#breadcrumb\",\"itemListElement\":[{\"@type\":\"ListItem\",\"position\":1,\"name\":\"Home\",\"item\":\"https:\/\/rendez-vous-store.com\/\"},{\"@type\":\"ListItem\",\"position\":2,\"name\":\"Shop\",\"item\":\"https:\/\/www.rendez-vous-store.com\/shop\/\"},{\"@type\":\"ListItem\",\"position\":3,\"name\":\"V\u00e9rit\u00e9coeur &#8211; Pants VC-2524U &#8211; Navy\"}]},{\"@type\":\"WebSite\",\"@id\":\"https:\/\/rendez-vous-store.com\/#website\",\"url\":\"https:\/\/rendez-vous-store.com\/\",\"name\":\"RENDEZ-VOUS STORE\",\"description\":\"Slow Fashion for Women and Men\",\"potentialAction\":[{\"@type\":\"SearchAction\",\"target\":{\"@type\":\"EntryPoint\",\"urlTemplate\":\"https:\/\/rendez-vous-store.com\/?s={search_term_string}\"},\"query-input\":{\"@type\":\"PropertyValueSpecification\",\"valueRequired\":true,\"valueName\":\"search_term_string\"}}],\"inLanguage\":\"fr-FR\"}]}<\/script>\n<!-- \/ Yoast SEO plugin. -->","yoast_head_json":{"title":"V\u00e9rit\u00e9coeur - Pants VC-2524U Navy","description":"V\u00e9rit\u00e9coeur is on Rendez-vous Store. This V\u00e9rit\u00e9coeur Pants VC-2524U Navy is characterized by beautiful cut and character fabric.","robots":{"index":"index","follow":"follow","max-snippet":"max-snippet:-1","max-image-preview":"max-image-preview:large","max-video-preview":"max-video-preview:-1"},"canonical":"https:\/\/rendez-vous-store.com\/fr\/shop\/summer-sale-2024\/summer-sale-2024-women\/summer-sale-trousers\/veritecoeur-pants-vc-2524u-navy-rendez-vous-store\/","og_locale":"fr_FR","og_type":"article","og_title":"V\u00e9rit\u00e9coeur - Pants VC-2524U Navy","og_description":"V\u00e9rit\u00e9coeur is on Rendez-vous Store. This V\u00e9rit\u00e9coeur Pants VC-2524U Navy is characterized by beautiful cut and character fabric.","og_url":"https:\/\/rendez-vous-store.com\/fr\/shop\/summer-sale-2024\/summer-sale-2024-women\/summer-sale-trousers\/veritecoeur-pants-vc-2524u-navy-rendez-vous-store\/","og_site_name":"RENDEZ-VOUS STORE","article_modified_time":"2026-03-16T15:33:33+00:00","og_image":[{"width":1696,"height":2560,"url":"https:\/\/rendez-vous-store.com\/wp-content\/uploads\/2023\/12\/rdv_veritecoeur_35-1-scaled.webp","type":"image\/webp"}],"twitter_card":"summary_large_image","twitter_misc":{"Est. reading time":"1 minute"},"schema":{"@context":"https:\/\/schema.org","@graph":[{"@type":"WebPage","@id":"https:\/\/rendez-vous-store.com\/shop\/summer-sale-2024\/summer-sale-2024-women\/summer-sale-trousers\/veritecoeur-pants-vc-2524u-navy-rendez-vous-store\/","url":"https:\/\/rendez-vous-store.com\/shop\/summer-sale-2024\/summer-sale-2024-women\/summer-sale-trousers\/veritecoeur-pants-vc-2524u-navy-rendez-vous-store\/","name":"V\u00e9rit\u00e9coeur - Pants VC-2524U Navy","isPartOf":{"@id":"https:\/\/rendez-vous-store.com\/#website"},"primaryImageOfPage":{"@id":"https:\/\/rendez-vous-store.com\/shop\/summer-sale-2024\/summer-sale-2024-women\/summer-sale-trousers\/veritecoeur-pants-vc-2524u-navy-rendez-vous-store\/#primaryimage"},"image":{"@id":"https:\/\/rendez-vous-store.com\/shop\/summer-sale-2024\/summer-sale-2024-women\/summer-sale-trousers\/veritecoeur-pants-vc-2524u-navy-rendez-vous-store\/#primaryimage"},"thumbnailUrl":"https:\/\/rendez-vous-store.com\/app\/uploads\/2023\/12\/rdv_veritecoeur_35-1-scaled.webp","datePublished":"2023-12-15T08:48:05+00:00","dateModified":"2026-03-16T15:33:33+00:00","description":"V\u00e9rit\u00e9coeur is on Rendez-vous Store. This V\u00e9rit\u00e9coeur Pants VC-2524U Navy is characterized by beautiful cut and character fabric.","breadcrumb":{"@id":"https:\/\/rendez-vous-store.com\/shop\/summer-sale-2024\/summer-sale-2024-women\/summer-sale-trousers\/veritecoeur-pants-vc-2524u-navy-rendez-vous-store\/#breadcrumb"},"inLanguage":"fr-FR","potentialAction":[{"@type":"ReadAction","target":["https:\/\/rendez-vous-store.com\/shop\/summer-sale-2024\/summer-sale-2024-women\/summer-sale-trousers\/veritecoeur-pants-vc-2524u-navy-rendez-vous-store\/"]}]},{"@type":"ImageObject","inLanguage":"fr-FR","@id":"https:\/\/rendez-vous-store.com\/shop\/summer-sale-2024\/summer-sale-2024-women\/summer-sale-trousers\/veritecoeur-pants-vc-2524u-navy-rendez-vous-store\/#primaryimage","url":"https:\/\/rendez-vous-store.com\/app\/uploads\/2023\/12\/rdv_veritecoeur_35-1-scaled.webp","contentUrl":"https:\/\/rendez-vous-store.com\/app\/uploads\/2023\/12\/rdv_veritecoeur_35-1-scaled.webp","width":1696,"height":2560,"caption":"V\u00e9rit\u00e9coeur - Pants VC-2524U - Navy"},{"@type":"BreadcrumbList","@id":"https:\/\/rendez-vous-store.com\/shop\/summer-sale-2024\/summer-sale-2024-women\/summer-sale-trousers\/veritecoeur-pants-vc-2524u-navy-rendez-vous-store\/#breadcrumb","itemListElement":[{"@type":"ListItem","position":1,"name":"Home","item":"https:\/\/rendez-vous-store.com\/"},{"@type":"ListItem","position":2,"name":"Shop","item":"https:\/\/www.rendez-vous-store.com\/shop\/"},{"@type":"ListItem","position":3,"name":"V\u00e9rit\u00e9coeur &#8211; Pants VC-2524U &#8211; Navy"}]},{"@type":"WebSite","@id":"https:\/\/rendez-vous-store.com\/#website","url":"https:\/\/rendez-vous-store.com\/","name":"RENDEZ-VOUS STORE","description":"Slow Fashion for Women and Men","potentialAction":[{"@type":"SearchAction","target":{"@type":"EntryPoint","urlTemplate":"https:\/\/rendez-vous-store.com\/?s={search_term_string}"},"query-input":{"@type":"PropertyValueSpecification","valueRequired":true,"valueName":"search_term_string"}}],"inLanguage":"fr-FR"}]}},"_links":{"self":[{"href":"https:\/\/rendez-vous-store.com\/fr\/wp-json\/wp\/v2\/product\/145511","targetHints":{"allow":["GET"]}}],"collection":[{"href":"https:\/\/rendez-vous-store.com\/fr\/wp-json\/wp\/v2\/product"}],"about":[{"href":"https:\/\/rendez-vous-store.com\/fr\/wp-json\/wp\/v2\/types\/product"}],"wp:featuredmedia":[{"embeddable":true,"href":"https:\/\/rendez-vous-store.com\/fr\/wp-json\/wp\/v2\/media\/146354"}],"wp:attachment":[{"href":"https:\/\/rendez-vous-store.com\/fr\/wp-json\/wp\/v2\/media?parent=145511"}],"wp:term":[{"taxonomy":"product_brand","embeddable":true,"href":"https:\/\/rendez-vous-store.com\/fr\/wp-json\/wp\/v2\/product_brand?post=145511"},{"taxonomy":"product_cat","embeddable":true,"href":"https:\/\/rendez-vous-store.com\/fr\/wp-json\/wp\/v2\/product_cat?post=145511"},{"taxonomy":"product_tag","embeddable":true,"href":"https:\/\/rendez-vous-store.com\/fr\/wp-json\/wp\/v2\/product_tag?post=145511"}],"curies":[{"name":"wp","href":"https:\/\/api.w.org\/{rel}","templated":true}]}}