{"id":145499,"date":"2023-12-15T09:47:44","date_gmt":"2023-12-15T08:47:44","guid":{"rendered":"https:\/\/rendez-vous-store.com\/?post_type=product&#038;p=145499"},"modified":"2026-03-16T16:33:25","modified_gmt":"2026-03-16T15:33:25","slug":"veritecoeur-jacket-vc-2548-black-rendez-vous-store","status":"publish","type":"product","link":"https:\/\/rendez-vous-store.com\/fr\/shop\/special-offer-women-rendez-vous-store\/women-coat-jacket-special-offer-rendez-vous-store\/veritecoeur-jacket-vc-2548-black-rendez-vous-store\/","title":{"rendered":"V\u00e9rit\u00e9coeur &#8211; Jacket VC-2548 &#8211; Black"},"content":{"rendered":"<p><strong>V\u00e9rit\u00e9coeur Jacket VC-2548 Black<\/strong><\/p>\n<p>Couleur : Noir<\/p>\n<p>Col \u00e0 revers<\/p>\n<p>Fermeture par bouton<\/p>\n<p>Long Sleeve<\/p>\n<p>Coupe d\u00e9contract\u00e9e<\/p>\n<p>Deux poches lat\u00e9rales \u00e0 rabat<\/p>\n<p>Composition : 100% Cachemire<\/p>\n<p dir=\"ltr\">Fabriqu\u00e9 au Japon<\/p>\n<p dir=\"ltr\">Ma\u00e9va mesure 168 cm<\/p>\n<p dir=\"ltr\">Taille unique<\/p>\n<p dir=\"ltr\">\n<p dir=\"ltr\">\n<p dir=\"ltr\">\n<p><strong>La marque\u00a0<\/strong><\/p>\n<p>V\u00e9rit\u00e9coeur incarne l'essence de l'authenticit\u00e9 et de la sinc\u00e9rit\u00e9 dans la mode. Le nom se traduit par \"c\u0153ur de v\u00e9rit\u00e9\" en anglais et r\u00e9sume les valeurs fondamentales et la mission de la marque. Une \u00e9quipe d\u00e9vou\u00e9e int\u00e8gre l'honn\u00eatet\u00e9 et l'int\u00e9grit\u00e9 dans chaque aspect du processus de cr\u00e9ation.<\/p>\n<p>Un collectif de designers et de cr\u00e9atifs passionn\u00e9s par la mode \u00e9thique a fond\u00e9 V\u00e9rit\u00e9coeur. Plus qu'une simple mode, la marque est un mouvement. Avec un engagement de transparence et de responsabilit\u00e9 sociale, V\u00e9rit\u00e9coeur vise \u00e0 red\u00e9finir les normes et les pratiques de l'industrie de la mode.<\/p>","protected":false},"excerpt":{"rendered":"<p>V\u00e9rit\u00e9coeur Jacket VC-2548 Black Color: Black Lapel Collar Button Closure Long Sleeve Relaxed Fit Two Flap Side Pockets Composition: 100% Cashmere Made in Japan Ma\u00e9va is 168cm tall One Size The brand\u00a0 V\u00e9rit\u00e9coeur embodies the essence of authenticity and sincerity in fashion. The name translates to \u201ctruth heart\u201d in English and encapsulates the brand&#8217;s core&hellip; <a class=\"more-link\" href=\"https:\/\/rendez-vous-store.com\/fr\/shop\/special-offer-women-rendez-vous-store\/women-coat-jacket-special-offer-rendez-vous-store\/veritecoeur-jacket-vc-2548-black-rendez-vous-store\/\">Continue reading <span class=\"screen-reader-text\">V\u00e9rit\u00e9coeur &#8211; Jacket VC-2548 &#8211; Black<\/span><\/a><\/p>","protected":false},"featured_media":146361,"template":"","meta":{"_acf_changed":false},"product_brand":[],"product_cat":[1336,1335],"product_tag":[868],"class_list":{"0":"post-145499","1":"product","2":"type-product","3":"status-publish","4":"has-post-thumbnail","6":"product_cat-women-coat-jacket-special-offer-rendez-vous-store","7":"product_cat-special-offer-women-rendez-vous-store","8":"product_tag-veritecoeur-designers-rendez-vous-store","9":"entry","11":"first","12":"outofstock","13":"taxable","14":"shipping-taxable","15":"product-type-variable"},"acf":[],"yoast_head":"<!-- This site is optimized with the Yoast SEO plugin v24.9 - https:\/\/yoast.com\/wordpress\/plugins\/seo\/ -->\n<title>V\u00e9rit\u00e9coeur Jacket VC-2548 Black<\/title>\n<meta name=\"description\" content=\"V\u00e9rit\u00e9coeur is on Rendez-vous Store. This V\u00e9rit\u00e9coeur Jacket VC-2548 Black is characterized by beautiful cut and character fabric.\" \/>\n<meta name=\"robots\" content=\"index, follow, max-snippet:-1, max-image-preview:large, max-video-preview:-1\" \/>\n<link rel=\"canonical\" href=\"https:\/\/rendez-vous-store.com\/fr\/shop\/special-offer-women-rendez-vous-store\/women-coat-jacket-special-offer-rendez-vous-store\/veritecoeur-jacket-vc-2548-black-rendez-vous-store\/\" \/>\n<meta property=\"og:locale\" content=\"fr_FR\" \/>\n<meta property=\"og:type\" content=\"article\" \/>\n<meta property=\"og:title\" content=\"V\u00e9rit\u00e9coeur Jacket VC-2548 Black\" \/>\n<meta property=\"og:description\" content=\"V\u00e9rit\u00e9coeur is on Rendez-vous Store. This V\u00e9rit\u00e9coeur Jacket VC-2548 Black is characterized by beautiful cut and character fabric.\" \/>\n<meta property=\"og:url\" content=\"https:\/\/rendez-vous-store.com\/fr\/shop\/special-offer-women-rendez-vous-store\/women-coat-jacket-special-offer-rendez-vous-store\/veritecoeur-jacket-vc-2548-black-rendez-vous-store\/\" \/>\n<meta property=\"og:site_name\" content=\"RENDEZ-VOUS STORE\" \/>\n<meta property=\"article:modified_time\" content=\"2026-03-16T15:33:25+00:00\" \/>\n<meta property=\"og:image\" content=\"https:\/\/rendez-vous-store.com\/wp-content\/uploads\/2023\/12\/rdv_veritecoeur_27-scaled.webp\" \/>\n\t<meta property=\"og:image:width\" content=\"1696\" \/>\n\t<meta property=\"og:image:height\" content=\"2560\" \/>\n\t<meta property=\"og:image:type\" content=\"image\/webp\" \/>\n<meta name=\"twitter:card\" content=\"summary_large_image\" \/>\n<meta name=\"twitter:label1\" content=\"Est. reading time\" \/>\n\t<meta name=\"twitter:data1\" content=\"1 minute\" \/>\n<script type=\"application\/ld+json\" class=\"yoast-schema-graph\">{\"@context\":\"https:\/\/schema.org\",\"@graph\":[{\"@type\":\"WebPage\",\"@id\":\"https:\/\/rendez-vous-store.com\/shop\/special-offer-women-rendez-vous-store\/women-coat-jacket-special-offer-rendez-vous-store\/veritecoeur-jacket-vc-2548-black-rendez-vous-store\/\",\"url\":\"https:\/\/rendez-vous-store.com\/shop\/special-offer-women-rendez-vous-store\/women-coat-jacket-special-offer-rendez-vous-store\/veritecoeur-jacket-vc-2548-black-rendez-vous-store\/\",\"name\":\"V\u00e9rit\u00e9coeur Jacket VC-2548 Black\",\"isPartOf\":{\"@id\":\"https:\/\/rendez-vous-store.com\/#website\"},\"primaryImageOfPage\":{\"@id\":\"https:\/\/rendez-vous-store.com\/shop\/special-offer-women-rendez-vous-store\/women-coat-jacket-special-offer-rendez-vous-store\/veritecoeur-jacket-vc-2548-black-rendez-vous-store\/#primaryimage\"},\"image\":{\"@id\":\"https:\/\/rendez-vous-store.com\/shop\/special-offer-women-rendez-vous-store\/women-coat-jacket-special-offer-rendez-vous-store\/veritecoeur-jacket-vc-2548-black-rendez-vous-store\/#primaryimage\"},\"thumbnailUrl\":\"https:\/\/rendez-vous-store.com\/app\/uploads\/2023\/12\/rdv_veritecoeur_27-scaled.webp\",\"datePublished\":\"2023-12-15T08:47:44+00:00\",\"dateModified\":\"2026-03-16T15:33:25+00:00\",\"description\":\"V\u00e9rit\u00e9coeur is on Rendez-vous Store. This V\u00e9rit\u00e9coeur Jacket VC-2548 Black is characterized by beautiful cut and character fabric.\",\"breadcrumb\":{\"@id\":\"https:\/\/rendez-vous-store.com\/shop\/special-offer-women-rendez-vous-store\/women-coat-jacket-special-offer-rendez-vous-store\/veritecoeur-jacket-vc-2548-black-rendez-vous-store\/#breadcrumb\"},\"inLanguage\":\"fr-FR\",\"potentialAction\":[{\"@type\":\"ReadAction\",\"target\":[\"https:\/\/rendez-vous-store.com\/shop\/special-offer-women-rendez-vous-store\/women-coat-jacket-special-offer-rendez-vous-store\/veritecoeur-jacket-vc-2548-black-rendez-vous-store\/\"]}]},{\"@type\":\"ImageObject\",\"inLanguage\":\"fr-FR\",\"@id\":\"https:\/\/rendez-vous-store.com\/shop\/special-offer-women-rendez-vous-store\/women-coat-jacket-special-offer-rendez-vous-store\/veritecoeur-jacket-vc-2548-black-rendez-vous-store\/#primaryimage\",\"url\":\"https:\/\/rendez-vous-store.com\/app\/uploads\/2023\/12\/rdv_veritecoeur_27-scaled.webp\",\"contentUrl\":\"https:\/\/rendez-vous-store.com\/app\/uploads\/2023\/12\/rdv_veritecoeur_27-scaled.webp\",\"width\":1696,\"height\":2560,\"caption\":\"V\u00e9rit\u00e9coeur - Jacket VC-2548 - Black\"},{\"@type\":\"BreadcrumbList\",\"@id\":\"https:\/\/rendez-vous-store.com\/shop\/special-offer-women-rendez-vous-store\/women-coat-jacket-special-offer-rendez-vous-store\/veritecoeur-jacket-vc-2548-black-rendez-vous-store\/#breadcrumb\",\"itemListElement\":[{\"@type\":\"ListItem\",\"position\":1,\"name\":\"Home\",\"item\":\"https:\/\/rendez-vous-store.com\/\"},{\"@type\":\"ListItem\",\"position\":2,\"name\":\"Shop\",\"item\":\"https:\/\/www.rendez-vous-store.com\/shop\/\"},{\"@type\":\"ListItem\",\"position\":3,\"name\":\"V\u00e9rit\u00e9coeur &#8211; Jacket VC-2548 &#8211; Black\"}]},{\"@type\":\"WebSite\",\"@id\":\"https:\/\/rendez-vous-store.com\/#website\",\"url\":\"https:\/\/rendez-vous-store.com\/\",\"name\":\"RENDEZ-VOUS STORE\",\"description\":\"Slow Fashion for Women and Men\",\"potentialAction\":[{\"@type\":\"SearchAction\",\"target\":{\"@type\":\"EntryPoint\",\"urlTemplate\":\"https:\/\/rendez-vous-store.com\/?s={search_term_string}\"},\"query-input\":{\"@type\":\"PropertyValueSpecification\",\"valueRequired\":true,\"valueName\":\"search_term_string\"}}],\"inLanguage\":\"fr-FR\"}]}<\/script>\n<!-- \/ Yoast SEO plugin. -->","yoast_head_json":{"title":"V\u00e9rit\u00e9coeur Jacket VC-2548 Black","description":"V\u00e9rit\u00e9coeur is on Rendez-vous Store. This V\u00e9rit\u00e9coeur Jacket VC-2548 Black is characterized by beautiful cut and character fabric.","robots":{"index":"index","follow":"follow","max-snippet":"max-snippet:-1","max-image-preview":"max-image-preview:large","max-video-preview":"max-video-preview:-1"},"canonical":"https:\/\/rendez-vous-store.com\/fr\/shop\/special-offer-women-rendez-vous-store\/women-coat-jacket-special-offer-rendez-vous-store\/veritecoeur-jacket-vc-2548-black-rendez-vous-store\/","og_locale":"fr_FR","og_type":"article","og_title":"V\u00e9rit\u00e9coeur Jacket VC-2548 Black","og_description":"V\u00e9rit\u00e9coeur is on Rendez-vous Store. This V\u00e9rit\u00e9coeur Jacket VC-2548 Black is characterized by beautiful cut and character fabric.","og_url":"https:\/\/rendez-vous-store.com\/fr\/shop\/special-offer-women-rendez-vous-store\/women-coat-jacket-special-offer-rendez-vous-store\/veritecoeur-jacket-vc-2548-black-rendez-vous-store\/","og_site_name":"RENDEZ-VOUS STORE","article_modified_time":"2026-03-16T15:33:25+00:00","og_image":[{"width":1696,"height":2560,"url":"https:\/\/rendez-vous-store.com\/wp-content\/uploads\/2023\/12\/rdv_veritecoeur_27-scaled.webp","type":"image\/webp"}],"twitter_card":"summary_large_image","twitter_misc":{"Est. reading time":"1 minute"},"schema":{"@context":"https:\/\/schema.org","@graph":[{"@type":"WebPage","@id":"https:\/\/rendez-vous-store.com\/shop\/special-offer-women-rendez-vous-store\/women-coat-jacket-special-offer-rendez-vous-store\/veritecoeur-jacket-vc-2548-black-rendez-vous-store\/","url":"https:\/\/rendez-vous-store.com\/shop\/special-offer-women-rendez-vous-store\/women-coat-jacket-special-offer-rendez-vous-store\/veritecoeur-jacket-vc-2548-black-rendez-vous-store\/","name":"V\u00e9rit\u00e9coeur Jacket VC-2548 Black","isPartOf":{"@id":"https:\/\/rendez-vous-store.com\/#website"},"primaryImageOfPage":{"@id":"https:\/\/rendez-vous-store.com\/shop\/special-offer-women-rendez-vous-store\/women-coat-jacket-special-offer-rendez-vous-store\/veritecoeur-jacket-vc-2548-black-rendez-vous-store\/#primaryimage"},"image":{"@id":"https:\/\/rendez-vous-store.com\/shop\/special-offer-women-rendez-vous-store\/women-coat-jacket-special-offer-rendez-vous-store\/veritecoeur-jacket-vc-2548-black-rendez-vous-store\/#primaryimage"},"thumbnailUrl":"https:\/\/rendez-vous-store.com\/app\/uploads\/2023\/12\/rdv_veritecoeur_27-scaled.webp","datePublished":"2023-12-15T08:47:44+00:00","dateModified":"2026-03-16T15:33:25+00:00","description":"V\u00e9rit\u00e9coeur is on Rendez-vous Store. This V\u00e9rit\u00e9coeur Jacket VC-2548 Black is characterized by beautiful cut and character fabric.","breadcrumb":{"@id":"https:\/\/rendez-vous-store.com\/shop\/special-offer-women-rendez-vous-store\/women-coat-jacket-special-offer-rendez-vous-store\/veritecoeur-jacket-vc-2548-black-rendez-vous-store\/#breadcrumb"},"inLanguage":"fr-FR","potentialAction":[{"@type":"ReadAction","target":["https:\/\/rendez-vous-store.com\/shop\/special-offer-women-rendez-vous-store\/women-coat-jacket-special-offer-rendez-vous-store\/veritecoeur-jacket-vc-2548-black-rendez-vous-store\/"]}]},{"@type":"ImageObject","inLanguage":"fr-FR","@id":"https:\/\/rendez-vous-store.com\/shop\/special-offer-women-rendez-vous-store\/women-coat-jacket-special-offer-rendez-vous-store\/veritecoeur-jacket-vc-2548-black-rendez-vous-store\/#primaryimage","url":"https:\/\/rendez-vous-store.com\/app\/uploads\/2023\/12\/rdv_veritecoeur_27-scaled.webp","contentUrl":"https:\/\/rendez-vous-store.com\/app\/uploads\/2023\/12\/rdv_veritecoeur_27-scaled.webp","width":1696,"height":2560,"caption":"V\u00e9rit\u00e9coeur - Jacket VC-2548 - Black"},{"@type":"BreadcrumbList","@id":"https:\/\/rendez-vous-store.com\/shop\/special-offer-women-rendez-vous-store\/women-coat-jacket-special-offer-rendez-vous-store\/veritecoeur-jacket-vc-2548-black-rendez-vous-store\/#breadcrumb","itemListElement":[{"@type":"ListItem","position":1,"name":"Home","item":"https:\/\/rendez-vous-store.com\/"},{"@type":"ListItem","position":2,"name":"Shop","item":"https:\/\/www.rendez-vous-store.com\/shop\/"},{"@type":"ListItem","position":3,"name":"V\u00e9rit\u00e9coeur &#8211; Jacket VC-2548 &#8211; Black"}]},{"@type":"WebSite","@id":"https:\/\/rendez-vous-store.com\/#website","url":"https:\/\/rendez-vous-store.com\/","name":"RENDEZ-VOUS STORE","description":"Slow Fashion for Women and Men","potentialAction":[{"@type":"SearchAction","target":{"@type":"EntryPoint","urlTemplate":"https:\/\/rendez-vous-store.com\/?s={search_term_string}"},"query-input":{"@type":"PropertyValueSpecification","valueRequired":true,"valueName":"search_term_string"}}],"inLanguage":"fr-FR"}]}},"_links":{"self":[{"href":"https:\/\/rendez-vous-store.com\/fr\/wp-json\/wp\/v2\/product\/145499","targetHints":{"allow":["GET"]}}],"collection":[{"href":"https:\/\/rendez-vous-store.com\/fr\/wp-json\/wp\/v2\/product"}],"about":[{"href":"https:\/\/rendez-vous-store.com\/fr\/wp-json\/wp\/v2\/types\/product"}],"wp:featuredmedia":[{"embeddable":true,"href":"https:\/\/rendez-vous-store.com\/fr\/wp-json\/wp\/v2\/media\/146361"}],"wp:attachment":[{"href":"https:\/\/rendez-vous-store.com\/fr\/wp-json\/wp\/v2\/media?parent=145499"}],"wp:term":[{"taxonomy":"product_brand","embeddable":true,"href":"https:\/\/rendez-vous-store.com\/fr\/wp-json\/wp\/v2\/product_brand?post=145499"},{"taxonomy":"product_cat","embeddable":true,"href":"https:\/\/rendez-vous-store.com\/fr\/wp-json\/wp\/v2\/product_cat?post=145499"},{"taxonomy":"product_tag","embeddable":true,"href":"https:\/\/rendez-vous-store.com\/fr\/wp-json\/wp\/v2\/product_tag?post=145499"}],"curies":[{"name":"wp","href":"https:\/\/api.w.org\/{rel}","templated":true}]}}