{"id":145470,"date":"2023-12-14T17:35:01","date_gmt":"2023-12-14T16:35:01","guid":{"rendered":"https:\/\/rendez-vous-store.com\/?post_type=product&#038;p=145470"},"modified":"2026-03-16T16:33:16","modified_gmt":"2026-03-16T15:33:16","slug":"tss-round-flap-pocket-baggy-shirt-green-rendez-vous-store","status":"publish","type":"product","link":"https:\/\/rendez-vous-store.com\/fr\/shop\/men-selection-discover-our-selection-rendez-vous-store\/shirts-rendez-vous-store\/tss-round-flap-pocket-baggy-shirt-green-rendez-vous-store\/","title":{"rendered":"Ts(s) &#8211; Round Flap Pocket Baggy Shirt YT49XS06 &#8211; Green"},"content":{"rendered":"<p>Ts(s) Round Flap Pocket Baggy Shirt Green<\/p>\n<p>Couleur : Vert<\/p>\n<p>Col classique<\/p>\n<p>Manches longues<\/p>\n<p>Fermeture par bouton<\/p>\n<p>Deux poches \u00e0 rabat sur la poitrine<\/p>\n<p>Poignets boutonn\u00e9s<\/p>\n<p>Composition : 100% Coton<\/p>\n<p>Fabriqu\u00e9 au Japon<\/p>\n<p>Style code: YT49XS06<\/p>\n<p>&nbsp;<\/p>\n<p>&nbsp;<\/p>\n<p>&nbsp;<\/p>\n<p><strong>Tableau des tailles : 2=S \/ 3=M \/ 4=L<\/strong><\/p>\n<p>&nbsp;<\/p>\n<p>&nbsp;<\/p>\n<p>&nbsp;<\/p>\n<p>&nbsp;<\/p>\n<h4>La marque<\/h4>\n<p>This Ts(s) Round Flap Pocket Baggy Shirt Green represents blends contemporary style with exceptional comfort.<\/p>\n<p>Ts(s) est une marque japonaise qui incarne le mariage de l'esth\u00e9tique traditionnelle et des sensibilit\u00e9s contemporaines. S'inspirant de diverses sources telles que les v\u00eatements de travail, les uniformes militaires et les tenues de sport, Ts(s) cr\u00e9e des v\u00eatements qui allient harmonieusement l'h\u00e9ritage et les principes de conception modernes.<\/p>\n<p>&nbsp;<\/p>\n<p>&nbsp;<\/p>\n<p>Chaque pi\u00e8ce m\u00e9ticuleusement fabriqu\u00e9e t\u00e9moigne d'un souci du d\u00e9tail et d'un engagement en faveur d'un travail de qualit\u00e9 sup\u00e9rieure. Des vestes impeccablement taill\u00e9es aux pantalons robustes mais raffin\u00e9s, les v\u00eatements Ts(s) d\u00e9gagent un air de sophistication et de qualit\u00e9 intemporelle.<\/p>\n<p>&nbsp;<\/p>\n<p>&nbsp;<\/p>\n<p>L'un des principaux atouts de Ts(s) r\u00e9side dans son utilisation magistrale de la couleur et de la texture. La marque associe sans effort une palette de couleurs \u00e9clectiques \u00e0 une gamme vari\u00e9e de mat\u00e9riaux, ce qui donne des pi\u00e8ces visuellement frappantes et \u00e0 la texture unique qui attirent l'attention dans n'importe quelle garde-robe.<\/p>\n<p>Qu'il s'agisse d'un blazer structur\u00e9 infus\u00e9 d'\u00e9l\u00e9ments utilitaires ou d'une chemise d\u00e9contract\u00e9e orn\u00e9e d'embellissements inattendus, Ts(s) propose constamment des v\u00eatements qui incarnent la polyvalence, la cr\u00e9ativit\u00e9 et le style sans effort. Chaque pi\u00e8ce sert de toile \u00e0 l'expression de soi, permettant \u00e0 celui qui la porte de s'affirmer tout en embrassant l'\u00e9thique de la marque en mati\u00e8re d'individualit\u00e9 et d'innovation.<\/p>","protected":false},"excerpt":{"rendered":"<p>Ts(s) Round Flap Pocket Baggy Shirt Green Color: Green Classic collar Long sleeves Button closure Two chest flap pockets Buttoned cuffs Composition: 100% Cotton Made in Japan Style code: YT49XS06 &nbsp; &nbsp; &nbsp; Size Chart: 2=S \/ 3=M \/ 4=L &nbsp; &nbsp; &nbsp; &nbsp; The Brand This Ts(s) Round Flap Pocket Baggy Shirt Green represents&hellip; <a class=\"more-link\" href=\"https:\/\/rendez-vous-store.com\/fr\/shop\/men-selection-discover-our-selection-rendez-vous-store\/shirts-rendez-vous-store\/tss-round-flap-pocket-baggy-shirt-green-rendez-vous-store\/\">Continuer la lecture <span class=\"screen-reader-text\">Ts(s) &#8211; Round Flap Pocket Baggy Shirt YT49XS06 &#8211; Green<\/span><\/a><\/p>","protected":false},"featured_media":146377,"template":"","meta":{"_acf_changed":false},"product_brand":[],"product_cat":[1232,20,74],"product_tag":[727],"class_list":{"0":"post-145470","1":"product","2":"type-product","3":"status-publish","4":"has-post-thumbnail","6":"product_cat-sale-40","7":"product_cat-men-selection-discover-our-selection-rendez-vous-store","8":"product_cat-shirts-rendez-vous-store","9":"product_tag-tss","10":"entry","12":"first","13":"outofstock","14":"taxable","15":"shipping-taxable","16":"product-type-variable"},"acf":[],"yoast_head":"<!-- This site is optimized with the Yoast SEO plugin v24.9 - https:\/\/yoast.com\/wordpress\/plugins\/seo\/ -->\n<title>Ts(s) - Round Flap Pocket Baggy Shirt Green - Rendez-Vous Store<\/title>\n<meta name=\"description\" content=\"Ts(s) is on Rendez-Vous Store. This Ts(s) Round Flap Pocket Baggy Shirt Green represents blends contemporary style with exceptional comfort.\" \/>\n<meta name=\"robots\" content=\"index, follow, max-snippet:-1, max-image-preview:large, max-video-preview:-1\" \/>\n<link rel=\"canonical\" href=\"https:\/\/rendez-vous-store.com\/fr\/shop\/summer-sale-2024\/summer-sale-2024-men\/summer-sale-men-shirt\/tss-round-flap-pocket-baggy-shirt-green-rendez-vous-store\/\" \/>\n<meta property=\"og:locale\" content=\"fr_FR\" \/>\n<meta property=\"og:type\" content=\"article\" \/>\n<meta property=\"og:title\" content=\"Ts(s) - Round Flap Pocket Baggy Shirt Green - Rendez-Vous Store\" \/>\n<meta property=\"og:description\" content=\"Ts(s) is on Rendez-Vous Store. This Ts(s) Round Flap Pocket Baggy Shirt Green represents blends contemporary style with exceptional comfort.\" \/>\n<meta property=\"og:url\" content=\"https:\/\/rendez-vous-store.com\/fr\/shop\/summer-sale-2024\/summer-sale-2024-men\/summer-sale-men-shirt\/tss-round-flap-pocket-baggy-shirt-green-rendez-vous-store\/\" \/>\n<meta property=\"og:site_name\" content=\"RENDEZ-VOUS STORE\" \/>\n<meta property=\"article:modified_time\" content=\"2026-03-16T15:33:16+00:00\" \/>\n<meta property=\"og:image\" content=\"https:\/\/rendez-vous-store.com\/wp-content\/uploads\/2023\/12\/rdv_tss_01-scaled.webp\" \/>\n\t<meta property=\"og:image:width\" content=\"1696\" \/>\n\t<meta property=\"og:image:height\" content=\"2560\" \/>\n\t<meta property=\"og:image:type\" content=\"image\/webp\" \/>\n<meta name=\"twitter:card\" content=\"summary_large_image\" \/>\n<meta name=\"twitter:label1\" content=\"Est. reading time\" \/>\n\t<meta name=\"twitter:data1\" content=\"2 minutes\" \/>\n<script type=\"application\/ld+json\" class=\"yoast-schema-graph\">{\"@context\":\"https:\/\/schema.org\",\"@graph\":[{\"@type\":\"WebPage\",\"@id\":\"https:\/\/rendez-vous-store.com\/shop\/summer-sale-2024\/summer-sale-2024-men\/summer-sale-men-shirt\/tss-round-flap-pocket-baggy-shirt-green-rendez-vous-store\/\",\"url\":\"https:\/\/rendez-vous-store.com\/shop\/summer-sale-2024\/summer-sale-2024-men\/summer-sale-men-shirt\/tss-round-flap-pocket-baggy-shirt-green-rendez-vous-store\/\",\"name\":\"Ts(s) - Round Flap Pocket Baggy Shirt Green - Rendez-Vous Store\",\"isPartOf\":{\"@id\":\"https:\/\/rendez-vous-store.com\/#website\"},\"primaryImageOfPage\":{\"@id\":\"https:\/\/rendez-vous-store.com\/shop\/summer-sale-2024\/summer-sale-2024-men\/summer-sale-men-shirt\/tss-round-flap-pocket-baggy-shirt-green-rendez-vous-store\/#primaryimage\"},\"image\":{\"@id\":\"https:\/\/rendez-vous-store.com\/shop\/summer-sale-2024\/summer-sale-2024-men\/summer-sale-men-shirt\/tss-round-flap-pocket-baggy-shirt-green-rendez-vous-store\/#primaryimage\"},\"thumbnailUrl\":\"https:\/\/rendez-vous-store.com\/app\/uploads\/2023\/12\/rdv_tss_01-scaled.webp\",\"datePublished\":\"2023-12-14T16:35:01+00:00\",\"dateModified\":\"2026-03-16T15:33:16+00:00\",\"description\":\"Ts(s) is on Rendez-Vous Store. This Ts(s) Round Flap Pocket Baggy Shirt Green represents blends contemporary style with exceptional comfort.\",\"breadcrumb\":{\"@id\":\"https:\/\/rendez-vous-store.com\/shop\/summer-sale-2024\/summer-sale-2024-men\/summer-sale-men-shirt\/tss-round-flap-pocket-baggy-shirt-green-rendez-vous-store\/#breadcrumb\"},\"inLanguage\":\"fr-FR\",\"potentialAction\":[{\"@type\":\"ReadAction\",\"target\":[\"https:\/\/rendez-vous-store.com\/shop\/summer-sale-2024\/summer-sale-2024-men\/summer-sale-men-shirt\/tss-round-flap-pocket-baggy-shirt-green-rendez-vous-store\/\"]}]},{\"@type\":\"ImageObject\",\"inLanguage\":\"fr-FR\",\"@id\":\"https:\/\/rendez-vous-store.com\/shop\/summer-sale-2024\/summer-sale-2024-men\/summer-sale-men-shirt\/tss-round-flap-pocket-baggy-shirt-green-rendez-vous-store\/#primaryimage\",\"url\":\"https:\/\/rendez-vous-store.com\/app\/uploads\/2023\/12\/rdv_tss_01-scaled.webp\",\"contentUrl\":\"https:\/\/rendez-vous-store.com\/app\/uploads\/2023\/12\/rdv_tss_01-scaled.webp\",\"width\":1696,\"height\":2560,\"caption\":\"Ts(s) - Round Flap Pocket Baggy Shirt YT49XS06 - Green\"},{\"@type\":\"BreadcrumbList\",\"@id\":\"https:\/\/rendez-vous-store.com\/shop\/summer-sale-2024\/summer-sale-2024-men\/summer-sale-men-shirt\/tss-round-flap-pocket-baggy-shirt-green-rendez-vous-store\/#breadcrumb\",\"itemListElement\":[{\"@type\":\"ListItem\",\"position\":1,\"name\":\"Home\",\"item\":\"https:\/\/rendez-vous-store.com\/\"},{\"@type\":\"ListItem\",\"position\":2,\"name\":\"Shop\",\"item\":\"https:\/\/www.rendez-vous-store.com\/shop\/\"},{\"@type\":\"ListItem\",\"position\":3,\"name\":\"Ts(s) &#8211; Round Flap Pocket Baggy Shirt YT49XS06 &#8211; Green\"}]},{\"@type\":\"WebSite\",\"@id\":\"https:\/\/rendez-vous-store.com\/#website\",\"url\":\"https:\/\/rendez-vous-store.com\/\",\"name\":\"RENDEZ-VOUS STORE\",\"description\":\"Slow Fashion for Women and Men\",\"potentialAction\":[{\"@type\":\"SearchAction\",\"target\":{\"@type\":\"EntryPoint\",\"urlTemplate\":\"https:\/\/rendez-vous-store.com\/?s={search_term_string}\"},\"query-input\":{\"@type\":\"PropertyValueSpecification\",\"valueRequired\":true,\"valueName\":\"search_term_string\"}}],\"inLanguage\":\"fr-FR\"}]}<\/script>\n<!-- \/ Yoast SEO plugin. -->","yoast_head_json":{"title":"Ts(s) - Round Flap Pocket Baggy Shirt Green - Rendez-Vous Store","description":"Ts(s) is on Rendez-Vous Store. This Ts(s) Round Flap Pocket Baggy Shirt Green represents blends contemporary style with exceptional comfort.","robots":{"index":"index","follow":"follow","max-snippet":"max-snippet:-1","max-image-preview":"max-image-preview:large","max-video-preview":"max-video-preview:-1"},"canonical":"https:\/\/rendez-vous-store.com\/fr\/shop\/summer-sale-2024\/summer-sale-2024-men\/summer-sale-men-shirt\/tss-round-flap-pocket-baggy-shirt-green-rendez-vous-store\/","og_locale":"fr_FR","og_type":"article","og_title":"Ts(s) - Round Flap Pocket Baggy Shirt Green - Rendez-Vous Store","og_description":"Ts(s) is on Rendez-Vous Store. This Ts(s) Round Flap Pocket Baggy Shirt Green represents blends contemporary style with exceptional comfort.","og_url":"https:\/\/rendez-vous-store.com\/fr\/shop\/summer-sale-2024\/summer-sale-2024-men\/summer-sale-men-shirt\/tss-round-flap-pocket-baggy-shirt-green-rendez-vous-store\/","og_site_name":"RENDEZ-VOUS STORE","article_modified_time":"2026-03-16T15:33:16+00:00","og_image":[{"width":1696,"height":2560,"url":"https:\/\/rendez-vous-store.com\/wp-content\/uploads\/2023\/12\/rdv_tss_01-scaled.webp","type":"image\/webp"}],"twitter_card":"summary_large_image","twitter_misc":{"Est. reading time":"2 minutes"},"schema":{"@context":"https:\/\/schema.org","@graph":[{"@type":"WebPage","@id":"https:\/\/rendez-vous-store.com\/shop\/summer-sale-2024\/summer-sale-2024-men\/summer-sale-men-shirt\/tss-round-flap-pocket-baggy-shirt-green-rendez-vous-store\/","url":"https:\/\/rendez-vous-store.com\/shop\/summer-sale-2024\/summer-sale-2024-men\/summer-sale-men-shirt\/tss-round-flap-pocket-baggy-shirt-green-rendez-vous-store\/","name":"Ts(s) - Round Flap Pocket Baggy Shirt Green - Rendez-Vous Store","isPartOf":{"@id":"https:\/\/rendez-vous-store.com\/#website"},"primaryImageOfPage":{"@id":"https:\/\/rendez-vous-store.com\/shop\/summer-sale-2024\/summer-sale-2024-men\/summer-sale-men-shirt\/tss-round-flap-pocket-baggy-shirt-green-rendez-vous-store\/#primaryimage"},"image":{"@id":"https:\/\/rendez-vous-store.com\/shop\/summer-sale-2024\/summer-sale-2024-men\/summer-sale-men-shirt\/tss-round-flap-pocket-baggy-shirt-green-rendez-vous-store\/#primaryimage"},"thumbnailUrl":"https:\/\/rendez-vous-store.com\/app\/uploads\/2023\/12\/rdv_tss_01-scaled.webp","datePublished":"2023-12-14T16:35:01+00:00","dateModified":"2026-03-16T15:33:16+00:00","description":"Ts(s) is on Rendez-Vous Store. This Ts(s) Round Flap Pocket Baggy Shirt Green represents blends contemporary style with exceptional comfort.","breadcrumb":{"@id":"https:\/\/rendez-vous-store.com\/shop\/summer-sale-2024\/summer-sale-2024-men\/summer-sale-men-shirt\/tss-round-flap-pocket-baggy-shirt-green-rendez-vous-store\/#breadcrumb"},"inLanguage":"fr-FR","potentialAction":[{"@type":"ReadAction","target":["https:\/\/rendez-vous-store.com\/shop\/summer-sale-2024\/summer-sale-2024-men\/summer-sale-men-shirt\/tss-round-flap-pocket-baggy-shirt-green-rendez-vous-store\/"]}]},{"@type":"ImageObject","inLanguage":"fr-FR","@id":"https:\/\/rendez-vous-store.com\/shop\/summer-sale-2024\/summer-sale-2024-men\/summer-sale-men-shirt\/tss-round-flap-pocket-baggy-shirt-green-rendez-vous-store\/#primaryimage","url":"https:\/\/rendez-vous-store.com\/app\/uploads\/2023\/12\/rdv_tss_01-scaled.webp","contentUrl":"https:\/\/rendez-vous-store.com\/app\/uploads\/2023\/12\/rdv_tss_01-scaled.webp","width":1696,"height":2560,"caption":"Ts(s) - Round Flap Pocket Baggy Shirt YT49XS06 - Green"},{"@type":"BreadcrumbList","@id":"https:\/\/rendez-vous-store.com\/shop\/summer-sale-2024\/summer-sale-2024-men\/summer-sale-men-shirt\/tss-round-flap-pocket-baggy-shirt-green-rendez-vous-store\/#breadcrumb","itemListElement":[{"@type":"ListItem","position":1,"name":"Home","item":"https:\/\/rendez-vous-store.com\/"},{"@type":"ListItem","position":2,"name":"Shop","item":"https:\/\/www.rendez-vous-store.com\/shop\/"},{"@type":"ListItem","position":3,"name":"Ts(s) &#8211; Round Flap Pocket Baggy Shirt YT49XS06 &#8211; Green"}]},{"@type":"WebSite","@id":"https:\/\/rendez-vous-store.com\/#website","url":"https:\/\/rendez-vous-store.com\/","name":"RENDEZ-VOUS STORE","description":"Slow Fashion for Women and Men","potentialAction":[{"@type":"SearchAction","target":{"@type":"EntryPoint","urlTemplate":"https:\/\/rendez-vous-store.com\/?s={search_term_string}"},"query-input":{"@type":"PropertyValueSpecification","valueRequired":true,"valueName":"search_term_string"}}],"inLanguage":"fr-FR"}]}},"_links":{"self":[{"href":"https:\/\/rendez-vous-store.com\/fr\/wp-json\/wp\/v2\/product\/145470","targetHints":{"allow":["GET"]}}],"collection":[{"href":"https:\/\/rendez-vous-store.com\/fr\/wp-json\/wp\/v2\/product"}],"about":[{"href":"https:\/\/rendez-vous-store.com\/fr\/wp-json\/wp\/v2\/types\/product"}],"wp:featuredmedia":[{"embeddable":true,"href":"https:\/\/rendez-vous-store.com\/fr\/wp-json\/wp\/v2\/media\/146377"}],"wp:attachment":[{"href":"https:\/\/rendez-vous-store.com\/fr\/wp-json\/wp\/v2\/media?parent=145470"}],"wp:term":[{"taxonomy":"product_brand","embeddable":true,"href":"https:\/\/rendez-vous-store.com\/fr\/wp-json\/wp\/v2\/product_brand?post=145470"},{"taxonomy":"product_cat","embeddable":true,"href":"https:\/\/rendez-vous-store.com\/fr\/wp-json\/wp\/v2\/product_cat?post=145470"},{"taxonomy":"product_tag","embeddable":true,"href":"https:\/\/rendez-vous-store.com\/fr\/wp-json\/wp\/v2\/product_tag?post=145470"}],"curies":[{"name":"wp","href":"https:\/\/api.w.org\/{rel}","templated":true}]}}